{"id":5645,"date":"2020-06-18T03:12:46","date_gmt":"2020-06-18T08:12:46","guid":{"rendered":"https:\/\/www.blackjackinfo.com\/?page_id=5645"},"modified":"2020-06-18T03:12:46","modified_gmt":"2020-06-18T08:12:46","slug":"ist-online-blackjack-manipuliert","status":"publish","type":"page","link":"https:\/\/www.blackjackinfo.com\/de\/online-blackjack\/is-online-blackjack-rigged\/","title":{"rendered":"Ist Online Blackjack manipuliert?"},"content":{"rendered":"<p>Dies ist eine der Fragen, die sich viele Blackjack-Spieler stellen. Sie steht im Zusammenhang mit dem seit langem bestehenden Problem, ob Online-Casinos manipuliert sind oder nicht. Wir k\u00f6nnen Ihnen eine schnelle Antwort geben - Online-Blackjack ist normalerweise nicht manipuliert, aber es kann sein.<\/p>\n<p>Da dies keine Frage ist, die wir einfach so beantworten k\u00f6nnen, m\u00fcssen wir noch n\u00e4her darauf eingehen, was das genau bedeutet. Bleiben Sie dran, wenn Sie erfahren wollen, warum Online-Blackjack normalerweise nicht manipuliert wird, und wie es sein kann. Schauen wir uns das mal an.<\/p>\n<h2>Sind Online-Casinos manipuliert?<\/h2>\n<p>Bevor wir erkl\u00e4ren, was Online-Blackjack ist und ob Sie sich Sorgen machen m\u00fcssen, dass es manipuliert wird, m\u00fcssen wir \u00fcber die Orte sprechen, an denen man Online-Blackjack spielen kann - Online-Casinos.<\/p>\n<p>Um ehrlich zu sein, k\u00f6nnen Online-Casinos immer sehr leicht manipuliert werden. Das bedeutet jedoch nicht, dass sie es sind. Was mehr ist, die \u00fcberw\u00e4ltigende Mehrheit von ihnen sind es nicht. Und das Wichtigste, was man hier verstehen muss, ist, dass es Dinge gibt, die sicherstellen, dass Online-Casinos und die von ihnen angebotenen Spiele nicht manipuliert sind.<\/p>\n<p>Zun\u00e4chst einmal wollen die Entwickler von Qualit\u00e4ts-Casinospielen nicht mit manipulierten Spielen und Casinos in Verbindung gebracht werden. Deshalb stellen sie auch keine Spiele her, die manipuliert sind, einschlie\u00dflich Blackjack. Jeder gute Entwickler entwickelt Casinospiele mit eingebetteten Zufallsgeneratoren, um sicherzustellen, dass das, was in den Spielen passiert, v\u00f6llig zuf\u00e4llig ist.<\/p>\n<p>Nat\u00fcrlich sind alle Casinospiele so konzipiert, dass sie das Casino leicht beg\u00fcnstigen, damit die Website einen Gewinn erzielen kann. Dieser Casinovorteil ist jedoch immer sehr klein, und egal wie gro\u00df er ist, bedeutet das nicht, dass Sie in einem einzelnen Spiel nicht viel gewinnen k\u00f6nnen.<\/p>\n<p>Abgesehen von den Vorkehrungen, die von den Softwareentwicklern selbst getroffen werden, unterliegt jedes Online-Casino den Gesetzen des Landes, in dem es t\u00e4tig ist. Auch wenn es sich um ein internationales Casino handelt, unterliegt es den Regeln, die das faire Spiel und die Sicherheit der Spieler gew\u00e4hrleisten.<\/p>\n<p>Dar\u00fcber hinaus verf\u00fcgt jedes Casino, das nachweislich fair ist, \u00fcber die entsprechenden Lizenzen. Die besten Lizenzen in der Welt der Online-Gl\u00fccksspiele werden von der Malta Gaming Authority (MGA) und der United Kingdom Gambling Commission (UKGC) vergeben. Wenn ein Casino also eine dieser Lizenzen hat, k\u00f6nnen Sie sicher sein, dass es fair ist und nicht mehr manipuliert wird als das Leben selbst!<\/p>\n<p>Es ist wichtig zu erw\u00e4hnen, dass viele Online-Casinos unabh\u00e4ngige Pr\u00fcfer zulassen, die von Zeit zu Zeit ihr Niveau an Fairness und Ehrlichkeit \u00fcberpr\u00fcfen.<\/p>\n<h2>Warum und wie kann Online Blackjack manipuliert werden?<\/h2>\n<p>Spieler sind sehr misstrauisch gegen\u00fcber Online-Gl\u00fccksspielen, und sie haben auch allen Grund dazu. Es ist leicht zu glauben, dass das Spiel manipuliert ist, denn ein Online-Casino kann ein Blackjack-Spiel leicht manipulieren. Das Casino kontrolliert die Software und kann somit den Spielverlauf steuern. Au\u00dferdem kann das Casino bei der Art und Weise, wie Blackjack funktioniert, die Gewinnchancen leicht zu seinen Gunsten ver\u00e4ndern, ohne dass es jemand merkt.<\/p>\n<p>Aus diesen Gr\u00fcnden ist es verst\u00e4ndlich, dass Sie sich Sorgen machen, dass das Online-Blackjack-Spiel, das Sie spielen, manipuliert ist. Was noch schlimmer ist: Es ist nicht so, dass so etwas nicht schon einmal passiert w\u00e4re. Da ist zum Beispiel der ber\u00fcchtigte Potripper-Skandal, bei dem der Besitzer der Website die M\u00f6glichkeit hatte, die Karten der Spieler einzusehen.<\/p>\n<p>Solche F\u00e4lle sind zwar selten, aber nicht ungew\u00f6hnlich. Beim Blackjack gibt es viele M\u00f6glichkeiten, wie ein Casino das Spiel manipulieren kann. Die h\u00e4ufigste Methode, die ein schlechtes Casino anwenden k\u00f6nnte, ist das vollst\u00e4ndige Entfernen der Asse oder Bildkarten. Man k\u00f6nnte meinen, dass dies leicht zu bemerken ist, aber Tatsache ist, dass bei den meisten Blackjack-Spielen weniger als 50% der verf\u00fcgbaren Karten pro Spiel verwendet werden, so dass es wahrscheinlich niemandem auffallen w\u00fcrde.<\/p>\n<p>Es gibt noch andere Methoden, um ein Online-Blackjack-Spiel zu manipulieren, aber die meisten Casinos setzen sie nicht ein. Das liegt vor allem an den Gr\u00fcnden, die wir bereits erl\u00e4utert haben, und an den Regeln, die sie daran hindern, Spiele zu manipulieren. Die meisten Online-Casinos wollen jedoch nicht einmal ihre Spiele manipulieren. Das ist es einfach nicht wert. Wenn jemand herausfindet, dass ein Blackjack-Spiel manipuliert wurde, k\u00f6nnte der daraus resultierende schlechte Ruf das Casino leicht ruinieren.<\/p>\n<p>Ehrlich gesagt, w\u00fcrde nur ein sehr dummer Kasinobesitzer Blackjack manipulieren wollen, da die potenziellen Gewinne sehr gering sind, w\u00e4hrend die Risiken enorm hoch sind.<\/p>\n<h2>Wie kann ich wissen, ob mein Online-Blackjack-Spiel gef\u00e4lscht ist?<\/h2>\n<p>Um herauszufinden, ob Ihr Online-Blackjack-Spiel manipuliert ist, kommt es immer auf die Vertrauensw\u00fcrdigkeit der Plattform an, auf der Sie das Spiel spielen. Solange die Plattform selbst fair und seri\u00f6s ist, ist die Wahrscheinlichkeit, dass das Blackjack-Spiel manipuliert wird, sehr gering.<\/p>\n<p>Eines der wichtigsten Dinge, die Sie \u00fcberpr\u00fcfen sollten, ist, ob das Casino eine Lizenz von einer der besprochenen Organisationen (MGA und UKGC) oder von einer anderen anerkannten Agentur besitzt. Stellen Sie au\u00dferdem sicher, dass das Blackjack-Spiel von einem seri\u00f6sen und beliebten Software-Entwickler wie Microgaming, Playtech, Evolution Gaming, NetEnt usw. stammt.<\/p>\n<p>Wenn es um das Spiel selbst geht, k\u00f6nnen Sie auch Live-Dealer-Blackjack-Spiele spielen. Live-Spiele sind leichter zu verfolgen, und m\u00f6gliche Probleme sind weniger wahrscheinlich und leichter zu erkennen. Das bedeutet jedoch nicht, dass Sie keine regul\u00e4ren Blackjack-Spiele online spielen sollten. Die besten Blackjack-Spiele arbeiten mit Algorithmen, bei denen die Karten v\u00f6llig zuf\u00e4llig gemischt werden. Und solange das Casino gut ist, ist die Wahrscheinlichkeit, dass das Spiel manipuliert wird, praktisch nicht vorhanden.<\/p>\n<p>Wenn Sie anfangen, h\u00e4ufig zu verlieren, sollten Sie Ihre Spielweise genau unter die Lupe nehmen. Leider hat der wahrscheinlichste Grund f\u00fcr Ihre st\u00e4ndigen Verluste etwas mit Ihnen zu tun, nicht mit dem Spiel selbst.<\/p>\n<p>Die meisten Spieler neigen dazu, dem Spiel die Schuld f\u00fcr ihre Verluste zu geben, anstatt ihre Spielmethoden und Strategien zu \u00fcberpr\u00fcfen. Wenn Spieler das Casino beschuldigen, ihr Blackjack-Spiel sei manipuliert, dann tun sie das in den meisten F\u00e4llen, weil es ihnen nicht in den Sinn kommt, dass sie etwas falsch gemacht haben. Es ist also wichtig, auch diesen Aspekt zu ber\u00fccksichtigen, wenn Sie sich mit der Fairness des Spiels befassen.<\/p>\n<h2>Die Quintessenz<\/h2>\n<p>Alles in allem ist Online-Blackjack fast nie manipuliert, obwohl es das sein kann. Die meisten Casinos, in denen Sie das Spiel spielen, sind seri\u00f6s und fair, also sind ihre Blackjack-Spiele h\u00f6chstwahrscheinlich auch fair.<\/p>\n<p>Hinzu kommt, dass ein Blackjack-Spiel zwar auf verschiedene Arten manipuliert werden kann, es f\u00fcr ein Casino aber keinen Sinn und keine Notwendigkeit gibt, dies zu tun. Die Belohnungen sind gering und die Risiken sind hoch, so dass Sie sicher sein k\u00f6nnen, dass ein Online-Casino niemals ein Blackjack-Spiel manipulieren m\u00fcsste.<\/p>\n<p>Sie k\u00f6nnen sich also entspannen und in Ihrem bevorzugten, seri\u00f6sen Online-Casino Online-Blackjack spielen, ohne sich Sorgen machen zu m\u00fcssen, dass es manipuliert ist.<\/p>\n<h2>Verwandte Artikel<\/h2>\n<ul>\n<li><a href=\"https:\/\/www.blackjackinfo.com\/are-online-casinos-rigged\/\">Sind Online-Casinos manipuliert?<\/a><\/li>\n<li><a href=\"https:\/\/www.blackjackinfo.com\/us\/\">US-Online-Kasinos<\/a><\/li>\n<li><a href=\"https:\/\/www.blackjackinfo.com\/us\/us-offshore-online-casinos\/\">US Offshore Casinos erkl\u00e4rt<\/a><\/li>\n<\/ul>","protected":false},"excerpt":{"rendered":"<p>This is one of those questions many blackjack players have. It ties into the age-long problem of whether or not online casinos are rigged. We can give you a quick answer \u2014 online blackjack is usually not rigged, but it can be. As this is not a question that we can merely answer and be [&hellip;]<\/p>\n","protected":false},"author":4,"featured_media":0,"parent":1928,"menu_order":0,"comment_status":"closed","ping_status":"closed","template":"","meta":{"_acf_changed":false,"footnotes":""},"tags":[],"class_list":["post-5645","page","type-page","status-publish","hentry"],"acf":[],"yoast_head":"<!-- This site is optimized with the Yoast SEO plugin v26.6 - https:\/\/yoast.com\/wordpress\/plugins\/seo\/ -->\n<title>Is Online Blackjack Rigged?<\/title>\n<meta name=\"description\" content=\"This is one of those questions many blackjack players have. It ties into the age-long problem of whether or not online casinos are rigged. We can give you\" \/>\n<meta name=\"robots\" content=\"index, follow, max-snippet:-1, max-image-preview:large, max-video-preview:-1\" \/>\n<link rel=\"canonical\" href=\"https:\/\/www.blackjackinfo.com\/de\/online-blackjack\/ist-online-blackjack-manipuliert\/\" \/>\n<meta property=\"og:locale\" content=\"de_DE\" \/>\n<meta property=\"og:type\" content=\"article\" \/>\n<meta property=\"og:title\" content=\"Is Online Blackjack Rigged?\" \/>\n<meta property=\"og:description\" content=\"This is one of those questions many blackjack players have. It ties into the age-long problem of whether or not online casinos are rigged. We can give you\" \/>\n<meta property=\"og:url\" content=\"https:\/\/www.blackjackinfo.com\/de\/online-blackjack\/ist-online-blackjack-manipuliert\/\" \/>\n<meta property=\"og:site_name\" content=\"BlackjackInfo.com\" \/>\n<meta name=\"twitter:label1\" content=\"Gesch\u00e4tzte Lesezeit\" \/>\n\t<meta name=\"twitter:data1\" content=\"6\u00a0Minuten\" \/>\n<script type=\"application\/ld+json\" class=\"yoast-schema-graph\">{\"@context\":\"https:\/\/schema.org\",\"@graph\":[{\"@type\":\"WebPage\",\"@id\":\"https:\/\/www.blackjackinfo.com\/online-blackjack\/is-online-blackjack-rigged\/\",\"url\":\"https:\/\/www.blackjackinfo.com\/online-blackjack\/is-online-blackjack-rigged\/\",\"name\":\"Is Online Blackjack Rigged?\",\"isPartOf\":{\"@id\":\"https:\/\/www.blackjackinfo.com\/#website\"},\"datePublished\":\"2020-06-18T08:12:46+00:00\",\"description\":\"This is one of those questions many blackjack players have. It ties into the age-long problem of whether or not online casinos are rigged. We can give you\",\"breadcrumb\":{\"@id\":\"https:\/\/www.blackjackinfo.com\/online-blackjack\/is-online-blackjack-rigged\/#breadcrumb\"},\"inLanguage\":\"de\",\"potentialAction\":[{\"@type\":\"ReadAction\",\"target\":[\"https:\/\/www.blackjackinfo.com\/online-blackjack\/is-online-blackjack-rigged\/\"]}]},{\"@type\":\"BreadcrumbList\",\"@id\":\"https:\/\/www.blackjackinfo.com\/online-blackjack\/is-online-blackjack-rigged\/#breadcrumb\",\"itemListElement\":[{\"@type\":\"ListItem\",\"position\":1,\"name\":\"Home\",\"item\":\"https:\/\/www.blackjackinfo.com\/\"},{\"@type\":\"ListItem\",\"position\":2,\"name\":\"Online Blackjack for Real Money\",\"item\":\"https:\/\/www.blackjackinfo.com\/online-blackjack\/\"},{\"@type\":\"ListItem\",\"position\":3,\"name\":\"Is Online Blackjack Rigged?\"}]},{\"@type\":\"WebSite\",\"@id\":\"https:\/\/www.blackjackinfo.com\/#website\",\"url\":\"https:\/\/www.blackjackinfo.com\/\",\"name\":\"BlackjackInfo.com\",\"description\":\"Because Winning is More Fun!\",\"potentialAction\":[{\"@type\":\"SearchAction\",\"target\":{\"@type\":\"EntryPoint\",\"urlTemplate\":\"https:\/\/www.blackjackinfo.com\/?s={search_term_string}\"},\"query-input\":{\"@type\":\"PropertyValueSpecification\",\"valueRequired\":true,\"valueName\":\"search_term_string\"}}],\"inLanguage\":\"de\"}]}<\/script>\n<!-- \/ Yoast SEO plugin. -->","yoast_head_json":{"title":"Ist Online Blackjack manipuliert?","description":"Dies ist eine der Fragen, die sich viele Blackjack-Spieler stellen. Sie steht im Zusammenhang mit dem seit langem bestehenden Problem, ob Online-Casinos manipuliert sind oder nicht. Wir k\u00f6nnen Ihnen","robots":{"index":"index","follow":"follow","max-snippet":"max-snippet:-1","max-image-preview":"max-image-preview:large","max-video-preview":"max-video-preview:-1"},"canonical":"https:\/\/www.blackjackinfo.com\/de\/online-blackjack\/ist-online-blackjack-manipuliert\/","og_locale":"de_DE","og_type":"article","og_title":"Is Online Blackjack Rigged?","og_description":"This is one of those questions many blackjack players have. It ties into the age-long problem of whether or not online casinos are rigged. We can give you","og_url":"https:\/\/www.blackjackinfo.com\/de\/online-blackjack\/ist-online-blackjack-manipuliert\/","og_site_name":"BlackjackInfo.com","twitter_misc":{"Gesch\u00e4tzte Lesezeit":"6\u00a0Minuten"},"schema":{"@context":"https:\/\/schema.org","@graph":[{"@type":"WebPage","@id":"https:\/\/www.blackjackinfo.com\/online-blackjack\/is-online-blackjack-rigged\/","url":"https:\/\/www.blackjackinfo.com\/online-blackjack\/is-online-blackjack-rigged\/","name":"Ist Online Blackjack manipuliert?","isPartOf":{"@id":"https:\/\/www.blackjackinfo.com\/#website"},"datePublished":"2020-06-18T08:12:46+00:00","description":"Dies ist eine der Fragen, die sich viele Blackjack-Spieler stellen. Sie steht im Zusammenhang mit dem seit langem bestehenden Problem, ob Online-Casinos manipuliert sind oder nicht. Wir k\u00f6nnen Ihnen","breadcrumb":{"@id":"https:\/\/www.blackjackinfo.com\/online-blackjack\/is-online-blackjack-rigged\/#breadcrumb"},"inLanguage":"de","potentialAction":[{"@type":"ReadAction","target":["https:\/\/www.blackjackinfo.com\/online-blackjack\/is-online-blackjack-rigged\/"]}]},{"@type":"BreadcrumbList","@id":"https:\/\/www.blackjackinfo.com\/online-blackjack\/is-online-blackjack-rigged\/#breadcrumb","itemListElement":[{"@type":"ListItem","position":1,"name":"Home","item":"https:\/\/www.blackjackinfo.com\/"},{"@type":"ListItem","position":2,"name":"Online Blackjack for Real Money","item":"https:\/\/www.blackjackinfo.com\/online-blackjack\/"},{"@type":"ListItem","position":3,"name":"Is Online Blackjack Rigged?"}]},{"@type":"WebSite","@id":"https:\/\/www.blackjackinfo.com\/#website","url":"https:\/\/www.blackjackinfo.com\/","name":"BlackjackInfo.de","description":"Denn Gewinnen macht mehr Spa\u00df!","potentialAction":[{"@type":"SearchAction","target":{"@type":"EntryPoint","urlTemplate":"https:\/\/www.blackjackinfo.com\/?s={search_term_string}"},"query-input":{"@type":"PropertyValueSpecification","valueRequired":true,"valueName":"search_term_string"}}],"inLanguage":"de"}]}},"_links":{"self":[{"href":"https:\/\/www.blackjackinfo.com\/de\/wp-json\/wp\/v2\/pages\/5645","targetHints":{"allow":["GET"]}}],"collection":[{"href":"https:\/\/www.blackjackinfo.com\/de\/wp-json\/wp\/v2\/pages"}],"about":[{"href":"https:\/\/www.blackjackinfo.com\/de\/wp-json\/wp\/v2\/types\/page"}],"author":[{"embeddable":true,"href":"https:\/\/www.blackjackinfo.com\/de\/wp-json\/wp\/v2\/users\/4"}],"replies":[{"embeddable":true,"href":"https:\/\/www.blackjackinfo.com\/de\/wp-json\/wp\/v2\/comments?post=5645"}],"version-history":[{"count":1,"href":"https:\/\/www.blackjackinfo.com\/de\/wp-json\/wp\/v2\/pages\/5645\/revisions"}],"predecessor-version":[{"id":5646,"href":"https:\/\/www.blackjackinfo.com\/de\/wp-json\/wp\/v2\/pages\/5645\/revisions\/5646"}],"up":[{"embeddable":true,"href":"https:\/\/www.blackjackinfo.com\/de\/wp-json\/wp\/v2\/pages\/1928"}],"wp:attachment":[{"href":"https:\/\/www.blackjackinfo.com\/de\/wp-json\/wp\/v2\/media?parent=5645"}],"wp:term":[{"taxonomy":"post_tag","embeddable":true,"href":"https:\/\/www.blackjackinfo.com\/de\/wp-json\/wp\/v2\/tags?post=5645"}],"curies":[{"name":"wp","href":"https:\/\/api.w.org\/{rel}","templated":true}]}}