{"id":5712,"date":"2020-07-01T00:20:33","date_gmt":"2020-07-01T05:20:33","guid":{"rendered":"https:\/\/www.blackjackinfo.com\/?page_id=5712"},"modified":"2024-07-04T20:38:56","modified_gmt":"2024-07-05T01:38:56","slug":"pennsylvania-online-kasinos","status":"publish","type":"page","link":"https:\/\/www.blackjackinfo.com\/de\/us\/pennsylvania-online-casinos\/","title":{"rendered":"Pennsylvania Online-Kasinos"},"content":{"rendered":"<p>Pennsylvania war anderen schon immer einen Schritt voraus, auch wenn es um Gl\u00fccksspiele ging. Die erste Art von Gl\u00fccksspiel, die 1959 legalisiert wurde, waren Pferderennen. Dann kam 1972 die staatliche Lotterie, 1988 das Bingo und 2004 das Kasino, gleich nach der Gr\u00fcndung des Pennsylvania Gaming Control Board.<\/p>\n<p>Heute gilt das Gl\u00fccksspiel als Mittel zur Ankurbelung der Wirtschaft, zur Verbesserung des Finanzdefizits des Staates und zur Schaffung von Arbeitspl\u00e4tzen f\u00fcr mehr Menschen. Pennsylvania ist einer der ersten Staaten, der fast alle Formen des Gl\u00fccksspiels legalisiert hat - die einzigen Gl\u00fccksspiele, die im Keystone State noch illegal sind, sind Wetten auf Windhundrennen und Live-Dealer-Casinospiele.<\/p>\n<p>Lesen Sie unseren Bericht, um mehr \u00fcber die aktuelle Rechtslage in Bezug auf Online-Casinos in Pennsylvania zu erfahren.<\/p>\n<h2>Ist Online-Gl\u00fccksspiel in Pennsylvania legal?<\/h2>\n<p>Gl\u00fccksspiele gibt es im Bundesstaat Keystone schon seit geraumer Zeit. Die Einwohner Pennsylvanias k\u00f6nnen seit mehr als einem Jahrzehnt an allen Arten von Gl\u00fccksspielen teilnehmen, und jetzt haben sie die M\u00f6glichkeit, das Angebot verschiedener Online-Gl\u00fccksspielplattformen zu nutzen.<\/p>\n<p>Am 26. Oktober 2017 unterzeichnete Gouverneur Tom Wolf den Gesetzentwurf H 271, der Online-Gl\u00fccksspiele im Bundesstaat Pennsylvania legalisiert. Hier ist, was das Gesetz eingef\u00fchrt:<\/p>\n<ul>\n<li>Online-Casinos (Tischspiele und Spielautomaten)<\/li>\n<li>Online-Poker<\/li>\n<li>T\u00e4glicher Fantasiesport<\/li>\n<li>Online-Lotterie<\/li>\n<li>Video-Gl\u00fccksspiel-Terminals an einigen Truckstops<\/li>\n<li>Tablet-Spiele in mehreren Flugh\u00e4fen<\/li>\n<li>Mini-Kasinos<\/li>\n<\/ul>\n<p>Dar\u00fcber hinaus sah der Gesetzentwurf eine Regulierung von Sportwetten vor, sowohl im Einzelhandel als auch online, f\u00fcr den Fall, dass diese auf Bundesebene legal werden sollten. Nach der Verabschiedung des Gesetzentwurfs H 271 durch den Senat und der Einf\u00fchrung in das Gesetz erhielt der Staat Pennsylvania die Erlaubnis, die oben genannten Aktivit\u00e4ten zu legalisieren und zu regulieren.<\/p>\n<p>Das Gesetz besagt, dass Echtgeld-Casino-Plattformen nur in Zusammenarbeit mit bestehenden landgest\u00fctzten Casinos betrieben werden d\u00fcrfen. Alle legalen Online-Casino-Websites werden von der PGCB (Pennsylvania Gaming Control Board) genehmigt, \u00fcberpr\u00fcft und beaufsichtigt.<\/p>\n<p>Im Jahr 2018, nachdem das PASPA (Professional and Amateur Sports Protection Act) vom Obersten Gerichtshof f\u00fcr verfassungswidrig erkl\u00e4rt worden war, hat Pennsylvania Sportwetten legalisiert.<\/p>\n<p>Derzeit gibt es drei Arten von Online-Gl\u00fccksspiellizenzen, die der Staat Pennsylvania vergibt:<\/p>\n<ul>\n<li>Spielautomaten<\/li>\n<li>Tischspiele mit Hausbankfunktion<\/li>\n<li>Peer-to-Peer-Spiele und Pokern<\/li>\n<\/ul>\n<h2>Online-Kasino-Plattformen in Pennsylvania<\/h2>\n<p>Zum Zeitpunkt des Verfassens dieses Artikels gibt es zehn Online-Casinos, die verschiedene Gl\u00fccksspiele f\u00fcr PA-Spieler anbieten:<\/p>\n<ul>\n<li>Bally Kasino<\/li>\n<li>BetMGM Kasino<\/li>\n<li>BetParx Kasino<\/li>\n<li>BetRivers Kasino<\/li>\n<li>Betway Kasino<\/li>\n<li>Borgata Kasino<\/li>\n<li>Caesars Sportwetten &amp; Casino<\/li>\n<li>Caesarslace Online Kasino<\/li>\n<li>DraftKings Kasino<\/li>\n<li>FanDuel Kasino<\/li>\n<li>Golden Nugget Kasino<\/li>\n<li>Hollywood Spielbank<\/li>\n<li>PlayLive! Kasino<\/li>\n<li>SpielenSugarHouse Casino<\/li>\n<li>PointsBet Kasino<\/li>\n<li>PokerStars Kasino<\/li>\n<li>Stardust Kasino<\/li>\n<li>Tropicana Kasino<\/li>\n<li>Unibet Kasino<\/li>\n<li>Wind Creek Kasino<\/li>\n<\/ul>\n<p>Jede dieser Plattformen verf\u00fcgt \u00fcber eine Betriebslizenz und hat sich mit einem lokalen station\u00e4ren Casino zusammengeschlossen. Jedes Casino verf\u00fcgt \u00fcber eine breite Palette von Online-Slots sowie Tisch- und Kartenspielen. Dar\u00fcber hinaus bieten sie verlockende Willkommensangebote f\u00fcr alle neuen Spieler, die sich anmelden m\u00f6chten.<\/p>\n<p>Derzeit ist die einzige Form von Casinospielen, die f\u00fcr PA-Spieler nicht verf\u00fcgbar ist, das Live-Dealer-Casino. Da der Staat jedoch seine Gesetze und Vorschriften regelm\u00e4\u00dfig anpasst, k\u00f6nnte diese Art von Gl\u00fccksspiel bald legalisiert werden.<\/p>\n<h2>Welche anderen Arten von Online-Gl\u00fccksspielen sind in Pennsylvania legal?<\/h2>\n<p>Pennsylvania war der vierte und gr\u00f6\u00dfte Staat, der das Online-Gl\u00fccksspiel legalisierte. Online-Casinos waren die ersten, die sich um die Gl\u00fccksspiellizenzen bem\u00fchten. Danach f\u00fchrte der Keystone State Online-Sportwetten in das Gesetz ein. Bald darauf wurde auch Online-Poker zu einer legalen Gl\u00fccksspielaktivit\u00e4t.<\/p>\n<p>Derzeit haben Spieler aus PA die M\u00f6glichkeit, eine gro\u00dfe Auswahl an Sportwetten bei erstklassigen Online-Sportwetten zu platzieren - FanDuel, DraftKings Sportsbook, BetRivers, FoxBet. Wettende k\u00f6nnen Wetten auf Sport und Sportereignisse wie die NLF, NBA, MLB, Hockey, Pferderennen, Golf, Tennis, etc. platzieren.<\/p>\n<p>Der letzte, der sich der Party anschloss, war Online-Poker. Im Moment ist die einzige lizenzierte Pokerplattform, die im Staat Pennsylvania t\u00e4tig ist, PokerStars. Zwei weitere Poker-Websites sollen jedoch bald in Pennsylvania an den Start gehen - Party Poker und WSOP.com\/888.<\/p>\n<h2>Online Blackjack-Grundlagen<\/h2>\n<p>Das Ziel von Blackjack ist ganz einfach: Die Spieler m\u00fcssen so nah wie m\u00f6glich an die 21 herankommen, ohne zu scheitern (zu viel zu haben), und eine h\u00f6here Handsumme als der Dealer haben. Wenn Sie \u00fcber 21 gehen, verlieren Sie das Spiel, und das Gleiche gilt f\u00fcr den Dealer.<\/p>\n<h3>Handwerte<\/h3>\n<p>Bevor Sie mit dem Spielen beginnen, sollten Sie unbedingt verstehen, was den Wert Ihres Blattes bestimmt. Jede Karte hat einen bestimmten Wert, der von ihrem Rang abh\u00e4ngt. So haben beispielsweise die nummerierten Karten (2-10) den gleichen Wert wie ihr Rang, und es gibt 36 von ihnen im Deck. Die Bildkarten (Bube, Dame und K\u00f6nig) z\u00e4hlen dagegen als 10. Asse sind flexibel, denn sie k\u00f6nnen als 1 oder 11 gewertet werden, je nachdem, was Sie n\u00e4her an 21 bringt.<\/p>\n<p>Ihr Blackjack-Blatt besteht aus der Summe dieser Werte. Wenn Sie das Gl\u00fcck haben, 10 und 11 als Anfangskarten zu erhalten, haben Sie einen Blackjack oder ein Natural. Damit gewinnen Sie automatisch und erhalten eine Auszahlung von 3:2. Gewinnen Sie mit einer anderen Handsumme, erhalten Sie den gleichen Betrag.<\/p>\n<h3>Spielverlauf<\/h3>\n<p>Jeder Spieler erh\u00e4lt zwei aufgedeckte Karten, wenn er an einem Online-Blackjack-Tisch Platz nimmt. In der Zwischenzeit nimmt der Dealer eine offene und eine verdeckte Karte. Danach m\u00fcssen Sie sich f\u00fcr einen der folgenden Z\u00fcge entscheiden:<\/p>\n<ul>\n<li><strong>Hit<\/strong> - Nimm eine weitere Karte vom Stapel.<\/li>\n<li><strong>Stand<\/strong> - Keine weiteren Karten auf die Hand nehmen\/hinzuf\u00fcgen.<\/li>\n<li><strong>Doppelter Einsatz<\/strong> - Sie verdoppeln Ihren Einsatz, bevor der Geber Ihnen eine weitere Karte gibt, und haben so die Chance, in einem einzigen Durchgang mehr Geld zu verdienen.<\/li>\n<li><strong>Teilen<\/strong> - Wenn Sie zwei Karten mit identischen Werten erhalten (z. B. zwei 7er), k\u00f6nnen Sie diese in zwei separate Bl\u00e4tter aufteilen und erhalten zwei weitere Karten. Dann k\u00f6nnen Sie mit jeder Hand weiter schlagen oder verdoppeln. Die gute Nachricht ist, dass Sie mit der anderen Hand weiterspielen k\u00f6nnen, selbst wenn eine Hand pleite geht.<\/li>\n<li><strong>Aufgeben<\/strong> - Wenn Sie ein schlechtes Blatt erhalten, entscheiden Sie sich daf\u00fcr, aufzugeben, anstatt zu schlagen oder zu stehen. Dadurch werden Ihnen 50% Ihres urspr\u00fcnglichen Einsatzes abgezogen, aber zumindest verlieren Sie nicht alles.<\/li>\n<li><strong>Versicherung<\/strong> <strong>(Nebenwetten)<\/strong> - Sie k\u00f6nnen eine Versicherungswette platzieren, wenn die Karte des Dealers ein Ass ist, wenn Sie glauben, dass seine andere verdeckte Karte einen Wert von 10 Punkten hat.<\/li>\n<\/ul>\n<h2>Vorteile des Online Blackjack-Spiels in Pennsylvania<\/h2>\n<p>Online-Blackjack bietet mehrere gro\u00dfe Vorteile, die von keinem landbasierten Casino in Pennsylvania erreicht werden. Lassen Sie uns diese auspacken und sehen, warum es Ihre Zeit wert ist.<\/p>\n<ul>\n<li><strong>Bequemlichkeit<\/strong> - Der offensichtlichste Vorteil ist, dass Sie diesen Casino-Klassiker genie\u00dfen k\u00f6nnen, ohne Ihr Zuhause verlassen zu m\u00fcssen. Alles, was Sie brauchen, ist ein mobiles Ger\u00e4t oder ein PC, und Sie erhalten Zugang zu den besten Echtgeldspielen von erstklassigen Online-Casinos.<\/li>\n<li><strong>Zug\u00e4nglichkeit und Anonymit\u00e4t<\/strong> - Sie k\u00f6nnen Ihre Lieblings-Blackjack-Variante in Sekundenschnelle \u00fcber eine Online-Plattform aufrufen und spielen, was f\u00fcr diejenigen, die weit entfernt von landgest\u00fctzten Casinos leben, sehr praktisch ist. Au\u00dferdem k\u00f6nnen Sie beim Online-Gl\u00fccksspiel an einem virtuellen Tisch sitzen, ohne Ihre Identit\u00e4t preiszugeben. Das ist ideal f\u00fcr Spieler, die sich wohlf\u00fchlen wollen, ohne ausschlie\u00dflich nach ihren F\u00e4higkeiten beurteilt zu werden.<\/li>\n<li><strong>Attraktive Werbeaktionen<\/strong> - Das Angebot an Werbeaktionen in Online-Casinos ist weitaus umfangreicher als die Verg\u00fcnstigungen, die Sie in station\u00e4ren Spielst\u00e4tten erhalten k\u00f6nnen. Die Betreiber belohnen neue Mitglieder in der Regel mit lukrativen Willkommensboni im Wert von mehreren tausend Dollar und bieten Stammkunden Anreize in Form von Reloads, Cashbacks und VIP-Programmen.<\/li>\n<li><strong>Kostenlose Spiele<\/strong> - Wenn Sie Blackjack im Demomodus spielen, k\u00f6nnen Sie in Ihrem eigenen Tempo vorgehen und verschiedene Strategien ausprobieren. Nutzen Sie diese Gelegenheit, um die Besonderheiten Ihres bevorzugten Blackjack-Spiels kennenzulernen, ohne einen Cent zu riskieren.<\/li>\n<li><strong>Tabellen \u00e4ndern <\/strong>- Wenn Sie einen Tisch in einem landbasierten Casino wechseln m\u00f6chten, m\u00fcssen Sie m\u00f6glicherweise warten, bis andere Pl\u00e4tze frei werden. Gl\u00fccklicherweise k\u00f6nnen Sie einen Tisch beim Online-Blackjack sofort wechseln.<\/li>\n<li><strong>Spielen Sie Kopf-an-Kopf mit einem Dealer<\/strong> - Beim Online-Blackjack k\u00f6nnen Sie das Spiel eins zu eins mit einem Dealer spielen, was viel vorteilhafter ist als das Spiel an einem vollen Tisch. Es kann sein, dass Sie auf einen unerfahrenen Spieler sto\u00dfen, der schlechte Calls, Stands oder Hits macht und damit Ihre Strategie und Gewinnchancen ruiniert. Das k\u00f6nnen Sie bei einem Online-Spiel Kopf an Kopf vermeiden.<\/li>\n<li><strong>Budgetfreundlich<\/strong> - PA-Online-Casinos sind eine ausgezeichnete Wahl f\u00fcr Spieler mit kleinem Budget, da Sie Tische mit Eins\u00e4tzen von nur $0,10 finden k\u00f6nnen.<\/li>\n<\/ul>\n<h2>Beliebte Blackjack-Varianten in PA<\/h2>\n<p>Als weltweit beliebtes Spiel ist es kein Wunder, dass es Hunderte von Blackjack-Varianten gibt. Die meisten von ihnen halten sich an dieselben grundlegenden Spielregeln, mit kleinen Abweichungen, und dies sind die am weitesten verbreiteten Varianten in Pennsylvania.<\/p>\n<h3>Europ\u00e4ischer Blackjack<\/h3>\n<p>Bei dieser Blackjack-Variante werden in der Regel zwei Decks verwendet, aber Sie k\u00f6nnen auch auf Spiele mit vier oder sechs Decks sto\u00dfen. Beim amerikanischen Blackjack schaut der Dealer auf seine verdeckte Karte, wenn die offene Karte eine 10 oder ein Ass ist. Beim europ\u00e4ischen Blackjack muss der Geber dies jedoch nicht tun, da er nur eine Karte erh\u00e4lt. In der Zwischenzeit wird die verdeckte Karte ausgeteilt, nachdem alle Teilnehmer gehandelt haben.<\/p>\n<p>Bei dieser Variante wird Blackjack im Verh\u00e4ltnis 3:2 ausgezahlt, und der Dealer muss bei einer weichen 17 stehen bleiben. Die Spieler d\u00fcrfen ein Paar nur einmal teilen und bei H\u00e4nden mit einer Gesamtsumme von neun, zehn oder elf verdoppeln. Das Spiel ist insofern einzigartig, als Sie verlieren, wenn der Dealer ein Natural hat und Sie mit anderen Karten insgesamt 21 haben.<\/p>\n<h3>Ponton<\/h3>\n<p>Pontoon ist die britische Version von Blackjack, die viele Aspekte mit der amerikanischen Variante teilt. Allerdings hat dieses Spiel mehrere Elemente, die es etwas interessanter machen. Die Spieler erhalten eine Karte und machen ihre Eins\u00e4tze, bevor sie die andere Karte erhalten. Dann folgt das Spiel den Standard-Blackjack-Regeln, au\u00dfer dass die Spieler den Begriff \"Twist\" anstelle von \"Hit\" verwenden. Das beste Blatt bei Pontoon ist es, f\u00fcnf Karten zu haben, die 21 oder weniger ergeben, was automatisch zu einer Verdoppelung des Gewinns f\u00fchrt.<\/p>\n<h3>Atlantic City Blackjack<\/h3>\n<p>Dieses Blackjack-Spiel wurde von dem ber\u00fchmten Gl\u00fccksspielort Atlantic City inspiriert und folgt denselben Grundregeln. Ein Unterscheidungsmerkmal ist jedoch, dass acht Kartendecks verwendet werden und eine sp\u00e4te Kapitulation m\u00f6glich ist, was bedeutet, dass Sie die H\u00e4lfte Ihres urspr\u00fcnglichen Einsatzes verlieren k\u00f6nnen. Die Gewinnaussch\u00fcttung betr\u00e4gt 3:2, und der Dealer kann einen Blackjack aufdecken und bei einer weichen 17 stehen bleiben. Au\u00dferdem k\u00f6nnen Sie Paare bis zu dreimal teilen und bei einer der ersten beiden Karten verdoppeln.<\/p>\n<h3>Las Vegas Strip<\/h3>\n<p>Urspr\u00fcnglich wurde bei diesem Spiel ein Kartenspiel verwendet, heute sind es vier. Das Ziel und die Kartenwerte entsprechen dem Standard-Blackjack-Spiel, aber in Vegas Strip k\u00f6nnen Sie zwei beliebige Karten verdoppeln und bis zu vier H\u00e4nde teilen. Au\u00dferdem k\u00f6nnen Sie Karten mit einem Wert von 10 teilen, was eine Seltenheit ist. Was das Spiel des Dealers betrifft, so muss er bei einer weichen 17 stehen bleiben und nach einem Blackjack Ausschau halten. Auch bei dieser Variante wird 3:2 ausgezahlt.<\/p>\n<h2>Grundlegende Blackjack-Strategie<\/h2>\n<p>Obwohl Blackjack ein Gl\u00fccksspiel ist, k\u00f6nnen Sie die grundlegende Strategie befolgen, um Ihre Gewinnchancen zu erh\u00f6hen und sogar den Hausvorteil zu verringern. So geht's:<\/p>\n<ul>\n<li>Stellen Sie sich immer auf eine harte 17 oder h\u00f6her.<\/li>\n<li>Teilen Sie niemals zwei Bildkarten, da Sie damit eine hohe Gewinnchance mit einer 20 verschenken.<\/li>\n<li>Teilen Sie eine Hand mit Assen oder 8en, da Sie damit eine bessere Chance auf ein Gewinnblatt haben.<\/li>\n<li>Vermeiden Sie es, auf Versicherungen zu setzen, da es fast unm\u00f6glich ist, vorherzusagen, ob die verdeckte Karte des Dealers einen Wert von 10 hat.<\/li>\n<li>Nehmen wir an, dass die verdeckte Karte des Dealers den Wert 10 hat.<\/li>\n<li>Es ist wahrscheinlicher, dass der Geber pleite geht, wenn seine aufgedeckte Karte eine Sechs oder niedriger ist.<\/li>\n<li>Schlag auf eine weiche 17.<\/li>\n<li>Verdoppeln Sie die 11.<\/li>\n<\/ul>\n<h2>Den richtigen Blackjack-Tisch auf PA-Gl\u00fccksspielseiten finden<\/h2>\n<p>Es ist wichtig, dass Sie sich \u00fcber Blackjack-Tische informieren, bevor Sie sich anmelden und eine Einzahlung t\u00e4tigen. Verschiedene Betreiber haben m\u00f6glicherweise ihre eigenen Regeln, Mischverfahren, Anzahl der Decks sowie H\u00f6chst- und Mindesteins\u00e4tze. Kleine Nuancen k\u00f6nnen Ihre potenziellen Gewinne stark beeinflussen, daher sollten Sie immer Folgendes beachten:<\/p>\n<ul>\n<li>Achten Sie auf Spiele mit einer Auszahlung von 3:2 und vermeiden Sie Spiele mit einer Auszahlung von 6:5, da dies den Hausvorteil um etwa 1,39% erh\u00f6ht.<\/li>\n<li>Entscheiden Sie sich f\u00fcr die Spiele, die eine fr\u00fche und sp\u00e4te Abgabe erlauben, da dies den Hausvorteil um 0,6% senkt.<\/li>\n<li>W\u00e4hlen Sie die Blackjack-Varianten, bei denen der Dealer auf der weichen 17 steht; andernfalls erh\u00f6ht sich der Hausvorteil um 0,2%<\/li>\n<li>Suchen Sie ein Spiel, bei dem Sie Asse erneut teilen k\u00f6nnen, denn dies erh\u00f6ht Ihre Chancen um 0,6% gem\u00e4\u00df der grundlegenden Blackjack-Strategie.<\/li>\n<li>Halten Sie sich von Spielen fern, die kontinuierliche Mischmaschinen (Continuous Shuffle Machines, CSM) verwenden, da diese einen Dealerschuh und einen automatischen Kartenmischer kombinieren.<\/li>\n<li>W\u00e4hlen Sie eine Variante mit weniger Decks. Als Faustregel gilt: Je mehr Decks, desto h\u00f6her der Hausvorteil.<\/li>\n<\/ul>\n<h2>Landgest\u00fctzte Casino-Optionen in Pennsylvania<\/h2>\n<p>Vor den Online-Casinos gab es landbasierte Casinos - 12 an der Zahl, um genau zu sein. Sie sind alle schon seit geraumer Zeit aktiv und bieten traditionelle Casinospiele an, sind aber stets bem\u00fcht, ihr Angebot zu verbessern.<\/p>\n<p>Im Folgenden haben wir einige der station\u00e4ren Casinos aufgef\u00fchrt, die Sie bei Ihrem Besuch im Keystone State besuchen k\u00f6nnen:<\/p>\n<ul>\n<li><strong>Harrah's Philadelphia<\/strong> - Das von Caesars Entertainment betriebene Casino bietet \u00fcber 2.000 Spielautomaten und Videopokerspiele. Au\u00dferdem gibt es eine gute Auswahl an Tischspielen und eine Sportwettenhalle.<\/li>\n<li><strong>Hollywood Casino auf der Penn National Rennbahn<\/strong> - Dieses Casino, das als eines der besten Casinos in Pennsylvania gilt, bietet rund 2.500 Spielautomaten, mehr als 60 Tischspiele und eine Auswahl an Video-Poker-M\u00f6glichkeiten.<\/li>\n<li><strong>The Meadows Rennbahn und Kasino<\/strong> - Zweifellos ist dies das gr\u00f6\u00dfte Casino im Keystone State. Das Meadows hat eine Auswahl von \u00fcber 3.000 Spielautomaten, mehr als 60 Tischspiele und 14 Pokertische f\u00fcr alle Besucher.<\/li>\n<li><strong>Parx Kasino und Rennen<\/strong> - Mit atemberaubenden 3.300 Spielautomaten, 180 Tischspielen und 48 Pokertischen bietet dieses Casino allen Spielern ein fantastisches Casino-Erlebnis.<\/li>\n<li><strong>Rivers Kasino<\/strong> - Im Herzen von Pittsburgh gelegen, bietet es \u00fcber 2.900 Spielautomaten sowie \u00fcber 100 Tischspiele und 30 Pokertische.<\/li>\n<li><strong>SugarHouse Kasino<\/strong> - Auch wenn es von der Gr\u00f6\u00dfe her nicht mit anderen Casinos vergleichbar ist, geh\u00f6rt es dennoch zu den beliebtesten Optionen unter den Casinospielern. Es hat \u00fcber 1.800 Spielautomaten und \u00fcber 130 Tisch- und Pokerspiele.<\/li>\n<li><strong>Mohegan Sun Pocono<\/strong> - Mit mehr als 2.300 Spielautomaten und 90 Tischspielen bietet das Mohegan Sun ein einzigartiges Casino-Erlebnis.<\/li>\n<\/ul>\n<p>Die meisten dieser landbasierten Casinos haben bereits ihre Online-Gegenst\u00fccke, und weitere k\u00f6nnten in Zukunft hinzukommen.<\/p>","protected":false},"excerpt":{"rendered":"<p>Pennsylvania has always been one step ahead of others, even when gambling is in question. The first type of gambling that was legalized in 1959 was horse racing. Then came the state lottery in 1972, bingo in 1988, and casino in 2004 right after the creation of the Pennsylvania Gaming Control Board. Today, gambling is [&hellip;]<\/p>\n","protected":false},"author":4,"featured_media":0,"parent":5554,"menu_order":0,"comment_status":"closed","ping_status":"closed","template":"","meta":{"_acf_changed":false,"footnotes":""},"tags":[],"class_list":["post-5712","page","type-page","status-publish","hentry"],"acf":[],"yoast_head":"<!-- This site is optimized with the Yoast SEO plugin v26.6 - https:\/\/yoast.com\/wordpress\/plugins\/seo\/ -->\n<title>Best Pennsylvania Online Casinos in 2026<\/title>\n<meta name=\"description\" content=\"Pennsylvania has always been one step ahead of others, even when gambling is in question. The first type of gambling that was legalized in 1959 was horse\" \/>\n<meta name=\"robots\" content=\"index, follow, max-snippet:-1, max-image-preview:large, max-video-preview:-1\" \/>\n<link rel=\"canonical\" href=\"https:\/\/www.blackjackinfo.com\/de\/us\/pennsylvania-online-kasinos\/\" \/>\n<meta property=\"og:locale\" content=\"de_DE\" \/>\n<meta property=\"og:type\" content=\"article\" \/>\n<meta property=\"og:title\" content=\"Best Pennsylvania Online Casinos in 2026\" \/>\n<meta property=\"og:description\" content=\"Pennsylvania has always been one step ahead of others, even when gambling is in question. The first type of gambling that was legalized in 1959 was horse\" \/>\n<meta property=\"og:url\" content=\"https:\/\/www.blackjackinfo.com\/de\/us\/pennsylvania-online-kasinos\/\" \/>\n<meta property=\"og:site_name\" content=\"BlackjackInfo.com\" \/>\n<meta property=\"article:modified_time\" content=\"2024-07-05T01:38:56+00:00\" \/>\n<meta name=\"twitter:label1\" content=\"Gesch\u00e4tzte Lesezeit\" \/>\n\t<meta name=\"twitter:data1\" content=\"11\u00a0Minuten\" \/>\n<script type=\"application\/ld+json\" class=\"yoast-schema-graph\">{\"@context\":\"https:\/\/schema.org\",\"@graph\":[{\"@type\":\"WebPage\",\"@id\":\"https:\/\/www.blackjackinfo.com\/us\/pennsylvania-online-casinos\/\",\"url\":\"https:\/\/www.blackjackinfo.com\/us\/pennsylvania-online-casinos\/\",\"name\":\"Best Pennsylvania Online Casinos in 2026\",\"isPartOf\":{\"@id\":\"https:\/\/www.blackjackinfo.com\/#website\"},\"datePublished\":\"2020-07-01T05:20:33+00:00\",\"dateModified\":\"2024-07-05T01:38:56+00:00\",\"description\":\"Pennsylvania has always been one step ahead of others, even when gambling is in question. The first type of gambling that was legalized in 1959 was horse\",\"breadcrumb\":{\"@id\":\"https:\/\/www.blackjackinfo.com\/us\/pennsylvania-online-casinos\/#breadcrumb\"},\"inLanguage\":\"de\",\"potentialAction\":[{\"@type\":\"ReadAction\",\"target\":[\"https:\/\/www.blackjackinfo.com\/us\/pennsylvania-online-casinos\/\"]}]},{\"@type\":\"BreadcrumbList\",\"@id\":\"https:\/\/www.blackjackinfo.com\/us\/pennsylvania-online-casinos\/#breadcrumb\",\"itemListElement\":[{\"@type\":\"ListItem\",\"position\":1,\"name\":\"Home\",\"item\":\"https:\/\/www.blackjackinfo.com\/\"},{\"@type\":\"ListItem\",\"position\":2,\"name\":\"Online Casinos in the US\",\"item\":\"https:\/\/www.blackjackinfo.com\/us\/\"},{\"@type\":\"ListItem\",\"position\":3,\"name\":\"Pennsylvania Online Casinos\"}]},{\"@type\":\"WebSite\",\"@id\":\"https:\/\/www.blackjackinfo.com\/#website\",\"url\":\"https:\/\/www.blackjackinfo.com\/\",\"name\":\"BlackjackInfo.com\",\"description\":\"Because Winning is More Fun!\",\"potentialAction\":[{\"@type\":\"SearchAction\",\"target\":{\"@type\":\"EntryPoint\",\"urlTemplate\":\"https:\/\/www.blackjackinfo.com\/?s={search_term_string}\"},\"query-input\":{\"@type\":\"PropertyValueSpecification\",\"valueRequired\":true,\"valueName\":\"search_term_string\"}}],\"inLanguage\":\"de\"}]}<\/script>\n<!-- \/ Yoast SEO plugin. -->","yoast_head_json":{"title":"Die besten Online-Casinos in Pennsylvania im Jahr 2026","description":"Pennsylvania war anderen schon immer einen Schritt voraus, auch wenn es um Gl\u00fccksspiele geht. Die erste Art von Gl\u00fccksspiel, die 1959 legalisiert wurde, war das Pferdespiel","robots":{"index":"index","follow":"follow","max-snippet":"max-snippet:-1","max-image-preview":"max-image-preview:large","max-video-preview":"max-video-preview:-1"},"canonical":"https:\/\/www.blackjackinfo.com\/de\/us\/pennsylvania-online-kasinos\/","og_locale":"de_DE","og_type":"article","og_title":"Best Pennsylvania Online Casinos in 2026","og_description":"Pennsylvania has always been one step ahead of others, even when gambling is in question. The first type of gambling that was legalized in 1959 was horse","og_url":"https:\/\/www.blackjackinfo.com\/de\/us\/pennsylvania-online-kasinos\/","og_site_name":"BlackjackInfo.com","article_modified_time":"2024-07-05T01:38:56+00:00","twitter_misc":{"Gesch\u00e4tzte Lesezeit":"11\u00a0Minuten"},"schema":{"@context":"https:\/\/schema.org","@graph":[{"@type":"WebPage","@id":"https:\/\/www.blackjackinfo.com\/us\/pennsylvania-online-casinos\/","url":"https:\/\/www.blackjackinfo.com\/us\/pennsylvania-online-casinos\/","name":"Die besten Online-Casinos in Pennsylvania im Jahr 2026","isPartOf":{"@id":"https:\/\/www.blackjackinfo.com\/#website"},"datePublished":"2020-07-01T05:20:33+00:00","dateModified":"2024-07-05T01:38:56+00:00","description":"Pennsylvania war anderen schon immer einen Schritt voraus, auch wenn es um Gl\u00fccksspiele geht. Die erste Art von Gl\u00fccksspiel, die 1959 legalisiert wurde, war das Pferdespiel","breadcrumb":{"@id":"https:\/\/www.blackjackinfo.com\/us\/pennsylvania-online-casinos\/#breadcrumb"},"inLanguage":"de","potentialAction":[{"@type":"ReadAction","target":["https:\/\/www.blackjackinfo.com\/us\/pennsylvania-online-casinos\/"]}]},{"@type":"BreadcrumbList","@id":"https:\/\/www.blackjackinfo.com\/us\/pennsylvania-online-casinos\/#breadcrumb","itemListElement":[{"@type":"ListItem","position":1,"name":"Home","item":"https:\/\/www.blackjackinfo.com\/"},{"@type":"ListItem","position":2,"name":"Online Casinos in the US","item":"https:\/\/www.blackjackinfo.com\/us\/"},{"@type":"ListItem","position":3,"name":"Pennsylvania Online Casinos"}]},{"@type":"WebSite","@id":"https:\/\/www.blackjackinfo.com\/#website","url":"https:\/\/www.blackjackinfo.com\/","name":"BlackjackInfo.de","description":"Denn Gewinnen macht mehr Spa\u00df!","potentialAction":[{"@type":"SearchAction","target":{"@type":"EntryPoint","urlTemplate":"https:\/\/www.blackjackinfo.com\/?s={search_term_string}"},"query-input":{"@type":"PropertyValueSpecification","valueRequired":true,"valueName":"search_term_string"}}],"inLanguage":"de"}]}},"_links":{"self":[{"href":"https:\/\/www.blackjackinfo.com\/de\/wp-json\/wp\/v2\/pages\/5712","targetHints":{"allow":["GET"]}}],"collection":[{"href":"https:\/\/www.blackjackinfo.com\/de\/wp-json\/wp\/v2\/pages"}],"about":[{"href":"https:\/\/www.blackjackinfo.com\/de\/wp-json\/wp\/v2\/types\/page"}],"author":[{"embeddable":true,"href":"https:\/\/www.blackjackinfo.com\/de\/wp-json\/wp\/v2\/users\/4"}],"replies":[{"embeddable":true,"href":"https:\/\/www.blackjackinfo.com\/de\/wp-json\/wp\/v2\/comments?post=5712"}],"version-history":[{"count":5,"href":"https:\/\/www.blackjackinfo.com\/de\/wp-json\/wp\/v2\/pages\/5712\/revisions"}],"predecessor-version":[{"id":6288,"href":"https:\/\/www.blackjackinfo.com\/de\/wp-json\/wp\/v2\/pages\/5712\/revisions\/6288"}],"up":[{"embeddable":true,"href":"https:\/\/www.blackjackinfo.com\/de\/wp-json\/wp\/v2\/pages\/5554"}],"wp:attachment":[{"href":"https:\/\/www.blackjackinfo.com\/de\/wp-json\/wp\/v2\/media?parent=5712"}],"wp:term":[{"taxonomy":"post_tag","embeddable":true,"href":"https:\/\/www.blackjackinfo.com\/de\/wp-json\/wp\/v2\/tags?post=5712"}],"curies":[{"name":"wp","href":"https:\/\/api.w.org\/{rel}","templated":true}]}}