{"id":5740,"date":"2020-07-10T00:55:27","date_gmt":"2020-07-10T05:55:27","guid":{"rendered":"https:\/\/www.blackjackinfo.com\/?page_id=5740"},"modified":"2024-07-04T20:37:39","modified_gmt":"2024-07-05T01:37:39","slug":"new-jersey-online-casinos","status":"publish","type":"page","link":"https:\/\/www.blackjackinfo.com\/de\/us\/new-jersey-online-casinos\/","title":{"rendered":"New Jersey Online-Kasinos"},"content":{"rendered":"<p>New Jersey ist ein Staat, in dem alle Formen des Gl\u00fccksspiels nicht nur legalisiert, sondern auch gut reguliert sind. Da Atlantic City in New Jersey liegt, hat der Gesetzgeber schnell alle Online-Gl\u00fccksspiele legalisiert. Man kann mit Sicherheit sagen, dass der Garden State die liberalsten Gesetze in Bezug auf Gl\u00fccksspiele hat. Der einzige Staat, der solche Fortschritte gemacht hat, ist Nevada.<\/p>\n<p>Wenn Sie also daran interessiert sind, legale Casinospiele online in New Jersey zu spielen, lesen Sie bitte unseren Leitfaden.<\/p>\n<h2>Ist Online-Gl\u00fccksspiel in New Jersey legal?<\/h2>\n<p>Ja, alle Formen des Gl\u00fccksspiels sind in diesem Staat legal. Alle Online-Casinos (sowie andere Gl\u00fccksspielplattformen) m\u00fcssen von einer offiziellen Regulierungsbeh\u00f6rde, der New Jersey Division of Gaming Enforcement (DGE), lizenziert und reguliert werden. Was macht die DGE also?<\/p>\n<p>Zun\u00e4chst einmal vergibt sie Lizenzen f\u00fcr alle von Casinos in Atlantic City betriebenen Gl\u00fccksspiel-Websites. Dar\u00fcber hinaus stellt sie sicher, dass alle diese Websites sicher, gesch\u00fctzt und legal sind. Schlie\u00dflich sorgt die DGE daf\u00fcr, dass der Markt fair ist und dass jedes AC-Casino die Chance bekommt, seine Dienste online anzubieten.<\/p>\n<p>Jedes Casino, das eine Lizenz erh\u00e4lt, kann bis zu f\u00fcnf Online-Casinos betreiben. Um genau zu sein, k\u00f6nnen sie f\u00fcnf verschiedene Marken im Internet betreiben, und deshalb k\u00f6nnen Spieler aus New Jersey immer noch auf einige Marken zugreifen, die eigentlich nicht als landgest\u00fctzte Casinos in diesem Staat verf\u00fcgbar sind.<\/p>\n<p>Neben Online-Casinos k\u00f6nnen auch landbasierte Betreiber einige Sportwetten im Internet anbieten. Casinobetreiber sind nicht die einzigen, die eine Lizenz f\u00fcr Online-Sportwetten beantragen k\u00f6nnen, denn auch Rennbahnen in New Jersey k\u00f6nnen dies tun.<\/p>\n<p>Online-Casinos in NJ werden ebenfalls besteuert. Der Staat nimmt 17,5% von den gesamten Online-Casino- und Pokereinnahmen ein, was identisch ist mit der H\u00f6he der Steuern f\u00fcr landgest\u00fctzte Einrichtungen. New Jersey nimmt etwa $35 Millionen aus Online-Casino-Steuern ein, was etwa $400 Millionen j\u00e4hrlich entspricht.<\/p>\n<h2>Von der DGE lizenzierte Online-Casinos<\/h2>\n<p>Derzeit gibt es mehrere Casinos in Atlantic City, die Online-Gl\u00fccksspielplattformen betreiben d\u00fcrfen. Schauen wir uns also an, welche M\u00f6glichkeiten NJ-Casino-Liebhabern zur Verf\u00fcgung stehen, die nach einer M\u00f6glichkeit suchen, online zu spielen.<\/p>\n<h3>Borgata Online-Kasinos<\/h3>\n<p>Borgata ist wahrscheinlich das bekannteste landbasierte Casino in Atlantic City, und mehrere Online-Gl\u00fccksspielplattformen sind mit ihm verbunden.<\/p>\n<p>Zun\u00e4chst einmal betreibt es die Plattformen Borgata Online-Casino und Borgata Online-Poker. Der Pokerraum ist Teil des gleichen Netzwerks wie PartyPoker, was bedeutet, dass Spieler, die ein Konto bei Borgata Online Poker er\u00f6ffnen, eine gro\u00dfe Auswahl an Spielen haben.<\/p>\n<p>Borgata ist auch mit Pala Casino - einem Stammesunternehmen aus Kalifornien - zusammengeschlossen. Spieler aus New Jersey k\u00f6nnen ein Konto im Pala Online-Casino und Pala Online-Pokerraum er\u00f6ffnen. Der Pokerraum ist nicht Teil des gleichen Netzwerks wie PartyPoker und Borgata.<\/p>\n<p>Das beliebte landbasierte Casino geh\u00f6rt zu MGM, was bedeutet, dass Casino-Liebhaber auch auf Plattformen wie BetMGM zugreifen k\u00f6nnen, die Poker und Casino anbieten.<\/p>\n<h3>Online-Kasinos von Caesars<\/h3>\n<p>Caesars Entertainment hat sich mit 888 zusammengetan, so dass Spieler aus NJ aus einer Vielzahl von Optionen w\u00e4hlen k\u00f6nnen, die mit diesem Betreiber verbunden sind. Zun\u00e4chst einmal k\u00f6nnen Sie 888 beitreten, das ein Online-Casino und eine Online-Poker-Plattform bietet. Dar\u00fcber hinaus ist das Caesars Online-Casino auch in New Jersey verf\u00fcgbar, ebenso wie das Online-Pendant von Harrah's.<\/p>\n<p>WSOP ist auch einer der wichtigsten Partner von Caesars, so dass NJ-Poker-Liebhaber kostenlos an Online-Poker-Cash-Games und Turnieren teilnehmen k\u00f6nnen, die auf der offiziellen Online-Poker-Plattform von WSOP verf\u00fcgbar sind.<\/p>\n<h3>Golden Nugget Online-Gl\u00fccksspiel-Seiten<\/h3>\n<p>Da Golden Nugget auf dem landbasierten Casinomarkt in NJ nicht so stark vertreten ist, hat das Unternehmen seinen Schwerpunkt auf die Online-Industrie verlagert. Es ist derzeit die umsatzst\u00e4rkste Online-Plattform in den Garden States und bietet mehr als 600 Original-Online-Spiele von einer Vielzahl von Anbietern.<\/p>\n<p>Das Casino arbeitet mit Betfair, SugarHouse und Churchill Downs Interactive zusammen. Daher k\u00f6nnen die Spieler neben dem Golden Nugget Online Casino auch Betfair Casino, SugarHouse Casino und BetAmerica Casino beitreten.<\/p>\n<h3>Online-Kasinos von Hard Rock AC<\/h3>\n<p>Hard Rock AC ist eines der neuesten Casinos in Atlantic City, das an der Stelle des ehemaligen Trump Taj Mahal er\u00f6ffnet wurde. Das landgest\u00fctzte Casino hat damit zu k\u00e4mpfen, mit der Konkurrenz mitzuhalten, aber es bietet immer noch ein gro\u00dfartiges Online-Casino, das Hard Rock genannt wird.<\/p>\n<p>Der Betreiber ist eine Partnerschaft mit Bet365 und Unibet eingegangen, so dass NJ-Casinoliebhaber nun Zugang zu den Online-Gl\u00fccksspielangeboten dieser beiden Betreiber haben.<\/p>\n<h3>Online-Kasinos von Ocean Casino Resort<\/h3>\n<p>Das Ocean Casino Resort wurde ebenfalls 2018 er\u00f6ffnet, genau wie das Hard Rock AC. Im Moment betreibt dieses Casino zwei Online-Plattformen - Ocean Resort und Parx Casino NJ. Beide Plattformen werden von der GAN betrieben.<\/p>\n<h3>Resorts Online-Gl\u00fccksspiel-Optionen<\/h3>\n<p>Das Resorts-Casino in Atlantic City wird von Mohegan Sun betrieben, und beide Unternehmen bieten ihre Dienste \u00fcber das Internet an. Mit anderen Worten, Sie k\u00f6nnen von New Jersey aus sowohl auf das Resorts Online-Casino als auch auf das Mohegan Sun Online-Casino zugreifen.<\/p>\n<p>Das Unternehmen ist eine Partnerschaft mit PokerStars eingegangen, die im Jahr 2016 Teil der interaktiven Lizenz wurde. Daher steht es Ihnen frei, PokerStars New Jersey beizutreten, wenn Sie sich f\u00fcr Online-Poker interessieren.<\/p>\n<p>Schlie\u00dflich ist Resorts 2018 auch eine Partnerschaft mit DraftKings eingegangen. Wenn Sie sich f\u00fcr Sportwetten und Daily Fantasy Sports interessieren, haben Sie die M\u00f6glichkeit, dieser Plattform beizutreten und sogar ihr Online-Casino zu erkunden.<\/p>\n<h3>Tropicana Online-Kasino-Optionen<\/h3>\n<p>Tropicana ist ein Partner von Gamesys, und deshalb k\u00f6nnen Sie auf zwei Online-Casinos dieses Betreibers zugreifen - Tropicana und Virgin Casino.<\/p>\n<h2>Online-Casinos in New Jersey - Sicherheit und Schutz<\/h2>\n<p>Da alle Online-Gl\u00fccksspielplattformen von der staatlichen Gl\u00fccksspielkommission lizenziert und reguliert werden, kann man mit Sicherheit sagen, dass alle diese Websites \u00fcber die bestm\u00f6glichen Sicherheitsma\u00dfnahmen verf\u00fcgen.<\/p>\n<p>Die New Jersey Division of Gaming Enforcement (DGE) ist eine der besten in der Branche, und viele halten die Organisation f\u00fcr die erfahrenste der Welt. Allein die Tatsache, dass bei keiner der Online-Gl\u00fccksspielseiten in New Jersey gr\u00f6\u00dfere Probleme aufgetreten sind, zeugt von der Professionalit\u00e4t der DGE.<\/p>\n<p>Au\u00dferdem arbeitet die DGE aktiv daran, Kasinos und ihre Nutzer vor allen Arten von Betrug zu sch\u00fctzen. Es hat F\u00e4lle gegeben, in denen diese Regulierungsbeh\u00f6rde aktiv an der Aufdeckung von Betr\u00fcgereien beteiligt war, was zur Ergreifung der Kriminellen f\u00fchrte.<\/p>\n<h2>Boni in Online-Casinos<\/h2>\n<p>New Jersey hat einen sehr wettbewerbsintensiven Online-Casinomarkt geschaffen, und die Spieler sind diejenigen, die von diesem Wettbewerb am meisten profitieren, da sie auf vielen Online-Plattformen lukrative Boni erhalten k\u00f6nnen.<\/p>\n<h2>Zahlungsm\u00f6glichkeiten in NJ Online Casinos<\/h2>\n<p>Regulierte Online-Gl\u00fccksspielplattformen in NJ bieten eine Vielzahl von Zahlungsoptionen an, darunter:<\/p>\n<ul>\n<li>Prepaid-Karten<\/li>\n<li>Bank\u00fcberweisung<\/li>\n<li>PayNearMe bei 7-11 (Bargeld)<\/li>\n<li>Bargeld \u00fcber den K\u00e4fig in einer Atlantic City<\/li>\n<\/ul>\n<p>Alle Zahlungsarten sind schnell und sicher. Am wichtigsten ist, dass bei Einzahlungen in Online-Casinos keine Geb\u00fchren anfallen.<\/p>\n<h2>Mobile Kasinos in New Jersey<\/h2>\n<p>Alle Online-Casinos in New Jersey sind f\u00fcr Spieler verf\u00fcgbar, die mobile Ger\u00e4te bevorzugen. Einige von ihnen sind jedoch \u00fcber spezielle mobile Apps verf\u00fcgbar, w\u00e4hrend andere \u00fcber Ihren mobilen Browser aufgerufen werden k\u00f6nnen. Mobile Versionen haben m\u00f6glicherweise nicht alle Spiele, die Sie auf Desktop-Computern finden k\u00f6nnen, aber die meisten werden immer noch verf\u00fcgbar sein.<\/p>\n<h2>Verwandte Artikel<\/h2>\n<ul>\n<li><a href=\"https:\/\/www.blackjackinfo.com\/online-blackjack\/new-jersey\/\">Online Blackjack in New Jersey<\/a><\/li>\n<\/ul>","protected":false},"excerpt":{"rendered":"<p>New Jersey is a state where all forms of gambling are not only legalized but also well-regulated. Since Atlantic City is located in NJ, lawmakers were quick to legalize all online gambling options. It&#8217;s safe to say that the Garden State has the most liberal laws related to gambling. The only state that made such [&hellip;]<\/p>\n","protected":false},"author":4,"featured_media":0,"parent":5554,"menu_order":0,"comment_status":"closed","ping_status":"closed","template":"","meta":{"_acf_changed":false,"footnotes":""},"tags":[],"class_list":["post-5740","page","type-page","status-publish","hentry"],"acf":[],"yoast_head":"<!-- This site is optimized with the Yoast SEO plugin v26.6 - https:\/\/yoast.com\/wordpress\/plugins\/seo\/ -->\n<title>Best New Jersey Online Casinos in 2026<\/title>\n<meta name=\"description\" content=\"New Jersey is a state where all forms of gambling are not only legalized but also well-regulated. Since Atlantic City is located in NJ, lawmakers were\" \/>\n<meta name=\"robots\" content=\"index, follow, max-snippet:-1, max-image-preview:large, max-video-preview:-1\" \/>\n<link rel=\"canonical\" href=\"https:\/\/www.blackjackinfo.com\/de\/us\/new-jersey-online-casinos\/\" \/>\n<meta property=\"og:locale\" content=\"de_DE\" \/>\n<meta property=\"og:type\" content=\"article\" \/>\n<meta property=\"og:title\" content=\"Best New Jersey Online Casinos in 2026\" \/>\n<meta property=\"og:description\" content=\"New Jersey is a state where all forms of gambling are not only legalized but also well-regulated. Since Atlantic City is located in NJ, lawmakers were\" \/>\n<meta property=\"og:url\" content=\"https:\/\/www.blackjackinfo.com\/de\/us\/new-jersey-online-casinos\/\" \/>\n<meta property=\"og:site_name\" content=\"BlackjackInfo.com\" \/>\n<meta property=\"article:modified_time\" content=\"2024-07-05T01:37:39+00:00\" \/>\n<meta name=\"twitter:label1\" content=\"Gesch\u00e4tzte Lesezeit\" \/>\n\t<meta name=\"twitter:data1\" content=\"6\u00a0Minuten\" \/>\n<script type=\"application\/ld+json\" class=\"yoast-schema-graph\">{\"@context\":\"https:\/\/schema.org\",\"@graph\":[{\"@type\":\"WebPage\",\"@id\":\"https:\/\/www.blackjackinfo.com\/us\/new-jersey-online-casinos\/\",\"url\":\"https:\/\/www.blackjackinfo.com\/us\/new-jersey-online-casinos\/\",\"name\":\"Best New Jersey Online Casinos in 2026\",\"isPartOf\":{\"@id\":\"https:\/\/www.blackjackinfo.com\/#website\"},\"datePublished\":\"2020-07-10T05:55:27+00:00\",\"dateModified\":\"2024-07-05T01:37:39+00:00\",\"description\":\"New Jersey is a state where all forms of gambling are not only legalized but also well-regulated. Since Atlantic City is located in NJ, lawmakers were\",\"breadcrumb\":{\"@id\":\"https:\/\/www.blackjackinfo.com\/us\/new-jersey-online-casinos\/#breadcrumb\"},\"inLanguage\":\"de\",\"potentialAction\":[{\"@type\":\"ReadAction\",\"target\":[\"https:\/\/www.blackjackinfo.com\/us\/new-jersey-online-casinos\/\"]}]},{\"@type\":\"BreadcrumbList\",\"@id\":\"https:\/\/www.blackjackinfo.com\/us\/new-jersey-online-casinos\/#breadcrumb\",\"itemListElement\":[{\"@type\":\"ListItem\",\"position\":1,\"name\":\"Home\",\"item\":\"https:\/\/www.blackjackinfo.com\/\"},{\"@type\":\"ListItem\",\"position\":2,\"name\":\"Online Casinos in the US\",\"item\":\"https:\/\/www.blackjackinfo.com\/us\/\"},{\"@type\":\"ListItem\",\"position\":3,\"name\":\"New Jersey Online Casinos\"}]},{\"@type\":\"WebSite\",\"@id\":\"https:\/\/www.blackjackinfo.com\/#website\",\"url\":\"https:\/\/www.blackjackinfo.com\/\",\"name\":\"BlackjackInfo.com\",\"description\":\"Because Winning is More Fun!\",\"potentialAction\":[{\"@type\":\"SearchAction\",\"target\":{\"@type\":\"EntryPoint\",\"urlTemplate\":\"https:\/\/www.blackjackinfo.com\/?s={search_term_string}\"},\"query-input\":{\"@type\":\"PropertyValueSpecification\",\"valueRequired\":true,\"valueName\":\"search_term_string\"}}],\"inLanguage\":\"de\"}]}<\/script>\n<!-- \/ Yoast SEO plugin. -->","yoast_head_json":{"title":"Die besten New Jersey Online Casinos im Jahr 2026","description":"New Jersey ist ein Staat, in dem alle Formen des Gl\u00fccksspiels nicht nur legalisiert, sondern auch gut reguliert sind. Da sich Atlantic City in NJ befindet, waren die Gesetzgeber","robots":{"index":"index","follow":"follow","max-snippet":"max-snippet:-1","max-image-preview":"max-image-preview:large","max-video-preview":"max-video-preview:-1"},"canonical":"https:\/\/www.blackjackinfo.com\/de\/us\/new-jersey-online-casinos\/","og_locale":"de_DE","og_type":"article","og_title":"Best New Jersey Online Casinos in 2026","og_description":"New Jersey is a state where all forms of gambling are not only legalized but also well-regulated. Since Atlantic City is located in NJ, lawmakers were","og_url":"https:\/\/www.blackjackinfo.com\/de\/us\/new-jersey-online-casinos\/","og_site_name":"BlackjackInfo.com","article_modified_time":"2024-07-05T01:37:39+00:00","twitter_misc":{"Gesch\u00e4tzte Lesezeit":"6\u00a0Minuten"},"schema":{"@context":"https:\/\/schema.org","@graph":[{"@type":"WebPage","@id":"https:\/\/www.blackjackinfo.com\/us\/new-jersey-online-casinos\/","url":"https:\/\/www.blackjackinfo.com\/us\/new-jersey-online-casinos\/","name":"Die besten New Jersey Online Casinos im Jahr 2026","isPartOf":{"@id":"https:\/\/www.blackjackinfo.com\/#website"},"datePublished":"2020-07-10T05:55:27+00:00","dateModified":"2024-07-05T01:37:39+00:00","description":"New Jersey ist ein Staat, in dem alle Formen des Gl\u00fccksspiels nicht nur legalisiert, sondern auch gut reguliert sind. Da sich Atlantic City in NJ befindet, waren die Gesetzgeber","breadcrumb":{"@id":"https:\/\/www.blackjackinfo.com\/us\/new-jersey-online-casinos\/#breadcrumb"},"inLanguage":"de","potentialAction":[{"@type":"ReadAction","target":["https:\/\/www.blackjackinfo.com\/us\/new-jersey-online-casinos\/"]}]},{"@type":"BreadcrumbList","@id":"https:\/\/www.blackjackinfo.com\/us\/new-jersey-online-casinos\/#breadcrumb","itemListElement":[{"@type":"ListItem","position":1,"name":"Home","item":"https:\/\/www.blackjackinfo.com\/"},{"@type":"ListItem","position":2,"name":"Online Casinos in the US","item":"https:\/\/www.blackjackinfo.com\/us\/"},{"@type":"ListItem","position":3,"name":"New Jersey Online Casinos"}]},{"@type":"WebSite","@id":"https:\/\/www.blackjackinfo.com\/#website","url":"https:\/\/www.blackjackinfo.com\/","name":"BlackjackInfo.de","description":"Denn Gewinnen macht mehr Spa\u00df!","potentialAction":[{"@type":"SearchAction","target":{"@type":"EntryPoint","urlTemplate":"https:\/\/www.blackjackinfo.com\/?s={search_term_string}"},"query-input":{"@type":"PropertyValueSpecification","valueRequired":true,"valueName":"search_term_string"}}],"inLanguage":"de"}]}},"_links":{"self":[{"href":"https:\/\/www.blackjackinfo.com\/de\/wp-json\/wp\/v2\/pages\/5740","targetHints":{"allow":["GET"]}}],"collection":[{"href":"https:\/\/www.blackjackinfo.com\/de\/wp-json\/wp\/v2\/pages"}],"about":[{"href":"https:\/\/www.blackjackinfo.com\/de\/wp-json\/wp\/v2\/types\/page"}],"author":[{"embeddable":true,"href":"https:\/\/www.blackjackinfo.com\/de\/wp-json\/wp\/v2\/users\/4"}],"replies":[{"embeddable":true,"href":"https:\/\/www.blackjackinfo.com\/de\/wp-json\/wp\/v2\/comments?post=5740"}],"version-history":[{"count":3,"href":"https:\/\/www.blackjackinfo.com\/de\/wp-json\/wp\/v2\/pages\/5740\/revisions"}],"predecessor-version":[{"id":5744,"href":"https:\/\/www.blackjackinfo.com\/de\/wp-json\/wp\/v2\/pages\/5740\/revisions\/5744"}],"up":[{"embeddable":true,"href":"https:\/\/www.blackjackinfo.com\/de\/wp-json\/wp\/v2\/pages\/5554"}],"wp:attachment":[{"href":"https:\/\/www.blackjackinfo.com\/de\/wp-json\/wp\/v2\/media?parent=5740"}],"wp:term":[{"taxonomy":"post_tag","embeddable":true,"href":"https:\/\/www.blackjackinfo.com\/de\/wp-json\/wp\/v2\/tags?post=5740"}],"curies":[{"name":"wp","href":"https:\/\/api.w.org\/{rel}","templated":true}]}}