{"id":581,"date":"2014-10-07T17:31:38","date_gmt":"2014-10-07T22:31:38","guid":{"rendered":"http:\/\/test.blackjackinfo.com\/?page_id=581"},"modified":"2026-04-02T05:08:33","modified_gmt":"2026-04-02T10:08:33","slug":"blackjack-basic-strategy-engine","status":"publish","type":"page","link":"https:\/\/www.blackjackinfo.com\/de\/blackjack-basic-strategy-engine\/","title":{"rendered":"Blackjack-Grundstrategie-Tabellen"},"content":{"rendered":"<h2 class=\"purple-underline\">Was ist eine grundlegende Strategie?<\/h2>\n<p>Suchen Sie nach einer M\u00f6glichkeit, den Vorteil des Casinos auf einen marginalen Betrag zu reduzieren? Die Grundstrategie ist eine mathematisch berechnete Reihe von Entscheidungen, die Ihnen helfen k\u00f6nnen, mehr beim Blackjack zu gewinnen. <strong>Die Blackjack Basic Strategy Engine <\/strong>bietet eine einfache M\u00f6glichkeit, sich eine Vielzahl verschiedener profitabler Entscheidungen einzupr\u00e4gen, z. B. wann man teilen, verdoppeln, aufgeben, schlagen oder stehen bleiben sollte.<\/p>\n<p>Eine Standard-Grundstrategie-Tabelle kann Ihnen nur die Strategie f\u00fcr eine Reihe von Regeln vermitteln, wie z. B. Dealer-Treffer bei Soft 17, wodurch Sie Ihre Kenntnisse auf ein einziges Spiel beschr\u00e4nken. Unser <strong>Blackjack Basic Strategy Engine<\/strong> erm\u00f6glicht es Ihnen, die Regeln mit einem Mausklick schnell anzupassen und die optimale Strategie f\u00fcr Ihr ausgew\u00e4hltes Spiel zu berechnen. Die leicht zu lesenden Diagramme der Engine zeigen die Strategie f\u00fcr alle harten Summen, weichen Summen und Paare an.<\/p>\n<p>Die Engine erm\u00f6glicht es Ihnen, Ihre Strategie sofort anzupassen, basierend auf Regeln wie Kapitulation, Verdoppeln nur bei 9, 10 oder 11, Dealer Hole Card Styles und einer beliebigen Anzahl von Decks. Dieses einzigartige System ist eine unglaubliche Ressource f\u00fcr jeden ernsthaften Blackjack-Spieler, der die Strategie f\u00fcr jedes Spiel, dem er begegnet, berechnen muss.<\/p>\n<h2>Die Beschr\u00e4nkungen der Basisstrategie<\/h2>\n<p>Eine einfache Strategie wird niemals ausreichen, um das Spiel auf Dauer zu gewinnen. Sicherlich werden Sie h\u00e4ufiger gewinnen, Ihr Geld l\u00e4nger behalten und ein paar kostenlose Urlaube machen k\u00f6nnen, indem Sie <a href=\"https:\/\/entertainment.howstuffworks.com\/casino-gambling-basics-ga2.htm\">Casino-Gutscheine<\/a>aber Sie werden niemals \u00fcber Tausende von Spielstunden hinweg Geld verdienen. Daf\u00fcr m\u00fcssen Sie lernen, wie man <a href=\"https:\/\/www.blackjackinfo.com\/card-counting\/\">Karten z\u00e4hlen<\/a> und nutzen Sie Strategieabweichungen, um den Hausvorteil zu schlagen. Wenn Sie einfach nur Spa\u00df haben und Ihr Geld viel l\u00e4nger behalten wollen, ist eine einfache Strategie ausreichend.<\/p>\n<h2>Wie man anf\u00e4ngt<\/h2>\n<p>Sie m\u00f6chten also eine grundlegende Strategie erlernen, damit Sie sich an den Tischen einen Vorteil verschaffen k\u00f6nnen, sind sich aber nicht sicher, wie Sie anfangen sollen. Sobald Sie die <strong>Blackjack Basic Strategy Engine<\/strong> Wenn Sie sich f\u00fcr ein Spiel entscheiden, das Sie am h\u00e4ufigsten spielen werden, sind Sie vielleicht versucht, es sofort auswendig zu lernen, aber ein wenig Hintergrundwissen kann Ihnen helfen, die Konzepte hinter der Strategie zu verstehen. Sehen wir uns ein paar Regeln an, die Ihnen dabei helfen werden.<\/p>\n<h2>Sie haben eine Reihe von Ma\u00dfnahmen zur Verf\u00fcgung<\/h2>\n<p>Beim Blackjack geht es um mehr als nur um das Schlagen oder Stehen, und diese zus\u00e4tzlichen Entscheidungen werden dar\u00fcber entscheiden, ob Sie ein gro\u00dfer Gewinner oder ein gro\u00dfer Verlierer sind. Ihre zus\u00e4tzlichen Optionen sind Aufgeben, Teilen oder Verdoppeln, und ihre Verf\u00fcgbarkeit wird durch die Regeln Ihres Blackjack-Spiels bestimmt. Denken Sie auch daran, dass selbst in ein und demselben Kasino an verschiedenen Tischen unterschiedliche Regeln gelten k\u00f6nnen. Schauen Sie also unbedingt auf dem Filz nach oder fragen Sie den Croupier nach den Regeln des jeweiligen Tisches. Spielen Sie niemals 6:5-Blackjack, und versuchen Sie, S17 zu spielen, wenn es m\u00f6glich ist.  Lesen Sie unser <a href=\"https:\/\/www.blackjackinfo.com\/blackjack-rules\/\">Regelseite<\/a> wenn Sie einen Auffrischungskurs zu den einzelnen Aktionen ben\u00f6tigen.<\/p>\n<h2>Wann kann ich aufgeben?<\/h2>\n<p><a href=\"https:\/\/www.blackjackinfo.com\/blackjack-surrender-explained\/\">Aufgeben<\/a> ist eine Regel, die immer seltener angeboten wird, da sie f\u00fcr den Spieler von Vorteil ist. Um herauszufinden, ob sie an Ihrem Tisch verf\u00fcgbar ist, k\u00f6nnen Sie Ihren Croupier fragen oder auf ein entsprechendes Schild am Tisch achten. Bevor Sie weitere Ma\u00dfnahmen ergreifen, sollten Sie pr\u00fcfen, ob die grundlegende Strategie ein Aufgeben empfiehlt.<\/p>\n<h2>Wann kann ich mich trennen?<\/h2>\n<p>Splitting kommt ins Spiel, wenn Sie ein gleichwertiges Paar auf der Hand haben - zum Beispiel zwei 8er, zwei 7er oder einen Buben und eine Dame. Wenn Sie ein Paar auf der Hand haben, sollten Sie Ihre Basisstrategiekarte \u00fcberpr\u00fcfen, um zu sehen, ob Splitten vorteilhaft ist.<\/p>\n<h2>Wann kann ich verdoppeln?<\/h2>\n<p>Sie k\u00f6nnen bei jeder der ersten beiden Karten verdoppeln. Im Allgemeinen sollten Sie verdoppeln, wenn eine 10er-Karte f\u00fcr Sie vorteilhaft w\u00e4re (z. B. bei einer harten 11 oder harten 10) oder wenn der Dealer eine Karte hat, die eine \u00fcberdurchschnittlich hohe Bust-Wahrscheinlichkeit hat, wie eine 5 oder eine 6.<\/p>\n<h2>Wann sollte ich schlagen oder stehen?<\/h2>\n<p>Diese beiden Ma\u00dfnahmen werden den gr\u00f6\u00dften Teil Ihrer Entscheidungsfindung ausmachen. <strong>Zu lernen, wann man in jedem Szenario zuschl\u00e4gt oder stehen bleibt, ist der Kernpunkt der grundlegenden Strategie<\/strong>. Indem Sie sich die grundlegende Strategie merken, merken Sie sich die optimale, g\u00fcnstigste Aktion mit zwei beliebigen Karten gegen jede offene Karte des Dealers.<\/p>\n<h2>Wie man sich eine grundlegende Strategie merkt<\/h2>\n<p>Es kann sich \u00fcberw\u00e4ltigend anf\u00fchlen, alle verschiedenen Kombinationen von Startkarten mit einer grundlegenden Strategie anzugehen, aber zum Gl\u00fcck gibt es eine Menge Faustregeln, die den Prozess vereinfachen k\u00f6nnen. Hier sind einige der wichtigsten, effektivsten und leicht zu merkenden Strategien, die Ihnen auf dem Weg zu einem soliden Blackjack-Spiel helfen.<\/p>\n<h3>\u00dcberlassung von<\/h3>\n<p><strong>Aufgeben<\/strong> <strong>16<\/strong> gegen <strong>9<\/strong> \u00fcber<strong> Ace<\/strong>.<\/p>\n<p><strong>Aufgeben<\/strong> <strong>15<\/strong> gegen eine <strong>10<\/strong> nur (es sei denn, Sie verwenden H17-Regeln, dann geben Sie gegen Ass auf)<\/p>\n<h3>Aufteilung<\/h3>\n<p><strong>Immer<\/strong> Teilen <strong>Asse<\/strong><\/p>\n<p><strong>Niemals<\/strong> Teilen <strong>Gesichter<\/strong> (10 Wertkarten)<\/p>\n<p><strong>Immer<\/strong> Teilen <strong>8s <\/strong>(Es sei denn, Sie verwenden die H17-Regeln, dann geben Sie gegen ein Ass auf)<\/p>\n<p><strong>Niemals<\/strong> Teilen <strong>5s<\/strong><\/p>\n<p><strong>Teilen<\/strong> ein Paar <strong>9s<\/strong> gegen einen H\u00e4ndler <strong>2<\/strong> \u00fcber <strong>9<\/strong>au\u00dfer einer Dealer 7 (da Ihre 18 deren 17 schl\u00e4gt)<\/p>\n<p><strong>Teilen<\/strong> ein Paar <strong>7s<\/strong> gegen einen H\u00e4ndler <strong>2<\/strong> \u00fcber <strong>7<\/strong>auf etwas anderes treffen.<\/p>\n<p><strong>Teilen<\/strong> ein Paar <strong>6s<\/strong> gegen einen H\u00e4ndler <strong>2<\/strong> \u00fcber <strong>6<\/strong>auf etwas anderes treffen.<\/p>\n<p><strong>Teilen<\/strong> ein Paar <strong>4s<\/strong> gegen einen H\u00e4ndler <strong>5<\/strong> oder <strong>6<\/strong> wenn Sie sich danach verdoppeln k\u00f6nnen, ansonsten schlagen.<\/p>\n<p><strong>Teilen<\/strong> ein Paar <strong>3s<\/strong> gegen einen H\u00e4ndler <strong>2<\/strong> \u00fcber <strong>7<\/strong>auf etwas anderes treffen.<\/p>\n<p><strong>Teilen<\/strong> ein Paar <strong>2s<\/strong> gegen einen H\u00e4ndler <strong>2<\/strong> \u00fcber <strong>7<\/strong>auf etwas anderes treffen.<\/p>\n<h3>Verdoppelung<\/h3>\n<p><strong>Doppelter<\/strong> eine <strong>11<\/strong> gegen alles au\u00dfer einem Ass (bei H17-Regeln auch doppelt gegen Ass)<\/p>\n<p><strong>Doppelter<\/strong> a <strong>10<\/strong> gegen alles au\u00dfer einer 10 oder einem Ass<\/p>\n<p><strong>Doppelter<\/strong> eine harte <strong>9<\/strong> gegen einen H\u00e4ndler <strong>3<\/strong> \u00fcber <strong>6<\/strong>.<\/p>\n<p><strong>Niemals<\/strong> doppelt so hart <strong>8<\/strong>.<\/p>\n<p><strong>Doppelter<\/strong> a <strong>weich<\/strong> <strong>13<\/strong> oder <strong>14<\/strong> gegen einen H\u00e4ndler <strong>5<\/strong> oder <strong>6<\/strong>.<\/p>\n<p><strong>Doppelter<\/strong> a <strong>weich 15<\/strong> oder <strong>16<\/strong> gegen einen H\u00e4ndler <strong>4<\/strong> \u00fcber <strong>6<\/strong>.<\/p>\n<p><strong>Doppelter<\/strong> a <strong>weich<\/strong> <strong>17<\/strong> oder <strong>18<\/strong> gegen einen H\u00e4ndler <strong>3<\/strong> \u00fcber <strong>6<\/strong>.<\/p>\n<p><strong>Doppelter<\/strong> a <strong>weich 19<\/strong> gegen einen H\u00e4ndler <strong>6<\/strong> bei Verwendung <strong>H17<\/strong> Regeln.<\/p>\n<h3>Schlagen und Stehen<\/h3>\n<p><strong>Stand<\/strong> auf <strong>17<\/strong> und aufw\u00e4rts<\/p>\n<p><strong>Stand<\/strong> in einem <strong>13<\/strong>, <strong>14<\/strong>, <strong>15<\/strong>, oder <strong>16<\/strong> gegen eine <strong>2<\/strong> \u00fcber <strong>6<\/strong>, Treffer gegen jede andere Karte<\/p>\n<p><strong>Stand<\/strong> in einem <strong>12<\/strong> gegen einen H\u00e4ndler <strong>4<\/strong> \u00fcber <strong>6<\/strong>gegen eine beliebige andere Karte treffen.<\/p>\n<p><strong>Immer<\/strong> alles unter der weichen 17 treffen.<\/p>\n<p><strong>Stand<\/strong> auf <strong>weich 19<\/strong> und aufw\u00e4rts.<\/p>\n<h2>Was kommt als N\u00e4chstes?<\/h2>\n<p>Sie sollten die obigen Informationen in Verbindung mit unserer <strong>Blackjack Basic Strategy Engine<\/strong> w\u00e4hrend Sie das Blackjack-Spielen \u00fcben. Sie sind noch nicht bereit, in einem Casino zu spielen, bei weitem nicht. Selbst wenn Sie schon einmal gespielt haben und dabei gut abgeschnitten haben, sollten Sie nicht zur\u00fcckkehren, bevor Sie die grundlegende Strategie wie Ihre Westentasche kennen.<\/p>\n<p>Der beste Weg zum \u00dcben ist der Einsatz von Software wie unserer <a href=\"https:\/\/www.blackjackinfo.com\/blackjack-strategy-trainer\/\">Blackjack-Trainer<\/a>\u00a0oder\u00a0<a href=\"https:\/\/www.blackjackinfo.com\/casino-verite-blackjack-the-ultimate-practice-tool\/\">Casino V\u00e9rit\u00e9 Blackjack<\/a> um Ihre F\u00e4higkeiten zu verbessern und herauszufinden, in welchen Bereichen Sie Schwierigkeiten haben, z. B. beim Aufgeben oder beim Spielen von Soft Hands. Sobald Sie eine Vielzahl von Szenarien fehlerfrei spielen k\u00f6nnen, sind Sie bereit, in einer Casinoumgebung zu \u00fcben.<\/p>\n<p>Denken Sie daran, dass es schwieriger sein kann, sich an eine perfekte Grundstrategie zu erinnern, wenn eine Kellnerin Getr\u00e4nkebestellungen ausruft, ein Pit Boss nach Ihrer Karte fragt und Spieler versuchen, Konversation zu machen, also gehen Sie erst ins Casino, wenn Sie wirklich bereit sind. Bitten Sie andere Spieler auch nicht um Rat. Sie wenden sich absichtlich gegen grundlegende Strategien, wenn die Mathematik nicht mit ihrem Aberglauben \u00fcber den Fluss der Karten \u00fcbereinstimmt, und sie werden Ihnen oft sagen, wie verr\u00fcckt Sie sind, eine weiche 18 gegen eine 9 oder 10 des Dealers zu treffen.<\/p>\n<h2>Andere Tools zur Unterst\u00fctzung der Basisstrategie<\/h2>\n<ul>\n<li><a href=\"https:\/\/www.blackjackinfo.com\/blackjack-strategy-trainer\/\">Blackjack Strategie Trainer<\/a> - Unser Original-Blackjack-Trainer ist ein interaktives Coaching-Tool, das Ihnen Hinweise gibt, ob Sie die richtige Entscheidung getroffen haben oder nicht.  Wir haben auch eine mobilfreundliche Version davon <a href=\"https:\/\/www.blackjackinfo.com\/blackjackinfo-blackjack-strategy-trainer\/\">hier<\/a>.<\/li>\n<li><a href=\"https:\/\/www.blackjackinfo.com\/blackjack-basic-strategy-quiz\/\">Blackjack-Quiz<\/a> - Eine Reihe von 20 Fragen, um festzustellen, ob Sie wirklich eine grundlegende Strategie kennen.<\/li>\n<li>Phyiskalische Strategiediagramme - Sie k\u00f6nnen auch eine physische Plastikversion der Strategiediagramme im Brieftaschenformat erwerben <a href=\"\/card\/\">hier<\/a>.<\/li>\n<li><a href=\"https:\/\/www.blackjackinfo.com\/goto\/casino-verite\/\">Casino V\u00e9rit\u00e9 Blackjack<\/a>\u00a0- Ein umfassendes Tool, mit dem Sie Ihr Wissen \u00fcber Blackjack-Strategien testen k\u00f6nnen.  Unseren Testbericht zu dieser Software finden Sie <a href=\"https:\/\/www.blackjackinfo.com\/casino-verite-blackjack-the-ultimate-practice-tool\/\">hier<\/a>.<\/li>\n<\/ul>\n<p>&nbsp;<\/p>","protected":false},"excerpt":{"rendered":"<p>What is Basic Strategy? Looking for a way to cut the casino\u2019s edge down to a marginal amount? Basic strategy is a mathematically calculated set of decisions that can help you win more at blackjack. The Blackjack Basic Strategy Engine above provides a simple way to memorize a variety of different profitable decisions, such as [&hellip;]<\/p>\n","protected":false},"author":2,"featured_media":0,"parent":0,"menu_order":0,"comment_status":"open","ping_status":"open","template":"","meta":{"_acf_changed":false,"footnotes":""},"tags":[],"class_list":["post-581","page","type-page","status-publish","hentry"],"acf":[],"yoast_head":"<!-- This site is optimized with the Yoast SEO plugin v26.6 - https:\/\/yoast.com\/wordpress\/plugins\/seo\/ -->\n<title>Blackjack Strategy Charts - Generate Charts for 1-8 Decks<\/title>\n<meta name=\"description\" content=\"Founded in 1998, our basic blackjack strategy engine generates optimal strategy charts for 1\/2\/3\/4\/5\/6\/7\/8 decks. Allows custom filters for variations too\" \/>\n<meta name=\"robots\" content=\"index, follow, max-snippet:-1, max-image-preview:large, max-video-preview:-1\" \/>\n<link rel=\"canonical\" href=\"https:\/\/www.blackjackinfo.com\/de\/blackjack-basic-strategy-engine\/\" \/>\n<meta property=\"og:locale\" content=\"de_DE\" \/>\n<meta property=\"og:type\" content=\"article\" \/>\n<meta property=\"og:title\" content=\"Blackjack Strategy Charts - Generate Charts for 1-8 Decks\" \/>\n<meta property=\"og:description\" content=\"Founded in 1998, our basic blackjack strategy engine generates optimal strategy charts for 1\/2\/3\/4\/5\/6\/7\/8 decks. Allows custom filters for variations too\" \/>\n<meta property=\"og:url\" content=\"https:\/\/www.blackjackinfo.com\/de\/blackjack-basic-strategy-engine\/\" \/>\n<meta property=\"og:site_name\" content=\"BlackjackInfo.com\" \/>\n<meta property=\"article:modified_time\" content=\"2026-04-02T10:08:33+00:00\" \/>\n<meta name=\"twitter:label1\" content=\"Gesch\u00e4tzte Lesezeit\" \/>\n\t<meta name=\"twitter:data1\" content=\"6\u00a0Minuten\" \/>\n<script type=\"application\/ld+json\" class=\"yoast-schema-graph\">{\"@context\":\"https:\/\/schema.org\",\"@graph\":[{\"@type\":\"WebPage\",\"@id\":\"https:\/\/www.blackjackinfo.com\/blackjack-basic-strategy-engine\/\",\"url\":\"https:\/\/www.blackjackinfo.com\/blackjack-basic-strategy-engine\/\",\"name\":\"Blackjack Strategy Charts - Generate Charts for 1-8 Decks\",\"isPartOf\":{\"@id\":\"https:\/\/www.blackjackinfo.com\/#website\"},\"datePublished\":\"2014-10-07T22:31:38+00:00\",\"dateModified\":\"2026-04-02T10:08:33+00:00\",\"description\":\"Founded in 1998, our basic blackjack strategy engine generates optimal strategy charts for 1\/2\/3\/4\/5\/6\/7\/8 decks. Allows custom filters for variations too\",\"breadcrumb\":{\"@id\":\"https:\/\/www.blackjackinfo.com\/blackjack-basic-strategy-engine\/#breadcrumb\"},\"inLanguage\":\"de\",\"potentialAction\":[{\"@type\":\"ReadAction\",\"target\":[\"https:\/\/www.blackjackinfo.com\/blackjack-basic-strategy-engine\/\"]}]},{\"@type\":\"BreadcrumbList\",\"@id\":\"https:\/\/www.blackjackinfo.com\/blackjack-basic-strategy-engine\/#breadcrumb\",\"itemListElement\":[{\"@type\":\"ListItem\",\"position\":1,\"name\":\"Home\",\"item\":\"https:\/\/www.blackjackinfo.com\/\"},{\"@type\":\"ListItem\",\"position\":2,\"name\":\"Blackjack Basic Strategy Charts\"}]},{\"@type\":\"WebSite\",\"@id\":\"https:\/\/www.blackjackinfo.com\/#website\",\"url\":\"https:\/\/www.blackjackinfo.com\/\",\"name\":\"BlackjackInfo.com\",\"description\":\"Because Winning is More Fun!\",\"potentialAction\":[{\"@type\":\"SearchAction\",\"target\":{\"@type\":\"EntryPoint\",\"urlTemplate\":\"https:\/\/www.blackjackinfo.com\/?s={search_term_string}\"},\"query-input\":{\"@type\":\"PropertyValueSpecification\",\"valueRequired\":true,\"valueName\":\"search_term_string\"}}],\"inLanguage\":\"de\"}]}<\/script>\n<!-- \/ Yoast SEO plugin. -->","yoast_head_json":{"title":"Blackjack Strategie Charts - Charts f\u00fcr 1-8 Decks generieren","description":"Unsere 1998 gegr\u00fcndete grundlegende Blackjack-Strategie-Engine generiert optimale Strategiediagramme f\u00fcr 1\/2\/3\/4\/5\/6\/7\/8 Decks. Erlaubt auch benutzerdefinierte Filter f\u00fcr Variationen","robots":{"index":"index","follow":"follow","max-snippet":"max-snippet:-1","max-image-preview":"max-image-preview:large","max-video-preview":"max-video-preview:-1"},"canonical":"https:\/\/www.blackjackinfo.com\/de\/blackjack-basic-strategy-engine\/","og_locale":"de_DE","og_type":"article","og_title":"Blackjack Strategy Charts - Generate Charts for 1-8 Decks","og_description":"Founded in 1998, our basic blackjack strategy engine generates optimal strategy charts for 1\/2\/3\/4\/5\/6\/7\/8 decks. Allows custom filters for variations too","og_url":"https:\/\/www.blackjackinfo.com\/de\/blackjack-basic-strategy-engine\/","og_site_name":"BlackjackInfo.com","article_modified_time":"2026-04-02T10:08:33+00:00","twitter_misc":{"Gesch\u00e4tzte Lesezeit":"6\u00a0Minuten"},"schema":{"@context":"https:\/\/schema.org","@graph":[{"@type":"WebPage","@id":"https:\/\/www.blackjackinfo.com\/blackjack-basic-strategy-engine\/","url":"https:\/\/www.blackjackinfo.com\/blackjack-basic-strategy-engine\/","name":"Blackjack Strategie Charts - Charts f\u00fcr 1-8 Decks generieren","isPartOf":{"@id":"https:\/\/www.blackjackinfo.com\/#website"},"datePublished":"2014-10-07T22:31:38+00:00","dateModified":"2026-04-02T10:08:33+00:00","description":"Unsere 1998 gegr\u00fcndete grundlegende Blackjack-Strategie-Engine generiert optimale Strategiediagramme f\u00fcr 1\/2\/3\/4\/5\/6\/7\/8 Decks. Erlaubt auch benutzerdefinierte Filter f\u00fcr Variationen","breadcrumb":{"@id":"https:\/\/www.blackjackinfo.com\/blackjack-basic-strategy-engine\/#breadcrumb"},"inLanguage":"de","potentialAction":[{"@type":"ReadAction","target":["https:\/\/www.blackjackinfo.com\/blackjack-basic-strategy-engine\/"]}]},{"@type":"BreadcrumbList","@id":"https:\/\/www.blackjackinfo.com\/blackjack-basic-strategy-engine\/#breadcrumb","itemListElement":[{"@type":"ListItem","position":1,"name":"Home","item":"https:\/\/www.blackjackinfo.com\/"},{"@type":"ListItem","position":2,"name":"Blackjack Basic Strategy Charts"}]},{"@type":"WebSite","@id":"https:\/\/www.blackjackinfo.com\/#website","url":"https:\/\/www.blackjackinfo.com\/","name":"BlackjackInfo.de","description":"Denn Gewinnen macht mehr Spa\u00df!","potentialAction":[{"@type":"SearchAction","target":{"@type":"EntryPoint","urlTemplate":"https:\/\/www.blackjackinfo.com\/?s={search_term_string}"},"query-input":{"@type":"PropertyValueSpecification","valueRequired":true,"valueName":"search_term_string"}}],"inLanguage":"de"}]}},"_links":{"self":[{"href":"https:\/\/www.blackjackinfo.com\/de\/wp-json\/wp\/v2\/pages\/581","targetHints":{"allow":["GET"]}}],"collection":[{"href":"https:\/\/www.blackjackinfo.com\/de\/wp-json\/wp\/v2\/pages"}],"about":[{"href":"https:\/\/www.blackjackinfo.com\/de\/wp-json\/wp\/v2\/types\/page"}],"author":[{"embeddable":true,"href":"https:\/\/www.blackjackinfo.com\/de\/wp-json\/wp\/v2\/users\/2"}],"replies":[{"embeddable":true,"href":"https:\/\/www.blackjackinfo.com\/de\/wp-json\/wp\/v2\/comments?post=581"}],"version-history":[{"count":23,"href":"https:\/\/www.blackjackinfo.com\/de\/wp-json\/wp\/v2\/pages\/581\/revisions"}],"predecessor-version":[{"id":10427,"href":"https:\/\/www.blackjackinfo.com\/de\/wp-json\/wp\/v2\/pages\/581\/revisions\/10427"}],"wp:attachment":[{"href":"https:\/\/www.blackjackinfo.com\/de\/wp-json\/wp\/v2\/media?parent=581"}],"wp:term":[{"taxonomy":"post_tag","embeddable":true,"href":"https:\/\/www.blackjackinfo.com\/de\/wp-json\/wp\/v2\/tags?post=581"}],"curies":[{"name":"wp","href":"https:\/\/api.w.org\/{rel}","templated":true}]}}