{"id":585,"date":"2014-10-08T11:17:41","date_gmt":"2014-10-08T16:17:41","guid":{"rendered":"http:\/\/test.blackjackinfo.com\/?page_id=585"},"modified":"2018-06-22T02:43:00","modified_gmt":"2018-06-22T07:43:00","slug":"datenschutzbestimmungen","status":"publish","type":"page","link":"https:\/\/www.blackjackinfo.com\/de\/privacy-policy\/","title":{"rendered":"Datenschutzrichtlinie"},"content":{"rendered":"<p>Bei BlackjackInfo bem\u00fchen wir uns, die \"Goldene Regel\" als Leitfaden f\u00fcr die Verwendung aller Daten, die Sie uns zur Verf\u00fcgung stellen, zu verwenden.<\/p>\n<p>Das hei\u00dft, wir behandeln Ihre Daten mit der gleichen Sicherheit und Wachsamkeit, die wir auch von uns selbst erwarten w\u00fcrden.  In der heutigen Internetumgebung ist ein gewisser Umgang mit Besucherinformationen notwendig. Im Folgenden erfahren Sie, was wir mit den Informationen tun, die Sie uns zur Verf\u00fcgung stellen.<\/p>\n<h3>Kommentare<\/h3>\n<p>Wenn Besucher Kommentare auf der Website hinterlassen, erfassen wir die im Kommentarformular angezeigten Daten sowie die IP-Adresse des Besuchers und den User-Agent-String des Browsers, um die Spam-Erkennung zu erleichtern.<\/p>\n<p>Eine anonymisierte Zeichenfolge, die aus Ihrer E-Mail-Adresse erstellt wird (auch Hash genannt), kann dem Gravatar-Dienst zur Verf\u00fcgung gestellt werden, um zu sehen, ob Sie ihn benutzen. Die Datenschutzrichtlinien des Gravatar-Dienstes finden Sie hier: https:\/\/automattic.com\/privacy\/. Nach der Freigabe Ihres Kommentars ist Ihr Profilbild im Zusammenhang mit Ihrem Kommentar \u00f6ffentlich sichtbar.<\/p>\n<h3>Wenn Sie sich f\u00fcr unseren kostenlosen E-Mail-Newsletter anmelden:<\/h3>\n<p>Wir m\u00f6chten nicht, dass unsere E-Mail-Adresse an andere weitergegeben wird, also sind wir auch bei Ihrer Adresse sehr wachsam.<\/p>\n<ul>\n<li>Wir geben unsere Liste nicht an andere Websites weiter. Daher wird jede Nachricht, die Sie als Ergebnis Ihres Abonnements erhalten, deutlich angeben, dass sie von BlackjackInfo.com stammt.<\/li>\n<li>Jede Nachricht, die Sie erhalten, enth\u00e4lt einen Link, \u00fcber den Sie Ihre Adresse von der E-Mail-Liste streichen k\u00f6nnen, wenn Sie dies w\u00fcnschen.<\/li>\n<li>Zum weiteren Schutz wird bei jeder Hinzuf\u00fcgung oder L\u00f6schung einer Adresse zu unserer Liste eine Best\u00e4tigung an die Adresse geschickt, aus der die Uhrzeit und die IP-Adresse des verantwortlichen Nutzers hervorgehen.<\/li>\n<li>F\u00fcr die E-Mail-Liste verwenden wir <a href=\"https:\/\/mailchimp.com\/\">MailChimp<\/a> zum Speichern und Versenden von Newslettern und fragen keine weiteren Informationen \u00fcber Sie ab.  Wir haben nur Ihre E-Mail-Adresse, keine tats\u00e4chlichen Namen oder Adressdaten.<\/li>\n<li>Wir treffen alle angemessenen Vorkehrungen, um unsere Benutzerdaten zu sch\u00fctzen, indem wir unsere Server und Software so sicher wie m\u00f6glich halten.<\/li>\n<\/ul>\n<h3>Aktivit\u00e4tsprotokollierung<\/h3>\n<p>Wie bei allen Websites erzeugt die Interaktion eines jeden Besuchers mit dieser Website eine Vielzahl von Eintr\u00e4gen in den Protokolldateien unseres Servers.  Diese Protokolle enthalten das Datum und die Uhrzeit Ihres Besuchs, die IP-Adresse, von der aus Sie uns besuchen, und alle Angaben zu Ihrem Computer oder Browser, die von Ihrem Browser bereitgestellt werden.  Diese Zugriffsdaten enthalten keine pers\u00f6nlich identifizierbaren Informationen, obwohl es m\u00f6glich w\u00e4re, einen Besuch mit einem bestimmten Benutzer in Verbindung zu bringen, wenn Sie solche Informationen durch Ihre Interaktion zur Verf\u00fcgung stellen w\u00fcrden.  Dies ist keine normale Verwendung der Protokolle, aber wir k\u00f6nnen dies im Falle von Betrug oder b\u00f6swilligen Aktivit\u00e4ten tun.<\/p>\n<h3>Google Analytics<\/h3>\n<p>Wie die meisten Websites verwendet auch diese Website Google Analytics, um zu verfolgen, wie die Nutzer unsere Website finden und nutzen.  Google Analytics verwendet \"Cookies\", d.h. Textdateien, die auf Ihrem Computer gespeichert werden, um Protokolldaten und Besucherverhalten in anonymer Form zu erfassen. Die von dem Cookie erzeugten Informationen \u00fcber Ihre Nutzung der Website werden an Google \u00fcbermittelt.  Diese Informationen werden dann verwendet, um Berichte \u00fcber die Nutzung der Website zu erstellen.  Die Nutzungsbedingungen von Google f\u00fcr die gesammelten Daten finden Sie unter\u00a0<a title=\"Google Analytics Datenschutzbestimmungen\" href=\"https:\/\/www.google.com\/intl\/en\/policies\/privacy\/partners\/\">https:\/\/www.google.com\/intl\/en\/policies\/privacy\/partners\/<\/a><\/p>\n<p>Sie k\u00f6nnen w\u00e4hlen, ob Sie Cookies akzeptieren oder ablehnen. Die meisten Webbrowser akzeptieren sie automatisch, aber Sie k\u00f6nnen die Einstellungen Ihres Browsers \u00e4ndern, um Cookies abzulehnen. Wenn Sie Cookies ablehnen, indem Sie die Einstellungen Ihres Browsers \u00e4ndern, beachten Sie bitte, dass dadurch einige Funktionen auf unserer Website deaktiviert werden k\u00f6nnen.<\/p>\n<h3>Unsere Verwendung von Cookies<\/h3>\n<p>Apropos \"Cookies\": Wir k\u00f6nnen sie auf dieser Website aus verschiedenen Gr\u00fcnden verwenden, um das Funktionieren der Website zu erleichtern.  Wir verwenden sie nicht, um Ihre Besuche zu einem anderen Zweck zu verfolgen.  Beispiele f\u00fcr die Verwendung von Cookies sind Dinge wie die Speicherung Ihrer Anmeldedaten oder die Verwaltung der Eingabe einer Bestellung im Gesch\u00e4ft.<\/p>\n<h3>Anzeigenkunden-Beziehungen<\/h3>\n<p>Wir k\u00f6nnen den Besuchern dieser Website Werbung anzeigen, und in einigen F\u00e4llen k\u00f6nnen die Werbebilder direkt von unseren Werbepartnern stammen.  Diese Werbepartner sind in der Lage, die \u00fcblichen Internet-Protokollinformationen f\u00fcr diese Anfragen zu sehen, die typische anonyme Protokolldateidaten enthalten.  Unseren Werbepartnern werden \u00fcber unsere Website keine pers\u00f6nlich identifizierbaren Informationen zur Verf\u00fcgung gestellt, aber alle Browsereinstellungen auf Ihrem Computer, die sich auf die mit jeder Anfrage gesendeten Daten auswirken, sind nat\u00fcrlich anwendbar.  Dazu geh\u00f6ren in der Regel Cookies, User-Agent-Informationen und Informationen zur Softwareversion.<\/p>\n<h3>Partnerschaften<\/h3>\n<p>Bei einigen unserer Werbebeziehungen handelt es sich um Partnerschaften, bei denen die Herausgeber auf Provisionsbasis f\u00fcr Gesch\u00e4fte belohnt werden, die sich aus den Anzeigen auf der Website ergeben.  Wenn Sie sich daf\u00fcr entscheiden, mit einem auf unserer Website pr\u00e4sentierten Werbetreibenden Gesch\u00e4fte zu machen, hat das Unternehmen in jedem Fall eine Datenschutzrichtlinie, die die Verwendung Ihrer Daten regelt.  Diese Richtlinien sind sehr unterschiedlich.  In vielen F\u00e4llen erlauben diese Richtlinien einem Unternehmen, zusammengefasste Details von Transaktionen mit seinen Werbepartnern zu teilen.  Diese Informationen enthalten zwar in der Regel keine pers\u00f6nlich identifizierbaren Daten, aber die tats\u00e4chliche Beschr\u00e4nkung dessen, was verf\u00fcgbar ist, unterliegt den Datenschutzrichtlinien des Werbepartners, die Sie auf dessen Website finden k\u00f6nnen.  In jedem Fall werden wir die uns zur Verf\u00fcgung gestellten Informationen nicht in einer Weise nutzen, die gegen unsere \"Goldene Regel\" verst\u00f6\u00dft.<\/p>\n<h3>Offenlegung und Weitergabe von Informationen<\/h3>\n<p>Ihre pers\u00f6nlichen Daten werden nicht an Dritte weitergegeben, es sei denn, Sie haben ein Produkt oder eine Dienstleistung von uns angefordert oder:<\/p>\n<p>Wir sind verpflichtet, die Informationen an die Partner weiterzugeben, die entweder eine Vertraulichkeitsvereinbarung mit uns haben oder in unserem Auftrag arbeiten. Ihre pers\u00f6nlichen Daten k\u00f6nnen von diesen Unternehmen verwendet werden, um uns dabei zu helfen, Ihnen Angebote von uns und unseren Marketingpartnern zu \u00fcbermitteln, aber sie haben kein Recht, diese Informationen unabh\u00e4ngig weiterzugeben;<br \/>\nAls Reaktion auf gerichtliche Anordnungen, Vorladungen und rechtliche Verfahren;<br \/>\nIm Falle von Ermittlungen, zur Vorbeugung, zur Bek\u00e4mpfung illegaler Aktivit\u00e4ten, bei potenziellen Bedrohungen der physischen Sicherheit von Personen, bei Betrugsverdacht, bei Verst\u00f6\u00dfen gegen unsere Allgemeinen Gesch\u00e4ftsbedingungen oder im Falle anderer gesetzlicher Anforderungen;<\/p>\n<p>Im Falle einer \u00dcbernahme oder eines Zusammenschlusses werden Sie benachrichtigt, bevor Ihre personenbezogenen Daten \u00fcbertragen werden und einer neuen Datenschutzrichtlinie unterliegen;<\/p>\n<p>Wenn Sie eine von uns angezeigte, auf pers\u00f6nlichen Daten basierende zielgerichtete Anzeige betrachten oder mit ihr interagieren, stimmen Sie der M\u00f6glichkeit zu, dass der Werbetreibende davon ausgeht, dass Sie die f\u00fcr die Anzeige verwendeten Zielkriterien erf\u00fcllen. Dennoch stellen wir dem Werbetreibenden keine pers\u00f6nlichen Informationen zur Verf\u00fcgung. Die Inserenten kommen aus verschiedenen Branchen, darunter Kasinos, H\u00e4ndler und Reisedienste.<\/p>\n<h3>Aktualisierungen und \u00c4nderungen der Datenschutzrichtlinie<\/h3>\n<p>Wir k\u00f6nnen \u00c4nderungen an dieser Datenschutzrichtlinie vornehmen. Im Falle bedeutender Aktualisierungen, die sich direkt auf den Umgang mit Ihren pers\u00f6nlichen Daten beziehen, werden Sie \u00fcber Ihre registrierte E-Mail-Adresse und\/oder einen auf unserer Website angezeigten Hinweis informiert.<\/p>\n<h3>Ein letztes Wort<\/h3>\n<p>Was f\u00fcr ein Kleingedrucktes, nicht wahr?!  Das ist einfach die Welt, in der wir heutzutage leben.<\/p>\n<p>Viele Jahre lang haben wir eine einfache \"No-Nonsense\"-Datenschutzerkl\u00e4rung verwendet, die in nur wenige Zeilen passte.  Unsere Absicht hat sich nie ge\u00e4ndert, wohl aber die Anforderungen, all diese Details zu erw\u00e4hnen.<\/p>\n<p>Nur um das klarzustellen: Wir wollen Ihre Daten mit der Sorgfalt behandeln, die sie verdienen, und sie auf jede erdenkliche Weise sch\u00fctzen.<\/p>","protected":false},"excerpt":{"rendered":"<p>BlackjackInfo.com Datenschutzbestimmungen<\/p>","protected":false},"author":2,"featured_media":0,"parent":0,"menu_order":0,"comment_status":"closed","ping_status":"closed","template":"","meta":{"_acf_changed":false,"footnotes":""},"tags":[],"class_list":["post-585","page","type-page","status-publish","hentry"],"acf":[],"yoast_head":"<!-- This site is optimized with the Yoast SEO plugin v26.6 - https:\/\/yoast.com\/wordpress\/plugins\/seo\/ -->\n<title>Privacy Policy<\/title>\n<meta name=\"description\" content=\"BlackjackInfo.com Privacy Policy\" \/>\n<meta name=\"robots\" content=\"index, follow, max-snippet:-1, max-image-preview:large, max-video-preview:-1\" \/>\n<link rel=\"canonical\" href=\"https:\/\/www.blackjackinfo.com\/de\/datenschutzbestimmungen\/\" \/>\n<meta property=\"og:locale\" content=\"de_DE\" \/>\n<meta property=\"og:type\" content=\"article\" \/>\n<meta property=\"og:title\" content=\"Privacy Policy\" \/>\n<meta property=\"og:description\" content=\"BlackjackInfo.com Privacy Policy\" \/>\n<meta property=\"og:url\" content=\"https:\/\/www.blackjackinfo.com\/de\/datenschutzbestimmungen\/\" \/>\n<meta property=\"og:site_name\" content=\"BlackjackInfo.com\" \/>\n<meta property=\"article:modified_time\" content=\"2018-06-22T07:43:00+00:00\" \/>\n<meta name=\"twitter:label1\" content=\"Gesch\u00e4tzte Lesezeit\" \/>\n\t<meta name=\"twitter:data1\" content=\"6\u00a0Minuten\" \/>\n<script type=\"application\/ld+json\" class=\"yoast-schema-graph\">{\"@context\":\"https:\/\/schema.org\",\"@graph\":[{\"@type\":\"WebPage\",\"@id\":\"https:\/\/www.blackjackinfo.com\/privacy-policy\/\",\"url\":\"https:\/\/www.blackjackinfo.com\/privacy-policy\/\",\"name\":\"Privacy Policy\",\"isPartOf\":{\"@id\":\"https:\/\/www.blackjackinfo.com\/#website\"},\"datePublished\":\"2014-10-08T16:17:41+00:00\",\"dateModified\":\"2018-06-22T07:43:00+00:00\",\"description\":\"BlackjackInfo.com Privacy Policy\",\"breadcrumb\":{\"@id\":\"https:\/\/www.blackjackinfo.com\/privacy-policy\/#breadcrumb\"},\"inLanguage\":\"de\",\"potentialAction\":[{\"@type\":\"ReadAction\",\"target\":[\"https:\/\/www.blackjackinfo.com\/privacy-policy\/\"]}]},{\"@type\":\"BreadcrumbList\",\"@id\":\"https:\/\/www.blackjackinfo.com\/privacy-policy\/#breadcrumb\",\"itemListElement\":[{\"@type\":\"ListItem\",\"position\":1,\"name\":\"Home\",\"item\":\"https:\/\/www.blackjackinfo.com\/\"},{\"@type\":\"ListItem\",\"position\":2,\"name\":\"Privacy Policy\"}]},{\"@type\":\"WebSite\",\"@id\":\"https:\/\/www.blackjackinfo.com\/#website\",\"url\":\"https:\/\/www.blackjackinfo.com\/\",\"name\":\"BlackjackInfo.com\",\"description\":\"Because Winning is More Fun!\",\"potentialAction\":[{\"@type\":\"SearchAction\",\"target\":{\"@type\":\"EntryPoint\",\"urlTemplate\":\"https:\/\/www.blackjackinfo.com\/?s={search_term_string}\"},\"query-input\":{\"@type\":\"PropertyValueSpecification\",\"valueRequired\":true,\"valueName\":\"search_term_string\"}}],\"inLanguage\":\"de\"}]}<\/script>\n<!-- \/ Yoast SEO plugin. -->","yoast_head_json":{"title":"Datenschutzrichtlinie","description":"BlackjackInfo.com Datenschutzbestimmungen","robots":{"index":"index","follow":"follow","max-snippet":"max-snippet:-1","max-image-preview":"max-image-preview:large","max-video-preview":"max-video-preview:-1"},"canonical":"https:\/\/www.blackjackinfo.com\/de\/datenschutzbestimmungen\/","og_locale":"de_DE","og_type":"article","og_title":"Privacy Policy","og_description":"BlackjackInfo.com Privacy Policy","og_url":"https:\/\/www.blackjackinfo.com\/de\/datenschutzbestimmungen\/","og_site_name":"BlackjackInfo.com","article_modified_time":"2018-06-22T07:43:00+00:00","twitter_misc":{"Gesch\u00e4tzte Lesezeit":"6\u00a0Minuten"},"schema":{"@context":"https:\/\/schema.org","@graph":[{"@type":"WebPage","@id":"https:\/\/www.blackjackinfo.com\/privacy-policy\/","url":"https:\/\/www.blackjackinfo.com\/privacy-policy\/","name":"Datenschutzrichtlinie","isPartOf":{"@id":"https:\/\/www.blackjackinfo.com\/#website"},"datePublished":"2014-10-08T16:17:41+00:00","dateModified":"2018-06-22T07:43:00+00:00","description":"BlackjackInfo.com Datenschutzbestimmungen","breadcrumb":{"@id":"https:\/\/www.blackjackinfo.com\/privacy-policy\/#breadcrumb"},"inLanguage":"de","potentialAction":[{"@type":"ReadAction","target":["https:\/\/www.blackjackinfo.com\/privacy-policy\/"]}]},{"@type":"BreadcrumbList","@id":"https:\/\/www.blackjackinfo.com\/privacy-policy\/#breadcrumb","itemListElement":[{"@type":"ListItem","position":1,"name":"Home","item":"https:\/\/www.blackjackinfo.com\/"},{"@type":"ListItem","position":2,"name":"Privacy Policy"}]},{"@type":"WebSite","@id":"https:\/\/www.blackjackinfo.com\/#website","url":"https:\/\/www.blackjackinfo.com\/","name":"BlackjackInfo.de","description":"Denn Gewinnen macht mehr Spa\u00df!","potentialAction":[{"@type":"SearchAction","target":{"@type":"EntryPoint","urlTemplate":"https:\/\/www.blackjackinfo.com\/?s={search_term_string}"},"query-input":{"@type":"PropertyValueSpecification","valueRequired":true,"valueName":"search_term_string"}}],"inLanguage":"de"}]}},"_links":{"self":[{"href":"https:\/\/www.blackjackinfo.com\/de\/wp-json\/wp\/v2\/pages\/585","targetHints":{"allow":["GET"]}}],"collection":[{"href":"https:\/\/www.blackjackinfo.com\/de\/wp-json\/wp\/v2\/pages"}],"about":[{"href":"https:\/\/www.blackjackinfo.com\/de\/wp-json\/wp\/v2\/types\/page"}],"author":[{"embeddable":true,"href":"https:\/\/www.blackjackinfo.com\/de\/wp-json\/wp\/v2\/users\/2"}],"replies":[{"embeddable":true,"href":"https:\/\/www.blackjackinfo.com\/de\/wp-json\/wp\/v2\/comments?post=585"}],"version-history":[{"count":8,"href":"https:\/\/www.blackjackinfo.com\/de\/wp-json\/wp\/v2\/pages\/585\/revisions"}],"predecessor-version":[{"id":3955,"href":"https:\/\/www.blackjackinfo.com\/de\/wp-json\/wp\/v2\/pages\/585\/revisions\/3955"}],"wp:attachment":[{"href":"https:\/\/www.blackjackinfo.com\/de\/wp-json\/wp\/v2\/media?parent=585"}],"wp:term":[{"taxonomy":"post_tag","embeddable":true,"href":"https:\/\/www.blackjackinfo.com\/de\/wp-json\/wp\/v2\/tags?post=585"}],"curies":[{"name":"wp","href":"https:\/\/api.w.org\/{rel}","templated":true}]}}