{"id":590,"date":"2014-10-08T13:54:13","date_gmt":"2014-10-08T18:54:13","guid":{"rendered":"http:\/\/test.blackjackinfo.com\/?page_id=590"},"modified":"2018-06-22T02:26:16","modified_gmt":"2018-06-22T07:26:16","slug":"mitteilung-an-die-partner","status":"publish","type":"page","link":"https:\/\/www.blackjackinfo.com\/de\/affiliate-notice\/","title":{"rendered":"Hinweis f\u00fcr Partner"},"content":{"rendered":"<h3>Was ist eine Partnerschaftsanzeige?<\/h3>\n<p>Viele der Anzeigen, die Sie auf BlackjackInfo sehen, basieren auf einer Affiliate-Partnerschaft, die wir mit dem beworbenen Produkt oder der beworbenen Marke haben.  Eine Affiliate-Werbung ist eine Werbung, bei der der Herausgeber auf Provisionsbasis f\u00fcr alle Produkte oder Dienstleistungen entsch\u00e4digt wird, die ein Besucher vom Werbetreibenden kauft, nachdem er \u00fcber einen Link auf dieser Website geklickt hat.<\/p>\n<h3>Die Verwendung eines Affiliate-Links erh\u00f6ht nicht Ihre Kosten<\/h3>\n<p>Wenn Sie einen unserer Inserenten \u00fcber einen unserer Links besuchen, erhalten Sie die gleichen Preise und das gleiche Angebot wie sonst auch, und vielleicht sogar mehr.  Tats\u00e4chlich schlie\u00dfen wir im Namen unserer Besucher oft exklusive Vertr\u00e4ge mit Werbetreibenden ab, um ein besseres Angebot zu erhalten.  In jedem Fall tragen Sie mit einem Klick auf einen unserer Affiliate-Links zur Unterst\u00fctzung dieser Website bei, <strong>ohne jegliche Kosten f\u00fcr Sie<\/strong>.<\/p>\n<h3>Wir sind sehr w\u00e4hlerisch bei Werbepartnern<\/h3>\n<p>Aufgrund der Beliebtheit dieser Website erhalten wir st\u00e4ndig Angebote von verschiedenen Unternehmen und Marken, die hoffen, mit BlackjackInfo \u00fcber Affiliate-Marketing zusammenzuarbeiten.  Wir lehnen jedoch fast alle davon ab.  Bevor wir uns entscheiden, mit einem Werbetreibenden ins Gesch\u00e4ft zu kommen, muss dieser unsere redaktionellen Standards erf\u00fcllen und uns davon \u00fcberzeugen, dass er unseren Besuchern ein faires Angebot macht.  Und wir h\u00f6ren nie auf, ihre Dienstleistungen zu pr\u00fcfen, um sicherzustellen, dass sie immer noch ein Partner sind, f\u00fcr den wir gerne werben.<\/p>\n<h3>Welche unserer Anzeigen sind Affiliate Links?<\/h3>\n<p>Obwohl nicht alle unsere Anzeigen Partneranzeigen sind, kann sich die Struktur einer bestimmten Werbevereinbarung \u00e4ndern.  Daher sollten Sie davon ausgehen, dass jeder Link, den Sie zu einer anderen Website anklicken, Teil einer Partnerschaftsvereinbarung sein kann.<\/p>\n<h3>Warum sollte man das \u00fcberhaupt erw\u00e4hnen?<\/h3>\n<p>Transparenz schafft Vertrauen, und wir hoffen, dass wir weiterhin eine vertrauensw\u00fcrdige Informationsquelle f\u00fcr die Blackjack- und Casinospiel-Community sein werden.  Affiliate-Marketing ist wirklich eine Win-Win-Win-Situation:  BlackjackInfo profitiert von einem Einkommensstrom; die Inserenten erhalten neue Kunden durch ihre Pr\u00e4senz hier; und Sie, die Besucher, erhalten den Vorteil der kontinuierlichen Entwicklung von kostenlosen Informationen und Ressourcen.  Das ist ein ziemlich gutes Gesch\u00e4ft f\u00fcr alle Beteiligten.<\/p>","protected":false},"excerpt":{"rendered":"<p>What is an Affiliate Ad? Many of the advertisements that you see on BlackjackInfo are based on an affiliate partnership we have with the product or brand being advertised.\u00a0 An affiliate ad is one where the publisher is compensated on a commission basis for any products or services that a visitor buys from the advertiser [&hellip;]<\/p>\n","protected":false},"author":2,"featured_media":0,"parent":0,"menu_order":0,"comment_status":"closed","ping_status":"closed","template":"","meta":{"_acf_changed":false,"footnotes":""},"tags":[],"class_list":["post-590","page","type-page","status-publish","hentry"],"acf":[],"yoast_head":"<!-- This site is optimized with the Yoast SEO plugin v26.6 - https:\/\/yoast.com\/wordpress\/plugins\/seo\/ -->\n<title>Affiliate Notice<\/title>\n<meta name=\"description\" content=\"What is an Affiliate Ad? Many of the advertisements that you see on BlackjackInfo are based on an affiliate partnership we have with the product or brand\" \/>\n<meta name=\"robots\" content=\"index, follow, max-snippet:-1, max-image-preview:large, max-video-preview:-1\" \/>\n<link rel=\"canonical\" href=\"https:\/\/www.blackjackinfo.com\/de\/mitteilung-an-die-partner\/\" \/>\n<meta property=\"og:locale\" content=\"de_DE\" \/>\n<meta property=\"og:type\" content=\"article\" \/>\n<meta property=\"og:title\" content=\"Affiliate Notice\" \/>\n<meta property=\"og:description\" content=\"What is an Affiliate Ad? Many of the advertisements that you see on BlackjackInfo are based on an affiliate partnership we have with the product or brand\" \/>\n<meta property=\"og:url\" content=\"https:\/\/www.blackjackinfo.com\/de\/mitteilung-an-die-partner\/\" \/>\n<meta property=\"og:site_name\" content=\"BlackjackInfo.com\" \/>\n<meta property=\"article:modified_time\" content=\"2018-06-22T07:26:16+00:00\" \/>\n<meta name=\"twitter:label1\" content=\"Gesch\u00e4tzte Lesezeit\" \/>\n\t<meta name=\"twitter:data1\" content=\"2\u00a0Minuten\" \/>\n<script type=\"application\/ld+json\" class=\"yoast-schema-graph\">{\"@context\":\"https:\/\/schema.org\",\"@graph\":[{\"@type\":\"WebPage\",\"@id\":\"https:\/\/www.blackjackinfo.com\/affiliate-notice\/\",\"url\":\"https:\/\/www.blackjackinfo.com\/affiliate-notice\/\",\"name\":\"Affiliate Notice\",\"isPartOf\":{\"@id\":\"https:\/\/www.blackjackinfo.com\/#website\"},\"datePublished\":\"2014-10-08T18:54:13+00:00\",\"dateModified\":\"2018-06-22T07:26:16+00:00\",\"description\":\"What is an Affiliate Ad? Many of the advertisements that you see on BlackjackInfo are based on an affiliate partnership we have with the product or brand\",\"breadcrumb\":{\"@id\":\"https:\/\/www.blackjackinfo.com\/affiliate-notice\/#breadcrumb\"},\"inLanguage\":\"de\",\"potentialAction\":[{\"@type\":\"ReadAction\",\"target\":[\"https:\/\/www.blackjackinfo.com\/affiliate-notice\/\"]}]},{\"@type\":\"BreadcrumbList\",\"@id\":\"https:\/\/www.blackjackinfo.com\/affiliate-notice\/#breadcrumb\",\"itemListElement\":[{\"@type\":\"ListItem\",\"position\":1,\"name\":\"Home\",\"item\":\"https:\/\/www.blackjackinfo.com\/\"},{\"@type\":\"ListItem\",\"position\":2,\"name\":\"Affiliate Notice\"}]},{\"@type\":\"WebSite\",\"@id\":\"https:\/\/www.blackjackinfo.com\/#website\",\"url\":\"https:\/\/www.blackjackinfo.com\/\",\"name\":\"BlackjackInfo.com\",\"description\":\"Because Winning is More Fun!\",\"potentialAction\":[{\"@type\":\"SearchAction\",\"target\":{\"@type\":\"EntryPoint\",\"urlTemplate\":\"https:\/\/www.blackjackinfo.com\/?s={search_term_string}\"},\"query-input\":{\"@type\":\"PropertyValueSpecification\",\"valueRequired\":true,\"valueName\":\"search_term_string\"}}],\"inLanguage\":\"de\"}]}<\/script>\n<!-- \/ Yoast SEO plugin. -->","yoast_head_json":{"title":"Hinweis f\u00fcr Partner","description":"Was ist eine Partneranzeige? Viele der Anzeigen, die Sie auf BlackjackInfo sehen, basieren auf einer Affiliate-Partnerschaft, die wir mit dem Produkt oder der Marke haben","robots":{"index":"index","follow":"follow","max-snippet":"max-snippet:-1","max-image-preview":"max-image-preview:large","max-video-preview":"max-video-preview:-1"},"canonical":"https:\/\/www.blackjackinfo.com\/de\/mitteilung-an-die-partner\/","og_locale":"de_DE","og_type":"article","og_title":"Affiliate Notice","og_description":"What is an Affiliate Ad? Many of the advertisements that you see on BlackjackInfo are based on an affiliate partnership we have with the product or brand","og_url":"https:\/\/www.blackjackinfo.com\/de\/mitteilung-an-die-partner\/","og_site_name":"BlackjackInfo.com","article_modified_time":"2018-06-22T07:26:16+00:00","twitter_misc":{"Gesch\u00e4tzte Lesezeit":"2\u00a0Minuten"},"schema":{"@context":"https:\/\/schema.org","@graph":[{"@type":"WebPage","@id":"https:\/\/www.blackjackinfo.com\/affiliate-notice\/","url":"https:\/\/www.blackjackinfo.com\/affiliate-notice\/","name":"Hinweis f\u00fcr Partner","isPartOf":{"@id":"https:\/\/www.blackjackinfo.com\/#website"},"datePublished":"2014-10-08T18:54:13+00:00","dateModified":"2018-06-22T07:26:16+00:00","description":"Was ist eine Partneranzeige? Viele der Anzeigen, die Sie auf BlackjackInfo sehen, basieren auf einer Affiliate-Partnerschaft, die wir mit dem Produkt oder der Marke haben","breadcrumb":{"@id":"https:\/\/www.blackjackinfo.com\/affiliate-notice\/#breadcrumb"},"inLanguage":"de","potentialAction":[{"@type":"ReadAction","target":["https:\/\/www.blackjackinfo.com\/affiliate-notice\/"]}]},{"@type":"BreadcrumbList","@id":"https:\/\/www.blackjackinfo.com\/affiliate-notice\/#breadcrumb","itemListElement":[{"@type":"ListItem","position":1,"name":"Home","item":"https:\/\/www.blackjackinfo.com\/"},{"@type":"ListItem","position":2,"name":"Affiliate Notice"}]},{"@type":"WebSite","@id":"https:\/\/www.blackjackinfo.com\/#website","url":"https:\/\/www.blackjackinfo.com\/","name":"BlackjackInfo.de","description":"Denn Gewinnen macht mehr Spa\u00df!","potentialAction":[{"@type":"SearchAction","target":{"@type":"EntryPoint","urlTemplate":"https:\/\/www.blackjackinfo.com\/?s={search_term_string}"},"query-input":{"@type":"PropertyValueSpecification","valueRequired":true,"valueName":"search_term_string"}}],"inLanguage":"de"}]}},"_links":{"self":[{"href":"https:\/\/www.blackjackinfo.com\/de\/wp-json\/wp\/v2\/pages\/590","targetHints":{"allow":["GET"]}}],"collection":[{"href":"https:\/\/www.blackjackinfo.com\/de\/wp-json\/wp\/v2\/pages"}],"about":[{"href":"https:\/\/www.blackjackinfo.com\/de\/wp-json\/wp\/v2\/types\/page"}],"author":[{"embeddable":true,"href":"https:\/\/www.blackjackinfo.com\/de\/wp-json\/wp\/v2\/users\/2"}],"replies":[{"embeddable":true,"href":"https:\/\/www.blackjackinfo.com\/de\/wp-json\/wp\/v2\/comments?post=590"}],"version-history":[{"count":4,"href":"https:\/\/www.blackjackinfo.com\/de\/wp-json\/wp\/v2\/pages\/590\/revisions"}],"predecessor-version":[{"id":594,"href":"https:\/\/www.blackjackinfo.com\/de\/wp-json\/wp\/v2\/pages\/590\/revisions\/594"}],"wp:attachment":[{"href":"https:\/\/www.blackjackinfo.com\/de\/wp-json\/wp\/v2\/media?parent=590"}],"wp:term":[{"taxonomy":"post_tag","embeddable":true,"href":"https:\/\/www.blackjackinfo.com\/de\/wp-json\/wp\/v2\/tags?post=590"}],"curies":[{"name":"wp","href":"https:\/\/api.w.org\/{rel}","templated":true}]}}