{"id":5916,"date":"2023-01-22T17:58:52","date_gmt":"2023-01-22T23:58:52","guid":{"rendered":"http:\/\/www.blackjackinfo.com\/?page_id=5916"},"modified":"2023-01-22T17:58:52","modified_gmt":"2023-01-22T23:58:52","slug":"ist-online-blackjack-in-schweden-legal","status":"publish","type":"page","link":"https:\/\/www.blackjackinfo.com\/de\/is-online-blackjack-legal-in-sweden\/","title":{"rendered":"Ist Online Blackjack in Schweden legal?"},"content":{"rendered":"<p>Online-Blackjack ist in Schweden v\u00f6llig legal und reguliert. Das schwedische Gl\u00fccksspielgesetz aus dem Jahr 2018 bildet den rechtlichen Rahmen f\u00fcr kommerzielles Gl\u00fccksspiel im Internet und an Land sowie f\u00fcr Lotterien, Bingo, Sportwetten und andere Formen des Wettens. Der schwedische Markt wuchs bis 2021 auf 26 Mrd. SEK an, wobei mehr als 56% aller Schweden angaben, im vergangenen Jahr mindestens einmal gespielt zu haben.<\/p>\n<p>Die schwedischen Gl\u00fccksspielgesetze gelten als recht streng, sogar noch strenger als in anderen skandinavischen L\u00e4ndern. Die Aufsichtsbeh\u00f6rden rechtfertigen das Gesetz mit dem Hinweis auf die Sicherheit der Spieler und die Verhinderung von Spielsucht.<\/p>\n<h2>Beste Online Blackjack Seiten f\u00fcr Schweden<\/h2>\n\n<div class=\"row\">\n\t\t<div class=\"col-md-12\">\n\t\t\t<div class=\"table-responsive-lg\">\n\t\t\t\t<table cellspacing=\"0\" class=\"casino-table\">\n\t\t\t\t\t<thead>\n\t\t\t\t\t\t<tr class=\"text-secondary hidden-xs\" style=\"height: 54px;\">\n\t\t\t\t\t\t\t<th><span class=\"flag-icon flag-icon-\"><\/th>\n\t\t\t\t\t\t\t<th class=\"text-center\" scope=\"col\">CASINO<\/th>\n\t\t\t\t\t\t\t<th class=\"text-center\" scope=\"col\">RATING<\/th>\n                            <th scope=\"col\" class=\"text-center\">BONUS<\/th>\n                            <th scope=\"col\" class=\"text-center\">SPIELEN<\/th><\/tr>\n\t\t\t\t\t<\/thead>\n\t\t\t\t\t<tbody>\n                <tr>\n                    <td><span class=\"ranking-number\">1<\/span><\/td>\n                    <td class=\"casino-logo\"><a rel=\"nofollow\" target=\"_blank\" href=\"https:\/\/www.blackjackinfo.com\/de\/goto\/bovada-homepage\/\"><img decoding=\"async\" class=\"mx-auto\" src=\"https:\/\/www.blackjackinfo.com\/files\/bovada.png\" data-no-auto-translation=\"\"><\/a>\n                    <span class=\"casino-name\"><a href=\"https:\/\/www.blackjackinfo.com\/de\/casino\/bovada\/\">Bovada<\/a><\/span>\n                    <\/td>\n                    <td class=\"star-rating\">\n                    <i class=\"fa fa-star\" aria-hidden=\"true\"><\/i><i class=\"fa fa-star\" aria-hidden=\"true\"><\/i><i class=\"fa fa-star\" aria-hidden=\"true\"><\/i><i class=\"fa fa-star\" aria-hidden=\"true\"><\/i><i class=\"fa fa-star-half-o\" aria-hidden=\"true\"><\/i><\/td>\n                    <td class=\"bonus-details\">\n                        <div class=\"bonus-text\">100% bis zu $1.000<\/div> <span class=\"bonus-text-type\">Anmeldebonus<\/span><\/td>\n                    <td class=\"play text-center\">\n                        <a rel=\"nofollow\" target=\"_blank\" class=\"btn btn-lg btn-success\" href=\"https:\/\/www.blackjackinfo.com\/de\/goto\/bovada-homepage\/\">Jetzt spielen<\/a>\n                        \n\t\t\t\t\t\t\t\t\t\t\t\t\t\t\t\t\t\t\t\t<\/td>\n\t\t\t\t\t\t\t\t\t\t\t\t\t\t\t\t\t\t\t<\/tr>\n                <tr>\n                    <td><span class=\"ranking-number\">2<\/span><\/td>\n                    <td class=\"casino-logo\"><a rel=\"nofollow\" target=\"_blank\" href=\"https:\/\/www.blackjackinfo.com\/de\/goto\/ignition-casino-live-dealer\/\"><img decoding=\"async\" class=\"mx-auto\" src=\"https:\/\/www.blackjackinfo.com\/files\/ignition-casino-logo.png\" data-no-auto-translation=\"\"><\/a>\n                    <span class=\"casino-name\"><a href=\"https:\/\/www.blackjackinfo.com\/de\/casino\/ignition-casino\/\">Ignition Casino<\/a><\/span>\n                    <\/td>\n                    <td class=\"star-rating\">\n                    <i class=\"fa fa-star\" aria-hidden=\"true\"><\/i><i class=\"fa fa-star\" aria-hidden=\"true\"><\/i><i class=\"fa fa-star\" aria-hidden=\"true\"><\/i><i class=\"fa fa-star\" aria-hidden=\"true\"><\/i><i class=\"fa fa-star-half-o\" aria-hidden=\"true\"><\/i><\/td>\n                    <td class=\"bonus-details\">\n                        <div class=\"bonus-text\">100% bis zu $1.000<\/div> <span class=\"bonus-text-type\">Anmeldebonus<\/span><\/td>\n                    <td class=\"play text-center\">\n                        <a rel=\"nofollow\" target=\"_blank\" class=\"btn btn-lg btn-success\" href=\"https:\/\/www.blackjackinfo.com\/de\/goto\/ignition-casino-live-dealer\/\">Jetzt spielen<\/a>\n                        \n\t\t\t\t\t\t\t\t\t\t\t\t\t\t\t\t\t\t\t\t<\/td>\n\t\t\t\t\t\t\t\t\t\t\t\t\t\t\t\t\t\t\t<\/tr>\n                <tr>\n                    <td><span class=\"ranking-number\">3<\/span><\/td>\n                    <td class=\"casino-logo\"><a rel=\"nofollow\" target=\"_blank\" href=\"https:\/\/www.blackjackinfo.com\/de\/goto\/vipslots-homepage\/\"><img decoding=\"async\" class=\"mx-auto\" src=\"https:\/\/www.blackjackinfo.com\/files\/VipSlots-500x250_dark.svg\" data-no-auto-translation=\"\"><\/a>\n                    <span class=\"casino-name\"><a href=\"https:\/\/www.blackjackinfo.com\/de\/casino\/vipslots-casino\/\">VipSlots Kasino<\/a><\/span>\n                    <\/td>\n                    <td class=\"star-rating\">\n                    <i class=\"fa fa-star\" aria-hidden=\"true\"><\/i><i class=\"fa fa-star\" aria-hidden=\"true\"><\/i><i class=\"fa fa-star\" aria-hidden=\"true\"><\/i><i class=\"fa fa-star\" aria-hidden=\"true\"><\/i><i class=\"fa fa-star-half-o\" aria-hidden=\"true\"><\/i><\/td>\n                    <td class=\"bonus-details\">\n                        <div class=\"bonus-text\">100 GRATIS SPINS bei Secret Life of Cats<\/div> <span class=\"bonus-text-type\">Bonus ohne Einzahlung<\/span><\/td>\n                    <td class=\"play text-center\">\n                        <a rel=\"nofollow\" target=\"_blank\" class=\"btn btn-lg btn-success\" href=\"https:\/\/www.blackjackinfo.com\/de\/goto\/vipslots-homepage\/\">Jetzt spielen<\/a>\n                        \n\t\t\t\t\t\t\t\t\t\t\t\t\t\t\t\t\t\t\t\t<\/td>\n\t\t\t\t\t\t\t\t\t\t\t\t\t\t\t\t\t\t\t<\/tr>\n                <tr>\n                    <td><span class=\"ranking-number\">4<\/span><\/td>\n                    <td class=\"casino-logo\"><a rel=\"nofollow\" target=\"_blank\" href=\"https:\/\/www.blackjackinfo.com\/de\/goto\/vegas-casino-online-default\/\"><img decoding=\"async\" class=\"mx-auto\" src=\"https:\/\/www.blackjackinfo.com\/files\/vegas_casino_online.png\" data-no-auto-translation=\"\"><\/a>\n                    <span class=\"casino-name\"><a href=\"https:\/\/www.blackjackinfo.com\/de\/casino\/vegas-casino-online-2\/\">Vegas Casino Online<\/a><\/span>\n                    <\/td>\n                    <td class=\"star-rating\">\n                    <i class=\"fa fa-star\" aria-hidden=\"true\"><\/i><i class=\"fa fa-star\" aria-hidden=\"true\"><\/i><i class=\"fa fa-star\" aria-hidden=\"true\"><\/i><i class=\"fa fa-star\" aria-hidden=\"true\"><\/i><i class=\"fa fa-star-half-o\" aria-hidden=\"true\"><\/i><\/td>\n                    <td class=\"bonus-details\">\n                        <div class=\"bonus-text\">300% bis zu $3.000<\/div> <span class=\"bonus-text-type\">Anmeldebonus<\/span><\/td>\n                    <td class=\"play text-center\">\n                        <a rel=\"nofollow\" target=\"_blank\" class=\"btn btn-lg btn-success\" href=\"https:\/\/www.blackjackinfo.com\/de\/goto\/vegas-casino-online-default\/\">Jetzt spielen<\/a>\n                        \n\t\t\t\t\t\t\t\t\t\t\t\t\t\t\t\t\t\t\t\t<\/td>\n\t\t\t\t\t\t\t\t\t\t\t\t\t\t\t\t\t\t\t<\/tr>\n                <tr>\n                    <td><span class=\"ranking-number\">5<\/span><\/td>\n                    <td class=\"casino-logo\"><a rel=\"nofollow\" target=\"_blank\" href=\"https:\/\/www.blackjackinfo.com\/de\/goto\/cafe-casino\/\"><img decoding=\"async\" class=\"mx-auto\" src=\"https:\/\/www.blackjackinfo.com\/files\/cafe-casino-logo.svg\" data-no-auto-translation=\"\"><\/a>\n                    <span class=\"casino-name\"><a href=\"https:\/\/www.blackjackinfo.com\/de\/casino\/cafe-casino\/\">Cafe Casino<\/a><\/span>\n                    <\/td>\n                    <td class=\"star-rating\">\n                    <i class=\"fa fa-star\" aria-hidden=\"true\"><\/i><i class=\"fa fa-star\" aria-hidden=\"true\"><\/i><i class=\"fa fa-star\" aria-hidden=\"true\"><\/i><i class=\"fa fa-star\" aria-hidden=\"true\"><\/i><i class=\"fa fa-star-half-o\" aria-hidden=\"true\"><\/i><\/td>\n                    <td class=\"bonus-details\">\n                        <div class=\"bonus-text\">250% bis zu $1.500<\/div> <span class=\"bonus-text-type\">Anmeldebonus<\/span><\/td>\n                    <td class=\"play text-center\">\n                        <a rel=\"nofollow\" target=\"_blank\" class=\"btn btn-lg btn-success\" href=\"https:\/\/www.blackjackinfo.com\/de\/goto\/cafe-casino\/\">Jetzt spielen<\/a>\n                        \n\t\t\t\t\t\t\t\t\t\t\t\t\t\t\t\t\t\t\t\t<\/td>\n\t\t\t\t\t\t\t\t\t\t\t\t\t\t\t\t\t\t\t<\/tr><\/tbody>\n\t\t<\/table>\n\t<\/div>\n<\/div>\n<\/div>\n\n<h2>Gl\u00fccksspielgesetze in Schweden<\/h2>\n<p>Bis 2019 wurde der schwedische Gl\u00fccksspielmarkt von staatlichen Unternehmen wie Svenska Spel beherrscht, die praktisch ein Monopol auf das Gl\u00fccksspiel hatten. Dann stimmte der Riksdag f\u00fcr die Genehmigung des neuen <a href=\"https:\/\/www.spelinspektionen.se\/globalassets\/dokument\/engelsk\/oversatt-spellagen\/english-spellagen-sfs-201_1138.pdf\">Gl\u00fccksspielgesetz<\/a> im Mai 2018, die am 1. Januar 2019 in Kraft trat.<\/p>\n<p>Dieser Schritt brachte nicht nur legales Online-Blackjack, sondern auch zahlreiche andere Online-Casinospiele, Sportwetten und alle anderen Formen des Gl\u00fccksspiels in den Online- und Offline-Bereich des Wettens.<\/p>\n<p>Lotteriinspektionen, die Agentur, die zuvor f\u00fcr die Regulierung des Marktes zust\u00e4ndig war, wurde in Spelinspektionen umbenannt, um ihr neu zugewiesenes Mandat in Bezug auf alle Gl\u00fccksspielbereiche zu reflektieren. Die Agentur hat Lizenzen f\u00fcr \u00fcber 100 Online-Casinos erteilt, in denen Sie Online-Blackjack in allen seinen Formen, sowohl mit RNG als auch mit Live-Dealer, finden k\u00f6nnen. Zugelassene Betreiber zahlen eine Steuer von 18% auf Gl\u00fccksspielgewinne, w\u00e4hrend Gl\u00fccksspiele f\u00fcr nicht gewinnorientierte Zwecke von dieser Steuer befreit sind.<\/p>\n<p>Vor kurzem hat das schwedische Parlament ein Gesetz verabschiedet, das neue Lizenzen f\u00fcr Anbieter von Online-Gl\u00fccksspielen auf den Markt bringt. Im Dezember 2022 ver\u00f6ffentlichte Spelinspektionen Informationen \u00fcber die B2B-Lizenzregelung f\u00fcr Spieleanbieter. Das Antragsverfahren wird voraussichtlich am 1. M\u00e4rz 2023 beginnen.<\/p>\n<p>Spelinspektionen wird bis zu 70 Lizenzen f\u00fcr Casinoanbieter vergeben, um nicht lizenzierte Gl\u00fccksspiele und Software zu eliminieren und eine gr\u00f6\u00dfere Sicherheit und Fairness der Spiele zu gew\u00e4hrleisten. Wir k\u00f6nnen davon ausgehen, dass die gr\u00f6\u00dften Namen in der Branche, wie Evolution und sein Live Blackjack, Infinite Blackjack und andere erfolgreiche Titel, zu den ersten geh\u00f6ren werden, die gr\u00fcnes Licht von der schwedischen Aufsichtsbeh\u00f6rde erhalten.<\/p>\n<p>Schlie\u00dflich liegt das gesetzliche Mindestalter f\u00fcr Gl\u00fccksspiele in Schweden bei 18 Jahren, und die Betreiber m\u00fcssen sich an die \"Know Your Customer\"-Richtlinien halten und das Alter der Spieler sowie andere pers\u00f6nliche Informationen \u00fcberpr\u00fcfen.<\/p>\n<h2>Schweden Online Blackjack Bonusse<\/h2>\n<p>Online-Casinos in Schweden bieten Bonusaktionen an, die Spieler f\u00fcr Online-Blackjack nutzen k\u00f6nnen. Die Bonusregelungen sind jedoch \u00e4u\u00dferst restriktiv. Die schwedische Regierung hat n\u00e4mlich im Jahr 2020, w\u00e4hrend der weltweiten Pandemie, verschiedene Einschr\u00e4nkungen beschlossen, wie zum Beispiel den maximalen Bonus, den lizenzierte Betreiber anbieten k\u00f6nnen. Nutzer konnten nur mit Boni von bis zu 100 SEK rechnen. Nur einmalige Bonusangebote f\u00fcr neue Spieler waren erlaubt, so dass regelm\u00e4\u00dfige Spieler keine Anreize erhielten.<\/p>\n<p>Im Rahmen dieses Regelwerks wurde auch eine monatliche Einzahlungsobergrenze von 5.000 SEK eingef\u00fchrt. Au\u00dferdem m\u00fcssen die Spieler Zeitlimits festlegen, wie lange sie beabsichtigen, Online-Casinospiele, einschlie\u00dflich Online-Blackjack, zu spielen.<\/p>\n<p>Leider haben diese Beschr\u00e4nkungen trotz des lautstarken Widerstands der Betreiber weiterhin Bestand. Eine weitere \u00dcberpr\u00fcfung der Bonusbedingungen wird f\u00fcr die n\u00e4chste Legislaturperiode erwartet.<\/p>\n<h2>Offshore-Online-Casinos in Schweden<\/h2>\n<p>Nach dem Gesetz sind alle Kasinobetreiber, die \u00fcber eine Website in Schweden verf\u00fcgen, Zahlungen in schwedischen Kronen akzeptieren oder Schweden die M\u00f6glichkeit geben, sich online zu registrieren und zu spielen, effektiv am schwedischen Gl\u00fccksspielmarkt beteiligt und m\u00fcssen daher eine Lizenz von Spelinspektionen erhalten.<\/p>\n<p>Offshore-Casinos d\u00fcrfen in Schweden nicht betrieben werden, und Spelinspektionen hat sogar eine Reihe dieser Websites verboten. Das bedeutet jedoch nicht, dass die Seiten geschlossen wurden, da sie in einem anderen Land lizenziert sind und die schwedischen Regulierungsbeh\u00f6rden somit keine Zust\u00e4ndigkeit haben. Stattdessen wird erwartet, dass die Websites die Entscheidung von Spelinspektionen respektieren und keine Dienstleistungen f\u00fcr Schweden anbieten.<\/p>\n<p>Die meisten dieser Websites akzeptieren weiterhin schwedische Spieler, die dort spielen. Daf\u00fcr gibt es mehrere Gr\u00fcnde, darunter bessere Bonusangebote, eine gr\u00f6\u00dfere Auswahl an Spielen, einschlie\u00dflich Online-Blackjack, und die M\u00f6glichkeit, Kryptow\u00e4hrungen zur Finanzierung ihrer Gl\u00fccksspielabenteuer zu verwenden, was bei Websites, die von den lokalen Beh\u00f6rden lizenziert sind, nicht m\u00f6glich ist.<\/p>\n<p>Letztendlich wurde noch nie eine Person f\u00fcr das Spielen in Offshore-Online-Casinos strafrechtlich verfolgt.<\/p>\n<h2>Die Zukunft von Online Blackjack in Schweden<\/h2>\n<p>Online-Blackjack ist nach wie vor eines der meistgespielten Spiele in schwedischen Online-Casinos, und das d\u00fcrfte sich auch in absehbarer Zukunft nicht \u00e4ndern. Da die staatliche Regulierungsbeh\u00f6rde beabsichtigt, im Jahr 2023 Lizenzen f\u00fcr B2B-Casinoanbieter zu vergeben, k\u00f6nnen wir mit Sicherheit sagen, dass sich die Auswahl an Blackjack-Spielen dramatisch verbessern wird.<\/p>\n<p>Evolution, Ezugi und andere Anbieter von Live-Dealer-Spielen werden sich die neuen Vorschriften sicherlich zunutze machen und auf den Markt dr\u00e4ngen, um ihre bekannten Blackjack-Spiele auf den Markt zu bringen.<\/p>\n<h2>Schlussfolgerung<\/h2>\n<p>Das Spielen von Online-Blackjack in zertifizierten schwedischen Online-Casinos ist v\u00f6llig legal. Allerdings ist das Spielen in solchen Casinos mit w\u00f6chentlichen, von der Regierung auferlegten Einzahlungsbeschr\u00e4nkungen, einmaligen Bonusangeboten im Wert von nur 100 SEK und obligatorischen, selbst auferlegten Spielzeitbeschr\u00e4nkungen verbunden. An dieser Stelle kommen Offshore-Online-Casinos ins Spiel. Obwohl das Spielen auf Offshore-Sites technisch gesehen nicht legal ist, ist es dennoch eine praktikable Option. Websites, die schwedische Spieler akzeptieren, sind ebenfalls in seri\u00f6sen L\u00e4ndern lizenziert und bieten bessere Boni, eine gr\u00f6\u00dfere Auswahl an Spielen und viele andere Merkmale, die ihnen einen leichten Vorteil gegen\u00fcber der lokalen Konkurrenz verschaffen.<\/p>\n<h2>FAQ<\/h2>\n<h3>Ist Online-Blackjack in Schweden legal?<\/h3>\n<p>Ja, Online-Blackjack-Spiele sind in Schweden legal, wenn Sie sie auf staatlich regulierten Casinoseiten spielen.<\/p>\n<h3>Wie hoch ist das Mindestalter f\u00fcr Gl\u00fccksspiele in Schweden?<\/h3>\n<p>Das Mindestalter f\u00fcr Gl\u00fccksspiele in Schweden betr\u00e4gt 18 Jahre. Dieses Mindestalter gilt f\u00fcr alle im Land angebotenen Gl\u00fccksspiele.<\/p>\n<h3>Wie hoch sind die Spielgrenzen beim Blackjack?<\/h3>\n<p>F\u00fcr Blackjack-Spiele gibt es kein spezielles Spiellimit. Es gibt jedoch ein w\u00f6chentliches Einzahlungslimit von 5000 SEK und ein maximales Bonuslimit von 100 SEK.<\/p>\n<h3>Kann ich Online-Blackjack in Offshore-Casinos spielen?<\/h3>\n<p>Ja, Sie k\u00f6nnen sich in Offshore-Casinos aus Schweden anmelden und dort Blackjack spielen. Beachten Sie, dass diese Seiten nicht von Spelinspektionen reguliert werden und sich daher nicht an die lokalen Regeln und Einschr\u00e4nkungen halten m\u00fcssen.<\/p>","protected":false},"excerpt":{"rendered":"<p>Online blackjack is entirely legal and regulated in Sweden. The country\u2019s 2018 Gambling Act provided the legal framework for online and land-based commercial gambling, as well as lotteries, bingo, sports betting, and other forms of wagering. The country\u2019s market grew to SEK 26 billion in 2021, with over 56% of all Swedes reporting gambling at [&hellip;]<\/p>\n","protected":false},"author":4,"featured_media":0,"parent":0,"menu_order":0,"comment_status":"closed","ping_status":"closed","template":"","meta":{"_acf_changed":false,"footnotes":""},"tags":[],"class_list":["post-5916","page","type-page","status-publish","hentry"],"acf":[],"yoast_head":"<!-- This site is optimized with the Yoast SEO plugin v26.6 - https:\/\/yoast.com\/wordpress\/plugins\/seo\/ -->\n<title>Is Online Blackjack Legal in Sweden?<\/title>\n<meta name=\"description\" content=\"Online blackjack is entirely legal and regulated in Sweden. The country\u2019s 2018 Gambling Act provided the legal framework for online and land-based\" \/>\n<meta name=\"robots\" content=\"index, follow, max-snippet:-1, max-image-preview:large, max-video-preview:-1\" \/>\n<link rel=\"canonical\" href=\"https:\/\/www.blackjackinfo.com\/de\/ist-online-blackjack-in-schweden-legal\/\" \/>\n<meta property=\"og:locale\" content=\"de_DE\" \/>\n<meta property=\"og:type\" content=\"article\" \/>\n<meta property=\"og:title\" content=\"Is Online Blackjack Legal in Sweden?\" \/>\n<meta property=\"og:description\" content=\"Online blackjack is entirely legal and regulated in Sweden. The country\u2019s 2018 Gambling Act provided the legal framework for online and land-based\" \/>\n<meta property=\"og:url\" content=\"https:\/\/www.blackjackinfo.com\/de\/ist-online-blackjack-in-schweden-legal\/\" \/>\n<meta property=\"og:site_name\" content=\"BlackjackInfo.com\" \/>\n<meta name=\"twitter:label1\" content=\"Gesch\u00e4tzte Lesezeit\" \/>\n\t<meta name=\"twitter:data1\" content=\"5\u00a0Minuten\" \/>\n<script type=\"application\/ld+json\" class=\"yoast-schema-graph\">{\"@context\":\"https:\/\/schema.org\",\"@graph\":[{\"@type\":\"WebPage\",\"@id\":\"https:\/\/www.blackjackinfo.com\/is-online-blackjack-legal-in-sweden\/\",\"url\":\"https:\/\/www.blackjackinfo.com\/is-online-blackjack-legal-in-sweden\/\",\"name\":\"Is Online Blackjack Legal in Sweden?\",\"isPartOf\":{\"@id\":\"https:\/\/www.blackjackinfo.com\/#website\"},\"datePublished\":\"2023-01-22T23:58:52+00:00\",\"description\":\"Online blackjack is entirely legal and regulated in Sweden. The country\u2019s 2018 Gambling Act provided the legal framework for online and land-based\",\"breadcrumb\":{\"@id\":\"https:\/\/www.blackjackinfo.com\/is-online-blackjack-legal-in-sweden\/#breadcrumb\"},\"inLanguage\":\"de\",\"potentialAction\":[{\"@type\":\"ReadAction\",\"target\":[\"https:\/\/www.blackjackinfo.com\/is-online-blackjack-legal-in-sweden\/\"]}]},{\"@type\":\"BreadcrumbList\",\"@id\":\"https:\/\/www.blackjackinfo.com\/is-online-blackjack-legal-in-sweden\/#breadcrumb\",\"itemListElement\":[{\"@type\":\"ListItem\",\"position\":1,\"name\":\"Home\",\"item\":\"https:\/\/www.blackjackinfo.com\/\"},{\"@type\":\"ListItem\",\"position\":2,\"name\":\"Is Online Blackjack Legal in Sweden?\"}]},{\"@type\":\"WebSite\",\"@id\":\"https:\/\/www.blackjackinfo.com\/#website\",\"url\":\"https:\/\/www.blackjackinfo.com\/\",\"name\":\"BlackjackInfo.com\",\"description\":\"Because Winning is More Fun!\",\"potentialAction\":[{\"@type\":\"SearchAction\",\"target\":{\"@type\":\"EntryPoint\",\"urlTemplate\":\"https:\/\/www.blackjackinfo.com\/?s={search_term_string}\"},\"query-input\":{\"@type\":\"PropertyValueSpecification\",\"valueRequired\":true,\"valueName\":\"search_term_string\"}}],\"inLanguage\":\"de\"}]}<\/script>\n<!-- \/ Yoast SEO plugin. -->","yoast_head_json":{"title":"Ist Online Blackjack in Schweden legal?","description":"Online-Blackjack ist in Schweden v\u00f6llig legal und reguliert. Das schwedische Gl\u00fccksspielgesetz von 2018 bildet den rechtlichen Rahmen f\u00fcr Online- und landbasierte","robots":{"index":"index","follow":"follow","max-snippet":"max-snippet:-1","max-image-preview":"max-image-preview:large","max-video-preview":"max-video-preview:-1"},"canonical":"https:\/\/www.blackjackinfo.com\/de\/ist-online-blackjack-in-schweden-legal\/","og_locale":"de_DE","og_type":"article","og_title":"Is Online Blackjack Legal in Sweden?","og_description":"Online blackjack is entirely legal and regulated in Sweden. The country\u2019s 2018 Gambling Act provided the legal framework for online and land-based","og_url":"https:\/\/www.blackjackinfo.com\/de\/ist-online-blackjack-in-schweden-legal\/","og_site_name":"BlackjackInfo.com","twitter_misc":{"Gesch\u00e4tzte Lesezeit":"5\u00a0Minuten"},"schema":{"@context":"https:\/\/schema.org","@graph":[{"@type":"WebPage","@id":"https:\/\/www.blackjackinfo.com\/is-online-blackjack-legal-in-sweden\/","url":"https:\/\/www.blackjackinfo.com\/is-online-blackjack-legal-in-sweden\/","name":"Ist Online Blackjack in Schweden legal?","isPartOf":{"@id":"https:\/\/www.blackjackinfo.com\/#website"},"datePublished":"2023-01-22T23:58:52+00:00","description":"Online-Blackjack ist in Schweden v\u00f6llig legal und reguliert. Das schwedische Gl\u00fccksspielgesetz von 2018 bildet den rechtlichen Rahmen f\u00fcr Online- und landbasierte","breadcrumb":{"@id":"https:\/\/www.blackjackinfo.com\/is-online-blackjack-legal-in-sweden\/#breadcrumb"},"inLanguage":"de","potentialAction":[{"@type":"ReadAction","target":["https:\/\/www.blackjackinfo.com\/is-online-blackjack-legal-in-sweden\/"]}]},{"@type":"BreadcrumbList","@id":"https:\/\/www.blackjackinfo.com\/is-online-blackjack-legal-in-sweden\/#breadcrumb","itemListElement":[{"@type":"ListItem","position":1,"name":"Home","item":"https:\/\/www.blackjackinfo.com\/"},{"@type":"ListItem","position":2,"name":"Is Online Blackjack Legal in Sweden?"}]},{"@type":"WebSite","@id":"https:\/\/www.blackjackinfo.com\/#website","url":"https:\/\/www.blackjackinfo.com\/","name":"BlackjackInfo.de","description":"Denn Gewinnen macht mehr Spa\u00df!","potentialAction":[{"@type":"SearchAction","target":{"@type":"EntryPoint","urlTemplate":"https:\/\/www.blackjackinfo.com\/?s={search_term_string}"},"query-input":{"@type":"PropertyValueSpecification","valueRequired":true,"valueName":"search_term_string"}}],"inLanguage":"de"}]}},"_links":{"self":[{"href":"https:\/\/www.blackjackinfo.com\/de\/wp-json\/wp\/v2\/pages\/5916","targetHints":{"allow":["GET"]}}],"collection":[{"href":"https:\/\/www.blackjackinfo.com\/de\/wp-json\/wp\/v2\/pages"}],"about":[{"href":"https:\/\/www.blackjackinfo.com\/de\/wp-json\/wp\/v2\/types\/page"}],"author":[{"embeddable":true,"href":"https:\/\/www.blackjackinfo.com\/de\/wp-json\/wp\/v2\/users\/4"}],"replies":[{"embeddable":true,"href":"https:\/\/www.blackjackinfo.com\/de\/wp-json\/wp\/v2\/comments?post=5916"}],"version-history":[{"count":1,"href":"https:\/\/www.blackjackinfo.com\/de\/wp-json\/wp\/v2\/pages\/5916\/revisions"}],"predecessor-version":[{"id":5917,"href":"https:\/\/www.blackjackinfo.com\/de\/wp-json\/wp\/v2\/pages\/5916\/revisions\/5917"}],"wp:attachment":[{"href":"https:\/\/www.blackjackinfo.com\/de\/wp-json\/wp\/v2\/media?parent=5916"}],"wp:term":[{"taxonomy":"post_tag","embeddable":true,"href":"https:\/\/www.blackjackinfo.com\/de\/wp-json\/wp\/v2\/tags?post=5916"}],"curies":[{"name":"wp","href":"https:\/\/api.w.org\/{rel}","templated":true}]}}