{"id":5961,"date":"2023-12-11T01:18:34","date_gmt":"2023-12-11T07:18:34","guid":{"rendered":"http:\/\/www.blackjackinfo.com\/?page_id=5961"},"modified":"2023-12-11T01:23:31","modified_gmt":"2023-12-11T07:23:31","slug":"legales-online-blackjack-in-delaware","status":"publish","type":"page","link":"https:\/\/www.blackjackinfo.com\/de\/us\/delaware-online-casinos\/legal-online-blackjack-in-delaware\/","title":{"rendered":"Legaler Online Blackjack in Delaware"},"content":{"rendered":"<p>Trotz seiner Gr\u00f6\u00dfe schrieb Delaware 2012 Geschichte, indem es als erster Staat Online-Gl\u00fccksspiele legalisierte. Im darauffolgenden Jahr schlossen sich die Delaware Lotterie und 888 Holdings mit den drei gro\u00dfen Kasinos des Staates zusammen, um ihre jeweiligen Online-Gl\u00fccksspielseiten zu starten. Derzeit sind dies die einzigen Plattformen, die in diesem Bundesstaat betrieben werden d\u00fcrfen.<\/p>\n<p>Diese Seiten haben zwar keine umfangreiche Sammlung von Blackjack-Spielen, aber es gibt genug M\u00f6glichkeiten, um jeden Fan dieses Casino-Klassikers zufriedenzustellen. Im Folgenden stellen wir Ihnen die besten Blackjack-Tipps und -Strategien vor und zeigen Ihnen die besten Websites, auf denen Sie das Spiel in Delaware spielen k\u00f6nnen.<\/p>\n<h2>Top Online Blackjack Seiten in Delaware<\/h2>\n\n<div class=\"row\">\n\t\t<div class=\"col-md-12\">\n\t\t\t<div class=\"table-responsive-lg\">\n\t\t\t\t<table cellspacing=\"0\" class=\"casino-table\">\n\t\t\t\t\t<thead>\n\t\t\t\t\t\t<tr class=\"text-secondary hidden-xs\" style=\"height: 54px;\">\n\t\t\t\t\t\t\t<th><span class=\"flag-icon flag-icon-\"><\/th>\n\t\t\t\t\t\t\t<th class=\"text-center\" scope=\"col\">CASINO<\/th>\n\t\t\t\t\t\t\t<th class=\"text-center\" scope=\"col\">RATING<\/th>\n                            <th scope=\"col\" class=\"text-center\">BONUS<\/th>\n                            <th scope=\"col\" class=\"text-center\">SPIELEN<\/th><\/tr>\n\t\t\t\t\t<\/thead>\n\t\t\t\t\t<tbody>\n                <tr>\n                    <td><span class=\"ranking-number\">1<\/span><\/td>\n                    <td class=\"casino-logo\"><a rel=\"nofollow\" target=\"_blank\" href=\"https:\/\/www.blackjackinfo.com\/de\/goto\/bovada-homepage\/\"><img decoding=\"async\" class=\"mx-auto\" src=\"https:\/\/www.blackjackinfo.com\/files\/bovada.png\" data-no-auto-translation=\"\"><\/a>\n                    <span class=\"casino-name\"><a href=\"https:\/\/www.blackjackinfo.com\/de\/casino\/bovada\/\">Bovada<\/a><\/span>\n                    <\/td>\n                    <td class=\"star-rating\">\n                    <i class=\"fa fa-star\" aria-hidden=\"true\"><\/i><i class=\"fa fa-star\" aria-hidden=\"true\"><\/i><i class=\"fa fa-star\" aria-hidden=\"true\"><\/i><i class=\"fa fa-star\" aria-hidden=\"true\"><\/i><i class=\"fa fa-star-half-o\" aria-hidden=\"true\"><\/i><\/td>\n                    <td class=\"bonus-details\">\n                        <div class=\"bonus-text\">100% bis zu $1.000<\/div> <span class=\"bonus-text-type\">Anmeldebonus<\/span><\/td>\n                    <td class=\"play text-center\">\n                        <a rel=\"nofollow\" target=\"_blank\" class=\"btn btn-lg btn-success\" href=\"https:\/\/www.blackjackinfo.com\/de\/goto\/bovada-homepage\/\">Jetzt spielen<\/a>\n                        \n\t\t\t\t\t\t\t\t\t\t\t\t\t\t\t\t\t\t\t\t<\/td>\n\t\t\t\t\t\t\t\t\t\t\t\t\t\t\t\t\t\t\t<\/tr>\n                <tr>\n                    <td><span class=\"ranking-number\">2<\/span><\/td>\n                    <td class=\"casino-logo\"><a rel=\"nofollow\" target=\"_blank\" href=\"https:\/\/www.blackjackinfo.com\/de\/goto\/ignition-casino-live-dealer\/\"><img decoding=\"async\" class=\"mx-auto\" src=\"https:\/\/www.blackjackinfo.com\/files\/ignition-casino-logo.png\" data-no-auto-translation=\"\"><\/a>\n                    <span class=\"casino-name\"><a href=\"https:\/\/www.blackjackinfo.com\/de\/casino\/ignition-casino\/\">Ignition Casino<\/a><\/span>\n                    <\/td>\n                    <td class=\"star-rating\">\n                    <i class=\"fa fa-star\" aria-hidden=\"true\"><\/i><i class=\"fa fa-star\" aria-hidden=\"true\"><\/i><i class=\"fa fa-star\" aria-hidden=\"true\"><\/i><i class=\"fa fa-star\" aria-hidden=\"true\"><\/i><i class=\"fa fa-star-half-o\" aria-hidden=\"true\"><\/i><\/td>\n                    <td class=\"bonus-details\">\n                        <div class=\"bonus-text\">100% bis zu $1.000<\/div> <span class=\"bonus-text-type\">Anmeldebonus<\/span><\/td>\n                    <td class=\"play text-center\">\n                        <a rel=\"nofollow\" target=\"_blank\" class=\"btn btn-lg btn-success\" href=\"https:\/\/www.blackjackinfo.com\/de\/goto\/ignition-casino-live-dealer\/\">Jetzt spielen<\/a>\n                        \n\t\t\t\t\t\t\t\t\t\t\t\t\t\t\t\t\t\t\t\t<\/td>\n\t\t\t\t\t\t\t\t\t\t\t\t\t\t\t\t\t\t\t<\/tr>\n                <tr>\n                    <td><span class=\"ranking-number\">3<\/span><\/td>\n                    <td class=\"casino-logo\"><a rel=\"nofollow\" target=\"_blank\" href=\"https:\/\/www.blackjackinfo.com\/de\/goto\/vipslots-homepage\/\"><img decoding=\"async\" class=\"mx-auto\" src=\"https:\/\/www.blackjackinfo.com\/files\/VipSlots-500x250_dark.svg\" data-no-auto-translation=\"\"><\/a>\n                    <span class=\"casino-name\"><a href=\"https:\/\/www.blackjackinfo.com\/de\/casino\/vipslots-casino\/\">VipSlots Kasino<\/a><\/span>\n                    <\/td>\n                    <td class=\"star-rating\">\n                    <i class=\"fa fa-star\" aria-hidden=\"true\"><\/i><i class=\"fa fa-star\" aria-hidden=\"true\"><\/i><i class=\"fa fa-star\" aria-hidden=\"true\"><\/i><i class=\"fa fa-star\" aria-hidden=\"true\"><\/i><i class=\"fa fa-star-half-o\" aria-hidden=\"true\"><\/i><\/td>\n                    <td class=\"bonus-details\">\n                        <div class=\"bonus-text\">100 GRATIS SPINS bei Secret Life of Cats<\/div> <span class=\"bonus-text-type\">Bonus ohne Einzahlung<\/span><\/td>\n                    <td class=\"play text-center\">\n                        <a rel=\"nofollow\" target=\"_blank\" class=\"btn btn-lg btn-success\" href=\"https:\/\/www.blackjackinfo.com\/de\/goto\/vipslots-homepage\/\">Jetzt spielen<\/a>\n                        \n\t\t\t\t\t\t\t\t\t\t\t\t\t\t\t\t\t\t\t\t<\/td>\n\t\t\t\t\t\t\t\t\t\t\t\t\t\t\t\t\t\t\t<\/tr>\n                <tr>\n                    <td><span class=\"ranking-number\">4<\/span><\/td>\n                    <td class=\"casino-logo\"><a rel=\"nofollow\" target=\"_blank\" href=\"https:\/\/www.blackjackinfo.com\/de\/goto\/vegas-casino-online-default\/\"><img decoding=\"async\" class=\"mx-auto\" src=\"https:\/\/www.blackjackinfo.com\/files\/vegas_casino_online.png\" data-no-auto-translation=\"\"><\/a>\n                    <span class=\"casino-name\"><a href=\"https:\/\/www.blackjackinfo.com\/de\/casino\/vegas-casino-online-2\/\">Vegas Casino Online<\/a><\/span>\n                    <\/td>\n                    <td class=\"star-rating\">\n                    <i class=\"fa fa-star\" aria-hidden=\"true\"><\/i><i class=\"fa fa-star\" aria-hidden=\"true\"><\/i><i class=\"fa fa-star\" aria-hidden=\"true\"><\/i><i class=\"fa fa-star\" aria-hidden=\"true\"><\/i><i class=\"fa fa-star-half-o\" aria-hidden=\"true\"><\/i><\/td>\n                    <td class=\"bonus-details\">\n                        <div class=\"bonus-text\">300% bis zu $3.000<\/div> <span class=\"bonus-text-type\">Anmeldebonus<\/span><\/td>\n                    <td class=\"play text-center\">\n                        <a rel=\"nofollow\" target=\"_blank\" class=\"btn btn-lg btn-success\" href=\"https:\/\/www.blackjackinfo.com\/de\/goto\/vegas-casino-online-default\/\">Jetzt spielen<\/a>\n                        \n\t\t\t\t\t\t\t\t\t\t\t\t\t\t\t\t\t\t\t\t<\/td>\n\t\t\t\t\t\t\t\t\t\t\t\t\t\t\t\t\t\t\t<\/tr>\n                <tr>\n                    <td><span class=\"ranking-number\">5<\/span><\/td>\n                    <td class=\"casino-logo\"><a rel=\"nofollow\" target=\"_blank\" href=\"https:\/\/www.blackjackinfo.com\/de\/goto\/cafe-casino\/\"><img decoding=\"async\" class=\"mx-auto\" src=\"https:\/\/www.blackjackinfo.com\/files\/cafe-casino-logo.svg\" data-no-auto-translation=\"\"><\/a>\n                    <span class=\"casino-name\"><a href=\"https:\/\/www.blackjackinfo.com\/de\/casino\/cafe-casino\/\">Cafe Casino<\/a><\/span>\n                    <\/td>\n                    <td class=\"star-rating\">\n                    <i class=\"fa fa-star\" aria-hidden=\"true\"><\/i><i class=\"fa fa-star\" aria-hidden=\"true\"><\/i><i class=\"fa fa-star\" aria-hidden=\"true\"><\/i><i class=\"fa fa-star\" aria-hidden=\"true\"><\/i><i class=\"fa fa-star-half-o\" aria-hidden=\"true\"><\/i><\/td>\n                    <td class=\"bonus-details\">\n                        <div class=\"bonus-text\">250% bis zu $1.500<\/div> <span class=\"bonus-text-type\">Anmeldebonus<\/span><\/td>\n                    <td class=\"play text-center\">\n                        <a rel=\"nofollow\" target=\"_blank\" class=\"btn btn-lg btn-success\" href=\"https:\/\/www.blackjackinfo.com\/de\/goto\/cafe-casino\/\">Jetzt spielen<\/a>\n                        \n\t\t\t\t\t\t\t\t\t\t\t\t\t\t\t\t\t\t\t\t<\/td>\n\t\t\t\t\t\t\t\t\t\t\t\t\t\t\t\t\t\t\t<\/tr><\/tbody>\n\t\t<\/table>\n\t<\/div>\n<\/div>\n<\/div>\n\n<h2>Wo kann ich Online Blackjack in Delaware spielen?<\/h2>\n<p>Wie wir bereits erw\u00e4hnt haben, gibt es nur drei legale Online-Casinos in Delaware, und sie alle bieten hochwertige Blackjack-Spiele. Diese Websites werden von seri\u00f6sen landbasierten Casinos betrieben, sodass Sie einen rundum hochwertigen Service erwarten k\u00f6nnen. Hier ist alles, was Sie \u00fcber die Plattformen wissen m\u00fcssen.<\/p>\n<h3>1.    Bally's Dover Online-Kasino<\/h3>\n<p>Das Online-Casino von Bally's Dover ging 2013 als virtuelle Tochtergesellschaft des gr\u00f6\u00dften landgest\u00fctzten Casinos im Bundesstaat an den Start. Die Plattform bietet ein einfaches rot-schwarzes Thema mit \u00fcber 90 Slots und nur 8 Tischspielen. Sie k\u00f6nnen auf der Website Classic Blackjack um echtes Geld spielen, solange Sie innerhalb der Grenzen des Bundesstaates leben und mindestens 21 Jahre alt sind.<\/p>\n<p>Neue Spieler im Bally's Dover Online-Casino erhalten nach der Einrichtung eines Kontos einen Bonus von $10 ohne Einzahlung. Danach k\u00f6nnen sie einen 100% Match-Bonus f\u00fcr ihre ersten Einzahlungen zwischen $20 und $100 in Anspruch nehmen.<\/p>\n<h3>2.    Spielbank Delaware Park<\/h3>\n<p>Delaware Park ist eine weitere Online-Gl\u00fccksspielplattform, die 2013 dank der Partnerschaft zwischen dem landbasierten Casino in Wilmington und der staatlichen Lotterie ins Leben gerufen wurde.<\/p>\n<p>Das Online-System des Casinos stammt ebenfalls von 888 Holdings und bietet daher ein \u00e4hnliches Design wie Bally's Dover und eine fast identische Spielbibliothek. Die Spieler k\u00f6nnen aus 107 Slots und Jackpots w\u00e4hlen. In der Zwischenzeit m\u00fcssen sich Blackjack-Liebhaber mit Classic Blackjack von Microgaming zufrieden geben, das einen RTP von 99,41% und ein 3:2-Auszahlungsmodell hat.<\/p>\n<p>Das Willkommenspaket von Casino Delaware Park umfasst 20 Freispiele und einen 100% Sofortbonus von bis zu $100. Au\u00dferdem gibt es nach der Registrierung eine Reihe weiterer Angebote, darunter ein 10% Cashback-Bonus am Dienstag und w\u00f6chentliche Freispiel-Gutscheine.<\/p>\n<h3>3.    Harrington Rennbahn &amp; Kasino<\/h3>\n<p>Harrington Raceway &amp; Casino ist die dritte und letzte Online-Gl\u00fccksspielsite in diesem Bundesstaat und ein weiteres Produkt der Partnerschaft zwischen 888 Holdings und der staatlichen Lotterie. Das Casino hat eine mobile App, die sowohl auf Android- als auch auf iOS-Ger\u00e4te heruntergeladen werden kann. Es ist die Heimat von mehr als 90 Slots und nur eine einzige Blackjack-Option.<\/p>\n<p>Wie bei den anderen Online-Blackjack-Casinos in DE gibt es keine Live-Optionen, und Sie m\u00fcssen mindestens 21 Jahre alt sein und Ihren Wohnsitz in diesem Bundesstaat haben, um zu spielen. Es gibt auch einen $10 Bonus ohne Einzahlung und einen 100% Match Bonus bis zu $100.<\/p>\n<h2>Wie man Blackjack spielt<\/h2>\n<p>Die Einfachheit von Online-Blackjack tr\u00e4gt zu seiner Beliebtheit im First State bei. Sie k\u00f6nnen innerhalb weniger Minuten lernen, wie man das Spiel spielt und gewinnt.<\/p>\n<p>Ziel des Spiels ist es, so nah wie m\u00f6glich an 21 heranzukommen, ohne sie zu \u00fcberschreiten, und ein h\u00f6heres Blatt als der Dealer zu haben. Wenn Sie ein Blatt \u00fcber 21 haben, hei\u00dft das \"Bust\", und Sie verlieren. Wenn sowohl Sie als auch der Dealer die gleiche Zahl haben, gilt dies als Push und Sie erhalten Ihren Einsatz zur\u00fcck.<\/p>\n<p>Zu Beginn des Spiels erhalten Sie zwei aufgedeckte Karten. In der Zwischenzeit erh\u00e4lt der Dealer eine verdeckte und eine offene Karte. Wenn Ihre ersten beiden Karten keinen sofortigen Blackjack ergeben, m\u00fcssen Sie einen der folgenden Z\u00fcge machen:<\/p>\n<ul>\n<li><strong>Stand<\/strong>: Hier entscheiden Sie sich, keine zus\u00e4tzliche Karte zu nehmen, entweder weil Sie \u00fcberzeugt sind, dass Ihre Hand besser ist als die des Dealers, oder weil Sie bef\u00fcrchten, dass eine zus\u00e4tzliche Karte Sie aus dem Spiel wirft.<\/li>\n<li><strong>Hit<\/strong>: Sie bitten den Geber um eine zus\u00e4tzliche Karte, entweder weil Ihr aktuelles Blatt zu niedrig ist oder weil Sie einfach Ihre Position verbessern wollen.<\/li>\n<li><strong>Doppelter Einsatz<\/strong>: Wenn Sie von Ihrem Blatt \u00fcberzeugt sind, k\u00f6nnen Sie mit diesem Zug Ihren Einsatz verdoppeln, bevor der Geber die zweite Karte aufdeckt.<\/li>\n<li><strong>Teilen<\/strong>: Sie k\u00f6nnen Ihre beiden Karten in getrennte H\u00e4nde aufteilen, wenn sie den gleichen Wert haben. Jede Hand tritt nun einzeln gegen den Dealer an, und das Ergebnis der einen Karte hat keinen Einfluss auf die andere.<\/li>\n<li><strong>Aufgeben<\/strong>: Wenn Sie das Gef\u00fchl haben, dass Sie nicht gewinnen k\u00f6nnen, nachdem Ihre Karten ausgeteilt wurden, k\u00f6nnen Sie die wei\u00dfe Fahne hissen und die H\u00e4lfte Ihres Einsatzes einb\u00fc\u00dfen.<\/li>\n<\/ul>\n<h2>Grundlegende Blackjack-Tipps<\/h2>\n<p>Auch wenn der Zufall letztlich \u00fcber den Ausgang von Blackjack-Runden entscheidet, spielt auch Ihre Strategie eine gro\u00dfe Rolle. Bestimmte Z\u00fcge, die auf Ihrem Blatt oder der offenen Karte des Dealers basieren, k\u00f6nnen die Chancen zu Ihren Gunsten ver\u00e4ndern.<\/p>\n<p>Hier sind einige Tipps, die Sie beachten sollten, wenn Sie auf einer Delaware Online-Blackjack-Seite spielen.<\/p>\n<ul>\n<li>Verdoppeln Sie, wenn die Bildkarte des Dealers 4-6 ist, und Sie ein Ass und eine 4 haben.<\/li>\n<li>Geben Sie immer auf, wenn Sie eine 16 haben und der Geber eine 9-A hat.<\/li>\n<li>Stehen Sie, wenn die Bildkarte des Dealers eine 7 ist und Sie ein 9er-Paar haben.<\/li>\n<li>Wenn Sie ein Paar 8er oder Asse haben, sollten Sie immer teilen, da Sie so mehr Geld gewinnen k\u00f6nnen.<\/li>\n<li>Halten Sie sich von Versicherungswetten fern.<\/li>\n<li>Vermeiden Sie Blackjack-Tische mit einer Auszahlung von 6:5, da sich dadurch der Hausvorteil um 1,45% erh\u00f6ht.<\/li>\n<li>Entscheiden Sie sich immer f\u00fcr Tische, die 3:2 auszahlen.<\/li>\n<\/ul>","protected":false},"excerpt":{"rendered":"<p>Despite its size, Delaware made history in 2012 by becoming the first state to legalize online gambling. The following year, the Delaware Lottery and 888 Holdings partnered with the three major casinos in the state to launch their respective online gambling sites. At the moment, those are the only platforms allowed to run in the [&hellip;]<\/p>\n","protected":false},"author":4,"featured_media":0,"parent":5570,"menu_order":0,"comment_status":"closed","ping_status":"closed","template":"","meta":{"_acf_changed":false,"footnotes":""},"tags":[],"class_list":["post-5961","page","type-page","status-publish","hentry"],"acf":[],"yoast_head":"<!-- This site is optimized with the Yoast SEO plugin v26.6 - https:\/\/yoast.com\/wordpress\/plugins\/seo\/ -->\n<title>Legal Online Blackjack in Delaware<\/title>\n<meta name=\"description\" content=\"Despite its size, Delaware made history in 2012 by becoming the first state to legalize online gambling. The following year, the Delaware Lottery and 888\" \/>\n<meta name=\"robots\" content=\"index, follow, max-snippet:-1, max-image-preview:large, max-video-preview:-1\" \/>\n<link rel=\"canonical\" href=\"https:\/\/www.blackjackinfo.com\/de\/us\/delaware-online-kasinos\/legales-online-blackjack-in-delaware\/\" \/>\n<meta property=\"og:locale\" content=\"de_DE\" \/>\n<meta property=\"og:type\" content=\"article\" \/>\n<meta property=\"og:title\" content=\"Legal Online Blackjack in Delaware\" \/>\n<meta property=\"og:description\" content=\"Despite its size, Delaware made history in 2012 by becoming the first state to legalize online gambling. The following year, the Delaware Lottery and 888\" \/>\n<meta property=\"og:url\" content=\"https:\/\/www.blackjackinfo.com\/de\/us\/delaware-online-kasinos\/legales-online-blackjack-in-delaware\/\" \/>\n<meta property=\"og:site_name\" content=\"BlackjackInfo.com\" \/>\n<meta property=\"article:modified_time\" content=\"2023-12-11T07:23:31+00:00\" \/>\n<meta name=\"twitter:label1\" content=\"Gesch\u00e4tzte Lesezeit\" \/>\n\t<meta name=\"twitter:data1\" content=\"4\u00a0Minuten\" \/>\n<script type=\"application\/ld+json\" class=\"yoast-schema-graph\">{\"@context\":\"https:\/\/schema.org\",\"@graph\":[{\"@type\":\"WebPage\",\"@id\":\"https:\/\/www.blackjackinfo.com\/us\/delaware-online-casinos\/legal-online-blackjack-in-delaware\/\",\"url\":\"https:\/\/www.blackjackinfo.com\/us\/delaware-online-casinos\/legal-online-blackjack-in-delaware\/\",\"name\":\"Legal Online Blackjack in Delaware\",\"isPartOf\":{\"@id\":\"https:\/\/www.blackjackinfo.com\/#website\"},\"datePublished\":\"2023-12-11T07:18:34+00:00\",\"dateModified\":\"2023-12-11T07:23:31+00:00\",\"description\":\"Despite its size, Delaware made history in 2012 by becoming the first state to legalize online gambling. The following year, the Delaware Lottery and 888\",\"breadcrumb\":{\"@id\":\"https:\/\/www.blackjackinfo.com\/us\/delaware-online-casinos\/legal-online-blackjack-in-delaware\/#breadcrumb\"},\"inLanguage\":\"de\",\"potentialAction\":[{\"@type\":\"ReadAction\",\"target\":[\"https:\/\/www.blackjackinfo.com\/us\/delaware-online-casinos\/legal-online-blackjack-in-delaware\/\"]}]},{\"@type\":\"BreadcrumbList\",\"@id\":\"https:\/\/www.blackjackinfo.com\/us\/delaware-online-casinos\/legal-online-blackjack-in-delaware\/#breadcrumb\",\"itemListElement\":[{\"@type\":\"ListItem\",\"position\":1,\"name\":\"Home\",\"item\":\"https:\/\/www.blackjackinfo.com\/\"},{\"@type\":\"ListItem\",\"position\":2,\"name\":\"Online Casinos in the US\",\"item\":\"https:\/\/www.blackjackinfo.com\/us\/\"},{\"@type\":\"ListItem\",\"position\":3,\"name\":\"Delaware Online Casinos\",\"item\":\"https:\/\/www.blackjackinfo.com\/us\/delaware-online-casinos\/\"},{\"@type\":\"ListItem\",\"position\":4,\"name\":\"Legal Online Blackjack in Delaware\"}]},{\"@type\":\"WebSite\",\"@id\":\"https:\/\/www.blackjackinfo.com\/#website\",\"url\":\"https:\/\/www.blackjackinfo.com\/\",\"name\":\"BlackjackInfo.com\",\"description\":\"Because Winning is More Fun!\",\"potentialAction\":[{\"@type\":\"SearchAction\",\"target\":{\"@type\":\"EntryPoint\",\"urlTemplate\":\"https:\/\/www.blackjackinfo.com\/?s={search_term_string}\"},\"query-input\":{\"@type\":\"PropertyValueSpecification\",\"valueRequired\":true,\"valueName\":\"search_term_string\"}}],\"inLanguage\":\"de\"}]}<\/script>\n<!-- \/ Yoast SEO plugin. -->","yoast_head_json":{"title":"Legaler Online Blackjack in Delaware","description":"Trotz seiner Gr\u00f6\u00dfe schrieb Delaware 2012 Geschichte, als es als erster Staat Online-Gl\u00fccksspiele legalisierte. Im folgenden Jahr haben die Delaware Lotterie und 888","robots":{"index":"index","follow":"follow","max-snippet":"max-snippet:-1","max-image-preview":"max-image-preview:large","max-video-preview":"max-video-preview:-1"},"canonical":"https:\/\/www.blackjackinfo.com\/de\/us\/delaware-online-kasinos\/legales-online-blackjack-in-delaware\/","og_locale":"de_DE","og_type":"article","og_title":"Legal Online Blackjack in Delaware","og_description":"Despite its size, Delaware made history in 2012 by becoming the first state to legalize online gambling. The following year, the Delaware Lottery and 888","og_url":"https:\/\/www.blackjackinfo.com\/de\/us\/delaware-online-kasinos\/legales-online-blackjack-in-delaware\/","og_site_name":"BlackjackInfo.com","article_modified_time":"2023-12-11T07:23:31+00:00","twitter_misc":{"Gesch\u00e4tzte Lesezeit":"4\u00a0Minuten"},"schema":{"@context":"https:\/\/schema.org","@graph":[{"@type":"WebPage","@id":"https:\/\/www.blackjackinfo.com\/us\/delaware-online-casinos\/legal-online-blackjack-in-delaware\/","url":"https:\/\/www.blackjackinfo.com\/us\/delaware-online-casinos\/legal-online-blackjack-in-delaware\/","name":"Legaler Online Blackjack in Delaware","isPartOf":{"@id":"https:\/\/www.blackjackinfo.com\/#website"},"datePublished":"2023-12-11T07:18:34+00:00","dateModified":"2023-12-11T07:23:31+00:00","description":"Trotz seiner Gr\u00f6\u00dfe schrieb Delaware 2012 Geschichte, als es als erster Staat Online-Gl\u00fccksspiele legalisierte. Im folgenden Jahr haben die Delaware Lotterie und 888","breadcrumb":{"@id":"https:\/\/www.blackjackinfo.com\/us\/delaware-online-casinos\/legal-online-blackjack-in-delaware\/#breadcrumb"},"inLanguage":"de","potentialAction":[{"@type":"ReadAction","target":["https:\/\/www.blackjackinfo.com\/us\/delaware-online-casinos\/legal-online-blackjack-in-delaware\/"]}]},{"@type":"BreadcrumbList","@id":"https:\/\/www.blackjackinfo.com\/us\/delaware-online-casinos\/legal-online-blackjack-in-delaware\/#breadcrumb","itemListElement":[{"@type":"ListItem","position":1,"name":"Home","item":"https:\/\/www.blackjackinfo.com\/"},{"@type":"ListItem","position":2,"name":"Online Casinos in the US","item":"https:\/\/www.blackjackinfo.com\/us\/"},{"@type":"ListItem","position":3,"name":"Delaware Online Casinos","item":"https:\/\/www.blackjackinfo.com\/us\/delaware-online-casinos\/"},{"@type":"ListItem","position":4,"name":"Legal Online Blackjack in Delaware"}]},{"@type":"WebSite","@id":"https:\/\/www.blackjackinfo.com\/#website","url":"https:\/\/www.blackjackinfo.com\/","name":"BlackjackInfo.de","description":"Denn Gewinnen macht mehr Spa\u00df!","potentialAction":[{"@type":"SearchAction","target":{"@type":"EntryPoint","urlTemplate":"https:\/\/www.blackjackinfo.com\/?s={search_term_string}"},"query-input":{"@type":"PropertyValueSpecification","valueRequired":true,"valueName":"search_term_string"}}],"inLanguage":"de"}]}},"_links":{"self":[{"href":"https:\/\/www.blackjackinfo.com\/de\/wp-json\/wp\/v2\/pages\/5961","targetHints":{"allow":["GET"]}}],"collection":[{"href":"https:\/\/www.blackjackinfo.com\/de\/wp-json\/wp\/v2\/pages"}],"about":[{"href":"https:\/\/www.blackjackinfo.com\/de\/wp-json\/wp\/v2\/types\/page"}],"author":[{"embeddable":true,"href":"https:\/\/www.blackjackinfo.com\/de\/wp-json\/wp\/v2\/users\/4"}],"replies":[{"embeddable":true,"href":"https:\/\/www.blackjackinfo.com\/de\/wp-json\/wp\/v2\/comments?post=5961"}],"version-history":[{"count":3,"href":"https:\/\/www.blackjackinfo.com\/de\/wp-json\/wp\/v2\/pages\/5961\/revisions"}],"predecessor-version":[{"id":5964,"href":"https:\/\/www.blackjackinfo.com\/de\/wp-json\/wp\/v2\/pages\/5961\/revisions\/5964"}],"up":[{"embeddable":true,"href":"https:\/\/www.blackjackinfo.com\/de\/wp-json\/wp\/v2\/pages\/5570"}],"wp:attachment":[{"href":"https:\/\/www.blackjackinfo.com\/de\/wp-json\/wp\/v2\/media?parent=5961"}],"wp:term":[{"taxonomy":"post_tag","embeddable":true,"href":"https:\/\/www.blackjackinfo.com\/de\/wp-json\/wp\/v2\/tags?post=5961"}],"curies":[{"name":"wp","href":"https:\/\/api.w.org\/{rel}","templated":true}]}}