{"id":5966,"date":"2023-12-11T01:27:32","date_gmt":"2023-12-11T07:27:32","guid":{"rendered":"http:\/\/www.blackjackinfo.com\/?page_id=5966"},"modified":"2023-12-11T01:33:56","modified_gmt":"2023-12-11T07:33:56","slug":"legal-online-blackjack-in-michigan","status":"publish","type":"page","link":"https:\/\/www.blackjackinfo.com\/de\/us\/michigan-online-casinos\/legal-online-blackjack-in-michigan\/","title":{"rendered":"Legales Online Blackjack in Michigan"},"content":{"rendered":"<p>Obwohl das Internet-Gl\u00fccksspiel Ende 2019 von Gouverneurin Gretchen Whitmer genehmigt wurde, brauchten die staatlichen Regulierungsbeh\u00f6rden mehr als ein Jahr, um die Dinge in Gang zu setzen. Im Januar 2021 trat das Gesetz in Kraft - die Online-Casinos in Michigan gingen an den Start, und Blackjack ist seither ein Publikumsliebling.<\/p>\n<p>Derzeit gibt es 15 Anbieter, die den Einwohnern dieses Bundesstaates erlauben, diesen Casino-Klassiker und andere Echtgeldspiele zu spielen.<\/p>\n<h2>Michigan, einer der sechs Staaten mit legalen Online Blackjack Gl\u00fccksspielen<\/h2>\n<table class=\"table-fill\">\n<tbody>\n<tr>\n<td><strong>Online Blackjack Legalisierungsdatum in Michigan<\/strong><\/td>\n<td>20. Dezember 2019<\/td>\n<\/tr>\n<tr>\n<td><strong>Start des ersten Online-Blackjack-Casinos<\/strong><\/td>\n<td>22. Januar 2021<\/td>\n<\/tr>\n<tr>\n<td><strong>Anzahl der funktionsf\u00e4higen MI Blackjack Casino-Anwendungen<\/strong><\/td>\n<td>15<\/td>\n<\/tr>\n<tr>\n<td><strong>Beste Blackjack-Spielvielfalt in Michigan<\/strong><\/td>\n<td>DraftKings Kasino<\/td>\n<\/tr>\n<tr>\n<td><strong>Bester Willkommensbonus Blackjack Casino in MI<\/strong><\/td>\n<td>Caesars Palast Kasino<\/td>\n<\/tr>\n<tr>\n<td><strong>MI-Casino-App mit dem besten Website-Design<\/strong><\/td>\n<td>FanDuel Kasino<\/td>\n<\/tr>\n<\/tbody>\n<\/table>\n<p>Seit der Aufhebung des PASPA im Jahr 2018 haben \u00fcber 30 Staaten Online-Sportwetten legalisiert. Ab Dezember 2023 werden jedoch nur 6 von ihnen Online-Casino-Gl\u00fccksspiele zulassen - Michigan war sogar der f\u00fcnfte Staat, der diesem Club beitrat.<\/p>\n<p>Den Vorschriften zufolge d\u00fcrfen 3 Casinos in Detroit und 12 Stammeseinrichtungen mit Online-Gl\u00fccksspielmarken zusammenarbeiten, um Online-Casinospiele und Sportwetten anzubieten. House Bill 4311 hat die Gl\u00fccksspielkontrollbeh\u00f6rde von Michigan erm\u00e4chtigt, Lizenzen f\u00fcr Internet-Gl\u00fccksspiele zu vergeben.<\/p>\n<p>Denken Sie daran, dass Sie mindestens 21 Jahre alt sein m\u00fcssen, um online Blackjack oder andere Tischspiele spielen zu k\u00f6nnen.<\/p>\n<h2>Liste aller MI Blackjack Online Casinos<\/h2>\n<p>Wie bereits erw\u00e4hnt, gibt es in Michigan 15 Blackjack-Online-Casinos. Einige der Schwergewichte sind Caesars Palace Casino, FanDuel, DraftKings, BetMGM, und BetRivers.<\/p>\n<p>Nachstehend finden Sie eine vollst\u00e4ndige Liste der verf\u00fcgbaren Betreiber. Sie k\u00f6nnen auf jeden von ihnen klicken, um mehr zu erfahren:<\/p>\n<ol>\n<li>Caesars Palast Kasino<\/li>\n<li>FanDuel Kasino<\/li>\n<li>DraftKings Kasino<\/li>\n<li>BetMGM Kasino<\/li>\n<li>BetRivers Kasino<\/li>\n<li>Golden Nugget Kasino<\/li>\n<li>PointsBet Kasino<\/li>\n<li>WynnBET Kasino<\/li>\n<li>Hollywood Spielbank<\/li>\n<li>SI-Kasino<\/li>\n<li>Sterne-Kasino<\/li>\n<li>Gun Lake Casino spielen<\/li>\n<li>FireKeepers Kasino<\/li>\n<li>Vier Winde Kasino<\/li>\n<li>Eagle Kasino<\/li>\n<\/ol>\n<p>Alle oben aufgef\u00fchrten Websites sind legal und von den staatlichen Aufsichtsbeh\u00f6rden lizenziert. Es ist wichtig, daran zu denken, dass Sie sich innerhalb der Landesgrenzen aufhalten m\u00fcssen, um auf diesen Seiten zu spielen.<\/p>\n<h3>Caesars Palace Casino MI - Bestes Blackjack Casino insgesamt<\/h3>\n<p>Caesars Palace ist eines der besten Online-Blackjack-Casinos in Michigan. Tats\u00e4chlich bietet der digitale Spielzweig von Caesars Entertainment 21 Varianten des Casino-Klassikers an.<\/p>\n<p>Bei diesem Betreiber k\u00f6nnen sich neue Spieler auf einen echten Leckerbissen freuen - einen 100% Ersteinzahlungs-Match bis zu $2.500. F\u00fcr Stammspieler gibt es Promos wie das Caesars Rewards-Programm. Mit diesem mehrstufigen Treueprogramm erhalten Sie 1 Punkt f\u00fcr jede $25, die Sie bei Ihrem Lieblings-Blackjack-Spiel einsetzen. Sie k\u00f6nnen diese Belohnungen online oder in jeder Caesars-Filiale einl\u00f6sen.<\/p>\n<p>Der Online-Casino-Gigant bietet eine flexible Einsatzspanne - von $1 bis zu $1.000 - und kommt damit sowohl den Bed\u00fcrfnissen von Einsteigern als auch von Spielern mittlerer Spielst\u00e4rke entgegen.<\/p>\n<p>Sie werden auch eine breite Palette von Bankmethoden finden, einschlie\u00dflich Kredit-\/Debitkarten und E-Schecks, Online-Banking und pers\u00f6nliche Dienstleistungen im Casino-K\u00e4fig. Die Mindesteinzahlungsgrenze liegt bei $10, und Sie k\u00f6nnen zwischen $20 und $5.000 abheben.<\/p>\n<h3>FanDuel Casino MI - Das Beste f\u00fcr Live Dealer Blackjack<\/h3>\n<p>FanDuel Casino, bekannt f\u00fcr sein attraktives Aussehen und auff\u00e4lliges Design, bietet fast zwei Dutzend Online-Blackjack-Spiele - n\u00e4mlich finden Sie einige der beliebtesten Varianten, einschlie\u00dflich First Person Blackjack, Live Infinite Blackjack und Multi-Hand Blackjack. Nun, RNG-Blackjack-Spiele sind sch\u00f6n und gut, aber Live-Dealer-Blackjack ist ein herausragendes Merkmal und einer der Hauptgr\u00fcnde, warum Michigan Online-Spieler FanDuel beitreten wollen.<\/p>\n<p>Dar\u00fcber hinaus k\u00f6nnen neue Spieler bis zu $1.000 an Bonusgeldern zur\u00fcckerhalten, wenn sie nach ihrem ersten Tag ausfallen. Sie erhalten auch 50 Bonus-Spins, nachdem sie die erste Einzahlung.<\/p>\n<p>Dieses Online-Casino akzeptiert zahlreiche Einzahlungsm\u00f6glichkeiten, darunter Kredit- und Debitkarten von Visa und Mastercard, Bank\u00fcberweisungen, E-Schecks und PayNearMe. Sie k\u00f6nnen Ihre Gewinne auch mit mehreren Methoden abheben, wie Online-Banking, Schecks per Post oder E-Schecks.<\/p>\n<h3>DraftKings Casino MI - Gr\u00f6\u00dfte Online Blackjack Auswahl<\/h3>\n<p>DraftKings bietet das umfangreichste Blackjack-Angebot unter den Online-Casinos in Michigan. In Zusammenarbeit mit dem Bay Mills Resort Casino bietet es 33 Varianten an - mehr als jeder andere Betreiber in diesem Bundesstaat. Und wenn Sie sich bei dieser Casino-Website anmelden, erhalten Sie einen Willkommensbonus im Wert von bis zu $285 oder $100 in Credits, nachdem Sie eine $5 Wette platziert haben.<\/p>\n<p>Dieses Casino bietet \u00fcber 15 erstklassige Live-Blackjack-Tische. Live-Dealer-Spiele kombinieren die Spannung eines Besuchs in einem station\u00e4ren Casino mit dem Komfort des Spielens von zu Hause aus mit einem digitalen Ger\u00e4t. Es ist auch eine ideale Option f\u00fcr Anf\u00e4nger, die mit einem Einsatz von nur $1 auf Infinite Blackjack beginnen k\u00f6nnen. Aber auch High-Roller werden sich nicht ausgeschlossen f\u00fchlen - auch f\u00fcr sie ist jede Menge Action angesagt.<\/p>\n<p>DraftKings Casino akzeptiert alle g\u00e4ngigen Kredit-\/Debitkarten, PayPal, E-Schecks, Bank\u00fcberweisung und Casino Cage f\u00fcr Einzahlungen. Sie k\u00f6nnen Ihre Gewinne mit pers\u00f6nlichen Schecks, E-Schecks, PayPal und Casino Cage Pickup abheben.<\/p>\n<h3>BetMGM Casino MI - Bestes Blackjack Casino mit einem Treueprogramm<\/h3>\n<p>Dank der Online-Version des Casino-Magnaten m\u00fcssen Sie nicht mehr zum MGM Grand in Detroit fahren, nur um ein paar Runden Blackjack zu spielen. Mit mehr als zwei Dutzend Varianten, die \u00fcber die Casino-App verf\u00fcgbar sind, werden Ihnen nie die Optionen ausgehen. Von klassischen Spielen wie Blackjack Pro bis hin zu lokalem Detroit Lions Blackjack bietet BetMGM Casino MI spannende Varianten f\u00fcr alle Arten von Spielern.<\/p>\n<p>Neue Mitglieder aus Michigan k\u00f6nnen sich bei der Anmeldung einen Willkommensbonus von bis zu $1.025 sichern. Ein weiteres herausragendes Merkmal ist das mehrstufige iRewards-Treueprogramm. F\u00fcr jeden Einsatz von $25 auf Ihr Lieblings-Blackjack-Spiel erhalten Sie 1 iRewards-Punkt, den Sie in jedem MGM-Haus im ganzen Land einl\u00f6sen k\u00f6nnen.<\/p>\n<p>Diese erstklassige Online-Blackjack-Seite akzeptiert eine Vielzahl von Einzahlungs- und Auszahlungsoptionen. Sie k\u00f6nnen Ihr Konto mit Visa\/Mastercard, Online-Bank\u00fcberweisung, E-Schecks oder digitalen Geldb\u00f6rsen wie Skrill oder PayPal aufladen - denken Sie nur daran, dass der Mindestbetrag $10 betr\u00e4gt.<\/p>\n<h3>BetRivers Casino MI - Bestes Blackjack-Casino f\u00fcr Einsteiger<\/h3>\n<p>BetRivers Casino ist ein weiteres beliebtes Ziel f\u00fcr MI-Spieler, die online Blackjack spielen m\u00f6chten. Der renommierte Gl\u00fccksspielanbieter verf\u00fcgt \u00fcber 28 Titel in dieser Kategorie, und einige Varianten k\u00f6nnen f\u00fcr nur $0,10 gespielt werden.<\/p>\n<p>Das BetRivers Online-Casino ist zwar bei High-Rollern beliebt, konzentriert sich aber vor allem darauf, neue MI-Blackjack-Fans zu gewinnen. Nach dem Beitritt zu diesem Casino k\u00f6nnen Sie bis zu $500 zur\u00fcck f\u00fcr die Verluste in den ersten 24 Stunden erhalten. Die Casino-App erm\u00f6glicht es Neulingen auch, im Demo-Modus zu spielen, damit sie ihre Lieblingsvarianten ausprobieren k\u00f6nnen, bevor sie mit echtem Geld wetten.<\/p>\n<p>Das flexible Einzahlungslimit von $10 bis $50.000 macht dieses Casino zu einer beliebten Option f\u00fcr alle Arten von Blackjack-Fans. Die Auswahl an Einzahlungsmethoden ist ebenfalls relativ gro\u00df - Sie k\u00f6nnen Ihr Konto mit Kredit-\/Debitkarten, Online-Banking und Bargeld am Casino-K\u00e4fig aufladen.<\/p>\n<h3>Golden Nugget Casino MI - Benutzerfreundliches Interface<\/h3>\n<p>Wenn Sie Blackjack-Spiele rund um die Uhr spielen m\u00f6chten, sollten Sie das Golden Nugget Casino auf jeden Fall auf Ihrem Radar haben. Andere MI-Betreiber bieten zwar auch Spielm\u00f6glichkeiten rund um die Uhr an, aber dieses Casino gibt ausdr\u00fccklich an, dass es \"24 Stunden ge\u00f6ffnet\" ist.<\/p>\n<p>Golden Nugget bietet mehr als 20 Blackjack-Spiele, was im Einklang mit anderen MI-Casinos ist. Alle Versionen (mit Ausnahme der Live-Spiele) k\u00f6nnen im Demo-Modus gespielt werden, so dass Sie die Spiele testen k\u00f6nnen, bevor Sie echtes Geld investieren.<\/p>\n<p>Dieses Casino bietet neuen Kunden aus Michigan einen Willkommensbonus von bis zu $1.000 + 200 Bonusdrehungen. Bestehende Mitglieder k\u00f6nnen die Vorteile der Promotionen wie Play+ Cashback nutzen, wo sie eine Einzahlung machen m\u00fcssen, um $10 in Website-Guthaben zu erhalten.<\/p>\n<p>Golden Nugget bietet auch ein faires Pr\u00e4mienprogramm. Doch im Gegensatz zu Caesars und BetMGM, die 4 Punkte f\u00fcr jede $100 Wette auf ihren Plattformen anbieten, erhalten Sie hier nur 1 Punkt f\u00fcr eine Wette von $100 auf Blackjack. Dar\u00fcber hinaus hat sein Willkommensbonus eine h\u00f6here Einzahlungsanforderung - $30.<\/p>\n<h3>PointsBet Kasino MI<\/h3>\n<p>Als kleinerer Akteur in der Branche bietet PointsBet Casino weniger Blackjack-Varianten als Schwergewichte wie FanDuel und DraftKings. Sein Karten- und Tischbereich bietet etwa ein halbes Dutzend Blackjack-Titel. Au\u00dferdem bietet der in Australien ans\u00e4ssige Betreiber keinen nennenswerten Willkommensbonus. Allerdings erhalten Sie bis zu $800 an Bonusdrehs, wenn Sie $401 oder mehr verloren haben.<\/p>\n<p>Da es keine attraktiven Boni oder ein gro\u00dfz\u00fcgiges Treueprogramm gibt, empfehlen wir Ihnen, seri\u00f6sere Marken wie FanDuel und BetMGM in Betracht zu ziehen.<\/p>\n<h3>WynnBET Spielbank MI<\/h3>\n<p>WynnBET Casino, der Online-Gaming-Skin von Wynn Resorts, ist ein weiterer vertrauensw\u00fcrdiger Name in der iGaming-Branche von Michigan. Das Design der Website ist nicht so auff\u00e4llig wie bei anderen MI-Online-Casinos (wie FanDuel und DraftKings). Daher ist es die perfekte Option f\u00fcr diejenigen unter Ihnen, die auf der Suche nach einer Website mit einem einfachen Design sind.<\/p>\n<p>Dieses Casino bietet neuen Kunden einen attraktiven Willkommensbonus von bis zu $1.000 und 35 Blackjack-Varianten zur Auswahl. Allerdings gibt es hier keine Demoversionen - es ist also kein kostenloser Modus verf\u00fcgbar. Daher eignet sich diese Casino-Website am besten f\u00fcr erfahrene Blackjack-Spieler, die mit den Regeln des Spiels vertraut sind.<\/p>\n<h3>Hollywood Kasino MI<\/h3>\n<p>Das Hollywood Casino wurde im November 2023 er\u00f6ffnet und ist damit der j\u00fcngste Neuzugang auf dem Online-Gl\u00fccksspielmarkt in Michigan. Diese Tochtergesellschaft von PENN Entertainment bietet 40 Tischspiele, darunter einige spannende Blackjack-Varianten.<\/p>\n<p>Anfang August dieses Jahres gab PENN bekannt, dass es eine Vereinbarung mit ESPN zur Einf\u00fchrung von ESPN Bet getroffen hat. Ein Online-Gegenst\u00fcck von Hollywood Casino war ebenfalls Teil dieses Deals - es ist daher nur \u00fcber ESPN Bet Michigan zug\u00e4nglich.<\/p>\n<p>Hollywood Casino MI ist ein Rebranding des inzwischen auslaufenden Barstool Online-Casinos. Dave Portnoy, der Barstool f\u00fcr rund $500 Millionen verkauft hatte, kaufte es nach dem PENN-ESPN-Deal f\u00fcr nur $1 zur\u00fcck.<\/p>\n<h3>SI Kasino MI<\/h3>\n<p>Sports Illustrated (oder SI) trat im Februar 2023 in die iGaming-Szene in Michigan ein. Es hat TwinSpires ersetzt, das seinen Betrieb in diesem Staat im September 2022 eingestellt hat.<\/p>\n<p>SI bietet 13 Blackjack-Titel und ein umfangreiches Sportwettenangebot und ist damit eine ideale Option f\u00fcr alle, die einen One-Stop-Shop suchen. Wenn Sie sich anmelden, erhalten Sie einen 100%-Bonus im Wert von bis zu $1.000 und einen $10-Bonus f\u00fcr Sportwetten.<\/p>\n<p>Von den drei Bundesstaaten, in denen dieser Betreiber lizenziert ist, erlaubt nur Michigan Online-Casino-Gl\u00fccksspiele - folglich ist seine Casino-Marke nur im Bundesstaat Wolverine verf\u00fcgbar.<\/p>\n<h3>Sterne Kasino MI<\/h3>\n<p>Stars Casino - auch bekannt als PokerStars Casino - bietet 8 Blackjack-Spiele an, was weniger ist als bei den meisten anderen in Michigan lizenzierten Anbietern. Dennoch bietet es eine exklusive PokerStars-Themenversion, die Sie anderswo finden m\u00f6chten.<\/p>\n<p>Sobald Sie dem Stars Casino MI beitreten, haben Sie die Wahl zwischen zwei Boni. Sie k\u00f6nnen sich entweder f\u00fcr einen Spielbonus von $100 oder einen Einzahlungsbonus von 100% bis zu $600 entscheiden. Sie k\u00f6nnen zwischen den beiden w\u00e4hlen, indem Sie den Bereich \"Meine Belohnungen\" besuchen und die Seite \"Challenges\" laden.<\/p>\n<h3>Gun Lake Casino MI spielen<\/h3>\n<p>Play Gun Lake Casino ist ein weniger bekannter Online-Anbieter in Michigan. Diese von Parx Interactive und dem Gun Lake Tribe betriebene Casino-Website bietet einige Blackjack-Varianten, darunter Cashback Blackjack Live.<\/p>\n<p>Trotz seiner Gr\u00f6\u00dfe h\u00e4lt dieses Casino den Branchenstandard aufrecht, indem es neuen Spielern bis zu $1.000 anbietet. Der Betrag, den Sie bei Ihrer ersten Wette verlieren, wird Ihnen in Form von Website-Guthaben zur\u00fcckerstattet. Sie erhalten eine R\u00fcckerstattung in H\u00f6he des Betrags, den Sie innerhalb der ersten 24 Stunden nach Platzierung der Wette verloren haben.<\/p>\n<h3>FireKeepers Kasino MI<\/h3>\n<p>FireKeepers Casino ist ein weiterer kleiner Spieler auf dem Gl\u00fccksspielmarkt von Michigan. Sein kleines Portfolio von 30 Tischspielen umfasst einige Blackjack-Varianten. Allerdings sind keine Live-Dealer-Blackjack-Versionen auf dieser Website verf\u00fcgbar.<\/p>\n<p>Dennoch bietet FireKeepers einen anst\u00e4ndigen 100% Willkommensbonus im Wert von bis zu $500. Der beste Teil ist, dass dieser Deal kommt mit einem 5x Wetteinsatz Anforderung, die ziemlich fair ist.<\/p>\n<h3>Vier Winde Kasino MI<\/h3>\n<p>Mit \u00fcber einem Dutzend Blackjack-Titeln ist Four Winds Casino sicherlich ein Anw\u00e4rter in der iGaming-Szene von Michigan. Sein gr\u00f6\u00dfter Nachteil ist jedoch, dass es einen winzigen Willkommensbonus auf Ihre ersten vier Einzahlungen bietet - bis zu $200.<\/p>\n<p>Nichtsdestotrotz \u00fcberraschte uns der Live-Dealer-Bereich mit einigen spannenden Blackjack-Optionen, darunter Lightning Blackjack und Infinite Blackjack. Dennoch gibt es viel Raum f\u00fcr Verbesserungen, wenn sie mit nationalen Giganten wie DraftKings und BetMGM konkurrieren wollen.<\/p>\n<h3>Eagle Kasino MI<\/h3>\n<p>Seit seinem Start im April 2022 hat sich das Eagle Casino (auch bekannt als PlayEagle) einen guten Ruf unter den Blackjack-Casinos in Michigan erworben.<\/p>\n<p>Auf dieser Website finden Sie Ver\u00f6ffentlichungen wie Poker &amp; Pairs Blackjack, Players Choice No Surrender und Classic Blackjack. Der Live-Dealer-Bereich umfasst auch einige Blackjack-Titel.<\/p>\n<p>Der Betreiber bietet ein gro\u00dfz\u00fcgiges Willkommensbonuspaket im Wert von bis zu $1.000 + 50 Freispiele. Regelm\u00e4\u00dfige Kunden werden auch eine Reihe von laufenden Promos finden. Aufgrund all dessen gilt das Eagle Casino zu Recht als eine der besten Optionen unter den Blackjack-Casinos der zweiten Reihe in Michigan.<\/p>\n<h2>Beste legale Online Blackjack Casinos in Michigan rangiert und \u00fcberpr\u00fcft<\/h2>\n<p>Online-Blackjack-Spieler in Michigan haben 15 Casino-Apps zur Auswahl. Allerdings sind nicht alle gleich, weshalb wir es auf uns genommen haben, die besten aus dem Haufen zu w\u00e4hlen.<\/p>\n<p>Caesars Palace, FanDuel, DraftKings, BetMGM und BetRivers sind hier die klaren Gewinner. Diese f\u00fcnf Gl\u00fccksspiel-Powerhouses dominieren den Marktanteil und bieten die beste legale Online-Blackjack-Erfahrung f\u00fcr Michigan-Fans.<\/p>","protected":false},"excerpt":{"rendered":"<p>Even though internet gambling was approved in late 2019 by Gov. Gretchen Whitmer, the state regulators took more than a year to set things in motion. In January 2021, the bill went into effect \u2014 Michigan online casinos were launched, and blackjack has been a fan favorite ever since. Currently, there are 15 operators allowing [&hellip;]<\/p>\n","protected":false},"author":4,"featured_media":0,"parent":5658,"menu_order":0,"comment_status":"closed","ping_status":"closed","template":"","meta":{"_acf_changed":false,"footnotes":""},"tags":[],"class_list":["post-5966","page","type-page","status-publish","hentry"],"acf":[],"yoast_head":"<!-- This site is optimized with the Yoast SEO plugin v26.6 - https:\/\/yoast.com\/wordpress\/plugins\/seo\/ -->\n<title>Legal Online Blackjack in Michigan<\/title>\n<meta name=\"description\" content=\"Even though internet gambling was approved in late 2019 by Gov. Gretchen Whitmer, the state regulators took more than a year to set things in motion. In\" \/>\n<meta name=\"robots\" content=\"index, follow, max-snippet:-1, max-image-preview:large, max-video-preview:-1\" \/>\n<link rel=\"canonical\" href=\"https:\/\/www.blackjackinfo.com\/de\/us\/michigan-online-casinos\/legal-online-blackjack-in-michigan\/\" \/>\n<meta property=\"og:locale\" content=\"de_DE\" \/>\n<meta property=\"og:type\" content=\"article\" \/>\n<meta property=\"og:title\" content=\"Legal Online Blackjack in Michigan\" \/>\n<meta property=\"og:description\" content=\"Even though internet gambling was approved in late 2019 by Gov. Gretchen Whitmer, the state regulators took more than a year to set things in motion. In\" \/>\n<meta property=\"og:url\" content=\"https:\/\/www.blackjackinfo.com\/de\/us\/michigan-online-casinos\/legal-online-blackjack-in-michigan\/\" \/>\n<meta property=\"og:site_name\" content=\"BlackjackInfo.com\" \/>\n<meta property=\"article:modified_time\" content=\"2023-12-11T07:33:56+00:00\" \/>\n<meta name=\"twitter:label1\" content=\"Gesch\u00e4tzte Lesezeit\" \/>\n\t<meta name=\"twitter:data1\" content=\"11\u00a0Minuten\" \/>\n<script type=\"application\/ld+json\" class=\"yoast-schema-graph\">{\"@context\":\"https:\/\/schema.org\",\"@graph\":[{\"@type\":\"WebPage\",\"@id\":\"https:\/\/www.blackjackinfo.com\/us\/michigan-online-casinos\/legal-online-blackjack-in-michigan\/\",\"url\":\"https:\/\/www.blackjackinfo.com\/us\/michigan-online-casinos\/legal-online-blackjack-in-michigan\/\",\"name\":\"Legal Online Blackjack in Michigan\",\"isPartOf\":{\"@id\":\"https:\/\/www.blackjackinfo.com\/#website\"},\"datePublished\":\"2023-12-11T07:27:32+00:00\",\"dateModified\":\"2023-12-11T07:33:56+00:00\",\"description\":\"Even though internet gambling was approved in late 2019 by Gov. Gretchen Whitmer, the state regulators took more than a year to set things in motion. In\",\"breadcrumb\":{\"@id\":\"https:\/\/www.blackjackinfo.com\/us\/michigan-online-casinos\/legal-online-blackjack-in-michigan\/#breadcrumb\"},\"inLanguage\":\"de\",\"potentialAction\":[{\"@type\":\"ReadAction\",\"target\":[\"https:\/\/www.blackjackinfo.com\/us\/michigan-online-casinos\/legal-online-blackjack-in-michigan\/\"]}]},{\"@type\":\"BreadcrumbList\",\"@id\":\"https:\/\/www.blackjackinfo.com\/us\/michigan-online-casinos\/legal-online-blackjack-in-michigan\/#breadcrumb\",\"itemListElement\":[{\"@type\":\"ListItem\",\"position\":1,\"name\":\"Home\",\"item\":\"https:\/\/www.blackjackinfo.com\/\"},{\"@type\":\"ListItem\",\"position\":2,\"name\":\"Online Casinos in the US\",\"item\":\"https:\/\/www.blackjackinfo.com\/us\/\"},{\"@type\":\"ListItem\",\"position\":3,\"name\":\"Michigan Online Casinos\",\"item\":\"https:\/\/www.blackjackinfo.com\/us\/michigan-online-casinos\/\"},{\"@type\":\"ListItem\",\"position\":4,\"name\":\"Legal Online Blackjack in Michigan\"}]},{\"@type\":\"WebSite\",\"@id\":\"https:\/\/www.blackjackinfo.com\/#website\",\"url\":\"https:\/\/www.blackjackinfo.com\/\",\"name\":\"BlackjackInfo.com\",\"description\":\"Because Winning is More Fun!\",\"potentialAction\":[{\"@type\":\"SearchAction\",\"target\":{\"@type\":\"EntryPoint\",\"urlTemplate\":\"https:\/\/www.blackjackinfo.com\/?s={search_term_string}\"},\"query-input\":{\"@type\":\"PropertyValueSpecification\",\"valueRequired\":true,\"valueName\":\"search_term_string\"}}],\"inLanguage\":\"de\"}]}<\/script>\n<!-- \/ Yoast SEO plugin. -->","yoast_head_json":{"title":"Legales Online Blackjack in Michigan","description":"Obwohl das Internet-Gl\u00fccksspiel Ende 2019 von Gouverneurin Gretchen Whitmer genehmigt wurde, haben die staatlichen Regulierungsbeh\u00f6rden mehr als ein Jahr gebraucht, um die Dinge in Gang zu setzen. Unter","robots":{"index":"index","follow":"follow","max-snippet":"max-snippet:-1","max-image-preview":"max-image-preview:large","max-video-preview":"max-video-preview:-1"},"canonical":"https:\/\/www.blackjackinfo.com\/de\/us\/michigan-online-casinos\/legal-online-blackjack-in-michigan\/","og_locale":"de_DE","og_type":"article","og_title":"Legal Online Blackjack in Michigan","og_description":"Even though internet gambling was approved in late 2019 by Gov. Gretchen Whitmer, the state regulators took more than a year to set things in motion. In","og_url":"https:\/\/www.blackjackinfo.com\/de\/us\/michigan-online-casinos\/legal-online-blackjack-in-michigan\/","og_site_name":"BlackjackInfo.com","article_modified_time":"2023-12-11T07:33:56+00:00","twitter_misc":{"Gesch\u00e4tzte Lesezeit":"11\u00a0Minuten"},"schema":{"@context":"https:\/\/schema.org","@graph":[{"@type":"WebPage","@id":"https:\/\/www.blackjackinfo.com\/us\/michigan-online-casinos\/legal-online-blackjack-in-michigan\/","url":"https:\/\/www.blackjackinfo.com\/us\/michigan-online-casinos\/legal-online-blackjack-in-michigan\/","name":"Legales Online Blackjack in Michigan","isPartOf":{"@id":"https:\/\/www.blackjackinfo.com\/#website"},"datePublished":"2023-12-11T07:27:32+00:00","dateModified":"2023-12-11T07:33:56+00:00","description":"Obwohl das Internet-Gl\u00fccksspiel Ende 2019 von Gouverneurin Gretchen Whitmer genehmigt wurde, haben die staatlichen Regulierungsbeh\u00f6rden mehr als ein Jahr gebraucht, um die Dinge in Gang zu setzen. Unter","breadcrumb":{"@id":"https:\/\/www.blackjackinfo.com\/us\/michigan-online-casinos\/legal-online-blackjack-in-michigan\/#breadcrumb"},"inLanguage":"de","potentialAction":[{"@type":"ReadAction","target":["https:\/\/www.blackjackinfo.com\/us\/michigan-online-casinos\/legal-online-blackjack-in-michigan\/"]}]},{"@type":"BreadcrumbList","@id":"https:\/\/www.blackjackinfo.com\/us\/michigan-online-casinos\/legal-online-blackjack-in-michigan\/#breadcrumb","itemListElement":[{"@type":"ListItem","position":1,"name":"Home","item":"https:\/\/www.blackjackinfo.com\/"},{"@type":"ListItem","position":2,"name":"Online Casinos in the US","item":"https:\/\/www.blackjackinfo.com\/us\/"},{"@type":"ListItem","position":3,"name":"Michigan Online Casinos","item":"https:\/\/www.blackjackinfo.com\/us\/michigan-online-casinos\/"},{"@type":"ListItem","position":4,"name":"Legal Online Blackjack in Michigan"}]},{"@type":"WebSite","@id":"https:\/\/www.blackjackinfo.com\/#website","url":"https:\/\/www.blackjackinfo.com\/","name":"BlackjackInfo.de","description":"Denn Gewinnen macht mehr Spa\u00df!","potentialAction":[{"@type":"SearchAction","target":{"@type":"EntryPoint","urlTemplate":"https:\/\/www.blackjackinfo.com\/?s={search_term_string}"},"query-input":{"@type":"PropertyValueSpecification","valueRequired":true,"valueName":"search_term_string"}}],"inLanguage":"de"}]}},"_links":{"self":[{"href":"https:\/\/www.blackjackinfo.com\/de\/wp-json\/wp\/v2\/pages\/5966","targetHints":{"allow":["GET"]}}],"collection":[{"href":"https:\/\/www.blackjackinfo.com\/de\/wp-json\/wp\/v2\/pages"}],"about":[{"href":"https:\/\/www.blackjackinfo.com\/de\/wp-json\/wp\/v2\/types\/page"}],"author":[{"embeddable":true,"href":"https:\/\/www.blackjackinfo.com\/de\/wp-json\/wp\/v2\/users\/4"}],"replies":[{"embeddable":true,"href":"https:\/\/www.blackjackinfo.com\/de\/wp-json\/wp\/v2\/comments?post=5966"}],"version-history":[{"count":4,"href":"https:\/\/www.blackjackinfo.com\/de\/wp-json\/wp\/v2\/pages\/5966\/revisions"}],"predecessor-version":[{"id":5973,"href":"https:\/\/www.blackjackinfo.com\/de\/wp-json\/wp\/v2\/pages\/5966\/revisions\/5973"}],"up":[{"embeddable":true,"href":"https:\/\/www.blackjackinfo.com\/de\/wp-json\/wp\/v2\/pages\/5658"}],"wp:attachment":[{"href":"https:\/\/www.blackjackinfo.com\/de\/wp-json\/wp\/v2\/media?parent=5966"}],"wp:term":[{"taxonomy":"post_tag","embeddable":true,"href":"https:\/\/www.blackjackinfo.com\/de\/wp-json\/wp\/v2\/tags?post=5966"}],"curies":[{"name":"wp","href":"https:\/\/api.w.org\/{rel}","templated":true}]}}