{"id":598,"date":"2014-10-08T21:57:13","date_gmt":"2014-10-09T02:57:13","guid":{"rendered":"http:\/\/test.blackjackinfo.com\/?page_id=598"},"modified":"2018-06-22T02:21:24","modified_gmt":"2018-06-22T07:21:24","slug":"ken-smith","status":"publish","type":"page","link":"https:\/\/www.blackjackinfo.com\/de\/ken-smith\/","title":{"rendered":"\u00dcber Ken Smith"},"content":{"rendered":"<p><img loading=\"lazy\" decoding=\"async\" class=\"alignleft size-full wp-image-600\" src=\"\/files\/kensmith.jpg\" alt=\"kensmith\" width=\"252\" height=\"190\" data-no-auto-translation=\"\" \/><\/p>\n<p class=\"intro\">Ich bin Kenneth R. Smith, der Sch\u00f6pfer von <a href=\"\/\">BlackjackInfo.de<\/a>. Ich bin seit vielen Jahren ein begeisterter Blackjack-Spieler und begann in den fr\u00fchen 1990er Jahren ernsthaft zu spielen, als das Casino-Gl\u00fccksspiel in meinem Heimatstaat Mississippi Einzug hielt. Im Jahr 1994 nahm ich zum ersten Mal an einem Blackjack-Turnier teil; seitdem bin ich auf dem Turnierpfad unterwegs und habe im Laufe der Jahre zahlreiche gro\u00dfe Gewinne erzielt. Ich habe an buchst\u00e4blich Tausenden von Turnieren teilgenommen und spiele weiterhin regelm\u00e4\u00dfig. Fans von Blackjack-Turnieren sollten auch meine turnierspezifische Website besuchen <a href=\"https:\/\/www.blackjacktournaments.com\">BlackjackTurniere.de<\/a>in dem die kommenden Ereignisse und Turnierstrategien besprochen werden.<\/p>\n<p>\nMein Zuhause ist in Mississippi, aber ich liebe es, zu reisen. Zu den denkw\u00fcrdigen Reisen der letzten Jahre geh\u00f6ren eine Woche in Istanbul, T\u00fcrkei, und drei Wochen in Ecuador und Peru. \u00dcber meine Reisen berichte ich gelegentlich in meinem pers\u00f6nlichen Blog <a href=\"http:\/\/www.sweet-tea-no-lemon.com\">S\u00fc\u00dfer Tee, ohne Zitrone<\/a>.\n<\/p>\n<h3>Auftritte im Fernsehen<\/h3>\n<figure id=\"attachment_606\" aria-describedby=\"caption-attachment-606\" style=\"width: 300px\" class=\"wp-caption alignright\"><a href=\"\/files\/Ken-Smith-and-Penn-on-WSOBJ-800x531.jpg\"><img loading=\"lazy\" decoding=\"async\" class=\"size-medium wp-image-606\" src=\"\/files\/Ken-Smith-and-Penn-on-WSOBJ-800x531-300x199.jpg\" alt=\"Ken with Penn Jillette on WSOB\" width=\"300\" height=\"199\" data-no-auto-translation=\"\" \/><\/a><figcaption id=\"caption-attachment-606\" class=\"wp-caption-text\">Ken mit <a href=\"https:\/\/en.wikipedia.org\/wiki\/Penn_Jillette\">Penn Jillette<\/a> auf WSOB<\/figcaption><\/figure>\n<p>\nTurnier-Blackjack schaffte im Jahr 2004 den Sprung ins Fernsehen, und ich war bei vielen Shows dabei. Bei der allerersten im Fernsehen \u00fcbertragenen Blackjack-Turnierserie (<a href=\"https:\/\/en.wikipedia.org\/wiki\/World_Series_of_Blackjack\">GSN's World Series of Blackjack<\/a>) schaffte ich es in der ersten Staffel bis an den Finaltisch und belegte den sechsten Platz. In den n\u00e4chsten Jahren trat ich in WSOB II, III und IV auf, als einer von nur drei Spielern, die in jeder Staffel der Sendung auf GSN auftraten. Nach vier Staffeln stellte GSN die Serie ein. Zu diesem Zeitpunkt gibt es keine World Series of Blackjack mehr.\n<\/p>\n<p>\nIm Jahr 2004 trat ich auch im Travel Channel auf und nahm am Million Dollar Blackjack Tournament II im Las Vegas Hilton teil. In der Halbfinalrunde brauchte ich ein letztes Gewinnblatt, um an den Finaltisch mit sieben Spielern zu gelangen, wo der Gewinner eine Million in bar erhielt. Leider verlie\u00df mich das Gl\u00fcck eine Hand vor Schluss, und ich verpasste den Finaltisch.\n<\/p>\n<p>\nNach den Shows von Travel Channel und GSN schafften die im Fernsehen \u00fcbertragenen Blackjack-Turniere im September 2006 den Sprung in die gro\u00dfe TV-Liga, als die Ultimate Blackjack Tour auf CBS ausgestrahlt wurde. In der ersten Folge dieser Show gewann ich das Event mit einem ersten Platz im Wert von $50.000. Ich nahm auch an der Sonderveranstaltung \"Legends of Blackjack\" f\u00fcr UBT teil, obwohl mein sechster Platz an einem Tisch mit sieben Spielern alles andere als legend\u00e4r war!\n<\/p>\n<p>\nBlackjack im Fernsehen war f\u00fcr mich ein absoluter Knaller. Abgesehen von der Neuheit, in so vielen Shows aufzutreten, boten die UBT-Events die M\u00f6glichkeit, an einige sch\u00f6ne Orte zu reisen. Wir haben zum Beispiel eine Veranstaltung in Aruba und eine andere in St. Kitts gefilmt.\n<\/p>\n<h3>Schreiben<\/h3>\n<p>\nNachdem ich mir einen Ruf als f\u00fchrender Turnierstrategieexperte erworben hatte, verfasste ich monatliche Kolumnen in Zeitschriften wie <i>Blackjack vertraulich<\/i> und <i>Alles in Blackjack<\/i> Zeitschriften w\u00e4hrend der Laufzeit dieser Ver\u00f6ffentlichungen.\n<\/p>\n<p><a href=\"http:\/\/www.bjinsider.com\/BuyHowToWin\"><img loading=\"lazy\" decoding=\"async\" src=\"\/files\/Ebook125.jpg\" alt=\"Ken&#039;s Tournament eBook\" width=\"125\" height=\"125\" class=\"alignright size-full wp-image-613\" data-no-auto-translation=\"\" \/><\/a><\/p>\n<p>\nIch habe zwei E-Books \u00fcber Blackjack-Turnierstrategien geschrieben: <a href=\"http:\/\/www.bjinsider.com\/BuyHowToWin\">\"Wie man mehr Blackjack-Turniere gewinnt\"<\/a> und <a href=\"http:\/\/deepnettech.com\/estore\/index.php?main_page=product_info&amp;products_id=84\">\"Wie man noch mehr Blackjack-Turniere gewinnt - Band II\"<\/a>. Beide B\u00fccher sind vollgepackt mit Strategietipps f\u00fcr Spieler jeder Spielst\u00e4rke, vom Neuling bis zum Profi, einschlie\u00dflich einiger bahnbrechender Ideen, die noch nie zuvor in gedruckter Form erschienen sind. Klicken Sie auf <a href=\"http:\/\/deepnettech.com\/estore\/index.php?main_page=product_info&amp;products_id=85\">hier<\/a> f\u00fcr ein spezielles Paketangebot mit beiden B\u00fcchern.\n<\/p>\n<p>\nDerzeit schreibe ich haupts\u00e4chlich hier auf BlackjackInfo \u00fcber Blackjack, aber ich schreibe auch gelegentlich etwas f\u00fcr den E-Mail-Newsletter von Henry Tamburin <a href=\"http:\/\/www.bjinsider.com\">Blackjack-Insider<\/a>.\n<\/p>\n<h3>Strategie-Karten<\/h3>\n<p>\nIm Jahr 2008 habe ich eine Gruppe von Plastik-Strategiekarten f\u00fcr Blackjack ver\u00f6ffentlicht, die <a href=\"http:\/\/www.amazon.com\/dp\/098211916X\/?tag=theblackjacbasic\">bei Amazon.de<\/a>.<br \/>\nIm Jahr 2013 habe ich dieses Produkt dann erweitert und ein Karten-Set f\u00fcr fortgeschrittene Strategien eingef\u00fchrt, das die \u00fcblichen Strategiekarten um Details zur Kartenz\u00e4hlung erg\u00e4nzt.  Dieses Produkt ist auch erh\u00e4ltlich unter <a href=\"http:\/\/www.amazon.com\/dp\/0982119178\/?tag=theblackjacbasic\">Amazon<\/a>.\n<\/p>\n<h3>Kontakt Details<\/h3>\n<p>\nIm September 2016 habe ich BlackjackInfo.com verlassen und es in die H\u00e4nde eines neuen, begeisterten Besitzers gelegt.<\/p>","protected":false},"excerpt":{"rendered":"<p>I am Kenneth R Smith, the creator of BlackjackInfo.com. As an avid blackjack player for many years, I began playing seriously in the early 1990s when casino gambling arrived in my home state of Mississippi. In 1994, I participated in a blackjack tournament for the first time; I have been on the tournament trail ever [&hellip;]<\/p>\n","protected":false},"author":2,"featured_media":0,"parent":0,"menu_order":0,"comment_status":"open","ping_status":"closed","template":"","meta":{"_acf_changed":false,"footnotes":""},"tags":[],"class_list":["post-598","page","type-page","status-publish","hentry"],"acf":[],"yoast_head":"<!-- This site is optimized with the Yoast SEO plugin v26.6 - https:\/\/yoast.com\/wordpress\/plugins\/seo\/ -->\n<title>About Ken Smith<\/title>\n<meta name=\"description\" content=\"Ken Smith is the creator of BlackjackInfo.com, an avid player and author, as well as a leading expert on blackjack tournament strategy.\" \/>\n<meta name=\"robots\" content=\"index, follow, max-snippet:-1, max-image-preview:large, max-video-preview:-1\" \/>\n<link rel=\"canonical\" href=\"https:\/\/www.blackjackinfo.com\/de\/ken-smith\/\" \/>\n<meta property=\"og:locale\" content=\"de_DE\" \/>\n<meta property=\"og:type\" content=\"article\" \/>\n<meta property=\"og:title\" content=\"About Ken Smith\" \/>\n<meta property=\"og:description\" content=\"Ken Smith is the creator of BlackjackInfo.com, an avid player and author, as well as a leading expert on blackjack tournament strategy.\" \/>\n<meta property=\"og:url\" content=\"https:\/\/www.blackjackinfo.com\/de\/ken-smith\/\" \/>\n<meta property=\"og:site_name\" content=\"BlackjackInfo.com\" \/>\n<meta property=\"article:modified_time\" content=\"2018-06-22T07:21:24+00:00\" \/>\n<meta name=\"twitter:label1\" content=\"Gesch\u00e4tzte Lesezeit\" \/>\n\t<meta name=\"twitter:data1\" content=\"3\u00a0Minuten\" \/>\n<script type=\"application\/ld+json\" class=\"yoast-schema-graph\">{\"@context\":\"https:\/\/schema.org\",\"@graph\":[{\"@type\":\"WebPage\",\"@id\":\"https:\/\/www.blackjackinfo.com\/ken-smith\/\",\"url\":\"https:\/\/www.blackjackinfo.com\/ken-smith\/\",\"name\":\"About Ken Smith\",\"isPartOf\":{\"@id\":\"https:\/\/www.blackjackinfo.com\/#website\"},\"datePublished\":\"2014-10-09T02:57:13+00:00\",\"dateModified\":\"2018-06-22T07:21:24+00:00\",\"description\":\"Ken Smith is the creator of BlackjackInfo.com, an avid player and author, as well as a leading expert on blackjack tournament strategy.\",\"breadcrumb\":{\"@id\":\"https:\/\/www.blackjackinfo.com\/ken-smith\/#breadcrumb\"},\"inLanguage\":\"de\",\"potentialAction\":[{\"@type\":\"ReadAction\",\"target\":[\"https:\/\/www.blackjackinfo.com\/ken-smith\/\"]}]},{\"@type\":\"BreadcrumbList\",\"@id\":\"https:\/\/www.blackjackinfo.com\/ken-smith\/#breadcrumb\",\"itemListElement\":[{\"@type\":\"ListItem\",\"position\":1,\"name\":\"Home\",\"item\":\"https:\/\/www.blackjackinfo.com\/\"},{\"@type\":\"ListItem\",\"position\":2,\"name\":\"About Ken Smith\"}]},{\"@type\":\"WebSite\",\"@id\":\"https:\/\/www.blackjackinfo.com\/#website\",\"url\":\"https:\/\/www.blackjackinfo.com\/\",\"name\":\"BlackjackInfo.com\",\"description\":\"Because Winning is More Fun!\",\"potentialAction\":[{\"@type\":\"SearchAction\",\"target\":{\"@type\":\"EntryPoint\",\"urlTemplate\":\"https:\/\/www.blackjackinfo.com\/?s={search_term_string}\"},\"query-input\":{\"@type\":\"PropertyValueSpecification\",\"valueRequired\":true,\"valueName\":\"search_term_string\"}}],\"inLanguage\":\"de\"}]}<\/script>\n<!-- \/ Yoast SEO plugin. -->","yoast_head_json":{"title":"\u00dcber Ken Smith","description":"Ken Smith ist der Sch\u00f6pfer von BlackjackInfo.com, ein begeisterter Spieler und Autor sowie ein f\u00fchrender Experte f\u00fcr Blackjack-Turnierstrategien.","robots":{"index":"index","follow":"follow","max-snippet":"max-snippet:-1","max-image-preview":"max-image-preview:large","max-video-preview":"max-video-preview:-1"},"canonical":"https:\/\/www.blackjackinfo.com\/de\/ken-smith\/","og_locale":"de_DE","og_type":"article","og_title":"About Ken Smith","og_description":"Ken Smith is the creator of BlackjackInfo.com, an avid player and author, as well as a leading expert on blackjack tournament strategy.","og_url":"https:\/\/www.blackjackinfo.com\/de\/ken-smith\/","og_site_name":"BlackjackInfo.com","article_modified_time":"2018-06-22T07:21:24+00:00","twitter_misc":{"Gesch\u00e4tzte Lesezeit":"3\u00a0Minuten"},"schema":{"@context":"https:\/\/schema.org","@graph":[{"@type":"WebPage","@id":"https:\/\/www.blackjackinfo.com\/ken-smith\/","url":"https:\/\/www.blackjackinfo.com\/ken-smith\/","name":"\u00dcber Ken Smith","isPartOf":{"@id":"https:\/\/www.blackjackinfo.com\/#website"},"datePublished":"2014-10-09T02:57:13+00:00","dateModified":"2018-06-22T07:21:24+00:00","description":"Ken Smith ist der Sch\u00f6pfer von BlackjackInfo.com, ein begeisterter Spieler und Autor sowie ein f\u00fchrender Experte f\u00fcr Blackjack-Turnierstrategien.","breadcrumb":{"@id":"https:\/\/www.blackjackinfo.com\/ken-smith\/#breadcrumb"},"inLanguage":"de","potentialAction":[{"@type":"ReadAction","target":["https:\/\/www.blackjackinfo.com\/ken-smith\/"]}]},{"@type":"BreadcrumbList","@id":"https:\/\/www.blackjackinfo.com\/ken-smith\/#breadcrumb","itemListElement":[{"@type":"ListItem","position":1,"name":"Home","item":"https:\/\/www.blackjackinfo.com\/"},{"@type":"ListItem","position":2,"name":"About Ken Smith"}]},{"@type":"WebSite","@id":"https:\/\/www.blackjackinfo.com\/#website","url":"https:\/\/www.blackjackinfo.com\/","name":"BlackjackInfo.de","description":"Denn Gewinnen macht mehr Spa\u00df!","potentialAction":[{"@type":"SearchAction","target":{"@type":"EntryPoint","urlTemplate":"https:\/\/www.blackjackinfo.com\/?s={search_term_string}"},"query-input":{"@type":"PropertyValueSpecification","valueRequired":true,"valueName":"search_term_string"}}],"inLanguage":"de"}]}},"_links":{"self":[{"href":"https:\/\/www.blackjackinfo.com\/de\/wp-json\/wp\/v2\/pages\/598","targetHints":{"allow":["GET"]}}],"collection":[{"href":"https:\/\/www.blackjackinfo.com\/de\/wp-json\/wp\/v2\/pages"}],"about":[{"href":"https:\/\/www.blackjackinfo.com\/de\/wp-json\/wp\/v2\/types\/page"}],"author":[{"embeddable":true,"href":"https:\/\/www.blackjackinfo.com\/de\/wp-json\/wp\/v2\/users\/2"}],"replies":[{"embeddable":true,"href":"https:\/\/www.blackjackinfo.com\/de\/wp-json\/wp\/v2\/comments?post=598"}],"version-history":[{"count":24,"href":"https:\/\/www.blackjackinfo.com\/de\/wp-json\/wp\/v2\/pages\/598\/revisions"}],"predecessor-version":[{"id":3558,"href":"https:\/\/www.blackjackinfo.com\/de\/wp-json\/wp\/v2\/pages\/598\/revisions\/3558"}],"wp:attachment":[{"href":"https:\/\/www.blackjackinfo.com\/de\/wp-json\/wp\/v2\/media?parent=598"}],"wp:term":[{"taxonomy":"post_tag","embeddable":true,"href":"https:\/\/www.blackjackinfo.com\/de\/wp-json\/wp\/v2\/tags?post=598"}],"curies":[{"name":"wp","href":"https:\/\/api.w.org\/{rel}","templated":true}]}}