{"id":6176,"date":"2023-12-29T23:32:20","date_gmt":"2023-12-30T05:32:20","guid":{"rendered":"http:\/\/www.blackjackinfo.com\/?page_id=6176"},"modified":"2023-12-29T23:32:20","modified_gmt":"2023-12-30T05:32:20","slug":"legales-online-blackjack-in-west-virginia","status":"publish","type":"page","link":"https:\/\/www.blackjackinfo.com\/de\/us\/west-virginia-online-casinos\/legal-online-blackjack-in-west-virginia\/","title":{"rendered":"Legaler Online Blackjack in West Virginia"},"content":{"rendered":"<p>Nach dem Bestehen <a href=\"https:\/\/www.wvlegislature.gov\/Bill_Status\/bills_history.cfm?INPUT=2934&amp;year=2019&amp;sessiontype=RS\">HB2934<\/a> (West Virginia Lottery Interactive Wagering Act) im M\u00e4rz 2019 wurde West Virginia zu einem der sechs US-Bundesstaaten, die Online-Casinospiele legalisiert haben. Dies hat dem Bergstaat den Weg geebnet, interaktive Wetten in sein Gl\u00fccksspielprofil aufzunehmen, und es einigen der gr\u00f6\u00dften Anbieter erm\u00f6glicht, ihre Dienste den Spielern in West Virginia anzubieten.<\/p>\n<p>Seit Juli 2020 hat WV ein knappes Dutzend davon aufgenommen, die alle von der West Virginia Lottery Commission \u00fcberwacht werden. Au\u00dferdem musste jeder Betreiber eines Online-Casinos eine Partnerschaft mit einem der landgest\u00fctzten Casinos eingehen, um eine Lizenz f\u00fcr Online-Gl\u00fccksspiele zu erhalten. Eine weitere Einschr\u00e4nkung besteht darin, dass diejenigen, die sich einer der Plattformen anschlie\u00dfen und Spiele wie Blackjack spielen wollen, mindestens 21 Jahre alt sein m\u00fcssen.<\/p>\n<p>Diese Websites sind inzwischen zu wahren Gl\u00fccksspielzentren geworden, da sie rund um die Uhr ge\u00f6ffnet sind und ihre Spielbibliotheken regelm\u00e4\u00dfig auff\u00fcllen. Wenn Sie Blackjack und andere aufregende Spiele ausprobieren m\u00f6chten, bleiben Sie dran, w\u00e4hrend wir die besten Online-Casino-Plattformen in West Virginia besprechen.<\/p>\n<h2>Wo kann ich Online Blackjack in West Virginia spielen?<\/h2>\n<p>In West Virginia gibt es derzeit neun Online-Casinobetreiber, die alle daf\u00fcr bekannt sind, erstklassige Gl\u00fccksspielerlebnisse zu bieten. Bei so vielen Anbietern kann es schwierig sein, das richtige Blackjack-Online-Casino auszuw\u00e4hlen. Die meisten von ihnen verf\u00fcgen \u00fcber ein reichhaltiges Portfolio mit vielen Blackjack-Titeln und r\u00fchmen sich zudem mit lukrativen Boni und schnellen Auszahlungen. Hier ist die gesamte Liste:<\/p>\n<h3>1.    BetMGM Kasino WV<\/h3>\n<p>BetMGM ist ein Joint Venture von MGM Resorts und Entain Holdings und einer der ersten Betreiber, die in Mountain State aktiv sind. Dieser Branchentitan hat dank seiner intuitiven Plattform, seiner Werbeangebote und seiner erstklassigen Spiele auf Anhieb viel Aufmerksamkeit erregt. Au\u00dferdem verf\u00fcgt er \u00fcber ein Sportwetten- und ein Pokerzimmer.<\/p>\n<p>BetMGM bietet \u00fcber 500 Spiele, w\u00e4hrend die Tischspiel-Lobby mehrere Dutzend Optionen umfasst, von denen mehr als 10 Blackjack-Versionen sind. Spiele wie BetMGM Blackjack Player's Choice, Blackjack Stud Poker Pro, Blackjack Millionaire Pro und BetMGM Blackjack Pro sind einige der Spiele, die Sie nur in diesem Casino genie\u00dfen k\u00f6nnen. In der Live-Dealer-Sektion finden Sie einige Blackjack-Spiele, die haupts\u00e4chlich von Evolution betrieben werden.<\/p>\n<p>Wenn Sie sich bei BetMGM registrieren und Ihr Konto mit mindestens $10 aufladen, haben Sie Anspruch auf den 100% Matchbonus bis zu $2.500. Au\u00dferdem erhalten Sie 50 Freispiele und einen Casino-Bonus von $50 f\u00fcr das Haus.<\/p>\n<h3>2.    Caesars Palace Kasino WV<\/h3>\n<p>Caesars Palace ist eine der Top-Online-Casino-Marken, die im April 2021 in WV deb\u00fctierte. Diese Marke punktet mit ihren Pr\u00e4mienprogrammen, regelm\u00e4\u00dfigen Boni, Sportwetten und einem umfangreichen Spieleportfolio. Mit einem Katalog von 400 Titeln hat Caesars Palace alle Klassiker an einem Ort, einschlie\u00dflich Spielautomaten, Tischspiele, Live-Dealer-Titel und Caesars-gebrandete Optionen.<\/p>\n<p>Interessanterweise bietet Caesars Palace mehr Live-Dealer- als RNG-Blackjack-Titel an und bietet Ihnen die beliebtesten Varianten wie Classic Blackjack, Lightning Blackjack und First Person Blackjack. Die Spiele werden von Ezugi geliefert und von professionellen Studios gestreamt.<\/p>\n<p>Alle WV-Spieler \u00fcber 21 qualifizieren sich f\u00fcr den 100% Einzahlungsbonus von bis zu $2.500. Wenn Sie in den ersten sieben Tagen $25 oder mehr einsetzen, erhalten Sie au\u00dferdem 2.500 Belohnungspunkte vom Casino.<\/p>\n<h3>3.    DraftKings Kasino WV<\/h3>\n<p>DraftKings war die erste Online-Casino-Marke, die im Juli 2020 ihren Betrieb in West Virginia aufnahm. Der Betreiber hat eine der auff\u00e4lligsten Apps und sein Farbschema ist in der Welt des Gl\u00fccksspiels zu einer Ikone geworden. Sobald Sie sich auf der Website anmelden, finden Sie eine gro\u00dfe Auswahl an Slots, Tischspielen, Live-Dealer-Titeln und mehrere Dutzend Arcade-Optionen. DraftKings hat auch ein Sportbuch und z\u00e4hlt zu den gr\u00f6\u00dften Plattformen f\u00fcr Daily Fantasy Sports.<\/p>\n<p>Mit fast 40 verf\u00fcgbaren Blackjack-Titeln k\u00f6nnen Sie zwischen klassischen Varianten wie Spanish 21, Single Hand Blackjack, Unlimited Blackjack oder Blackjack With Surrender und DK-gebrandeten Spielen wie DraftKings Bingo Blackjack und DraftKings Down Under Blackjack w\u00e4hlen. Das Tolle daran ist, dass die meisten dieser Ver\u00f6ffentlichungen $1-Mindestwettbetr\u00e4ge aufweisen, was bedeutet, dass DraftKings Casino der richtige Ort ist, wenn Sie klein anfangen m\u00f6chten.<\/p>\n<h3>4.    FanDuel Kasino WV<\/h3>\n<p>Obwohl FanDuel vor allem als Anbieter von Daily Fantasy Sports bekannt ist, verf\u00fcgt das Unternehmen auch \u00fcber ein Online-Casino und ein Sportbuch. Nach dem Abschluss einer Vereinbarung mit dem Greenbrier Casino startete das Unternehmen 2021 seinen Betrieb im Mountain State. Das erste, was Ihnen beim Betreten der FanDuel-Website auff\u00e4llt, ist die F\u00fclle an Bonusangeboten f\u00fcr neue und registrierte Spieler aus WV. Wenn Sie zum ersten Mal Mitglied sind, k\u00f6nnen Sie eine R\u00fcckerstattung von bis zu $1.000 erhalten, wenn Sie den gesamten Betrag, den Sie innerhalb von 24 Stunden eingezahlt haben, verlieren.<\/p>\n<p>Die FanDuel-Plattform verf\u00fcgt \u00fcber eine der gr\u00f6\u00dften Spiel-Lobbys in den USA, in der Sie Spielautomaten, Tischspiele, Live-Casino-Optionen und Video-Poker genie\u00dfen k\u00f6nnen, die alle von den f\u00fchrenden Namen der Branche wie Net Ent, GAN und IGT betrieben werden. Wenn Blackjack Ihr Lieblingsspiel ist, wird es Sie freuen zu erfahren, dass Sie hier zwei Dutzend Titel spielen k\u00f6nnen, wie Blackjack Classic, Blackjack X-Change, Zappit Blackjack, Platinum Blackjack SideBets, Blackjack Blazing 7s, Power Blackjack und viele andere Optionen.<\/p>\n<h3>5.    BetRivers Kasino WV<\/h3>\n<p>BetRivers Casino ging im Jahr 2021 in den Mountain State und wurde schnell zu einem beliebten Online-Gl\u00fccksspielziel. Die Plattform ist vor allem f\u00fcr ihre wachsende Anzahl von Casinospielen und Pr\u00e4mienprogrammen bekannt, die sie zu einem hervorragenden Ziel f\u00fcr erfahrene Spieler und Anf\u00e4nger gleicherma\u00dfen machen. Dar\u00fcber hinaus verf\u00fcgt BetRivers Casino \u00fcber ein umfangreiches Sportwettenangebot und veranstaltet lukrative Slot-Turniere.<\/p>\n<p>Nichtsdestotrotz werden viele Spieler dank der unschlagbaren Willkommensaktion angezogen - ein $500 R\u00fcckerstattungsbonus, auf den Sie sich verlassen k\u00f6nnen, wenn Sie w\u00e4hrend des 24-st\u00fcndigen Aktionszeitraums alles Geld verlieren. Noch besser ist, dass die Durchspielanforderung, die der Deal mit sich bringt, nur 1x ist.<\/p>\n<p>Was Blackjack betrifft, so bietet die Website fast zwei Dutzend Spiele an, die alle \"Must-haves\" abdecken. Dazu geh\u00f6ren Infinite Blackjack, Free Bet Blackjack, Lightning Blackjack First Person und Multihand Blackjack Surrender, um nur einige zu nennen. Wenn Sie mit anderen Blackjack-Optionen experimentieren m\u00f6chten, sollten Sie sich die hauseigenen Titel des Casinos nicht entgehen lassen - Blackjack Player's Choice oder Poker &amp; Pairs Blackjack.<\/p>\n<h3>6.    Golden Nugget Kasino WV<\/h3>\n<p>Nachdem das preisgekr\u00f6nte Golden Nugget Casino durch eine Zusammenarbeit mit Greenbrier eine Lizenz erhalten hatte, wurde es im Dezember 2020 in die WV-Szene aufgenommen. Es lockt die Spieler mit fantastischen Promotionen, gro\u00dfartigen Bankoptionen, hochwertigen Spielen und einem Players Club, der Ihnen Casino-Credits (Crowns) bietet.<\/p>\n<p>Golden Nugget hat eine beeindruckende Blackjack-Lobby mit \u00fcber zwei Dutzend modernen und traditionellen Titeln. In der Tat k\u00f6nnen andere WV-Casinos in diesem Bereich nicht mithalten. Wenn Sie Blackjack zum ersten Mal spielen, beginnen Sie am besten mit Blackjack Classic, denn die Eins\u00e4tze beginnen bei $1 und gehen bis zu $1.000. Zu den anderen beliebten Titeln geh\u00f6ren Multihand Blackjack, Single Hand Blackjack, Match the Dealer Blackjack und zahlreiche Titel der Marke DraftKings, da sich dieses Casino im Besitz von DK befindet.<\/p>\n<h3>7.    PointsBet Casino WV<\/h3>\n<p>PointsBet Casino tauchte im Jahr 2022 durch eine Partnerschaft mit Hollywood Casino in der WV-Gl\u00fccksspielszene auf. Es ist eine relativ kleine Gl\u00fccksspielplattform mit niedrigen Mindesteinzahlungen und -abhebungen, was bedeutet, dass die Zielgruppe nicht die High-Roller sind, sondern Spieler, die mit einem kleinen Budget spielen. Der Betreiber ist f\u00fcr seine Sportwetten bekannt, was wahrscheinlich der Grund daf\u00fcr ist, dass es keinen Willkommensbonus f\u00fcr Casino-Spieler gibt.<\/p>\n<p>Dennoch verf\u00fcgt es \u00fcber einen angemessenen Anteil an Casinospielen, die vollst\u00e4ndig von IGT bereitgestellt werden. Die Bibliothek umfasst Slots, Tischspiele, Live-Dealer-Titel und Video-Poker. Die Blackjack-Auswahl ist knapp bemessen und bietet nur zwei Varianten - Blackjack With Surrender und Multihand Blackjack With Surrender.<\/p>\n<h3>8.    Barstool Casino WV<\/h3>\n<p>Das von Penn Entertainment und Barstool Sports gegr\u00fcndete Barstool Casino ist ein Online-Gl\u00fccksspielanbieter, der Casino-Spiele und Sportwetten anbietet. Wenn Sie sich auf der Plattform registrieren, erhalten Sie einen risikofreien 24-Stunden-Willkommensbonus im Wert von bis zu $1.000 Bonusguthaben, w\u00e4hrend Stammkunden von vielen anderen laufenden Aktionen profitieren k\u00f6nnen.<\/p>\n<p>Was die Spiele betrifft, so bietet Barstool \u00fcber 300 Spielautomaten, aber auch eine anst\u00e4ndige Sammlung von Tisch- und Live-Dealer-Spielen. Das Casino hat sowohl RNG- als auch Live-Dealer-Blackjack-Spiele, jedes mit seinen eigenen Wetten und Limits. Blackjack With Surrender, First Person Blackjack und Infinite Blackjack sind unter den verf\u00fcgbaren Titeln.<\/p>\n<h3>9.    Betly Kasino WV<\/h3>\n<p>Betly, das von Delaware North betrieben wird, ist ein Online-Casino und Sportwetten mit einer benutzerfreundlichen Plattform. Obwohl dieser Betreiber sich mehr auf Sportwetten konzentriert, bietet er eine solide Sammlung von Casino-Spielen, einschlie\u00dflich Slots, Jackpots, Tischspiele und Live-Casino-Optionen. Viele Spieler registrieren sich bei der Marke wegen ihrer verlockenden Promotionen, einschlie\u00dflich des 200% Matchbonus von bis zu $200 auf Ihre erste Einzahlung.<\/p>\n<p>Im Bereich der Tischspiele finden Sie eine F\u00fclle von Blackjack-Spielen, darunter Free Bet Blackjack, Lightning Blackjack First Person, Infinite Blackjack und Classic Blackjack. Wenn Sie aus Ihrer Komfortzone heraustreten und etwas Neues ausprobieren m\u00f6chten, empfehlen wir Blackjack Touch - Single Deck. Alle Titel sind f\u00fcr Anf\u00e4nger geeignet, da die Eins\u00e4tze bei $0,5 oder $1 beginnen und bis zu $5.000 hochgehen.<\/p>\n<p><strong>Hinweis: <\/strong>Es ist erw\u00e4hnenswert, dass die Lotteriekommission von West Virginia zwei weitere Online-Casinolizenzen f\u00fcr Play'n Go Casino und Hacksaw Gaming Casino genehmigt hat. Es wird erwartet, dass beide Betreiber in naher Zukunft ihren Betrieb in WV aufnehmen werden.<\/p>","protected":false},"excerpt":{"rendered":"<p>After passing HB2934 (the West Virginia Lottery Interactive Wagering Act) in March 2019, West Virginia became one of the six US states that have legalized online casino gaming. This has paved the way for the Mountain State to incorporate interactive betting into its gambling profile and allowed some of the biggest operators to start offering [&hellip;]<\/p>\n","protected":false},"author":4,"featured_media":0,"parent":5729,"menu_order":0,"comment_status":"closed","ping_status":"closed","template":"","meta":{"_acf_changed":false,"footnotes":""},"tags":[],"class_list":["post-6176","page","type-page","status-publish","hentry"],"acf":[],"yoast_head":"<!-- This site is optimized with the Yoast SEO plugin v26.6 - https:\/\/yoast.com\/wordpress\/plugins\/seo\/ -->\n<title>Legal Online Blackjack in West Virginia<\/title>\n<meta name=\"description\" content=\"After passing HB2934 (the West Virginia Lottery Interactive Wagering Act) in March 2019, West Virginia became one of the six US states that have legalized\" \/>\n<meta name=\"robots\" content=\"index, follow, max-snippet:-1, max-image-preview:large, max-video-preview:-1\" \/>\n<link rel=\"canonical\" href=\"https:\/\/www.blackjackinfo.com\/de\/us\/west-virginia-online-casinos\/legales-online-blackjack-in-west-virginia\/\" \/>\n<meta property=\"og:locale\" content=\"de_DE\" \/>\n<meta property=\"og:type\" content=\"article\" \/>\n<meta property=\"og:title\" content=\"Legal Online Blackjack in West Virginia\" \/>\n<meta property=\"og:description\" content=\"After passing HB2934 (the West Virginia Lottery Interactive Wagering Act) in March 2019, West Virginia became one of the six US states that have legalized\" \/>\n<meta property=\"og:url\" content=\"https:\/\/www.blackjackinfo.com\/de\/us\/west-virginia-online-casinos\/legales-online-blackjack-in-west-virginia\/\" \/>\n<meta property=\"og:site_name\" content=\"BlackjackInfo.com\" \/>\n<meta name=\"twitter:label1\" content=\"Gesch\u00e4tzte Lesezeit\" \/>\n\t<meta name=\"twitter:data1\" content=\"8\u00a0Minuten\" \/>\n<script type=\"application\/ld+json\" class=\"yoast-schema-graph\">{\"@context\":\"https:\/\/schema.org\",\"@graph\":[{\"@type\":\"WebPage\",\"@id\":\"https:\/\/www.blackjackinfo.com\/us\/west-virginia-online-casinos\/legal-online-blackjack-in-west-virginia\/\",\"url\":\"https:\/\/www.blackjackinfo.com\/us\/west-virginia-online-casinos\/legal-online-blackjack-in-west-virginia\/\",\"name\":\"Legal Online Blackjack in West Virginia\",\"isPartOf\":{\"@id\":\"https:\/\/www.blackjackinfo.com\/#website\"},\"datePublished\":\"2023-12-30T05:32:20+00:00\",\"description\":\"After passing HB2934 (the West Virginia Lottery Interactive Wagering Act) in March 2019, West Virginia became one of the six US states that have legalized\",\"breadcrumb\":{\"@id\":\"https:\/\/www.blackjackinfo.com\/us\/west-virginia-online-casinos\/legal-online-blackjack-in-west-virginia\/#breadcrumb\"},\"inLanguage\":\"de\",\"potentialAction\":[{\"@type\":\"ReadAction\",\"target\":[\"https:\/\/www.blackjackinfo.com\/us\/west-virginia-online-casinos\/legal-online-blackjack-in-west-virginia\/\"]}]},{\"@type\":\"BreadcrumbList\",\"@id\":\"https:\/\/www.blackjackinfo.com\/us\/west-virginia-online-casinos\/legal-online-blackjack-in-west-virginia\/#breadcrumb\",\"itemListElement\":[{\"@type\":\"ListItem\",\"position\":1,\"name\":\"Home\",\"item\":\"https:\/\/www.blackjackinfo.com\/\"},{\"@type\":\"ListItem\",\"position\":2,\"name\":\"Online Casinos in the US\",\"item\":\"https:\/\/www.blackjackinfo.com\/us\/\"},{\"@type\":\"ListItem\",\"position\":3,\"name\":\"West Virginia Online Casinos\",\"item\":\"https:\/\/www.blackjackinfo.com\/us\/west-virginia-online-casinos\/\"},{\"@type\":\"ListItem\",\"position\":4,\"name\":\"Legal Online Blackjack in West Virginia\"}]},{\"@type\":\"WebSite\",\"@id\":\"https:\/\/www.blackjackinfo.com\/#website\",\"url\":\"https:\/\/www.blackjackinfo.com\/\",\"name\":\"BlackjackInfo.com\",\"description\":\"Because Winning is More Fun!\",\"potentialAction\":[{\"@type\":\"SearchAction\",\"target\":{\"@type\":\"EntryPoint\",\"urlTemplate\":\"https:\/\/www.blackjackinfo.com\/?s={search_term_string}\"},\"query-input\":{\"@type\":\"PropertyValueSpecification\",\"valueRequired\":true,\"valueName\":\"search_term_string\"}}],\"inLanguage\":\"de\"}]}<\/script>\n<!-- \/ Yoast SEO plugin. -->","yoast_head_json":{"title":"Legaler Online Blackjack in West Virginia","description":"Nach der Verabschiedung des HB2934 (West Virginia Lottery Interactive Wagering Act) im M\u00e4rz 2019 wurde West Virginia zu einem der sechs US-Bundesstaaten, die Folgendes legalisiert haben","robots":{"index":"index","follow":"follow","max-snippet":"max-snippet:-1","max-image-preview":"max-image-preview:large","max-video-preview":"max-video-preview:-1"},"canonical":"https:\/\/www.blackjackinfo.com\/de\/us\/west-virginia-online-casinos\/legales-online-blackjack-in-west-virginia\/","og_locale":"de_DE","og_type":"article","og_title":"Legal Online Blackjack in West Virginia","og_description":"After passing HB2934 (the West Virginia Lottery Interactive Wagering Act) in March 2019, West Virginia became one of the six US states that have legalized","og_url":"https:\/\/www.blackjackinfo.com\/de\/us\/west-virginia-online-casinos\/legales-online-blackjack-in-west-virginia\/","og_site_name":"BlackjackInfo.com","twitter_misc":{"Gesch\u00e4tzte Lesezeit":"8\u00a0Minuten"},"schema":{"@context":"https:\/\/schema.org","@graph":[{"@type":"WebPage","@id":"https:\/\/www.blackjackinfo.com\/us\/west-virginia-online-casinos\/legal-online-blackjack-in-west-virginia\/","url":"https:\/\/www.blackjackinfo.com\/us\/west-virginia-online-casinos\/legal-online-blackjack-in-west-virginia\/","name":"Legaler Online Blackjack in West Virginia","isPartOf":{"@id":"https:\/\/www.blackjackinfo.com\/#website"},"datePublished":"2023-12-30T05:32:20+00:00","description":"Nach der Verabschiedung des HB2934 (West Virginia Lottery Interactive Wagering Act) im M\u00e4rz 2019 wurde West Virginia zu einem der sechs US-Bundesstaaten, die Folgendes legalisiert haben","breadcrumb":{"@id":"https:\/\/www.blackjackinfo.com\/us\/west-virginia-online-casinos\/legal-online-blackjack-in-west-virginia\/#breadcrumb"},"inLanguage":"de","potentialAction":[{"@type":"ReadAction","target":["https:\/\/www.blackjackinfo.com\/us\/west-virginia-online-casinos\/legal-online-blackjack-in-west-virginia\/"]}]},{"@type":"BreadcrumbList","@id":"https:\/\/www.blackjackinfo.com\/us\/west-virginia-online-casinos\/legal-online-blackjack-in-west-virginia\/#breadcrumb","itemListElement":[{"@type":"ListItem","position":1,"name":"Home","item":"https:\/\/www.blackjackinfo.com\/"},{"@type":"ListItem","position":2,"name":"Online Casinos in the US","item":"https:\/\/www.blackjackinfo.com\/us\/"},{"@type":"ListItem","position":3,"name":"West Virginia Online Casinos","item":"https:\/\/www.blackjackinfo.com\/us\/west-virginia-online-casinos\/"},{"@type":"ListItem","position":4,"name":"Legal Online Blackjack in West Virginia"}]},{"@type":"WebSite","@id":"https:\/\/www.blackjackinfo.com\/#website","url":"https:\/\/www.blackjackinfo.com\/","name":"BlackjackInfo.de","description":"Denn Gewinnen macht mehr Spa\u00df!","potentialAction":[{"@type":"SearchAction","target":{"@type":"EntryPoint","urlTemplate":"https:\/\/www.blackjackinfo.com\/?s={search_term_string}"},"query-input":{"@type":"PropertyValueSpecification","valueRequired":true,"valueName":"search_term_string"}}],"inLanguage":"de"}]}},"_links":{"self":[{"href":"https:\/\/www.blackjackinfo.com\/de\/wp-json\/wp\/v2\/pages\/6176","targetHints":{"allow":["GET"]}}],"collection":[{"href":"https:\/\/www.blackjackinfo.com\/de\/wp-json\/wp\/v2\/pages"}],"about":[{"href":"https:\/\/www.blackjackinfo.com\/de\/wp-json\/wp\/v2\/types\/page"}],"author":[{"embeddable":true,"href":"https:\/\/www.blackjackinfo.com\/de\/wp-json\/wp\/v2\/users\/4"}],"replies":[{"embeddable":true,"href":"https:\/\/www.blackjackinfo.com\/de\/wp-json\/wp\/v2\/comments?post=6176"}],"version-history":[{"count":1,"href":"https:\/\/www.blackjackinfo.com\/de\/wp-json\/wp\/v2\/pages\/6176\/revisions"}],"predecessor-version":[{"id":6177,"href":"https:\/\/www.blackjackinfo.com\/de\/wp-json\/wp\/v2\/pages\/6176\/revisions\/6177"}],"up":[{"embeddable":true,"href":"https:\/\/www.blackjackinfo.com\/de\/wp-json\/wp\/v2\/pages\/5729"}],"wp:attachment":[{"href":"https:\/\/www.blackjackinfo.com\/de\/wp-json\/wp\/v2\/media?parent=6176"}],"wp:term":[{"taxonomy":"post_tag","embeddable":true,"href":"https:\/\/www.blackjackinfo.com\/de\/wp-json\/wp\/v2\/tags?post=6176"}],"curies":[{"name":"wp","href":"https:\/\/api.w.org\/{rel}","templated":true}]}}