{"id":6460,"date":"2024-09-15T01:22:26","date_gmt":"2024-09-15T06:22:26","guid":{"rendered":"https:\/\/www.blackjackinfo.com\/?page_id=6460"},"modified":"2024-11-01T04:23:58","modified_gmt":"2024-11-01T09:23:58","slug":"online-casinos","status":"publish","type":"page","link":"https:\/\/www.blackjackinfo.com\/de\/online-casinos\/","title":{"rendered":"Online-Casinos - Wie funktionieren sie?"},"content":{"rendered":"<p>Sie m\u00f6chten also in einem Online-Casino spielen, aber wie k\u00f6nnen Sie sicher sein, dass es vertrauensw\u00fcrdig ist? Da die Online-Gl\u00fccksspielbranche inzwischen weltweit \u00fcber $60 Milliarden wert ist und jedes Jahr um weitere 11% wachsen soll, sind Sie sicherlich nicht allein! Millionen von Menschen genie\u00dfen jeden Tag die Bequemlichkeit und den Nervenkitzel von Online-Casinos. Aber es stellt sich nat\u00fcrlich die Frage nach der Fairness - schlie\u00dflich will jeder eine faire Chance auf einen Gewinn haben! <\/p>\n\n\n\n<p>Schauen wir uns an, wie Online-Casinos faires Spiel gew\u00e4hrleisten und wie Sie anfangen k\u00f6nnen, wenn Sie sich daf\u00fcr entscheiden, dies zu tun.<\/p>\n\n\n\n<h2 class=\"wp-block-heading\">Wie sorgen Online-Casinos f\u00fcr faire Spiele?<\/h2>\n\n\n\n<p>Eine der wichtigsten Methoden, mit denen Online-Casinos ein faires Spiel gew\u00e4hrleisten, ist eine Technologie namens <strong><a href=\"https:\/\/www.youtube.com\/watch?v=MNNcn5_K78k\">Zufallszahlengenerator (RNG)<\/a><\/strong>. Ein RNG ist eine hochentwickelte Software, die jedes Mal, wenn Sie online einen Spielautomaten drehen, eine Karte ziehen oder w\u00fcrfeln, zuf\u00e4llige Ergebnisse liefert. <\/p>\n\n\n\n<p>Diese Software, entwickelt von bekannten Anbietern wie <strong>Microgaming<\/strong>, <strong>NetEnt<\/strong>und <strong>Playtech<\/strong>stellt sicher, dass jedes Spielergebnis v\u00f6llig unvorhersehbar ist und nicht manipuliert werden kann. Durch die Verwendung branchenerprobter RNG-Software k\u00f6nnen Online-Casinos die Zuf\u00e4lligkeit physischer Spiele imitieren und den Spielern eine echte Gewinnchance bieten.<\/p>\n\n\n\n<h2 class=\"wp-block-heading\">Spielvielfalt: Wer steckt wirklich hinter Ihren Lieblings-Spielautomaten und -Tischspielen?<\/h2>\n\n\n\n<p>Online-Casinos h\u00e4ngen weitgehend von den Softwareanbietern ab, mit denen sie zusammenarbeiten. Diese Anbieter sind spezialisierte Unternehmen, die f\u00fcr die Erstellung der Spielautomaten, Tischspiele und Live-Dealer-Optionen verantwortlich sind, die Sie auf der Website sehen. Zum Beispiel, Unternehmen wie <strong>NetEnt<\/strong> konzentrieren sich auf Spielautomaten, die f\u00fcr ihre fesselnden Themen und hochwertige Grafik bekannt sind, w\u00e4hrend <strong>Evolution Gaming<\/strong> ist bekannt f\u00fcr die Entwicklung von Live-Dealer-Spielen, die das Gef\u00fchl eines echten Casinos vermitteln sollen. Jeder Anbieter hat seinen eigenen Stil und seine eigenen St\u00e4rken, was bedeutet, dass Casinos mit verschiedenen Partnerschaften einzigartige Spielbibliotheken anbieten werden.<\/p>\n\n\n\n<p>Wenn ein Casino mit mehreren Anbietern zusammenarbeitet, kann es eine breite Palette von Spieltypen und -stilen anbieten, die den unterschiedlichen Vorlieben der Spieler gerecht werden. Wenn Sie also die Spielauswahl eines Casinos erkunden, ist es sinnvoll, sich die Softwareanbieter anzusehen, die hinter den Spielen stehen. Deren Beteiligung kann Ihnen einen Einblick in die Art der Erfahrung und Qualit\u00e4t geben, die Sie erwarten k\u00f6nnen. Au\u00dferdem k\u00f6nnen Sie so sicherstellen, dass die Spiele seri\u00f6s sind, denn seri\u00f6se Softwareanbieter werden auf Fairness gepr\u00fcft. <\/p>\n\n\n\n<h2 class=\"wp-block-heading\">Wie werden diese Systeme gepr\u00fcft?<\/h2>\n\n\n\n<p>Um den Spielern zus\u00e4tzliches Vertrauen zu geben, werden seri\u00f6se Casinos regelm\u00e4\u00dfig <strong>Pr\u00fcfungen durch Dritte<\/strong> um zu \u00fcberpr\u00fcfen, ob ihre RNGs fair funktionieren. Unabh\u00e4ngige Pr\u00fcfstellen, wie z. B. <strong>eCOGRA<\/strong>, <strong>iTech-Labore<\/strong>und <strong>GLI (Gl\u00fccksspiel-Laboratorien International)<\/strong>f\u00fchren umfangreiche Tests mit der Software durch. Diese Pr\u00fcfungen gew\u00e4hrleisten, dass die RNGs wirklich zuf\u00e4llige Ergebnisse liefern und best\u00e4tigen, dass weder das Casino noch die Spieler einen unfairen Vorteil haben.<\/p>\n\n\n\n<p>Wenn ein Casino eine Zertifizierung oder ein Siegel dieser Agenturen vorweisen kann, bedeutet dies, dass die Spiele strenge Tests auf Fairness und Transparenz bestanden haben. Die Pr\u00fcfer testen Aspekte wie die Auszahlungsquoten und die Konsistenz des Zufalls, um sicherzustellen, dass alles mit rechten Dingen zugeht.<\/p>\n\n\n\n<h2 class=\"wp-block-heading\">Wer sorgt daf\u00fcr, dass sich die Casinos an die Regeln halten?<\/h2>\n\n\n\n<p>Um Vertrauen bei den Spielern aufzubauen, werden seri\u00f6se Casinos von vertrauensw\u00fcrdigen Gl\u00fccksspielbeh\u00f6rden lizenziert und reguliert. Diese Beh\u00f6rden, zum Beispiel die <strong>Malta Gaming Authority<\/strong> oder <strong>UK Gambling Commission<\/strong>Sie setzen strenge Regeln durch, um sicherzustellen, dass die Casinos fair und sicher sind. Wenn ein Casino eine Lizenz von einer dieser Organisationen hat, bedeutet das, dass es detaillierte Pr\u00fcfungen bestanden hat und regelm\u00e4\u00dfig kontrolliert wird.<\/p>\n\n\n\n<h2 class=\"wp-block-heading\">Ist das legal?<\/h2>\n\n\n\n<p>Die Legalit\u00e4t von Online-Gl\u00fccksspielen ist je nach Standort sehr unterschiedlich, da jedes Land oder jede Region seine eigenen Gesetze hat, die diese Aktivit\u00e4t regeln. An einigen Orten ist das Online-Gl\u00fccksspiel vollst\u00e4ndig legalisiert und reguliert und bietet den Spielern eine breite Palette an M\u00f6glichkeiten. <\/p>\n\n\n\n<p>Im Gegensatz dazu k\u00f6nnen in anderen Gebieten strenge Beschr\u00e4nkungen oder ein v\u00f6lliges Verbot f\u00fcr Online-Casinos gelten, so dass die Teilnahme f\u00fcr die Einwohner illegal ist. Auch in L\u00e4ndern, in denen Online-Gl\u00fccksspiele legal sind, kann es spezifische Vorschriften geben, die festlegen, welche Arten von Spielen erlaubt sind, wer ein Casino betreiben darf und wie die Lizenzen erteilt werden. <\/p>\n\n\n\n<p>Daher ist es wichtig, dass sich die Spieler vor der Teilnahme an Online-Gl\u00fccksspielen mit den \u00f6rtlichen Gesetzen vertraut machen, um die Einhaltung der Vorschriften zu gew\u00e4hrleisten und m\u00f6gliche rechtliche Probleme zu vermeiden.<\/p>\n\n\n\n<h2 class=\"wp-block-heading\">Unterm Strich: Fair Play ist der Schl\u00fcssel zur Vertrauensbildung<\/h2>\n\n\n\n<p>F\u00fcr Casinos ist das Vertrauen der Spieler das Wichtigste. Daher investieren sie viel in Technologie und Einhaltung von Vorschriften, um ein faires Umfeld zu schaffen. Wenn Sie neu anfangen, w\u00e4hlen Sie lizenzierte Casinos mit Zertifizierungen von seri\u00f6sen Beh\u00f6rden und unabh\u00e4ngigen Pr\u00fcfungen. <\/p>\n\n\n\n<p>Wir tun unser Bestes, um nur seri\u00f6se Casinos auf unserer Website aufzulisten, aber wie bei jedem Online-Kauf empfehlen wir Ihnen, sich genau zu informieren und immer die Gesch\u00e4ftsbedingungen zu lesen, bevor Sie online spielen.<\/p>\n\n\n\n<h2 class=\"wp-block-heading\">Verwandte Artikel<\/h2>\n\n\n\n<ul class=\"wp-block-list\">\n<li><a href=\"https:\/\/www.blackjackinfo.com\/are-online-casinos-rigged\/\">Sind Online-Casinos manipuliert?<\/a><\/li>\n<\/ul>","protected":false},"excerpt":{"rendered":"<p>So, you\u2019re interested in playing at a casino online, but how can you be sure they\u2019re trustworthy? With the online gambling industry now worth over $60 billion globally and expected to grow by another 11% each year, you\u2019re certainly not alone! Millions of people are enjoying the convenience and excitement of online casinos every day. [&hellip;]<\/p>\n","protected":false},"author":4,"featured_media":0,"parent":0,"menu_order":0,"comment_status":"closed","ping_status":"closed","template":"","meta":{"_acf_changed":false,"footnotes":""},"tags":[],"class_list":["post-6460","page","type-page","status-publish","hentry"],"acf":[],"yoast_head":"<!-- This site is optimized with the Yoast SEO plugin v26.6 - https:\/\/yoast.com\/wordpress\/plugins\/seo\/ -->\n<title>Online Casinos - How do they Work?<\/title>\n<meta name=\"description\" content=\"So, you\u2019re interested in playing at a casino online, but how can you be sure they\u2019re trustworthy? With the online gambling industry now worth over $60\" \/>\n<meta name=\"robots\" content=\"index, follow, max-snippet:-1, max-image-preview:large, max-video-preview:-1\" \/>\n<link rel=\"canonical\" href=\"https:\/\/www.blackjackinfo.com\/de\/online-casinos\/\" \/>\n<meta property=\"og:locale\" content=\"de_DE\" \/>\n<meta property=\"og:type\" content=\"article\" \/>\n<meta property=\"og:title\" content=\"Online Casinos - How do they Work?\" \/>\n<meta property=\"og:description\" content=\"So, you\u2019re interested in playing at a casino online, but how can you be sure they\u2019re trustworthy? With the online gambling industry now worth over $60\" \/>\n<meta property=\"og:url\" content=\"https:\/\/www.blackjackinfo.com\/de\/online-casinos\/\" \/>\n<meta property=\"og:site_name\" content=\"BlackjackInfo.com\" \/>\n<meta property=\"article:modified_time\" content=\"2024-11-01T09:23:58+00:00\" \/>\n<meta name=\"twitter:label1\" content=\"Gesch\u00e4tzte Lesezeit\" \/>\n\t<meta name=\"twitter:data1\" content=\"4\u00a0Minuten\" \/>\n<script type=\"application\/ld+json\" class=\"yoast-schema-graph\">{\"@context\":\"https:\/\/schema.org\",\"@graph\":[{\"@type\":\"WebPage\",\"@id\":\"https:\/\/www.blackjackinfo.com\/online-casinos\/\",\"url\":\"https:\/\/www.blackjackinfo.com\/online-casinos\/\",\"name\":\"Online Casinos - How do they Work?\",\"isPartOf\":{\"@id\":\"https:\/\/www.blackjackinfo.com\/#website\"},\"datePublished\":\"2024-09-15T06:22:26+00:00\",\"dateModified\":\"2024-11-01T09:23:58+00:00\",\"description\":\"So, you\u2019re interested in playing at a casino online, but how can you be sure they\u2019re trustworthy? With the online gambling industry now worth over $60\",\"breadcrumb\":{\"@id\":\"https:\/\/www.blackjackinfo.com\/online-casinos\/#breadcrumb\"},\"inLanguage\":\"de\",\"potentialAction\":[{\"@type\":\"ReadAction\",\"target\":[\"https:\/\/www.blackjackinfo.com\/online-casinos\/\"]}]},{\"@type\":\"BreadcrumbList\",\"@id\":\"https:\/\/www.blackjackinfo.com\/online-casinos\/#breadcrumb\",\"itemListElement\":[{\"@type\":\"ListItem\",\"position\":1,\"name\":\"Home\",\"item\":\"https:\/\/www.blackjackinfo.com\/\"},{\"@type\":\"ListItem\",\"position\":2,\"name\":\"Online Casinos &#8211; How do they Work?\"}]},{\"@type\":\"WebSite\",\"@id\":\"https:\/\/www.blackjackinfo.com\/#website\",\"url\":\"https:\/\/www.blackjackinfo.com\/\",\"name\":\"BlackjackInfo.com\",\"description\":\"Because Winning is More Fun!\",\"potentialAction\":[{\"@type\":\"SearchAction\",\"target\":{\"@type\":\"EntryPoint\",\"urlTemplate\":\"https:\/\/www.blackjackinfo.com\/?s={search_term_string}\"},\"query-input\":{\"@type\":\"PropertyValueSpecification\",\"valueRequired\":true,\"valueName\":\"search_term_string\"}}],\"inLanguage\":\"de\"}]}<\/script>\n<!-- \/ Yoast SEO plugin. -->","yoast_head_json":{"title":"Online-Casinos - Wie funktionieren sie?","description":"Sie sind also daran interessiert, in einem Online-Casino zu spielen, aber wie k\u00f6nnen Sie sicher sein, dass es vertrauensw\u00fcrdig ist? Die Online-Gl\u00fccksspielindustrie hat mittlerweile einen Wert von \u00fcber $60","robots":{"index":"index","follow":"follow","max-snippet":"max-snippet:-1","max-image-preview":"max-image-preview:large","max-video-preview":"max-video-preview:-1"},"canonical":"https:\/\/www.blackjackinfo.com\/de\/online-casinos\/","og_locale":"de_DE","og_type":"article","og_title":"Online Casinos - How do they Work?","og_description":"So, you\u2019re interested in playing at a casino online, but how can you be sure they\u2019re trustworthy? With the online gambling industry now worth over $60","og_url":"https:\/\/www.blackjackinfo.com\/de\/online-casinos\/","og_site_name":"BlackjackInfo.com","article_modified_time":"2024-11-01T09:23:58+00:00","twitter_misc":{"Gesch\u00e4tzte Lesezeit":"4\u00a0Minuten"},"schema":{"@context":"https:\/\/schema.org","@graph":[{"@type":"WebPage","@id":"https:\/\/www.blackjackinfo.com\/online-casinos\/","url":"https:\/\/www.blackjackinfo.com\/online-casinos\/","name":"Online-Casinos - Wie funktionieren sie?","isPartOf":{"@id":"https:\/\/www.blackjackinfo.com\/#website"},"datePublished":"2024-09-15T06:22:26+00:00","dateModified":"2024-11-01T09:23:58+00:00","description":"Sie sind also daran interessiert, in einem Online-Casino zu spielen, aber wie k\u00f6nnen Sie sicher sein, dass es vertrauensw\u00fcrdig ist? Die Online-Gl\u00fccksspielindustrie hat mittlerweile einen Wert von \u00fcber $60","breadcrumb":{"@id":"https:\/\/www.blackjackinfo.com\/online-casinos\/#breadcrumb"},"inLanguage":"de","potentialAction":[{"@type":"ReadAction","target":["https:\/\/www.blackjackinfo.com\/online-casinos\/"]}]},{"@type":"BreadcrumbList","@id":"https:\/\/www.blackjackinfo.com\/online-casinos\/#breadcrumb","itemListElement":[{"@type":"ListItem","position":1,"name":"Home","item":"https:\/\/www.blackjackinfo.com\/"},{"@type":"ListItem","position":2,"name":"Online Casinos &#8211; How do they Work?"}]},{"@type":"WebSite","@id":"https:\/\/www.blackjackinfo.com\/#website","url":"https:\/\/www.blackjackinfo.com\/","name":"BlackjackInfo.de","description":"Denn Gewinnen macht mehr Spa\u00df!","potentialAction":[{"@type":"SearchAction","target":{"@type":"EntryPoint","urlTemplate":"https:\/\/www.blackjackinfo.com\/?s={search_term_string}"},"query-input":{"@type":"PropertyValueSpecification","valueRequired":true,"valueName":"search_term_string"}}],"inLanguage":"de"}]}},"_links":{"self":[{"href":"https:\/\/www.blackjackinfo.com\/de\/wp-json\/wp\/v2\/pages\/6460","targetHints":{"allow":["GET"]}}],"collection":[{"href":"https:\/\/www.blackjackinfo.com\/de\/wp-json\/wp\/v2\/pages"}],"about":[{"href":"https:\/\/www.blackjackinfo.com\/de\/wp-json\/wp\/v2\/types\/page"}],"author":[{"embeddable":true,"href":"https:\/\/www.blackjackinfo.com\/de\/wp-json\/wp\/v2\/users\/4"}],"replies":[{"embeddable":true,"href":"https:\/\/www.blackjackinfo.com\/de\/wp-json\/wp\/v2\/comments?post=6460"}],"version-history":[{"count":5,"href":"https:\/\/www.blackjackinfo.com\/de\/wp-json\/wp\/v2\/pages\/6460\/revisions"}],"predecessor-version":[{"id":7500,"href":"https:\/\/www.blackjackinfo.com\/de\/wp-json\/wp\/v2\/pages\/6460\/revisions\/7500"}],"wp:attachment":[{"href":"https:\/\/www.blackjackinfo.com\/de\/wp-json\/wp\/v2\/media?parent=6460"}],"wp:term":[{"taxonomy":"post_tag","embeddable":true,"href":"https:\/\/www.blackjackinfo.com\/de\/wp-json\/wp\/v2\/tags?post=6460"}],"curies":[{"name":"wp","href":"https:\/\/api.w.org\/{rel}","templated":true}]}}