{"id":655,"date":"2014-10-13T20:14:31","date_gmt":"2014-10-14T01:14:31","guid":{"rendered":"http:\/\/test.blackjackinfo.com\/?page_id=655"},"modified":"2018-06-22T02:45:35","modified_gmt":"2018-06-22T07:45:35","slug":"spielleiter","status":"publish","type":"page","link":"https:\/\/www.blackjackinfo.com\/de\/gamemaster\/","title":{"rendered":"Wer ist der \"GameMaster\"?"},"content":{"rendered":"<p class=\"intro\">Die ausgezeichnete 24-Lektionen <a title=\"Blackjack Schule\" href=\"\/blackjack-school\/\">Blackjack Schule<\/a> hier auf BlackjackInfo.com wurde von einem Freund von mir namens Bill Channels erstellt, der als \"The GameMaster\" schreibt.  Seine Website GameMasterOnline.com enthielt eine gro\u00dfe Auswahl an aufschlussreichen Artikeln \u00fcber Blackjack und andere Gl\u00fccksspiele, bis sie Ende 2014 geschlossen wurde.<\/p>\n<p>Als ich den GameMaster zum ersten Mal traf, f\u00fchlte ich sofort eine Verwandtschaft.  Wir haben eine Menge gemeinsam.  Wir sind beide erfahrene, siegreiche Spieler und betreiben beide Gl\u00fccksspiel-Websites, die auf die Anf\u00e4nge des Internets zur\u00fcckgehen.  Seine Domain GameMasterOnline.com wurde im Mai 1997 registriert, w\u00e4hrend meine BlackjackInfo.com im Januar 1998 entstand.  Und eigentlich waren das nicht unsere ersten Websites.  Urspr\u00fcnglich arbeitete er mit \"Rolling Good Times Online\" aus dem Jahr 1996, und meine Website begann etwa zur gleichen Zeit unter einer von meinem Internetanbieter bereitgestellten Adresse.  Damals war die beste Suchmaschine AltaVista, und von Google hatte noch niemand etwas geh\u00f6rt!<\/p>\n<p>Bill ist ein echter Bonvivant.  Mit seinen eigenen Worten:<\/p>\n<blockquote><p>Genie\u00dfen Sie das Leben! Aber tun Sie es in Ma\u00dfen. Geben Sie den Kasinos keinen zu gro\u00dfen Vorteil, wenn Sie spielen, und wenn Sie trinken, dann trinken Sie nur das gute Zeug. Essen Sie ein kleines Steak und beenden Sie Ihr Abendessen mit einem guten Portwein oder Brandy und einer verdammt guten Zigarre.  Das Beste aus dem Leben zu machen, hat wenig mit Geld und alles mit Geschmack zu tun.<cite>Der Spielleiter<\/cite><\/p><\/blockquote>\n<p>Eine Zeit lang war er der exklusive US-Importeur f\u00fcr einen polnischen dreifach destillierten Roggenwodka.  Sein Wissen \u00fcber Spirituosen und Weine ist erstaunlich, und ein Abendessen mit ihm ist immer ein ziemliches Abenteuer.  Er ist seit vielen Jahren ein erfolgreicher Gl\u00fccksspieler, der mit einer Vielzahl von Casinospielen Geld verdient hat.  Von Zeit zu Zeit war er als Blackjack-Mentor und -Lehrer t\u00e4tig, und aus seinen Erfahrungen bei der Arbeit mit Sch\u00fclern entstand seine Blackjack-Schule.<\/p>\n<p>Der GameMaster stellte seine Blackjack-Schule mit 24 Lektionen zur Ver\u00f6ffentlichung auf jeder Gl\u00fccksspiel-Website zur Verf\u00fcgung, die seine redaktionellen Anforderungen erf\u00fcllte, und zwar im Austausch gegen Links zu seiner DVD mit den Kursmaterialien.  Und so begann ich, die Schule hier auf BlackjackInfo zu ver\u00f6ffentlichen.  Die Reihe war bei meinen Besuchern so beliebt, dass ich sp\u00e4ter daf\u00fcr bezahlte, die Lektionen ins Franz\u00f6sische und Italienische \u00fcbersetzen zu lassen.<\/p>\n<p><a href=\"http:\/\/www.amazon.com\/dp\/1477594663\/?tag=theblackjacbasic\"><img loading=\"lazy\" decoding=\"async\" class=\"alignright size-full wp-image-661\" src=\"\/files\/GameMaster-Darn-Near-Complete-Book-Of-Winning-At-Blackjack.jpg\" alt=\"The (Darn Near) Complete Book Of Winning At Blackjack\" width=\"175\" height=\"250\" data-no-auto-translation=\"\" \/><\/a>Im Jahr 2012 fasste Bill seine Gedanken \u00fcber Blackjack zusammen und ver\u00f6ffentlichte ein Buch:<br \/>\n<a href=\"http:\/\/www.amazon.com\/dp\/1477594663\/?tag=theblackjacbasic\">Das (fast) vollst\u00e4ndige Buch \u00fcber das Gewinnen beim Blackjack<\/a><br \/>\n(Der Link f\u00fchrt direkt zu seinem Buch bei Amazon.)<\/p>\n<p>Als er seinen richtigen Namen auf den Umschlag seines Buches setzte, war dies das erste Mal, dass er \u00f6ffentlich seine Identit\u00e4t als Spielleiter preisgab.  Er war nerv\u00f6s und bef\u00fcrchtete, dass es ihn Spielzeit im Casino kosten k\u00f6nnte.  Aber als wir das letzte Mal dar\u00fcber sprachen, war er immer noch so erfolgreich wie immer an den Tischen.<\/p>\n<p>W\u00e4hrend ich diese Zeilen Ende 2014 schreibe, kann ich Bill leider schon seit einigen Monaten nicht mehr erreichen.  Seine Website wurde vernachl\u00e4ssigt, und im September reagierte sie \u00fcberhaupt nicht mehr.  Meine Versuche, ihn per E-Mail zu kontaktieren, sind gescheitert; eine alte Telefonnummer ist nicht mehr g\u00fcltig, und als ich einen Brief an eine Adresse schickte, die ich hatte, erhielt ich keine Antwort.  In den letzten Jahren hatte er mehrere ernsthafte gesundheitliche Probleme, und im Dezember 2013 teilte er auf Facebook mit, dass er aufgrund seines k\u00f6rperlichen Zustands in ein Pflegeheim umgezogen sei.<\/p>\n<p>Alle Links von dieser Seite, die bisher zu GameMasterOnline f\u00fchrten, f\u00fchren jetzt zu dieser Seite.<\/p>\n<p>Ich bin sicher, wenn ich von Bill h\u00f6re, wird er l\u00e4cheln und uns raten, weiterzumachen, das Leben zu genie\u00dfen und ein bisschen Geld zu gewinnen.<\/p>","protected":false},"excerpt":{"rendered":"<p>The excellent 24-lesson Blackjack School hosted here at BlackjackInfo.com was created by a friend of mine named Bill Channels who writes as &#8220;The GameMaster&#8221;.\u00a0 His website GameMasterOnline.com held a huge array of insightful articles about blackjack and other gambling games until it went dark in late 2014. When I first met the GameMaster, I felt [&hellip;]<\/p>\n","protected":false},"author":2,"featured_media":0,"parent":0,"menu_order":0,"comment_status":"open","ping_status":"closed","template":"","meta":{"_acf_changed":false,"footnotes":""},"tags":[],"class_list":["post-655","page","type-page","status-publish","hentry"],"acf":[],"yoast_head":"<!-- This site is optimized with the Yoast SEO plugin v26.6 - https:\/\/yoast.com\/wordpress\/plugins\/seo\/ -->\n<title>Who is the &quot;GameMaster&quot;?<\/title>\n<meta name=\"description\" content=\"Among many other talents, the GameMaster developed the Blackjack School which is one of our most popular features at BlackjackInfo. Learn more here.\" \/>\n<meta name=\"robots\" content=\"index, follow, max-snippet:-1, max-image-preview:large, max-video-preview:-1\" \/>\n<link rel=\"canonical\" href=\"https:\/\/www.blackjackinfo.com\/de\/spielleiter\/\" \/>\n<meta property=\"og:locale\" content=\"de_DE\" \/>\n<meta property=\"og:type\" content=\"article\" \/>\n<meta property=\"og:title\" content=\"Who is the &quot;GameMaster&quot;?\" \/>\n<meta property=\"og:description\" content=\"Among many other talents, the GameMaster developed the Blackjack School which is one of our most popular features at BlackjackInfo. Learn more here.\" \/>\n<meta property=\"og:url\" content=\"https:\/\/www.blackjackinfo.com\/de\/spielleiter\/\" \/>\n<meta property=\"og:site_name\" content=\"BlackjackInfo.com\" \/>\n<meta property=\"article:modified_time\" content=\"2018-06-22T07:45:35+00:00\" \/>\n<meta name=\"twitter:label1\" content=\"Gesch\u00e4tzte Lesezeit\" \/>\n\t<meta name=\"twitter:data1\" content=\"3\u00a0Minuten\" \/>\n<script type=\"application\/ld+json\" class=\"yoast-schema-graph\">{\"@context\":\"https:\/\/schema.org\",\"@graph\":[{\"@type\":\"WebPage\",\"@id\":\"https:\/\/www.blackjackinfo.com\/gamemaster\/\",\"url\":\"https:\/\/www.blackjackinfo.com\/gamemaster\/\",\"name\":\"Who is the \\\"GameMaster\\\"?\",\"isPartOf\":{\"@id\":\"https:\/\/www.blackjackinfo.com\/#website\"},\"datePublished\":\"2014-10-14T01:14:31+00:00\",\"dateModified\":\"2018-06-22T07:45:35+00:00\",\"description\":\"Among many other talents, the GameMaster developed the Blackjack School which is one of our most popular features at BlackjackInfo. Learn more here.\",\"breadcrumb\":{\"@id\":\"https:\/\/www.blackjackinfo.com\/gamemaster\/#breadcrumb\"},\"inLanguage\":\"de\",\"potentialAction\":[{\"@type\":\"ReadAction\",\"target\":[\"https:\/\/www.blackjackinfo.com\/gamemaster\/\"]}]},{\"@type\":\"BreadcrumbList\",\"@id\":\"https:\/\/www.blackjackinfo.com\/gamemaster\/#breadcrumb\",\"itemListElement\":[{\"@type\":\"ListItem\",\"position\":1,\"name\":\"Home\",\"item\":\"https:\/\/www.blackjackinfo.com\/\"},{\"@type\":\"ListItem\",\"position\":2,\"name\":\"Who is the &#8220;GameMaster&#8221;?\"}]},{\"@type\":\"WebSite\",\"@id\":\"https:\/\/www.blackjackinfo.com\/#website\",\"url\":\"https:\/\/www.blackjackinfo.com\/\",\"name\":\"BlackjackInfo.com\",\"description\":\"Because Winning is More Fun!\",\"potentialAction\":[{\"@type\":\"SearchAction\",\"target\":{\"@type\":\"EntryPoint\",\"urlTemplate\":\"https:\/\/www.blackjackinfo.com\/?s={search_term_string}\"},\"query-input\":{\"@type\":\"PropertyValueSpecification\",\"valueRequired\":true,\"valueName\":\"search_term_string\"}}],\"inLanguage\":\"de\"}]}<\/script>\n<!-- \/ Yoast SEO plugin. -->","yoast_head_json":{"title":"Wer ist der \"GameMaster\"?","description":"Neben vielen anderen Talenten hat der GameMaster die Blackjack-Schule entwickelt, die eines unserer beliebtesten Features bei BlackjackInfo ist. Erfahren Sie hier mehr.","robots":{"index":"index","follow":"follow","max-snippet":"max-snippet:-1","max-image-preview":"max-image-preview:large","max-video-preview":"max-video-preview:-1"},"canonical":"https:\/\/www.blackjackinfo.com\/de\/spielleiter\/","og_locale":"de_DE","og_type":"article","og_title":"Who is the \"GameMaster\"?","og_description":"Among many other talents, the GameMaster developed the Blackjack School which is one of our most popular features at BlackjackInfo. Learn more here.","og_url":"https:\/\/www.blackjackinfo.com\/de\/spielleiter\/","og_site_name":"BlackjackInfo.com","article_modified_time":"2018-06-22T07:45:35+00:00","twitter_misc":{"Gesch\u00e4tzte Lesezeit":"3\u00a0Minuten"},"schema":{"@context":"https:\/\/schema.org","@graph":[{"@type":"WebPage","@id":"https:\/\/www.blackjackinfo.com\/gamemaster\/","url":"https:\/\/www.blackjackinfo.com\/gamemaster\/","name":"Wer ist der \"GameMaster\"?","isPartOf":{"@id":"https:\/\/www.blackjackinfo.com\/#website"},"datePublished":"2014-10-14T01:14:31+00:00","dateModified":"2018-06-22T07:45:35+00:00","description":"Neben vielen anderen Talenten hat der GameMaster die Blackjack-Schule entwickelt, die eines unserer beliebtesten Features bei BlackjackInfo ist. Erfahren Sie hier mehr.","breadcrumb":{"@id":"https:\/\/www.blackjackinfo.com\/gamemaster\/#breadcrumb"},"inLanguage":"de","potentialAction":[{"@type":"ReadAction","target":["https:\/\/www.blackjackinfo.com\/gamemaster\/"]}]},{"@type":"BreadcrumbList","@id":"https:\/\/www.blackjackinfo.com\/gamemaster\/#breadcrumb","itemListElement":[{"@type":"ListItem","position":1,"name":"Home","item":"https:\/\/www.blackjackinfo.com\/"},{"@type":"ListItem","position":2,"name":"Who is the &#8220;GameMaster&#8221;?"}]},{"@type":"WebSite","@id":"https:\/\/www.blackjackinfo.com\/#website","url":"https:\/\/www.blackjackinfo.com\/","name":"BlackjackInfo.de","description":"Denn Gewinnen macht mehr Spa\u00df!","potentialAction":[{"@type":"SearchAction","target":{"@type":"EntryPoint","urlTemplate":"https:\/\/www.blackjackinfo.com\/?s={search_term_string}"},"query-input":{"@type":"PropertyValueSpecification","valueRequired":true,"valueName":"search_term_string"}}],"inLanguage":"de"}]}},"_links":{"self":[{"href":"https:\/\/www.blackjackinfo.com\/de\/wp-json\/wp\/v2\/pages\/655","targetHints":{"allow":["GET"]}}],"collection":[{"href":"https:\/\/www.blackjackinfo.com\/de\/wp-json\/wp\/v2\/pages"}],"about":[{"href":"https:\/\/www.blackjackinfo.com\/de\/wp-json\/wp\/v2\/types\/page"}],"author":[{"embeddable":true,"href":"https:\/\/www.blackjackinfo.com\/de\/wp-json\/wp\/v2\/users\/2"}],"replies":[{"embeddable":true,"href":"https:\/\/www.blackjackinfo.com\/de\/wp-json\/wp\/v2\/comments?post=655"}],"version-history":[{"count":19,"href":"https:\/\/www.blackjackinfo.com\/de\/wp-json\/wp\/v2\/pages\/655\/revisions"}],"predecessor-version":[{"id":1505,"href":"https:\/\/www.blackjackinfo.com\/de\/wp-json\/wp\/v2\/pages\/655\/revisions\/1505"}],"wp:attachment":[{"href":"https:\/\/www.blackjackinfo.com\/de\/wp-json\/wp\/v2\/media?parent=655"}],"wp:term":[{"taxonomy":"post_tag","embeddable":true,"href":"https:\/\/www.blackjackinfo.com\/de\/wp-json\/wp\/v2\/tags?post=655"}],"curies":[{"name":"wp","href":"https:\/\/api.w.org\/{rel}","templated":true}]}}