{"id":697,"date":"2014-10-18T14:58:40","date_gmt":"2014-10-18T19:58:40","guid":{"rendered":"http:\/\/test.blackjackinfo.com\/?page_id=697"},"modified":"2020-02-18T17:53:25","modified_gmt":"2020-02-18T23:53:25","slug":"lektion-03-kartenzahlen-die-grundlagen","status":"publish","type":"page","link":"https:\/\/www.blackjackinfo.com\/de\/blackjack-school\/lesson-03-counting-cards-the-basics\/","title":{"rendered":"Lektion 3 - Z\u00e4hlen von Karten, die Grundlagen"},"content":{"rendered":"<p class=\"intro\">\n<b>In dieser Lektion werde ich den Schleier des Geheimnisses l\u00fcften, der das Konzept des Kartenz\u00e4hlens zu umgeben scheint.<\/b>  Hier werden Sie entdecken, dass man kein Genie sein muss, um den \u00dcberblick \u00fcber alle Karten in einem Sechserdeck zu behalten; man muss nur ein paar Geheimnisse des Kartenz\u00e4hlens kennen.<\/p>\n<p><b>Das erste \"Geheimnis\" ist, dass wir die Karten eines Decks nicht auswendig lernen.<\/b>  Stattdessen wird jeder Karte ein Punktwert zugewiesen, und alles, was wir wirklich tun, ist die Addition dieser Punktwerte und die anschlie\u00dfende Umwandlung dieser Informationen in eine verwertbare Form.  Wie hoch diese Punktwerte sind, h\u00e4ngt davon ab, welches Z\u00e4hlsystem ein Spieler verwenden m\u00f6chte.  In dieser Schule werde ich das \"Hoch\/Tief\"- oder \"Plus\/Minus\"-System unterrichten, aber wenn Sie sich entscheiden, ein anderes System zu erlernen, gilt alles, was ich Ihnen beibringen werde, trotzdem.<\/p>\n<p><b>Das andere gro\u00dfe \"Geheimnis\" des Kartenz\u00e4hlens ist die Art und Weise, wie wir es am Blackjack-Tisch machen.<\/b>  Ich denke, dass die meisten Leute, die mit dem Z\u00e4hlen gelieb\u00e4ugelt haben, zu Hause ein gutes Verst\u00e4ndnis daf\u00fcr entwickeln k\u00f6nnen, aber sobald sie auf die Ablenkungen eines Casinos treffen, bricht ihre F\u00e4higkeit zusammen, den \u00dcberblick \u00fcber die Karten zu behalten, ihre Hand richtig zu spielen und einen Einsatz rechtzeitig in den Kreis zu bringen.  Erinnern Sie sich, als ich Ihnen sagte, dass es ein MUSS f\u00fcr Sie ist, die grundlegende Strategie so gut zu kennen, wie Sie Ihren eigenen Namen wissen?  Jetzt werden Sie sehen, warum das notwendig ist; Sie brauchen nicht noch mehr Dinge, \u00fcber die Sie nachdenken m\u00fcssen, wenn Sie \"auf dem Gr\u00fcn\" sind.<\/p>\n<div class=\"row\" style=\"margin-bottom:20px\">\n    <div class=\"col-sm-12\">\n                <h2>Top US Online Casinos <span\n                class=\"flag-icon flag-icon-us\"><\/span><\/h2>\n\n        \n                \n        <div class=\"ranking-table text-center\">\n            <div class=\"row flex ad-row\">\n                <div class=\"col-sm-3\">\n                    <div class=\"row flex\">\n\n                        <div class=\"col-sm-3\">\n                            <div class=\"ranking-number text-center\">\n\n                                1                                \n                            <\/div>\n                        <\/div>\n                        <div class=\"col-sm-9\">\n                            <img decoding=\"async\" src=\"https:\/\/www.blackjackinfo.com\/files\/bovada.png\" data-no-auto-translation=\"\">\n                        <\/div>\n                    <\/div>\n                <\/div>\n                <div class=\"col-sm-4\">\n                    <div class=\"bonus-text text-center\"><span class=\"red\">100% bis zu $1.000<\/span><\/div>\n\t\t\t\t\t\n\n                <\/div>\n                <div class=\"col-sm-2\">\n                    <a class=\"btn btn-wire\" href=\"\/de\/casino\/bovada\/\">\u00dcberpr\u00fcfung<\/a>\n\n                <\/div>\n                <div class=\"col-sm-3\">\n                    <a rel=\"nofollow\" target=\"_blank\" class=\"btn btn-blue\" href=\"\/goto\/goto\/\">Spielen\n                        Jetzt<\/a>\n\t\t\t\t\t\t\n\n                <\/div>\n            <\/div>\n        <\/div>\n\n\n\n        \n                \n        <div class=\"ranking-table text-center\">\n            <div class=\"row flex ad-row\">\n                <div class=\"col-sm-3\">\n                    <div class=\"row flex\">\n\n                        <div class=\"col-sm-3\">\n                            <div class=\"ranking-number text-center\">\n\n                                2                                \n                            <\/div>\n                        <\/div>\n                        <div class=\"col-sm-9\">\n                            <img decoding=\"async\" src=\"https:\/\/www.blackjackinfo.com\/files\/ignition-casino-logo.png\" data-no-auto-translation=\"\">\n                        <\/div>\n                    <\/div>\n                <\/div>\n                <div class=\"col-sm-4\">\n                    <div class=\"bonus-text text-center\"><span class=\"red\">100% bis zu $1.000<\/span><\/div>\n\t\t\t\t\t\n\n                <\/div>\n                <div class=\"col-sm-2\">\n                    <a class=\"btn btn-wire\" href=\"\/de\/casino\/ignition-casino\/\">\u00dcberpr\u00fcfung<\/a>\n\n                <\/div>\n                <div class=\"col-sm-3\">\n                    <a rel=\"nofollow\" target=\"_blank\" class=\"btn btn-blue\" href=\"\/goto\/goto\/\">Spielen\n                        Jetzt<\/a>\n\t\t\t\t\t\t\n\n                <\/div>\n            <\/div>\n        <\/div>\n\n\n\n        \n                \n        <div class=\"ranking-table text-center\">\n            <div class=\"row flex ad-row\">\n                <div class=\"col-sm-3\">\n                    <div class=\"row flex\">\n\n                        <div class=\"col-sm-3\">\n                            <div class=\"ranking-number text-center\">\n\n                                3                                \n                            <\/div>\n                        <\/div>\n                        <div class=\"col-sm-9\">\n                            <img decoding=\"async\" src=\"https:\/\/www.blackjackinfo.com\/files\/vegas_casino_online.png\" data-no-auto-translation=\"\">\n                        <\/div>\n                    <\/div>\n                <\/div>\n                <div class=\"col-sm-4\">\n                    <div class=\"bonus-text text-center\"><span class=\"red\">300% bis zu $3.000<\/span><\/div>\n\t\t\t\t\t\n\n                <\/div>\n                <div class=\"col-sm-2\">\n                    <a class=\"btn btn-wire\" href=\"\/de\/casino\/vegas-casino-online-2\/\">\u00dcberpr\u00fcfung<\/a>\n\n                <\/div>\n                <div class=\"col-sm-3\">\n                    <a rel=\"nofollow\" target=\"_blank\" class=\"btn btn-blue\" href=\"\/goto\/goto\/\">Spielen\n                        Jetzt<\/a>\n\t\t\t\t\t\t\n\n                <\/div>\n            <\/div>\n        <\/div>\n\n\n\n        \n                \n        <div class=\"ranking-table text-center\">\n            <div class=\"row flex ad-row\">\n                <div class=\"col-sm-3\">\n                    <div class=\"row flex\">\n\n                        <div class=\"col-sm-3\">\n                            <div class=\"ranking-number text-center\">\n\n                                4                                \n                            <\/div>\n                        <\/div>\n                        <div class=\"col-sm-9\">\n                            <img decoding=\"async\" src=\"https:\/\/www.blackjackinfo.com\/files\/VipSlots-500x250_dark.svg\" data-no-auto-translation=\"\">\n                        <\/div>\n                    <\/div>\n                <\/div>\n                <div class=\"col-sm-4\">\n                    <div class=\"bonus-text text-center\"><span class=\"red\">100 GRATIS SPINS bei Secret Life of Cats<\/span><\/div>\n\t\t\t\t\t\n\n                <\/div>\n                <div class=\"col-sm-2\">\n                    <a class=\"btn btn-wire\" href=\"\/de\/casino\/vipslots-casino\/\">\u00dcberpr\u00fcfung<\/a>\n\n                <\/div>\n                <div class=\"col-sm-3\">\n                    <a rel=\"nofollow\" target=\"_blank\" class=\"btn btn-blue\" href=\"\/goto\/goto\/\">Spielen\n                        Jetzt<\/a>\n\t\t\t\t\t\t\n\n                <\/div>\n            <\/div>\n        <\/div>\n\n\n\n        \n                \n        <div class=\"ranking-table text-center\">\n            <div class=\"row flex ad-row\">\n                <div class=\"col-sm-3\">\n                    <div class=\"row flex\">\n\n                        <div class=\"col-sm-3\">\n                            <div class=\"ranking-number text-center\">\n\n                                5                                \n                            <\/div>\n                        <\/div>\n                        <div class=\"col-sm-9\">\n                            <img decoding=\"async\" src=\"https:\/\/www.blackjackinfo.com\/files\/cafe-casino-logo.svg\" data-no-auto-translation=\"\">\n                        <\/div>\n                    <\/div>\n                <\/div>\n                <div class=\"col-sm-4\">\n                    <div class=\"bonus-text text-center\"><span class=\"red\">250% bis zu $1.500<\/span><\/div>\n\t\t\t\t\t\n\n                <\/div>\n                <div class=\"col-sm-2\">\n                    <a class=\"btn btn-wire\" href=\"\/de\/casino\/cafe-casino\/\">\u00dcberpr\u00fcfung<\/a>\n\n                <\/div>\n                <div class=\"col-sm-3\">\n                    <a rel=\"nofollow\" target=\"_blank\" class=\"btn btn-blue\" href=\"\/goto\/goto\/\">Spielen\n                        Jetzt<\/a>\n\t\t\t\t\t\t\n\n                <\/div>\n            <\/div>\n        <\/div>\n\n\n\n            <\/div>\n<\/div>\n<h3>W\u00e4hlen Sie ein System<\/h3>\n<p><b>Es gibt viele verschiedene Kartenz\u00e4hlsysteme und - wie die meisten Dinge im Leben - hat jedes seine Vor- und Nachteile.<\/b>  Ich werde versuchen, die beliebtesten Systeme vorzustellen und Ihnen bei der Auswahl des f\u00fcr Sie geeigneten Systems zu helfen.  Der wohl wichtigste Faktor bei der Auswahl eines Systems ist die Art des Spiels, das Sie die meiste Zeit \u00fcber spielen werden.  Wenn Sie zum Beispiel haupts\u00e4chlich in der Gegend von Reno\/Tahoe spielen, sollten Sie ein System lernen, das gut gegen Single-Deck-Spiele funktioniert.  Wenn Sie in meinem alten Revier, Atlantic City, spielen, sollten Sie ein System lernen, das bei Multi-Deck-Spielen gut funktioniert.<\/p>\n<p><b>Ein weiterer wichtiger Faktor bei der Auswahl eines Systems ist die Zeit, die Sie mit dem Blackjack-Spiel verbringen.<\/b>  Es wird Sie \u00fcberraschen, aber ein Spieler, der vorhat, viel Zeit an den Tischen zu verbringen, sollte ein sehr einfaches System lernen.  Ich sage das, weil es zwar ziemlich einfach ist, aber eine gewisse Konzentration erfordert, und je einfacher das System ist, desto leichter ist es, sich \u00fcber l\u00e4ngere Zeitr\u00e4ume zu konzentrieren.  Wenn Sie hingegen nur 3 oder 4 Stunden pro Woche spielen, kann ein schwierigeres System f\u00fcr Sie gut geeignet sein, da ein schwieriges System in der Regel leistungsf\u00e4higer ist und die Zeit, die Sie an den Tischen verbringen, optimiert.  Einige von Ihnen, die \"Typ A\" sind, denken jetzt, dass Sie viel Zeit an den Tischen verbringen und ein sehr leistungsf\u00e4higes (und kompliziertes) System verwenden werden, um das meiste $$$ aus Ihrem Spiel herauszuholen.  Das Problem dabei ist, dass sich unter diesen Umst\u00e4nden Fehler einschleichen, die dazu f\u00fchren k\u00f6nnen, dass Sie Ihren Vorteil verlieren.  Es gilt das KISS-Prinzip: <b>\"Keep It Simple, Dummkopf\"<\/b>.  Wenn Sie wirklich das Beste aus dem Spiel herausholen wollen, tun Sie, was ich getan habe, und lernen Sie zwei Z\u00e4hlsysteme.  Ich verwende eines f\u00fcr Multi-Deck-Spiele und ein anderes f\u00fcr Single-Deck-Spiele.  Es ist gar nicht so schwer, und wenn wir die Lektionen zum Z\u00e4hlen lernen durchgehen, werden Sie sehen, wie die \u00dcbungen, die ich Ihnen zeige, eine solche Strategie umsetzen k\u00f6nnen.<\/p>\n<p><b>Kartenz\u00e4hlsysteme werden nach zwei Hauptfaktoren bewertet: Wetteffizienz (BE) und Spieleffizienz (PE)<\/b>.  Die Anomalie der Z\u00e4hlsysteme besteht darin, dass eine Erh\u00f6hung der BE in den meisten F\u00e4llen gleichzeitig zu einer Verringerung der PE f\u00fchrt.  Dies geschieht aufgrund der ungew\u00f6hnlichen Rolle, die das Ass im Spiel spielt.  F\u00fcr Wettzwecke ist das Ass eine sehr m\u00e4chtige Karte; es ist der Hauptbestandteil eines \"Natural\", das 3 zu 2 auszahlt. Aber f\u00fcr das Spielen einer Hand ist das Ass von eher begrenztem Wert.  Wie oft haben Sie schon eine 11 verdoppelt und ein Ass erhalten?  Jetzt haben Sie insgesamt 12... aufregend, nicht wahr?  Mit einer 14 und einem Ass haben Sie eine 15 - kein Grund zum Jubeln, oder?  Sicher, es ist toll, eine 10 zu verdoppeln und ein Ass zu bekommen, aber das ist eines der wenigen Male, in denen das Ass beim Spielen einer Hand hilft.<\/p>\n<p><b>Die Art und Weise, wie ein Z\u00e4hlsystem das Ass behandelt, sagt viel \u00fcber die BE und PE dieses Systems aus.<\/b>  Wenn Sie eine hohe Einsatzeffizienz ben\u00f6tigen - wie bei einem Spiel mit mehreren Kartenstapeln -, dann w\u00e4hlen Sie ein System, das das Ass als \"gro\u00dfe\" Karte z\u00e4hlt; wenn Sie ein Spiel mit nur einem Kartenstapel spielen, dann w\u00e4hlen Sie ein System, das das Ass als \"neutrale\" Karte behandelt (und behalten Sie die Asse in einem \"Side Count\" im Auge, ein Trick, den ich Ihnen sp\u00e4ter zeigen werde).<\/p>\n<p><b>Multi-Deck-Spiele werden vor allem durch eine gro\u00dfe Einsatzspanne besiegt.<\/b>  Einfach ausgedr\u00fcckt: Sie setzen wenig, wenn das Haus im Vorteil ist, und viel mehr, wenn Sie im Vorteil sind.  Ein Z\u00e4hlsystem mit einem hohen BE-Faktor sagt Ihnen, wann Sie gro\u00df setzen sollten.  Bei einem Spiel mit nur einem Deck, bei dem das Haus wei\u00df, dass ein gro\u00dfer Spread die $$$ gewinnen wird, k\u00f6nnen Sie mit einem hohen PE weniger setzen und trotzdem gewinnen.  Vergessen Sie nicht, dass die Kasinos wissen, dass ihre Spiele anf\u00e4llig sind, und dass sie nach Leuten Ausschau halten, die sie schlagen k\u00f6nnen.  Eine gro\u00dfe Einsatzspanne ist ein Hinweis darauf, dass es sich um Betr\u00fcger handelt, und je nachdem, wo Sie spielen, kann die Entdeckung eines Betr\u00fcgers Ihren Ausschluss aus dem Casino zur Folge haben (\"Sperre\").  Ich m\u00f6chte betonen, dass das, was ich Ihnen hier beibringe, v\u00f6llig legal ist, aber nicht jeder in der Kasinobranche denkt so wie ich.  Es gibt keine Gesetze gegen das Kartenz\u00e4hlen, und Sie k\u00f6nnen der beste Z\u00e4hler der Welt sein, aber wenn die Kasinos Sie nicht spielen lassen, ist Ihr K\u00f6nnen umsonst.<\/p>\n<p><b>Um Ihnen zu helfen, sich f\u00fcr eine Z\u00e4hlung zu entscheiden, besuchen Sie die Artikelserie \"Z\u00e4hlsysteme\" auf der Blackjack-Men\u00fcseite von <a href=\"\/gamemaster\/\">Spielleiter OnLine<\/a>  und sehen Sie sich die Systeme an, die dort \u00fcberpr\u00fcft werden.<\/b>  Wie bereits erw\u00e4hnt, werde ich speziell \u00fcber den \"High\/Low\"-Count sprechen, aber Sie k\u00f6nnen jeden Count mit den von mir verwendeten Methoden lernen.  Wenn Sie an Single-Deck-Spielen teilnehmen, ist die Hi-Opt 1-Z\u00e4hlung wahrscheinlich die beste, um damit anzufangen; nehmen Sie die High\/Low-Z\u00e4hlung, wenn Sie an Multi-Deck-Spielen teilnehmen werden.  Da ich \"True Count\" unterrichten werde, wird jedes dieser Systeme gut funktionieren, unabh\u00e4ngig davon, wo Sie spielen.  Bei den meisten \"unbalancierten\" Counts ist es nicht erforderlich, True Count zu lernen, aber das ist auch nicht weiter schlimm, also bleiben Sie bei einem der \"ausgewogenen\" Counts.  F\u00fcr diejenigen, die wirklich in die Materie einsteigen wollen, empfiehlt sich die \"Zen\"-Z\u00e4hlweise von Arnold Snyder, aber Sie sollten sein Buch \"Blackbelt in Blackjack\" kaufen, um das zu erg\u00e4nzen, was ich lehre.<\/p>\n<p><b>In der n\u00e4chsten Lektion<\/b> Ich zeige Ihnen, wie Sie ein Z\u00e4hlsystem mit den folgenden \"Punktwerten\" lernen k\u00f6nnen:<\/p>\n<p>2, 3, 4, 5, 6 = +1<br \/>\n7, 8, 9 = 0<br \/>\n10, J, Q, K, A = -1<\/p>\n<p><b>Dieses System hat eine Einsatzeffizienz von 97% und eine Spieleffizienz von 51%.<\/b>  Das beste System der Welt h\u00e4tte eine Bewertung von 98% BE und 70% PE. Das, was Sie lernen werden, ist also \u00fcber lange Zeitr\u00e4ume hinweg einfach zu benutzen, kann Ihren Vorteil f\u00fcr Wettzwecke gut einsch\u00e4tzen und ist nur \"OK\", wenn es darum geht, die Hand richtig zu spielen.  (Aber keine Sorge, es bekommt die $$$.) \u00dcbrigens gibt es noch eine dritte Bewertung f\u00fcr Z\u00e4hlsysteme, und das ist die Insurance Efficiency.  W\u00e4hrend die Grundstrategie besagt, dass man niemals eine Versicherung abschlie\u00dfen sollte, wird es rentabel, eine Versicherung abzuschlie\u00dfen, sobald der Anteil der Zehner in den verbleibenden Karten einen bestimmten Punkt erreicht.  Das High\/Low-Z\u00e4hlsystem hat eine Versicherungseffizienz von 0,76, was bedeutet, dass Sie in etwa 3\/4 der F\u00e4lle, in denen Sie eine Versicherung abschlie\u00dfen (wie durch die \"wahre Anzahl\" bestimmt), die richtige Entscheidung treffen.  Aber... wir greifen hier zu weit vor, also kopieren Sie Ihre Hausaufgaben und verschwinden Sie hier.<\/p>\n<h3>Hausaufgaben<\/h3>\n<ul>\n<li>Arbeiten Sie weiter mit Ihrem <b>Karteikarten<\/b> mindestens eine halbe Stunde pro Tag.<\/li>\n<li>Machen Sie mindestens eine <b>\"\u00dcbung zur Rekonstruktion der Grundstrategie\"<\/b> jeden Tag und arbeiten Sie weiter an Ihrer Geschwindigkeit.<\/li>\n<li>Machen Sie mindestens eine <b>\"Grundlegende Strategie Entscheidungs\u00fcbung\" <\/b>jeden Tag und konzentrieren Sie sich darauf, es in weniger als 2 Minuten zu schaffen.<\/li>\n<li>Arbeit mit den drei <b>\"Karten\u00fcbungen\"<\/b> und konzentrieren Sie sich darauf, Ihr Blatt zu addieren, w\u00e4hrend Sie die richtige Grundstrategie spielen.<\/li>\n<\/ul>\n<p>Die Schule ist jetzt zu Ende.  Bis zum n\u00e4chsten Mal hier.<\/p>","protected":false},"excerpt":{"rendered":"<p>With this lesson, I&#8217;m going to unwrap the veil of mystery which seems to surround the concept of card counting. Here you will discover that you don&#8217;t have to be a genius to keep track of all the cards in a six-deck shoe; you just have to know a few card-counter secrets. The first &#8220;secret&#8221; [&hellip;]<\/p>\n","protected":false},"author":2,"featured_media":0,"parent":634,"menu_order":0,"comment_status":"open","ping_status":"open","template":"page-blackjack-school.php","meta":{"_acf_changed":false,"footnotes":""},"tags":[],"class_list":["post-697","page","type-page","status-publish","hentry"],"acf":[],"yoast_head":"<!-- This site is optimized with the Yoast SEO plugin v26.6 - https:\/\/yoast.com\/wordpress\/plugins\/seo\/ -->\n<title>Blackjack School \u1408 Lesson 3 - Counting Cards, The Basics<\/title>\n<meta name=\"description\" content=\"Lesson 3 in the GameMaster&#039;s Free Blackjack School - How and why card counting works.\" \/>\n<meta name=\"robots\" content=\"index, follow, max-snippet:-1, max-image-preview:large, max-video-preview:-1\" \/>\n<link rel=\"canonical\" href=\"https:\/\/www.blackjackinfo.com\/de\/blackjack-schule\/lektion-03-kartenzahlen-die-grundlagen\/\" \/>\n<meta property=\"og:locale\" content=\"de_DE\" \/>\n<meta property=\"og:type\" content=\"article\" \/>\n<meta property=\"og:title\" content=\"Blackjack School \u1408 Lesson 3 - Counting Cards, The Basics\" \/>\n<meta property=\"og:description\" content=\"Lesson 3 in the GameMaster&#039;s Free Blackjack School - How and why card counting works.\" \/>\n<meta property=\"og:url\" content=\"https:\/\/www.blackjackinfo.com\/de\/blackjack-schule\/lektion-03-kartenzahlen-die-grundlagen\/\" \/>\n<meta property=\"og:site_name\" content=\"BlackjackInfo.com\" \/>\n<meta property=\"article:modified_time\" content=\"2020-02-18T23:53:25+00:00\" \/>\n<meta name=\"twitter:label1\" content=\"Gesch\u00e4tzte Lesezeit\" \/>\n\t<meta name=\"twitter:data1\" content=\"7\u00a0Minuten\" \/>\n<script type=\"application\/ld+json\" class=\"yoast-schema-graph\">{\"@context\":\"https:\/\/schema.org\",\"@graph\":[{\"@type\":\"WebPage\",\"@id\":\"https:\/\/www.blackjackinfo.com\/blackjack-school\/lesson-03-counting-cards-the-basics\/\",\"url\":\"https:\/\/www.blackjackinfo.com\/blackjack-school\/lesson-03-counting-cards-the-basics\/\",\"name\":\"Blackjack School \u1408 Lesson 3 - Counting Cards, The Basics\",\"isPartOf\":{\"@id\":\"https:\/\/www.blackjackinfo.com\/#website\"},\"datePublished\":\"2014-10-18T19:58:40+00:00\",\"dateModified\":\"2020-02-18T23:53:25+00:00\",\"description\":\"Lesson 3 in the GameMaster's Free Blackjack School - How and why card counting works.\",\"breadcrumb\":{\"@id\":\"https:\/\/www.blackjackinfo.com\/blackjack-school\/lesson-03-counting-cards-the-basics\/#breadcrumb\"},\"inLanguage\":\"de\",\"potentialAction\":[{\"@type\":\"ReadAction\",\"target\":[\"https:\/\/www.blackjackinfo.com\/blackjack-school\/lesson-03-counting-cards-the-basics\/\"]}]},{\"@type\":\"BreadcrumbList\",\"@id\":\"https:\/\/www.blackjackinfo.com\/blackjack-school\/lesson-03-counting-cards-the-basics\/#breadcrumb\",\"itemListElement\":[{\"@type\":\"ListItem\",\"position\":1,\"name\":\"Home\",\"item\":\"https:\/\/www.blackjackinfo.com\/\"},{\"@type\":\"ListItem\",\"position\":2,\"name\":\"Blackjack School &#8211; A Free 24-Lesson Class on Card Counting\",\"item\":\"https:\/\/www.blackjackinfo.com\/blackjack-school\/\"},{\"@type\":\"ListItem\",\"position\":3,\"name\":\"Lesson 3 &#8211; Counting Cards, The Basics\"}]},{\"@type\":\"WebSite\",\"@id\":\"https:\/\/www.blackjackinfo.com\/#website\",\"url\":\"https:\/\/www.blackjackinfo.com\/\",\"name\":\"BlackjackInfo.com\",\"description\":\"Because Winning is More Fun!\",\"potentialAction\":[{\"@type\":\"SearchAction\",\"target\":{\"@type\":\"EntryPoint\",\"urlTemplate\":\"https:\/\/www.blackjackinfo.com\/?s={search_term_string}\"},\"query-input\":{\"@type\":\"PropertyValueSpecification\",\"valueRequired\":true,\"valueName\":\"search_term_string\"}}],\"inLanguage\":\"de\"}]}<\/script>\n<!-- \/ Yoast SEO plugin. -->","yoast_head_json":{"title":"Blackjack School \u1408 Lektion 3 - Kartenz\u00e4hlen, die Grundlagen","description":"Lektion 3 der GameMaster's Free Blackjack School - Wie und warum Kartenz\u00e4hlen funktioniert.","robots":{"index":"index","follow":"follow","max-snippet":"max-snippet:-1","max-image-preview":"max-image-preview:large","max-video-preview":"max-video-preview:-1"},"canonical":"https:\/\/www.blackjackinfo.com\/de\/blackjack-schule\/lektion-03-kartenzahlen-die-grundlagen\/","og_locale":"de_DE","og_type":"article","og_title":"Blackjack School \u1408 Lesson 3 - Counting Cards, The Basics","og_description":"Lesson 3 in the GameMaster's Free Blackjack School - How and why card counting works.","og_url":"https:\/\/www.blackjackinfo.com\/de\/blackjack-schule\/lektion-03-kartenzahlen-die-grundlagen\/","og_site_name":"BlackjackInfo.com","article_modified_time":"2020-02-18T23:53:25+00:00","twitter_misc":{"Gesch\u00e4tzte Lesezeit":"7\u00a0Minuten"},"schema":{"@context":"https:\/\/schema.org","@graph":[{"@type":"WebPage","@id":"https:\/\/www.blackjackinfo.com\/blackjack-school\/lesson-03-counting-cards-the-basics\/","url":"https:\/\/www.blackjackinfo.com\/blackjack-school\/lesson-03-counting-cards-the-basics\/","name":"Blackjack School \u1408 Lektion 3 - Kartenz\u00e4hlen, die Grundlagen","isPartOf":{"@id":"https:\/\/www.blackjackinfo.com\/#website"},"datePublished":"2014-10-18T19:58:40+00:00","dateModified":"2020-02-18T23:53:25+00:00","description":"Lektion 3 der GameMaster's Free Blackjack School - Wie und warum Kartenz\u00e4hlen funktioniert.","breadcrumb":{"@id":"https:\/\/www.blackjackinfo.com\/blackjack-school\/lesson-03-counting-cards-the-basics\/#breadcrumb"},"inLanguage":"de","potentialAction":[{"@type":"ReadAction","target":["https:\/\/www.blackjackinfo.com\/blackjack-school\/lesson-03-counting-cards-the-basics\/"]}]},{"@type":"BreadcrumbList","@id":"https:\/\/www.blackjackinfo.com\/blackjack-school\/lesson-03-counting-cards-the-basics\/#breadcrumb","itemListElement":[{"@type":"ListItem","position":1,"name":"Home","item":"https:\/\/www.blackjackinfo.com\/"},{"@type":"ListItem","position":2,"name":"Blackjack School &#8211; A Free 24-Lesson Class on Card Counting","item":"https:\/\/www.blackjackinfo.com\/blackjack-school\/"},{"@type":"ListItem","position":3,"name":"Lesson 3 &#8211; Counting Cards, The Basics"}]},{"@type":"WebSite","@id":"https:\/\/www.blackjackinfo.com\/#website","url":"https:\/\/www.blackjackinfo.com\/","name":"BlackjackInfo.de","description":"Denn Gewinnen macht mehr Spa\u00df!","potentialAction":[{"@type":"SearchAction","target":{"@type":"EntryPoint","urlTemplate":"https:\/\/www.blackjackinfo.com\/?s={search_term_string}"},"query-input":{"@type":"PropertyValueSpecification","valueRequired":true,"valueName":"search_term_string"}}],"inLanguage":"de"}]}},"_links":{"self":[{"href":"https:\/\/www.blackjackinfo.com\/de\/wp-json\/wp\/v2\/pages\/697","targetHints":{"allow":["GET"]}}],"collection":[{"href":"https:\/\/www.blackjackinfo.com\/de\/wp-json\/wp\/v2\/pages"}],"about":[{"href":"https:\/\/www.blackjackinfo.com\/de\/wp-json\/wp\/v2\/types\/page"}],"author":[{"embeddable":true,"href":"https:\/\/www.blackjackinfo.com\/de\/wp-json\/wp\/v2\/users\/2"}],"replies":[{"embeddable":true,"href":"https:\/\/www.blackjackinfo.com\/de\/wp-json\/wp\/v2\/comments?post=697"}],"version-history":[{"count":4,"href":"https:\/\/www.blackjackinfo.com\/de\/wp-json\/wp\/v2\/pages\/697\/revisions"}],"predecessor-version":[{"id":5453,"href":"https:\/\/www.blackjackinfo.com\/de\/wp-json\/wp\/v2\/pages\/697\/revisions\/5453"}],"up":[{"embeddable":true,"href":"https:\/\/www.blackjackinfo.com\/de\/wp-json\/wp\/v2\/pages\/634"}],"wp:attachment":[{"href":"https:\/\/www.blackjackinfo.com\/de\/wp-json\/wp\/v2\/media?parent=697"}],"wp:term":[{"taxonomy":"post_tag","embeddable":true,"href":"https:\/\/www.blackjackinfo.com\/de\/wp-json\/wp\/v2\/tags?post=697"}],"curies":[{"name":"wp","href":"https:\/\/api.w.org\/{rel}","templated":true}]}}