{"id":701,"date":"2014-10-18T15:02:55","date_gmt":"2014-10-18T20:02:55","guid":{"rendered":"http:\/\/test.blackjackinfo.com\/?page_id=701"},"modified":"2020-02-18T17:54:11","modified_gmt":"2020-02-18T23:54:11","slug":"lektion-04-kartenzahlen-wie-man-es-macht","status":"publish","type":"page","link":"https:\/\/www.blackjackinfo.com\/de\/blackjack-school\/lesson-04-card-counting-how-to-do-it\/","title":{"rendered":"Lektion 4 - Kartenz\u00e4hlen - wie man es macht"},"content":{"rendered":"<p class=\"intro\">\nInzwischen haben Sie sich f\u00fcr ein Z\u00e4hlsystem entschieden, das Sie lernen m\u00f6chten. Auch wenn es sich von der hier vorgestellten Hi\/Lo-Z\u00e4hlung unterscheidet, sind die Methoden zum Erlernen des Systems dieselben.  Nehmen Sie einfach Anpassungen vor, wo es angebracht ist, und Sie werden gut zurechtkommen.<\/p>\n<p><b>Das Hi\/Lo-Z\u00e4hlsystem weist jeder Kartenart in einem Deck einen \"Punktwert\" zu. <\/b> Der erste Schritt beim Kartenz\u00e4hlen besteht darin, sich diese Werte einzupr\u00e4gen.  Hier sind sie<\/p>\n<div class=\"col-sm-4 col-center\">\n<table class=\"data-table\">\n<tbody>\n<tr>\n<th>Karte<\/th>\n<th>Punktwert<\/th>\n<\/tr>\n<tr>\n<td>2<\/td>\n<td>+1<\/td>\n<\/tr>\n<tr>\n<td>3<\/td>\n<td>+1<\/td>\n<\/tr>\n<tr>\n<td>4<\/td>\n<td>+1<\/td>\n<\/tr>\n<tr>\n<td>5<\/td>\n<td>+1<\/td>\n<\/tr>\n<tr>\n<td>6<\/td>\n<td>+1<\/td>\n<\/tr>\n<tr>\n<td>7<\/td>\n<td>0<\/td>\n<\/tr>\n<tr>\n<td>8<\/td>\n<td>0<\/td>\n<\/tr>\n<tr>\n<td>9<\/td>\n<td>0<\/td>\n<\/tr>\n<tr>\n<td>10<\/td>\n<td>-1<\/td>\n<\/tr>\n<tr>\n<td>J<\/td>\n<td>-1<\/td>\n<\/tr>\n<tr>\n<td>Q<\/td>\n<td>-1<\/td>\n<\/tr>\n<tr>\n<td>K<\/td>\n<td>-1<\/td>\n<\/tr>\n<tr>\n<td>A<\/td>\n<td>-1<\/td>\n<\/tr>\n<\/tbody>\n<\/table>\n<\/div>\n<p>Ein wenig einfache Mathematik wird Ihnen zeigen, dass es in einem vollst\u00e4ndigen Deck eine gleiche Anzahl von Karten mit \"Plus\"-Wert und \"Minus\"-Wert gibt.  Dies wird als \"ausgeglichene\" Z\u00e4hlung bezeichnet, und da alle Karten entweder den Wert 1 oder 0 haben, handelt es sich auch um eine \"einstufige\" Z\u00e4hlung.<br \/>\n<div class=\"row\" style=\"margin-bottom:20px\">\n    <div class=\"col-sm-12\">\n                <h2>Top US Online Casinos <span\n                class=\"flag-icon flag-icon-us\"><\/span><\/h2>\n\n        \n                \n        <div class=\"ranking-table text-center\">\n            <div class=\"row flex ad-row\">\n                <div class=\"col-sm-3\">\n                    <div class=\"row flex\">\n\n                        <div class=\"col-sm-3\">\n                            <div class=\"ranking-number text-center\">\n\n                                1                                \n                            <\/div>\n                        <\/div>\n                        <div class=\"col-sm-9\">\n                            <img decoding=\"async\" src=\"https:\/\/www.blackjackinfo.com\/files\/bovada.png\" data-no-auto-translation=\"\">\n                        <\/div>\n                    <\/div>\n                <\/div>\n                <div class=\"col-sm-4\">\n                    <div class=\"bonus-text text-center\"><span class=\"red\">100% bis zu $1.000<\/span><\/div>\n\t\t\t\t\t\n\n                <\/div>\n                <div class=\"col-sm-2\">\n                    <a class=\"btn btn-wire\" href=\"\/de\/casino\/bovada\/\">\u00dcberpr\u00fcfung<\/a>\n\n                <\/div>\n                <div class=\"col-sm-3\">\n                    <a rel=\"nofollow\" target=\"_blank\" class=\"btn btn-blue\" href=\"\/goto\/goto\/\">Spielen\n                        Jetzt<\/a>\n\t\t\t\t\t\t\n\n                <\/div>\n            <\/div>\n        <\/div>\n\n\n\n        \n                \n        <div class=\"ranking-table text-center\">\n            <div class=\"row flex ad-row\">\n                <div class=\"col-sm-3\">\n                    <div class=\"row flex\">\n\n                        <div class=\"col-sm-3\">\n                            <div class=\"ranking-number text-center\">\n\n                                2                                \n                            <\/div>\n                        <\/div>\n                        <div class=\"col-sm-9\">\n                            <img decoding=\"async\" src=\"https:\/\/www.blackjackinfo.com\/files\/ignition-casino-logo.png\" data-no-auto-translation=\"\">\n                        <\/div>\n                    <\/div>\n                <\/div>\n                <div class=\"col-sm-4\">\n                    <div class=\"bonus-text text-center\"><span class=\"red\">100% bis zu $1.000<\/span><\/div>\n\t\t\t\t\t\n\n                <\/div>\n                <div class=\"col-sm-2\">\n                    <a class=\"btn btn-wire\" href=\"\/de\/casino\/ignition-casino\/\">\u00dcberpr\u00fcfung<\/a>\n\n                <\/div>\n                <div class=\"col-sm-3\">\n                    <a rel=\"nofollow\" target=\"_blank\" class=\"btn btn-blue\" href=\"\/goto\/goto\/\">Spielen\n                        Jetzt<\/a>\n\t\t\t\t\t\t\n\n                <\/div>\n            <\/div>\n        <\/div>\n\n\n\n        \n                \n        <div class=\"ranking-table text-center\">\n            <div class=\"row flex ad-row\">\n                <div class=\"col-sm-3\">\n                    <div class=\"row flex\">\n\n                        <div class=\"col-sm-3\">\n                            <div class=\"ranking-number text-center\">\n\n                                3                                \n                            <\/div>\n                        <\/div>\n                        <div class=\"col-sm-9\">\n                            <img decoding=\"async\" src=\"https:\/\/www.blackjackinfo.com\/files\/VipSlots-500x250_dark.svg\" data-no-auto-translation=\"\">\n                        <\/div>\n                    <\/div>\n                <\/div>\n                <div class=\"col-sm-4\">\n                    <div class=\"bonus-text text-center\"><span class=\"red\">100 GRATIS SPINS bei Secret Life of Cats<\/span><\/div>\n\t\t\t\t\t\n\n                <\/div>\n                <div class=\"col-sm-2\">\n                    <a class=\"btn btn-wire\" href=\"\/de\/casino\/vipslots-casino\/\">\u00dcberpr\u00fcfung<\/a>\n\n                <\/div>\n                <div class=\"col-sm-3\">\n                    <a rel=\"nofollow\" target=\"_blank\" class=\"btn btn-blue\" href=\"\/goto\/goto\/\">Spielen\n                        Jetzt<\/a>\n\t\t\t\t\t\t\n\n                <\/div>\n            <\/div>\n        <\/div>\n\n\n\n        \n                \n        <div class=\"ranking-table text-center\">\n            <div class=\"row flex ad-row\">\n                <div class=\"col-sm-3\">\n                    <div class=\"row flex\">\n\n                        <div class=\"col-sm-3\">\n                            <div class=\"ranking-number text-center\">\n\n                                4                                \n                            <\/div>\n                        <\/div>\n                        <div class=\"col-sm-9\">\n                            <img decoding=\"async\" src=\"https:\/\/www.blackjackinfo.com\/files\/vegas_casino_online.png\" data-no-auto-translation=\"\">\n                        <\/div>\n                    <\/div>\n                <\/div>\n                <div class=\"col-sm-4\">\n                    <div class=\"bonus-text text-center\"><span class=\"red\">300% bis zu $3.000<\/span><\/div>\n\t\t\t\t\t\n\n                <\/div>\n                <div class=\"col-sm-2\">\n                    <a class=\"btn btn-wire\" href=\"\/de\/casino\/vegas-casino-online-2\/\">\u00dcberpr\u00fcfung<\/a>\n\n                <\/div>\n                <div class=\"col-sm-3\">\n                    <a rel=\"nofollow\" target=\"_blank\" class=\"btn btn-blue\" href=\"\/goto\/goto\/\">Spielen\n                        Jetzt<\/a>\n\t\t\t\t\t\t\n\n                <\/div>\n            <\/div>\n        <\/div>\n\n\n\n        \n                \n        <div class=\"ranking-table text-center\">\n            <div class=\"row flex ad-row\">\n                <div class=\"col-sm-3\">\n                    <div class=\"row flex\">\n\n                        <div class=\"col-sm-3\">\n                            <div class=\"ranking-number text-center\">\n\n                                5                                \n                            <\/div>\n                        <\/div>\n                        <div class=\"col-sm-9\">\n                            <img decoding=\"async\" src=\"https:\/\/www.blackjackinfo.com\/files\/cafe-casino-logo.svg\" data-no-auto-translation=\"\">\n                        <\/div>\n                    <\/div>\n                <\/div>\n                <div class=\"col-sm-4\">\n                    <div class=\"bonus-text text-center\"><span class=\"red\">250% bis zu $1.500<\/span><\/div>\n\t\t\t\t\t\n\n                <\/div>\n                <div class=\"col-sm-2\">\n                    <a class=\"btn btn-wire\" href=\"\/de\/casino\/cafe-casino\/\">\u00dcberpr\u00fcfung<\/a>\n\n                <\/div>\n                <div class=\"col-sm-3\">\n                    <a rel=\"nofollow\" target=\"_blank\" class=\"btn btn-blue\" href=\"\/goto\/goto\/\">Spielen\n                        Jetzt<\/a>\n\t\t\t\t\t\t\n\n                <\/div>\n            <\/div>\n        <\/div>\n\n\n\n            <\/div>\n<\/div><\/p>\n<h3>Die Macht des Kartenz\u00e4hlens<\/h3>\n<p>Die Hi\/Lo-Z\u00e4hlung erkennt an, dass die Karten 2 bis 6 f\u00fcr den Dealer von gr\u00f6\u00dftem Wert sind, da diese Karten die \"steifen\" H\u00e4nde des Dealers (12-16), die er schlagen muss, in gute H\u00e4nde verwandeln.  Eine 5 zum Beispiel verwandelt die 12-16 des Gebers in 17-21 und ist somit die wichtigste Karte f\u00fcr den Geber.  Auf der anderen Seite ist ein Ass f\u00fcr den Spieler am wichtigsten, da es die Schl\u00fcsselkomponente f\u00fcr einen \"Blackjack\" ist, der 3 zu 2 auszahlt. Wenn also \"kleine\" Karten gespielt werden, stehen sie dem Geber nicht mehr zur Verf\u00fcgung, und da es eine gleiche Anzahl von Plus- und Minuskarten im Deck gibt, sagt uns eine \"Plus\"-Z\u00e4hlung, dass ein h\u00f6herer Anteil an Zehnern und Assen im nicht gespielten Teil des Decks \u00fcbrig ist.  Diese Situation ist f\u00fcr den Spieler g\u00fcnstig, da die Chancen auf einen Blackjack gestiegen sind und Verdopplungs- oder Splitsituationen eine bessere Chance auf eine hohe Karte bieten.<\/p>\n<p>Nat\u00fcrlich hat der Dealer die gleiche Chance, hohe Karten zu erhalten wie Sie.  Aber denken Sie daran, dass der Dealer keine 3 zu 2 Karten f\u00fcr einen Blackjack erh\u00e4lt, nicht verdoppeln oder teilen darf und 16 oder weniger Karten haben muss.  Wie Sie in einer sp\u00e4teren Lektion lernen werden, gibt Ihnen die Kenntnis des Anteils der 10er-Karten in den Decks die M\u00f6glichkeit, gewinnbringende Versicherungswetten abzuschlie\u00dfen.<\/p>\n<h3>Die Punktwerte lernen<\/h3>\n<p><b>Dies ist die einzige \u00dcbung, die Sie jemals brauchen werden, um die Punktwerte Ihres Z\u00e4hlsystems zu lernen.<\/b>  Diese Methode verwende ich, wenn ich die Z\u00e4hlung f\u00fcr ein Spiel mit nur einem Deck umstelle oder wieder zu der Methode zur\u00fcckkehre, die ich f\u00fcr Spiele mit mehreren Decks verwende.  Nehmen Sie einfach einen Kartensatz, drehen Sie eine Karte nach der anderen um und sagen Sie den Punktwert jeder Karte auf.  Wenn eine Karte einen Pluswert hat, sage ich nicht \"Plus 1\", sondern einfach \"eins\", weil das ohnehin ein \"Plus\" impliziert.  Wenn eine Karte einen Minuswert hat, sage ich \"M 1\", nicht \"minus 1\", weil das eine Silbe spart.  Zu den \"neutralen\" oder nullwertigen Karten sage ich nichts - sie werden bei der Z\u00e4hlung nach dem Hi\/Lo-System v\u00f6llig ignoriert.<\/p>\n<p><b>Wie sieht das nun aus?  Hier ist ein kurzes Beispiel<\/b><\/p>\n<div class=\"col-sm-4 col-center\">\n<table class=\"data-table\">\n<tbody>\n<tr>\n<td>Ace<\/td>\n<td>(M-one)<\/td>\n<\/tr>\n<tr>\n<td>9<\/td>\n<td><\/td>\n<\/tr>\n<tr>\n<td>5<\/td>\n<td>(Eins)<\/td>\n<\/tr>\n<tr>\n<td>6<\/td>\n<td>(Eins)<\/td>\n<\/tr>\n<tr>\n<td>7<\/td>\n<td><\/td>\n<\/tr>\n<tr>\n<td>K\u00f6nig<\/td>\n<td>(M-one)<\/td>\n<\/tr>\n<tr>\n<td>2<\/td>\n<td>(Eins)<\/td>\n<\/tr>\n<tr>\n<td>10<\/td>\n<td>(M-one)<\/td>\n<\/tr>\n<\/tbody>\n<\/table>\n<\/div>\n<p><b>Bitte beachten Sie, dass ich die Karten nicht aufz\u00e4hle, sondern lediglich den Punktwert jeder Karte anf\u00fchre.<\/b>  Sie m\u00fcssen dies \u00fcben, bis Sie die Punktwerte fest im Kopf haben, aber keine Sorge, es dauert nicht lange.<\/p>\n<h3>Single-Card-Countdown<\/h3>\n<p><b>Wenn Sie das Gef\u00fchl haben, dass Sie die Punktwerte jeder Karte in dem von Ihnen gew\u00e4hlten System auswendig kennen, k\u00f6nnen Sie nun damit beginnen, einen einzelnen Stapel abzuz\u00e4hlen. <\/b> Nehmen Sie einfach drei beliebige Karten heraus, ohne sie anzuschauen (um Ihre Genauigkeit zu \u00fcberpr\u00fcfen), und legen Sie sie beiseite.  Drehen Sie nun eine Karte nach der anderen um und notieren Sie die Werte der Karten.  Erinnern Sie sich noch an Ihren Algebra-Unterricht?  Wenn du +1 zu -1 addierst, ist das Ergebnis 0. Das gilt auch hier, also behalte es im Kopf, w\u00e4hrend du den Stapel durchgehst.<\/p>\n<p>Hier ist ein Beispiel:<\/p>\n<div class=\"col-sm-4 col-center\">\n<table class=\"data-table\">\n<tbody>\n<tr>\n<td>1. Karte<\/td>\n<td>Ace<\/td>\n<td>Der Graf: M-one<\/td>\n<\/tr>\n<tr>\n<td>2.<\/td>\n<td>K\u00f6nig<\/td>\n<td>M-zwei<\/td>\n<\/tr>\n<tr>\n<td>3.<\/td>\n<td>10<\/td>\n<td>M-drei<\/td>\n<\/tr>\n<tr>\n<td>4.<\/td>\n<td>6<\/td>\n<td>M-zwei (stellen Sie sicher, dass Sie wissen, warum)<\/td>\n<\/tr>\n<tr>\n<td>5.<\/td>\n<td>K\u00f6nigin<\/td>\n<td>M-drei<\/td>\n<\/tr>\n<tr>\n<td>6.<\/td>\n<td>5<\/td>\n<td>M-zwei<\/td>\n<\/tr>\n<tr>\n<td>7.<\/td>\n<td>3<\/td>\n<td>M-one<\/td>\n<\/tr>\n<tr>\n<td>8.<\/td>\n<td>6<\/td>\n<td>Gerade (ich verwende keine \"Null\")<\/td>\n<\/tr>\n<tr>\n<td>9.<\/td>\n<td>4<\/td>\n<td>Eins (wieder kein \"plus\")<\/td>\n<\/tr>\n<\/tbody>\n<\/table>\n<\/div>\n<p><b>Haben Sie es?  Sehr gut.  Du bist noch nicht sehr schnell, oder?<\/b>  Mach dir dar\u00fcber keine Sorgen, wir werden sp\u00e4ter an der Geschwindigkeit arbeiten.  Wenn du den Stapel fertiggestellt hast, sollte die Z\u00e4hlung um den Wert der drei Karten abweichen, die wir am Anfang beiseite gelegt haben.  Schauen Sie sich diese Karten an, \u00fcberpr\u00fcfen Sie Ihre Genauigkeit, mischen Sie und beginnen Sie erneut.  Machen Sie es sich zur Gewohnheit, jedes Mal drei Karten zu entfernen, wenn Sie eine Z\u00e4hl\u00fcbung machen, denn so k\u00f6nnen Sie sich nicht selbst t\u00e4uschen, wenn Sie einen Fehler machen.<\/p>\n<p><b>Der Schl\u00fcssel liegt jetzt in der Genauigkeit. Machen Sie so lange weiter, bis Sie ein Deck drei- oder viermal hintereinander ohne Fehler durchspielen k\u00f6nnen.<\/b>  Was Sie hier gelernt haben, nennt man \"laufendes Z\u00e4hlen\".  N\u00e4chstes Mal werden wir daran arbeiten, deine F\u00e4higkeit zu z\u00e4hlen zu beschleunigen. Kannst du dir vorstellen, dass du in weniger als 20 Sekunden durch einen Stapel rasen wirst?  Die M\u00e4dels lieben das auf Partys...<\/p>\n<h3>Hausaufgaben<\/h3>\n<ul>\n<li>Testen Sie weiterhin Ihre grundlegende Strategie, indem Sie die <b>Grundlegende Strategie-Rekonstruktion<\/b> und <b>\u00dcbungen zu grundlegenden Strategieentscheidungen<\/b>.  Sie werden nicht gewinnen, wenn Sie nicht die richtige Grundstrategie spielen k\u00f6nnen.<\/li>\n<li><b>Beginnen Sie mit dem Erlernen der Punktwerte des von Ihnen gew\u00e4hlten Systems<\/b> und wenn Sie sie auswendig kennen - und nur dann - beginnen Sie damit, einzelne Karten eines Decks herunterzuz\u00e4hlen.<\/li>\n<\/ul>\n<p>Bis zum n\u00e4chsten Mal hier.<br \/>\n<b>\u00dcben!<\/b><\/p>","protected":false},"excerpt":{"rendered":"<p>By now you&#8217;ve chosen a counting system that you want to learn and even though it may be different than the Hi \/ Lo Count which I&#8217;m going to discuss here, the methods used to learn it are the same. Just make adjustments where appropriate and you&#8217;ll do fine. The Hi \/ Lo counting system [&hellip;]<\/p>\n","protected":false},"author":2,"featured_media":0,"parent":634,"menu_order":0,"comment_status":"open","ping_status":"open","template":"page-blackjack-school.php","meta":{"_acf_changed":false,"footnotes":""},"tags":[],"class_list":["post-701","page","type-page","status-publish","hentry"],"acf":[],"yoast_head":"<!-- This site is optimized with the Yoast SEO plugin v26.6 - https:\/\/yoast.com\/wordpress\/plugins\/seo\/ -->\n<title>Blackjack School \u1408 Lesson 4 - Card Counting - How to Do It<\/title>\n<meta name=\"description\" content=\"Lesson 4 in the GameMaster&#039;s Free Blackjack School - Learning the basic techniques of card counting.\" \/>\n<meta name=\"robots\" content=\"index, follow, max-snippet:-1, max-image-preview:large, max-video-preview:-1\" \/>\n<link rel=\"canonical\" href=\"https:\/\/www.blackjackinfo.com\/de\/blackjack-schule\/lektion-04-kartenzahlen-wie-man-es-macht\/\" \/>\n<meta property=\"og:locale\" content=\"de_DE\" \/>\n<meta property=\"og:type\" content=\"article\" \/>\n<meta property=\"og:title\" content=\"Blackjack School \u1408 Lesson 4 - Card Counting - How to Do It\" \/>\n<meta property=\"og:description\" content=\"Lesson 4 in the GameMaster&#039;s Free Blackjack School - Learning the basic techniques of card counting.\" \/>\n<meta property=\"og:url\" content=\"https:\/\/www.blackjackinfo.com\/de\/blackjack-schule\/lektion-04-kartenzahlen-wie-man-es-macht\/\" \/>\n<meta property=\"og:site_name\" content=\"BlackjackInfo.com\" \/>\n<meta property=\"article:modified_time\" content=\"2020-02-18T23:54:11+00:00\" \/>\n<meta name=\"twitter:label1\" content=\"Gesch\u00e4tzte Lesezeit\" \/>\n\t<meta name=\"twitter:data1\" content=\"4\u00a0Minuten\" \/>\n<script type=\"application\/ld+json\" class=\"yoast-schema-graph\">{\"@context\":\"https:\/\/schema.org\",\"@graph\":[{\"@type\":\"WebPage\",\"@id\":\"https:\/\/www.blackjackinfo.com\/blackjack-school\/lesson-04-card-counting-how-to-do-it\/\",\"url\":\"https:\/\/www.blackjackinfo.com\/blackjack-school\/lesson-04-card-counting-how-to-do-it\/\",\"name\":\"Blackjack School \u1408 Lesson 4 - Card Counting - How to Do It\",\"isPartOf\":{\"@id\":\"https:\/\/www.blackjackinfo.com\/#website\"},\"datePublished\":\"2014-10-18T20:02:55+00:00\",\"dateModified\":\"2020-02-18T23:54:11+00:00\",\"description\":\"Lesson 4 in the GameMaster's Free Blackjack School - Learning the basic techniques of card counting.\",\"breadcrumb\":{\"@id\":\"https:\/\/www.blackjackinfo.com\/blackjack-school\/lesson-04-card-counting-how-to-do-it\/#breadcrumb\"},\"inLanguage\":\"de\",\"potentialAction\":[{\"@type\":\"ReadAction\",\"target\":[\"https:\/\/www.blackjackinfo.com\/blackjack-school\/lesson-04-card-counting-how-to-do-it\/\"]}]},{\"@type\":\"BreadcrumbList\",\"@id\":\"https:\/\/www.blackjackinfo.com\/blackjack-school\/lesson-04-card-counting-how-to-do-it\/#breadcrumb\",\"itemListElement\":[{\"@type\":\"ListItem\",\"position\":1,\"name\":\"Home\",\"item\":\"https:\/\/www.blackjackinfo.com\/\"},{\"@type\":\"ListItem\",\"position\":2,\"name\":\"Blackjack School &#8211; A Free 24-Lesson Class on Card Counting\",\"item\":\"https:\/\/www.blackjackinfo.com\/blackjack-school\/\"},{\"@type\":\"ListItem\",\"position\":3,\"name\":\"Lesson 4 &#8211; Card Counting &#8211; How to Do It\"}]},{\"@type\":\"WebSite\",\"@id\":\"https:\/\/www.blackjackinfo.com\/#website\",\"url\":\"https:\/\/www.blackjackinfo.com\/\",\"name\":\"BlackjackInfo.com\",\"description\":\"Because Winning is More Fun!\",\"potentialAction\":[{\"@type\":\"SearchAction\",\"target\":{\"@type\":\"EntryPoint\",\"urlTemplate\":\"https:\/\/www.blackjackinfo.com\/?s={search_term_string}\"},\"query-input\":{\"@type\":\"PropertyValueSpecification\",\"valueRequired\":true,\"valueName\":\"search_term_string\"}}],\"inLanguage\":\"de\"}]}<\/script>\n<!-- \/ Yoast SEO plugin. -->","yoast_head_json":{"title":"Blackjack School \u1408 Lektion 4 - Kartenz\u00e4hlen - Wie man es macht","description":"Lektion 4 der GameMaster's Free Blackjack School - Erlernen der grundlegenden Techniken des Kartenz\u00e4hlens.","robots":{"index":"index","follow":"follow","max-snippet":"max-snippet:-1","max-image-preview":"max-image-preview:large","max-video-preview":"max-video-preview:-1"},"canonical":"https:\/\/www.blackjackinfo.com\/de\/blackjack-schule\/lektion-04-kartenzahlen-wie-man-es-macht\/","og_locale":"de_DE","og_type":"article","og_title":"Blackjack School \u1408 Lesson 4 - Card Counting - How to Do It","og_description":"Lesson 4 in the GameMaster's Free Blackjack School - Learning the basic techniques of card counting.","og_url":"https:\/\/www.blackjackinfo.com\/de\/blackjack-schule\/lektion-04-kartenzahlen-wie-man-es-macht\/","og_site_name":"BlackjackInfo.com","article_modified_time":"2020-02-18T23:54:11+00:00","twitter_misc":{"Gesch\u00e4tzte Lesezeit":"4\u00a0Minuten"},"schema":{"@context":"https:\/\/schema.org","@graph":[{"@type":"WebPage","@id":"https:\/\/www.blackjackinfo.com\/blackjack-school\/lesson-04-card-counting-how-to-do-it\/","url":"https:\/\/www.blackjackinfo.com\/blackjack-school\/lesson-04-card-counting-how-to-do-it\/","name":"Blackjack School \u1408 Lektion 4 - Kartenz\u00e4hlen - Wie man es macht","isPartOf":{"@id":"https:\/\/www.blackjackinfo.com\/#website"},"datePublished":"2014-10-18T20:02:55+00:00","dateModified":"2020-02-18T23:54:11+00:00","description":"Lektion 4 der GameMaster's Free Blackjack School - Erlernen der grundlegenden Techniken des Kartenz\u00e4hlens.","breadcrumb":{"@id":"https:\/\/www.blackjackinfo.com\/blackjack-school\/lesson-04-card-counting-how-to-do-it\/#breadcrumb"},"inLanguage":"de","potentialAction":[{"@type":"ReadAction","target":["https:\/\/www.blackjackinfo.com\/blackjack-school\/lesson-04-card-counting-how-to-do-it\/"]}]},{"@type":"BreadcrumbList","@id":"https:\/\/www.blackjackinfo.com\/blackjack-school\/lesson-04-card-counting-how-to-do-it\/#breadcrumb","itemListElement":[{"@type":"ListItem","position":1,"name":"Home","item":"https:\/\/www.blackjackinfo.com\/"},{"@type":"ListItem","position":2,"name":"Blackjack School &#8211; A Free 24-Lesson Class on Card Counting","item":"https:\/\/www.blackjackinfo.com\/blackjack-school\/"},{"@type":"ListItem","position":3,"name":"Lesson 4 &#8211; Card Counting &#8211; How to Do It"}]},{"@type":"WebSite","@id":"https:\/\/www.blackjackinfo.com\/#website","url":"https:\/\/www.blackjackinfo.com\/","name":"BlackjackInfo.de","description":"Denn Gewinnen macht mehr Spa\u00df!","potentialAction":[{"@type":"SearchAction","target":{"@type":"EntryPoint","urlTemplate":"https:\/\/www.blackjackinfo.com\/?s={search_term_string}"},"query-input":{"@type":"PropertyValueSpecification","valueRequired":true,"valueName":"search_term_string"}}],"inLanguage":"de"}]}},"_links":{"self":[{"href":"https:\/\/www.blackjackinfo.com\/de\/wp-json\/wp\/v2\/pages\/701","targetHints":{"allow":["GET"]}}],"collection":[{"href":"https:\/\/www.blackjackinfo.com\/de\/wp-json\/wp\/v2\/pages"}],"about":[{"href":"https:\/\/www.blackjackinfo.com\/de\/wp-json\/wp\/v2\/types\/page"}],"author":[{"embeddable":true,"href":"https:\/\/www.blackjackinfo.com\/de\/wp-json\/wp\/v2\/users\/2"}],"replies":[{"embeddable":true,"href":"https:\/\/www.blackjackinfo.com\/de\/wp-json\/wp\/v2\/comments?post=701"}],"version-history":[{"count":6,"href":"https:\/\/www.blackjackinfo.com\/de\/wp-json\/wp\/v2\/pages\/701\/revisions"}],"predecessor-version":[{"id":5454,"href":"https:\/\/www.blackjackinfo.com\/de\/wp-json\/wp\/v2\/pages\/701\/revisions\/5454"}],"up":[{"embeddable":true,"href":"https:\/\/www.blackjackinfo.com\/de\/wp-json\/wp\/v2\/pages\/634"}],"wp:attachment":[{"href":"https:\/\/www.blackjackinfo.com\/de\/wp-json\/wp\/v2\/media?parent=701"}],"wp:term":[{"taxonomy":"post_tag","embeddable":true,"href":"https:\/\/www.blackjackinfo.com\/de\/wp-json\/wp\/v2\/tags?post=701"}],"curies":[{"name":"wp","href":"https:\/\/api.w.org\/{rel}","templated":true}]}}