{"id":709,"date":"2014-10-19T17:12:34","date_gmt":"2014-10-19T22:12:34","guid":{"rendered":"http:\/\/test.blackjackinfo.com\/?page_id=709"},"modified":"2020-02-18T17:55:23","modified_gmt":"2020-02-18T23:55:23","slug":"lektion-06-kartenzahlen-mit-einem-deck","status":"publish","type":"page","link":"https:\/\/www.blackjackinfo.com\/de\/blackjack-school\/lesson-06-card-counting-single-deck-play\/","title":{"rendered":"Lektion 6 - Kartenz\u00e4hlen - Spiel mit einem Deck"},"content":{"rendered":"<p class=\"intro\">\n<b>Jeder ernsthafte Spieler sollte wissen, wie man Blackjack mit einem Deck spielt,<\/b> auch wenn Sie 90% Ihrer Zeit mit Multi-Deck-Spielen verbringen, denn wenn Sie zu einem Single-Deck-Spiel kommen, kann es <b>sehr<\/b> profitabel.  Die Hauptverlockung des Spiels wird deutlicher, wenn wir uns mit den Wettstrategien befassen, aber glauben Sie mir jetzt schon: Das \"gro\u00dfe\" Geld, das Sie beim Blackjack verdienen werden, kommt wahrscheinlich aus einem Spiel mit nur einem Deck.<\/p>\n<p><b>Die meisten von Ihnen - vor allem diejenigen, die in der N\u00e4he von Atlantic City wohnen - sollten ihre Zeit mit \u00dcben verbringen, anstatt zu spielen, und zwar mit der Idee, 5 oder 6 Reisen pro Jahr in Gebiete wie Reno oder Laughlin zu unternehmen.<\/b>  Sie werden viel besser dran sein, wenn Sie 60 oder 70 Stunden im Jahr bei den Single-Deck-Spielen dort spielen, als wenn Sie mehrere hundert Stunden bei den trostlosen Spielen spielen, die A.C. derzeit anbietet.  Die meisten meiner Studenten aus der Gegend um St. Louis k\u00f6nnen f\u00fcr weniger als $300 f\u00fcr eine drei- oder viert\u00e4gige Reise nach Reno fliegen, einschlie\u00dflich Hin- und R\u00fcckflug und Hotel, und da sie normalerweise so viel an Blackjack-Gewinnen pro Tag machen, kommen sie oft mit $1000 oder mehr an Nettogewinnen nach Hause.  Sie \"Eastcoasters\" k\u00f6nnen \u00e4hnliche Aktionen in Tunica, MS, finden.<br \/>\n<div class=\"row\" style=\"margin-bottom:20px\">\n    <div class=\"col-sm-12\">\n                <h2>Top US Online Casinos <span\n                class=\"flag-icon flag-icon-us\"><\/span><\/h2>\n\n        \n                \n        <div class=\"ranking-table text-center\">\n            <div class=\"row flex ad-row\">\n                <div class=\"col-sm-3\">\n                    <div class=\"row flex\">\n\n                        <div class=\"col-sm-3\">\n                            <div class=\"ranking-number text-center\">\n\n                                1                                \n                            <\/div>\n                        <\/div>\n                        <div class=\"col-sm-9\">\n                            <img decoding=\"async\" src=\"https:\/\/www.blackjackinfo.com\/files\/bovada.png\" data-no-auto-translation=\"\">\n                        <\/div>\n                    <\/div>\n                <\/div>\n                <div class=\"col-sm-4\">\n                    <div class=\"bonus-text text-center\"><span class=\"red\">100% bis zu $1.000<\/span><\/div>\n\t\t\t\t\t\n\n                <\/div>\n                <div class=\"col-sm-2\">\n                    <a class=\"btn btn-wire\" href=\"\/de\/casino\/bovada\/\">\u00dcberpr\u00fcfung<\/a>\n\n                <\/div>\n                <div class=\"col-sm-3\">\n                    <a rel=\"nofollow\" target=\"_blank\" class=\"btn btn-blue\" href=\"\/goto\/goto\/\">Spielen\n                        Jetzt<\/a>\n\t\t\t\t\t\t\n\n                <\/div>\n            <\/div>\n        <\/div>\n\n\n\n        \n                \n        <div class=\"ranking-table text-center\">\n            <div class=\"row flex ad-row\">\n                <div class=\"col-sm-3\">\n                    <div class=\"row flex\">\n\n                        <div class=\"col-sm-3\">\n                            <div class=\"ranking-number text-center\">\n\n                                2                                \n                            <\/div>\n                        <\/div>\n                        <div class=\"col-sm-9\">\n                            <img decoding=\"async\" src=\"https:\/\/www.blackjackinfo.com\/files\/ignition-casino-logo.png\" data-no-auto-translation=\"\">\n                        <\/div>\n                    <\/div>\n                <\/div>\n                <div class=\"col-sm-4\">\n                    <div class=\"bonus-text text-center\"><span class=\"red\">100% bis zu $1.000<\/span><\/div>\n\t\t\t\t\t\n\n                <\/div>\n                <div class=\"col-sm-2\">\n                    <a class=\"btn btn-wire\" href=\"\/de\/casino\/ignition-casino\/\">\u00dcberpr\u00fcfung<\/a>\n\n                <\/div>\n                <div class=\"col-sm-3\">\n                    <a rel=\"nofollow\" target=\"_blank\" class=\"btn btn-blue\" href=\"\/goto\/goto\/\">Spielen\n                        Jetzt<\/a>\n\t\t\t\t\t\t\n\n                <\/div>\n            <\/div>\n        <\/div>\n\n\n\n        \n                \n        <div class=\"ranking-table text-center\">\n            <div class=\"row flex ad-row\">\n                <div class=\"col-sm-3\">\n                    <div class=\"row flex\">\n\n                        <div class=\"col-sm-3\">\n                            <div class=\"ranking-number text-center\">\n\n                                3                                \n                            <\/div>\n                        <\/div>\n                        <div class=\"col-sm-9\">\n                            <img decoding=\"async\" src=\"https:\/\/www.blackjackinfo.com\/files\/VipSlots-500x250_dark.svg\" data-no-auto-translation=\"\">\n                        <\/div>\n                    <\/div>\n                <\/div>\n                <div class=\"col-sm-4\">\n                    <div class=\"bonus-text text-center\"><span class=\"red\">100 GRATIS SPINS bei Secret Life of Cats<\/span><\/div>\n\t\t\t\t\t\n\n                <\/div>\n                <div class=\"col-sm-2\">\n                    <a class=\"btn btn-wire\" href=\"\/de\/casino\/vipslots-casino\/\">\u00dcberpr\u00fcfung<\/a>\n\n                <\/div>\n                <div class=\"col-sm-3\">\n                    <a rel=\"nofollow\" target=\"_blank\" class=\"btn btn-blue\" href=\"\/goto\/goto\/\">Spielen\n                        Jetzt<\/a>\n\t\t\t\t\t\t\n\n                <\/div>\n            <\/div>\n        <\/div>\n\n\n\n        \n                \n        <div class=\"ranking-table text-center\">\n            <div class=\"row flex ad-row\">\n                <div class=\"col-sm-3\">\n                    <div class=\"row flex\">\n\n                        <div class=\"col-sm-3\">\n                            <div class=\"ranking-number text-center\">\n\n                                4                                \n                            <\/div>\n                        <\/div>\n                        <div class=\"col-sm-9\">\n                            <img decoding=\"async\" src=\"https:\/\/www.blackjackinfo.com\/files\/vegas_casino_online.png\" data-no-auto-translation=\"\">\n                        <\/div>\n                    <\/div>\n                <\/div>\n                <div class=\"col-sm-4\">\n                    <div class=\"bonus-text text-center\"><span class=\"red\">300% bis zu $3.000<\/span><\/div>\n\t\t\t\t\t\n\n                <\/div>\n                <div class=\"col-sm-2\">\n                    <a class=\"btn btn-wire\" href=\"\/de\/casino\/vegas-casino-online-2\/\">\u00dcberpr\u00fcfung<\/a>\n\n                <\/div>\n                <div class=\"col-sm-3\">\n                    <a rel=\"nofollow\" target=\"_blank\" class=\"btn btn-blue\" href=\"\/goto\/goto\/\">Spielen\n                        Jetzt<\/a>\n\t\t\t\t\t\t\n\n                <\/div>\n            <\/div>\n        <\/div>\n\n\n\n        \n                \n        <div class=\"ranking-table text-center\">\n            <div class=\"row flex ad-row\">\n                <div class=\"col-sm-3\">\n                    <div class=\"row flex\">\n\n                        <div class=\"col-sm-3\">\n                            <div class=\"ranking-number text-center\">\n\n                                5                                \n                            <\/div>\n                        <\/div>\n                        <div class=\"col-sm-9\">\n                            <img decoding=\"async\" src=\"https:\/\/www.blackjackinfo.com\/files\/cafe-casino-logo.svg\" data-no-auto-translation=\"\">\n                        <\/div>\n                    <\/div>\n                <\/div>\n                <div class=\"col-sm-4\">\n                    <div class=\"bonus-text text-center\"><span class=\"red\">250% bis zu $1.500<\/span><\/div>\n\t\t\t\t\t\n\n                <\/div>\n                <div class=\"col-sm-2\">\n                    <a class=\"btn btn-wire\" href=\"\/de\/casino\/cafe-casino\/\">\u00dcberpr\u00fcfung<\/a>\n\n                <\/div>\n                <div class=\"col-sm-3\">\n                    <a rel=\"nofollow\" target=\"_blank\" class=\"btn btn-blue\" href=\"\/goto\/goto\/\">Spielen\n                        Jetzt<\/a>\n\t\t\t\t\t\t\n\n                <\/div>\n            <\/div>\n        <\/div>\n\n\n\n            <\/div>\n<\/div><\/p>\n<h3>Z\u00e4hlen bei Tisch<\/h3>\n<p><b>Um bei Single-Deck-Spielen zu gewinnen, m\u00fcssen Sie zun\u00e4chst eine andere Methode des Z\u00e4hlens an einem Tisch lernen, an dem die Karten verdeckt ausgegeben werden.<\/b>  Wie Sie sich aus Lektion 5 erinnern, muss man beim Z\u00e4hlen sehr strukturiert vorgehen, um sicherzustellen, dass man es richtig macht.  Ich werde nie vergessen, wie ich das erste Mal Single-Deck gespielt habe; es war in Vegas und ich war an das damalige Vier-Deck-Spiel in Atlantic City gew\u00f6hnt.  Ungef\u00e4hr in der zweiten oder dritten Runde hatte der Geber einen \"Blackjack\" und alle warfen ihre Karten offen ein.  Mein Schnelligkeitstraining wurde auf eine harte Probe gestellt, aber ich konnte die Karten z\u00e4hlen, bevor das n\u00e4chste Blatt ausgegeben wurde.  Das ist eine Situation, auf die man vorbereitet sein muss und die man nur durch \u00dcbung meistern kann.<\/p>\n<p><b>Bei einem Single-Deck-Spiel werden die Karten aus verschiedenen Gr\u00fcnden aufgedeckt. Gehen wir also ein Blatt durch und sehen wir, wann Sie sie z\u00e4hlen. <\/b> Z\u00e4hlen Sie zun\u00e4chst Ihre beiden Karten, dann die offene Karte des Dealers.  Z\u00e4hlen Sie die Trefferkarten der Spieler, da diese aufgedeckt abgegeben werden.  Wenn ein Spieler verdoppelt, deckt er seine ersten beiden Karten offen auf, also z\u00e4hlen Sie sie.  Die \"doppelte\" Karte wird jedoch normalerweise verdeckt ausgeteilt, so dass Sie sie noch nicht z\u00e4hlen.  Wenn ein Spieler ein Paar teilt, werden diese offen aufgedeckt, also z\u00e4hlen Sie sie und z\u00e4hlen Sie dann die \"Treffer\"-Karten, wenn sie aufgedeckt werden.  Bei einem Single-Deck-Spiel signalisiert ein Spieler \"Stand\", indem er die Karten unter den Einsatz legt, so dass Sie sie nicht sehen und folglich auch nicht z\u00e4hlen k\u00f6nnen - noch nicht.  Sollte ein Spieler pleite gehen, gibt er seine ersten beiden Karten ab, also z\u00e4hlen Sie sie, sobald Sie sie sehen.  Das Spiel endet mit dem Blatt des Dealers. Z\u00e4hlen Sie also die aufgedeckte Hole Card des Dealers und alle Hit Cards f\u00fcr dieses Blatt.<\/p>\n<p><b> Jetzt kommt der schwierige Teil. <\/b> Der Geber beginnt auf der \"Third Base\"-Seite und deckt alle \"Hole\"-Karten (sowie Double-Down-Karten) unterhalb des Einsatzes auf und legt sie \u00fcber alle anderen Karten auf der Hand.  Sie werden als die beiden Karten enden, die dem Dealer am n\u00e4chsten sind; z\u00e4hlen Sie sie, wenn sie aufgedeckt werden.  Ein typisches Blatt sieht wie folgt aus:<\/p>\n<p class=\"text-center\">\n<img loading=\"lazy\" decoding=\"async\" class=\"center\" src=\"\/files\/Blackjack-School\/Hand-Example-Before-400x400.gif\" width=\"400\" height=\"400\" alt=\"Hand Example Before\" data-no-auto-translation=\"\"><br \/>\nHand, bevor der Dealer die Karten umdreht<\/p>\n<p class=\"text-center\">\n<img loading=\"lazy\" decoding=\"async\" class=\"center\" src=\"\/files\/Blackjack-School\/Hand-Example-After-400x400.gif\" width=\"400\" height=\"400\" alt=\"Hand Example After\" data-no-auto-translation=\"\"><br \/>\nHand nach dem Aufdecken der Karten durch den Dealer<\/p>\n<p>Wie Sie sehen k\u00f6nnen, hatte dieser Spieler ein Blatt von insgesamt 7 und hat einen Treffer gelandet.  Der Dealer hat die Karten \u00fcber den Tisch gezogen und wird sie nun als Gewinner auszahlen.  Z\u00e4hlen Sie die beiden aufgedeckten Karten, aber z\u00e4hlen Sie den Buben NICHT noch einmal, da Sie ihn bereits gez\u00e4hlt h\u00e4tten, als der Spieler einen Treffer landete.<\/p>\n<p>Das mag vielleicht noch etwas verwirrend sein, aber wenn du dir die Idee erst einmal eingepr\u00e4gt hast, wirst du dich schnell zurechtfinden, wenn du ein echtes Spiel in Aktion siehst.  Sie sollten nur hinten stehen und beobachten, bis Sie sicher sind, dass Sie die Technik beherrschen, aber das wird nicht lange dauern.  Am besten \u00fcben Sie, indem Sie jemanden f\u00fcr sich austeilen lassen, aber achten Sie darauf, dass er die oben beschriebenen Verfahren anwendet.<\/p>\n<h3>Entwicklung von Geschwindigkeit und Ausdauer<\/h3>\n<p><b>Ich verwende oft die Analogie zu einem Preisboxer, wenn ich \u00fcber das \u00dcben des Z\u00e4hlens spreche; ein Boxer trainiert sowohl Geschwindigkeit als auch Ausdauer.<\/b>  Sie verwenden einen \"Speed Bag\" f\u00fcr die kurzen, schnellen Schl\u00e4ge und einen gro\u00dfen, schweren Sack f\u00fcr die harten Schl\u00e4ge.  Ein Countdown mit einem Deck ist Ihr \"Speed Bag\"; versuchen Sie, ihn so schnell wie m\u00f6glich zu absolvieren und dabei Ihre Genauigkeit beizubehalten.  Um Ihre Ausdauer zu verbessern, beginnen Sie damit, zwei gemischte Decks abzuz\u00e4hlen (vergessen Sie nicht, 3 Karten zu entfernen, um Ihre Genauigkeit zu \u00fcberpr\u00fcfen).  Sobald du zwei Decks unter 40 Sekunden schaffst, gehe zu 6 Decks \u00fcber.  Mischen Sie alle sechs zusammen, verteilen Sie sie dann auf 5 oder 6 separate Stapel auf einer Tischplatte und z\u00e4hlen Sie sie alle so schnell wie m\u00f6glich ab.  Ihr Ziel ist es, dies in weniger als 2 Minuten zu schaffen; ideal ist eine Zeit unter 1:30.  Der Grund, warum wir so viele Decks z\u00e4hlen, egal ob wir f\u00fcr ein Spiel mit einem oder mehreren Decks trainieren, ist nicht nur, dass wir uns daran gew\u00f6hnen, die Z\u00e4hlung \u00fcber einen l\u00e4ngeren Zeitraum beizubehalten, sondern auch, dass wir uns an gro\u00dfe Schwankungen bei der Z\u00e4hlung gew\u00f6hnen.  Die laufende Z\u00e4hlung f\u00fcr ein einzelnes Deck wird selten \u00fcber oder unter 10 gehen, aber bei einem Countdown mit sechs Decks kommt es oft zu solchen Schwankungen, und daran m\u00fcssen Sie sich gew\u00f6hnen.  Es ist gut, auf diese Weise zu \u00fcben, wenn viele Ablenkungen vorhanden sind.  Machen Sie das, w\u00e4hrend die Kinder Sie nerven, der Fernseher l\u00e4uft oder Fido bellt, und Sie werden Ihre F\u00e4higkeit entwickeln, den \u00dcberblick zu behalten, w\u00e4hrend Sie in einem Casino sind.<\/p>\n<h3>Ein paar weitere Tricks<\/h3>\n<p><b>Lernen Sie, von einer ungeraden Zahl in 2er-Schritten r\u00fcckw\u00e4rts zu z\u00e4hlen.<\/b>  Wir alle k\u00f6nnen \"2, 4, 6\" usw. z\u00e4hlen, aber nur wenige von uns k\u00f6nnen sehr schnell \"11, 9, 7, 5, 3\" z\u00e4hlen.  Dies ist eine gute \u00dcbung, die Sie w\u00e4hrend des Fahrens machen k\u00f6nnen.  Fangen Sie bei 25 an und gehen Sie bis M5, immer und immer wieder; das wird sich einpr\u00e4gen und Ihnen bei einem vollen Tisch gute Dienste leisten, wenn der Count hoch ist und all die 20er und Blackjacks herauskommen.  Wenn Sie sich langweilen, machen Sie es von einer geraden Zahl an r\u00fcckw\u00e4rts, um sich in Form zu halten.<\/p>\n<p><b>Wenn Sie beim Z\u00e4hlen aus irgendeinem Grund unterbrochen werden, sagen Sie sich die Zahl immer wieder vor.<\/b>  Nehmen wir an, Sie \u00fcben zu Hause und die kleine Margaux oder Ihr Sohn Corky (ist nicht jeder Kartenz\u00e4hler auch ein Weinfanatiker?) hat eine Frage zu \"Leben oder Tod\".  Wenn die Z\u00e4hlung zu diesem Zeitpunkt M6 ist, wiederholen Sie einfach immer wieder \"M6, M6, M6\" in Ihrem Kopf, w\u00e4hrend Sie ihnen zuh\u00f6ren.  Sie wissen, dass Sie echte Fortschritte machen, wenn Sie dann mit ihnen SPRECHEN und sich an die Z\u00e4hlung erinnern k\u00f6nnen!  Nur durch \u00dcbung ist das m\u00f6glich.<\/p>\n<h3>Hausaufgaben<\/h3>\n<p>Arbeiten Sie weiter an Ihrer Geschwindigkeit mit einem Countdown mit einem Deck, aber bauen Sie auch einige \u00dcbungen mit zwei Decks ein.  Wenn Sie zwei Decks in weniger als 40 Sekunden genau schaffen, gehen Sie zu einem Countdown mit sechs Decks \u00fcber.<\/p>\n<p><b>Das ist wichtig:<\/b>  Alles, was ich Ihnen hier gezeigt habe, gilt auch f\u00fcr die meisten Spiele mit zwei Kartendecks, aber Sie m\u00fcssen bedenken, dass sich die grundlegende Strategie ein wenig \u00e4ndert, wenn Sie ein Spiel mit weniger als vier Kartendecks spielen.  In Lektion 1 erfahren Sie, wie Sie die Grundstrategie f\u00fcr Single-Deck-Spiele lernen.<\/p>\n<p>Als N\u00e4chstes werden wir den einzigen Grund f\u00fcr das Spielen von Blackjack er\u00f6rtern: Geld.<\/p>\n<p>Bis dahin ist die Schule aus.<\/p>","protected":false},"excerpt":{"rendered":"<p>Every serious counter should have a good knowledge of how to play single-deck Blackjack, even if you spend 90% of your time at multi-deck games, because when you are able to get to a single deck game, it can be very profitable. The primary lure of the game will become more evident as we get [&hellip;]<\/p>\n","protected":false},"author":2,"featured_media":0,"parent":634,"menu_order":0,"comment_status":"open","ping_status":"open","template":"page-blackjack-school.php","meta":{"_acf_changed":false,"footnotes":""},"tags":[],"class_list":["post-709","page","type-page","status-publish","hentry"],"acf":[],"yoast_head":"<!-- This site is optimized with the Yoast SEO plugin v26.6 - https:\/\/yoast.com\/wordpress\/plugins\/seo\/ -->\n<title>Blackjack School \u1408 Lesson 6 - Card Counting - Single-deck Play<\/title>\n<meta name=\"description\" content=\"Lesson 6 in the GameMaster&#039;s Free Blackjack School - Card counting in a face-down game.\" \/>\n<meta name=\"robots\" content=\"index, follow, max-snippet:-1, max-image-preview:large, max-video-preview:-1\" \/>\n<link rel=\"canonical\" href=\"https:\/\/www.blackjackinfo.com\/de\/blackjack-schule\/lektion-06-kartenzahlen-mit-einem-deck\/\" \/>\n<meta property=\"og:locale\" content=\"de_DE\" \/>\n<meta property=\"og:type\" content=\"article\" \/>\n<meta property=\"og:title\" content=\"Blackjack School \u1408 Lesson 6 - Card Counting - Single-deck Play\" \/>\n<meta property=\"og:description\" content=\"Lesson 6 in the GameMaster&#039;s Free Blackjack School - Card counting in a face-down game.\" \/>\n<meta property=\"og:url\" content=\"https:\/\/www.blackjackinfo.com\/de\/blackjack-schule\/lektion-06-kartenzahlen-mit-einem-deck\/\" \/>\n<meta property=\"og:site_name\" content=\"BlackjackInfo.com\" \/>\n<meta property=\"article:modified_time\" content=\"2020-02-18T23:55:23+00:00\" \/>\n<meta name=\"twitter:label1\" content=\"Gesch\u00e4tzte Lesezeit\" \/>\n\t<meta name=\"twitter:data1\" content=\"6\u00a0Minuten\" \/>\n<script type=\"application\/ld+json\" class=\"yoast-schema-graph\">{\"@context\":\"https:\/\/schema.org\",\"@graph\":[{\"@type\":\"WebPage\",\"@id\":\"https:\/\/www.blackjackinfo.com\/blackjack-school\/lesson-06-card-counting-single-deck-play\/\",\"url\":\"https:\/\/www.blackjackinfo.com\/blackjack-school\/lesson-06-card-counting-single-deck-play\/\",\"name\":\"Blackjack School \u1408 Lesson 6 - Card Counting - Single-deck Play\",\"isPartOf\":{\"@id\":\"https:\/\/www.blackjackinfo.com\/#website\"},\"datePublished\":\"2014-10-19T22:12:34+00:00\",\"dateModified\":\"2020-02-18T23:55:23+00:00\",\"description\":\"Lesson 6 in the GameMaster's Free Blackjack School - Card counting in a face-down game.\",\"breadcrumb\":{\"@id\":\"https:\/\/www.blackjackinfo.com\/blackjack-school\/lesson-06-card-counting-single-deck-play\/#breadcrumb\"},\"inLanguage\":\"de\",\"potentialAction\":[{\"@type\":\"ReadAction\",\"target\":[\"https:\/\/www.blackjackinfo.com\/blackjack-school\/lesson-06-card-counting-single-deck-play\/\"]}]},{\"@type\":\"BreadcrumbList\",\"@id\":\"https:\/\/www.blackjackinfo.com\/blackjack-school\/lesson-06-card-counting-single-deck-play\/#breadcrumb\",\"itemListElement\":[{\"@type\":\"ListItem\",\"position\":1,\"name\":\"Home\",\"item\":\"https:\/\/www.blackjackinfo.com\/\"},{\"@type\":\"ListItem\",\"position\":2,\"name\":\"Blackjack School &#8211; A Free 24-Lesson Class on Card Counting\",\"item\":\"https:\/\/www.blackjackinfo.com\/blackjack-school\/\"},{\"@type\":\"ListItem\",\"position\":3,\"name\":\"Lesson 6 &#8211; Card Counting &#8211; Single-deck Play\"}]},{\"@type\":\"WebSite\",\"@id\":\"https:\/\/www.blackjackinfo.com\/#website\",\"url\":\"https:\/\/www.blackjackinfo.com\/\",\"name\":\"BlackjackInfo.com\",\"description\":\"Because Winning is More Fun!\",\"potentialAction\":[{\"@type\":\"SearchAction\",\"target\":{\"@type\":\"EntryPoint\",\"urlTemplate\":\"https:\/\/www.blackjackinfo.com\/?s={search_term_string}\"},\"query-input\":{\"@type\":\"PropertyValueSpecification\",\"valueRequired\":true,\"valueName\":\"search_term_string\"}}],\"inLanguage\":\"de\"}]}<\/script>\n<!-- \/ Yoast SEO plugin. -->","yoast_head_json":{"title":"Blackjack School \u1408 Lektion 6 - Kartenz\u00e4hlen - Einzeldeckspiel","description":"Lektion 6 der GameMaster's Free Blackjack School - Kartenz\u00e4hlen bei einem verdeckten Spiel.","robots":{"index":"index","follow":"follow","max-snippet":"max-snippet:-1","max-image-preview":"max-image-preview:large","max-video-preview":"max-video-preview:-1"},"canonical":"https:\/\/www.blackjackinfo.com\/de\/blackjack-schule\/lektion-06-kartenzahlen-mit-einem-deck\/","og_locale":"de_DE","og_type":"article","og_title":"Blackjack School \u1408 Lesson 6 - Card Counting - Single-deck Play","og_description":"Lesson 6 in the GameMaster's Free Blackjack School - Card counting in a face-down game.","og_url":"https:\/\/www.blackjackinfo.com\/de\/blackjack-schule\/lektion-06-kartenzahlen-mit-einem-deck\/","og_site_name":"BlackjackInfo.com","article_modified_time":"2020-02-18T23:55:23+00:00","twitter_misc":{"Gesch\u00e4tzte Lesezeit":"6\u00a0Minuten"},"schema":{"@context":"https:\/\/schema.org","@graph":[{"@type":"WebPage","@id":"https:\/\/www.blackjackinfo.com\/blackjack-school\/lesson-06-card-counting-single-deck-play\/","url":"https:\/\/www.blackjackinfo.com\/blackjack-school\/lesson-06-card-counting-single-deck-play\/","name":"Blackjack School \u1408 Lektion 6 - Kartenz\u00e4hlen - Einzeldeckspiel","isPartOf":{"@id":"https:\/\/www.blackjackinfo.com\/#website"},"datePublished":"2014-10-19T22:12:34+00:00","dateModified":"2020-02-18T23:55:23+00:00","description":"Lektion 6 der GameMaster's Free Blackjack School - Kartenz\u00e4hlen bei einem verdeckten Spiel.","breadcrumb":{"@id":"https:\/\/www.blackjackinfo.com\/blackjack-school\/lesson-06-card-counting-single-deck-play\/#breadcrumb"},"inLanguage":"de","potentialAction":[{"@type":"ReadAction","target":["https:\/\/www.blackjackinfo.com\/blackjack-school\/lesson-06-card-counting-single-deck-play\/"]}]},{"@type":"BreadcrumbList","@id":"https:\/\/www.blackjackinfo.com\/blackjack-school\/lesson-06-card-counting-single-deck-play\/#breadcrumb","itemListElement":[{"@type":"ListItem","position":1,"name":"Home","item":"https:\/\/www.blackjackinfo.com\/"},{"@type":"ListItem","position":2,"name":"Blackjack School &#8211; A Free 24-Lesson Class on Card Counting","item":"https:\/\/www.blackjackinfo.com\/blackjack-school\/"},{"@type":"ListItem","position":3,"name":"Lesson 6 &#8211; Card Counting &#8211; Single-deck Play"}]},{"@type":"WebSite","@id":"https:\/\/www.blackjackinfo.com\/#website","url":"https:\/\/www.blackjackinfo.com\/","name":"BlackjackInfo.de","description":"Denn Gewinnen macht mehr Spa\u00df!","potentialAction":[{"@type":"SearchAction","target":{"@type":"EntryPoint","urlTemplate":"https:\/\/www.blackjackinfo.com\/?s={search_term_string}"},"query-input":{"@type":"PropertyValueSpecification","valueRequired":true,"valueName":"search_term_string"}}],"inLanguage":"de"}]}},"_links":{"self":[{"href":"https:\/\/www.blackjackinfo.com\/de\/wp-json\/wp\/v2\/pages\/709","targetHints":{"allow":["GET"]}}],"collection":[{"href":"https:\/\/www.blackjackinfo.com\/de\/wp-json\/wp\/v2\/pages"}],"about":[{"href":"https:\/\/www.blackjackinfo.com\/de\/wp-json\/wp\/v2\/types\/page"}],"author":[{"embeddable":true,"href":"https:\/\/www.blackjackinfo.com\/de\/wp-json\/wp\/v2\/users\/2"}],"replies":[{"embeddable":true,"href":"https:\/\/www.blackjackinfo.com\/de\/wp-json\/wp\/v2\/comments?post=709"}],"version-history":[{"count":8,"href":"https:\/\/www.blackjackinfo.com\/de\/wp-json\/wp\/v2\/pages\/709\/revisions"}],"predecessor-version":[{"id":5456,"href":"https:\/\/www.blackjackinfo.com\/de\/wp-json\/wp\/v2\/pages\/709\/revisions\/5456"}],"up":[{"embeddable":true,"href":"https:\/\/www.blackjackinfo.com\/de\/wp-json\/wp\/v2\/pages\/634"}],"wp:attachment":[{"href":"https:\/\/www.blackjackinfo.com\/de\/wp-json\/wp\/v2\/media?parent=709"}],"wp:term":[{"taxonomy":"post_tag","embeddable":true,"href":"https:\/\/www.blackjackinfo.com\/de\/wp-json\/wp\/v2\/tags?post=709"}],"curies":[{"name":"wp","href":"https:\/\/api.w.org\/{rel}","templated":true}]}}