{"id":720,"date":"2014-10-19T20:00:00","date_gmt":"2014-10-20T01:00:00","guid":{"rendered":"http:\/\/test.blackjackinfo.com\/?page_id=720"},"modified":"2020-02-18T17:55:54","modified_gmt":"2020-02-18T23:55:54","slug":"lektion-07-geldmanagement-teil-1","status":"publish","type":"page","link":"https:\/\/www.blackjackinfo.com\/de\/blackjack-school\/lesson-07-money-management-part-1\/","title":{"rendered":"Lektion 7 - Geldmanagement - Teil 1"},"content":{"rendered":"<h3>Eine Predigt<\/h3>\n<p><b>Ich halte auf den Seiten von The GameMaster Online ab und zu eine kleine Predigt, vor allem, weil ich es hasse, wenn Leute ihr Geld an Casinos ausgeben.<\/b>  Ich sage nicht, dass ich nicht verliere, denn auch ich habe meine schlechten Tage, aber was ich sage, ist, dass die Casinos mit mir um jeden Cent k\u00e4mpfen m\u00fcssen.  Sie m\u00fcssen diese Art von Einstellung entwickeln, und allein die Tatsache, dass Sie dies hier lesen, zeigt mir, dass Sie bereit sind zu lernen, also ein guter Anfang.  Casinos verdienen Geld, weil die Spieler ihnen erlauben, Geld zu verdienen.  Selbst wenn Sie alles gelernt haben, was ich Ihnen bis zu diesem Punkt beigebracht habe, sind Sie immer noch nicht bereit zu spielen, also vergessen Sie es und beginnen Sie damit, Ihre Bankroll f\u00fcr den Tag aufzubauen, an dem Sie bereit sein WERDEN.  Du kannst nicht erwarten, dass du beim Blackjack gewinnst, wenn du das Geld der Miete einsetzt.  Sie m\u00fcssen eine Summe beiseite legen, die \"extra\" ist - Geld, das, sollten Sie es verlieren, Ihren Lebensstil in keiner Weise beeintr\u00e4chtigen wird.   Wenn Sie so vorgehen, setzen Sie das, was gesetzt werden muss, und spielen die H\u00e4nde so, wie sie gespielt werden m\u00fcssen.  Das ist es, was die $$$ im Casino bringt.  Genug gesagt.<br \/>\n<div class=\"row\" style=\"margin-bottom:20px\">\n    <div class=\"col-sm-12\">\n                <h2>Top US Online Casinos <span\n                class=\"flag-icon flag-icon-us\"><\/span><\/h2>\n\n        \n                \n        <div class=\"ranking-table text-center\">\n            <div class=\"row flex ad-row\">\n                <div class=\"col-sm-3\">\n                    <div class=\"row flex\">\n\n                        <div class=\"col-sm-3\">\n                            <div class=\"ranking-number text-center\">\n\n                                1                                \n                            <\/div>\n                        <\/div>\n                        <div class=\"col-sm-9\">\n                            <img decoding=\"async\" src=\"https:\/\/www.blackjackinfo.com\/files\/bovada.png\" data-no-auto-translation=\"\">\n                        <\/div>\n                    <\/div>\n                <\/div>\n                <div class=\"col-sm-4\">\n                    <div class=\"bonus-text text-center\"><span class=\"red\">100% bis zu $1.000<\/span><\/div>\n\t\t\t\t\t\n\n                <\/div>\n                <div class=\"col-sm-2\">\n                    <a class=\"btn btn-wire\" href=\"\/de\/casino\/bovada\/\">\u00dcberpr\u00fcfung<\/a>\n\n                <\/div>\n                <div class=\"col-sm-3\">\n                    <a rel=\"nofollow\" target=\"_blank\" class=\"btn btn-blue\" href=\"\/goto\/goto\/\">Spielen\n                        Jetzt<\/a>\n\t\t\t\t\t\t\n\n                <\/div>\n            <\/div>\n        <\/div>\n\n\n\n        \n                \n        <div class=\"ranking-table text-center\">\n            <div class=\"row flex ad-row\">\n                <div class=\"col-sm-3\">\n                    <div class=\"row flex\">\n\n                        <div class=\"col-sm-3\">\n                            <div class=\"ranking-number text-center\">\n\n                                2                                \n                            <\/div>\n                        <\/div>\n                        <div class=\"col-sm-9\">\n                            <img decoding=\"async\" src=\"https:\/\/www.blackjackinfo.com\/files\/ignition-casino-logo.png\" data-no-auto-translation=\"\">\n                        <\/div>\n                    <\/div>\n                <\/div>\n                <div class=\"col-sm-4\">\n                    <div class=\"bonus-text text-center\"><span class=\"red\">100% bis zu $1.000<\/span><\/div>\n\t\t\t\t\t\n\n                <\/div>\n                <div class=\"col-sm-2\">\n                    <a class=\"btn btn-wire\" href=\"\/de\/casino\/ignition-casino\/\">\u00dcberpr\u00fcfung<\/a>\n\n                <\/div>\n                <div class=\"col-sm-3\">\n                    <a rel=\"nofollow\" target=\"_blank\" class=\"btn btn-blue\" href=\"\/goto\/goto\/\">Spielen\n                        Jetzt<\/a>\n\t\t\t\t\t\t\n\n                <\/div>\n            <\/div>\n        <\/div>\n\n\n\n        \n                \n        <div class=\"ranking-table text-center\">\n            <div class=\"row flex ad-row\">\n                <div class=\"col-sm-3\">\n                    <div class=\"row flex\">\n\n                        <div class=\"col-sm-3\">\n                            <div class=\"ranking-number text-center\">\n\n                                3                                \n                            <\/div>\n                        <\/div>\n                        <div class=\"col-sm-9\">\n                            <img decoding=\"async\" src=\"https:\/\/www.blackjackinfo.com\/files\/VipSlots-500x250_dark.svg\" data-no-auto-translation=\"\">\n                        <\/div>\n                    <\/div>\n                <\/div>\n                <div class=\"col-sm-4\">\n                    <div class=\"bonus-text text-center\"><span class=\"red\">100 GRATIS SPINS bei Secret Life of Cats<\/span><\/div>\n\t\t\t\t\t\n\n                <\/div>\n                <div class=\"col-sm-2\">\n                    <a class=\"btn btn-wire\" href=\"\/de\/casino\/vipslots-casino\/\">\u00dcberpr\u00fcfung<\/a>\n\n                <\/div>\n                <div class=\"col-sm-3\">\n                    <a rel=\"nofollow\" target=\"_blank\" class=\"btn btn-blue\" href=\"\/goto\/goto\/\">Spielen\n                        Jetzt<\/a>\n\t\t\t\t\t\t\n\n                <\/div>\n            <\/div>\n        <\/div>\n\n\n\n        \n                \n        <div class=\"ranking-table text-center\">\n            <div class=\"row flex ad-row\">\n                <div class=\"col-sm-3\">\n                    <div class=\"row flex\">\n\n                        <div class=\"col-sm-3\">\n                            <div class=\"ranking-number text-center\">\n\n                                4                                \n                            <\/div>\n                        <\/div>\n                        <div class=\"col-sm-9\">\n                            <img decoding=\"async\" src=\"https:\/\/www.blackjackinfo.com\/files\/vegas_casino_online.png\" data-no-auto-translation=\"\">\n                        <\/div>\n                    <\/div>\n                <\/div>\n                <div class=\"col-sm-4\">\n                    <div class=\"bonus-text text-center\"><span class=\"red\">300% bis zu $3.000<\/span><\/div>\n\t\t\t\t\t\n\n                <\/div>\n                <div class=\"col-sm-2\">\n                    <a class=\"btn btn-wire\" href=\"\/de\/casino\/vegas-casino-online-2\/\">\u00dcberpr\u00fcfung<\/a>\n\n                <\/div>\n                <div class=\"col-sm-3\">\n                    <a rel=\"nofollow\" target=\"_blank\" class=\"btn btn-blue\" href=\"\/goto\/goto\/\">Spielen\n                        Jetzt<\/a>\n\t\t\t\t\t\t\n\n                <\/div>\n            <\/div>\n        <\/div>\n\n\n\n        \n                \n        <div class=\"ranking-table text-center\">\n            <div class=\"row flex ad-row\">\n                <div class=\"col-sm-3\">\n                    <div class=\"row flex\">\n\n                        <div class=\"col-sm-3\">\n                            <div class=\"ranking-number text-center\">\n\n                                5                                \n                            <\/div>\n                        <\/div>\n                        <div class=\"col-sm-9\">\n                            <img decoding=\"async\" src=\"https:\/\/www.blackjackinfo.com\/files\/cafe-casino-logo.svg\" data-no-auto-translation=\"\">\n                        <\/div>\n                    <\/div>\n                <\/div>\n                <div class=\"col-sm-4\">\n                    <div class=\"bonus-text text-center\"><span class=\"red\">250% bis zu $1.500<\/span><\/div>\n\t\t\t\t\t\n\n                <\/div>\n                <div class=\"col-sm-2\">\n                    <a class=\"btn btn-wire\" href=\"\/de\/casino\/cafe-casino\/\">\u00dcberpr\u00fcfung<\/a>\n\n                <\/div>\n                <div class=\"col-sm-3\">\n                    <a rel=\"nofollow\" target=\"_blank\" class=\"btn btn-blue\" href=\"\/goto\/goto\/\">Spielen\n                        Jetzt<\/a>\n\t\t\t\t\t\t\n\n                <\/div>\n            <\/div>\n        <\/div>\n\n\n\n            <\/div>\n<\/div><\/p>\n<h3>Was ist Geldmanagement?<\/h3>\n<p><b>Was das Spielen von Blackjack als Kartenz\u00e4hler betrifft, so ist Geldmanagement eine Methode des Wettens, die Ihre Verluste minimiert und Ihre Gewinne maximiert.<\/b>  Das Spielen von Blackjack birgt das Risiko von Verlusten.  Der Vorteil, den ein Spieler gegen\u00fcber dem Casino hat, ist gering und die Schwankungen in der Bankroll eines Spielers k\u00f6nnen mit erschreckender Geschwindigkeit auftreten.  Um die bestm\u00f6gliche Chance zu haben, den schwer fassbaren \"Long Term\" zu erreichen, m\u00fcssen Sie Ihr Geld in allen Bereichen des Spiels richtig verwalten.  Einige von Ihnen werden ihre Karriere als Z\u00e4hler mit einem gro\u00dfen Gewinn beginnen und nie wieder zur\u00fcckblicken.  Die meisten von Ihnen werden jedoch mit einem Verlust beginnen, und es wird mehr Spielstunden dauern, bis Sie einen Gewinn erzielen; das ist einfach die Realit\u00e4t der Situation.  Was ich Ihnen in den n\u00e4chsten vier oder f\u00fcnf Lektionen beibringen werde, ist, wie Sie beim Spiel \u00fcberleben k\u00f6nnen, bis sich Ihr langfristiger Vorteil auswirkt, und wie Sie dann die erzielten Gewinne behalten k\u00f6nnen.<\/p>\n<h3>Die wahre Zahl<\/h3>\n<p><b>Alle unsere Wettentscheidungen werden auf der Grundlage des so genannten \"True Count\" oder, genauer gesagt, des \"Count pro verbleibendem Deck\" getroffen. <\/b> Das meiste davon gilt f\u00fcr diejenigen, die an Multi-Deck-Spielen teilnehmen, aber auch Sie als Single-Deck-Spieler m\u00fcssen das wissen.     Wenn in der ersten Runde eines Spiels sechs kleine Karten aufgedeckt werden, haben wir eine laufende Z\u00e4hlung von 6. F\u00fcr die Single-Deck-Spieler liegt die tats\u00e4chliche Z\u00e4hlung bei etwas \u00fcber 6, da nur noch etwas weniger als ein Deck zu spielen ist.  Bei einem Spiel mit sechs Kartendecks betr\u00e4gt die Anzahl der verbleibenden Karten (die wahre Anzahl) etwas mehr als 1, da nur noch etwas weniger als 6 Kartendecks zu spielen sind.  Sehen Sie, wie das funktioniert?  Wir \"standardisieren\" die Anzahl, indem wir die laufende Anzahl durch die Gesamtzahl der verbleibenden Decks teilen.  Versuchen wir ein weiteres Beispiel, um zu sehen, ob Sie das Konzept verstehen.  Bei einem Spiel mit nur einem Deck auf der ersten Runde wird ein laufender Z\u00e4hlwert von 2 (denken Sie daran, dass ich kein \"+\" verwende, um eine positive Zahl zu kennzeichnen) in einen echten Z\u00e4hlwert von 2 umgewandelt, wenn er abgerundet wird.  Bei einem Spiel mit sechs Kartendecks und einer laufenden Z\u00e4hlung von 12 nach der ersten Hand wird die wahre Z\u00e4hlung zu 2. Beide wahren Z\u00e4hlungen sind 2, aber es braucht eine viel h\u00f6here laufende Z\u00e4hlung, um dies bei einem Spiel mit sechs Kartendecks zu erreichen.<\/p>\n<p><b>UM DIE TATS\u00c4CHLICHE ANZAHL ZU ERMITTELN, TEILEN SIE DIE \"LAUFENDE\" ANZAHL DURCH DIE ANZAHL DER NOCH ZU SPIELENDEN DECKS. <\/b><\/p>\n<p><b>Lassen Sie sich von dieser Aussage nicht verwirren.  Gemeint ist die Anzahl der verbleibenden Decks, unabh\u00e4ngig davon, ob sie tats\u00e4chlich gespielt werden oder nicht.<\/b>  In einem Spiel mit sechs Kartendecks kann der Dealer ein oder mehrere Kartendecks abschneiden, aber das ist f\u00fcr die Berechnung des True Count nicht von Bedeutung.  Die Grundlage f\u00fcr die Berechnung ist die Gesamtzahl der Decks im Spiel, die um die Anzahl der gespielten Decks bereinigt wird.  Ein Beispiel: Bei einem Spiel mit sechs Kartendecks, bei dem zwei Decks gespielt und in das seitliche Ablagefach gelegt wurden, ergibt ein Running Count von 8 einen True Count von 2, da sich noch vier Decks im Schuh befinden.  Der Dealer kann mischen, bevor alle vier verbleibenden Decks gespielt wurden, aber f\u00fcr die Umrechnung des wahren Z\u00e4hlwerts spielt das keine Rolle.<\/p>\n<p>Machen Sie mit mir diesen kleinen Test, um zu sehen, ob Sie das Prinzip verstehen.<\/p>\n<div class=\"col-sm-6 col-center\">\n<table class=\"data-table text-center\">\n<tbody>\n<tr>\n<th><\/th>\n<th>Verbleibendes Deck<\/th>\n<th>Laufende Z\u00e4hlung<\/th>\n<th>Wahre Zahl<\/th>\n<\/tr>\n<tr>\n<td>1.<\/td>\n<td>4<\/td>\n<td>8<\/td>\n<td>2<\/td>\n<\/tr>\n<tr>\n<td>2.<\/td>\n<td>2<\/td>\n<td>10<\/td>\n<td>5<\/td>\n<\/tr>\n<tr>\n<td>3.<\/td>\n<td>5<\/td>\n<td>5<\/td>\n<td>1<\/td>\n<\/tr>\n<tr>\n<td>4.<\/td>\n<td>3<\/td>\n<td>12<\/td>\n<td>4<\/td>\n<\/tr>\n<\/tbody>\n<\/table>\n<\/div>\n<h3>Sch\u00e4tzung der Anzahl der verbleibenden Decks<\/h3>\n<p><b>Die Casinos stellen uns netterweise ein Ger\u00e4t zur Verf\u00fcgung, mit dem wir feststellen k\u00f6nnen, wie viele Decks im Schuh noch zu spielen sind.  Nein, dieses Ger\u00e4t ist nicht der Schuh, sondern das Ablagefach<\/b> die praktisch an jedem Tisch zu finden ist, an dem ein Multi-Deck-Spiel gespielt wird.  Wenn Karten verwendet werden, legt der Geber sie sehr ordentlich in das Ablagefach, wo jeder sie sehen kann, so dass die Z\u00e4hler dies und ein wenig Subtraktion nutzen, um zu bestimmen, wie viele Decks noch zu spielen sind.  Wenn bei einem Spiel mit sechs Decks zwei Decks im Ablagefach liegen, m\u00fcssen vier Decks im Schuh verbleiben, vorausgesetzt, dass keine Karten auf dem Tisch liegen.  Unser Ziel ist es, bei unserer Sch\u00e4tzung bis auf ein halbes Deck genau zu sein.  Wie Sie das genau trainieren k\u00f6nnen, ist eine Ihrer Hausaufgaben, also machen Sie sich dar\u00fcber im Moment keine Gedanken.  Wichtiger sind jetzt die Mechanismen, die zur Berechnung der wahren Anzahl mit dieser Methode verwendet werden.  Lassen Sie uns gemeinsam eine einfache Erkl\u00e4rung durchgehen.<\/p>\n<p>Wir sind bei einem Spiel mit sechs Decks, die laufende Anzahl ist M-6 und drei Decks befinden sich im Ablagefach.  Das bedeutet, dass noch drei Decks \u00fcbrig sind, also teilen wir die laufende Anzahl durch 3 und unsere wahre Anzahl ist M-2.  Ja, das funktioniert auch f\u00fcr negative Decks - auf genau dieselbe Weise.  Haben Sie es verstanden?  Probieren Sie diesen Test aus.<\/p>\n<p>Nehmen wir an, wir sind bei einem Spiel mit sechs Decks. Ich werde Ihnen nur die Decks im Ablagefach nennen. Rechnen Sie also nach, wie viele Decks noch im Schuh sind.<\/p>\n<div class=\"col-sm-6 col-center\">\n<table class=\"data-table text-center\">\n<tbody>\n<tr>\n<th><\/th>\n<th>Gespielte Decks<\/th>\n<th>Laufende Z\u00e4hlung<\/th>\n<th>Wahre Zahl<\/th>\n<\/tr>\n<tr>\n<td><b>1.<\/b><\/td>\n<td>2<\/td>\n<td>4<\/td>\n<td>?<\/td>\n<\/tr>\n<tr>\n<td><b>2.<\/b><\/td>\n<td>4<\/td>\n<td>8<\/td>\n<td>?<\/td>\n<\/tr>\n<tr>\n<td><b>3.<\/b><\/td>\n<td>5<\/td>\n<td>5<\/td>\n<td>?<\/td>\n<\/tr>\n<tr>\n<td><b>4.<\/b><\/td>\n<td>1<\/td>\n<td>5<\/td>\n<td>?<\/td>\n<\/tr>\n<tr>\n<td><b>5.<\/b><\/td>\n<td>2.5<\/td>\n<td>7<\/td>\n<td>?<\/td>\n<\/tr>\n<tr>\n<td><b>6.<\/b><\/td>\n<td>2<\/td>\n<td>0<\/td>\n<td>?<\/td>\n<\/tr>\n<tr>\n<td><b>7.<\/b><\/td>\n<td>3.5<\/td>\n<td>M-5<\/td>\n<td>?<\/td>\n<\/tr>\n<tr>\n<td><b>8.<\/b><\/td>\n<td>1.5<\/td>\n<td>9<\/td>\n<td>?<\/td>\n<\/tr>\n<tr>\n<td><b>9.<\/b><\/td>\n<td>3<\/td>\n<td>M-3<\/td>\n<td>?<\/td>\n<\/tr>\n<tr>\n<td><b>10.<\/b><\/td>\n<td>4.5<\/td>\n<td>2<\/td>\n<td>?<\/td>\n<\/tr>\n<\/tbody>\n<\/table>\n<\/div>\n<p><b>Die Antworten<\/b><\/p>\n<p><b>1.<\/b> Eins (2 Decks gespielt, 4 Decks \u00fcbrig, 4 geteilt durch 4 = 1)<\/p>\n<p><b>2.<\/b> Vier (4 Decks gespielt, 2 Decks \u00fcbrig, 8 geteilt durch 2 = 4)<\/p>\n<p><b>3.<\/b> F\u00fcnf (Du bist jetzt auf dich allein gestellt, Junge.)<\/p>\n<p><b>4.<\/b> Eine<\/p>\n<p><b>5.<\/b> Zwei<\/p>\n<p><b>6.<\/b> Null<\/p>\n<p><b>7.<\/b> M-zwei<\/p>\n<p><b>8.<\/b> Zwei<\/p>\n<p><b>9.<\/b>M-one<\/p>\n<p><b>10.<\/b> Ein bisschen mehr als eins (aber wir runden immer ab, um konservativ zu sein, also w\u00fcrden wir das als \"eins\" bezeichnen).<\/p>\n<p><b>Ich sehe schon, wie einige Augen glasig werden, also h\u00f6ren wir besser f\u00fcr diese Woche auf.<\/b>  Aber lassen Sie sich nicht entmutigen; Sie k\u00f6nnen das lernen - es braucht nur etwas \u00dcbung.  Apropos \u00dcbung: Nehmen Sie Ihre Hausaufgabe mit und \u00fcben Sie, Ihre Augen zu \"kalibrieren\".<\/p>\n<h3>Hausaufgaben<\/h3>\n<p>Die Anzahl der verbleibenden Decks in einem Ablagefach zu sch\u00e4tzen, ist eigentlich nur eine \u00dcbung im wiederholten Anstarren.  Wenn man ein Kartenspiel mit 52 Karten lange genug anschaut, kann man erkennen, ob 10 oder 12 Karten hinzugekommen sind.  So kalibrieren wir also unsere Augen.  Beginnen Sie mit einem einzigen Kartenspiel und betrachten Sie es eine Zeit lang.  Legen Sie dann einen weiteren Stapel darauf und schauen Sie sich diesen eine Weile an.  Legen Sie nun einen dritten Stapel darauf und betrachten Sie diesen eine Weile.  Schlie\u00dflich ziehst du einen Stapel ab - z\u00e4hle die Karten nicht - sch\u00e4tze einfach, wie viel ein Stapel ist, ziehe ihn ab und z\u00e4hle ihn dann, um zu sehen, wie nah du dran warst.  Jetzt legst du diesen Stapel wieder obenauf und ziehst zwei Stapel ab, z\u00e4hlst sie genau und legst sie wieder obenauf.  Bauen Sie nun Ihren Stapel auf f\u00fcnf Stapel auf und ziehen Sie eineinhalb Stapel ab, dann drei Stapel und so weiter.  Sie werden erstaunt sein, wie schnell Sie erkennen, wie viele Decks sich in einem Stapel befinden.  Eine nette Abwandlung dieser \u00dcbung ist es, einen Freund zu bitten, Stapel verschiedener Gr\u00f6\u00dfe (mit einer Genauigkeit von einem halben Deck) zu bilden, w\u00e4hrend Sie nicht im Raum sind, und dann kommen Sie herein und sagen die Gr\u00f6\u00dfe jedes Stapels auf.<\/p>\n<p>Bleiben Sie dran, denn Sie m\u00fcssen genau sein.  Ihr Geld wird davon abh\u00e4ngen.<\/p>\n<p>Wir sehen uns n\u00e4chste Woche hier wieder, wenn wir besprechen, wie man mit Hilfe der wahren Anzahl wettet.<\/p>","protected":false},"excerpt":{"rendered":"<p>A Sermon I do a little bit of preaching on the pages of The GameMaster Online every so often, primarily because I hate to think of people handing their money to casinos. I&#8217;m not saying I don&#8217;t lose, because I have my bad days as well, but what I am saying is that the casinos [&hellip;]<\/p>\n","protected":false},"author":2,"featured_media":0,"parent":634,"menu_order":0,"comment_status":"open","ping_status":"open","template":"page-blackjack-school.php","meta":{"_acf_changed":false,"footnotes":""},"tags":[],"class_list":["post-720","page","type-page","status-publish","hentry"],"acf":[],"yoast_head":"<!-- This site is optimized with the Yoast SEO plugin v26.6 - https:\/\/yoast.com\/wordpress\/plugins\/seo\/ -->\n<title>Blackjack School \u1408 Lesson 7 - Money Management - Part 1<\/title>\n<meta name=\"description\" content=\"Lesson 7 in the GameMaster&#039;s Free Blackjack School - Understanding the true count, and what it means for bet sizing.\" \/>\n<meta name=\"robots\" content=\"index, follow, max-snippet:-1, max-image-preview:large, max-video-preview:-1\" \/>\n<link rel=\"canonical\" href=\"https:\/\/www.blackjackinfo.com\/de\/blackjack-schule\/lektion-07-geldmanagement-teil-1\/\" \/>\n<meta property=\"og:locale\" content=\"de_DE\" \/>\n<meta property=\"og:type\" content=\"article\" \/>\n<meta property=\"og:title\" content=\"Blackjack School \u1408 Lesson 7 - Money Management - Part 1\" \/>\n<meta property=\"og:description\" content=\"Lesson 7 in the GameMaster&#039;s Free Blackjack School - Understanding the true count, and what it means for bet sizing.\" \/>\n<meta property=\"og:url\" content=\"https:\/\/www.blackjackinfo.com\/de\/blackjack-schule\/lektion-07-geldmanagement-teil-1\/\" \/>\n<meta property=\"og:site_name\" content=\"BlackjackInfo.com\" \/>\n<meta property=\"article:modified_time\" content=\"2020-02-18T23:55:54+00:00\" \/>\n<meta name=\"twitter:label1\" content=\"Gesch\u00e4tzte Lesezeit\" \/>\n\t<meta name=\"twitter:data1\" content=\"7\u00a0Minuten\" \/>\n<script type=\"application\/ld+json\" class=\"yoast-schema-graph\">{\"@context\":\"https:\/\/schema.org\",\"@graph\":[{\"@type\":\"WebPage\",\"@id\":\"https:\/\/www.blackjackinfo.com\/blackjack-school\/lesson-07-money-management-part-1\/\",\"url\":\"https:\/\/www.blackjackinfo.com\/blackjack-school\/lesson-07-money-management-part-1\/\",\"name\":\"Blackjack School \u1408 Lesson 7 - Money Management - Part 1\",\"isPartOf\":{\"@id\":\"https:\/\/www.blackjackinfo.com\/#website\"},\"datePublished\":\"2014-10-20T01:00:00+00:00\",\"dateModified\":\"2020-02-18T23:55:54+00:00\",\"description\":\"Lesson 7 in the GameMaster's Free Blackjack School - Understanding the true count, and what it means for bet sizing.\",\"breadcrumb\":{\"@id\":\"https:\/\/www.blackjackinfo.com\/blackjack-school\/lesson-07-money-management-part-1\/#breadcrumb\"},\"inLanguage\":\"de\",\"potentialAction\":[{\"@type\":\"ReadAction\",\"target\":[\"https:\/\/www.blackjackinfo.com\/blackjack-school\/lesson-07-money-management-part-1\/\"]}]},{\"@type\":\"BreadcrumbList\",\"@id\":\"https:\/\/www.blackjackinfo.com\/blackjack-school\/lesson-07-money-management-part-1\/#breadcrumb\",\"itemListElement\":[{\"@type\":\"ListItem\",\"position\":1,\"name\":\"Home\",\"item\":\"https:\/\/www.blackjackinfo.com\/\"},{\"@type\":\"ListItem\",\"position\":2,\"name\":\"Blackjack School &#8211; A Free 24-Lesson Class on Card Counting\",\"item\":\"https:\/\/www.blackjackinfo.com\/blackjack-school\/\"},{\"@type\":\"ListItem\",\"position\":3,\"name\":\"Lesson 7 &#8211; Money Management &#8211; Part 1\"}]},{\"@type\":\"WebSite\",\"@id\":\"https:\/\/www.blackjackinfo.com\/#website\",\"url\":\"https:\/\/www.blackjackinfo.com\/\",\"name\":\"BlackjackInfo.com\",\"description\":\"Because Winning is More Fun!\",\"potentialAction\":[{\"@type\":\"SearchAction\",\"target\":{\"@type\":\"EntryPoint\",\"urlTemplate\":\"https:\/\/www.blackjackinfo.com\/?s={search_term_string}\"},\"query-input\":{\"@type\":\"PropertyValueSpecification\",\"valueRequired\":true,\"valueName\":\"search_term_string\"}}],\"inLanguage\":\"de\"}]}<\/script>\n<!-- \/ Yoast SEO plugin. -->","yoast_head_json":{"title":"Blackjack-Schule \u1408 Lektion 7 - Geldmanagement - Teil 1","description":"Lektion 7 der GameMaster's Free Blackjack School - Verstehen des True Count und was er f\u00fcr die Wettgr\u00f6\u00dfe bedeutet.","robots":{"index":"index","follow":"follow","max-snippet":"max-snippet:-1","max-image-preview":"max-image-preview:large","max-video-preview":"max-video-preview:-1"},"canonical":"https:\/\/www.blackjackinfo.com\/de\/blackjack-schule\/lektion-07-geldmanagement-teil-1\/","og_locale":"de_DE","og_type":"article","og_title":"Blackjack School \u1408 Lesson 7 - Money Management - Part 1","og_description":"Lesson 7 in the GameMaster's Free Blackjack School - Understanding the true count, and what it means for bet sizing.","og_url":"https:\/\/www.blackjackinfo.com\/de\/blackjack-schule\/lektion-07-geldmanagement-teil-1\/","og_site_name":"BlackjackInfo.com","article_modified_time":"2020-02-18T23:55:54+00:00","twitter_misc":{"Gesch\u00e4tzte Lesezeit":"7\u00a0Minuten"},"schema":{"@context":"https:\/\/schema.org","@graph":[{"@type":"WebPage","@id":"https:\/\/www.blackjackinfo.com\/blackjack-school\/lesson-07-money-management-part-1\/","url":"https:\/\/www.blackjackinfo.com\/blackjack-school\/lesson-07-money-management-part-1\/","name":"Blackjack-Schule \u1408 Lektion 7 - Geldmanagement - Teil 1","isPartOf":{"@id":"https:\/\/www.blackjackinfo.com\/#website"},"datePublished":"2014-10-20T01:00:00+00:00","dateModified":"2020-02-18T23:55:54+00:00","description":"Lektion 7 der GameMaster's Free Blackjack School - Verstehen des True Count und was er f\u00fcr die Wettgr\u00f6\u00dfe bedeutet.","breadcrumb":{"@id":"https:\/\/www.blackjackinfo.com\/blackjack-school\/lesson-07-money-management-part-1\/#breadcrumb"},"inLanguage":"de","potentialAction":[{"@type":"ReadAction","target":["https:\/\/www.blackjackinfo.com\/blackjack-school\/lesson-07-money-management-part-1\/"]}]},{"@type":"BreadcrumbList","@id":"https:\/\/www.blackjackinfo.com\/blackjack-school\/lesson-07-money-management-part-1\/#breadcrumb","itemListElement":[{"@type":"ListItem","position":1,"name":"Home","item":"https:\/\/www.blackjackinfo.com\/"},{"@type":"ListItem","position":2,"name":"Blackjack School &#8211; A Free 24-Lesson Class on Card Counting","item":"https:\/\/www.blackjackinfo.com\/blackjack-school\/"},{"@type":"ListItem","position":3,"name":"Lesson 7 &#8211; Money Management &#8211; Part 1"}]},{"@type":"WebSite","@id":"https:\/\/www.blackjackinfo.com\/#website","url":"https:\/\/www.blackjackinfo.com\/","name":"BlackjackInfo.de","description":"Denn Gewinnen macht mehr Spa\u00df!","potentialAction":[{"@type":"SearchAction","target":{"@type":"EntryPoint","urlTemplate":"https:\/\/www.blackjackinfo.com\/?s={search_term_string}"},"query-input":{"@type":"PropertyValueSpecification","valueRequired":true,"valueName":"search_term_string"}}],"inLanguage":"de"}]}},"_links":{"self":[{"href":"https:\/\/www.blackjackinfo.com\/de\/wp-json\/wp\/v2\/pages\/720","targetHints":{"allow":["GET"]}}],"collection":[{"href":"https:\/\/www.blackjackinfo.com\/de\/wp-json\/wp\/v2\/pages"}],"about":[{"href":"https:\/\/www.blackjackinfo.com\/de\/wp-json\/wp\/v2\/types\/page"}],"author":[{"embeddable":true,"href":"https:\/\/www.blackjackinfo.com\/de\/wp-json\/wp\/v2\/users\/2"}],"replies":[{"embeddable":true,"href":"https:\/\/www.blackjackinfo.com\/de\/wp-json\/wp\/v2\/comments?post=720"}],"version-history":[{"count":10,"href":"https:\/\/www.blackjackinfo.com\/de\/wp-json\/wp\/v2\/pages\/720\/revisions"}],"predecessor-version":[{"id":5457,"href":"https:\/\/www.blackjackinfo.com\/de\/wp-json\/wp\/v2\/pages\/720\/revisions\/5457"}],"up":[{"embeddable":true,"href":"https:\/\/www.blackjackinfo.com\/de\/wp-json\/wp\/v2\/pages\/634"}],"wp:attachment":[{"href":"https:\/\/www.blackjackinfo.com\/de\/wp-json\/wp\/v2\/media?parent=720"}],"wp:term":[{"taxonomy":"post_tag","embeddable":true,"href":"https:\/\/www.blackjackinfo.com\/de\/wp-json\/wp\/v2\/tags?post=720"}],"curies":[{"name":"wp","href":"https:\/\/api.w.org\/{rel}","templated":true}]}}