{"id":722,"date":"2014-10-19T20:05:26","date_gmt":"2014-10-20T01:05:26","guid":{"rendered":"http:\/\/test.blackjackinfo.com\/?page_id=722"},"modified":"2020-02-18T17:56:35","modified_gmt":"2020-02-18T23:56:35","slug":"lektion-08-geldmanagement-teil-2","status":"publish","type":"page","link":"https:\/\/www.blackjackinfo.com\/de\/blackjack-school\/lesson-08-money-management-part-2\/","title":{"rendered":"Lektion 8 - Geldmanagement - Teil 2"},"content":{"rendered":"<h3>Ein paar Worte zu Single Deck<\/h3>\n<p><b>In der vorigen Lektion habe ich Ihnen gezeigt, wie man den \"wahren Z\u00e4hlwert\" f\u00fcr ein Spiel mit mehreren Kartendecks ermittelt, aber ich m\u00f6chte betonen, dass das Konzept des wahren Z\u00e4hlwerts auch f\u00fcr Spiele mit nur einem Deck gilt.<\/b>  Die Umrechnung erfolgt etwas anders, aber das Ergebnis ist dasselbe: Sie erhalten eine standardisierte Z\u00e4hlung pro verbleibendem Deck.  Wenn Sie in einem Spiel mit nur einem Deck nur eine Karte sehen, zum Beispiel eine 5, haben Sie jetzt einen \"laufenden Z\u00e4hlwert\" von 1 und einen wahren Z\u00e4hlwert von 1.  Das liegt nat\u00fcrlich daran, dass zu Beginn nur ein Deck im Spiel ist und wir den wahren Z\u00e4hlwert ermitteln, indem wir den \"running count\" durch die Anzahl der verbleibenden Decks teilen.  Wenn nach dem Spielen mehrerer H\u00e4nde der Running Count 6 betr\u00e4gt und noch drei Viertel eines Decks \u00fcbrig sind, m\u00fcssen wir den Running Count durch 0,75 teilen, um den wahren Count zu ermitteln.  In diesem Fall ist der wahre Count 8. W\u00e4ren wir bei der H\u00e4lfte des Decks angelangt, w\u00e4re der wahre Count 6 geteilt durch 0,50 = 12.  Haben Sie das Konzept verstanden?  Bei einem Single-Deck-Spiel muss man durch Br\u00fcche dividieren, und das ist nicht einfach, also m\u00fcssen alle Single-Deck-Z\u00e4hler dies \u00fcben, damit sie beim Spielen richtig rechnen k\u00f6nnen.<br \/>\n<div class=\"row\" style=\"margin-bottom:20px\">\n    <div class=\"col-sm-12\">\n                <h2>Top US Online Casinos <span\n                class=\"flag-icon flag-icon-us\"><\/span><\/h2>\n\n        \n                \n        <div class=\"ranking-table text-center\">\n            <div class=\"row flex ad-row\">\n                <div class=\"col-sm-3\">\n                    <div class=\"row flex\">\n\n                        <div class=\"col-sm-3\">\n                            <div class=\"ranking-number text-center\">\n\n                                1                                \n                            <\/div>\n                        <\/div>\n                        <div class=\"col-sm-9\">\n                            <img decoding=\"async\" src=\"https:\/\/www.blackjackinfo.com\/files\/bovada.png\" data-no-auto-translation=\"\">\n                        <\/div>\n                    <\/div>\n                <\/div>\n                <div class=\"col-sm-4\">\n                    <div class=\"bonus-text text-center\"><span class=\"red\">100% bis zu $1.000<\/span><\/div>\n\t\t\t\t\t\n\n                <\/div>\n                <div class=\"col-sm-2\">\n                    <a class=\"btn btn-wire\" href=\"\/de\/casino\/bovada\/\">\u00dcberpr\u00fcfung<\/a>\n\n                <\/div>\n                <div class=\"col-sm-3\">\n                    <a rel=\"nofollow\" target=\"_blank\" class=\"btn btn-blue\" href=\"\/goto\/goto\/\">Spielen\n                        Jetzt<\/a>\n\t\t\t\t\t\t\n\n                <\/div>\n            <\/div>\n        <\/div>\n\n\n\n        \n                \n        <div class=\"ranking-table text-center\">\n            <div class=\"row flex ad-row\">\n                <div class=\"col-sm-3\">\n                    <div class=\"row flex\">\n\n                        <div class=\"col-sm-3\">\n                            <div class=\"ranking-number text-center\">\n\n                                2                                \n                            <\/div>\n                        <\/div>\n                        <div class=\"col-sm-9\">\n                            <img decoding=\"async\" src=\"https:\/\/www.blackjackinfo.com\/files\/ignition-casino-logo.png\" data-no-auto-translation=\"\">\n                        <\/div>\n                    <\/div>\n                <\/div>\n                <div class=\"col-sm-4\">\n                    <div class=\"bonus-text text-center\"><span class=\"red\">100% bis zu $1.000<\/span><\/div>\n\t\t\t\t\t\n\n                <\/div>\n                <div class=\"col-sm-2\">\n                    <a class=\"btn btn-wire\" href=\"\/de\/casino\/ignition-casino\/\">\u00dcberpr\u00fcfung<\/a>\n\n                <\/div>\n                <div class=\"col-sm-3\">\n                    <a rel=\"nofollow\" target=\"_blank\" class=\"btn btn-blue\" href=\"\/goto\/goto\/\">Spielen\n                        Jetzt<\/a>\n\t\t\t\t\t\t\n\n                <\/div>\n            <\/div>\n        <\/div>\n\n\n\n        \n                \n        <div class=\"ranking-table text-center\">\n            <div class=\"row flex ad-row\">\n                <div class=\"col-sm-3\">\n                    <div class=\"row flex\">\n\n                        <div class=\"col-sm-3\">\n                            <div class=\"ranking-number text-center\">\n\n                                3                                \n                            <\/div>\n                        <\/div>\n                        <div class=\"col-sm-9\">\n                            <img decoding=\"async\" src=\"https:\/\/www.blackjackinfo.com\/files\/VipSlots-500x250_dark.svg\" data-no-auto-translation=\"\">\n                        <\/div>\n                    <\/div>\n                <\/div>\n                <div class=\"col-sm-4\">\n                    <div class=\"bonus-text text-center\"><span class=\"red\">100 GRATIS SPINS bei Secret Life of Cats<\/span><\/div>\n\t\t\t\t\t\n\n                <\/div>\n                <div class=\"col-sm-2\">\n                    <a class=\"btn btn-wire\" href=\"\/de\/casino\/vipslots-casino\/\">\u00dcberpr\u00fcfung<\/a>\n\n                <\/div>\n                <div class=\"col-sm-3\">\n                    <a rel=\"nofollow\" target=\"_blank\" class=\"btn btn-blue\" href=\"\/goto\/goto\/\">Spielen\n                        Jetzt<\/a>\n\t\t\t\t\t\t\n\n                <\/div>\n            <\/div>\n        <\/div>\n\n\n\n        \n                \n        <div class=\"ranking-table text-center\">\n            <div class=\"row flex ad-row\">\n                <div class=\"col-sm-3\">\n                    <div class=\"row flex\">\n\n                        <div class=\"col-sm-3\">\n                            <div class=\"ranking-number text-center\">\n\n                                4                                \n                            <\/div>\n                        <\/div>\n                        <div class=\"col-sm-9\">\n                            <img decoding=\"async\" src=\"https:\/\/www.blackjackinfo.com\/files\/vegas_casino_online.png\" data-no-auto-translation=\"\">\n                        <\/div>\n                    <\/div>\n                <\/div>\n                <div class=\"col-sm-4\">\n                    <div class=\"bonus-text text-center\"><span class=\"red\">300% bis zu $3.000<\/span><\/div>\n\t\t\t\t\t\n\n                <\/div>\n                <div class=\"col-sm-2\">\n                    <a class=\"btn btn-wire\" href=\"\/de\/casino\/vegas-casino-online-2\/\">\u00dcberpr\u00fcfung<\/a>\n\n                <\/div>\n                <div class=\"col-sm-3\">\n                    <a rel=\"nofollow\" target=\"_blank\" class=\"btn btn-blue\" href=\"\/goto\/goto\/\">Spielen\n                        Jetzt<\/a>\n\t\t\t\t\t\t\n\n                <\/div>\n            <\/div>\n        <\/div>\n\n\n\n        \n                \n        <div class=\"ranking-table text-center\">\n            <div class=\"row flex ad-row\">\n                <div class=\"col-sm-3\">\n                    <div class=\"row flex\">\n\n                        <div class=\"col-sm-3\">\n                            <div class=\"ranking-number text-center\">\n\n                                5                                \n                            <\/div>\n                        <\/div>\n                        <div class=\"col-sm-9\">\n                            <img decoding=\"async\" src=\"https:\/\/www.blackjackinfo.com\/files\/cafe-casino-logo.svg\" data-no-auto-translation=\"\">\n                        <\/div>\n                    <\/div>\n                <\/div>\n                <div class=\"col-sm-4\">\n                    <div class=\"bonus-text text-center\"><span class=\"red\">250% bis zu $1.500<\/span><\/div>\n\t\t\t\t\t\n\n                <\/div>\n                <div class=\"col-sm-2\">\n                    <a class=\"btn btn-wire\" href=\"\/de\/casino\/cafe-casino\/\">\u00dcberpr\u00fcfung<\/a>\n\n                <\/div>\n                <div class=\"col-sm-3\">\n                    <a rel=\"nofollow\" target=\"_blank\" class=\"btn btn-blue\" href=\"\/goto\/goto\/\">Spielen\n                        Jetzt<\/a>\n\t\t\t\t\t\t\n\n                <\/div>\n            <\/div>\n        <\/div>\n\n\n\n            <\/div>\n<\/div><\/p>\n<h3>Wetten mit der wahren Zahl<\/h3>\n<p><b>F\u00fcr jede Erh\u00f6hung des wahren Wertes um 1, wie er durch die Hi\/Lo-Z\u00e4hlmethode ermittelt wird, erh\u00f6ht sich der Vorteil des Spielers bei einem durchschnittlichen Blackjack-Spiel um etwa 0,5%. <\/b> Wenn das Casino einen Vorteil von 0,40% gegen\u00fcber dem Spieler mit Basisstrategie hat (6 Decks, Verdopplung bei den ersten beiden Karten, Verdopplung nach dem Teilen von Paaren, Dealer bleibt bei A-6 stehen), ist ein True Count von nur etwa 1 erforderlich, um mit dem Haus \"quitt\" zu sein.  Gleichstand bedeutet, dass der Spieler, der die richtige Grundstrategie anwendet, bei einem True Count von 1 auf lange Sicht genauso viel gewinnt wie er verliert.  Bei einem True Count von 2 hat der Z\u00e4hler einen Vorteil von 0,5% gegen\u00fcber dem Haus; bei einem True Count von 3 hat der Spieler einen Vorteil von 1% und so weiter.<\/p>\n<p><b>Es ist der Vorteil, den ein Spieler bei der bevorstehenden Hand hat, der seinen Einsatz bestimmt.<\/b>  Counters setzen nur einen kleinen Teil ihres Kapitals auf ein bestimmtes Blatt, denn obwohl sie langfristig gewinnen werden, k\u00f6nnen sie jedes Blatt verlieren.  Indem sie einen Betrag setzen, der im Verh\u00e4ltnis zu ihrem Vorteil steht (das sogenannte \"Kelly-Kriterium\"), maximieren sie ihr Potenzial und minimieren gleichzeitig das Risiko.  Viele Leute interpretieren das Kelly-Kriterium falsch, indem sie davon ausgehen, dass die H\u00f6he des Einsatzes in direktem Verh\u00e4ltnis zum Vorteil steht.  Sie denken, wenn man einen Vorteil von 1% hat, sollte man 1% seiner \"Bankroll\" setzen, und das ist falsch.  Was sie dabei vergessen, ist das Verdoppeln und Paarsplitten, das im Laufe eines Spiels vorkommt und das das Risiko oder die \"Varianz\" einer Hand erh\u00f6ht.  Bei einem Spiel mit Regeln wie den oben genannten liegt der optimale Einsatz bei 76% des Spielervorteils.  Hier finden Sie eine Tabelle mit den optimalen Eins\u00e4tzen, die f\u00fcr die meisten Multi-Deck-Spiele geeignet ist:<\/p>\n<div class=\"col-sm-6 col-center\">\n<table class=\"data-table text-center\">\n<tbody>\n<tr>\n<td><b>Wahre Zahl<\/b><\/td>\n<td><b>Vorteil<\/b><\/td>\n<td><b>% Optimaler Einsatz<\/b><\/td>\n<\/tr>\n<tr>\n<td>-1 oder niedriger<\/td>\n<td>-1,00% oder mehr<\/td>\n<td>0%<\/td>\n<\/tr>\n<tr>\n<td>0<\/td>\n<td>-0.50%<\/td>\n<td>0%<\/td>\n<\/tr>\n<tr>\n<td>1<\/td>\n<td>0%<\/td>\n<td>0%<\/td>\n<\/tr>\n<tr>\n<td>2<\/td>\n<td>0.5%x76%<\/td>\n<td>.38%<\/td>\n<\/tr>\n<tr>\n<td>3<\/td>\n<td>1.0%x76%<\/td>\n<td>.76%<\/td>\n<\/tr>\n<tr>\n<td>4<\/td>\n<td>1.5%x76%<\/td>\n<td>1.14%<\/td>\n<\/tr>\n<tr>\n<td>5<\/td>\n<td>2.0%x76%<\/td>\n<td>1.52%<\/td>\n<\/tr>\n<tr>\n<td>6<\/td>\n<td>2.5%x76%<\/td>\n<td>1.90%<\/td>\n<\/tr>\n<tr>\n<td>7<\/td>\n<td>3.0%x76%<\/td>\n<td>2.28%<\/td>\n<\/tr>\n<\/tbody>\n<\/table>\n<\/div>\n<p>Anhand dieser Tabelle k\u00f6nnen Sie den optimalen Einsatz f\u00fcr jede Bankroll ermitteln; multiplizieren Sie einfach die Zahl in der letzten Spalte mit dem Betrag der Bankroll.  Bei einer Bankroll von $3000 ist der optimale Einsatz f\u00fcr einen True Count von 2 also 0,0038 x $3000 = $11,40.<\/p>\n<h3>Einige praktische \u00dcberlegungen<\/h3>\n<p><b>Erstens ist es nicht praktikabel, in Einheiten von weniger als $1 zu wetten, so dass ein Wettplan abgerundet werden muss.  Zweitens ist es sinnvoller, in Einheiten von $5 zu wetten, damit Sie wie ein durchschnittlicher Spieler aussehen und weniger Berechnungen anstellen m\u00fcssen.<\/b>  Au\u00dferdem ist es nicht m\u00f6glich, den optimalen Einsatz neu zu bestimmen, w\u00e4hrend man am Tisch sitzt, obwohl man ihn neu berechnen sollte, wenn die Bankroll nach oben oder unten schwankt.  Und schlie\u00dflich ist es einfach nicht m\u00f6glich, nur an Schuhen zu spielen, bei denen die tats\u00e4chliche Anzahl 2 oder h\u00f6her ist; Sie m\u00fcssen manchmal Eins\u00e4tze t\u00e4tigen, wenn das Haus einen Vorteil hat.  All diese Rundungen und das Spielen mit negativen Kartendecks schm\u00e4lern Ihre Gewinnquote, aber wenn Sie die Bedingungen kennen, die Sie Geld kosten k\u00f6nnen, k\u00f6nnen Sie Ma\u00dfnahmen ergreifen, um ihre Auswirkungen auf Ihre Gewinne zu minimieren.<\/p>\n<h3>Der Wettaufschlag<\/h3>\n<p><b>Ein Spiel mit nur einem Deck und anst\u00e4ndigen Regeln, bei dem sechsunddrei\u00dfig oder mehr Karten verwendet werden, bevor sie gemischt werden, kann durch eine Verteilung von 1 zu 4 geschlagen werden.<\/b>  Ein Spiel mit zwei Decks, bei dem siebzig oder mehr Karten vor dem Mischen verwendet werden, kann in der Regel mit einem Spread von 1 bis 6 geschlagen werden.  Bei einem Spiel mit vier oder mehr Kartendecks ist ein Spread von 1 bis 12 erforderlich, um einen Vorteil zu erzielen.  Wir werden die Bewertung von Spielen in einer sp\u00e4teren Lektion besprechen, aber ich wollte die Grundlage f\u00fcr Ihr Geldmanagement legen, indem ich Ihnen eine Vorstellung davon gebe, was n\u00f6tig ist, um Blackjack gewinnbringend zu spielen.  Der Spread wird in Setzeinheiten ausgedr\u00fcckt. Wenn Sie also mit $5-Chips spielen, w\u00fcrden Sie bei einem Spiel mit sechs Kartendecks einen Spread von $5 bis $60 erzielen.  Da ein Z\u00e4hler eine Bankroll haben sollte, die aus mindestens 50 Top-Eins\u00e4tzen besteht, erfordert ein solcher Spread eine Bankroll von $3000.<\/p>\n<p>Bei einer Bankroll von $3000 k\u00f6nnte ein Wettplan wie folgt aussehen:<\/p>\n<div class=\"col-sm-6 col-center\">\n<table class=\"data-table text-center\">\n<tbody>\n<tr>\n<td><b>Wahre Zahl <\/b><\/td>\n<td><b>Wette des Spielers<\/b><\/td>\n<td><b>Optimale Wette<\/b><\/td>\n<\/tr>\n<tr>\n<td>0 oder niedriger<\/td>\n<td>$5<\/td>\n<td>$0<\/td>\n<\/tr>\n<tr>\n<td>1<\/td>\n<td>$5<\/td>\n<td>$0<\/td>\n<\/tr>\n<tr>\n<td>2<\/td>\n<td>$10<\/td>\n<td>$11.20<\/td>\n<\/tr>\n<tr>\n<td>3<\/td>\n<td>$20<\/td>\n<td>$22.80<\/td>\n<\/tr>\n<tr>\n<td>4<\/td>\n<td>$40<\/td>\n<td>$34.20<\/td>\n<\/tr>\n<tr>\n<td>5<\/td>\n<td>$50<\/td>\n<td>$45.60<\/td>\n<\/tr>\n<tr>\n<td>6<\/td>\n<td>$60<\/td>\n<td>$57.00<\/td>\n<\/tr>\n<\/tbody>\n<\/table>\n<\/div>\n<p>Ein solcher Wettplan erm\u00f6glicht es Ihnen, Ihre Wetten zu \"parlayen\", wenn der Z\u00e4hlerstand ansteigt, so dass Sie eher wie ein \"Spieler\" aussehen.<\/p>\n<p><b>SIE WERDEN EINE MENGE GELD SPAREN UND PROFITABLERE SITUATIONEN FINDEN, WENN SIE EINEN TISCH VERLASSEN, WENN DER Z\u00c4HLER AUF EINEN ECHTEN WERT VON - 1 GESUNKEN IST.  VERLASSEN SIE DEN TISCH NUR, WENN SIE EINE HAND VERLOREN HABEN; KEIN SPIELER W\u00dcRDE EINEN TISCH NACH EINEM GEWINN VERLASSEN.<br \/>\n<\/b><\/p>\n<p>Und, habe ich Ihr Gehirn zum Rotieren gebracht?  Wenn ja, dann bleiben Sie dran, denn in den n\u00e4chsten Wochen werde ich das alles in ein sch\u00f6nes, leicht verst\u00e4ndliches Paket verpacken.  Wie immer gilt: Mach deine Hausaufgaben, dann bist du weg.<\/p>\n<h3>Hausaufgaben<\/h3>\n<p>Keine.  Wie w\u00e4re es mit einer Pause?<\/p>","protected":false},"excerpt":{"rendered":"<p>A Few Words on Single Deck In the previous lesson, I taught you how to figure the &#8220;true count&#8221; for a multi-deck game, but I want to emphasize that the concept of true count also applies to single-deck games as well. The conversion is done a bit differently, but the result is the same; you [&hellip;]<\/p>\n","protected":false},"author":2,"featured_media":0,"parent":634,"menu_order":0,"comment_status":"open","ping_status":"open","template":"page-blackjack-school.php","meta":{"_acf_changed":false,"footnotes":""},"tags":[],"class_list":["post-722","page","type-page","status-publish","hentry"],"acf":[],"yoast_head":"<!-- This site is optimized with the Yoast SEO plugin v26.6 - https:\/\/yoast.com\/wordpress\/plugins\/seo\/ -->\n<title>Blackjack School \u1408 Lesson 8 - Money Management - Part 2<\/title>\n<meta name=\"description\" content=\"Lesson 8 in the GameMaster&#039;s Free Blackjack School - Betting with the true count.\" \/>\n<meta name=\"robots\" content=\"index, follow, max-snippet:-1, max-image-preview:large, max-video-preview:-1\" \/>\n<link rel=\"canonical\" href=\"https:\/\/www.blackjackinfo.com\/de\/blackjack-schule\/lektion-08-geldmanagement-teil-2\/\" \/>\n<meta property=\"og:locale\" content=\"de_DE\" \/>\n<meta property=\"og:type\" content=\"article\" \/>\n<meta property=\"og:title\" content=\"Blackjack School \u1408 Lesson 8 - Money Management - Part 2\" \/>\n<meta property=\"og:description\" content=\"Lesson 8 in the GameMaster&#039;s Free Blackjack School - Betting with the true count.\" \/>\n<meta property=\"og:url\" content=\"https:\/\/www.blackjackinfo.com\/de\/blackjack-schule\/lektion-08-geldmanagement-teil-2\/\" \/>\n<meta property=\"og:site_name\" content=\"BlackjackInfo.com\" \/>\n<meta property=\"article:modified_time\" content=\"2020-02-18T23:56:35+00:00\" \/>\n<meta name=\"twitter:label1\" content=\"Gesch\u00e4tzte Lesezeit\" \/>\n\t<meta name=\"twitter:data1\" content=\"5\u00a0Minuten\" \/>\n<script type=\"application\/ld+json\" class=\"yoast-schema-graph\">{\"@context\":\"https:\/\/schema.org\",\"@graph\":[{\"@type\":\"WebPage\",\"@id\":\"https:\/\/www.blackjackinfo.com\/blackjack-school\/lesson-08-money-management-part-2\/\",\"url\":\"https:\/\/www.blackjackinfo.com\/blackjack-school\/lesson-08-money-management-part-2\/\",\"name\":\"Blackjack School \u1408 Lesson 8 - Money Management - Part 2\",\"isPartOf\":{\"@id\":\"https:\/\/www.blackjackinfo.com\/#website\"},\"datePublished\":\"2014-10-20T01:05:26+00:00\",\"dateModified\":\"2020-02-18T23:56:35+00:00\",\"description\":\"Lesson 8 in the GameMaster's Free Blackjack School - Betting with the true count.\",\"breadcrumb\":{\"@id\":\"https:\/\/www.blackjackinfo.com\/blackjack-school\/lesson-08-money-management-part-2\/#breadcrumb\"},\"inLanguage\":\"de\",\"potentialAction\":[{\"@type\":\"ReadAction\",\"target\":[\"https:\/\/www.blackjackinfo.com\/blackjack-school\/lesson-08-money-management-part-2\/\"]}]},{\"@type\":\"BreadcrumbList\",\"@id\":\"https:\/\/www.blackjackinfo.com\/blackjack-school\/lesson-08-money-management-part-2\/#breadcrumb\",\"itemListElement\":[{\"@type\":\"ListItem\",\"position\":1,\"name\":\"Home\",\"item\":\"https:\/\/www.blackjackinfo.com\/\"},{\"@type\":\"ListItem\",\"position\":2,\"name\":\"Blackjack School &#8211; A Free 24-Lesson Class on Card Counting\",\"item\":\"https:\/\/www.blackjackinfo.com\/blackjack-school\/\"},{\"@type\":\"ListItem\",\"position\":3,\"name\":\"Lesson 8 &#8211; Money Management &#8211; Part 2\"}]},{\"@type\":\"WebSite\",\"@id\":\"https:\/\/www.blackjackinfo.com\/#website\",\"url\":\"https:\/\/www.blackjackinfo.com\/\",\"name\":\"BlackjackInfo.com\",\"description\":\"Because Winning is More Fun!\",\"potentialAction\":[{\"@type\":\"SearchAction\",\"target\":{\"@type\":\"EntryPoint\",\"urlTemplate\":\"https:\/\/www.blackjackinfo.com\/?s={search_term_string}\"},\"query-input\":{\"@type\":\"PropertyValueSpecification\",\"valueRequired\":true,\"valueName\":\"search_term_string\"}}],\"inLanguage\":\"de\"}]}<\/script>\n<!-- \/ Yoast SEO plugin. -->","yoast_head_json":{"title":"Blackjack School \u1408 Lektion 8 - Geldmanagement - Teil 2","description":"Lektion 8 der GameMaster's Free Blackjack School - Wetten mit der wahren Anzahl.","robots":{"index":"index","follow":"follow","max-snippet":"max-snippet:-1","max-image-preview":"max-image-preview:large","max-video-preview":"max-video-preview:-1"},"canonical":"https:\/\/www.blackjackinfo.com\/de\/blackjack-schule\/lektion-08-geldmanagement-teil-2\/","og_locale":"de_DE","og_type":"article","og_title":"Blackjack School \u1408 Lesson 8 - Money Management - Part 2","og_description":"Lesson 8 in the GameMaster's Free Blackjack School - Betting with the true count.","og_url":"https:\/\/www.blackjackinfo.com\/de\/blackjack-schule\/lektion-08-geldmanagement-teil-2\/","og_site_name":"BlackjackInfo.com","article_modified_time":"2020-02-18T23:56:35+00:00","twitter_misc":{"Gesch\u00e4tzte Lesezeit":"5\u00a0Minuten"},"schema":{"@context":"https:\/\/schema.org","@graph":[{"@type":"WebPage","@id":"https:\/\/www.blackjackinfo.com\/blackjack-school\/lesson-08-money-management-part-2\/","url":"https:\/\/www.blackjackinfo.com\/blackjack-school\/lesson-08-money-management-part-2\/","name":"Blackjack School \u1408 Lektion 8 - Geldmanagement - Teil 2","isPartOf":{"@id":"https:\/\/www.blackjackinfo.com\/#website"},"datePublished":"2014-10-20T01:05:26+00:00","dateModified":"2020-02-18T23:56:35+00:00","description":"Lektion 8 der GameMaster's Free Blackjack School - Wetten mit der wahren Anzahl.","breadcrumb":{"@id":"https:\/\/www.blackjackinfo.com\/blackjack-school\/lesson-08-money-management-part-2\/#breadcrumb"},"inLanguage":"de","potentialAction":[{"@type":"ReadAction","target":["https:\/\/www.blackjackinfo.com\/blackjack-school\/lesson-08-money-management-part-2\/"]}]},{"@type":"BreadcrumbList","@id":"https:\/\/www.blackjackinfo.com\/blackjack-school\/lesson-08-money-management-part-2\/#breadcrumb","itemListElement":[{"@type":"ListItem","position":1,"name":"Home","item":"https:\/\/www.blackjackinfo.com\/"},{"@type":"ListItem","position":2,"name":"Blackjack School &#8211; A Free 24-Lesson Class on Card Counting","item":"https:\/\/www.blackjackinfo.com\/blackjack-school\/"},{"@type":"ListItem","position":3,"name":"Lesson 8 &#8211; Money Management &#8211; Part 2"}]},{"@type":"WebSite","@id":"https:\/\/www.blackjackinfo.com\/#website","url":"https:\/\/www.blackjackinfo.com\/","name":"BlackjackInfo.de","description":"Denn Gewinnen macht mehr Spa\u00df!","potentialAction":[{"@type":"SearchAction","target":{"@type":"EntryPoint","urlTemplate":"https:\/\/www.blackjackinfo.com\/?s={search_term_string}"},"query-input":{"@type":"PropertyValueSpecification","valueRequired":true,"valueName":"search_term_string"}}],"inLanguage":"de"}]}},"_links":{"self":[{"href":"https:\/\/www.blackjackinfo.com\/de\/wp-json\/wp\/v2\/pages\/722","targetHints":{"allow":["GET"]}}],"collection":[{"href":"https:\/\/www.blackjackinfo.com\/de\/wp-json\/wp\/v2\/pages"}],"about":[{"href":"https:\/\/www.blackjackinfo.com\/de\/wp-json\/wp\/v2\/types\/page"}],"author":[{"embeddable":true,"href":"https:\/\/www.blackjackinfo.com\/de\/wp-json\/wp\/v2\/users\/2"}],"replies":[{"embeddable":true,"href":"https:\/\/www.blackjackinfo.com\/de\/wp-json\/wp\/v2\/comments?post=722"}],"version-history":[{"count":5,"href":"https:\/\/www.blackjackinfo.com\/de\/wp-json\/wp\/v2\/pages\/722\/revisions"}],"predecessor-version":[{"id":5458,"href":"https:\/\/www.blackjackinfo.com\/de\/wp-json\/wp\/v2\/pages\/722\/revisions\/5458"}],"up":[{"embeddable":true,"href":"https:\/\/www.blackjackinfo.com\/de\/wp-json\/wp\/v2\/pages\/634"}],"wp:attachment":[{"href":"https:\/\/www.blackjackinfo.com\/de\/wp-json\/wp\/v2\/media?parent=722"}],"wp:term":[{"taxonomy":"post_tag","embeddable":true,"href":"https:\/\/www.blackjackinfo.com\/de\/wp-json\/wp\/v2\/tags?post=722"}],"curies":[{"name":"wp","href":"https:\/\/api.w.org\/{rel}","templated":true}]}}