{"id":724,"date":"2014-10-19T20:18:29","date_gmt":"2014-10-20T01:18:29","guid":{"rendered":"http:\/\/test.blackjackinfo.com\/?page_id=724"},"modified":"2020-02-18T17:56:51","modified_gmt":"2020-02-18T23:56:51","slug":"lektion-09-geldmanagement-teil-3","status":"publish","type":"page","link":"https:\/\/www.blackjackinfo.com\/de\/blackjack-school\/lesson-09-money-management-part-3\/","title":{"rendered":"Lektion 9 - Geldmanagement - Teil 3"},"content":{"rendered":"<h3>Erwartungswert und Standardabweichung<\/h3>\n<p class=\"intro\">\nWenn man 100 Mal eine M\u00fcnze wirft, ist die<b> Erwartung<\/b> ist es, 50 Kopf und 50 Zahl zu erhalten.      Die Realit\u00e4t kann aber durchaus anders aussehen; das Ma\u00df f\u00fcr diese Realit\u00e4t hei\u00dft \"Standardabweichung\".<\/p>\n<p><b>Die Standardabweichung ist ein mathematischer Begriff, der zur Vorhersage des Ergebnisses einer Situation verwendet wird.<\/b>  Bei unserem M\u00fcnzwurf erwarten wir 50 Mal Kopf und 50 Mal Zahl, aber in zwei Dritteln der F\u00e4lle liegt das tats\u00e4chliche Ergebnis irgendwo zwischen 45 und 55.  Das hei\u00dft, ein Ergebnis von 55 Kopf und 45 Zahl oder irgendetwas dazwischen ist nicht ungew\u00f6hnlich; es wird 68,3% der Zeit passieren.  Diese Messung bezieht sich auf eine Standardabweichung von der Erwartung, und wenn wir Hunderte von \"Versuchen\" mit 100 Umdrehungen durchf\u00fchren w\u00fcrden, k\u00f6nnten wir unsere Ergebnisse auf einer Glockenkurve darstellen, und die \u00fcberwiegende Mehrheit der Ergebnisse w\u00fcrde zwischen 55 und 45 liegen, so oder so.  Ungew\u00f6hnlich w\u00e4re es, wenn es viele Versuche g\u00e4be, bei denen das Ergebnis tats\u00e4chlich 50:50 w\u00e4re!  Haben Sie dieses Konzept im Kopf? Gut!  Sie m\u00fcssen es verstehen, um die mentalen Turbulenzen zu \u00fcberstehen, die durch die in diesem Spiel unvermeidlichen Verluste verursacht werden.<\/p>\n<p><b>Nichts hat die Z\u00e4hler mehr dazu veranlasst, Blackjack aufzugeben, als das mangelnde Verst\u00e4ndnis der normalen, allt\u00e4glichen Standardabweichung.<\/b>  Z\u00e4hler, die hart trainiert haben, erwarten unrealistischerweise, dass sie jedes Mal gewinnen, wenn sie spielen, und wenn sie mehrere Verlustsessions haben, vergessen sie, was sie gelernt haben.  Das n\u00e4chste, was man wei\u00df, ist, dass sie ihre Bankroll \u00fcberm\u00e4\u00dfig einsetzen und ihre H\u00e4nde nicht richtig spielen, und wenn sie aus dem Schlaf erwachen, ist ihr Geld weg.<br \/>\n<div class=\"row\" style=\"margin-bottom:20px\">\n    <div class=\"col-sm-12\">\n                <h2>Top US Online Casinos <span\n                class=\"flag-icon flag-icon-us\"><\/span><\/h2>\n\n        \n                \n        <div class=\"ranking-table text-center\">\n            <div class=\"row flex ad-row\">\n                <div class=\"col-sm-3\">\n                    <div class=\"row flex\">\n\n                        <div class=\"col-sm-3\">\n                            <div class=\"ranking-number text-center\">\n\n                                1                                \n                            <\/div>\n                        <\/div>\n                        <div class=\"col-sm-9\">\n                            <img decoding=\"async\" src=\"https:\/\/www.blackjackinfo.com\/files\/bovada.png\" data-no-auto-translation=\"\">\n                        <\/div>\n                    <\/div>\n                <\/div>\n                <div class=\"col-sm-4\">\n                    <div class=\"bonus-text text-center\"><span class=\"red\">100% bis zu $1.000<\/span><\/div>\n\t\t\t\t\t\n\n                <\/div>\n                <div class=\"col-sm-2\">\n                    <a class=\"btn btn-wire\" href=\"\/de\/casino\/bovada\/\">\u00dcberpr\u00fcfung<\/a>\n\n                <\/div>\n                <div class=\"col-sm-3\">\n                    <a rel=\"nofollow\" target=\"_blank\" class=\"btn btn-blue\" href=\"\/goto\/goto\/\">Spielen\n                        Jetzt<\/a>\n\t\t\t\t\t\t\n\n                <\/div>\n            <\/div>\n        <\/div>\n\n\n\n        \n                \n        <div class=\"ranking-table text-center\">\n            <div class=\"row flex ad-row\">\n                <div class=\"col-sm-3\">\n                    <div class=\"row flex\">\n\n                        <div class=\"col-sm-3\">\n                            <div class=\"ranking-number text-center\">\n\n                                2                                \n                            <\/div>\n                        <\/div>\n                        <div class=\"col-sm-9\">\n                            <img decoding=\"async\" src=\"https:\/\/www.blackjackinfo.com\/files\/ignition-casino-logo.png\" data-no-auto-translation=\"\">\n                        <\/div>\n                    <\/div>\n                <\/div>\n                <div class=\"col-sm-4\">\n                    <div class=\"bonus-text text-center\"><span class=\"red\">100% bis zu $1.000<\/span><\/div>\n\t\t\t\t\t\n\n                <\/div>\n                <div class=\"col-sm-2\">\n                    <a class=\"btn btn-wire\" href=\"\/de\/casino\/ignition-casino\/\">\u00dcberpr\u00fcfung<\/a>\n\n                <\/div>\n                <div class=\"col-sm-3\">\n                    <a rel=\"nofollow\" target=\"_blank\" class=\"btn btn-blue\" href=\"\/goto\/goto\/\">Spielen\n                        Jetzt<\/a>\n\t\t\t\t\t\t\n\n                <\/div>\n            <\/div>\n        <\/div>\n\n\n\n        \n                \n        <div class=\"ranking-table text-center\">\n            <div class=\"row flex ad-row\">\n                <div class=\"col-sm-3\">\n                    <div class=\"row flex\">\n\n                        <div class=\"col-sm-3\">\n                            <div class=\"ranking-number text-center\">\n\n                                3                                \n                            <\/div>\n                        <\/div>\n                        <div class=\"col-sm-9\">\n                            <img decoding=\"async\" src=\"https:\/\/www.blackjackinfo.com\/files\/VipSlots-500x250_dark.svg\" data-no-auto-translation=\"\">\n                        <\/div>\n                    <\/div>\n                <\/div>\n                <div class=\"col-sm-4\">\n                    <div class=\"bonus-text text-center\"><span class=\"red\">100 GRATIS SPINS bei Secret Life of Cats<\/span><\/div>\n\t\t\t\t\t\n\n                <\/div>\n                <div class=\"col-sm-2\">\n                    <a class=\"btn btn-wire\" href=\"\/de\/casino\/vipslots-casino\/\">\u00dcberpr\u00fcfung<\/a>\n\n                <\/div>\n                <div class=\"col-sm-3\">\n                    <a rel=\"nofollow\" target=\"_blank\" class=\"btn btn-blue\" href=\"\/goto\/goto\/\">Spielen\n                        Jetzt<\/a>\n\t\t\t\t\t\t\n\n                <\/div>\n            <\/div>\n        <\/div>\n\n\n\n        \n                \n        <div class=\"ranking-table text-center\">\n            <div class=\"row flex ad-row\">\n                <div class=\"col-sm-3\">\n                    <div class=\"row flex\">\n\n                        <div class=\"col-sm-3\">\n                            <div class=\"ranking-number text-center\">\n\n                                4                                \n                            <\/div>\n                        <\/div>\n                        <div class=\"col-sm-9\">\n                            <img decoding=\"async\" src=\"https:\/\/www.blackjackinfo.com\/files\/vegas_casino_online.png\" data-no-auto-translation=\"\">\n                        <\/div>\n                    <\/div>\n                <\/div>\n                <div class=\"col-sm-4\">\n                    <div class=\"bonus-text text-center\"><span class=\"red\">300% bis zu $3.000<\/span><\/div>\n\t\t\t\t\t\n\n                <\/div>\n                <div class=\"col-sm-2\">\n                    <a class=\"btn btn-wire\" href=\"\/de\/casino\/vegas-casino-online-2\/\">\u00dcberpr\u00fcfung<\/a>\n\n                <\/div>\n                <div class=\"col-sm-3\">\n                    <a rel=\"nofollow\" target=\"_blank\" class=\"btn btn-blue\" href=\"\/goto\/goto\/\">Spielen\n                        Jetzt<\/a>\n\t\t\t\t\t\t\n\n                <\/div>\n            <\/div>\n        <\/div>\n\n\n\n        \n                \n        <div class=\"ranking-table text-center\">\n            <div class=\"row flex ad-row\">\n                <div class=\"col-sm-3\">\n                    <div class=\"row flex\">\n\n                        <div class=\"col-sm-3\">\n                            <div class=\"ranking-number text-center\">\n\n                                5                                \n                            <\/div>\n                        <\/div>\n                        <div class=\"col-sm-9\">\n                            <img decoding=\"async\" src=\"https:\/\/www.blackjackinfo.com\/files\/cafe-casino-logo.svg\" data-no-auto-translation=\"\">\n                        <\/div>\n                    <\/div>\n                <\/div>\n                <div class=\"col-sm-4\">\n                    <div class=\"bonus-text text-center\"><span class=\"red\">250% bis zu $1.500<\/span><\/div>\n\t\t\t\t\t\n\n                <\/div>\n                <div class=\"col-sm-2\">\n                    <a class=\"btn btn-wire\" href=\"\/de\/casino\/cafe-casino\/\">\u00dcberpr\u00fcfung<\/a>\n\n                <\/div>\n                <div class=\"col-sm-3\">\n                    <a rel=\"nofollow\" target=\"_blank\" class=\"btn btn-blue\" href=\"\/goto\/goto\/\">Spielen\n                        Jetzt<\/a>\n\t\t\t\t\t\t\n\n                <\/div>\n            <\/div>\n        <\/div>\n\n\n\n            <\/div>\n<\/div><\/p>\n<h3>GEDULD UND GESCHICKLICHKEIT GEWINNEN - AHNUNGEN UND W\u00dcNSCHE WERDEN NICHT GEWINNEN.  BETEN FUNKTIONIERT BEIM BLACKJACK NICHT.<\/h3>\n<p><b>Was k\u00f6nnen Sie also erwarten - was ist das Schlimmste, was passieren kann? <\/b> Nun, Sie k\u00f6nnen Ihr ganzes Geld verlieren, aber wenn Sie eine Bankroll von mindestens 50 \"Top\"-Eins\u00e4tzen einrichten, immer die richtige Grundstrategie spielen und nicht zu viel setzen, haben Sie gute Chancen, beim Blackjack einige $$$ zu machen - wenn das Spiel in Ihrem \u00f6rtlichen Casino ein Spiel ist, das geschlagen werden kann.  Habe ich jemals gesagt, dass es einfach ist?<\/p>\n<p><b>Die nachstehende Tabelle veranschaulicht die m\u00f6glichen Ergebnisse, die sich aus verschiedenen Spielstunden bei einem ziemlich typischen Spiel ergeben.<\/b>  Zusammen mit der Erwartung werden die m\u00f6glichen Dollar-Ergebnisse bei einer Standardabweichung (68,3% der Zeit) und zwei Standardabweichungen, die 95% der Zeit abdecken, dargestellt.  Drei Standardabweichungen decken ab, was in 99,7% der F\u00e4lle eintreten wird.<\/p>\n<hr>\n<p class=\"text-center\">\n<b>Erwarteter Gewinn \/ Standardabweichung<\/b><br \/>\nAnnahmen: $12 durchschnittlicher Einsatz, 50 H\u00e4nde pro Stunde,<br \/>\n1,25% durchschnittlicher Vorteil.<\/p>\n<div class=\"col-sm-6 col-center\">\n<table class=\"data-table text-center\">\n<tbody>\n<tr>\n<th><\/th>\n<th><\/th>\n<th colspan=\"2\" align=\"center\">Ergebnisse<\/th>\n<\/tr>\n<tr>\n<th>Zeit<\/th>\n<th>Erwarteter Sieg<\/th>\n<th>68,3% der Zeit<\/th>\n<th>95% der Zeit<\/th>\n<\/tr>\n<tr>\n<td>3 Stunden<\/td>\n<td>$22.50<\/td>\n<td>+$191 bis -$147<\/td>\n<td>+$360 bis -$316<\/td>\n<\/tr>\n<tr>\n<td>12 Stunden<\/td>\n<td>$90.00<\/td>\n<td>+$428 bis -$248<\/td>\n<td>+$766 bis -$586<\/td>\n<\/tr>\n<tr>\n<td>48 Stunden<\/td>\n<td>$360.00<\/td>\n<td>+$1,036 bis -$316<\/td>\n<td>+$1,710 bis -$992<\/td>\n<\/tr>\n<tr>\n<td>90 Stunden<\/td>\n<td>$675.00<\/td>\n<td>+$1,600 bis -$250<\/td>\n<td>+$2,525 bis -$1,175<\/td>\n<\/tr>\n<\/tbody>\n<\/table>\n<\/div>\n<hr>\n<p><b>Lassen Sie uns ein wenig dar\u00fcber sprechen.  Wenn Sie mehrere hundert \"Sitzungen\" von jeweils 3 Stunden spielen w\u00fcrden, l\u00e4ge der durchschnittliche Gewinn f\u00fcr diese Sitzungen bei etwa $22,50.<\/b>  (Dies ergibt sich aus der Verwendung eines Spreads von $5 bis $60, den wir in fr\u00fcheren Lektionen besprochen haben).  Aber nur wenige Sitzungen w\u00fcrden zu einem Gewinn von genau $22,50 f\u00fchren; etwa zwei Drittel w\u00fcrden irgendwo zwischen einem Gewinn von $191 und einem Verlust von $147 liegen.  In den meisten anderen Sitzungen k\u00f6nnten Sie bis zu $360 gewinnen oder bis zu $316 verlieren, und in einigen wenigen F\u00e4llen w\u00fcrden die Gewinne oder Verluste sogar noch h\u00f6her ausfallen!<\/p>\n<p>Verstehen Sie nun, warum man ein Bankguthaben von $3000 ben\u00f6tigt, um einen Spread von $5 bis $60 zu unterst\u00fctzen?  Um erfolgreich zu sein, m\u00fcssen Sie in der Lage sein, Verluste zu verkraften, die um ein Vielfaches h\u00f6her sind als Ihre \"Erwartung\".  Diese Schwankungen sind real; sie werden Sie irgendwann treffen, und wenn Sie nicht darauf vorbereitet sind, werden Sie entweder frustriert aufgeben oder die Nerven verlieren und Ihre Bankroll aufgeben.<\/p>\n<p><b>Schauen Sie sich nun die Ergebnisse f\u00fcr 90 Spielstunden an.  Die meisten von Ihnen werden - im schlimmsten Fall - nach so vielen Stunden die Gewinnschwelle erreichen.<\/b>  Ein paar von euch k\u00f6nnten um $2500 im Plus sein, aber einige von euch k\u00f6nnten um $1175 oder mehr im Minus sein.  Ich m\u00f6chte nicht wissen, wie ihr den alten GameMaster dann beschimpfen werdet!  Aber es kann passieren, und es ist nicht ungew\u00f6hnlich, wenn es passiert. Fragen Sie sich also jetzt, ob Sie 90 Stunden lang diszipliniert spielen k\u00f6nnen, immer noch Verluste machen und weiter spielen und wetten k\u00f6nnen, wie ich es Ihnen gezeigt habe.  Es ist traurig, aber die meisten von Ihnen werden damit nicht zurechtkommen, und Sie werden ein weiteres Opfer der Standardabweichung sein.  Deshalb habe ich auch keine Angst davor, dass die Casinos pleite gehen, selbst wenn jeder Spieler auf der Welt lernen w\u00fcrde, wie man Karten z\u00e4hlt - nur wenige haben die Geduld, das durchzuhalten.  Ich m\u00f6chte nicht \u00fcberm\u00e4\u00dfig negativ sein, aber das ist die Realit\u00e4t.  Wenn Sie jedoch durchhalten, wird sich der Prozentsatz schlie\u00dflich zu Ihren Gunsten entwickeln.  Wie ich allen meinen Sch\u00fclern sage: \"Beim Blackjack kommt das Geld in 'Brocken'\".  Es ist kein langsamer, best\u00e4ndiger Weg, um Geld zu verdienen; Ihre Bankroll wird zeitweise einer Achterbahn \u00e4hneln, und es ist schwierig, damit emotional umzugehen.<\/p>\n<p><b>Versuchen Sie einfach, das Konzept der Standardabweichung zu verstehen, und \"kalibrieren\" Sie Ihre Augen weiter, indem Sie \u00dcbungen zum Sch\u00e4tzen von Decks mit sechs Decks durchf\u00fchren.<\/b>  Wie ich bereits gesagt habe, m\u00fcssen Sie bei der Berechnung der wahren Anzahl auf ein halbes Deck genau sein.<\/p>\n<h3>Hausaufgaben<\/h3>\n<p>Schauen Sie sich in der <a href=\"\/knowledge-base\/\">Blackjack-Wissensbasis<\/a> auf dieser Seite.  Mit \u00fcber 200.000 Beitr\u00e4gen \u00fcber Blackjack sollten Sie gut besch\u00e4ftigt sein \ud83d\ude42 .<\/p>","protected":false},"excerpt":{"rendered":"<p>Expectation and Standard Deviation If you flip a coin 100 times, your expectation is to receive 50 heads and 50 tails. But the reality may well be different; the measurement of that reality is called &#8220;standard deviation&#8221;. Standard deviation is a mathematical term used to predict the outcome of a situation. In our coin-flipping exercise, [&hellip;]<\/p>\n","protected":false},"author":2,"featured_media":0,"parent":634,"menu_order":0,"comment_status":"open","ping_status":"open","template":"page-blackjack-school.php","meta":{"_acf_changed":false,"footnotes":""},"tags":[],"class_list":["post-724","page","type-page","status-publish","hentry"],"acf":[],"yoast_head":"<!-- This site is optimized with the Yoast SEO plugin v26.6 - https:\/\/yoast.com\/wordpress\/plugins\/seo\/ -->\n<title>Blackjack School \u1408 Lesson 9 - Money Management - Part 3<\/title>\n<meta name=\"description\" content=\"Lesson 9 in the GameMaster&#039;s Free Blackjack School - Expectation and standard deviation.\" \/>\n<meta name=\"robots\" content=\"index, follow, max-snippet:-1, max-image-preview:large, max-video-preview:-1\" \/>\n<link rel=\"canonical\" href=\"https:\/\/www.blackjackinfo.com\/de\/blackjack-schule\/lektion-09-geldmanagement-teil-3\/\" \/>\n<meta property=\"og:locale\" content=\"de_DE\" \/>\n<meta property=\"og:type\" content=\"article\" \/>\n<meta property=\"og:title\" content=\"Blackjack School \u1408 Lesson 9 - Money Management - Part 3\" \/>\n<meta property=\"og:description\" content=\"Lesson 9 in the GameMaster&#039;s Free Blackjack School - Expectation and standard deviation.\" \/>\n<meta property=\"og:url\" content=\"https:\/\/www.blackjackinfo.com\/de\/blackjack-schule\/lektion-09-geldmanagement-teil-3\/\" \/>\n<meta property=\"og:site_name\" content=\"BlackjackInfo.com\" \/>\n<meta property=\"article:modified_time\" content=\"2020-02-18T23:56:51+00:00\" \/>\n<meta name=\"twitter:label1\" content=\"Gesch\u00e4tzte Lesezeit\" \/>\n\t<meta name=\"twitter:data1\" content=\"4\u00a0Minuten\" \/>\n<script type=\"application\/ld+json\" class=\"yoast-schema-graph\">{\"@context\":\"https:\/\/schema.org\",\"@graph\":[{\"@type\":\"WebPage\",\"@id\":\"https:\/\/www.blackjackinfo.com\/blackjack-school\/lesson-09-money-management-part-3\/\",\"url\":\"https:\/\/www.blackjackinfo.com\/blackjack-school\/lesson-09-money-management-part-3\/\",\"name\":\"Blackjack School \u1408 Lesson 9 - Money Management - Part 3\",\"isPartOf\":{\"@id\":\"https:\/\/www.blackjackinfo.com\/#website\"},\"datePublished\":\"2014-10-20T01:18:29+00:00\",\"dateModified\":\"2020-02-18T23:56:51+00:00\",\"description\":\"Lesson 9 in the GameMaster's Free Blackjack School - Expectation and standard deviation.\",\"breadcrumb\":{\"@id\":\"https:\/\/www.blackjackinfo.com\/blackjack-school\/lesson-09-money-management-part-3\/#breadcrumb\"},\"inLanguage\":\"de\",\"potentialAction\":[{\"@type\":\"ReadAction\",\"target\":[\"https:\/\/www.blackjackinfo.com\/blackjack-school\/lesson-09-money-management-part-3\/\"]}]},{\"@type\":\"BreadcrumbList\",\"@id\":\"https:\/\/www.blackjackinfo.com\/blackjack-school\/lesson-09-money-management-part-3\/#breadcrumb\",\"itemListElement\":[{\"@type\":\"ListItem\",\"position\":1,\"name\":\"Home\",\"item\":\"https:\/\/www.blackjackinfo.com\/\"},{\"@type\":\"ListItem\",\"position\":2,\"name\":\"Blackjack School &#8211; A Free 24-Lesson Class on Card Counting\",\"item\":\"https:\/\/www.blackjackinfo.com\/blackjack-school\/\"},{\"@type\":\"ListItem\",\"position\":3,\"name\":\"Lesson 9 &#8211; Money Management &#8211; Part 3\"}]},{\"@type\":\"WebSite\",\"@id\":\"https:\/\/www.blackjackinfo.com\/#website\",\"url\":\"https:\/\/www.blackjackinfo.com\/\",\"name\":\"BlackjackInfo.com\",\"description\":\"Because Winning is More Fun!\",\"potentialAction\":[{\"@type\":\"SearchAction\",\"target\":{\"@type\":\"EntryPoint\",\"urlTemplate\":\"https:\/\/www.blackjackinfo.com\/?s={search_term_string}\"},\"query-input\":{\"@type\":\"PropertyValueSpecification\",\"valueRequired\":true,\"valueName\":\"search_term_string\"}}],\"inLanguage\":\"de\"}]}<\/script>\n<!-- \/ Yoast SEO plugin. -->","yoast_head_json":{"title":"Blackjack School \u1408 Lektion 9 - Geldmanagement - Teil 3","description":"Lektion 9 der GameMaster's Free Blackjack School - Erwartungswert und Standardabweichung.","robots":{"index":"index","follow":"follow","max-snippet":"max-snippet:-1","max-image-preview":"max-image-preview:large","max-video-preview":"max-video-preview:-1"},"canonical":"https:\/\/www.blackjackinfo.com\/de\/blackjack-schule\/lektion-09-geldmanagement-teil-3\/","og_locale":"de_DE","og_type":"article","og_title":"Blackjack School \u1408 Lesson 9 - Money Management - Part 3","og_description":"Lesson 9 in the GameMaster's Free Blackjack School - Expectation and standard deviation.","og_url":"https:\/\/www.blackjackinfo.com\/de\/blackjack-schule\/lektion-09-geldmanagement-teil-3\/","og_site_name":"BlackjackInfo.com","article_modified_time":"2020-02-18T23:56:51+00:00","twitter_misc":{"Gesch\u00e4tzte Lesezeit":"4\u00a0Minuten"},"schema":{"@context":"https:\/\/schema.org","@graph":[{"@type":"WebPage","@id":"https:\/\/www.blackjackinfo.com\/blackjack-school\/lesson-09-money-management-part-3\/","url":"https:\/\/www.blackjackinfo.com\/blackjack-school\/lesson-09-money-management-part-3\/","name":"Blackjack School \u1408 Lektion 9 - Geldmanagement - Teil 3","isPartOf":{"@id":"https:\/\/www.blackjackinfo.com\/#website"},"datePublished":"2014-10-20T01:18:29+00:00","dateModified":"2020-02-18T23:56:51+00:00","description":"Lektion 9 der GameMaster's Free Blackjack School - Erwartungswert und Standardabweichung.","breadcrumb":{"@id":"https:\/\/www.blackjackinfo.com\/blackjack-school\/lesson-09-money-management-part-3\/#breadcrumb"},"inLanguage":"de","potentialAction":[{"@type":"ReadAction","target":["https:\/\/www.blackjackinfo.com\/blackjack-school\/lesson-09-money-management-part-3\/"]}]},{"@type":"BreadcrumbList","@id":"https:\/\/www.blackjackinfo.com\/blackjack-school\/lesson-09-money-management-part-3\/#breadcrumb","itemListElement":[{"@type":"ListItem","position":1,"name":"Home","item":"https:\/\/www.blackjackinfo.com\/"},{"@type":"ListItem","position":2,"name":"Blackjack School &#8211; A Free 24-Lesson Class on Card Counting","item":"https:\/\/www.blackjackinfo.com\/blackjack-school\/"},{"@type":"ListItem","position":3,"name":"Lesson 9 &#8211; Money Management &#8211; Part 3"}]},{"@type":"WebSite","@id":"https:\/\/www.blackjackinfo.com\/#website","url":"https:\/\/www.blackjackinfo.com\/","name":"BlackjackInfo.de","description":"Denn Gewinnen macht mehr Spa\u00df!","potentialAction":[{"@type":"SearchAction","target":{"@type":"EntryPoint","urlTemplate":"https:\/\/www.blackjackinfo.com\/?s={search_term_string}"},"query-input":{"@type":"PropertyValueSpecification","valueRequired":true,"valueName":"search_term_string"}}],"inLanguage":"de"}]}},"_links":{"self":[{"href":"https:\/\/www.blackjackinfo.com\/de\/wp-json\/wp\/v2\/pages\/724","targetHints":{"allow":["GET"]}}],"collection":[{"href":"https:\/\/www.blackjackinfo.com\/de\/wp-json\/wp\/v2\/pages"}],"about":[{"href":"https:\/\/www.blackjackinfo.com\/de\/wp-json\/wp\/v2\/types\/page"}],"author":[{"embeddable":true,"href":"https:\/\/www.blackjackinfo.com\/de\/wp-json\/wp\/v2\/users\/2"}],"replies":[{"embeddable":true,"href":"https:\/\/www.blackjackinfo.com\/de\/wp-json\/wp\/v2\/comments?post=724"}],"version-history":[{"count":7,"href":"https:\/\/www.blackjackinfo.com\/de\/wp-json\/wp\/v2\/pages\/724\/revisions"}],"predecessor-version":[{"id":5459,"href":"https:\/\/www.blackjackinfo.com\/de\/wp-json\/wp\/v2\/pages\/724\/revisions\/5459"}],"up":[{"embeddable":true,"href":"https:\/\/www.blackjackinfo.com\/de\/wp-json\/wp\/v2\/pages\/634"}],"wp:attachment":[{"href":"https:\/\/www.blackjackinfo.com\/de\/wp-json\/wp\/v2\/media?parent=724"}],"wp:term":[{"taxonomy":"post_tag","embeddable":true,"href":"https:\/\/www.blackjackinfo.com\/de\/wp-json\/wp\/v2\/tags?post=724"}],"curies":[{"name":"wp","href":"https:\/\/api.w.org\/{rel}","templated":true}]}}