{"id":726,"date":"2014-10-19T20:22:30","date_gmt":"2014-10-20T01:22:30","guid":{"rendered":"http:\/\/test.blackjackinfo.com\/?page_id=726"},"modified":"2020-02-18T17:57:07","modified_gmt":"2020-02-18T23:57:07","slug":"lektion-10-die-richtige-geistige-einstellung","status":"publish","type":"page","link":"https:\/\/www.blackjackinfo.com\/de\/blackjack-school\/lesson-10-the-proper-mental-attitude\/","title":{"rendered":"Lektion 10 - Die richtige geistige Einstellung"},"content":{"rendered":"<p><b>Ich betone immer die Idee der \"Erwartung\", wenn es um Casinospiele geht, weil das Verst\u00e4ndnis des Konzepts Ihnen helfen wird, mit dem Gl\u00fccksspiel aufzuh\u00f6ren und Sie hoffentlich zu einem Investor an den Tischen zu machen.<\/b>  Definitionsgem\u00e4\u00df erwartet ein Investor einen Gewinn. Sie k\u00f6nnen also kein Investor sein, wenn Sie bei Spielen spielen, bei denen eine negative Erwartung besteht.  Wenn Sie beim Craps $10 auf die Pass Line setzen, gewinnen Sie entweder $10 oder verlieren $10, aber Ihre \"Erwartung\" ist, bei jedem Blatt 14 Cent zu verlieren.  Das liegt daran, dass das Haus bei dieser Wette einen eingebauten Vorteil von 1,4% hat, und wenn Sie h\u00e4ufig spielen, liegt Ihr durchschnittlicher Verlust bei 14 Cent pro Entscheidung.  Kurzfristig k\u00f6nnen Sie viel Geld gewinnen, aber wenn Sie lange genug spielen, wird sich der Hausvorteil irgendwann bemerkbar machen.  Da an einem durchschnittlichen Craps-Tisch etwa 60 Entscheidungen pro Stunde getroffen werden, belaufen sich die Kosten pro Stunde f\u00fcr einen Einsatz von $10 auf der Pass Line langfristig auf etwa 60 x 14 Cent = $8,40.<\/p>\n<p><b>Betrachten wir dieses Konzept nun unter dem Gesichtspunkt einer positiven Erwartungssituation wie dem Kartenz\u00e4hlen beim Blackjack.<\/b>  Wenn Ihr durchschnittlicher Einsatz $12 und Ihr durchschnittlicher Vorteil gegen\u00fcber dem Haus 1,25% betr\u00e4gt, erwarten Sie einen Gewinn von $12 x 0,0125 = $.15 pro Blatt.  Ja, das sind 15 Cents pro Blatt.   Bei einer Rate von 60 H\u00e4nden pro Stunde k\u00f6nnen Sie erwarten, dass Sie - auf lange Sicht - etwa 60 x 15 Cent = $9,00 pro Stunde verdienen.  Wenn Sie aber die Anzahl der H\u00e4nde, die Sie pro Stunde spielen, auf, sagen wir, 80 H\u00e4nde erh\u00f6hen k\u00f6nnen, haben Sie Ihre Erwartung auf 80 X 15 Cent = $12.00 pro Stunde erh\u00f6ht.   Die einzige andere M\u00f6glichkeit, mehr Geld zu verdienen, besteht darin, entweder die H\u00f6he Ihres durchschnittlichen Einsatzes zu erh\u00f6hen oder Ihren Vorteil gegen\u00fcber dem Casino zu vergr\u00f6\u00dfern.  Die H\u00f6he des Einsatzes ist eine Funktion Ihrer Bankroll (und Ihrer F\u00e4higkeit, dem Casino weiterhin vorzugaukeln, dass Sie nur ein weiterer Spieler und kein Kartenz\u00e4hler sind), und der Vorteil ist haupts\u00e4chlich eine Funktion der Regeln des Casinos f\u00fcr ihr Blackjack-Spiel.  Ich werde diese beiden Themen in sp\u00e4teren Lektionen behandeln, also konzentrieren wir uns jetzt darauf, die Anzahl der H\u00e4nde zu erh\u00f6hen, die Sie in einer Stunde spielen.<br \/>\n<div class=\"row\" style=\"margin-bottom:20px\">\n    <div class=\"col-sm-12\">\n                <h2>Top US Online Casinos <span\n                class=\"flag-icon flag-icon-us\"><\/span><\/h2>\n\n        \n                \n        <div class=\"ranking-table text-center\">\n            <div class=\"row flex ad-row\">\n                <div class=\"col-sm-3\">\n                    <div class=\"row flex\">\n\n                        <div class=\"col-sm-3\">\n                            <div class=\"ranking-number text-center\">\n\n                                1                                \n                            <\/div>\n                        <\/div>\n                        <div class=\"col-sm-9\">\n                            <img decoding=\"async\" src=\"https:\/\/www.blackjackinfo.com\/files\/bovada.png\" data-no-auto-translation=\"\">\n                        <\/div>\n                    <\/div>\n                <\/div>\n                <div class=\"col-sm-4\">\n                    <div class=\"bonus-text text-center\"><span class=\"red\">100% bis zu $1.000<\/span><\/div>\n\t\t\t\t\t\n\n                <\/div>\n                <div class=\"col-sm-2\">\n                    <a class=\"btn btn-wire\" href=\"\/de\/casino\/bovada\/\">\u00dcberpr\u00fcfung<\/a>\n\n                <\/div>\n                <div class=\"col-sm-3\">\n                    <a rel=\"nofollow\" target=\"_blank\" class=\"btn btn-blue\" href=\"\/goto\/goto\/\">Spielen\n                        Jetzt<\/a>\n\t\t\t\t\t\t\n\n                <\/div>\n            <\/div>\n        <\/div>\n\n\n\n        \n                \n        <div class=\"ranking-table text-center\">\n            <div class=\"row flex ad-row\">\n                <div class=\"col-sm-3\">\n                    <div class=\"row flex\">\n\n                        <div class=\"col-sm-3\">\n                            <div class=\"ranking-number text-center\">\n\n                                2                                \n                            <\/div>\n                        <\/div>\n                        <div class=\"col-sm-9\">\n                            <img decoding=\"async\" src=\"https:\/\/www.blackjackinfo.com\/files\/ignition-casino-logo.png\" data-no-auto-translation=\"\">\n                        <\/div>\n                    <\/div>\n                <\/div>\n                <div class=\"col-sm-4\">\n                    <div class=\"bonus-text text-center\"><span class=\"red\">100% bis zu $1.000<\/span><\/div>\n\t\t\t\t\t\n\n                <\/div>\n                <div class=\"col-sm-2\">\n                    <a class=\"btn btn-wire\" href=\"\/de\/casino\/ignition-casino\/\">\u00dcberpr\u00fcfung<\/a>\n\n                <\/div>\n                <div class=\"col-sm-3\">\n                    <a rel=\"nofollow\" target=\"_blank\" class=\"btn btn-blue\" href=\"\/goto\/goto\/\">Spielen\n                        Jetzt<\/a>\n\t\t\t\t\t\t\n\n                <\/div>\n            <\/div>\n        <\/div>\n\n\n\n        \n                \n        <div class=\"ranking-table text-center\">\n            <div class=\"row flex ad-row\">\n                <div class=\"col-sm-3\">\n                    <div class=\"row flex\">\n\n                        <div class=\"col-sm-3\">\n                            <div class=\"ranking-number text-center\">\n\n                                3                                \n                            <\/div>\n                        <\/div>\n                        <div class=\"col-sm-9\">\n                            <img decoding=\"async\" src=\"https:\/\/www.blackjackinfo.com\/files\/VipSlots-500x250_dark.svg\" data-no-auto-translation=\"\">\n                        <\/div>\n                    <\/div>\n                <\/div>\n                <div class=\"col-sm-4\">\n                    <div class=\"bonus-text text-center\"><span class=\"red\">100 GRATIS SPINS bei Secret Life of Cats<\/span><\/div>\n\t\t\t\t\t\n\n                <\/div>\n                <div class=\"col-sm-2\">\n                    <a class=\"btn btn-wire\" href=\"\/de\/casino\/vipslots-casino\/\">\u00dcberpr\u00fcfung<\/a>\n\n                <\/div>\n                <div class=\"col-sm-3\">\n                    <a rel=\"nofollow\" target=\"_blank\" class=\"btn btn-blue\" href=\"\/goto\/goto\/\">Spielen\n                        Jetzt<\/a>\n\t\t\t\t\t\t\n\n                <\/div>\n            <\/div>\n        <\/div>\n\n\n\n        \n                \n        <div class=\"ranking-table text-center\">\n            <div class=\"row flex ad-row\">\n                <div class=\"col-sm-3\">\n                    <div class=\"row flex\">\n\n                        <div class=\"col-sm-3\">\n                            <div class=\"ranking-number text-center\">\n\n                                4                                \n                            <\/div>\n                        <\/div>\n                        <div class=\"col-sm-9\">\n                            <img decoding=\"async\" src=\"https:\/\/www.blackjackinfo.com\/files\/vegas_casino_online.png\" data-no-auto-translation=\"\">\n                        <\/div>\n                    <\/div>\n                <\/div>\n                <div class=\"col-sm-4\">\n                    <div class=\"bonus-text text-center\"><span class=\"red\">300% bis zu $3.000<\/span><\/div>\n\t\t\t\t\t\n\n                <\/div>\n                <div class=\"col-sm-2\">\n                    <a class=\"btn btn-wire\" href=\"\/de\/casino\/vegas-casino-online-2\/\">\u00dcberpr\u00fcfung<\/a>\n\n                <\/div>\n                <div class=\"col-sm-3\">\n                    <a rel=\"nofollow\" target=\"_blank\" class=\"btn btn-blue\" href=\"\/goto\/goto\/\">Spielen\n                        Jetzt<\/a>\n\t\t\t\t\t\t\n\n                <\/div>\n            <\/div>\n        <\/div>\n\n\n\n        \n                \n        <div class=\"ranking-table text-center\">\n            <div class=\"row flex ad-row\">\n                <div class=\"col-sm-3\">\n                    <div class=\"row flex\">\n\n                        <div class=\"col-sm-3\">\n                            <div class=\"ranking-number text-center\">\n\n                                5                                \n                            <\/div>\n                        <\/div>\n                        <div class=\"col-sm-9\">\n                            <img decoding=\"async\" src=\"https:\/\/www.blackjackinfo.com\/files\/cafe-casino-logo.svg\" data-no-auto-translation=\"\">\n                        <\/div>\n                    <\/div>\n                <\/div>\n                <div class=\"col-sm-4\">\n                    <div class=\"bonus-text text-center\"><span class=\"red\">250% bis zu $1.500<\/span><\/div>\n\t\t\t\t\t\n\n                <\/div>\n                <div class=\"col-sm-2\">\n                    <a class=\"btn btn-wire\" href=\"\/de\/casino\/cafe-casino\/\">\u00dcberpr\u00fcfung<\/a>\n\n                <\/div>\n                <div class=\"col-sm-3\">\n                    <a rel=\"nofollow\" target=\"_blank\" class=\"btn btn-blue\" href=\"\/goto\/goto\/\">Spielen\n                        Jetzt<\/a>\n\t\t\t\t\t\t\n\n                <\/div>\n            <\/div>\n        <\/div>\n\n\n\n            <\/div>\n<\/div><\/p>\n<h3>Mehr H\u00e4nde bedeuten mehr Geld<\/h3>\n<p><b>Wenn Sie der einzige Spieler bei einem Spiel mit sechs Kartendecks sind, k\u00f6nnen Sie etwa 200 H\u00e4nde pro Stunde spielen.<\/b>  Wenn alles andere gleich bleibt, erh\u00f6ht das Ihre Erwartung auf 200 x 15 Cent = $30 pro Stunde - eine sehr gesunde Steigerung.  Das Problem dabei ist, dass ich m\u00f6chte, dass Sie aufstehen und weggehen, sobald die tats\u00e4chliche Anzahl unter M1 f\u00e4llt. 200 H\u00e4nde pro Stunde sind also nur m\u00f6glich, wenn Sie einen dieser Schuhe bekommen, bei dem die Anzahl positiv bleibt UND wenn Sie schnell genug sind, um die Anzahl zu halten, w\u00e4hrend Sie mit dieser Rate spielen.  Wenn das Deck schlecht wird, muss man umziehen, denn es ist billiger, \u00fcberhaupt nicht zu spielen, als bei einem Spiel mitzuspielen, bei dem das Haus einen Vorteil gegen\u00fcber Ihnen hat.<\/p>\n<p><b>Aber 200 H\u00e4nde pro Stunde sind ein lohnendes Ziel, also \u00fcben Sie weiter mit Ihrem Single-Deck-Countdown, um Ihre Geschwindigkeit so weit zu steigern, dass Sie ein Deck in unter 20 Sekunden durchspielen k\u00f6nnen. <\/b> Wenn Sie das k\u00f6nnen, den wahren Z\u00e4hlerstand berechnen und eine perfekte Grundstrategie spielen, sollten Sie, wann immer es m\u00f6glich ist, eins zu eins spielen.  Das kann bedeuten, dass Sie montags um 2 Uhr nachts ins Kasino gehen m\u00fcssen, aber es wird sich lohnen.  Denken Sie nur daran, dass eine h\u00f6here Spielgeschwindigkeit Ihre st\u00fcndliche Standardabweichung erh\u00f6ht. Wundern Sie sich also nicht, wenn Sie in einer Stunde Spielzeit $400 oder mehr verlieren; Ihr Risiko hat sich nicht erh\u00f6ht, aber Sie haben Ihren Zeitfaktor \"komprimiert\".  Die H\u00e4ndler sagen mir oft, dass ein Spieler im Einzelspiel \"nicht gewinnen kann\", aber sie irren sich.  Ihr Irrglaube in dieser Hinsicht r\u00fchrt daher, dass die Schwankungen gr\u00f6\u00dfer sind, weil mehr H\u00e4nde gespielt werden, und die Dealer sich in der Regel an die gro\u00dfen Verlierer erinnern und die gro\u00dfen Gewinner vergessen.  Als Investor ist es in Ihrem besten Interesse, so viele H\u00e4nde pro Stunde wie m\u00f6glich zu spielen, da Sie erwarten, 15 Cents pro Hand zu gewinnen.<\/p>\n<p class=\"gbs-big\">\n<b>DAS ZIEL EINES PROFESSIONELLEN SPIELERS IST ES, SO VIEL SPIELZEIT WIE M\u00d6GLICH AUFZUBRINGEN; GEWINN- ODER VERLUSTBETR\u00c4GE SIND ZWEITRANGIG.  WENN SIE RICHTIG SPIELEN UND WETTEN, WIRD DAS $$$ MIT DER ZEIT KOMMEN.<\/b><\/p>\n<h3>Eine siegreiche Einstellung<\/h3>\n<p>Wie ich bereits gesagt habe, kommen die Gewinne beim Blackjack in \"St\u00fccken\", Sie sollten sich also weder Sorgen machen, wenn Sie einmal verlieren, noch sollten Sie sich unbesiegbar f\u00fchlen, wenn Sie gewinnen.  <b>Eine richtige mentale Einstellung eliminiert die H\u00f6hen und Tiefen des Spiels (was es sehr langweilig macht - zumindest meiner Meinung nach), aber sie erm\u00f6glicht es Ihnen, ein solides, emotionsloses Spiel zu spielen.<\/b>  Wenn ich eine Verlustsession habe (im Durchschnitt 35% der Zeit), gehe ich einfach weg, weil ich wei\u00df, dass das Casino gut auf das Geld aufpassen wird und ich irgendwann zur\u00fcckkommen und es holen werde.   600 gespielte H\u00e4nde bedeuten, dass ich das 600-fache meiner Erwartung pro Hand \"verdient\" habe, also muss ich nur weiter zur Arbeit gehen, und mein Gehaltsscheck wird schlie\u00dflich meinen Verdienst widerspiegeln.  Um es einfach auszudr\u00fccken: Wenn Sie ein Gewinnspiel spielen, ist es keine Frage des \"ob\" Sie gewinnen werden, sondern nur eine Frage des \"wann\".<\/p>\n<p>Lassen Sie also das Eiswasser in Ihren Adern flie\u00dfen - wie ein Autor es ausdr\u00fcckte, \"stahlblaue Augen reichen aus\".  Emotionen haben beim Kartenz\u00e4hlen keinen Platz; Genauigkeit und Geduld sind die einzigen Voraussetzungen, um die $$$ zu bekommen.<\/p>\n<h3>Hausaufgaben<\/h3>\n<p><b>Nimm ein altes Kartenspiel und einen Markierstift.<\/b>  Diejenigen unter Ihnen, die mit 6 Karten spielen, schreiben die Zahl \"1\/2\" auf die R\u00fcckseite einer Karte, \"1\" auf die n\u00e4chste Karte, \"1 1\/2\" auf die dritte Karte und so weiter bis zu 5 in Schritten von einer H\u00e4lfte.  Nummerieren Sie nun die R\u00fcckseiten von 20 weiteren Karten einzeln von 1 bis 20.  Mischen Sie beide Stapel (getrennt) mit der Vorderseite nach oben, so dass Sie die Zahlen nicht sehen k\u00f6nnen, und decken Sie die oberste Karte des ersten Stapels auf.    Dies entspricht der Anzahl der Decks im Ablagefach.  Wenn es sich zum Beispiel um die Karte \"2 1\/2\" handelt, bedeutet das, dass sich 2 1\/2 Decks im Ablagefach befinden, was wiederum bedeutet, dass noch 3 1\/2 Decks im Schuh vorhanden sind.  Drehen Sie nun die Karten des zweiten Stapels um.  Diese stellen die laufende Z\u00e4hlung dar, und wir wollen \u00fcben, die wahre Z\u00e4hlung zu berechnen. Wenn also die erste Karte \"8\" ist, ist die wahre Z\u00e4hlung 8 geteilt durch 3 1\/2 = 2 (denken Sie daran, wir runden ab, um konservativ zu sein).  Gehen Sie weiter durch die laufenden Z\u00e4hlkarten, w\u00e4hrend die \"Decks\"-Karte gleich bleibt.  Wenn Sie alle laufenden Z\u00e4hlkarten durchgegangen sind, \u00e4ndern Sie die \"Decks\"-Karte und wiederholen Sie den Vorgang.<\/p>\n<p><b>Diese \u00dcbung hilft Ihnen, die richtige Anzahl genau zu berechnen.<\/b>  Diejenigen von euch, die nur ein Deck spielen, m\u00fcssen nur eine Karte f\u00fcr 1\/4, 1\/2 und 3\/4 Decks machen und die Karten von 1 bis 10 z\u00e4hlen, aber ihr werdet auf dieselbe Weise \u00fcben.<\/p>\n<p>Konzentrieren Sie sich bei dieser \u00dcbung auf die Genauigkeit und denken Sie daran, bei der Berechnung der wahren Anzahl konservativ zu sein.<\/p>","protected":false},"excerpt":{"rendered":"<p>I always stress the idea of &#8216;expectation&#8217; as it applies to casino gaming because understanding the concept will help you stop gambling and hopefully turn you into an investor at the tables. By definition, an investor expects to make a profit so you cannot be an investor if you play at games where there is [&hellip;]<\/p>\n","protected":false},"author":2,"featured_media":0,"parent":634,"menu_order":0,"comment_status":"open","ping_status":"open","template":"page-blackjack-school.php","meta":{"_acf_changed":false,"footnotes":""},"tags":[],"class_list":["post-726","page","type-page","status-publish","hentry"],"acf":[],"yoast_head":"<!-- This site is optimized with the Yoast SEO plugin v26.6 - https:\/\/yoast.com\/wordpress\/plugins\/seo\/ -->\n<title>Blackjack School \u1408 Lesson 10 - The Proper Mental Attitude<\/title>\n<meta name=\"description\" content=\"Lesson 10 in the GameMaster&#039;s Free Blackjack School - Developing a Winning Attitude\" \/>\n<meta name=\"robots\" content=\"index, follow, max-snippet:-1, max-image-preview:large, max-video-preview:-1\" \/>\n<link rel=\"canonical\" href=\"https:\/\/www.blackjackinfo.com\/de\/blackjack-schule\/lektion-10-die-richtige-geistige-einstellung\/\" \/>\n<meta property=\"og:locale\" content=\"de_DE\" \/>\n<meta property=\"og:type\" content=\"article\" \/>\n<meta property=\"og:title\" content=\"Blackjack School \u1408 Lesson 10 - The Proper Mental Attitude\" \/>\n<meta property=\"og:description\" content=\"Lesson 10 in the GameMaster&#039;s Free Blackjack School - Developing a Winning Attitude\" \/>\n<meta property=\"og:url\" content=\"https:\/\/www.blackjackinfo.com\/de\/blackjack-schule\/lektion-10-die-richtige-geistige-einstellung\/\" \/>\n<meta property=\"og:site_name\" content=\"BlackjackInfo.com\" \/>\n<meta property=\"article:modified_time\" content=\"2020-02-18T23:57:07+00:00\" \/>\n<meta name=\"twitter:label1\" content=\"Gesch\u00e4tzte Lesezeit\" \/>\n\t<meta name=\"twitter:data1\" content=\"6\u00a0Minuten\" \/>\n<script type=\"application\/ld+json\" class=\"yoast-schema-graph\">{\"@context\":\"https:\/\/schema.org\",\"@graph\":[{\"@type\":\"WebPage\",\"@id\":\"https:\/\/www.blackjackinfo.com\/blackjack-school\/lesson-10-the-proper-mental-attitude\/\",\"url\":\"https:\/\/www.blackjackinfo.com\/blackjack-school\/lesson-10-the-proper-mental-attitude\/\",\"name\":\"Blackjack School \u1408 Lesson 10 - The Proper Mental Attitude\",\"isPartOf\":{\"@id\":\"https:\/\/www.blackjackinfo.com\/#website\"},\"datePublished\":\"2014-10-20T01:22:30+00:00\",\"dateModified\":\"2020-02-18T23:57:07+00:00\",\"description\":\"Lesson 10 in the GameMaster's Free Blackjack School - Developing a Winning Attitude\",\"breadcrumb\":{\"@id\":\"https:\/\/www.blackjackinfo.com\/blackjack-school\/lesson-10-the-proper-mental-attitude\/#breadcrumb\"},\"inLanguage\":\"de\",\"potentialAction\":[{\"@type\":\"ReadAction\",\"target\":[\"https:\/\/www.blackjackinfo.com\/blackjack-school\/lesson-10-the-proper-mental-attitude\/\"]}]},{\"@type\":\"BreadcrumbList\",\"@id\":\"https:\/\/www.blackjackinfo.com\/blackjack-school\/lesson-10-the-proper-mental-attitude\/#breadcrumb\",\"itemListElement\":[{\"@type\":\"ListItem\",\"position\":1,\"name\":\"Home\",\"item\":\"https:\/\/www.blackjackinfo.com\/\"},{\"@type\":\"ListItem\",\"position\":2,\"name\":\"Blackjack School &#8211; A Free 24-Lesson Class on Card Counting\",\"item\":\"https:\/\/www.blackjackinfo.com\/blackjack-school\/\"},{\"@type\":\"ListItem\",\"position\":3,\"name\":\"Lesson 10 &#8211; The Proper Mental Attitude\"}]},{\"@type\":\"WebSite\",\"@id\":\"https:\/\/www.blackjackinfo.com\/#website\",\"url\":\"https:\/\/www.blackjackinfo.com\/\",\"name\":\"BlackjackInfo.com\",\"description\":\"Because Winning is More Fun!\",\"potentialAction\":[{\"@type\":\"SearchAction\",\"target\":{\"@type\":\"EntryPoint\",\"urlTemplate\":\"https:\/\/www.blackjackinfo.com\/?s={search_term_string}\"},\"query-input\":{\"@type\":\"PropertyValueSpecification\",\"valueRequired\":true,\"valueName\":\"search_term_string\"}}],\"inLanguage\":\"de\"}]}<\/script>\n<!-- \/ Yoast SEO plugin. -->","yoast_head_json":{"title":"Blackjack School \u1408 Lektion 10 - Die richtige mentale Einstellung","description":"Lektion 10 in der GameMaster's Free Blackjack School - Entwicklung einer Siegermentalit\u00e4t","robots":{"index":"index","follow":"follow","max-snippet":"max-snippet:-1","max-image-preview":"max-image-preview:large","max-video-preview":"max-video-preview:-1"},"canonical":"https:\/\/www.blackjackinfo.com\/de\/blackjack-schule\/lektion-10-die-richtige-geistige-einstellung\/","og_locale":"de_DE","og_type":"article","og_title":"Blackjack School \u1408 Lesson 10 - The Proper Mental Attitude","og_description":"Lesson 10 in the GameMaster's Free Blackjack School - Developing a Winning Attitude","og_url":"https:\/\/www.blackjackinfo.com\/de\/blackjack-schule\/lektion-10-die-richtige-geistige-einstellung\/","og_site_name":"BlackjackInfo.com","article_modified_time":"2020-02-18T23:57:07+00:00","twitter_misc":{"Gesch\u00e4tzte Lesezeit":"6\u00a0Minuten"},"schema":{"@context":"https:\/\/schema.org","@graph":[{"@type":"WebPage","@id":"https:\/\/www.blackjackinfo.com\/blackjack-school\/lesson-10-the-proper-mental-attitude\/","url":"https:\/\/www.blackjackinfo.com\/blackjack-school\/lesson-10-the-proper-mental-attitude\/","name":"Blackjack School \u1408 Lektion 10 - Die richtige mentale Einstellung","isPartOf":{"@id":"https:\/\/www.blackjackinfo.com\/#website"},"datePublished":"2014-10-20T01:22:30+00:00","dateModified":"2020-02-18T23:57:07+00:00","description":"Lektion 10 in der GameMaster's Free Blackjack School - Entwicklung einer Siegermentalit\u00e4t","breadcrumb":{"@id":"https:\/\/www.blackjackinfo.com\/blackjack-school\/lesson-10-the-proper-mental-attitude\/#breadcrumb"},"inLanguage":"de","potentialAction":[{"@type":"ReadAction","target":["https:\/\/www.blackjackinfo.com\/blackjack-school\/lesson-10-the-proper-mental-attitude\/"]}]},{"@type":"BreadcrumbList","@id":"https:\/\/www.blackjackinfo.com\/blackjack-school\/lesson-10-the-proper-mental-attitude\/#breadcrumb","itemListElement":[{"@type":"ListItem","position":1,"name":"Home","item":"https:\/\/www.blackjackinfo.com\/"},{"@type":"ListItem","position":2,"name":"Blackjack School &#8211; A Free 24-Lesson Class on Card Counting","item":"https:\/\/www.blackjackinfo.com\/blackjack-school\/"},{"@type":"ListItem","position":3,"name":"Lesson 10 &#8211; The Proper Mental Attitude"}]},{"@type":"WebSite","@id":"https:\/\/www.blackjackinfo.com\/#website","url":"https:\/\/www.blackjackinfo.com\/","name":"BlackjackInfo.de","description":"Denn Gewinnen macht mehr Spa\u00df!","potentialAction":[{"@type":"SearchAction","target":{"@type":"EntryPoint","urlTemplate":"https:\/\/www.blackjackinfo.com\/?s={search_term_string}"},"query-input":{"@type":"PropertyValueSpecification","valueRequired":true,"valueName":"search_term_string"}}],"inLanguage":"de"}]}},"_links":{"self":[{"href":"https:\/\/www.blackjackinfo.com\/de\/wp-json\/wp\/v2\/pages\/726","targetHints":{"allow":["GET"]}}],"collection":[{"href":"https:\/\/www.blackjackinfo.com\/de\/wp-json\/wp\/v2\/pages"}],"about":[{"href":"https:\/\/www.blackjackinfo.com\/de\/wp-json\/wp\/v2\/types\/page"}],"author":[{"embeddable":true,"href":"https:\/\/www.blackjackinfo.com\/de\/wp-json\/wp\/v2\/users\/2"}],"replies":[{"embeddable":true,"href":"https:\/\/www.blackjackinfo.com\/de\/wp-json\/wp\/v2\/comments?post=726"}],"version-history":[{"count":5,"href":"https:\/\/www.blackjackinfo.com\/de\/wp-json\/wp\/v2\/pages\/726\/revisions"}],"predecessor-version":[{"id":5460,"href":"https:\/\/www.blackjackinfo.com\/de\/wp-json\/wp\/v2\/pages\/726\/revisions\/5460"}],"up":[{"embeddable":true,"href":"https:\/\/www.blackjackinfo.com\/de\/wp-json\/wp\/v2\/pages\/634"}],"wp:attachment":[{"href":"https:\/\/www.blackjackinfo.com\/de\/wp-json\/wp\/v2\/media?parent=726"}],"wp:term":[{"taxonomy":"post_tag","embeddable":true,"href":"https:\/\/www.blackjackinfo.com\/de\/wp-json\/wp\/v2\/tags?post=726"}],"curies":[{"name":"wp","href":"https:\/\/api.w.org\/{rel}","templated":true}]}}