{"id":729,"date":"2014-10-19T20:37:05","date_gmt":"2014-10-20T01:37:05","guid":{"rendered":"http:\/\/test.blackjackinfo.com\/?page_id=729"},"modified":"2020-02-18T17:57:23","modified_gmt":"2020-02-18T23:57:23","slug":"lektion-11-bewertung-von-spielen","status":"publish","type":"page","link":"https:\/\/www.blackjackinfo.com\/de\/blackjack-school\/lesson-11-evaluating-games\/","title":{"rendered":"Lektion 11 - Spiele auswerten"},"content":{"rendered":"<p class=\"intro\">\n<b>Zwar lassen sich fast alle Blackjack-Spiele letztlich gewinnen, aber die Gewinne, die Sie in Grenzsituationen erzielen k\u00f6nnen, entsch\u00e4digen Sie nicht angemessen f\u00fcr Ihre Zeit und Ihr Risiko.<\/b>  Daher m\u00fcssen Sie ein Spiel in mehrfacher Hinsicht bewerten, bevor Sie es spielen.  Zwei wichtige Bereiche sind die Hausregeln des Spiels, einschlie\u00dflich der Anzahl der verwendeten Decks und der Platzierung der Cut-Card, die wir \"Penetration\" nennen.<\/p>\n<p>Viele Regel\u00e4nderungen erfordern eine \u00c4nderung Ihrer grundlegenden Strategie, also vergessen Sie nicht die <a href=\"\/blackjack-basic-strategy-engine\/\">\"Basic Strategy Engine\"<\/a>.  Denken Sie daran, dass sich Regel\u00e4nderungen auch auf Ihren Wettplan auswirken k\u00f6nnen.<br \/>\n<div class=\"row\" style=\"margin-bottom:20px\">\n    <div class=\"col-sm-12\">\n                <h2>Top US Online Casinos <span\n                class=\"flag-icon flag-icon-us\"><\/span><\/h2>\n\n        \n                \n        <div class=\"ranking-table text-center\">\n            <div class=\"row flex ad-row\">\n                <div class=\"col-sm-3\">\n                    <div class=\"row flex\">\n\n                        <div class=\"col-sm-3\">\n                            <div class=\"ranking-number text-center\">\n\n                                1                                \n                            <\/div>\n                        <\/div>\n                        <div class=\"col-sm-9\">\n                            <img decoding=\"async\" src=\"https:\/\/www.blackjackinfo.com\/files\/bovada.png\" data-no-auto-translation=\"\">\n                        <\/div>\n                    <\/div>\n                <\/div>\n                <div class=\"col-sm-4\">\n                    <div class=\"bonus-text text-center\"><span class=\"red\">100% bis zu $1.000<\/span><\/div>\n\t\t\t\t\t\n\n                <\/div>\n                <div class=\"col-sm-2\">\n                    <a class=\"btn btn-wire\" href=\"\/de\/casino\/bovada\/\">\u00dcberpr\u00fcfung<\/a>\n\n                <\/div>\n                <div class=\"col-sm-3\">\n                    <a rel=\"nofollow\" target=\"_blank\" class=\"btn btn-blue\" href=\"\/goto\/goto\/\">Spielen\n                        Jetzt<\/a>\n\t\t\t\t\t\t\n\n                <\/div>\n            <\/div>\n        <\/div>\n\n\n\n        \n                \n        <div class=\"ranking-table text-center\">\n            <div class=\"row flex ad-row\">\n                <div class=\"col-sm-3\">\n                    <div class=\"row flex\">\n\n                        <div class=\"col-sm-3\">\n                            <div class=\"ranking-number text-center\">\n\n                                2                                \n                            <\/div>\n                        <\/div>\n                        <div class=\"col-sm-9\">\n                            <img decoding=\"async\" src=\"https:\/\/www.blackjackinfo.com\/files\/ignition-casino-logo.png\" data-no-auto-translation=\"\">\n                        <\/div>\n                    <\/div>\n                <\/div>\n                <div class=\"col-sm-4\">\n                    <div class=\"bonus-text text-center\"><span class=\"red\">100% bis zu $1.000<\/span><\/div>\n\t\t\t\t\t\n\n                <\/div>\n                <div class=\"col-sm-2\">\n                    <a class=\"btn btn-wire\" href=\"\/de\/casino\/ignition-casino\/\">\u00dcberpr\u00fcfung<\/a>\n\n                <\/div>\n                <div class=\"col-sm-3\">\n                    <a rel=\"nofollow\" target=\"_blank\" class=\"btn btn-blue\" href=\"\/goto\/goto\/\">Spielen\n                        Jetzt<\/a>\n\t\t\t\t\t\t\n\n                <\/div>\n            <\/div>\n        <\/div>\n\n\n\n        \n                \n        <div class=\"ranking-table text-center\">\n            <div class=\"row flex ad-row\">\n                <div class=\"col-sm-3\">\n                    <div class=\"row flex\">\n\n                        <div class=\"col-sm-3\">\n                            <div class=\"ranking-number text-center\">\n\n                                3                                \n                            <\/div>\n                        <\/div>\n                        <div class=\"col-sm-9\">\n                            <img decoding=\"async\" src=\"https:\/\/www.blackjackinfo.com\/files\/VipSlots-500x250_dark.svg\" data-no-auto-translation=\"\">\n                        <\/div>\n                    <\/div>\n                <\/div>\n                <div class=\"col-sm-4\">\n                    <div class=\"bonus-text text-center\"><span class=\"red\">100 GRATIS SPINS bei Secret Life of Cats<\/span><\/div>\n\t\t\t\t\t\n\n                <\/div>\n                <div class=\"col-sm-2\">\n                    <a class=\"btn btn-wire\" href=\"\/de\/casino\/vipslots-casino\/\">\u00dcberpr\u00fcfung<\/a>\n\n                <\/div>\n                <div class=\"col-sm-3\">\n                    <a rel=\"nofollow\" target=\"_blank\" class=\"btn btn-blue\" href=\"\/goto\/goto\/\">Spielen\n                        Jetzt<\/a>\n\t\t\t\t\t\t\n\n                <\/div>\n            <\/div>\n        <\/div>\n\n\n\n        \n                \n        <div class=\"ranking-table text-center\">\n            <div class=\"row flex ad-row\">\n                <div class=\"col-sm-3\">\n                    <div class=\"row flex\">\n\n                        <div class=\"col-sm-3\">\n                            <div class=\"ranking-number text-center\">\n\n                                4                                \n                            <\/div>\n                        <\/div>\n                        <div class=\"col-sm-9\">\n                            <img decoding=\"async\" src=\"https:\/\/www.blackjackinfo.com\/files\/vegas_casino_online.png\" data-no-auto-translation=\"\">\n                        <\/div>\n                    <\/div>\n                <\/div>\n                <div class=\"col-sm-4\">\n                    <div class=\"bonus-text text-center\"><span class=\"red\">300% bis zu $3.000<\/span><\/div>\n\t\t\t\t\t\n\n                <\/div>\n                <div class=\"col-sm-2\">\n                    <a class=\"btn btn-wire\" href=\"\/de\/casino\/vegas-casino-online-2\/\">\u00dcberpr\u00fcfung<\/a>\n\n                <\/div>\n                <div class=\"col-sm-3\">\n                    <a rel=\"nofollow\" target=\"_blank\" class=\"btn btn-blue\" href=\"\/goto\/goto\/\">Spielen\n                        Jetzt<\/a>\n\t\t\t\t\t\t\n\n                <\/div>\n            <\/div>\n        <\/div>\n\n\n\n        \n                \n        <div class=\"ranking-table text-center\">\n            <div class=\"row flex ad-row\">\n                <div class=\"col-sm-3\">\n                    <div class=\"row flex\">\n\n                        <div class=\"col-sm-3\">\n                            <div class=\"ranking-number text-center\">\n\n                                5                                \n                            <\/div>\n                        <\/div>\n                        <div class=\"col-sm-9\">\n                            <img decoding=\"async\" src=\"https:\/\/www.blackjackinfo.com\/files\/cafe-casino-logo.svg\" data-no-auto-translation=\"\">\n                        <\/div>\n                    <\/div>\n                <\/div>\n                <div class=\"col-sm-4\">\n                    <div class=\"bonus-text text-center\"><span class=\"red\">250% bis zu $1.500<\/span><\/div>\n\t\t\t\t\t\n\n                <\/div>\n                <div class=\"col-sm-2\">\n                    <a class=\"btn btn-wire\" href=\"\/de\/casino\/cafe-casino\/\">\u00dcberpr\u00fcfung<\/a>\n\n                <\/div>\n                <div class=\"col-sm-3\">\n                    <a rel=\"nofollow\" target=\"_blank\" class=\"btn btn-blue\" href=\"\/goto\/goto\/\">Spielen\n                        Jetzt<\/a>\n\t\t\t\t\t\t\n\n                <\/div>\n            <\/div>\n        <\/div>\n\n\n\n            <\/div>\n<\/div><\/p>\n<h3>Auswirkung von Regelvariationen auf den Vorteil des Spielers<\/h3>\n<p>(Angenommen, es gibt 6 Decks, eine Verdopplung bei den ersten beiden Karten, keine Verdopplung nach dem Teilen, erneutes Teilen aller Paare au\u00dfer Asse, eine Versicherung ist verf\u00fcgbar und der Dealer bleibt bei Ass-6 stehen.  Daraus ergibt sich ein Vorteil von -.54% f\u00fcr den Spieler).<\/p>\n<div class=\"col-sm-6 col-center\">\n<table class=\"data-table text-center\">\n<tbody>\n<tr>\n<th>\u00c4nderungen, die dem Spieler helfen<\/th>\n<th>Ver\u00e4nderung der Kante<\/th>\n<\/tr>\n<tr>\n<td>Verdoppelung nach Split<\/td>\n<td>+.14%<\/td>\n<\/tr>\n<tr>\n<td>Resplit-Asse<\/td>\n<td>+.07%<\/td>\n<\/tr>\n<tr>\n<td>Vorzeitige Kapitulation vs. alle<\/td>\n<td>+.70%<\/td>\n<\/tr>\n<tr>\n<td>Vorzeitige Kapitulation vs. 10 0nly<\/td>\n<td>+.30%<\/td>\n<\/tr>\n<tr>\n<td>Sp\u00e4te Kapitulation<\/td>\n<td>+.08%<\/td>\n<\/tr>\n<tr>\n<td>Einzelnes Deck<\/td>\n<td>+.50%<\/td>\n<\/tr>\n<tr>\n<td>Zwei Decks<\/td>\n<td>+.20%<\/td>\n<\/tr>\n<tr>\n<td>Vier Decks<\/td>\n<td>+.05%<\/td>\n<\/tr>\n<\/tbody>\n<\/table>\n<\/div>\n<div class=\"col-sm-6 col-center\">\n<table class=\"data-table text-center\">\n<tbody>\n<tr>\n<th>\u00c4nderungen, die dem Spieler schaden<\/th>\n<th>\u00c4nderungen am Rand<\/th>\n<\/tr>\n<tr>\n<td>Dealer schl\u00e4gt A-6<\/td>\n<td>-.20%<\/td>\n<\/tr>\n<tr>\n<td>Double nur auf 11<\/td>\n<td>-.46%<\/td>\n<\/tr>\n<tr>\n<td>Double nur auf 10,11<\/td>\n<td>-.09%<\/td>\n<\/tr>\n<tr>\n<td>Nur Doppelg\u00e4nger 9, 10,11<\/td>\n<td>-.09%<\/td>\n<\/tr>\n<tr>\n<td>Keine Neuaufteilung von Paaren<\/td>\n<td>-.04%<\/td>\n<\/tr>\n<tr>\n<td>Keine Versicherung (wenn Sie die Karten z\u00e4hlen)<\/td>\n<td>-.40%<\/td>\n<\/tr>\n<\/tbody>\n<\/table>\n<\/div>\n<p><b>Um den Vorteil des Casinos gegen\u00fcber Ihnen zu Beginn eines Schuhs zu bestimmen, addieren oder subtrahieren Sie einfach die oben aufgef\u00fchrten Regelvariationen vom \"Basisspiel\". <\/b> Wenn Sie beispielsweise ein Spiel mit zwei Kartendecks spielen, f\u00fcr das dieselben Regeln gelten wie f\u00fcr das Basisspiel, wird der Casinovorteil wie folgt berechnet.<\/p>\n<p class=\"text-center gbs-big\">\nBasisspiel -.54%<br \/>\nZwei Decks +.20%<br \/>\n_____________________<br \/>\nSpielerrand -.34%<\/p>\n<h3>Wirkung der Deckdurchdringung<\/h3>\n<p><b>Wie weit der Geber vor dem Mischen in die Kartenbl\u00e4tter eindringt, kann einen gro\u00dfen Einfluss auf Ihre Gewinne haben. <\/b> Der Grund daf\u00fcr ist, dass bei einer geringen Penetration die \"hohen\" Counts, mit denen Sie mehr setzen k\u00f6nnen, bei Decks, bei denen fr\u00fch gemischt wird, seltener auftreten.  Die folgende Tabelle zeigt, wie oft die Counts bei verschiedenen Durchdringungsgraden prozentual auftreten.<\/p>\n<div class=\"col-sm-6 col-center\">\n<table class=\"data-table text-center\">\n<tbody>\n<tr>\n<th colspan=\"6\">Prozentuales Vorkommen bei...<\/th>\n<\/tr>\n<tr>\n<td>Wahre Zahl<\/td>\n<td>50%<\/td>\n<td>65%<\/td>\n<td>75%<\/td>\n<td>85% Durchdringung<\/td>\n<\/tr>\n<tr>\n<td>+1<\/td>\n<td>15<\/td>\n<td>15<\/td>\n<td>13<\/td>\n<td>13<\/td>\n<\/tr>\n<tr>\n<td>+2<\/td>\n<td>8<\/td>\n<td>7<\/td>\n<td>8<\/td>\n<td>8<\/td>\n<\/tr>\n<tr>\n<td>+3<\/td>\n<td>3<\/td>\n<td>4<\/td>\n<td>4<\/td>\n<td>5<\/td>\n<\/tr>\n<tr>\n<td>+4<\/td>\n<td>1.5<\/td>\n<td>2.5<\/td>\n<td>3<\/td>\n<td>4<\/td>\n<\/tr>\n<tr>\n<td>+5<\/td>\n<td>1<\/td>\n<td>1<\/td>\n<td>2<\/td>\n<td>2<\/td>\n<\/tr>\n<tr>\n<td>+6<\/td>\n<td>.5<\/td>\n<td>1<\/td>\n<td>2<\/td>\n<td>2<\/td>\n<\/tr>\n<tr>\n<td>+7<\/td>\n<td>0<\/td>\n<td>.5<\/td>\n<td>1<\/td>\n<td>1.5<\/td>\n<\/tr>\n<tr>\n<td>+8<\/td>\n<td>0<\/td>\n<td>0<\/td>\n<td>.5<\/td>\n<td>1<\/td>\n<\/tr>\n<tr>\n<td>+9<\/td>\n<td>0<\/td>\n<td>0<\/td>\n<td>0<\/td>\n<td>.5<\/td>\n<\/tr>\n<tr>\n<td>+10<\/td>\n<td>0<\/td>\n<td>0<\/td>\n<td>0<\/td>\n<td>.5<\/td>\n<\/tr>\n<\/tbody>\n<\/table>\n<\/div>\n<p><b>Lassen Sie uns untersuchen, was ich hier zu sagen versuche.<\/b>  Wenn Sie bei einem Spiel mit einer Penetration von nur 50% spielen, werden von 100 H\u00e4nden im Durchschnitt nur 29 einen True Count von 1 oder besser haben.  Da ein True Count von 1 erforderlich ist, um mit dem Haus gleichzuziehen, sind nur 14 H\u00e4nde, bei denen Sie einen Vorteil haben.  Sehen Sie sich nun die Statistik f\u00fcr ein Spiel mit 85% Penetration an.  Hier sind etwa 37,5% der H\u00e4nde ausgeglichen oder besser und fast ein Viertel sind H\u00e4nde, bei denen Sie einen Vorteil haben.<\/p>\n<h3>SIE VERSCHWENDEN IHRE ZEIT UND IHR GELD, WENN SIE AN EINEM SPIEL MIT EINER PENETRATION VON WENIGER ALS 65% TEILNEHMEN.<\/h3>\n<p><b>Selbst wenn ein Spiel nicht die besten Regeln bietet, kann es immer noch geschlagen werden, wenn eine gute Penetration vorhanden ist. <\/b> Denken Sie daran, dass Sie ein Spiel verlassen sollten, wenn der Z\u00e4hlerstand unter eine echte minus 1 f\u00e4llt, so dass Sie die meiste Zeit Ihrer Spielzeit damit verbringen, Eins\u00e4tze in der so genannten \"Gewinnzone\" zu t\u00e4tigen.<\/p>\n<h3>Hausaufgaben<\/h3>\n<p>Berechnen Sie den Startvorteil des Spielers f\u00fcr Folgendes:<\/p>\n<ul>\n<li>Single Deck, Verdopplung nur bei 10 und 11 und wenn der Dealer A-6 trifft.  Resplits (au\u00dfer Asse) sind erlaubt und eine Versicherung ist verf\u00fcgbar.<\/li>\n<li>Sechs Decks, Dealer steht auf A-6, Verdopplung der ersten beiden Karten, Verdopplung nach Split ist erlaubt, Resplitting erlaubt, einschlie\u00dflich Asse und Versicherung ist verf\u00fcgbar.<\/li>\n<li>Zwei Decks, Verdoppelung bei den ersten beiden Karten, keine erneute Teilung von Paaren, keine Verdoppelung nach der Teilung erlaubt, sp\u00e4te Abgabe und Versicherung ist m\u00f6glich.<\/li>\n<\/ul>\n<p>Die richtigen Antworten zu diesem Quiz werde ich in der n\u00e4chsten Lektion ver\u00f6ffentlichen.<\/p>","protected":false},"excerpt":{"rendered":"<p>While almost all Blackjack games are ultimately beatable, the rewards to be gained from marginal situations do not adequately compensate you for your time and risk. Therefore, you must evaluate a game in several ways before playing it. Two primary areas of concern are the house rules of the game, including the number of decks [&hellip;]<\/p>\n","protected":false},"author":2,"featured_media":0,"parent":634,"menu_order":0,"comment_status":"open","ping_status":"open","template":"page-blackjack-school.php","meta":{"_acf_changed":false,"footnotes":""},"tags":[],"class_list":["post-729","page","type-page","status-publish","hentry"],"acf":[],"yoast_head":"<!-- This site is optimized with the Yoast SEO plugin v26.6 - https:\/\/yoast.com\/wordpress\/plugins\/seo\/ -->\n<title>Blackjack School \u1408 Lesson 11 - Evaluating Games<\/title>\n<meta name=\"description\" content=\"Lesson 11 in the GameMaster&#039;s Free Blackjack School - How to Evaluate and Choose the Best Games\" \/>\n<meta name=\"robots\" content=\"index, follow, max-snippet:-1, max-image-preview:large, max-video-preview:-1\" \/>\n<link rel=\"canonical\" href=\"https:\/\/www.blackjackinfo.com\/de\/blackjack-schule\/lektion-11-bewertung-von-spielen\/\" \/>\n<meta property=\"og:locale\" content=\"de_DE\" \/>\n<meta property=\"og:type\" content=\"article\" \/>\n<meta property=\"og:title\" content=\"Blackjack School \u1408 Lesson 11 - Evaluating Games\" \/>\n<meta property=\"og:description\" content=\"Lesson 11 in the GameMaster&#039;s Free Blackjack School - How to Evaluate and Choose the Best Games\" \/>\n<meta property=\"og:url\" content=\"https:\/\/www.blackjackinfo.com\/de\/blackjack-schule\/lektion-11-bewertung-von-spielen\/\" \/>\n<meta property=\"og:site_name\" content=\"BlackjackInfo.com\" \/>\n<meta property=\"article:modified_time\" content=\"2020-02-18T23:57:23+00:00\" \/>\n<meta name=\"twitter:label1\" content=\"Gesch\u00e4tzte Lesezeit\" \/>\n\t<meta name=\"twitter:data1\" content=\"3\u00a0Minuten\" \/>\n<script type=\"application\/ld+json\" class=\"yoast-schema-graph\">{\"@context\":\"https:\/\/schema.org\",\"@graph\":[{\"@type\":\"WebPage\",\"@id\":\"https:\/\/www.blackjackinfo.com\/blackjack-school\/lesson-11-evaluating-games\/\",\"url\":\"https:\/\/www.blackjackinfo.com\/blackjack-school\/lesson-11-evaluating-games\/\",\"name\":\"Blackjack School \u1408 Lesson 11 - Evaluating Games\",\"isPartOf\":{\"@id\":\"https:\/\/www.blackjackinfo.com\/#website\"},\"datePublished\":\"2014-10-20T01:37:05+00:00\",\"dateModified\":\"2020-02-18T23:57:23+00:00\",\"description\":\"Lesson 11 in the GameMaster's Free Blackjack School - How to Evaluate and Choose the Best Games\",\"breadcrumb\":{\"@id\":\"https:\/\/www.blackjackinfo.com\/blackjack-school\/lesson-11-evaluating-games\/#breadcrumb\"},\"inLanguage\":\"de\",\"potentialAction\":[{\"@type\":\"ReadAction\",\"target\":[\"https:\/\/www.blackjackinfo.com\/blackjack-school\/lesson-11-evaluating-games\/\"]}]},{\"@type\":\"BreadcrumbList\",\"@id\":\"https:\/\/www.blackjackinfo.com\/blackjack-school\/lesson-11-evaluating-games\/#breadcrumb\",\"itemListElement\":[{\"@type\":\"ListItem\",\"position\":1,\"name\":\"Home\",\"item\":\"https:\/\/www.blackjackinfo.com\/\"},{\"@type\":\"ListItem\",\"position\":2,\"name\":\"Blackjack School &#8211; A Free 24-Lesson Class on Card Counting\",\"item\":\"https:\/\/www.blackjackinfo.com\/blackjack-school\/\"},{\"@type\":\"ListItem\",\"position\":3,\"name\":\"Lesson 11 &#8211; Evaluating Games\"}]},{\"@type\":\"WebSite\",\"@id\":\"https:\/\/www.blackjackinfo.com\/#website\",\"url\":\"https:\/\/www.blackjackinfo.com\/\",\"name\":\"BlackjackInfo.com\",\"description\":\"Because Winning is More Fun!\",\"potentialAction\":[{\"@type\":\"SearchAction\",\"target\":{\"@type\":\"EntryPoint\",\"urlTemplate\":\"https:\/\/www.blackjackinfo.com\/?s={search_term_string}\"},\"query-input\":{\"@type\":\"PropertyValueSpecification\",\"valueRequired\":true,\"valueName\":\"search_term_string\"}}],\"inLanguage\":\"de\"}]}<\/script>\n<!-- \/ Yoast SEO plugin. -->","yoast_head_json":{"title":"Blackjack School \u1408 Lektion 11 - Bewertung von Spielen","description":"Lektion 11 der GameMaster's Free Blackjack School - Wie man die besten Spiele bewertet und ausw\u00e4hlt","robots":{"index":"index","follow":"follow","max-snippet":"max-snippet:-1","max-image-preview":"max-image-preview:large","max-video-preview":"max-video-preview:-1"},"canonical":"https:\/\/www.blackjackinfo.com\/de\/blackjack-schule\/lektion-11-bewertung-von-spielen\/","og_locale":"de_DE","og_type":"article","og_title":"Blackjack School \u1408 Lesson 11 - Evaluating Games","og_description":"Lesson 11 in the GameMaster's Free Blackjack School - How to Evaluate and Choose the Best Games","og_url":"https:\/\/www.blackjackinfo.com\/de\/blackjack-schule\/lektion-11-bewertung-von-spielen\/","og_site_name":"BlackjackInfo.com","article_modified_time":"2020-02-18T23:57:23+00:00","twitter_misc":{"Gesch\u00e4tzte Lesezeit":"3\u00a0Minuten"},"schema":{"@context":"https:\/\/schema.org","@graph":[{"@type":"WebPage","@id":"https:\/\/www.blackjackinfo.com\/blackjack-school\/lesson-11-evaluating-games\/","url":"https:\/\/www.blackjackinfo.com\/blackjack-school\/lesson-11-evaluating-games\/","name":"Blackjack School \u1408 Lektion 11 - Bewertung von Spielen","isPartOf":{"@id":"https:\/\/www.blackjackinfo.com\/#website"},"datePublished":"2014-10-20T01:37:05+00:00","dateModified":"2020-02-18T23:57:23+00:00","description":"Lektion 11 der GameMaster's Free Blackjack School - Wie man die besten Spiele bewertet und ausw\u00e4hlt","breadcrumb":{"@id":"https:\/\/www.blackjackinfo.com\/blackjack-school\/lesson-11-evaluating-games\/#breadcrumb"},"inLanguage":"de","potentialAction":[{"@type":"ReadAction","target":["https:\/\/www.blackjackinfo.com\/blackjack-school\/lesson-11-evaluating-games\/"]}]},{"@type":"BreadcrumbList","@id":"https:\/\/www.blackjackinfo.com\/blackjack-school\/lesson-11-evaluating-games\/#breadcrumb","itemListElement":[{"@type":"ListItem","position":1,"name":"Home","item":"https:\/\/www.blackjackinfo.com\/"},{"@type":"ListItem","position":2,"name":"Blackjack School &#8211; A Free 24-Lesson Class on Card Counting","item":"https:\/\/www.blackjackinfo.com\/blackjack-school\/"},{"@type":"ListItem","position":3,"name":"Lesson 11 &#8211; Evaluating Games"}]},{"@type":"WebSite","@id":"https:\/\/www.blackjackinfo.com\/#website","url":"https:\/\/www.blackjackinfo.com\/","name":"BlackjackInfo.de","description":"Denn Gewinnen macht mehr Spa\u00df!","potentialAction":[{"@type":"SearchAction","target":{"@type":"EntryPoint","urlTemplate":"https:\/\/www.blackjackinfo.com\/?s={search_term_string}"},"query-input":{"@type":"PropertyValueSpecification","valueRequired":true,"valueName":"search_term_string"}}],"inLanguage":"de"}]}},"_links":{"self":[{"href":"https:\/\/www.blackjackinfo.com\/de\/wp-json\/wp\/v2\/pages\/729","targetHints":{"allow":["GET"]}}],"collection":[{"href":"https:\/\/www.blackjackinfo.com\/de\/wp-json\/wp\/v2\/pages"}],"about":[{"href":"https:\/\/www.blackjackinfo.com\/de\/wp-json\/wp\/v2\/types\/page"}],"author":[{"embeddable":true,"href":"https:\/\/www.blackjackinfo.com\/de\/wp-json\/wp\/v2\/users\/2"}],"replies":[{"embeddable":true,"href":"https:\/\/www.blackjackinfo.com\/de\/wp-json\/wp\/v2\/comments?post=729"}],"version-history":[{"count":7,"href":"https:\/\/www.blackjackinfo.com\/de\/wp-json\/wp\/v2\/pages\/729\/revisions"}],"predecessor-version":[{"id":5461,"href":"https:\/\/www.blackjackinfo.com\/de\/wp-json\/wp\/v2\/pages\/729\/revisions\/5461"}],"up":[{"embeddable":true,"href":"https:\/\/www.blackjackinfo.com\/de\/wp-json\/wp\/v2\/pages\/634"}],"wp:attachment":[{"href":"https:\/\/www.blackjackinfo.com\/de\/wp-json\/wp\/v2\/media?parent=729"}],"wp:term":[{"taxonomy":"post_tag","embeddable":true,"href":"https:\/\/www.blackjackinfo.com\/de\/wp-json\/wp\/v2\/tags?post=729"}],"curies":[{"name":"wp","href":"https:\/\/api.w.org\/{rel}","templated":true}]}}