{"id":731,"date":"2014-10-19T20:41:43","date_gmt":"2014-10-20T01:41:43","guid":{"rendered":"http:\/\/test.blackjackinfo.com\/?page_id=731"},"modified":"2020-02-18T17:57:34","modified_gmt":"2020-02-18T23:57:34","slug":"lektion-12-spieltaktiken-im-casino","status":"publish","type":"page","link":"https:\/\/www.blackjackinfo.com\/de\/blackjack-school\/lesson-12-casino-playing-tactics\/","title":{"rendered":"Lektion 12 - Spieltaktiken im Casino"},"content":{"rendered":"<h3>Was sind Casinospiel-Taktiken?<\/h3>\n<p class=\"intro\">\n<b>Es ist eine traurige Tatsache, dass das Kasinopersonal, insbesondere die Aufseher und Pitchefs, es nicht m\u00f6gen, wenn Kartenz\u00e4hler bei ihren Blackjack-Spielen mitspielen.<\/b>  Sie wissen, dass das Spiel von einem geschickten Spieler geschlagen werden kann. Je nachdem, wie stark ihre Paranoia ausgepr\u00e4gt ist, kann ihre Reaktion auf einen Spieler, der gewinnt und verd\u00e4chtigt wird, ein Gegenspieler zu sein, von genauer Pr\u00fcfung (\"Hitze\") bis hin zum v\u00f6lligen Ausschluss des Spielers reichen.  Folglich muss ein geschickter Spieler seine F\u00e4higkeiten verbergen und nur als ein weiterer \"Verlierer\" erscheinen, w\u00e4hrend er im Spiel gewinnt.  Die richtige Casinotaktik hilft dabei, Ihre F\u00e4higkeiten zu verbergen, so dass Sie weiter spielen k\u00f6nnen.<\/p>\n<h3>Ein Casino-'Profil' eines Schalters<\/h3>\n<p>Kasinobetreiber glauben, dass sie ein Profil von Kartenz\u00e4hlern haben und sie an deren Verhalten erkennen k\u00f6nnen.  Die Liste ist zwar lang, aber hier sind einige ihrer Vorurteile:<\/p>\n<ol>\n<li>Kartenz\u00e4hler sind in der Regel junge, wei\u00dfe M\u00e4nner (wahrscheinlich mit B\u00e4rten), die sich f\u00fcr die Menge an Geld, mit der sie um sich werfen, zu leger kleiden.<\/li>\n<li>Die Kartenz\u00e4hler \"erkunden\" die Tische in einer Grube und suchen nach einer guten Anzahl, bevor sie sich setzen.<\/li>\n<li>Ein Z\u00e4hler wird $200-300 in Chips umwandeln, aber dann nur $5 oder $10 auf die erste Hand setzen.<\/li>\n<li>Die Z\u00e4hler sprechen mit niemandem; sie starren auf das Ablagefach und \u00fcberpr\u00fcfen den Tisch erneut, um den Z\u00e4hlerstand zu kontrollieren.<\/li>\n<li>Die Z\u00e4hler rauchen nicht und trinken keinen Alkohol.<\/li>\n<li>Ein Z\u00e4hler \u00fcberlegt eine Weile, bevor er seinen Einsatz macht.<\/li>\n<li>Ein Gegenspieler z\u00f6gert nicht, bevor er ein \"steifes\" Blatt spielt.<\/li>\n<li>Ein Gegenspieler nimmt nie eine Versicherung an, wenn der Mindesteinsatz drau\u00dfen ist, aber er nimmt eine Versicherung an, wenn ein gro\u00dfer Einsatz drau\u00dfen ist, unabh\u00e4ngig von seiner Hand.<\/li>\n<li>Ein Z\u00e4hler variiert seinen Einsatz \u00fcber ein 'Parlay' hinaus.<\/li>\n<li>Die Z\u00e4hler geben den H\u00e4ndlern kein Trinkgeld.<\/li>\n<li>Ein Counter zieht einen gro\u00dfen Einsatz zur\u00fcck und senkt ihn bei einem 'Push' oder wenn der Schuh endet.<\/li>\n<li>Ein Z\u00e4hler macht immer einen Mindesteinsatz bei der ersten Hand eines neu gemischten Blattes.<\/li>\n<\/ol>\n<div class=\"row\" style=\"margin-bottom:20px\">\n    <div class=\"col-sm-12\">\n                <h2>Top US Online Casinos <span\n                class=\"flag-icon flag-icon-us\"><\/span><\/h2>\n\n        \n                \n        <div class=\"ranking-table text-center\">\n            <div class=\"row flex ad-row\">\n                <div class=\"col-sm-3\">\n                    <div class=\"row flex\">\n\n                        <div class=\"col-sm-3\">\n                            <div class=\"ranking-number text-center\">\n\n                                1                                \n                            <\/div>\n                        <\/div>\n                        <div class=\"col-sm-9\">\n                            <img decoding=\"async\" src=\"https:\/\/www.blackjackinfo.com\/files\/bovada.png\" data-no-auto-translation=\"\">\n                        <\/div>\n                    <\/div>\n                <\/div>\n                <div class=\"col-sm-4\">\n                    <div class=\"bonus-text text-center\"><span class=\"red\">100% bis zu $1.000<\/span><\/div>\n\t\t\t\t\t\n\n                <\/div>\n                <div class=\"col-sm-2\">\n                    <a class=\"btn btn-wire\" href=\"\/de\/casino\/bovada\/\">\u00dcberpr\u00fcfung<\/a>\n\n                <\/div>\n                <div class=\"col-sm-3\">\n                    <a rel=\"nofollow\" target=\"_blank\" class=\"btn btn-blue\" href=\"\/goto\/goto\/\">Spielen\n                        Jetzt<\/a>\n\t\t\t\t\t\t\n\n                <\/div>\n            <\/div>\n        <\/div>\n\n\n\n        \n                \n        <div class=\"ranking-table text-center\">\n            <div class=\"row flex ad-row\">\n                <div class=\"col-sm-3\">\n                    <div class=\"row flex\">\n\n                        <div class=\"col-sm-3\">\n                            <div class=\"ranking-number text-center\">\n\n                                2                                \n                            <\/div>\n                        <\/div>\n                        <div class=\"col-sm-9\">\n                            <img decoding=\"async\" src=\"https:\/\/www.blackjackinfo.com\/files\/ignition-casino-logo.png\" data-no-auto-translation=\"\">\n                        <\/div>\n                    <\/div>\n                <\/div>\n                <div class=\"col-sm-4\">\n                    <div class=\"bonus-text text-center\"><span class=\"red\">100% bis zu $1.000<\/span><\/div>\n\t\t\t\t\t\n\n                <\/div>\n                <div class=\"col-sm-2\">\n                    <a class=\"btn btn-wire\" href=\"\/de\/casino\/ignition-casino\/\">\u00dcberpr\u00fcfung<\/a>\n\n                <\/div>\n                <div class=\"col-sm-3\">\n                    <a rel=\"nofollow\" target=\"_blank\" class=\"btn btn-blue\" href=\"\/goto\/goto\/\">Spielen\n                        Jetzt<\/a>\n\t\t\t\t\t\t\n\n                <\/div>\n            <\/div>\n        <\/div>\n\n\n\n        \n                \n        <div class=\"ranking-table text-center\">\n            <div class=\"row flex ad-row\">\n                <div class=\"col-sm-3\">\n                    <div class=\"row flex\">\n\n                        <div class=\"col-sm-3\">\n                            <div class=\"ranking-number text-center\">\n\n                                3                                \n                            <\/div>\n                        <\/div>\n                        <div class=\"col-sm-9\">\n                            <img decoding=\"async\" src=\"https:\/\/www.blackjackinfo.com\/files\/VipSlots-500x250_dark.svg\" data-no-auto-translation=\"\">\n                        <\/div>\n                    <\/div>\n                <\/div>\n                <div class=\"col-sm-4\">\n                    <div class=\"bonus-text text-center\"><span class=\"red\">100 GRATIS SPINS bei Secret Life of Cats<\/span><\/div>\n\t\t\t\t\t\n\n                <\/div>\n                <div class=\"col-sm-2\">\n                    <a class=\"btn btn-wire\" href=\"\/de\/casino\/vipslots-casino\/\">\u00dcberpr\u00fcfung<\/a>\n\n                <\/div>\n                <div class=\"col-sm-3\">\n                    <a rel=\"nofollow\" target=\"_blank\" class=\"btn btn-blue\" href=\"\/goto\/goto\/\">Spielen\n                        Jetzt<\/a>\n\t\t\t\t\t\t\n\n                <\/div>\n            <\/div>\n        <\/div>\n\n\n\n        \n                \n        <div class=\"ranking-table text-center\">\n            <div class=\"row flex ad-row\">\n                <div class=\"col-sm-3\">\n                    <div class=\"row flex\">\n\n                        <div class=\"col-sm-3\">\n                            <div class=\"ranking-number text-center\">\n\n                                4                                \n                            <\/div>\n                        <\/div>\n                        <div class=\"col-sm-9\">\n                            <img decoding=\"async\" src=\"https:\/\/www.blackjackinfo.com\/files\/vegas_casino_online.png\" data-no-auto-translation=\"\">\n                        <\/div>\n                    <\/div>\n                <\/div>\n                <div class=\"col-sm-4\">\n                    <div class=\"bonus-text text-center\"><span class=\"red\">300% bis zu $3.000<\/span><\/div>\n\t\t\t\t\t\n\n                <\/div>\n                <div class=\"col-sm-2\">\n                    <a class=\"btn btn-wire\" href=\"\/de\/casino\/vegas-casino-online-2\/\">\u00dcberpr\u00fcfung<\/a>\n\n                <\/div>\n                <div class=\"col-sm-3\">\n                    <a rel=\"nofollow\" target=\"_blank\" class=\"btn btn-blue\" href=\"\/goto\/goto\/\">Spielen\n                        Jetzt<\/a>\n\t\t\t\t\t\t\n\n                <\/div>\n            <\/div>\n        <\/div>\n\n\n\n        \n                \n        <div class=\"ranking-table text-center\">\n            <div class=\"row flex ad-row\">\n                <div class=\"col-sm-3\">\n                    <div class=\"row flex\">\n\n                        <div class=\"col-sm-3\">\n                            <div class=\"ranking-number text-center\">\n\n                                5                                \n                            <\/div>\n                        <\/div>\n                        <div class=\"col-sm-9\">\n                            <img decoding=\"async\" src=\"https:\/\/www.blackjackinfo.com\/files\/cafe-casino-logo.svg\" data-no-auto-translation=\"\">\n                        <\/div>\n                    <\/div>\n                <\/div>\n                <div class=\"col-sm-4\">\n                    <div class=\"bonus-text text-center\"><span class=\"red\">250% bis zu $1.500<\/span><\/div>\n\t\t\t\t\t\n\n                <\/div>\n                <div class=\"col-sm-2\">\n                    <a class=\"btn btn-wire\" href=\"\/de\/casino\/cafe-casino\/\">\u00dcberpr\u00fcfung<\/a>\n\n                <\/div>\n                <div class=\"col-sm-3\">\n                    <a rel=\"nofollow\" target=\"_blank\" class=\"btn btn-blue\" href=\"\/goto\/goto\/\">Spielen\n                        Jetzt<\/a>\n\t\t\t\t\t\t\n\n                <\/div>\n            <\/div>\n        <\/div>\n\n\n\n            <\/div>\n<\/div>\n<h3>Kartenz\u00e4hler Camouflage<\/h3>\n<p><b>Um beim Blackjack Geld zu verdienen, m\u00fcssen Sie Ihr Willkommen in den Casinos aufrechterhalten.<\/b>  Aber auch wenn Sie das Gef\u00fchl haben, dass ein gro\u00dfes rotes \"C\" auf Ihrer Stirn prangt, wenn Sie die ersten Male als Z\u00e4hler spielen, ist das nicht der Fall, und wenn Sie einige der \"Anf\u00e4nger\"-Fehler vermeiden, werden die Casinokontrolleure Ihnen wahrscheinlich gar keine Aufmerksamkeit schenken.<\/p>\n<p><b>Wenn Sie um hohe Eins\u00e4tze spielen, werden Sie bemerkt, egal ob Sie gewinnen oder verlieren; Spieler mit hohen Eins\u00e4tzen werden immer bemerkt.<\/b>  Aber wenn Sie mit der von mir empfohlenen Spanne von $5 bis $60 beginnen, werden Sie wahrscheinlich \u00fcberhaupt nicht auffallen.  Wie oft Sie in einem bestimmten Casino spielen, hat viel damit zu tun.  Denken Sie daran, dass die meisten Casinos mindestens zwei Schichten haben, also versuchen Sie, Ihr Spiel auf verschiedene Casinos und Schichten zu verteilen.<b> VERMEIDEN, VON EINER SCHICHT ZUR N\u00c4CHSTEN ZU WECHSELN<\/b>.  Wenn Sie Ihre Sitzungen relativ kurz halten, werden sie lange brauchen, um \u00fcberhaupt herauszufinden, was Sie da tun.<\/p>\n<p>Der eigentliche Schl\u00fcssel zur T\u00e4uschung des Kasinopersonals besteht darin, den Anschein zu erwecken, man sei ein gew\u00f6hnlicher Spieler.  Hier sind einige Techniken, die ich anwende.<\/p>\n<ol>\n<li>Kleiden Sie sich Ihrem Einsatzniveau entsprechend.  Ein \"High-Roller\" sollte wie ein wohlhabender Mensch aussehen und nicht, wie es ein Autor ausdr\u00fcckte, \"wie ein arbeitsloser Aushilfslehrer\".  Wenn Sie unter der Woche tags\u00fcber in ein \u00f6rtliches Kasino gehen, kleiden Sie sich wie ein Gesch\u00e4ftsmann, der das B\u00fcro schw\u00e4nzt.  Kleiden Sie sich NICHT wie ein Tourist (eine sehr wirksame Verkleidung), wenn man Sie n\u00e4chste Woche wiedersehen wird.<\/li>\n<li>Wenn Sie ein Kasino betreten, gehen Sie direkt zu einem Tisch, an dem der Croupier gerade die Karten mischt, und setzen Sie sich.  Sprechen Sie mit dem Dealer, oder sagen Sie zumindest \"Hallo\".<\/li>\n<li>Wenn Sie mit einem Mindesteinsatz von $5 spielen, kaufen Sie sich f\u00fcr weniger als $100, aber mehr als $40 ein.  Verwenden Sie keine Begriffe wie \"rot\" oder \"gr\u00fcn\", \"nickels\" oder \"quarters\".  Nennen Sie die Chips $5 oder $25 Chips.<\/li>\n<li>Bestellen Sie nichts bei den Cocktail-Servierern; sie sind zu langsam und das Warten auf ein Getr\u00e4nk kann dazu f\u00fchren, dass Sie w\u00e4hrend der Wartezeit mit einem negativen Deck spielen.  Bestellen Sie stattdessen alkoholfreie Getr\u00e4nke an der Bar (O'Doul's, Orangensaft, irgendetwas mit einer Limette) und nehmen Sie sie mit.<\/li>\n<li>Versuchen Sie, immer einen Einsatz in Ihrem Wettkreis zu haben.  Denken Sie daran, dass nur Z\u00e4hler dar\u00fcber nachdenken, wie viel sie setzen sollen; Spieler setzen einfach etwas.  Wenn Sie einen Bust oder einen Blackjack bekommen haben, platzieren Sie Ihren n\u00e4chsten Einsatz, w\u00e4hrend der Dealer sein Blatt spielt.  Mit etwas \u00dcbung wird Ihr Einsatz der richtige Betrag sein, aber es sieht nicht so aus, als ob Sie viel dar\u00fcber nachdenken m\u00fcssten, wie viel Sie setzen sollen.<\/li>\n<li>Spieler verlassen einen Tisch NIEMALS nach einem Gewinn.  Wenn der Z\u00e4hler unter -1 gefallen ist, spielen Sie mit dem Mindesteinsatz weiter, bis Sie ein Blatt verlieren.<\/li>\n<li>Z\u00f6gern Sie, bevor Sie ein \"steifes\" Blatt schlagen.  Mit den Karten zu sprechen hilft.<\/li>\n<li>Versichern Sie gelegentlich Ihren Blackjack gegen das Ass des Dealers, wenn Sie den Mindesteinsatz haben.  Fragen Sie nicht nach \"gleichem Geld\", sondern tun Sie so, als w\u00fcssten Sie nicht, wie das Ganze funktioniert.  Dies wird auch den Dealer dazu bringen, in Zukunft langsamer zu versichern, was Ihnen zus\u00e4tzliche Zeit gibt, den wahren Wert zu berechnen.  Es ist am besten, diese \"minimale\" Versicherungswette zu machen, wenn eine Aufsichtsperson zuschaut.<\/li>\n<li>Wenn Sie dem Geber ein Trinkgeld geben wollen (was Sie sparsam tun sollten), warten Sie, bis die Anzahl der Spieler hoch ist und Sie einen hohen Einsatz gemacht haben.  Wenn Sie zu diesem Zeitpunkt eine Wette f\u00fcr den Dealer platzieren, sieht es so aus, als wollten Sie, dass er Ihnen zum Sieg verhilft.<\/li>\n<li>Beginnen Sie ein- oder zweimal pro Sitzung einen neuen Schuh mit einem Einsatz in H\u00f6he des 2- oder 3-fachen Mindesteinsatzes.<\/li>\n<li>Weichen Sie nicht von der richtigen Grundstrategie ab, um sich zu tarnen; die meisten Casinomitarbeiter wissen ohnehin nicht, wie man richtig spielt.  Perfekte Grundstrategie-Spieler sehen in der Tat wie Idioten aus - eine 12 gegen eine 2 oder 3 zu schlagen oder eine A-7 gegen eine 4 zu verdoppeln ist verr\u00fcckt! (F\u00fcr sie.)<\/li>\n<li>Sprechen Sie nicht mit anderen am Tisch \u00fcber Ihre F\u00e4higkeiten; helfen Sie anderen nicht, ihr Blatt richtig zu spielen.  Geben Sie niemals zu, dass Sie ein Buch \u00fcber Blackjack verstanden haben.  Treten Sie nicht selbstbewusst auf, aber verhalten Sie sich auch nicht wie ein Verlierer, wenn Sie offensichtlich gewinnen - Spieler lieben es, zu gewinnen!<\/li>\n<li>Ich kann mich nicht dazu durchringen, eine zu tragen, aber eine \"G\u00fcrteltasche\" ist wohl eines der entwaffnendsten Dinge, die ein Schalterbeamter tragen kann.  Mit dieser G\u00fcrteltasche und einer Brille halten einen die wenigsten Aufseher f\u00fcr diesen kaltbl\u00fctigen, Karten z\u00e4hlenden, stahlharten Kasinoverwalter.  Aber ich sch\u00e4tze, wenn mein \u00fcbliches Verhalten einmal nachl\u00e4sst, werde ich mir eine besorgen und sie aufsetzen.  Ich bin lieber reich als cool.<\/li>\n<\/ol>\n<h3>Hausaufgaben<\/h3>\n<p>Hier sind die Antworten auf die Aufgabe von letzter Woche.<\/p>\n<p>Berechnen Sie den Startvorteil des Casinos f\u00fcr die folgenden Spiele:<\/p>\n<ul>\n<li>Einzeldeck, nur 10 oder 11 verdoppeln, Dealer trifft A-6. <b>Antwort: .33%<\/b><\/li>\n<li>Sechs Decks, Verdoppelung bei den ersten beiden Karten, Dealer bleibt bei A-6 stehen, Resplit-Paare, inkl. Asse, Verdoppelung nach Split erlaubt. <b>Antwort: .33%<\/b><\/li>\n<li>Zwei Decks, Verdoppelung bei den ersten beiden Karten, keine erneute Teilung von Paaren, keine Verdoppelung nach der Teilung, Dealer bleibt bei A-6 stehen, sp\u00e4te \u00dcbergabe.<b> Antwort: .30% (ich habe nicht angegeben, ob der Dealer auf A-6 steht oder schl\u00e4gt; diese Zahl gilt f\u00fcr ein Spiel, bei dem er steht).<\/b><\/li>\n<\/ul>","protected":false},"excerpt":{"rendered":"<p>What Are Casino Playing Tactics? It&#8217;s a sad fact of life that casino personnel, especially floor supervisors and pit bosses do not like card counters playing at their Blackjack games. They know the game can be beaten by a skilled player, so depending upon how deep their paranoia runs, their reaction to a player who [&hellip;]<\/p>\n","protected":false},"author":2,"featured_media":0,"parent":634,"menu_order":0,"comment_status":"open","ping_status":"open","template":"page-blackjack-school.php","meta":{"_acf_changed":false,"footnotes":""},"tags":[],"class_list":["post-731","page","type-page","status-publish","hentry"],"acf":[],"yoast_head":"<!-- This site is optimized with the Yoast SEO plugin v26.6 - https:\/\/yoast.com\/wordpress\/plugins\/seo\/ -->\n<title>Blackjack School \u1408 Lesson 12 - Casino Playing Tactics<\/title>\n<meta name=\"description\" content=\"Lesson 12 in the GameMaster&#039;s Free Blackjack School - How to behave in the casino to stay welcome.\" \/>\n<meta name=\"robots\" content=\"index, follow, max-snippet:-1, max-image-preview:large, max-video-preview:-1\" \/>\n<link rel=\"canonical\" href=\"https:\/\/www.blackjackinfo.com\/de\/blackjack-schule\/lektion-12-spieltaktiken-im-casino\/\" \/>\n<meta property=\"og:locale\" content=\"de_DE\" \/>\n<meta property=\"og:type\" content=\"article\" \/>\n<meta property=\"og:title\" content=\"Blackjack School \u1408 Lesson 12 - Casino Playing Tactics\" \/>\n<meta property=\"og:description\" content=\"Lesson 12 in the GameMaster&#039;s Free Blackjack School - How to behave in the casino to stay welcome.\" \/>\n<meta property=\"og:url\" content=\"https:\/\/www.blackjackinfo.com\/de\/blackjack-schule\/lektion-12-spieltaktiken-im-casino\/\" \/>\n<meta property=\"og:site_name\" content=\"BlackjackInfo.com\" \/>\n<meta property=\"article:modified_time\" content=\"2020-02-18T23:57:34+00:00\" \/>\n<meta name=\"twitter:label1\" content=\"Gesch\u00e4tzte Lesezeit\" \/>\n\t<meta name=\"twitter:data1\" content=\"6\u00a0Minuten\" \/>\n<script type=\"application\/ld+json\" class=\"yoast-schema-graph\">{\"@context\":\"https:\/\/schema.org\",\"@graph\":[{\"@type\":\"WebPage\",\"@id\":\"https:\/\/www.blackjackinfo.com\/blackjack-school\/lesson-12-casino-playing-tactics\/\",\"url\":\"https:\/\/www.blackjackinfo.com\/blackjack-school\/lesson-12-casino-playing-tactics\/\",\"name\":\"Blackjack School \u1408 Lesson 12 - Casino Playing Tactics\",\"isPartOf\":{\"@id\":\"https:\/\/www.blackjackinfo.com\/#website\"},\"datePublished\":\"2014-10-20T01:41:43+00:00\",\"dateModified\":\"2020-02-18T23:57:34+00:00\",\"description\":\"Lesson 12 in the GameMaster's Free Blackjack School - How to behave in the casino to stay welcome.\",\"breadcrumb\":{\"@id\":\"https:\/\/www.blackjackinfo.com\/blackjack-school\/lesson-12-casino-playing-tactics\/#breadcrumb\"},\"inLanguage\":\"de\",\"potentialAction\":[{\"@type\":\"ReadAction\",\"target\":[\"https:\/\/www.blackjackinfo.com\/blackjack-school\/lesson-12-casino-playing-tactics\/\"]}]},{\"@type\":\"BreadcrumbList\",\"@id\":\"https:\/\/www.blackjackinfo.com\/blackjack-school\/lesson-12-casino-playing-tactics\/#breadcrumb\",\"itemListElement\":[{\"@type\":\"ListItem\",\"position\":1,\"name\":\"Home\",\"item\":\"https:\/\/www.blackjackinfo.com\/\"},{\"@type\":\"ListItem\",\"position\":2,\"name\":\"Blackjack School &#8211; A Free 24-Lesson Class on Card Counting\",\"item\":\"https:\/\/www.blackjackinfo.com\/blackjack-school\/\"},{\"@type\":\"ListItem\",\"position\":3,\"name\":\"Lesson 12 &#8211; Casino Playing Tactics\"}]},{\"@type\":\"WebSite\",\"@id\":\"https:\/\/www.blackjackinfo.com\/#website\",\"url\":\"https:\/\/www.blackjackinfo.com\/\",\"name\":\"BlackjackInfo.com\",\"description\":\"Because Winning is More Fun!\",\"potentialAction\":[{\"@type\":\"SearchAction\",\"target\":{\"@type\":\"EntryPoint\",\"urlTemplate\":\"https:\/\/www.blackjackinfo.com\/?s={search_term_string}\"},\"query-input\":{\"@type\":\"PropertyValueSpecification\",\"valueRequired\":true,\"valueName\":\"search_term_string\"}}],\"inLanguage\":\"de\"}]}<\/script>\n<!-- \/ Yoast SEO plugin. -->","yoast_head_json":{"title":"Blackjack-Schule \u1408 Lektion 12 - Spieltaktiken im Casino","description":"Lektion 12 der GameMaster's Free Blackjack School - Wie man sich im Casino verh\u00e4lt, um willkommen zu sein.","robots":{"index":"index","follow":"follow","max-snippet":"max-snippet:-1","max-image-preview":"max-image-preview:large","max-video-preview":"max-video-preview:-1"},"canonical":"https:\/\/www.blackjackinfo.com\/de\/blackjack-schule\/lektion-12-spieltaktiken-im-casino\/","og_locale":"de_DE","og_type":"article","og_title":"Blackjack School \u1408 Lesson 12 - Casino Playing Tactics","og_description":"Lesson 12 in the GameMaster's Free Blackjack School - How to behave in the casino to stay welcome.","og_url":"https:\/\/www.blackjackinfo.com\/de\/blackjack-schule\/lektion-12-spieltaktiken-im-casino\/","og_site_name":"BlackjackInfo.com","article_modified_time":"2020-02-18T23:57:34+00:00","twitter_misc":{"Gesch\u00e4tzte Lesezeit":"6\u00a0Minuten"},"schema":{"@context":"https:\/\/schema.org","@graph":[{"@type":"WebPage","@id":"https:\/\/www.blackjackinfo.com\/blackjack-school\/lesson-12-casino-playing-tactics\/","url":"https:\/\/www.blackjackinfo.com\/blackjack-school\/lesson-12-casino-playing-tactics\/","name":"Blackjack-Schule \u1408 Lektion 12 - Spieltaktiken im Casino","isPartOf":{"@id":"https:\/\/www.blackjackinfo.com\/#website"},"datePublished":"2014-10-20T01:41:43+00:00","dateModified":"2020-02-18T23:57:34+00:00","description":"Lektion 12 der GameMaster's Free Blackjack School - Wie man sich im Casino verh\u00e4lt, um willkommen zu sein.","breadcrumb":{"@id":"https:\/\/www.blackjackinfo.com\/blackjack-school\/lesson-12-casino-playing-tactics\/#breadcrumb"},"inLanguage":"de","potentialAction":[{"@type":"ReadAction","target":["https:\/\/www.blackjackinfo.com\/blackjack-school\/lesson-12-casino-playing-tactics\/"]}]},{"@type":"BreadcrumbList","@id":"https:\/\/www.blackjackinfo.com\/blackjack-school\/lesson-12-casino-playing-tactics\/#breadcrumb","itemListElement":[{"@type":"ListItem","position":1,"name":"Home","item":"https:\/\/www.blackjackinfo.com\/"},{"@type":"ListItem","position":2,"name":"Blackjack School &#8211; A Free 24-Lesson Class on Card Counting","item":"https:\/\/www.blackjackinfo.com\/blackjack-school\/"},{"@type":"ListItem","position":3,"name":"Lesson 12 &#8211; Casino Playing Tactics"}]},{"@type":"WebSite","@id":"https:\/\/www.blackjackinfo.com\/#website","url":"https:\/\/www.blackjackinfo.com\/","name":"BlackjackInfo.de","description":"Denn Gewinnen macht mehr Spa\u00df!","potentialAction":[{"@type":"SearchAction","target":{"@type":"EntryPoint","urlTemplate":"https:\/\/www.blackjackinfo.com\/?s={search_term_string}"},"query-input":{"@type":"PropertyValueSpecification","valueRequired":true,"valueName":"search_term_string"}}],"inLanguage":"de"}]}},"_links":{"self":[{"href":"https:\/\/www.blackjackinfo.com\/de\/wp-json\/wp\/v2\/pages\/731","targetHints":{"allow":["GET"]}}],"collection":[{"href":"https:\/\/www.blackjackinfo.com\/de\/wp-json\/wp\/v2\/pages"}],"about":[{"href":"https:\/\/www.blackjackinfo.com\/de\/wp-json\/wp\/v2\/types\/page"}],"author":[{"embeddable":true,"href":"https:\/\/www.blackjackinfo.com\/de\/wp-json\/wp\/v2\/users\/2"}],"replies":[{"embeddable":true,"href":"https:\/\/www.blackjackinfo.com\/de\/wp-json\/wp\/v2\/comments?post=731"}],"version-history":[{"count":3,"href":"https:\/\/www.blackjackinfo.com\/de\/wp-json\/wp\/v2\/pages\/731\/revisions"}],"predecessor-version":[{"id":5462,"href":"https:\/\/www.blackjackinfo.com\/de\/wp-json\/wp\/v2\/pages\/731\/revisions\/5462"}],"up":[{"embeddable":true,"href":"https:\/\/www.blackjackinfo.com\/de\/wp-json\/wp\/v2\/pages\/634"}],"wp:attachment":[{"href":"https:\/\/www.blackjackinfo.com\/de\/wp-json\/wp\/v2\/media?parent=731"}],"wp:term":[{"taxonomy":"post_tag","embeddable":true,"href":"https:\/\/www.blackjackinfo.com\/de\/wp-json\/wp\/v2\/tags?post=731"}],"curies":[{"name":"wp","href":"https:\/\/api.w.org\/{rel}","templated":true}]}}