{"id":733,"date":"2014-10-19T20:46:28","date_gmt":"2014-10-20T01:46:28","guid":{"rendered":"http:\/\/test.blackjackinfo.com\/?page_id=733"},"modified":"2020-02-18T17:57:47","modified_gmt":"2020-02-18T23:57:47","slug":"lektion-13-fortgeschrittenenkurs-teil-1","status":"publish","type":"page","link":"https:\/\/www.blackjackinfo.com\/de\/blackjack-school\/lesson-13-advanced-course-part-1\/","title":{"rendered":"Lektion 13 - Der Kurs f\u00fcr Fortgeschrittene - Teil 1"},"content":{"rendered":"<p class=\"intro\">\n<b>Das wirksamste (legale) Mittel, um den Vorteil des Casinos beim Blackjack zu \u00fcberwinden, besteht darin, dass Sie Ihre Eins\u00e4tze entsprechend der wahren Anzahl variieren.<\/b>  Zus\u00e4tzliche Gewinne von 0,2 bis 0,3% sind f\u00fcr diejenigen m\u00f6glich, die das Spiel ihrer H\u00e4nde entsprechend dem wahren Count variieren.  Sie haben zweifellos schon Situationen erlebt, in denen der Z\u00e4hlwert sehr hoch war und Sie einfach wussten, dass Sie mit der 12 gegen die 3 des Dealers eine Bildkarte bekommen w\u00fcrden.  Es gibt einen Punkt, gemessen am True Count, an dem es profitabler ist, mit einer 12 gegen eine 3 zu halten als zu schlagen.  Dies wird als \"grundlegende Strategievariante\" bezeichnet, und Sie werden in dieser Serie eine Menge davon lernen.<\/p>\n<h3>Grundlegende Strategievariationen<\/h3>\n<p><b>In 10% der F\u00e4lle werden Sie Ihr Spiel an die tats\u00e4chliche Anzahl der H\u00e4nde anpassen.  Sollte der Z\u00e4hlwert sinken, werden Sie weniger verdoppeln, mehr \"steife\" H\u00e4nde schlagen und seltener Paare teilen.<\/b>  Wenn die Anzahl steigt, werden Sie h\u00e4ufiger verdoppeln, weniger \"Stiffs\" treffen und mehr Paare teilen.  F\u00fcr jedes grundlegende Strategiespiel gibt es nur eine Variante.  Die Variante f\u00fcr das Blatt 10, 6 gegen 10 besteht beispielsweise darin, dass Sie stehen bleiben, anstatt zu schlagen; Sie w\u00fcrden niemals verdoppeln und Sie d\u00fcrfen nat\u00fcrlich auch nicht teilen.  Ein anderes Beispiel ist 5,4 gegen 2.  Die Grundstrategie besagt, dass man schlagen sollte, aber wenn der Count hoch genug ist, w\u00fcrde man diese Hand verdoppeln.  Ein gutes Beispiel auf der Minusseite ist A-2 gegen 5; die Grundstrategie besagt, dass man verdoppeln sollte, aber wenn der Count unter 0 liegt, sollte man einfach schlagen.  Der einfache Weg, sich so etwas zu merken, ist \"Doppeltes Ass-2 gegen 5 bei 0 oder h\u00f6her\".  Auf die Kurzschrift einer Karteikarte heruntergebrochen hei\u00dft das: A-2 vs. 5 = 0. (Ja, wir kehren zu unseren alten Freunden, den Karteikarten, zur\u00fcck).<\/p>\n<h3>Die Macht der grundlegenden Strategievariationen<\/h3>\n<p><b>Der Wert jeder Variante h\u00e4ngt davon ab, wie oft sie im Durchschnitt verwendet wird. <\/b> Wenn Sie 100.000 H\u00e4nde Blackjack pro Jahr spielen (etwa 20 Stunden pro Woche, das ganze Jahr \u00fcber), k\u00f6nnen Sie damit rechnen, dass Sie etwa 3500 Mal eine Hand mit 16 gegen 10 sehen (3,5%).  Das ist tats\u00e4chlich die Nummer 1 unter den Nicht-Versicherungssituationen.  Jede Variante hat hier einen betr\u00e4chtlichen Wert, einfach weil Sie sie relativ h\u00e4ufig verwenden werden.  Umgekehrt erhalten Sie 9,9 vs. 2 nur 43 Mal in dieser 100.000-H\u00e4nde-Stichprobe, so dass die Variation hier von geringem Wert ist, weil Sie sie nur selten nutzen werden.  Die H\u00e4ufigkeit der H\u00e4nde erm\u00f6glicht es uns, das Erlernen grundlegender Strategievarianten zu priorisieren.<\/p>\n<p><b>Eine der wichtigsten Abweichungen von der Grundstrategie ist die Versicherungswette.<\/b>  Da der Dealer in etwa 7,5% der F\u00e4lle ein Ass als offene Karte zeigt, ist es sehr wichtig zu wissen, wann es sich lohnt, eine Versicherung abzuschlie\u00dfen.  Wenn Sie bei einem Spiel mit sechs Kartendecks spielen, lohnt sich eine Versicherung, wenn die wahre Anzahl 3 oder h\u00f6her ist.  Zu diesem Zeitpunkt sollten Sie immer einen Versicherungseinsatz t\u00e4tigen, unabh\u00e4ngig davon, welche Karten Sie in der Hand halten, da er in keiner Beziehung zu Ihrem Blatt steht.  Das High\/Low-Z\u00e4hlsystem hat eine 'Versicherungseffizienz' von 80%, was bedeutet, dass Sie in 8 von 10 F\u00e4llen das Richtige tun, wenn Sie eine Versicherungswette auf der Grundlage der wahren Anzahl machen.<\/p>\n<p>Wie ich bereits erw\u00e4hnt habe, <b>Ein betr\u00e4chtlicher Nutzen ergibt sich aus dem Erlernen der Varianten, die eine Starthand von 12-16 gegen eine beliebige offene Karte beinhalten, da dies die H\u00e4nde sind, die Sie am h\u00e4ufigsten sehen werden.<\/b>.  Tats\u00e4chlich werden 54% aller Ihrer H\u00e4nde zu irgendeinem Zeitpunkt des Spiels \"stiff\" sein.  Dies ist ein guter Ort, um auf einen wichtigen Punkt hinzuweisen: Die grundlegenden Strategievarianten gelten nicht nur f\u00fcr Ihre Starth\u00e4nde, sondern auch f\u00fcr H\u00e4nde, die aus 3 oder mehr Karten bestehen.   Sie werden auf A, 2, 10, 3 gegen 10 stehen, wenn die Anzahl 0 oder h\u00f6her ist, sowie auf einer Hand aus 10, 6. Verdoppeln (oder nicht verdoppeln) ist am n\u00e4chsten an Bedeutung und Paare teilen\/nicht teilen ist am wenigsten wichtig.<br \/>\n<div class=\"row\" style=\"margin-bottom:20px\">\n    <div class=\"col-sm-12\">\n                <h2>Top US Online Casinos <span\n                class=\"flag-icon flag-icon-us\"><\/span><\/h2>\n\n        \n                \n        <div class=\"ranking-table text-center\">\n            <div class=\"row flex ad-row\">\n                <div class=\"col-sm-3\">\n                    <div class=\"row flex\">\n\n                        <div class=\"col-sm-3\">\n                            <div class=\"ranking-number text-center\">\n\n                                1                                \n                            <\/div>\n                        <\/div>\n                        <div class=\"col-sm-9\">\n                            <img decoding=\"async\" src=\"https:\/\/www.blackjackinfo.com\/files\/bovada.png\" data-no-auto-translation=\"\">\n                        <\/div>\n                    <\/div>\n                <\/div>\n                <div class=\"col-sm-4\">\n                    <div class=\"bonus-text text-center\"><span class=\"red\">100% bis zu $1.000<\/span><\/div>\n\t\t\t\t\t\n\n                <\/div>\n                <div class=\"col-sm-2\">\n                    <a class=\"btn btn-wire\" href=\"\/de\/casino\/bovada\/\">\u00dcberpr\u00fcfung<\/a>\n\n                <\/div>\n                <div class=\"col-sm-3\">\n                    <a rel=\"nofollow\" target=\"_blank\" class=\"btn btn-blue\" href=\"\/goto\/goto\/\">Spielen\n                        Jetzt<\/a>\n\t\t\t\t\t\t\n\n                <\/div>\n            <\/div>\n        <\/div>\n\n\n\n        \n                \n        <div class=\"ranking-table text-center\">\n            <div class=\"row flex ad-row\">\n                <div class=\"col-sm-3\">\n                    <div class=\"row flex\">\n\n                        <div class=\"col-sm-3\">\n                            <div class=\"ranking-number text-center\">\n\n                                2                                \n                            <\/div>\n                        <\/div>\n                        <div class=\"col-sm-9\">\n                            <img decoding=\"async\" src=\"https:\/\/www.blackjackinfo.com\/files\/ignition-casino-logo.png\" data-no-auto-translation=\"\">\n                        <\/div>\n                    <\/div>\n                <\/div>\n                <div class=\"col-sm-4\">\n                    <div class=\"bonus-text text-center\"><span class=\"red\">100% bis zu $1.000<\/span><\/div>\n\t\t\t\t\t\n\n                <\/div>\n                <div class=\"col-sm-2\">\n                    <a class=\"btn btn-wire\" href=\"\/de\/casino\/ignition-casino\/\">\u00dcberpr\u00fcfung<\/a>\n\n                <\/div>\n                <div class=\"col-sm-3\">\n                    <a rel=\"nofollow\" target=\"_blank\" class=\"btn btn-blue\" href=\"\/goto\/goto\/\">Spielen\n                        Jetzt<\/a>\n\t\t\t\t\t\t\n\n                <\/div>\n            <\/div>\n        <\/div>\n\n\n\n        \n                \n        <div class=\"ranking-table text-center\">\n            <div class=\"row flex ad-row\">\n                <div class=\"col-sm-3\">\n                    <div class=\"row flex\">\n\n                        <div class=\"col-sm-3\">\n                            <div class=\"ranking-number text-center\">\n\n                                3                                \n                            <\/div>\n                        <\/div>\n                        <div class=\"col-sm-9\">\n                            <img decoding=\"async\" src=\"https:\/\/www.blackjackinfo.com\/files\/VipSlots-500x250_dark.svg\" data-no-auto-translation=\"\">\n                        <\/div>\n                    <\/div>\n                <\/div>\n                <div class=\"col-sm-4\">\n                    <div class=\"bonus-text text-center\"><span class=\"red\">100 GRATIS SPINS bei Secret Life of Cats<\/span><\/div>\n\t\t\t\t\t\n\n                <\/div>\n                <div class=\"col-sm-2\">\n                    <a class=\"btn btn-wire\" href=\"\/de\/casino\/vipslots-casino\/\">\u00dcberpr\u00fcfung<\/a>\n\n                <\/div>\n                <div class=\"col-sm-3\">\n                    <a rel=\"nofollow\" target=\"_blank\" class=\"btn btn-blue\" href=\"\/goto\/goto\/\">Spielen\n                        Jetzt<\/a>\n\t\t\t\t\t\t\n\n                <\/div>\n            <\/div>\n        <\/div>\n\n\n\n        \n                \n        <div class=\"ranking-table text-center\">\n            <div class=\"row flex ad-row\">\n                <div class=\"col-sm-3\">\n                    <div class=\"row flex\">\n\n                        <div class=\"col-sm-3\">\n                            <div class=\"ranking-number text-center\">\n\n                                4                                \n                            <\/div>\n                        <\/div>\n                        <div class=\"col-sm-9\">\n                            <img decoding=\"async\" src=\"https:\/\/www.blackjackinfo.com\/files\/vegas_casino_online.png\" data-no-auto-translation=\"\">\n                        <\/div>\n                    <\/div>\n                <\/div>\n                <div class=\"col-sm-4\">\n                    <div class=\"bonus-text text-center\"><span class=\"red\">300% bis zu $3.000<\/span><\/div>\n\t\t\t\t\t\n\n                <\/div>\n                <div class=\"col-sm-2\">\n                    <a class=\"btn btn-wire\" href=\"\/de\/casino\/vegas-casino-online-2\/\">\u00dcberpr\u00fcfung<\/a>\n\n                <\/div>\n                <div class=\"col-sm-3\">\n                    <a rel=\"nofollow\" target=\"_blank\" class=\"btn btn-blue\" href=\"\/goto\/goto\/\">Spielen\n                        Jetzt<\/a>\n\t\t\t\t\t\t\n\n                <\/div>\n            <\/div>\n        <\/div>\n\n\n\n        \n                \n        <div class=\"ranking-table text-center\">\n            <div class=\"row flex ad-row\">\n                <div class=\"col-sm-3\">\n                    <div class=\"row flex\">\n\n                        <div class=\"col-sm-3\">\n                            <div class=\"ranking-number text-center\">\n\n                                5                                \n                            <\/div>\n                        <\/div>\n                        <div class=\"col-sm-9\">\n                            <img decoding=\"async\" src=\"https:\/\/www.blackjackinfo.com\/files\/cafe-casino-logo.svg\" data-no-auto-translation=\"\">\n                        <\/div>\n                    <\/div>\n                <\/div>\n                <div class=\"col-sm-4\">\n                    <div class=\"bonus-text text-center\"><span class=\"red\">250% bis zu $1.500<\/span><\/div>\n\t\t\t\t\t\n\n                <\/div>\n                <div class=\"col-sm-2\">\n                    <a class=\"btn btn-wire\" href=\"\/de\/casino\/cafe-casino\/\">\u00dcberpr\u00fcfung<\/a>\n\n                <\/div>\n                <div class=\"col-sm-3\">\n                    <a rel=\"nofollow\" target=\"_blank\" class=\"btn btn-blue\" href=\"\/goto\/goto\/\">Spielen\n                        Jetzt<\/a>\n\t\t\t\t\t\t\n\n                <\/div>\n            <\/div>\n        <\/div>\n\n\n\n            <\/div>\n<\/div><\/p>\n<h3>Der Wert grundlegender Strategievariationen<\/h3>\n<p><b>Es ist sicher zu sagen, dass die Verwendung dieser Variationen Ihre Gewinne um 10% im Spiel mit sechs Decks erh\u00f6hen wird. <\/b> Aber sie haben auch einen wichtigen Nebeneffekt.  Wenn Sie diese Varianten verwenden, sehen Sie im Kasino eher wie ein \"Spieler\" aus.  Manchmal 16 gegen 10 zu setzen und ein anderes Mal darauf zu setzen, ist ein typisches Spielerverhalten.   F\u00fcr die Casinokontrolleure, die sich mit der grundlegenden Strategie auskennen (und das sind verdammt wenige!), ist es verr\u00fcckt, wenn sie sehen, dass Sie A, 7 gegen 2 verdoppeln, genauso wie es \"feige\" ist, mit 15 gegen eine 10 zu spielen.  Dennoch sind alle diese Strategien - bei bestimmten Werten - das richtige Spiel.<\/p>\n<p>Wenn Sie bei einem Spiel mit nur einem Deck spielen, steigt der Wert der Variationen der Grundstrategie auf 25% oder mehr.  Wenn Sie etwas Zeit bei diesen Spielen verbringen, m\u00fcssen Sie sie lernen.<\/p>\n<p>In der n\u00e4chsten Lektion werde ich Ihnen zeigen, wie Sie diese Variationen lernen k\u00f6nnen<\/p>","protected":false},"excerpt":{"rendered":"<p>The most powerful (legal) means of overcoming the casino&#8217;s edge in Blackjack is to vary your bets according to the true count. Additional gains of .2 to .3% are available to those who also vary the play of their hands according to the true count. You undoubtedly have had situations where the count was sky-high [&hellip;]<\/p>\n","protected":false},"author":2,"featured_media":0,"parent":634,"menu_order":0,"comment_status":"open","ping_status":"open","template":"page-blackjack-school.php","meta":{"_acf_changed":false,"footnotes":""},"tags":[],"class_list":["post-733","page","type-page","status-publish","hentry"],"acf":[],"yoast_head":"<!-- This site is optimized with the Yoast SEO plugin v26.6 - https:\/\/yoast.com\/wordpress\/plugins\/seo\/ -->\n<title>Blackjack School \u1408 Lesson 13 - The Advanced Course - Part 1<\/title>\n<meta name=\"description\" content=\"Lesson 13 in the GameMaster&#039;s Free Blackjack School - Understanding when to deviate from basic strategy.\" \/>\n<meta name=\"robots\" content=\"index, follow, max-snippet:-1, max-image-preview:large, max-video-preview:-1\" \/>\n<link rel=\"canonical\" href=\"https:\/\/www.blackjackinfo.com\/de\/blackjack-schule\/lektion-13-fortgeschrittenenkurs-teil-1\/\" \/>\n<meta property=\"og:locale\" content=\"de_DE\" \/>\n<meta property=\"og:type\" content=\"article\" \/>\n<meta property=\"og:title\" content=\"Blackjack School \u1408 Lesson 13 - The Advanced Course - Part 1\" \/>\n<meta property=\"og:description\" content=\"Lesson 13 in the GameMaster&#039;s Free Blackjack School - Understanding when to deviate from basic strategy.\" \/>\n<meta property=\"og:url\" content=\"https:\/\/www.blackjackinfo.com\/de\/blackjack-schule\/lektion-13-fortgeschrittenenkurs-teil-1\/\" \/>\n<meta property=\"og:site_name\" content=\"BlackjackInfo.com\" \/>\n<meta property=\"article:modified_time\" content=\"2020-02-18T23:57:47+00:00\" \/>\n<meta name=\"twitter:label1\" content=\"Gesch\u00e4tzte Lesezeit\" \/>\n\t<meta name=\"twitter:data1\" content=\"4\u00a0Minuten\" \/>\n<script type=\"application\/ld+json\" class=\"yoast-schema-graph\">{\"@context\":\"https:\/\/schema.org\",\"@graph\":[{\"@type\":\"WebPage\",\"@id\":\"https:\/\/www.blackjackinfo.com\/blackjack-school\/lesson-13-advanced-course-part-1\/\",\"url\":\"https:\/\/www.blackjackinfo.com\/blackjack-school\/lesson-13-advanced-course-part-1\/\",\"name\":\"Blackjack School \u1408 Lesson 13 - The Advanced Course - Part 1\",\"isPartOf\":{\"@id\":\"https:\/\/www.blackjackinfo.com\/#website\"},\"datePublished\":\"2014-10-20T01:46:28+00:00\",\"dateModified\":\"2020-02-18T23:57:47+00:00\",\"description\":\"Lesson 13 in the GameMaster's Free Blackjack School - Understanding when to deviate from basic strategy.\",\"breadcrumb\":{\"@id\":\"https:\/\/www.blackjackinfo.com\/blackjack-school\/lesson-13-advanced-course-part-1\/#breadcrumb\"},\"inLanguage\":\"de\",\"potentialAction\":[{\"@type\":\"ReadAction\",\"target\":[\"https:\/\/www.blackjackinfo.com\/blackjack-school\/lesson-13-advanced-course-part-1\/\"]}]},{\"@type\":\"BreadcrumbList\",\"@id\":\"https:\/\/www.blackjackinfo.com\/blackjack-school\/lesson-13-advanced-course-part-1\/#breadcrumb\",\"itemListElement\":[{\"@type\":\"ListItem\",\"position\":1,\"name\":\"Home\",\"item\":\"https:\/\/www.blackjackinfo.com\/\"},{\"@type\":\"ListItem\",\"position\":2,\"name\":\"Blackjack School &#8211; A Free 24-Lesson Class on Card Counting\",\"item\":\"https:\/\/www.blackjackinfo.com\/blackjack-school\/\"},{\"@type\":\"ListItem\",\"position\":3,\"name\":\"Lesson 13 &#8211; The Advanced Course &#8211; Part 1\"}]},{\"@type\":\"WebSite\",\"@id\":\"https:\/\/www.blackjackinfo.com\/#website\",\"url\":\"https:\/\/www.blackjackinfo.com\/\",\"name\":\"BlackjackInfo.com\",\"description\":\"Because Winning is More Fun!\",\"potentialAction\":[{\"@type\":\"SearchAction\",\"target\":{\"@type\":\"EntryPoint\",\"urlTemplate\":\"https:\/\/www.blackjackinfo.com\/?s={search_term_string}\"},\"query-input\":{\"@type\":\"PropertyValueSpecification\",\"valueRequired\":true,\"valueName\":\"search_term_string\"}}],\"inLanguage\":\"de\"}]}<\/script>\n<!-- \/ Yoast SEO plugin. -->","yoast_head_json":{"title":"Blackjack School \u1408 Lektion 13 - Der Kurs f\u00fcr Fortgeschrittene - Teil 1","description":"Lektion 13 der GameMaster's Free Blackjack School - Verstehen, wann man von der Grundstrategie abweichen sollte.","robots":{"index":"index","follow":"follow","max-snippet":"max-snippet:-1","max-image-preview":"max-image-preview:large","max-video-preview":"max-video-preview:-1"},"canonical":"https:\/\/www.blackjackinfo.com\/de\/blackjack-schule\/lektion-13-fortgeschrittenenkurs-teil-1\/","og_locale":"de_DE","og_type":"article","og_title":"Blackjack School \u1408 Lesson 13 - The Advanced Course - Part 1","og_description":"Lesson 13 in the GameMaster's Free Blackjack School - Understanding when to deviate from basic strategy.","og_url":"https:\/\/www.blackjackinfo.com\/de\/blackjack-schule\/lektion-13-fortgeschrittenenkurs-teil-1\/","og_site_name":"BlackjackInfo.com","article_modified_time":"2020-02-18T23:57:47+00:00","twitter_misc":{"Gesch\u00e4tzte Lesezeit":"4\u00a0Minuten"},"schema":{"@context":"https:\/\/schema.org","@graph":[{"@type":"WebPage","@id":"https:\/\/www.blackjackinfo.com\/blackjack-school\/lesson-13-advanced-course-part-1\/","url":"https:\/\/www.blackjackinfo.com\/blackjack-school\/lesson-13-advanced-course-part-1\/","name":"Blackjack School \u1408 Lektion 13 - Der Kurs f\u00fcr Fortgeschrittene - Teil 1","isPartOf":{"@id":"https:\/\/www.blackjackinfo.com\/#website"},"datePublished":"2014-10-20T01:46:28+00:00","dateModified":"2020-02-18T23:57:47+00:00","description":"Lektion 13 der GameMaster's Free Blackjack School - Verstehen, wann man von der Grundstrategie abweichen sollte.","breadcrumb":{"@id":"https:\/\/www.blackjackinfo.com\/blackjack-school\/lesson-13-advanced-course-part-1\/#breadcrumb"},"inLanguage":"de","potentialAction":[{"@type":"ReadAction","target":["https:\/\/www.blackjackinfo.com\/blackjack-school\/lesson-13-advanced-course-part-1\/"]}]},{"@type":"BreadcrumbList","@id":"https:\/\/www.blackjackinfo.com\/blackjack-school\/lesson-13-advanced-course-part-1\/#breadcrumb","itemListElement":[{"@type":"ListItem","position":1,"name":"Home","item":"https:\/\/www.blackjackinfo.com\/"},{"@type":"ListItem","position":2,"name":"Blackjack School &#8211; A Free 24-Lesson Class on Card Counting","item":"https:\/\/www.blackjackinfo.com\/blackjack-school\/"},{"@type":"ListItem","position":3,"name":"Lesson 13 &#8211; The Advanced Course &#8211; Part 1"}]},{"@type":"WebSite","@id":"https:\/\/www.blackjackinfo.com\/#website","url":"https:\/\/www.blackjackinfo.com\/","name":"BlackjackInfo.de","description":"Denn Gewinnen macht mehr Spa\u00df!","potentialAction":[{"@type":"SearchAction","target":{"@type":"EntryPoint","urlTemplate":"https:\/\/www.blackjackinfo.com\/?s={search_term_string}"},"query-input":{"@type":"PropertyValueSpecification","valueRequired":true,"valueName":"search_term_string"}}],"inLanguage":"de"}]}},"_links":{"self":[{"href":"https:\/\/www.blackjackinfo.com\/de\/wp-json\/wp\/v2\/pages\/733","targetHints":{"allow":["GET"]}}],"collection":[{"href":"https:\/\/www.blackjackinfo.com\/de\/wp-json\/wp\/v2\/pages"}],"about":[{"href":"https:\/\/www.blackjackinfo.com\/de\/wp-json\/wp\/v2\/types\/page"}],"author":[{"embeddable":true,"href":"https:\/\/www.blackjackinfo.com\/de\/wp-json\/wp\/v2\/users\/2"}],"replies":[{"embeddable":true,"href":"https:\/\/www.blackjackinfo.com\/de\/wp-json\/wp\/v2\/comments?post=733"}],"version-history":[{"count":3,"href":"https:\/\/www.blackjackinfo.com\/de\/wp-json\/wp\/v2\/pages\/733\/revisions"}],"predecessor-version":[{"id":5463,"href":"https:\/\/www.blackjackinfo.com\/de\/wp-json\/wp\/v2\/pages\/733\/revisions\/5463"}],"up":[{"embeddable":true,"href":"https:\/\/www.blackjackinfo.com\/de\/wp-json\/wp\/v2\/pages\/634"}],"wp:attachment":[{"href":"https:\/\/www.blackjackinfo.com\/de\/wp-json\/wp\/v2\/media?parent=733"}],"wp:term":[{"taxonomy":"post_tag","embeddable":true,"href":"https:\/\/www.blackjackinfo.com\/de\/wp-json\/wp\/v2\/tags?post=733"}],"curies":[{"name":"wp","href":"https:\/\/api.w.org\/{rel}","templated":true}]}}