{"id":735,"date":"2014-10-19T20:50:58","date_gmt":"2014-10-20T01:50:58","guid":{"rendered":"http:\/\/test.blackjackinfo.com\/?page_id=735"},"modified":"2020-02-18T17:58:06","modified_gmt":"2020-02-18T23:58:06","slug":"lektion-14-fortgeschrittenenkurs-teil-2","status":"publish","type":"page","link":"https:\/\/www.blackjackinfo.com\/de\/blackjack-school\/lesson-14-advanced-course-part-2\/","title":{"rendered":"Lektion 14 - Der Kurs f\u00fcr Fortgeschrittene - Teil 2"},"content":{"rendered":"<h3>Grundlegende Strategievariationen: Schlagen oder stehen?<\/h3>\n<p><b>Die h\u00e4ufigste Entscheidung, die ein Spieler beim Blackjack trifft, ist die, ob er trifft oder nicht. Daher ist dies die h\u00e4ufigste grundlegende Strategievariante, und Sie sollten alle wichtigen lernen.<\/b>  Die erste ist mit einer Hand von 16 gegen eine offene Karte des Dealers von 10.  Sie sollten stehen, wenn der Count 0 oder h\u00f6her ist, und schlagen, wenn er unter 0 liegt. Das bedeutet, dass Sie stehen sollten, wenn der Running Count 0 oder h\u00f6her ist.  Da die \"Entscheidungszahl\" 0 ist, ist es nicht notwendig, die wahre Anzahl zu berechnen - die laufende Anzahl reicht in dieser Situation aus.  Lassen Sie sich hier nicht verwirren.  Fast alle grundlegenden Strategievarianten st\u00fctzen sich auf die wahre Anzahl, aber f\u00fcr diejenigen, bei denen die Entscheidungszahl 0 ist, reicht die laufende Anzahl aus.<\/p>\n<p>Das n\u00e4chste wichtige Blatt ist die 15 gegen die 10 des Gebers.  Die Entscheidungszahl ist ein echter Count von 4, wenn Sie bei einem Spiel mit vier oder mehr Decks spielen.  Diese Variante und die anderen lassen sich leicht erlernen, wenn Sie einen Satz Lernkarten erstellen.  Sie m\u00fcssen nicht ausgefallen oder anspruchsvoll sein, sondern nur genau.  Schneiden Sie einfach ein paar 2\u2032\"-Quadrate aus Manila-Ordnern aus, und schon sind sie fertig.  Eine typische Karteikarte sollte so aussehen<\/p>\n<div class=\"text-center\">\n<img loading=\"lazy\" decoding=\"async\" src=\"\/files\/Blackjack-School\/flashcard1.jpg\" width=\"144\" height=\"144\" alt=\"Flash Card 1\" data-no-auto-translation=\"\"><\/div>\n<p>Wenn Sie sich die 10 und die 16 auf der Mittellinie eines 2\u2033 x 2\u2033 gro\u00dfen Quadrats vorstellen, ist die 0 so versetzt, dass Ihr linker Daumen die Zahl verdeckt.  W\u00e4hrend Sie den Stapel durchgehen, sagen Sie \"Sechzehn gegen 10, bei Null stehen\" (oder h\u00f6her).  Bei einem Blatt von 15 gegen 10 sieht eine Karte wie folgt aus<\/p>\n<div class=\"text-center\">\n<img loading=\"lazy\" decoding=\"async\" src=\"\/files\/Blackjack-School\/flashcard2.jpg\" width=\"144\" height=\"144\" alt=\"Flash Card 2\" data-no-auto-translation=\"\"><\/div>\n<p>Wenn du zu dieser Karte kommst, sagst du \"15 gegen 10; bei 4 stehen\".<\/p>\n<p>Im Laufe der Zeit werden Sie sich nicht mehr daran erinnern m\u00fcssen, dass Sie bei 15 gegen 10 stehen sollten, also werden Sie \"15 gegen 10 ist 4\" aufsagen.<\/p>\n<p>Haben Sie die Idee?<\/p>\n<div class=\"row\" style=\"margin-bottom:20px\">\n    <div class=\"col-sm-12\">\n                <h2>Top US Online Casinos <span\n                class=\"flag-icon flag-icon-us\"><\/span><\/h2>\n\n        \n                \n        <div class=\"ranking-table text-center\">\n            <div class=\"row flex ad-row\">\n                <div class=\"col-sm-3\">\n                    <div class=\"row flex\">\n\n                        <div class=\"col-sm-3\">\n                            <div class=\"ranking-number text-center\">\n\n                                1                                \n                            <\/div>\n                        <\/div>\n                        <div class=\"col-sm-9\">\n                            <img decoding=\"async\" src=\"https:\/\/www.blackjackinfo.com\/files\/bovada.png\" data-no-auto-translation=\"\">\n                        <\/div>\n                    <\/div>\n                <\/div>\n                <div class=\"col-sm-4\">\n                    <div class=\"bonus-text text-center\"><span class=\"red\">100% bis zu $1.000<\/span><\/div>\n\t\t\t\t\t\n\n                <\/div>\n                <div class=\"col-sm-2\">\n                    <a class=\"btn btn-wire\" href=\"\/de\/casino\/bovada\/\">\u00dcberpr\u00fcfung<\/a>\n\n                <\/div>\n                <div class=\"col-sm-3\">\n                    <a rel=\"nofollow\" target=\"_blank\" class=\"btn btn-blue\" href=\"\/goto\/goto\/\">Spielen\n                        Jetzt<\/a>\n\t\t\t\t\t\t\n\n                <\/div>\n            <\/div>\n        <\/div>\n\n\n\n        \n                \n        <div class=\"ranking-table text-center\">\n            <div class=\"row flex ad-row\">\n                <div class=\"col-sm-3\">\n                    <div class=\"row flex\">\n\n                        <div class=\"col-sm-3\">\n                            <div class=\"ranking-number text-center\">\n\n                                2                                \n                            <\/div>\n                        <\/div>\n                        <div class=\"col-sm-9\">\n                            <img decoding=\"async\" src=\"https:\/\/www.blackjackinfo.com\/files\/ignition-casino-logo.png\" data-no-auto-translation=\"\">\n                        <\/div>\n                    <\/div>\n                <\/div>\n                <div class=\"col-sm-4\">\n                    <div class=\"bonus-text text-center\"><span class=\"red\">100% bis zu $1.000<\/span><\/div>\n\t\t\t\t\t\n\n                <\/div>\n                <div class=\"col-sm-2\">\n                    <a class=\"btn btn-wire\" href=\"\/de\/casino\/ignition-casino\/\">\u00dcberpr\u00fcfung<\/a>\n\n                <\/div>\n                <div class=\"col-sm-3\">\n                    <a rel=\"nofollow\" target=\"_blank\" class=\"btn btn-blue\" href=\"\/goto\/goto\/\">Spielen\n                        Jetzt<\/a>\n\t\t\t\t\t\t\n\n                <\/div>\n            <\/div>\n        <\/div>\n\n\n\n        \n                \n        <div class=\"ranking-table text-center\">\n            <div class=\"row flex ad-row\">\n                <div class=\"col-sm-3\">\n                    <div class=\"row flex\">\n\n                        <div class=\"col-sm-3\">\n                            <div class=\"ranking-number text-center\">\n\n                                3                                \n                            <\/div>\n                        <\/div>\n                        <div class=\"col-sm-9\">\n                            <img decoding=\"async\" src=\"https:\/\/www.blackjackinfo.com\/files\/VipSlots-500x250_dark.svg\" data-no-auto-translation=\"\">\n                        <\/div>\n                    <\/div>\n                <\/div>\n                <div class=\"col-sm-4\">\n                    <div class=\"bonus-text text-center\"><span class=\"red\">100 GRATIS SPINS bei Secret Life of Cats<\/span><\/div>\n\t\t\t\t\t\n\n                <\/div>\n                <div class=\"col-sm-2\">\n                    <a class=\"btn btn-wire\" href=\"\/de\/casino\/vipslots-casino\/\">\u00dcberpr\u00fcfung<\/a>\n\n                <\/div>\n                <div class=\"col-sm-3\">\n                    <a rel=\"nofollow\" target=\"_blank\" class=\"btn btn-blue\" href=\"\/goto\/goto\/\">Spielen\n                        Jetzt<\/a>\n\t\t\t\t\t\t\n\n                <\/div>\n            <\/div>\n        <\/div>\n\n\n\n        \n                \n        <div class=\"ranking-table text-center\">\n            <div class=\"row flex ad-row\">\n                <div class=\"col-sm-3\">\n                    <div class=\"row flex\">\n\n                        <div class=\"col-sm-3\">\n                            <div class=\"ranking-number text-center\">\n\n                                4                                \n                            <\/div>\n                        <\/div>\n                        <div class=\"col-sm-9\">\n                            <img decoding=\"async\" src=\"https:\/\/www.blackjackinfo.com\/files\/vegas_casino_online.png\" data-no-auto-translation=\"\">\n                        <\/div>\n                    <\/div>\n                <\/div>\n                <div class=\"col-sm-4\">\n                    <div class=\"bonus-text text-center\"><span class=\"red\">300% bis zu $3.000<\/span><\/div>\n\t\t\t\t\t\n\n                <\/div>\n                <div class=\"col-sm-2\">\n                    <a class=\"btn btn-wire\" href=\"\/de\/casino\/vegas-casino-online-2\/\">\u00dcberpr\u00fcfung<\/a>\n\n                <\/div>\n                <div class=\"col-sm-3\">\n                    <a rel=\"nofollow\" target=\"_blank\" class=\"btn btn-blue\" href=\"\/goto\/goto\/\">Spielen\n                        Jetzt<\/a>\n\t\t\t\t\t\t\n\n                <\/div>\n            <\/div>\n        <\/div>\n\n\n\n        \n                \n        <div class=\"ranking-table text-center\">\n            <div class=\"row flex ad-row\">\n                <div class=\"col-sm-3\">\n                    <div class=\"row flex\">\n\n                        <div class=\"col-sm-3\">\n                            <div class=\"ranking-number text-center\">\n\n                                5                                \n                            <\/div>\n                        <\/div>\n                        <div class=\"col-sm-9\">\n                            <img decoding=\"async\" src=\"https:\/\/www.blackjackinfo.com\/files\/cafe-casino-logo.svg\" data-no-auto-translation=\"\">\n                        <\/div>\n                    <\/div>\n                <\/div>\n                <div class=\"col-sm-4\">\n                    <div class=\"bonus-text text-center\"><span class=\"red\">250% bis zu $1.500<\/span><\/div>\n\t\t\t\t\t\n\n                <\/div>\n                <div class=\"col-sm-2\">\n                    <a class=\"btn btn-wire\" href=\"\/de\/casino\/cafe-casino\/\">\u00dcberpr\u00fcfung<\/a>\n\n                <\/div>\n                <div class=\"col-sm-3\">\n                    <a rel=\"nofollow\" target=\"_blank\" class=\"btn btn-blue\" href=\"\/goto\/goto\/\">Spielen\n                        Jetzt<\/a>\n\t\t\t\t\t\t\n\n                <\/div>\n            <\/div>\n        <\/div>\n\n\n\n            <\/div>\n<\/div>\n<p><b>Hier sind die Zahlen, die Sie lernen m\u00fcssen.<\/b>  Diese Zahlen k\u00f6nnen etwas von den Zahlen abweichen, die Sie in B\u00fcchern wie Stanford Wongs \"Professional Blackjack\" finden, da die von mir verwendeten Zahlen speziell f\u00fcr ein Spiel mit sechs Kartendecks gelten, bei dem der Dealer auf A-6 steht, und einige von ihnen auf der Grundlage der vor etwa 15 Jahren entwickelten Theorie des \"risikoaversen\" Spiels modifiziert wurden.  Diese Zahlen funktionieren gut; sie haben sich in Tausenden von Stunden tats\u00e4chlichen Casinospiels durch mich und meine Sch\u00fcler bew\u00e4hrt.  Verwenden Sie sie jedoch NICHT f\u00fcr Single-Deck-Spiele. Das Spiel mit nur einem Deck erfordert andere Zahlen und wird in einer sp\u00e4teren Lektion behandelt.<\/p>\n<div class=\"bji-note\">\nAnmerkung des Redakteurs von BlackjackInfo.com:<\/p>\n<p>Es gibt leichte Unterschiede zwischen den hier ver\u00f6ffentlichten Indexzahlen des GameMasters und den optimierten Zahlen auf BlackjackInfo <a href=\"http:\/\/www.amazon.com\/dp\/0982119178\/?tag=theblackjacbasic\">Fortgeschrittene Blackjack-Strategiekarten<\/a>.<\/p>\n<p>Diese Unterschiede sind in der Regel auf die Verwendung risikoaverser Berechnungen durch den GameMaster zur\u00fcckzuf\u00fchren.  Ich behaupte, dass f\u00fcr die Mehrheit der Spieler (die nicht in der N\u00e4he des maximalen Kelly-Anteils ihrer Bankroll spielen) direkte Indizes den risikobereinigten vorzuziehen sind. In allen F\u00e4llen, in denen sich risikoaverse Indizes von reinen Indizes unterscheiden, und sei es auch nur um einige Punkte, liegen die Entscheidungen recht nahe beieinander, und die Auswirkungen der Wahl eines Indexstils gegen\u00fcber einem anderen sind minimal.<\/p>\n<\/div>\n<hr>\n<p class=\"text-center\">\n<b>Grundlegende Strategie-Varianten: 6 Decks, Geber bleibt bei A-6 stehen<\/b><\/p>\n<div class=\"row\">\n<div class=\"col-sm-10 col-center\">\n<div class=\"overflow-scroll\">\n<table class=\"data-table\">\n<tbody>\n<tr>\n<td>12 vs. 2<\/td>\n<td>Stand bei 3 oder h\u00f6her<\/td>\n<\/tr>\n<tr>\n<td>12 vs. 3<\/td>\n<td>Stand bei 2 oder h\u00f6her<\/td>\n<\/tr>\n<tr>\n<td>12 vs. 4<\/td>\n<td>Stand bei 0 oder h\u00f6her<\/td>\n<td width=\"50%\">(Ja, wenn die laufende Z\u00e4hlung im Minus ist, schlagen Sie 12 gegen eine 4. Das macht die anderen Spieler am Tisch verr\u00fcckt!!!)<\/td>\n<\/tr>\n<tr>\n<td>12 vs. 5<\/td>\n<td>Stand bei -1 oder h\u00f6her<\/td>\n<td>(Das bedeutet, dass Sie treffen, wenn der Z\u00e4hlerstand NIEDRIGER als -1 ist).<\/td>\n<\/tr>\n<tr>\n<td>13 vs. 2<\/td>\n<td>Stand bei -1 oder h\u00f6her<\/td>\n<\/tr>\n<tr>\n<td>14 vs. Ass<\/td>\n<td>Stand bei 9 oder h\u00f6her<\/td>\n<\/tr>\n<tr>\n<td>15 vs. 7<\/td>\n<td>Stand bei 10 oder h\u00f6her<\/td>\n<\/tr>\n<tr>\n<td>15 vs. 8<\/td>\n<td>Stand bei 10 oder h\u00f6her<\/td>\n<\/tr>\n<tr>\n<td>15 vs. 9<\/td>\n<td>Stand bei 8 oder h\u00f6her<\/td>\n<\/tr>\n<tr>\n<td>15 vs. 10<\/td>\n<td>Stand bei 4 oder h\u00f6her<\/td>\n<\/tr>\n<tr>\n<td>15 vs. Ass<\/td>\n<td>Stand bei 9 oder h\u00f6her<\/td>\n<\/tr>\n<tr>\n<td>16 vs. 7<\/td>\n<td>Stand bei 9 oder h\u00f6her<\/td>\n<\/tr>\n<tr>\n<td>16 vs. 8<\/td>\n<td>Stand bei 7 oder h\u00f6her<\/td>\n<\/tr>\n<tr>\n<td>16 vs. 9<\/td>\n<td>Stand bei 5 oder h\u00f6her<\/td>\n<\/tr>\n<tr>\n<td>16 vs. 10<\/td>\n<td>Stand bei 0 oder h\u00f6her<\/td>\n<\/tr>\n<tr>\n<td>16 vs. Ass<\/td>\n<td>Stand bei 8 oder h\u00f6her<\/td>\n<\/tr>\n<\/tbody>\n<\/table>\n<\/div>\n<\/div>\n<\/div>\n<hr>\n<p>Und zum Schluss noch ein seltsames Spiel: Stand mit A-7 gegen Ass auf 1 oder h\u00f6her.<\/p>\n<h3>Hausaufgaben<\/h3>\n<p>Stellen Sie sich einen Satz Lernkarten zusammen und beginnen Sie mit dem Lernen dieser Variationen.<\/p>","protected":false},"excerpt":{"rendered":"<p>Basic Strategy Variations: Hit or Stand? The most common decision any player makes at Blackjack is whether to hit or stand, consequently this will be the most common basic strategy variation and you should learn all the important ones. The first is with a hand of 16 against a dealer&#8217;s up card of 10. You [&hellip;]<\/p>\n","protected":false},"author":2,"featured_media":0,"parent":634,"menu_order":0,"comment_status":"open","ping_status":"open","template":"page-blackjack-school.php","meta":{"_acf_changed":false,"footnotes":""},"tags":[],"class_list":["post-735","page","type-page","status-publish","hentry"],"acf":[],"yoast_head":"<!-- This site is optimized with the Yoast SEO plugin v26.6 - https:\/\/yoast.com\/wordpress\/plugins\/seo\/ -->\n<title>Blackjack School \u1408 Lesson 14 - The Advanced Course - Part 2<\/title>\n<meta name=\"description\" content=\"Lesson 14 in the GameMaster&#039;s Free Blackjack School - The most important strategy variations in blackjack.\" \/>\n<meta name=\"robots\" content=\"index, follow, max-snippet:-1, max-image-preview:large, max-video-preview:-1\" \/>\n<link rel=\"canonical\" href=\"https:\/\/www.blackjackinfo.com\/de\/blackjack-schule\/lektion-14-fortgeschrittenenkurs-teil-2\/\" \/>\n<meta property=\"og:locale\" content=\"de_DE\" \/>\n<meta property=\"og:type\" content=\"article\" \/>\n<meta property=\"og:title\" content=\"Blackjack School \u1408 Lesson 14 - The Advanced Course - Part 2\" \/>\n<meta property=\"og:description\" content=\"Lesson 14 in the GameMaster&#039;s Free Blackjack School - The most important strategy variations in blackjack.\" \/>\n<meta property=\"og:url\" content=\"https:\/\/www.blackjackinfo.com\/de\/blackjack-schule\/lektion-14-fortgeschrittenenkurs-teil-2\/\" \/>\n<meta property=\"og:site_name\" content=\"BlackjackInfo.com\" \/>\n<meta property=\"article:modified_time\" content=\"2020-02-18T23:58:06+00:00\" \/>\n<meta name=\"twitter:label1\" content=\"Gesch\u00e4tzte Lesezeit\" \/>\n\t<meta name=\"twitter:data1\" content=\"3\u00a0Minuten\" \/>\n<script type=\"application\/ld+json\" class=\"yoast-schema-graph\">{\"@context\":\"https:\/\/schema.org\",\"@graph\":[{\"@type\":\"WebPage\",\"@id\":\"https:\/\/www.blackjackinfo.com\/blackjack-school\/lesson-14-advanced-course-part-2\/\",\"url\":\"https:\/\/www.blackjackinfo.com\/blackjack-school\/lesson-14-advanced-course-part-2\/\",\"name\":\"Blackjack School \u1408 Lesson 14 - The Advanced Course - Part 2\",\"isPartOf\":{\"@id\":\"https:\/\/www.blackjackinfo.com\/#website\"},\"datePublished\":\"2014-10-20T01:50:58+00:00\",\"dateModified\":\"2020-02-18T23:58:06+00:00\",\"description\":\"Lesson 14 in the GameMaster's Free Blackjack School - The most important strategy variations in blackjack.\",\"breadcrumb\":{\"@id\":\"https:\/\/www.blackjackinfo.com\/blackjack-school\/lesson-14-advanced-course-part-2\/#breadcrumb\"},\"inLanguage\":\"de\",\"potentialAction\":[{\"@type\":\"ReadAction\",\"target\":[\"https:\/\/www.blackjackinfo.com\/blackjack-school\/lesson-14-advanced-course-part-2\/\"]}]},{\"@type\":\"BreadcrumbList\",\"@id\":\"https:\/\/www.blackjackinfo.com\/blackjack-school\/lesson-14-advanced-course-part-2\/#breadcrumb\",\"itemListElement\":[{\"@type\":\"ListItem\",\"position\":1,\"name\":\"Home\",\"item\":\"https:\/\/www.blackjackinfo.com\/\"},{\"@type\":\"ListItem\",\"position\":2,\"name\":\"Blackjack School &#8211; A Free 24-Lesson Class on Card Counting\",\"item\":\"https:\/\/www.blackjackinfo.com\/blackjack-school\/\"},{\"@type\":\"ListItem\",\"position\":3,\"name\":\"Lesson 14 &#8211; The Advanced Course &#8211; Part 2\"}]},{\"@type\":\"WebSite\",\"@id\":\"https:\/\/www.blackjackinfo.com\/#website\",\"url\":\"https:\/\/www.blackjackinfo.com\/\",\"name\":\"BlackjackInfo.com\",\"description\":\"Because Winning is More Fun!\",\"potentialAction\":[{\"@type\":\"SearchAction\",\"target\":{\"@type\":\"EntryPoint\",\"urlTemplate\":\"https:\/\/www.blackjackinfo.com\/?s={search_term_string}\"},\"query-input\":{\"@type\":\"PropertyValueSpecification\",\"valueRequired\":true,\"valueName\":\"search_term_string\"}}],\"inLanguage\":\"de\"}]}<\/script>\n<!-- \/ Yoast SEO plugin. -->","yoast_head_json":{"title":"Blackjack School \u1408 Lektion 14 - Der Kurs f\u00fcr Fortgeschrittene - Teil 2","description":"Lektion 14 der GameMaster's Free Blackjack School - Die wichtigsten Strategievarianten beim Blackjack.","robots":{"index":"index","follow":"follow","max-snippet":"max-snippet:-1","max-image-preview":"max-image-preview:large","max-video-preview":"max-video-preview:-1"},"canonical":"https:\/\/www.blackjackinfo.com\/de\/blackjack-schule\/lektion-14-fortgeschrittenenkurs-teil-2\/","og_locale":"de_DE","og_type":"article","og_title":"Blackjack School \u1408 Lesson 14 - The Advanced Course - Part 2","og_description":"Lesson 14 in the GameMaster's Free Blackjack School - The most important strategy variations in blackjack.","og_url":"https:\/\/www.blackjackinfo.com\/de\/blackjack-schule\/lektion-14-fortgeschrittenenkurs-teil-2\/","og_site_name":"BlackjackInfo.com","article_modified_time":"2020-02-18T23:58:06+00:00","twitter_misc":{"Gesch\u00e4tzte Lesezeit":"3\u00a0Minuten"},"schema":{"@context":"https:\/\/schema.org","@graph":[{"@type":"WebPage","@id":"https:\/\/www.blackjackinfo.com\/blackjack-school\/lesson-14-advanced-course-part-2\/","url":"https:\/\/www.blackjackinfo.com\/blackjack-school\/lesson-14-advanced-course-part-2\/","name":"Blackjack School \u1408 Lektion 14 - Der Kurs f\u00fcr Fortgeschrittene - Teil 2","isPartOf":{"@id":"https:\/\/www.blackjackinfo.com\/#website"},"datePublished":"2014-10-20T01:50:58+00:00","dateModified":"2020-02-18T23:58:06+00:00","description":"Lektion 14 der GameMaster's Free Blackjack School - Die wichtigsten Strategievarianten beim Blackjack.","breadcrumb":{"@id":"https:\/\/www.blackjackinfo.com\/blackjack-school\/lesson-14-advanced-course-part-2\/#breadcrumb"},"inLanguage":"de","potentialAction":[{"@type":"ReadAction","target":["https:\/\/www.blackjackinfo.com\/blackjack-school\/lesson-14-advanced-course-part-2\/"]}]},{"@type":"BreadcrumbList","@id":"https:\/\/www.blackjackinfo.com\/blackjack-school\/lesson-14-advanced-course-part-2\/#breadcrumb","itemListElement":[{"@type":"ListItem","position":1,"name":"Home","item":"https:\/\/www.blackjackinfo.com\/"},{"@type":"ListItem","position":2,"name":"Blackjack School &#8211; A Free 24-Lesson Class on Card Counting","item":"https:\/\/www.blackjackinfo.com\/blackjack-school\/"},{"@type":"ListItem","position":3,"name":"Lesson 14 &#8211; The Advanced Course &#8211; Part 2"}]},{"@type":"WebSite","@id":"https:\/\/www.blackjackinfo.com\/#website","url":"https:\/\/www.blackjackinfo.com\/","name":"BlackjackInfo.de","description":"Denn Gewinnen macht mehr Spa\u00df!","potentialAction":[{"@type":"SearchAction","target":{"@type":"EntryPoint","urlTemplate":"https:\/\/www.blackjackinfo.com\/?s={search_term_string}"},"query-input":{"@type":"PropertyValueSpecification","valueRequired":true,"valueName":"search_term_string"}}],"inLanguage":"de"}]}},"_links":{"self":[{"href":"https:\/\/www.blackjackinfo.com\/de\/wp-json\/wp\/v2\/pages\/735","targetHints":{"allow":["GET"]}}],"collection":[{"href":"https:\/\/www.blackjackinfo.com\/de\/wp-json\/wp\/v2\/pages"}],"about":[{"href":"https:\/\/www.blackjackinfo.com\/de\/wp-json\/wp\/v2\/types\/page"}],"author":[{"embeddable":true,"href":"https:\/\/www.blackjackinfo.com\/de\/wp-json\/wp\/v2\/users\/2"}],"replies":[{"embeddable":true,"href":"https:\/\/www.blackjackinfo.com\/de\/wp-json\/wp\/v2\/comments?post=735"}],"version-history":[{"count":22,"href":"https:\/\/www.blackjackinfo.com\/de\/wp-json\/wp\/v2\/pages\/735\/revisions"}],"predecessor-version":[{"id":5464,"href":"https:\/\/www.blackjackinfo.com\/de\/wp-json\/wp\/v2\/pages\/735\/revisions\/5464"}],"up":[{"embeddable":true,"href":"https:\/\/www.blackjackinfo.com\/de\/wp-json\/wp\/v2\/pages\/634"}],"wp:attachment":[{"href":"https:\/\/www.blackjackinfo.com\/de\/wp-json\/wp\/v2\/media?parent=735"}],"wp:term":[{"taxonomy":"post_tag","embeddable":true,"href":"https:\/\/www.blackjackinfo.com\/de\/wp-json\/wp\/v2\/tags?post=735"}],"curies":[{"name":"wp","href":"https:\/\/api.w.org\/{rel}","templated":true}]}}