{"id":746,"date":"2014-10-19T21:07:45","date_gmt":"2014-10-20T02:07:45","guid":{"rendered":"http:\/\/test.blackjackinfo.com\/?page_id=746"},"modified":"2020-02-18T17:58:23","modified_gmt":"2020-02-18T23:58:23","slug":"lektion-15-fortgeschrittenenkurs-teil-3","status":"publish","type":"page","link":"https:\/\/www.blackjackinfo.com\/de\/blackjack-school\/lesson-15-advanced-course-part-3\/","title":{"rendered":"Lektion 15 - Der Kurs f\u00fcr Fortgeschrittene - Teil 3"},"content":{"rendered":"<h3>Grundlegende Strategievariationen: Verdoppeln?<\/h3>\n<p><b>Die M\u00f6glichkeit, den Einsatz zu verdoppeln, wenn man sich bereit erkl\u00e4rt, nur eine weitere Karte zu akzeptieren, ist eine sehr m\u00e4chtige Option f\u00fcr den Spieler, wenn sie richtig genutzt wird.<\/b>  Ich kann Ihnen gar nicht sagen, wie oft ich Spieler sehe, die H\u00e4nde wie 7 oder 8 gegen eine offene Karte des Dealers von 6 verdoppeln und dann ihr Schicksal beklagen, wenn sie verlieren.  Ja, der Geber ist mit einer 6 sehr verwundbar, aber ein zus\u00e4tzlicher Einsatz ver\u00e4ndert die Mathematik des Blattes, daher m\u00fcssen alle Verdopplungen gut \u00fcberlegt sein.  Bei einem Spiel mit sechs Kartendecks, bei dem der Geber A-6 hat, bringt das Verdoppeln einer Hand mit 8 gegen die 6 des Gebers einen Gesamtertrag von 10,3%, w\u00e4hrend das blo\u00dfe Schlagen der Hand 12,3% einbringt und das Risiko geringer ist!<\/p>\n<p><b>Es gibt jedoch einen Zeitpunkt, an dem es sich lohnt, eine 8 gegen eine 6 des Dealers zu verdoppeln, und zwar dann, wenn ein h\u00f6herer Anteil als normal an 10ern im Deck \u00fcbrig ist.<\/b>  Dieser Punkt wird nat\u00fcrlich durch den wahren Z\u00e4hlerstand bestimmt.  Je positiver der True Count ist, desto profitabler wird es, zu verdoppeln.  Umgekehrt, wenn der Count negativ wird, ist es besser, einige H\u00e4nde zu schlagen, anstatt zu verdoppeln.<br \/>\n<div class=\"row\" style=\"margin-bottom:20px\">\n    <div class=\"col-sm-12\">\n                <h2>Top US Online Casinos <span\n                class=\"flag-icon flag-icon-us\"><\/span><\/h2>\n\n        \n                \n        <div class=\"ranking-table text-center\">\n            <div class=\"row flex ad-row\">\n                <div class=\"col-sm-3\">\n                    <div class=\"row flex\">\n\n                        <div class=\"col-sm-3\">\n                            <div class=\"ranking-number text-center\">\n\n                                1                                \n                            <\/div>\n                        <\/div>\n                        <div class=\"col-sm-9\">\n                            <img decoding=\"async\" src=\"https:\/\/www.blackjackinfo.com\/files\/bovada.png\" data-no-auto-translation=\"\">\n                        <\/div>\n                    <\/div>\n                <\/div>\n                <div class=\"col-sm-4\">\n                    <div class=\"bonus-text text-center\"><span class=\"red\">100% bis zu $1.000<\/span><\/div>\n\t\t\t\t\t\n\n                <\/div>\n                <div class=\"col-sm-2\">\n                    <a class=\"btn btn-wire\" href=\"\/de\/casino\/bovada\/\">\u00dcberpr\u00fcfung<\/a>\n\n                <\/div>\n                <div class=\"col-sm-3\">\n                    <a rel=\"nofollow\" target=\"_blank\" class=\"btn btn-blue\" href=\"\/goto\/goto\/\">Spielen\n                        Jetzt<\/a>\n\t\t\t\t\t\t\n\n                <\/div>\n            <\/div>\n        <\/div>\n\n\n\n        \n                \n        <div class=\"ranking-table text-center\">\n            <div class=\"row flex ad-row\">\n                <div class=\"col-sm-3\">\n                    <div class=\"row flex\">\n\n                        <div class=\"col-sm-3\">\n                            <div class=\"ranking-number text-center\">\n\n                                2                                \n                            <\/div>\n                        <\/div>\n                        <div class=\"col-sm-9\">\n                            <img decoding=\"async\" src=\"https:\/\/www.blackjackinfo.com\/files\/ignition-casino-logo.png\" data-no-auto-translation=\"\">\n                        <\/div>\n                    <\/div>\n                <\/div>\n                <div class=\"col-sm-4\">\n                    <div class=\"bonus-text text-center\"><span class=\"red\">100% bis zu $1.000<\/span><\/div>\n\t\t\t\t\t\n\n                <\/div>\n                <div class=\"col-sm-2\">\n                    <a class=\"btn btn-wire\" href=\"\/de\/casino\/ignition-casino\/\">\u00dcberpr\u00fcfung<\/a>\n\n                <\/div>\n                <div class=\"col-sm-3\">\n                    <a rel=\"nofollow\" target=\"_blank\" class=\"btn btn-blue\" href=\"\/goto\/goto\/\">Spielen\n                        Jetzt<\/a>\n\t\t\t\t\t\t\n\n                <\/div>\n            <\/div>\n        <\/div>\n\n\n\n        \n                \n        <div class=\"ranking-table text-center\">\n            <div class=\"row flex ad-row\">\n                <div class=\"col-sm-3\">\n                    <div class=\"row flex\">\n\n                        <div class=\"col-sm-3\">\n                            <div class=\"ranking-number text-center\">\n\n                                3                                \n                            <\/div>\n                        <\/div>\n                        <div class=\"col-sm-9\">\n                            <img decoding=\"async\" src=\"https:\/\/www.blackjackinfo.com\/files\/VipSlots-500x250_dark.svg\" data-no-auto-translation=\"\">\n                        <\/div>\n                    <\/div>\n                <\/div>\n                <div class=\"col-sm-4\">\n                    <div class=\"bonus-text text-center\"><span class=\"red\">100 GRATIS SPINS bei Secret Life of Cats<\/span><\/div>\n\t\t\t\t\t\n\n                <\/div>\n                <div class=\"col-sm-2\">\n                    <a class=\"btn btn-wire\" href=\"\/de\/casino\/vipslots-casino\/\">\u00dcberpr\u00fcfung<\/a>\n\n                <\/div>\n                <div class=\"col-sm-3\">\n                    <a rel=\"nofollow\" target=\"_blank\" class=\"btn btn-blue\" href=\"\/goto\/goto\/\">Spielen\n                        Jetzt<\/a>\n\t\t\t\t\t\t\n\n                <\/div>\n            <\/div>\n        <\/div>\n\n\n\n        \n                \n        <div class=\"ranking-table text-center\">\n            <div class=\"row flex ad-row\">\n                <div class=\"col-sm-3\">\n                    <div class=\"row flex\">\n\n                        <div class=\"col-sm-3\">\n                            <div class=\"ranking-number text-center\">\n\n                                4                                \n                            <\/div>\n                        <\/div>\n                        <div class=\"col-sm-9\">\n                            <img decoding=\"async\" src=\"https:\/\/www.blackjackinfo.com\/files\/vegas_casino_online.png\" data-no-auto-translation=\"\">\n                        <\/div>\n                    <\/div>\n                <\/div>\n                <div class=\"col-sm-4\">\n                    <div class=\"bonus-text text-center\"><span class=\"red\">300% bis zu $3.000<\/span><\/div>\n\t\t\t\t\t\n\n                <\/div>\n                <div class=\"col-sm-2\">\n                    <a class=\"btn btn-wire\" href=\"\/de\/casino\/vegas-casino-online-2\/\">\u00dcberpr\u00fcfung<\/a>\n\n                <\/div>\n                <div class=\"col-sm-3\">\n                    <a rel=\"nofollow\" target=\"_blank\" class=\"btn btn-blue\" href=\"\/goto\/goto\/\">Spielen\n                        Jetzt<\/a>\n\t\t\t\t\t\t\n\n                <\/div>\n            <\/div>\n        <\/div>\n\n\n\n        \n                \n        <div class=\"ranking-table text-center\">\n            <div class=\"row flex ad-row\">\n                <div class=\"col-sm-3\">\n                    <div class=\"row flex\">\n\n                        <div class=\"col-sm-3\">\n                            <div class=\"ranking-number text-center\">\n\n                                5                                \n                            <\/div>\n                        <\/div>\n                        <div class=\"col-sm-9\">\n                            <img decoding=\"async\" src=\"https:\/\/www.blackjackinfo.com\/files\/cafe-casino-logo.svg\" data-no-auto-translation=\"\">\n                        <\/div>\n                    <\/div>\n                <\/div>\n                <div class=\"col-sm-4\">\n                    <div class=\"bonus-text text-center\"><span class=\"red\">250% bis zu $1.500<\/span><\/div>\n\t\t\t\t\t\n\n                <\/div>\n                <div class=\"col-sm-2\">\n                    <a class=\"btn btn-wire\" href=\"\/de\/casino\/cafe-casino\/\">\u00dcberpr\u00fcfung<\/a>\n\n                <\/div>\n                <div class=\"col-sm-3\">\n                    <a rel=\"nofollow\" target=\"_blank\" class=\"btn btn-blue\" href=\"\/goto\/goto\/\">Spielen\n                        Jetzt<\/a>\n\t\t\t\t\t\t\n\n                <\/div>\n            <\/div>\n        <\/div>\n\n\n\n            <\/div>\n<\/div><\/p>\n<p><b>Genauso wie Sie Lernkarten verwenden, um die Hit\/Stand-Varianten zu lernen, erstellen Sie einen Satz f\u00fcr das Doppeln.<\/b> Hier sind die Zahlen, die Sie ben\u00f6tigen:<\/p>\n<h3>Grundlegende Strategievariationen Sechs Decks, Dealer steht auf A-6<\/h3>\n<div class=\"bji-note\">\nAnmerkung des Redakteurs von BlackjackInfo.com:<\/p>\n<p>Es gibt leichte Unterschiede zwischen den hier ver\u00f6ffentlichten Indexzahlen des GameMasters und den optimierten Zahlen auf der<br \/>\nBlackjackInfo <a href=\"http:\/\/www.amazon.com\/dp\/0982119178\/?tag=theblackjacbasic\">Fortgeschrittene Blackjack-Strategiekarten<\/a>.<\/p>\n<p>Diese Unterschiede sind in der Regel auf die Anwendung risikoaverser Berechnungen durch den Spielleiter zur\u00fcckzuf\u00fchren.  Ich behaupte, dass f\u00fcr die Mehrheit der<br \/>\nvon Spielern (die nicht in der N\u00e4he des maximalen Kelly-Anteils ihrer Bankroll spielen), sind Straight-Indizes vorzuziehen gegen\u00fcber<br \/>\nrisikoadjustierte Indizes. In allen F\u00e4llen, in denen risikoaverse Indizes von reinen Indizes abweichen, und sei es auch nur um einige Punkte,<br \/>\ndie Entscheidungen liegen recht eng beieinander, und die Auswirkungen der Wahl eines Indexstils gegen\u00fcber einem anderen sind minimal.<\/p>\n<\/div>\n<h2 class=\"text-center\">Weiche Verdoppelung<\/h2>\n<div class=\"row\">\n<div class=\"col-sm-10 col-center\">\n<div class=\"overflow-scroll\">\n<table class=\"data-table\" border=\"1\" cellspacing=\"0\" cellpadding=\"0\" style=\"border-spacing:0px\">\n<tbody>\n<tr>\n<td>A-2 vs. 4<\/td>\n<td>Double at 3.<\/td>\n<td width=\"50%\">(Haben Sie das?  Die Grundstrategie besagt, dass man A-2 gegen eine 4 schlagen soll, aber wenn der wahre Wert 3 oder h\u00f6her ist, sollte man verdoppeln).<\/td>\n<\/tr>\n<tr>\n<td>A-2 vs. 5<\/td>\n<td>Doppelt bei 0.<\/td>\n<td>(Lassen Sie sich hier nicht verwirren.  Die Grundstrategie besagt, dass man A-2 gegen eine 5 verdoppeln soll, aber wenn der Z\u00e4hlwert negativ ist, sollte man einfach zuschlagen und nur verdoppeln, wenn der Z\u00e4hlwert 0 oder h\u00f6her ist).<\/td>\n<\/tr>\n<tr>\n<td>A-2 vs. 6<\/td>\n<td>Doppelt bei -1.<\/td>\n<td>(oder h\u00f6her. Solange der Z\u00e4hlerstand \u00fcber -1 bleibt, verdoppeln Sie; sobald er unter -1 f\u00e4llt, schlagen Sie einfach zu - und verlassen dann hoffentlich den Tisch, wenn sich der Z\u00e4hlerstand nicht verbessert).<\/td>\n<\/tr>\n<tr>\n<td>A-3 vs. 4<\/td>\n<td>Double at 1.<\/td>\n<\/tr>\n<tr>\n<td>A-3 vs. 5<\/td>\n<td>Doppelt bei -1.<\/td>\n<\/tr>\n<tr>\n<td>A-4 vs. 4<\/td>\n<td>Doppelt bei 0.<\/td>\n<\/tr>\n<tr>\n<td>A-7 vs. 2<\/td>\n<td>Double at 1.<\/td>\n<\/tr>\n<tr>\n<td>A-8 vs. 4<\/td>\n<td>Double at 5.<\/td>\n<\/tr>\n<tr>\n<td>A-8 vs. 5<\/td>\n<td>Double at 2.<\/td>\n<\/tr>\n<tr>\n<td>A-8 vs. 6<\/td>\n<td>Double at 1.<\/td>\n<\/tr>\n<tr>\n<td>A-9 vs. 5<\/td>\n<td>Doppel bei 6.<\/td>\n<\/tr>\n<tr>\n<td>A-9 vs. 6<\/td>\n<td>Double at 5.<\/td>\n<\/tr>\n<\/tbody>\n<\/table>\n<\/div>\n<\/div>\n<\/div>\n<h2 class=\"text-center\">Harte Verdoppelung<\/h2>\n<div class=\"row\">\n<div class=\"col-sm-10 col-center\">\n<div class=\"overflow-scroll\">\n<table class=\"data-table text-center\">\n<tbody>\n<tr>\n<td>8 vs. 5<\/td>\n<td>Doppel bei 6.<\/td>\n<\/tr>\n<tr>\n<td>8 vs. 6<\/td>\n<td>Double at 3.<\/td>\n<\/tr>\n<tr>\n<td>9 vs. 2<\/td>\n<td>Double at 2.<\/td>\n<\/tr>\n<tr>\n<td>9 vs. 3<\/td>\n<td>Doppelt bei 0.<\/td>\n<\/tr>\n<tr>\n<td>9 vs. 7<\/td>\n<td>Doppel bei 6.<\/td>\n<\/tr>\n<tr>\n<td>10 vs. 9<\/td>\n<td>Doppelt bei -2.<\/td>\n<\/tr>\n<tr>\n<td>11 gegen A<\/td>\n<td>Double at 1.<\/td>\n<\/tr>\n<\/tbody>\n<\/table>\n<\/div>\n<\/div>\n<\/div>\n<h3>Hausaufgaben<\/h3>\n<p>Erstellen Sie eine Reihe von Karteikarten f\u00fcr diese Variationen und bauen Sie sie in Ihr Spiel ein.<\/p>","protected":false},"excerpt":{"rendered":"<p>Basic Strategy Variations: Double? The opportunity to double your bet in return for agreeing to accept only one more card is a very powerful option for the player, if it&#8217;s utilized correctly. I can&#8217;t tell you how often I see players double hands like 7 or 8 against a dealer&#8217;s up card of 6 and [&hellip;]<\/p>\n","protected":false},"author":2,"featured_media":0,"parent":634,"menu_order":0,"comment_status":"open","ping_status":"open","template":"page-blackjack-school.php","meta":{"_acf_changed":false,"footnotes":""},"tags":[],"class_list":["post-746","page","type-page","status-publish","hentry"],"acf":[],"yoast_head":"<!-- This site is optimized with the Yoast SEO plugin v26.6 - https:\/\/yoast.com\/wordpress\/plugins\/seo\/ -->\n<title>Blackjack School \u1408 Lesson 15 - The Advanced Course - Part 3<\/title>\n<meta name=\"description\" content=\"Lesson 15 in the GameMaster&#039;s Free Blackjack School - Double down strategy variations.\" \/>\n<meta name=\"robots\" content=\"index, follow, max-snippet:-1, max-image-preview:large, max-video-preview:-1\" \/>\n<link rel=\"canonical\" href=\"https:\/\/www.blackjackinfo.com\/de\/blackjack-schule\/lektion-15-fortgeschrittenenkurs-teil-3\/\" \/>\n<meta property=\"og:locale\" content=\"de_DE\" \/>\n<meta property=\"og:type\" content=\"article\" \/>\n<meta property=\"og:title\" content=\"Blackjack School \u1408 Lesson 15 - The Advanced Course - Part 3\" \/>\n<meta property=\"og:description\" content=\"Lesson 15 in the GameMaster&#039;s Free Blackjack School - Double down strategy variations.\" \/>\n<meta property=\"og:url\" content=\"https:\/\/www.blackjackinfo.com\/de\/blackjack-schule\/lektion-15-fortgeschrittenenkurs-teil-3\/\" \/>\n<meta property=\"og:site_name\" content=\"BlackjackInfo.com\" \/>\n<meta property=\"article:modified_time\" content=\"2020-02-18T23:58:23+00:00\" \/>\n<meta name=\"twitter:label1\" content=\"Gesch\u00e4tzte Lesezeit\" \/>\n\t<meta name=\"twitter:data1\" content=\"3\u00a0Minuten\" \/>\n<script type=\"application\/ld+json\" class=\"yoast-schema-graph\">{\"@context\":\"https:\/\/schema.org\",\"@graph\":[{\"@type\":\"WebPage\",\"@id\":\"https:\/\/www.blackjackinfo.com\/blackjack-school\/lesson-15-advanced-course-part-3\/\",\"url\":\"https:\/\/www.blackjackinfo.com\/blackjack-school\/lesson-15-advanced-course-part-3\/\",\"name\":\"Blackjack School \u1408 Lesson 15 - The Advanced Course - Part 3\",\"isPartOf\":{\"@id\":\"https:\/\/www.blackjackinfo.com\/#website\"},\"datePublished\":\"2014-10-20T02:07:45+00:00\",\"dateModified\":\"2020-02-18T23:58:23+00:00\",\"description\":\"Lesson 15 in the GameMaster's Free Blackjack School - Double down strategy variations.\",\"breadcrumb\":{\"@id\":\"https:\/\/www.blackjackinfo.com\/blackjack-school\/lesson-15-advanced-course-part-3\/#breadcrumb\"},\"inLanguage\":\"de\",\"potentialAction\":[{\"@type\":\"ReadAction\",\"target\":[\"https:\/\/www.blackjackinfo.com\/blackjack-school\/lesson-15-advanced-course-part-3\/\"]}]},{\"@type\":\"BreadcrumbList\",\"@id\":\"https:\/\/www.blackjackinfo.com\/blackjack-school\/lesson-15-advanced-course-part-3\/#breadcrumb\",\"itemListElement\":[{\"@type\":\"ListItem\",\"position\":1,\"name\":\"Home\",\"item\":\"https:\/\/www.blackjackinfo.com\/\"},{\"@type\":\"ListItem\",\"position\":2,\"name\":\"Blackjack School &#8211; A Free 24-Lesson Class on Card Counting\",\"item\":\"https:\/\/www.blackjackinfo.com\/blackjack-school\/\"},{\"@type\":\"ListItem\",\"position\":3,\"name\":\"Lesson 15 &#8211; The Advanced Course &#8211; Part 3\"}]},{\"@type\":\"WebSite\",\"@id\":\"https:\/\/www.blackjackinfo.com\/#website\",\"url\":\"https:\/\/www.blackjackinfo.com\/\",\"name\":\"BlackjackInfo.com\",\"description\":\"Because Winning is More Fun!\",\"potentialAction\":[{\"@type\":\"SearchAction\",\"target\":{\"@type\":\"EntryPoint\",\"urlTemplate\":\"https:\/\/www.blackjackinfo.com\/?s={search_term_string}\"},\"query-input\":{\"@type\":\"PropertyValueSpecification\",\"valueRequired\":true,\"valueName\":\"search_term_string\"}}],\"inLanguage\":\"de\"}]}<\/script>\n<!-- \/ Yoast SEO plugin. -->","yoast_head_json":{"title":"Blackjack School \u1408 Lektion 15 - Der Kurs f\u00fcr Fortgeschrittene - Teil 3","description":"Lektion 15 der GameMaster's Free Blackjack School - Varianten der Double-Down-Strategie.","robots":{"index":"index","follow":"follow","max-snippet":"max-snippet:-1","max-image-preview":"max-image-preview:large","max-video-preview":"max-video-preview:-1"},"canonical":"https:\/\/www.blackjackinfo.com\/de\/blackjack-schule\/lektion-15-fortgeschrittenenkurs-teil-3\/","og_locale":"de_DE","og_type":"article","og_title":"Blackjack School \u1408 Lesson 15 - The Advanced Course - Part 3","og_description":"Lesson 15 in the GameMaster's Free Blackjack School - Double down strategy variations.","og_url":"https:\/\/www.blackjackinfo.com\/de\/blackjack-schule\/lektion-15-fortgeschrittenenkurs-teil-3\/","og_site_name":"BlackjackInfo.com","article_modified_time":"2020-02-18T23:58:23+00:00","twitter_misc":{"Gesch\u00e4tzte Lesezeit":"3\u00a0Minuten"},"schema":{"@context":"https:\/\/schema.org","@graph":[{"@type":"WebPage","@id":"https:\/\/www.blackjackinfo.com\/blackjack-school\/lesson-15-advanced-course-part-3\/","url":"https:\/\/www.blackjackinfo.com\/blackjack-school\/lesson-15-advanced-course-part-3\/","name":"Blackjack School \u1408 Lektion 15 - Der Kurs f\u00fcr Fortgeschrittene - Teil 3","isPartOf":{"@id":"https:\/\/www.blackjackinfo.com\/#website"},"datePublished":"2014-10-20T02:07:45+00:00","dateModified":"2020-02-18T23:58:23+00:00","description":"Lektion 15 der GameMaster's Free Blackjack School - Varianten der Double-Down-Strategie.","breadcrumb":{"@id":"https:\/\/www.blackjackinfo.com\/blackjack-school\/lesson-15-advanced-course-part-3\/#breadcrumb"},"inLanguage":"de","potentialAction":[{"@type":"ReadAction","target":["https:\/\/www.blackjackinfo.com\/blackjack-school\/lesson-15-advanced-course-part-3\/"]}]},{"@type":"BreadcrumbList","@id":"https:\/\/www.blackjackinfo.com\/blackjack-school\/lesson-15-advanced-course-part-3\/#breadcrumb","itemListElement":[{"@type":"ListItem","position":1,"name":"Home","item":"https:\/\/www.blackjackinfo.com\/"},{"@type":"ListItem","position":2,"name":"Blackjack School &#8211; A Free 24-Lesson Class on Card Counting","item":"https:\/\/www.blackjackinfo.com\/blackjack-school\/"},{"@type":"ListItem","position":3,"name":"Lesson 15 &#8211; The Advanced Course &#8211; Part 3"}]},{"@type":"WebSite","@id":"https:\/\/www.blackjackinfo.com\/#website","url":"https:\/\/www.blackjackinfo.com\/","name":"BlackjackInfo.de","description":"Denn Gewinnen macht mehr Spa\u00df!","potentialAction":[{"@type":"SearchAction","target":{"@type":"EntryPoint","urlTemplate":"https:\/\/www.blackjackinfo.com\/?s={search_term_string}"},"query-input":{"@type":"PropertyValueSpecification","valueRequired":true,"valueName":"search_term_string"}}],"inLanguage":"de"}]}},"_links":{"self":[{"href":"https:\/\/www.blackjackinfo.com\/de\/wp-json\/wp\/v2\/pages\/746","targetHints":{"allow":["GET"]}}],"collection":[{"href":"https:\/\/www.blackjackinfo.com\/de\/wp-json\/wp\/v2\/pages"}],"about":[{"href":"https:\/\/www.blackjackinfo.com\/de\/wp-json\/wp\/v2\/types\/page"}],"author":[{"embeddable":true,"href":"https:\/\/www.blackjackinfo.com\/de\/wp-json\/wp\/v2\/users\/2"}],"replies":[{"embeddable":true,"href":"https:\/\/www.blackjackinfo.com\/de\/wp-json\/wp\/v2\/comments?post=746"}],"version-history":[{"count":18,"href":"https:\/\/www.blackjackinfo.com\/de\/wp-json\/wp\/v2\/pages\/746\/revisions"}],"predecessor-version":[{"id":5465,"href":"https:\/\/www.blackjackinfo.com\/de\/wp-json\/wp\/v2\/pages\/746\/revisions\/5465"}],"up":[{"embeddable":true,"href":"https:\/\/www.blackjackinfo.com\/de\/wp-json\/wp\/v2\/pages\/634"}],"wp:attachment":[{"href":"https:\/\/www.blackjackinfo.com\/de\/wp-json\/wp\/v2\/media?parent=746"}],"wp:term":[{"taxonomy":"post_tag","embeddable":true,"href":"https:\/\/www.blackjackinfo.com\/de\/wp-json\/wp\/v2\/tags?post=746"}],"curies":[{"name":"wp","href":"https:\/\/api.w.org\/{rel}","templated":true}]}}