{"id":748,"date":"2014-10-19T21:12:17","date_gmt":"2014-10-20T02:12:17","guid":{"rendered":"http:\/\/test.blackjackinfo.com\/?page_id=748"},"modified":"2020-02-18T17:58:35","modified_gmt":"2020-02-18T23:58:35","slug":"lektion-16-fortgeschrittenenkurs-teil-4","status":"publish","type":"page","link":"https:\/\/www.blackjackinfo.com\/de\/blackjack-school\/lesson-16-advanced-course-part-4\/","title":{"rendered":"Lektion 16 - Der Kurs f\u00fcr Fortgeschrittene - Teil 4"},"content":{"rendered":"<h2>Grundlegende Strategievariationen: Aufteilen oder nicht aufteilen<\/h2>\n<p><b>Der wichtigste Faktor beim Teilen von Paaren ist, ob das Casino Ihrer Wahl das Verdoppeln nach dem Teilen (DAS) erlaubt oder nicht.<\/b>  Wenn DAS erlaubt ist, m\u00fcssen Sie die richtige Grundstrategie auswendig lernen.  Ich sehe, dass Spieler viele Fehler beim Teilen von Paaren machen, vor allem mit einem Blatt von 8, 8.  Die meisten wissen, dass ein 8er-Paar gegen alle offenen Karten geteilt werden sollte, aber die meisten bleiben stehen, wenn sie sie gegen eine 10 des Dealers halten.  Die Kosten f\u00fcr diesen Fehler sind nicht sehr hoch, da ein Blatt mit 8,8 ziemlich selten ist.  Aber wenn ein Spieler stehen bleibt, hat er eine Erwartung von -.537% und wenn er teilt (wenn DAS erlaubt ist), wird eine Erwartung von -.483% realisiert.  Das zus\u00e4tzliche Geld, das riskiert wird, bringt also - langfristig gesehen - eine bessere Rendite.  Betrachten Sie es einmal so.  W\u00fcrden Sie lieber mit einer 16 gegen eine 10 stehen oder eine 8 gegen eine 10 treffen?  Wenn Sie splitten, k\u00f6nnen Sie eine 8 treffen. \u00dcbrigens zeigen die Zahlen auch, dass Splitten am besten ist, wenn DAS nicht erlaubt ist, obwohl der Unterschied nicht so gro\u00df ist.<br \/>\n<div class=\"row\" style=\"margin-bottom:20px\">\n    <div class=\"col-sm-12\">\n                <h2>Top US Online Casinos <span\n                class=\"flag-icon flag-icon-us\"><\/span><\/h2>\n\n        \n                \n        <div class=\"ranking-table text-center\">\n            <div class=\"row flex ad-row\">\n                <div class=\"col-sm-3\">\n                    <div class=\"row flex\">\n\n                        <div class=\"col-sm-3\">\n                            <div class=\"ranking-number text-center\">\n\n                                1                                \n                            <\/div>\n                        <\/div>\n                        <div class=\"col-sm-9\">\n                            <img decoding=\"async\" src=\"https:\/\/www.blackjackinfo.com\/files\/bovada.png\" data-no-auto-translation=\"\">\n                        <\/div>\n                    <\/div>\n                <\/div>\n                <div class=\"col-sm-4\">\n                    <div class=\"bonus-text text-center\"><span class=\"red\">100% bis zu $1.000<\/span><\/div>\n\t\t\t\t\t\n\n                <\/div>\n                <div class=\"col-sm-2\">\n                    <a class=\"btn btn-wire\" href=\"\/de\/casino\/bovada\/\">\u00dcberpr\u00fcfung<\/a>\n\n                <\/div>\n                <div class=\"col-sm-3\">\n                    <a rel=\"nofollow\" target=\"_blank\" class=\"btn btn-blue\" href=\"\/goto\/goto\/\">Spielen\n                        Jetzt<\/a>\n\t\t\t\t\t\t\n\n                <\/div>\n            <\/div>\n        <\/div>\n\n\n\n        \n                \n        <div class=\"ranking-table text-center\">\n            <div class=\"row flex ad-row\">\n                <div class=\"col-sm-3\">\n                    <div class=\"row flex\">\n\n                        <div class=\"col-sm-3\">\n                            <div class=\"ranking-number text-center\">\n\n                                2                                \n                            <\/div>\n                        <\/div>\n                        <div class=\"col-sm-9\">\n                            <img decoding=\"async\" src=\"https:\/\/www.blackjackinfo.com\/files\/ignition-casino-logo.png\" data-no-auto-translation=\"\">\n                        <\/div>\n                    <\/div>\n                <\/div>\n                <div class=\"col-sm-4\">\n                    <div class=\"bonus-text text-center\"><span class=\"red\">100% bis zu $1.000<\/span><\/div>\n\t\t\t\t\t\n\n                <\/div>\n                <div class=\"col-sm-2\">\n                    <a class=\"btn btn-wire\" href=\"\/de\/casino\/ignition-casino\/\">\u00dcberpr\u00fcfung<\/a>\n\n                <\/div>\n                <div class=\"col-sm-3\">\n                    <a rel=\"nofollow\" target=\"_blank\" class=\"btn btn-blue\" href=\"\/goto\/goto\/\">Spielen\n                        Jetzt<\/a>\n\t\t\t\t\t\t\n\n                <\/div>\n            <\/div>\n        <\/div>\n\n\n\n        \n                \n        <div class=\"ranking-table text-center\">\n            <div class=\"row flex ad-row\">\n                <div class=\"col-sm-3\">\n                    <div class=\"row flex\">\n\n                        <div class=\"col-sm-3\">\n                            <div class=\"ranking-number text-center\">\n\n                                3                                \n                            <\/div>\n                        <\/div>\n                        <div class=\"col-sm-9\">\n                            <img decoding=\"async\" src=\"https:\/\/www.blackjackinfo.com\/files\/VipSlots-500x250_dark.svg\" data-no-auto-translation=\"\">\n                        <\/div>\n                    <\/div>\n                <\/div>\n                <div class=\"col-sm-4\">\n                    <div class=\"bonus-text text-center\"><span class=\"red\">100 GRATIS SPINS bei Secret Life of Cats<\/span><\/div>\n\t\t\t\t\t\n\n                <\/div>\n                <div class=\"col-sm-2\">\n                    <a class=\"btn btn-wire\" href=\"\/de\/casino\/vipslots-casino\/\">\u00dcberpr\u00fcfung<\/a>\n\n                <\/div>\n                <div class=\"col-sm-3\">\n                    <a rel=\"nofollow\" target=\"_blank\" class=\"btn btn-blue\" href=\"\/goto\/goto\/\">Spielen\n                        Jetzt<\/a>\n\t\t\t\t\t\t\n\n                <\/div>\n            <\/div>\n        <\/div>\n\n\n\n        \n                \n        <div class=\"ranking-table text-center\">\n            <div class=\"row flex ad-row\">\n                <div class=\"col-sm-3\">\n                    <div class=\"row flex\">\n\n                        <div class=\"col-sm-3\">\n                            <div class=\"ranking-number text-center\">\n\n                                4                                \n                            <\/div>\n                        <\/div>\n                        <div class=\"col-sm-9\">\n                            <img decoding=\"async\" src=\"https:\/\/www.blackjackinfo.com\/files\/vegas_casino_online.png\" data-no-auto-translation=\"\">\n                        <\/div>\n                    <\/div>\n                <\/div>\n                <div class=\"col-sm-4\">\n                    <div class=\"bonus-text text-center\"><span class=\"red\">300% bis zu $3.000<\/span><\/div>\n\t\t\t\t\t\n\n                <\/div>\n                <div class=\"col-sm-2\">\n                    <a class=\"btn btn-wire\" href=\"\/de\/casino\/vegas-casino-online-2\/\">\u00dcberpr\u00fcfung<\/a>\n\n                <\/div>\n                <div class=\"col-sm-3\">\n                    <a rel=\"nofollow\" target=\"_blank\" class=\"btn btn-blue\" href=\"\/goto\/goto\/\">Spielen\n                        Jetzt<\/a>\n\t\t\t\t\t\t\n\n                <\/div>\n            <\/div>\n        <\/div>\n\n\n\n        \n                \n        <div class=\"ranking-table text-center\">\n            <div class=\"row flex ad-row\">\n                <div class=\"col-sm-3\">\n                    <div class=\"row flex\">\n\n                        <div class=\"col-sm-3\">\n                            <div class=\"ranking-number text-center\">\n\n                                5                                \n                            <\/div>\n                        <\/div>\n                        <div class=\"col-sm-9\">\n                            <img decoding=\"async\" src=\"https:\/\/www.blackjackinfo.com\/files\/cafe-casino-logo.svg\" data-no-auto-translation=\"\">\n                        <\/div>\n                    <\/div>\n                <\/div>\n                <div class=\"col-sm-4\">\n                    <div class=\"bonus-text text-center\"><span class=\"red\">250% bis zu $1.500<\/span><\/div>\n\t\t\t\t\t\n\n                <\/div>\n                <div class=\"col-sm-2\">\n                    <a class=\"btn btn-wire\" href=\"\/de\/casino\/cafe-casino\/\">\u00dcberpr\u00fcfung<\/a>\n\n                <\/div>\n                <div class=\"col-sm-3\">\n                    <a rel=\"nofollow\" target=\"_blank\" class=\"btn btn-blue\" href=\"\/goto\/goto\/\">Spielen\n                        Jetzt<\/a>\n\t\t\t\t\t\t\n\n                <\/div>\n            <\/div>\n        <\/div>\n\n\n\n            <\/div>\n<\/div><br \/>\n<b>Je h\u00f6her die tats\u00e4chliche Anzahl ist, desto mehr wird geteilt und je niedriger sie ist, desto weniger wird geteilt.<\/b>  Ein Spiel, das durch einen hohen Z\u00e4hlwert gerechtfertigt ist, ist das Aufteilen von 10ern.  Es kann zum Beispiel vorkommen, dass es sich lohnt, ein Paar Bildkarten gegen eine 6 zu teilen. Ich rate meinen Sch\u00fclern, dieses Spiel zu vermeiden, da es bei den anderen Spielern am Tisch eine so negative Reaktion hervorruft.  Mir ist es eigentlich egal, was die anderen an einem Tisch von meinem Spiel halten, aber wenn das Personal auf mein Verhalten aufmerksam wird, k\u00f6nnte ihr erster Verdacht sein, dass ich ein Zocker bin.  Wenn sie gesehen haben, dass ich eine gute Grundstrategie spiele und pl\u00f6tzlich einen hohen Einsatz habe und etwas tue, wie 10er gegen 6er zu teilen, werden sie mich entweder f\u00fcr sehr dumm oder sehr schlau halten.  Ich denke, es h\u00e4ngt alles von dem Bild ab, das man im Kasino abgibt; wenn es das eines \"wilden Mannes\" ist, dann nur zu.  Wenn Sie aber ruhig und h\u00f6flich sind und nicht trinken, w\u00fcrde ich Ihnen von diesem Spiel abraten.<\/p>\n<p><b>Alle anderen Aufteilungssituationen sollten buchstabengetreu befolgt werden, insbesondere die Aufteilung von 4en gegen eine 5 oder 6 (wenn DAS erlaubt ist).<\/b>  Die meisten Leute haben den Teil der Grundstrategie, der Paare betrifft, nicht perfekt auswendig gelernt, so dass sie nicht wissen, was richtig oder falsch ist, wenn Sie es tun, und die meisten denken, es sei falsch, 4er zu teilen.  Es gibt nichts Sch\u00f6neres, als das richtige Spiel zu machen und dann wie ein Dummkopf dazustehen, wenn man es tut!<\/p>\n<p>Wenn Sie die Zahlen f\u00fcr das Splitten von Paaren durchgehen, werden Sie feststellen, dass einige nicht mit den von Stanford Wong und anderen Autoren ver\u00f6ffentlichten Zahlen \u00fcbereinstimmen.  Wie ich bereits erkl\u00e4rt habe, wurden einige aufgrund von Friedmans Studie \u00fcber risikoaverses Spiel ge\u00e4ndert, und ich bin der Meinung, dass sie Ihnen keinen Vorteil verschaffen, aber Ihr Risiko etwas verringern.<\/p>\n<hr>\n<div class=\"bji-note\">\nAnmerkung des Redakteurs von BlackjackInfo.com:<\/p>\n<p>Es gibt leichte Unterschiede zwischen den hier ver\u00f6ffentlichten Indexzahlen des GameMasters und den optimierten Zahlen auf der<br \/>\nBlackjackInfo <a href=\"http:\/\/www.amazon.com\/dp\/0982119178\/?tag=theblackjacbasic\">Fortgeschrittene Blackjack-Strategiekarten<\/a>.<\/p>\n<p>Diese Unterschiede sind in der Regel auf die Anwendung risikoaverser Berechnungen durch den Spielleiter zur\u00fcckzuf\u00fchren.  Ich behaupte, dass f\u00fcr die Mehrheit der<br \/>\nvon Spielern (die nicht in der N\u00e4he des maximalen Kelly-Anteils ihrer Bankroll spielen), sind Straight-Indizes vorzuziehen gegen\u00fcber<br \/>\nrisikoadjustierte Indizes. In allen F\u00e4llen, in denen risikoaverse Indizes von reinen Indizes abweichen, und sei es auch nur um einige Punkte,<br \/>\ndie Entscheidungen liegen recht eng beieinander, und die Auswirkungen der Wahl eines Indexstils gegen\u00fcber einem anderen sind minimal.<\/p>\n<\/div>\n<hr>\n<div class=\"row\">\n<div class=\"col-sm-10 col-center\">\n<div class=\"overflow-scroll\">\n<table class=\"data-table\">\n<thead>\n<tr>\n<th colspan=\"3\">Grundlegende Strategievariationen:<br \/>\nVerdoppeln nach Split erlaubt.<\/th>\n<\/tr>\n<\/thead>\n<tbody>\n<tr>\n<td>3,3 vs. 2<\/td>\n<td>Treffer bei 0 oder niedriger.<\/td>\n<td>(Anstatt zu spalten.)<\/td>\n<\/tr>\n<tr>\n<td>4,4 vs. 5<\/td>\n<td>Treffer bei -1 oder niedriger.<\/td>\n<td>(Anstatt zu spalten.)<\/td>\n<\/tr>\n<tr>\n<td>4,4 vs. 6<\/td>\n<td>Treffer bei -2 oder niedriger.<\/td>\n<td>(Anstatt zu spalten.)<\/td>\n<\/tr>\n<tr>\n<td>6,6 vs. 2<\/td>\n<td>Treffer bei -1 oder niedriger.<\/td>\n<td>(Anstatt zu spalten.)<\/td>\n<\/tr>\n<tr>\n<td>8,8 vs. 10<\/td>\n<td>Stand: 8.<\/td>\n<td>(Wenn die Zahl sehr hoch ist, steht man, anstatt zu schlagen.)<\/td>\n<\/tr>\n<tr>\n<td>9,9 vs. 7<\/td>\n<td>Split bei 6.<\/td>\n<td>Dies ist ein \"risikoaverses\" Spiel.<\/td>\n<\/tr>\n<\/tbody>\n<\/table>\n<\/div>\n<\/div>\n<\/div>","protected":false},"excerpt":{"rendered":"<p>Basic Strategy Variations: To Split or Not To Split The primary factor to consider when splitting pairs is whether or not your casino of choice allows doubling after splitting (DAS). If DAS is allowed, you must have the proper basic strategy memorized. I see players make a lot of errors in splitting pairs, primarily with [&hellip;]<\/p>\n","protected":false},"author":2,"featured_media":0,"parent":634,"menu_order":0,"comment_status":"open","ping_status":"open","template":"page-blackjack-school.php","meta":{"_acf_changed":false,"footnotes":""},"tags":[],"class_list":["post-748","page","type-page","status-publish","hentry"],"acf":[],"yoast_head":"<!-- This site is optimized with the Yoast SEO plugin v26.6 - https:\/\/yoast.com\/wordpress\/plugins\/seo\/ -->\n<title>Blackjack School \u1408 Lesson 16 - The Advanced Course - Part 4<\/title>\n<meta name=\"description\" content=\"Lesson 16 in the GameMaster&#039;s Free Blackjack School - Splitting strategy variations in blackjack.\" \/>\n<meta name=\"robots\" content=\"index, follow, max-snippet:-1, max-image-preview:large, max-video-preview:-1\" \/>\n<link rel=\"canonical\" href=\"https:\/\/www.blackjackinfo.com\/de\/blackjack-schule\/lektion-16-fortgeschrittenenkurs-teil-4\/\" \/>\n<meta property=\"og:locale\" content=\"de_DE\" \/>\n<meta property=\"og:type\" content=\"article\" \/>\n<meta property=\"og:title\" content=\"Blackjack School \u1408 Lesson 16 - The Advanced Course - Part 4\" \/>\n<meta property=\"og:description\" content=\"Lesson 16 in the GameMaster&#039;s Free Blackjack School - Splitting strategy variations in blackjack.\" \/>\n<meta property=\"og:url\" content=\"https:\/\/www.blackjackinfo.com\/de\/blackjack-schule\/lektion-16-fortgeschrittenenkurs-teil-4\/\" \/>\n<meta property=\"og:site_name\" content=\"BlackjackInfo.com\" \/>\n<meta property=\"article:modified_time\" content=\"2020-02-18T23:58:35+00:00\" \/>\n<meta name=\"twitter:label1\" content=\"Gesch\u00e4tzte Lesezeit\" \/>\n\t<meta name=\"twitter:data1\" content=\"3\u00a0Minuten\" \/>\n<script type=\"application\/ld+json\" class=\"yoast-schema-graph\">{\"@context\":\"https:\/\/schema.org\",\"@graph\":[{\"@type\":\"WebPage\",\"@id\":\"https:\/\/www.blackjackinfo.com\/blackjack-school\/lesson-16-advanced-course-part-4\/\",\"url\":\"https:\/\/www.blackjackinfo.com\/blackjack-school\/lesson-16-advanced-course-part-4\/\",\"name\":\"Blackjack School \u1408 Lesson 16 - The Advanced Course - Part 4\",\"isPartOf\":{\"@id\":\"https:\/\/www.blackjackinfo.com\/#website\"},\"datePublished\":\"2014-10-20T02:12:17+00:00\",\"dateModified\":\"2020-02-18T23:58:35+00:00\",\"description\":\"Lesson 16 in the GameMaster's Free Blackjack School - Splitting strategy variations in blackjack.\",\"breadcrumb\":{\"@id\":\"https:\/\/www.blackjackinfo.com\/blackjack-school\/lesson-16-advanced-course-part-4\/#breadcrumb\"},\"inLanguage\":\"de\",\"potentialAction\":[{\"@type\":\"ReadAction\",\"target\":[\"https:\/\/www.blackjackinfo.com\/blackjack-school\/lesson-16-advanced-course-part-4\/\"]}]},{\"@type\":\"BreadcrumbList\",\"@id\":\"https:\/\/www.blackjackinfo.com\/blackjack-school\/lesson-16-advanced-course-part-4\/#breadcrumb\",\"itemListElement\":[{\"@type\":\"ListItem\",\"position\":1,\"name\":\"Home\",\"item\":\"https:\/\/www.blackjackinfo.com\/\"},{\"@type\":\"ListItem\",\"position\":2,\"name\":\"Blackjack School &#8211; A Free 24-Lesson Class on Card Counting\",\"item\":\"https:\/\/www.blackjackinfo.com\/blackjack-school\/\"},{\"@type\":\"ListItem\",\"position\":3,\"name\":\"Lesson 16 &#8211; The Advanced Course &#8211; Part 4\"}]},{\"@type\":\"WebSite\",\"@id\":\"https:\/\/www.blackjackinfo.com\/#website\",\"url\":\"https:\/\/www.blackjackinfo.com\/\",\"name\":\"BlackjackInfo.com\",\"description\":\"Because Winning is More Fun!\",\"potentialAction\":[{\"@type\":\"SearchAction\",\"target\":{\"@type\":\"EntryPoint\",\"urlTemplate\":\"https:\/\/www.blackjackinfo.com\/?s={search_term_string}\"},\"query-input\":{\"@type\":\"PropertyValueSpecification\",\"valueRequired\":true,\"valueName\":\"search_term_string\"}}],\"inLanguage\":\"de\"}]}<\/script>\n<!-- \/ Yoast SEO plugin. -->","yoast_head_json":{"title":"Blackjack School \u1408 Lektion 16 - Der Kurs f\u00fcr Fortgeschrittene - Teil 4","description":"Lektion 16 in der GameMaster's Free Blackjack School - Varianten der Splitting-Strategie beim Blackjack.","robots":{"index":"index","follow":"follow","max-snippet":"max-snippet:-1","max-image-preview":"max-image-preview:large","max-video-preview":"max-video-preview:-1"},"canonical":"https:\/\/www.blackjackinfo.com\/de\/blackjack-schule\/lektion-16-fortgeschrittenenkurs-teil-4\/","og_locale":"de_DE","og_type":"article","og_title":"Blackjack School \u1408 Lesson 16 - The Advanced Course - Part 4","og_description":"Lesson 16 in the GameMaster's Free Blackjack School - Splitting strategy variations in blackjack.","og_url":"https:\/\/www.blackjackinfo.com\/de\/blackjack-schule\/lektion-16-fortgeschrittenenkurs-teil-4\/","og_site_name":"BlackjackInfo.com","article_modified_time":"2020-02-18T23:58:35+00:00","twitter_misc":{"Gesch\u00e4tzte Lesezeit":"3\u00a0Minuten"},"schema":{"@context":"https:\/\/schema.org","@graph":[{"@type":"WebPage","@id":"https:\/\/www.blackjackinfo.com\/blackjack-school\/lesson-16-advanced-course-part-4\/","url":"https:\/\/www.blackjackinfo.com\/blackjack-school\/lesson-16-advanced-course-part-4\/","name":"Blackjack School \u1408 Lektion 16 - Der Kurs f\u00fcr Fortgeschrittene - Teil 4","isPartOf":{"@id":"https:\/\/www.blackjackinfo.com\/#website"},"datePublished":"2014-10-20T02:12:17+00:00","dateModified":"2020-02-18T23:58:35+00:00","description":"Lektion 16 in der GameMaster's Free Blackjack School - Varianten der Splitting-Strategie beim Blackjack.","breadcrumb":{"@id":"https:\/\/www.blackjackinfo.com\/blackjack-school\/lesson-16-advanced-course-part-4\/#breadcrumb"},"inLanguage":"de","potentialAction":[{"@type":"ReadAction","target":["https:\/\/www.blackjackinfo.com\/blackjack-school\/lesson-16-advanced-course-part-4\/"]}]},{"@type":"BreadcrumbList","@id":"https:\/\/www.blackjackinfo.com\/blackjack-school\/lesson-16-advanced-course-part-4\/#breadcrumb","itemListElement":[{"@type":"ListItem","position":1,"name":"Home","item":"https:\/\/www.blackjackinfo.com\/"},{"@type":"ListItem","position":2,"name":"Blackjack School &#8211; A Free 24-Lesson Class on Card Counting","item":"https:\/\/www.blackjackinfo.com\/blackjack-school\/"},{"@type":"ListItem","position":3,"name":"Lesson 16 &#8211; The Advanced Course &#8211; Part 4"}]},{"@type":"WebSite","@id":"https:\/\/www.blackjackinfo.com\/#website","url":"https:\/\/www.blackjackinfo.com\/","name":"BlackjackInfo.de","description":"Denn Gewinnen macht mehr Spa\u00df!","potentialAction":[{"@type":"SearchAction","target":{"@type":"EntryPoint","urlTemplate":"https:\/\/www.blackjackinfo.com\/?s={search_term_string}"},"query-input":{"@type":"PropertyValueSpecification","valueRequired":true,"valueName":"search_term_string"}}],"inLanguage":"de"}]}},"_links":{"self":[{"href":"https:\/\/www.blackjackinfo.com\/de\/wp-json\/wp\/v2\/pages\/748","targetHints":{"allow":["GET"]}}],"collection":[{"href":"https:\/\/www.blackjackinfo.com\/de\/wp-json\/wp\/v2\/pages"}],"about":[{"href":"https:\/\/www.blackjackinfo.com\/de\/wp-json\/wp\/v2\/types\/page"}],"author":[{"embeddable":true,"href":"https:\/\/www.blackjackinfo.com\/de\/wp-json\/wp\/v2\/users\/2"}],"replies":[{"embeddable":true,"href":"https:\/\/www.blackjackinfo.com\/de\/wp-json\/wp\/v2\/comments?post=748"}],"version-history":[{"count":12,"href":"https:\/\/www.blackjackinfo.com\/de\/wp-json\/wp\/v2\/pages\/748\/revisions"}],"predecessor-version":[{"id":5466,"href":"https:\/\/www.blackjackinfo.com\/de\/wp-json\/wp\/v2\/pages\/748\/revisions\/5466"}],"up":[{"embeddable":true,"href":"https:\/\/www.blackjackinfo.com\/de\/wp-json\/wp\/v2\/pages\/634"}],"wp:attachment":[{"href":"https:\/\/www.blackjackinfo.com\/de\/wp-json\/wp\/v2\/media?parent=748"}],"wp:term":[{"taxonomy":"post_tag","embeddable":true,"href":"https:\/\/www.blackjackinfo.com\/de\/wp-json\/wp\/v2\/tags?post=748"}],"curies":[{"name":"wp","href":"https:\/\/api.w.org\/{rel}","templated":true}]}}