{"id":752,"date":"2014-10-19T21:16:40","date_gmt":"2014-10-20T02:16:40","guid":{"rendered":"http:\/\/test.blackjackinfo.com\/?page_id=752"},"modified":"2020-02-18T17:59:11","modified_gmt":"2020-02-18T23:59:11","slug":"lektion-18-blackjack-fur-fortgeschrittene-teil-1","status":"publish","type":"page","link":"https:\/\/www.blackjackinfo.com\/de\/blackjack-school\/lesson-18-advanced-single-deck-blackjack-part-1\/","title":{"rendered":"Lektion 18 - Fortgeschrittener Single-Deck Blackjack - Teil 1"},"content":{"rendered":"<p class=\"intro\">\nW\u00e4hrend ein Gro\u00dfteil des Kartenz\u00e4hlens eine Wissenschaft ist - die Wissenschaft der Mathematik - wird das Ganze zu einer Art Kunstform, wenn man an einem Single-Deck-Spiel teilnimmt.  <b>Eine echte Z\u00e4hlumwandlung ist schwer zu bewerkstelligen, gro\u00dfe Wetteins\u00e4tze (\u00fcber 4 zu 1) sind schwer zu erzielen und es ist schwierig, bei einem Spiel, das verdeckt ausgeteilt wird, eine genaue Z\u00e4hlung vorzunehmen, wenn man es gewohnt ist, zu z\u00e4hlen, wenn alle Karten offen liegen.<\/b>  Trotzdem empfehle ich Ihnen dringend, zu lernen, wie man mit einem einzigen Kartenspiel spielt, und anstatt sich den Kopf \u00fcber die Spiele mit mehreren Kartendecks in Ihrer Gegend zu zerbrechen, sollten Sie Ihr Geld sparen und jedes Jahr zwei oder drei Reisen nach Reno unternehmen.  Nein, ich bin kein Angestellter der Handelskammer von Reno, aber ich kann Ihnen sagen, dass es ein gro\u00dfartiger Ort ist, um $$$ an den Blackjack-Tischen zu machen, er ist relativ preiswert und in der Regel aus allen Teilen der Vereinigten Staaten sehr leicht zu erreichen.  Sicher, die Regeln sind gr\u00f6\u00dftenteils beschissen (nur Verdoppeln bei 10 und 11, kein Verdoppeln nach Split und wenn der Dealer A-6 trifft) und das gibt den Casinos den gleichen 0,5% Vorsprung, gegen den Sie jetzt ank\u00e4mpfen, aber es braucht nur eine +1 Karte, um mit dem Haus gleichzuziehen und das ist der eigentliche Reiz von Single-Deck.  Ich sollte erw\u00e4hnen, dass einige Casinos in Reno (sowie in Tahoe und Laughlin) das Verdoppeln auf die ersten beiden Karten erlauben, so dass der Casinovorteil auf etwa .2% sinkt und das ist ein sehr schlagbares Spiel.<\/p>\n<p><b>Der Schl\u00fcssel zur Beurteilung eines guten Single-Deck-Spiels ist die Anzahl der Karten, die Sie vor dem Mischen sehen werden.<\/b>  Wenn Sie ein Spiel mit einer Penetration von 60% finden und mit einer Einsatzspanne von 5 zu 1 auskommen, ist es ziemlich einfach, eine langfristige Gewinnrate von 1,5% des gesamten eingesetzten Geldes zu erzielen, indem Sie einfach eine grundlegende Strategie spielen und Ihre Eins\u00e4tze entsprechend dem Count variieren.  Wenn Sie auch das Spiel Ihres Blatts an die tats\u00e4chliche Anzahl anpassen, ist eine Gewinnquote von ann\u00e4hernd 2% m\u00f6glich.  Das ist ernsthaftes Geld f\u00fcr Blackjack-Fans, und die M\u00fche lohnt sich.<br \/>\n<div class=\"row\" style=\"margin-bottom:20px\">\n    <div class=\"col-sm-12\">\n                <h2>Top US Online Casinos <span\n                class=\"flag-icon flag-icon-us\"><\/span><\/h2>\n\n        \n                \n        <div class=\"ranking-table text-center\">\n            <div class=\"row flex ad-row\">\n                <div class=\"col-sm-3\">\n                    <div class=\"row flex\">\n\n                        <div class=\"col-sm-3\">\n                            <div class=\"ranking-number text-center\">\n\n                                1                                \n                            <\/div>\n                        <\/div>\n                        <div class=\"col-sm-9\">\n                            <img decoding=\"async\" src=\"https:\/\/www.blackjackinfo.com\/files\/bovada.png\" data-no-auto-translation=\"\">\n                        <\/div>\n                    <\/div>\n                <\/div>\n                <div class=\"col-sm-4\">\n                    <div class=\"bonus-text text-center\"><span class=\"red\">100% bis zu $1.000<\/span><\/div>\n\t\t\t\t\t\n\n                <\/div>\n                <div class=\"col-sm-2\">\n                    <a class=\"btn btn-wire\" href=\"\/de\/casino\/bovada\/\">\u00dcberpr\u00fcfung<\/a>\n\n                <\/div>\n                <div class=\"col-sm-3\">\n                    <a rel=\"nofollow\" target=\"_blank\" class=\"btn btn-blue\" href=\"\/goto\/goto\/\">Spielen\n                        Jetzt<\/a>\n\t\t\t\t\t\t\n\n                <\/div>\n            <\/div>\n        <\/div>\n\n\n\n        \n                \n        <div class=\"ranking-table text-center\">\n            <div class=\"row flex ad-row\">\n                <div class=\"col-sm-3\">\n                    <div class=\"row flex\">\n\n                        <div class=\"col-sm-3\">\n                            <div class=\"ranking-number text-center\">\n\n                                2                                \n                            <\/div>\n                        <\/div>\n                        <div class=\"col-sm-9\">\n                            <img decoding=\"async\" src=\"https:\/\/www.blackjackinfo.com\/files\/ignition-casino-logo.png\" data-no-auto-translation=\"\">\n                        <\/div>\n                    <\/div>\n                <\/div>\n                <div class=\"col-sm-4\">\n                    <div class=\"bonus-text text-center\"><span class=\"red\">100% bis zu $1.000<\/span><\/div>\n\t\t\t\t\t\n\n                <\/div>\n                <div class=\"col-sm-2\">\n                    <a class=\"btn btn-wire\" href=\"\/de\/casino\/ignition-casino\/\">\u00dcberpr\u00fcfung<\/a>\n\n                <\/div>\n                <div class=\"col-sm-3\">\n                    <a rel=\"nofollow\" target=\"_blank\" class=\"btn btn-blue\" href=\"\/goto\/goto\/\">Spielen\n                        Jetzt<\/a>\n\t\t\t\t\t\t\n\n                <\/div>\n            <\/div>\n        <\/div>\n\n\n\n        \n                \n        <div class=\"ranking-table text-center\">\n            <div class=\"row flex ad-row\">\n                <div class=\"col-sm-3\">\n                    <div class=\"row flex\">\n\n                        <div class=\"col-sm-3\">\n                            <div class=\"ranking-number text-center\">\n\n                                3                                \n                            <\/div>\n                        <\/div>\n                        <div class=\"col-sm-9\">\n                            <img decoding=\"async\" src=\"https:\/\/www.blackjackinfo.com\/files\/VipSlots-500x250_dark.svg\" data-no-auto-translation=\"\">\n                        <\/div>\n                    <\/div>\n                <\/div>\n                <div class=\"col-sm-4\">\n                    <div class=\"bonus-text text-center\"><span class=\"red\">100 GRATIS SPINS bei Secret Life of Cats<\/span><\/div>\n\t\t\t\t\t\n\n                <\/div>\n                <div class=\"col-sm-2\">\n                    <a class=\"btn btn-wire\" href=\"\/de\/casino\/vipslots-casino\/\">\u00dcberpr\u00fcfung<\/a>\n\n                <\/div>\n                <div class=\"col-sm-3\">\n                    <a rel=\"nofollow\" target=\"_blank\" class=\"btn btn-blue\" href=\"\/goto\/goto\/\">Spielen\n                        Jetzt<\/a>\n\t\t\t\t\t\t\n\n                <\/div>\n            <\/div>\n        <\/div>\n\n\n\n        \n                \n        <div class=\"ranking-table text-center\">\n            <div class=\"row flex ad-row\">\n                <div class=\"col-sm-3\">\n                    <div class=\"row flex\">\n\n                        <div class=\"col-sm-3\">\n                            <div class=\"ranking-number text-center\">\n\n                                4                                \n                            <\/div>\n                        <\/div>\n                        <div class=\"col-sm-9\">\n                            <img decoding=\"async\" src=\"https:\/\/www.blackjackinfo.com\/files\/vegas_casino_online.png\" data-no-auto-translation=\"\">\n                        <\/div>\n                    <\/div>\n                <\/div>\n                <div class=\"col-sm-4\">\n                    <div class=\"bonus-text text-center\"><span class=\"red\">300% bis zu $3.000<\/span><\/div>\n\t\t\t\t\t\n\n                <\/div>\n                <div class=\"col-sm-2\">\n                    <a class=\"btn btn-wire\" href=\"\/de\/casino\/vegas-casino-online-2\/\">\u00dcberpr\u00fcfung<\/a>\n\n                <\/div>\n                <div class=\"col-sm-3\">\n                    <a rel=\"nofollow\" target=\"_blank\" class=\"btn btn-blue\" href=\"\/goto\/goto\/\">Spielen\n                        Jetzt<\/a>\n\t\t\t\t\t\t\n\n                <\/div>\n            <\/div>\n        <\/div>\n\n\n\n        \n                \n        <div class=\"ranking-table text-center\">\n            <div class=\"row flex ad-row\">\n                <div class=\"col-sm-3\">\n                    <div class=\"row flex\">\n\n                        <div class=\"col-sm-3\">\n                            <div class=\"ranking-number text-center\">\n\n                                5                                \n                            <\/div>\n                        <\/div>\n                        <div class=\"col-sm-9\">\n                            <img decoding=\"async\" src=\"https:\/\/www.blackjackinfo.com\/files\/cafe-casino-logo.svg\" data-no-auto-translation=\"\">\n                        <\/div>\n                    <\/div>\n                <\/div>\n                <div class=\"col-sm-4\">\n                    <div class=\"bonus-text text-center\"><span class=\"red\">250% bis zu $1.500<\/span><\/div>\n\t\t\t\t\t\n\n                <\/div>\n                <div class=\"col-sm-2\">\n                    <a class=\"btn btn-wire\" href=\"\/de\/casino\/cafe-casino\/\">\u00dcberpr\u00fcfung<\/a>\n\n                <\/div>\n                <div class=\"col-sm-3\">\n                    <a rel=\"nofollow\" target=\"_blank\" class=\"btn btn-blue\" href=\"\/goto\/goto\/\">Spielen\n                        Jetzt<\/a>\n\t\t\t\t\t\t\n\n                <\/div>\n            <\/div>\n        <\/div>\n\n\n\n            <\/div>\n<\/div><\/p>\n<h3>Welches Z\u00e4hlsystem?<\/h3>\n<p><b>Ich verwende zwei verschiedene Systeme zum Z\u00e4hlen der Karten: das Hi\/Lo-System f\u00fcr das Spiel mit mehreren Kartendecks und das 'Hi-Opt 1'-System f\u00fcr das Spiel mit einem Kartendeck.<\/b>  Letzteres z\u00e4hlt 3-6 als +1; 7,8,9 und Ass als 0 und 10er als -1.  Da es in einem Single-Deck-Spiel nur vier Asse zu z\u00e4hlen gibt, finde ich, dass das Weglassen des Asses in der Z\u00e4hlung das Spiel der Hand verbessert, aber ich kann die Z\u00e4hlung f\u00fcr Wettzwecke immer noch \"anpassen\".  Lassen Sie uns einen Moment \u00fcber die Z\u00e4hlung der Asse auf der Seite sprechen.  Bei einer normalen Verteilung erwarten wir ein Ass pro gespieltem Vierteldeck, aber das ist nat\u00fcrlich nicht immer der Fall.  Wenn zum Beispiel ein Vierteldeck gespielt wurde und keine Asse herausgekommen sind, ist das verbleibende Deck \"reich\" an einem Ass.  Ich kann - f\u00fcr Wettzwecke - vor\u00fcbergehend +1 zur Z\u00e4hlung hinzuf\u00fcgen, aber f\u00fcr Spielzwecke ist die wahre Z\u00e4hlung ohne Anpassung korrekt.  Haben Sie dieses Konzept verstanden?  Wenn ein Vierteldeck gespielt wurde und 2 Asse herausgekommen sind, ist das verbleibende Deck um ein Ass \"arm\", so dass ich die Z\u00e4hlung um 1 verringern w\u00fcrde (d. h. eine minus 1 zur Z\u00e4hlung \"hinzuf\u00fcgen\"), nur zu Wettzwecken, da sich meine Chance, ein Natural zu erhalten, verringert hat.  Dies ist eine sehr leistungsstarke Erg\u00e4nzung zu Ihrem Spiel, aber ich rate Ihnen, es nur im Single-Deck-Spiel zu verwenden, da eine Ass-Anpassung mental sehr anstrengend ist.<\/p>\n<p>Wenn Sie den Hi-Opt-Count lernen wollen, wenden Sie die gleichen Techniken an, die ich Ihnen f\u00fcr das Erlernen des Hi\/Lo-Count gezeigt habe.  Alle meine fortgeschrittenen Techniken werden jedoch auf dem Hi\/Lo-System basieren, da dies die Methode zu sein scheint, die die meisten von Ihnen verwenden.<\/p>\n<p><b>Der schwierigste Aspekt des Single-Deck-Spiels ist das Berechnen des wahren Count.<\/b>  Zuerst m\u00fcssen Sie Ihre Augen \"kalibrieren\", um die Anzahl der gespielten Karten zu messen.  In den meisten Kasinos legt der Kartengeber heute die weggeworfenen Karten in ein Regal an der Seite, im Gegensatz zu den \"alten\" Zeiten, in denen die Karten darunter lagen, so dass das Sch\u00e4tzen der Karten einfacher ist.  Der wirklich schwierige Teil ist die Teilung, die erforderlich ist.  Bei einem Multideck-Spiel teilen wir fast immer eine ganze Zahl (die laufende Z\u00e4hlung) durch eine andere Zahl, die mindestens 1 ist. Zugegeben, manche Leute haben ein Problem damit, 17 durch 2,5 zu teilen, aber es dauert nicht lange, sich daran zu gew\u00f6hnen.  Beim Single-Deck muss man immer durch einen Bruch oder eine Dezimalzahl dividieren, und das ist nicht einfach.  Wenn Sie zum Beispiel an einem Single-Deck-Spiel teilnehmen und ein Viertel-Deck gespielt wurde und der laufende Z\u00e4hlwert 3 betr\u00e4gt, ist der wahre Wert 3 geteilt durch 0,75 = 4.  Das ist eigentlich ein einfaches Beispiel.  Versuchen Sie, eine laufende Z\u00e4hlung von 5 durch 0,5 zu teilen.  Die Antwort ist nat\u00fcrlich 10, aber wie viele von Ihnen wollten 2,5 oder 1 sagen?  Nur durch \u00dcbung wird dies ein automatischer Prozess.<\/p>\n<h3>Hausaufgaben<\/h3>\n<p>Fahren Sie mit dem Erlernen der Entscheidungszahlen f\u00fcr Hi\/Lo-Grundstrategievarianten in den Spielen mit mehreren Kartendecks fort.  F\u00fcr die \"\u00dcberflieger\" da drau\u00dfen: Fangen Sie an, den Hi-Opt 1 Count zu lernen.<\/p>","protected":false},"excerpt":{"rendered":"<p>While much of card-counting is a science &#8212; the science of mathematics &#8212; it all takes on something of an art form when playing at a single-deck game. True count conversion is difficult to do quickly, large bet spreads (over 4 to 1) are difficult to obtain and it&#8217;s hard to keep an accurate count [&hellip;]<\/p>\n","protected":false},"author":2,"featured_media":0,"parent":634,"menu_order":0,"comment_status":"open","ping_status":"open","template":"page-blackjack-school.php","meta":{"_acf_changed":false,"footnotes":""},"tags":[],"class_list":["post-752","page","type-page","status-publish","hentry"],"acf":[],"yoast_head":"<!-- This site is optimized with the Yoast SEO plugin v26.6 - https:\/\/yoast.com\/wordpress\/plugins\/seo\/ -->\n<title>Blackjack School \u1408 Lesson 18 - Advanced Single-Deck Blackjack - Part 1<\/title>\n<meta name=\"description\" content=\"Lesson 18 in the GameMaster&#039;s Free Blackjack School - Single deck blackjack.\" \/>\n<meta name=\"robots\" content=\"index, follow, max-snippet:-1, max-image-preview:large, max-video-preview:-1\" \/>\n<link rel=\"canonical\" href=\"https:\/\/www.blackjackinfo.com\/de\/blackjack-schule\/lektion-18-blackjack-fur-fortgeschrittene-teil-1\/\" \/>\n<meta property=\"og:locale\" content=\"de_DE\" \/>\n<meta property=\"og:type\" content=\"article\" \/>\n<meta property=\"og:title\" content=\"Blackjack School \u1408 Lesson 18 - Advanced Single-Deck Blackjack - Part 1\" \/>\n<meta property=\"og:description\" content=\"Lesson 18 in the GameMaster&#039;s Free Blackjack School - Single deck blackjack.\" \/>\n<meta property=\"og:url\" content=\"https:\/\/www.blackjackinfo.com\/de\/blackjack-schule\/lektion-18-blackjack-fur-fortgeschrittene-teil-1\/\" \/>\n<meta property=\"og:site_name\" content=\"BlackjackInfo.com\" \/>\n<meta property=\"article:modified_time\" content=\"2020-02-18T23:59:11+00:00\" \/>\n<meta name=\"twitter:label1\" content=\"Gesch\u00e4tzte Lesezeit\" \/>\n\t<meta name=\"twitter:data1\" content=\"4\u00a0Minuten\" \/>\n<script type=\"application\/ld+json\" class=\"yoast-schema-graph\">{\"@context\":\"https:\/\/schema.org\",\"@graph\":[{\"@type\":\"WebPage\",\"@id\":\"https:\/\/www.blackjackinfo.com\/blackjack-school\/lesson-18-advanced-single-deck-blackjack-part-1\/\",\"url\":\"https:\/\/www.blackjackinfo.com\/blackjack-school\/lesson-18-advanced-single-deck-blackjack-part-1\/\",\"name\":\"Blackjack School \u1408 Lesson 18 - Advanced Single-Deck Blackjack - Part 1\",\"isPartOf\":{\"@id\":\"https:\/\/www.blackjackinfo.com\/#website\"},\"datePublished\":\"2014-10-20T02:16:40+00:00\",\"dateModified\":\"2020-02-18T23:59:11+00:00\",\"description\":\"Lesson 18 in the GameMaster's Free Blackjack School - Single deck blackjack.\",\"breadcrumb\":{\"@id\":\"https:\/\/www.blackjackinfo.com\/blackjack-school\/lesson-18-advanced-single-deck-blackjack-part-1\/#breadcrumb\"},\"inLanguage\":\"de\",\"potentialAction\":[{\"@type\":\"ReadAction\",\"target\":[\"https:\/\/www.blackjackinfo.com\/blackjack-school\/lesson-18-advanced-single-deck-blackjack-part-1\/\"]}]},{\"@type\":\"BreadcrumbList\",\"@id\":\"https:\/\/www.blackjackinfo.com\/blackjack-school\/lesson-18-advanced-single-deck-blackjack-part-1\/#breadcrumb\",\"itemListElement\":[{\"@type\":\"ListItem\",\"position\":1,\"name\":\"Home\",\"item\":\"https:\/\/www.blackjackinfo.com\/\"},{\"@type\":\"ListItem\",\"position\":2,\"name\":\"Blackjack School &#8211; A Free 24-Lesson Class on Card Counting\",\"item\":\"https:\/\/www.blackjackinfo.com\/blackjack-school\/\"},{\"@type\":\"ListItem\",\"position\":3,\"name\":\"Lesson 18 &#8211; Advanced Single-Deck Blackjack &#8211; Part 1\"}]},{\"@type\":\"WebSite\",\"@id\":\"https:\/\/www.blackjackinfo.com\/#website\",\"url\":\"https:\/\/www.blackjackinfo.com\/\",\"name\":\"BlackjackInfo.com\",\"description\":\"Because Winning is More Fun!\",\"potentialAction\":[{\"@type\":\"SearchAction\",\"target\":{\"@type\":\"EntryPoint\",\"urlTemplate\":\"https:\/\/www.blackjackinfo.com\/?s={search_term_string}\"},\"query-input\":{\"@type\":\"PropertyValueSpecification\",\"valueRequired\":true,\"valueName\":\"search_term_string\"}}],\"inLanguage\":\"de\"}]}<\/script>\n<!-- \/ Yoast SEO plugin. -->","yoast_head_json":{"title":"Blackjack School \u1408 Lektion 18 - Fortgeschrittener Single-Deck Blackjack - Teil 1","description":"Lektion 18 in der GameMaster's Free Blackjack School - Blackjack mit einem Deck.","robots":{"index":"index","follow":"follow","max-snippet":"max-snippet:-1","max-image-preview":"max-image-preview:large","max-video-preview":"max-video-preview:-1"},"canonical":"https:\/\/www.blackjackinfo.com\/de\/blackjack-schule\/lektion-18-blackjack-fur-fortgeschrittene-teil-1\/","og_locale":"de_DE","og_type":"article","og_title":"Blackjack School \u1408 Lesson 18 - Advanced Single-Deck Blackjack - Part 1","og_description":"Lesson 18 in the GameMaster's Free Blackjack School - Single deck blackjack.","og_url":"https:\/\/www.blackjackinfo.com\/de\/blackjack-schule\/lektion-18-blackjack-fur-fortgeschrittene-teil-1\/","og_site_name":"BlackjackInfo.com","article_modified_time":"2020-02-18T23:59:11+00:00","twitter_misc":{"Gesch\u00e4tzte Lesezeit":"4\u00a0Minuten"},"schema":{"@context":"https:\/\/schema.org","@graph":[{"@type":"WebPage","@id":"https:\/\/www.blackjackinfo.com\/blackjack-school\/lesson-18-advanced-single-deck-blackjack-part-1\/","url":"https:\/\/www.blackjackinfo.com\/blackjack-school\/lesson-18-advanced-single-deck-blackjack-part-1\/","name":"Blackjack School \u1408 Lektion 18 - Fortgeschrittener Single-Deck Blackjack - Teil 1","isPartOf":{"@id":"https:\/\/www.blackjackinfo.com\/#website"},"datePublished":"2014-10-20T02:16:40+00:00","dateModified":"2020-02-18T23:59:11+00:00","description":"Lektion 18 in der GameMaster's Free Blackjack School - Blackjack mit einem Deck.","breadcrumb":{"@id":"https:\/\/www.blackjackinfo.com\/blackjack-school\/lesson-18-advanced-single-deck-blackjack-part-1\/#breadcrumb"},"inLanguage":"de","potentialAction":[{"@type":"ReadAction","target":["https:\/\/www.blackjackinfo.com\/blackjack-school\/lesson-18-advanced-single-deck-blackjack-part-1\/"]}]},{"@type":"BreadcrumbList","@id":"https:\/\/www.blackjackinfo.com\/blackjack-school\/lesson-18-advanced-single-deck-blackjack-part-1\/#breadcrumb","itemListElement":[{"@type":"ListItem","position":1,"name":"Home","item":"https:\/\/www.blackjackinfo.com\/"},{"@type":"ListItem","position":2,"name":"Blackjack School &#8211; A Free 24-Lesson Class on Card Counting","item":"https:\/\/www.blackjackinfo.com\/blackjack-school\/"},{"@type":"ListItem","position":3,"name":"Lesson 18 &#8211; Advanced Single-Deck Blackjack &#8211; Part 1"}]},{"@type":"WebSite","@id":"https:\/\/www.blackjackinfo.com\/#website","url":"https:\/\/www.blackjackinfo.com\/","name":"BlackjackInfo.de","description":"Denn Gewinnen macht mehr Spa\u00df!","potentialAction":[{"@type":"SearchAction","target":{"@type":"EntryPoint","urlTemplate":"https:\/\/www.blackjackinfo.com\/?s={search_term_string}"},"query-input":{"@type":"PropertyValueSpecification","valueRequired":true,"valueName":"search_term_string"}}],"inLanguage":"de"}]}},"_links":{"self":[{"href":"https:\/\/www.blackjackinfo.com\/de\/wp-json\/wp\/v2\/pages\/752","targetHints":{"allow":["GET"]}}],"collection":[{"href":"https:\/\/www.blackjackinfo.com\/de\/wp-json\/wp\/v2\/pages"}],"about":[{"href":"https:\/\/www.blackjackinfo.com\/de\/wp-json\/wp\/v2\/types\/page"}],"author":[{"embeddable":true,"href":"https:\/\/www.blackjackinfo.com\/de\/wp-json\/wp\/v2\/users\/2"}],"replies":[{"embeddable":true,"href":"https:\/\/www.blackjackinfo.com\/de\/wp-json\/wp\/v2\/comments?post=752"}],"version-history":[{"count":2,"href":"https:\/\/www.blackjackinfo.com\/de\/wp-json\/wp\/v2\/pages\/752\/revisions"}],"predecessor-version":[{"id":5467,"href":"https:\/\/www.blackjackinfo.com\/de\/wp-json\/wp\/v2\/pages\/752\/revisions\/5467"}],"up":[{"embeddable":true,"href":"https:\/\/www.blackjackinfo.com\/de\/wp-json\/wp\/v2\/pages\/634"}],"wp:attachment":[{"href":"https:\/\/www.blackjackinfo.com\/de\/wp-json\/wp\/v2\/media?parent=752"}],"wp:term":[{"taxonomy":"post_tag","embeddable":true,"href":"https:\/\/www.blackjackinfo.com\/de\/wp-json\/wp\/v2\/tags?post=752"}],"curies":[{"name":"wp","href":"https:\/\/api.w.org\/{rel}","templated":true}]}}