{"id":765,"date":"2014-10-20T14:54:21","date_gmt":"2014-10-20T19:54:21","guid":{"rendered":"http:\/\/test.blackjackinfo.com\/?page_id=765"},"modified":"2020-02-18T18:00:12","modified_gmt":"2020-02-19T00:00:12","slug":"lektion-21-das-doppeldeckspiel-schlagen-teil-1","status":"publish","type":"page","link":"https:\/\/www.blackjackinfo.com\/de\/blackjack-school\/lesson-21-beating-the-double-deck-game-part-1\/","title":{"rendered":"Lektion 21 - Das Double-Deck-Spiel besiegen - Teil 1"},"content":{"rendered":"<p class=\"intro\">\n<b>Auf den ersten Blick scheint es nur logisch, dass ein kluger Spieler bei einem Spiel mit weniger Decks besser abschneidet, aber das ist nicht immer der Fall, wenn Sie Spiele mit zwei Decks mit Spielen mit sechs Decks vergleichen.<\/b>  Dabei spielen viele Variablen eine Rolle, nicht zuletzt die Spielregeln, der erforderliche Mindesteinsatz und die Art und Weise, wie die Spiele vom Aufsichtspersonal des Casinos gepr\u00fcft werden.  Wenn Sie keine Karten z\u00e4hlen, ist es sehr wahrscheinlich, dass Sie die Spiele mit zwei Kartendecks besser meiden sollten.  Ich wei\u00df, dass diese Bemerkung einige von Ihnen \u00fcberraschen wird, aber ich begr\u00fcnde sie mit der Tatsache, dass viele Casinos weniger liberale Regeln f\u00fcr ihre Doppeldeck-Spiele haben, aber h\u00f6here Mindesteins\u00e4tze verlangen.  Infolgedessen ist der Gesamtvorteil des Casinos vielleicht \u00e4hnlich hoch wie bei einem Spiel mit sechs Kartendecks, aber Sie m\u00fcssen f\u00fcr das Privileg, spielen zu d\u00fcrfen, bei jedem Blatt mehr setzen.  Da ein Nicht-Counter keinen langfristigen Vorteil gegen\u00fcber dem Casino erlangen kann, werden Sie einfach regelm\u00e4\u00dfig mehr setzen und das Casino wird schlie\u00dflich Ihre $$$ bekommen.<\/p>\n<p>Verstehen Sie mich jetzt nicht falsch; <b>Wenn die Regeln gleich sind, hat ein Spiel mit zwei Decks einen geringeren Casinorand als ein Spiel mit sechs Decks, obwohl die Strategien fast identisch sind.<\/b>  Wenn die Mindesteins\u00e4tze gleich hoch sind (oder zumindest in Ihrem Komfortbereich liegen), sollten Sie sich f\u00fcr den 2-Deckerspieler entscheiden.  Das ist \u00fcbrigens ein wichtiger Punkt.  Die richtige Grundstrategie f\u00fcr ein Spiel mit zwei Kartendecks \u00e4hnelt der eines Spiels mit vier oder sechs Kartendecks sehr viel mehr als die eines Spiels mit einem Kartendeck.  Die wenigen Unterschiede zwischen einem Spiel mit zwei Decks und einem Spiel mit sechs Decks und denselben Regeln (Dealer trifft oder steht bei Soft 17, Verdoppeln nach Split ist erlaubt usw.) liegen haupts\u00e4chlich im Teilen von Paaren, und da Paare die seltensten H\u00e4nde sind, die man bekommt, sind die Auswirkungen vernachl\u00e4ssigbar.  Vielleicht irre ich mich, aber ich glaube, dass die einzige \u00c4nderung darin besteht, ein Paar 7er gegen eine 8 des Dealers in einem Spiel mit zwei Kartendecks zu teilen.  In einem Spiel mit sechs Kartendecks macht man das nicht.  Eine Hand, die man nicht jeden Tag sieht, so oder so.<\/p>\n<div class=\"bji-note\">\n<b>Anmerkung des Redakteurs von BlackjackInfo.com:<\/b><br \/>\nEs gibt in der Tat nur eine Handvoll \u00c4nderungen in der Strategie zwischen dem 6-Deck und dem 2-Deck Spiel.  In einem S17-Spiel mit 2 Decks: Split 77v8, Split 66v7, und Double 9v2.  Wenn das Spiel H17 ist, verdoppeln Sie auch A3v4.<\/div>\n<p><b>Ich will damit sagen, dass Sie zwischen DD- und 6D-Spielen hin- und herwechseln k\u00f6nnen, ohne sich Sorgen zu machen, dass Sie falsch spielen, aber die gro\u00dfe Frage ist, ob Sie das tun sollten.<\/b>  Wir haben uns bereits mit der Situation besch\u00e4ftigt, in der nicht gez\u00e4hlt wird, also wenden wir uns jetzt denjenigen unter Ihnen zu, die z\u00e4hlen.  Selbst in dieser Situation ist das Spiel mit zwei Kartendecks nicht unbedingt die beste Wahl, und ich werde Ihnen im weiteren Verlauf zeigen, warum.<\/p>\n<p><b>Aus welchem Grund auch immer, behandeln viele Casinos ihre Doppeldeck-Spiele als \"Premium\"-Spiele,<\/b> Sie haben also h\u00f6here Mindesteins\u00e4tze, k\u00f6nnen weniger liberale Regeln haben, eine weniger g\u00fcnstige Penetration und werden in der Regel von den \"Pit Critters\", wie wir sie hier liebevoll nennen, genauer beobachtet.   Einige Kasinos scheinen zu denken, dass Z\u00e4hler in Scharen bei ihren DD-Spielen auftauchen und Chips kistenweise abtransportieren, aber das ist nicht unbedingt der Fall.  Ich kenne einige Spiele, die sehr leicht zu schlagen sind, aber das sind nur wenige und sehr wenige.  <b>Die Realit\u00e4t sieht so aus, dass das Schlagen des Doppeldeckers zus\u00e4tzliche Anstrengungen und ein scharfes Spiel des Konters erfordert. <\/b> Aber Sie sind hierher gekommen, um Antworten zu erhalten, und ich habe sie.<\/p>\n<p><b>Der Hauptvorteil eines Double-Deck-Spiels liegt in der Volatilit\u00e4t der Z\u00e4hlung.<\/b>  Im Gegensatz zu einem 4- oder 6-Deck-Spiel kann der laufende Z\u00e4hlwert, der in den True Count (Z\u00e4hlwert pro verbleibendem Deck) umgerechnet wird, in einem DD-Spiel schnell steigen oder fallen, aber er ist aufgrund des Mischens fast genauso schnell wieder weg.  Das ist nat\u00fcrlich gut, wenn der Count negativ ist, aber \u00fcberhaupt nicht lustig, wenn der Count \"oben\" ist.  Die Dinge passieren schnell in einem DD-Spiel und der kluge Z\u00e4hler nutzt den Vorteil, aber es erfordert gute F\u00e4higkeiten bei der Umwandlung in den True Count und fast braucht eine gewisse F\u00e4higkeit zu antizipieren, was passieren wird, w\u00e4hrend wir uns daran erinnern, dass wir nie Vermutungen beim Z\u00e4hlen machen.<br \/>\n<div class=\"row\" style=\"margin-bottom:20px\">\n    <div class=\"col-sm-12\">\n                <h2>Top US Online Casinos <span\n                class=\"flag-icon flag-icon-us\"><\/span><\/h2>\n\n        \n                \n        <div class=\"ranking-table text-center\">\n            <div class=\"row flex ad-row\">\n                <div class=\"col-sm-3\">\n                    <div class=\"row flex\">\n\n                        <div class=\"col-sm-3\">\n                            <div class=\"ranking-number text-center\">\n\n                                1                                \n                            <\/div>\n                        <\/div>\n                        <div class=\"col-sm-9\">\n                            <img decoding=\"async\" src=\"https:\/\/www.blackjackinfo.com\/files\/bovada.png\" data-no-auto-translation=\"\">\n                        <\/div>\n                    <\/div>\n                <\/div>\n                <div class=\"col-sm-4\">\n                    <div class=\"bonus-text text-center\"><span class=\"red\">100% bis zu $1.000<\/span><\/div>\n\t\t\t\t\t\n\n                <\/div>\n                <div class=\"col-sm-2\">\n                    <a class=\"btn btn-wire\" href=\"\/de\/casino\/bovada\/\">\u00dcberpr\u00fcfung<\/a>\n\n                <\/div>\n                <div class=\"col-sm-3\">\n                    <a rel=\"nofollow\" target=\"_blank\" class=\"btn btn-blue\" href=\"\/goto\/goto\/\">Spielen\n                        Jetzt<\/a>\n\t\t\t\t\t\t\n\n                <\/div>\n            <\/div>\n        <\/div>\n\n\n\n        \n                \n        <div class=\"ranking-table text-center\">\n            <div class=\"row flex ad-row\">\n                <div class=\"col-sm-3\">\n                    <div class=\"row flex\">\n\n                        <div class=\"col-sm-3\">\n                            <div class=\"ranking-number text-center\">\n\n                                2                                \n                            <\/div>\n                        <\/div>\n                        <div class=\"col-sm-9\">\n                            <img decoding=\"async\" src=\"https:\/\/www.blackjackinfo.com\/files\/ignition-casino-logo.png\" data-no-auto-translation=\"\">\n                        <\/div>\n                    <\/div>\n                <\/div>\n                <div class=\"col-sm-4\">\n                    <div class=\"bonus-text text-center\"><span class=\"red\">100% bis zu $1.000<\/span><\/div>\n\t\t\t\t\t\n\n                <\/div>\n                <div class=\"col-sm-2\">\n                    <a class=\"btn btn-wire\" href=\"\/de\/casino\/ignition-casino\/\">\u00dcberpr\u00fcfung<\/a>\n\n                <\/div>\n                <div class=\"col-sm-3\">\n                    <a rel=\"nofollow\" target=\"_blank\" class=\"btn btn-blue\" href=\"\/goto\/goto\/\">Spielen\n                        Jetzt<\/a>\n\t\t\t\t\t\t\n\n                <\/div>\n            <\/div>\n        <\/div>\n\n\n\n        \n                \n        <div class=\"ranking-table text-center\">\n            <div class=\"row flex ad-row\">\n                <div class=\"col-sm-3\">\n                    <div class=\"row flex\">\n\n                        <div class=\"col-sm-3\">\n                            <div class=\"ranking-number text-center\">\n\n                                3                                \n                            <\/div>\n                        <\/div>\n                        <div class=\"col-sm-9\">\n                            <img decoding=\"async\" src=\"https:\/\/www.blackjackinfo.com\/files\/VipSlots-500x250_dark.svg\" data-no-auto-translation=\"\">\n                        <\/div>\n                    <\/div>\n                <\/div>\n                <div class=\"col-sm-4\">\n                    <div class=\"bonus-text text-center\"><span class=\"red\">100 GRATIS SPINS bei Secret Life of Cats<\/span><\/div>\n\t\t\t\t\t\n\n                <\/div>\n                <div class=\"col-sm-2\">\n                    <a class=\"btn btn-wire\" href=\"\/de\/casino\/vipslots-casino\/\">\u00dcberpr\u00fcfung<\/a>\n\n                <\/div>\n                <div class=\"col-sm-3\">\n                    <a rel=\"nofollow\" target=\"_blank\" class=\"btn btn-blue\" href=\"\/goto\/goto\/\">Spielen\n                        Jetzt<\/a>\n\t\t\t\t\t\t\n\n                <\/div>\n            <\/div>\n        <\/div>\n\n\n\n        \n                \n        <div class=\"ranking-table text-center\">\n            <div class=\"row flex ad-row\">\n                <div class=\"col-sm-3\">\n                    <div class=\"row flex\">\n\n                        <div class=\"col-sm-3\">\n                            <div class=\"ranking-number text-center\">\n\n                                4                                \n                            <\/div>\n                        <\/div>\n                        <div class=\"col-sm-9\">\n                            <img decoding=\"async\" src=\"https:\/\/www.blackjackinfo.com\/files\/vegas_casino_online.png\" data-no-auto-translation=\"\">\n                        <\/div>\n                    <\/div>\n                <\/div>\n                <div class=\"col-sm-4\">\n                    <div class=\"bonus-text text-center\"><span class=\"red\">300% bis zu $3.000<\/span><\/div>\n\t\t\t\t\t\n\n                <\/div>\n                <div class=\"col-sm-2\">\n                    <a class=\"btn btn-wire\" href=\"\/de\/casino\/vegas-casino-online-2\/\">\u00dcberpr\u00fcfung<\/a>\n\n                <\/div>\n                <div class=\"col-sm-3\">\n                    <a rel=\"nofollow\" target=\"_blank\" class=\"btn btn-blue\" href=\"\/goto\/goto\/\">Spielen\n                        Jetzt<\/a>\n\t\t\t\t\t\t\n\n                <\/div>\n            <\/div>\n        <\/div>\n\n\n\n        \n                \n        <div class=\"ranking-table text-center\">\n            <div class=\"row flex ad-row\">\n                <div class=\"col-sm-3\">\n                    <div class=\"row flex\">\n\n                        <div class=\"col-sm-3\">\n                            <div class=\"ranking-number text-center\">\n\n                                5                                \n                            <\/div>\n                        <\/div>\n                        <div class=\"col-sm-9\">\n                            <img decoding=\"async\" src=\"https:\/\/www.blackjackinfo.com\/files\/cafe-casino-logo.svg\" data-no-auto-translation=\"\">\n                        <\/div>\n                    <\/div>\n                <\/div>\n                <div class=\"col-sm-4\">\n                    <div class=\"bonus-text text-center\"><span class=\"red\">250% bis zu $1.500<\/span><\/div>\n\t\t\t\t\t\n\n                <\/div>\n                <div class=\"col-sm-2\">\n                    <a class=\"btn btn-wire\" href=\"\/de\/casino\/cafe-casino\/\">\u00dcberpr\u00fcfung<\/a>\n\n                <\/div>\n                <div class=\"col-sm-3\">\n                    <a rel=\"nofollow\" target=\"_blank\" class=\"btn btn-blue\" href=\"\/goto\/goto\/\">Spielen\n                        Jetzt<\/a>\n\t\t\t\t\t\t\n\n                <\/div>\n            <\/div>\n        <\/div>\n\n\n\n            <\/div>\n<\/div><\/p>\n<h3>Der Schl\u00fcssel: Penetration<\/h3>\n<p><b>Da ein DD-Spiel nur 104 Karten ben\u00f6tigt, im Gegensatz zu den 312 eines 6D-Spiels, k\u00f6nnen schon ein paar zus\u00e4tzliche Karten einen gro\u00dfen Unterschied machen, wie gut Sie das Spiel spielen k\u00f6nnen. <\/b> In meinen Blackjack School-Lektionen sage ich Ihnen, dass Sie Ihre Zeit verschwenden, wenn Sie bei einem Spiel mit 6 Kartendecks spielen, bei dem weniger als 65% der Karten vor dem Mischen ausgegeben werden.  <b>In einer DD-Situation ist eine Penetration von 65% sehr akzeptabel, 75% ist fantastisch und 80% oder mehr ist ph\u00e4nomenal.<\/b>  Was Sie eher finden werden, ist eine Penetration im Bereich 50%.  Ja, sie stellen zwei Decks zusammen und verwenden dann nur eines davon!  Ich hasse es, wenn das passiert.<\/p>\n<p><b>Aber die Durchdringung ist wirklich wichtig, also m\u00fcssen Sie sich damit vertraut machen.<\/b>  Wenn Sie ein DD-Spiel spielen, bei dem der Dealer A-6 schl\u00e4gt, Sie bei den ersten beiden Karten verdoppeln k\u00f6nnen, nach dem Split verdoppeln k\u00f6nnen usw. und Sie einen \"Spread\" von 1-8 verwenden (ich erkl\u00e4re ihn sp\u00e4ter) und das Casino nur 50% der Karten austeilt, betr\u00e4gt Ihr langfristiger Vorteil nach den Simulationen, die ich mit Statistical Blackjack Analyzer durchgef\u00fchrt habe, etwa 0,64%.  Wenn die Penetration auf 60% steigt, erh\u00f6ht sich der Spielervorteil auf 0,95% und bei einer Penetration von 75% sind es 1,47%.  Das ist nicht schlecht, wissen Sie.<\/p>\n<p><b>Lassen Sie uns das rekapitulieren<\/b> damit es bei Ihnen bleibt:<\/p>\n<div class=\"col-sm-6 col-center\">\n<table class=\"data-table text-center\">\n<tbody>\n<tr>\n<th colspan=\"2\">Auswirkungen der Penetration auf ein Double-Deck-Spiel<\/th>\n<\/tr>\n<tr>\n<td>Prozentuale Durchdringung<\/td>\n<td>Theoretischer Spielervorteil<\/td>\n<\/tr>\n<tr>\n<td>50%<\/td>\n<td>0.64%<\/td>\n<\/tr>\n<tr>\n<td>60%<\/td>\n<td>0.95%<\/td>\n<\/tr>\n<tr>\n<td>66%<\/td>\n<td>1.14%<\/td>\n<\/tr>\n<tr>\n<td>75%<\/td>\n<td>1.47%<\/td>\n<\/tr>\n<\/tbody>\n<\/table>\n<\/div>\n<p>Ein \"Trick\", den ich in meinen Lektionen hervorhebe, ist es, den Tisch zu verlassen, wenn der True Count auf -1 oder weniger f\u00e4llt, wenn dies \u00fcberhaupt m\u00f6glich ist.  Das kann in 6-Deck-Spielen recht einfach sein und ist in DD-Spielen nicht so einfach zu bewerkstelligen. <b> Daher muss man sich wohl oder \u00fcbel damit abfinden, dass man in allen Z\u00e4hlungen mitspielt, was den Penetrationsfaktor noch wichtiger macht.<\/b>  Wir nennen dies \"alles spielen\", und die obigen Zahlen wurden unter diesen Bedingungen berechnet.  \u00dcbrigens m\u00fcssen Sie bedenken, dass die Simulationssoftware Blackjack perfekt spielt und wir Menschen nicht.  Deshalb verwende ich den Begriff \"theoretischer\" Spielervorteil, der so gut ist, wie er jemals sein wird, aber f\u00fcr die Realit\u00e4t sollte man 10% weniger rechnen.<\/p>\n<h3>Erste Schritte<\/h3>\n<p>Wenn Sie noch nie DD-Spiele als Z\u00e4hler gespielt haben, m\u00fcssen Sie zun\u00e4chst einige grundlegende Planungen vornehmen.  Sie unterscheiden sich zwar nicht wesentlich von 6D-Spielen, aber es gibt einige Unterschiede zu beachten:<\/p>\n<ul>\n<li>Viele, wenn auch nicht alle, DD-Spiele werden mit dem Bild nach unten ausgeteilt, und das erfordert, dass Sie die Karten auf eine andere Weise z\u00e4hlen.<\/li>\n<li>Da es schwierig sein wird, den Tisch zu verlassen, wenn die Anzahl der Spieler sinkt, m\u00fcssen Sie mehr \"negative\" Grundstrategievarianten lernen.<\/li>\n<li>Bei vielen DD-Spielen muss der Geber eine weiche 17 treffen (davon gehe ich in dieser Serie aus), daher sind einige grundlegende Strategie\u00e4nderungen erforderlich.  Sie k\u00f6nnen sie unter www.blackjackinfo.com erhalten.<\/li>\n<li>Da die Penetration ein so entscheidender Faktor ist, sollten Sie zun\u00e4chst pr\u00fcfen, ob das Spiel vor Ort \u00fcberhaupt der M\u00fche wert ist.  \u00dcberpr\u00fcfen Sie die Regeln, w\u00e4hrend Sie dort sind.<\/li>\n<\/ul>\n<p>Fangen Sie also an, Ihre Hausaufgaben zu machen, und ich werde das n\u00e4chste Mal mit einem Plan zur\u00fcckkommen, wie man in diesem Spiel wetten kann.<\/p>","protected":false},"excerpt":{"rendered":"<p>At first glance, it would seem only logical that a smart player will do better at a game that uses fewer decks, but that&#8217;s not always the case when you compare double-deck games with six-deck games. A lot of variables come into play, not the least of which are the rules of the games, the [&hellip;]<\/p>\n","protected":false},"author":2,"featured_media":0,"parent":634,"menu_order":0,"comment_status":"open","ping_status":"open","template":"page-blackjack-school.php","meta":{"_acf_changed":false,"footnotes":""},"tags":[],"class_list":["post-765","page","type-page","status-publish","hentry"],"acf":[],"yoast_head":"<!-- This site is optimized with the Yoast SEO plugin v26.6 - https:\/\/yoast.com\/wordpress\/plugins\/seo\/ -->\n<title>Blackjack School \u1408 Lesson 21 - Beating the Double-Deck Game - Part 1<\/title>\n<meta name=\"description\" content=\"Lesson 21 in the GameMaster&#039;s Free Blackjack School - Attacking the Double-Deck Game.\" \/>\n<meta name=\"robots\" content=\"index, follow, max-snippet:-1, max-image-preview:large, max-video-preview:-1\" \/>\n<link rel=\"canonical\" href=\"https:\/\/www.blackjackinfo.com\/de\/blackjack-schule\/lektion-21-das-doppeldeckspiel-schlagen-teil-1\/\" \/>\n<meta property=\"og:locale\" content=\"de_DE\" \/>\n<meta property=\"og:type\" content=\"article\" \/>\n<meta property=\"og:title\" content=\"Blackjack School \u1408 Lesson 21 - Beating the Double-Deck Game - Part 1\" \/>\n<meta property=\"og:description\" content=\"Lesson 21 in the GameMaster&#039;s Free Blackjack School - Attacking the Double-Deck Game.\" \/>\n<meta property=\"og:url\" content=\"https:\/\/www.blackjackinfo.com\/de\/blackjack-schule\/lektion-21-das-doppeldeckspiel-schlagen-teil-1\/\" \/>\n<meta property=\"og:site_name\" content=\"BlackjackInfo.com\" \/>\n<meta property=\"article:modified_time\" content=\"2020-02-19T00:00:12+00:00\" \/>\n<meta name=\"twitter:label1\" content=\"Gesch\u00e4tzte Lesezeit\" \/>\n\t<meta name=\"twitter:data1\" content=\"6\u00a0Minuten\" \/>\n<script type=\"application\/ld+json\" class=\"yoast-schema-graph\">{\"@context\":\"https:\/\/schema.org\",\"@graph\":[{\"@type\":\"WebPage\",\"@id\":\"https:\/\/www.blackjackinfo.com\/blackjack-school\/lesson-21-beating-the-double-deck-game-part-1\/\",\"url\":\"https:\/\/www.blackjackinfo.com\/blackjack-school\/lesson-21-beating-the-double-deck-game-part-1\/\",\"name\":\"Blackjack School \u1408 Lesson 21 - Beating the Double-Deck Game - Part 1\",\"isPartOf\":{\"@id\":\"https:\/\/www.blackjackinfo.com\/#website\"},\"datePublished\":\"2014-10-20T19:54:21+00:00\",\"dateModified\":\"2020-02-19T00:00:12+00:00\",\"description\":\"Lesson 21 in the GameMaster's Free Blackjack School - Attacking the Double-Deck Game.\",\"breadcrumb\":{\"@id\":\"https:\/\/www.blackjackinfo.com\/blackjack-school\/lesson-21-beating-the-double-deck-game-part-1\/#breadcrumb\"},\"inLanguage\":\"de\",\"potentialAction\":[{\"@type\":\"ReadAction\",\"target\":[\"https:\/\/www.blackjackinfo.com\/blackjack-school\/lesson-21-beating-the-double-deck-game-part-1\/\"]}]},{\"@type\":\"BreadcrumbList\",\"@id\":\"https:\/\/www.blackjackinfo.com\/blackjack-school\/lesson-21-beating-the-double-deck-game-part-1\/#breadcrumb\",\"itemListElement\":[{\"@type\":\"ListItem\",\"position\":1,\"name\":\"Home\",\"item\":\"https:\/\/www.blackjackinfo.com\/\"},{\"@type\":\"ListItem\",\"position\":2,\"name\":\"Blackjack School &#8211; A Free 24-Lesson Class on Card Counting\",\"item\":\"https:\/\/www.blackjackinfo.com\/blackjack-school\/\"},{\"@type\":\"ListItem\",\"position\":3,\"name\":\"Lesson 21 &#8211; Beating the Double-Deck Game &#8211; Part 1\"}]},{\"@type\":\"WebSite\",\"@id\":\"https:\/\/www.blackjackinfo.com\/#website\",\"url\":\"https:\/\/www.blackjackinfo.com\/\",\"name\":\"BlackjackInfo.com\",\"description\":\"Because Winning is More Fun!\",\"potentialAction\":[{\"@type\":\"SearchAction\",\"target\":{\"@type\":\"EntryPoint\",\"urlTemplate\":\"https:\/\/www.blackjackinfo.com\/?s={search_term_string}\"},\"query-input\":{\"@type\":\"PropertyValueSpecification\",\"valueRequired\":true,\"valueName\":\"search_term_string\"}}],\"inLanguage\":\"de\"}]}<\/script>\n<!-- \/ Yoast SEO plugin. -->","yoast_head_json":{"title":"Blackjack-Schule \u1408 Lektion 21 - Das Double-Deck-Spiel besiegen - Teil 1","description":"Lektion 21 der GameMaster's Free Blackjack School - Angriff auf das Double-Deck-Spiel.","robots":{"index":"index","follow":"follow","max-snippet":"max-snippet:-1","max-image-preview":"max-image-preview:large","max-video-preview":"max-video-preview:-1"},"canonical":"https:\/\/www.blackjackinfo.com\/de\/blackjack-schule\/lektion-21-das-doppeldeckspiel-schlagen-teil-1\/","og_locale":"de_DE","og_type":"article","og_title":"Blackjack School \u1408 Lesson 21 - Beating the Double-Deck Game - Part 1","og_description":"Lesson 21 in the GameMaster's Free Blackjack School - Attacking the Double-Deck Game.","og_url":"https:\/\/www.blackjackinfo.com\/de\/blackjack-schule\/lektion-21-das-doppeldeckspiel-schlagen-teil-1\/","og_site_name":"BlackjackInfo.com","article_modified_time":"2020-02-19T00:00:12+00:00","twitter_misc":{"Gesch\u00e4tzte Lesezeit":"6\u00a0Minuten"},"schema":{"@context":"https:\/\/schema.org","@graph":[{"@type":"WebPage","@id":"https:\/\/www.blackjackinfo.com\/blackjack-school\/lesson-21-beating-the-double-deck-game-part-1\/","url":"https:\/\/www.blackjackinfo.com\/blackjack-school\/lesson-21-beating-the-double-deck-game-part-1\/","name":"Blackjack-Schule \u1408 Lektion 21 - Das Double-Deck-Spiel besiegen - Teil 1","isPartOf":{"@id":"https:\/\/www.blackjackinfo.com\/#website"},"datePublished":"2014-10-20T19:54:21+00:00","dateModified":"2020-02-19T00:00:12+00:00","description":"Lektion 21 der GameMaster's Free Blackjack School - Angriff auf das Double-Deck-Spiel.","breadcrumb":{"@id":"https:\/\/www.blackjackinfo.com\/blackjack-school\/lesson-21-beating-the-double-deck-game-part-1\/#breadcrumb"},"inLanguage":"de","potentialAction":[{"@type":"ReadAction","target":["https:\/\/www.blackjackinfo.com\/blackjack-school\/lesson-21-beating-the-double-deck-game-part-1\/"]}]},{"@type":"BreadcrumbList","@id":"https:\/\/www.blackjackinfo.com\/blackjack-school\/lesson-21-beating-the-double-deck-game-part-1\/#breadcrumb","itemListElement":[{"@type":"ListItem","position":1,"name":"Home","item":"https:\/\/www.blackjackinfo.com\/"},{"@type":"ListItem","position":2,"name":"Blackjack School &#8211; A Free 24-Lesson Class on Card Counting","item":"https:\/\/www.blackjackinfo.com\/blackjack-school\/"},{"@type":"ListItem","position":3,"name":"Lesson 21 &#8211; Beating the Double-Deck Game &#8211; Part 1"}]},{"@type":"WebSite","@id":"https:\/\/www.blackjackinfo.com\/#website","url":"https:\/\/www.blackjackinfo.com\/","name":"BlackjackInfo.de","description":"Denn Gewinnen macht mehr Spa\u00df!","potentialAction":[{"@type":"SearchAction","target":{"@type":"EntryPoint","urlTemplate":"https:\/\/www.blackjackinfo.com\/?s={search_term_string}"},"query-input":{"@type":"PropertyValueSpecification","valueRequired":true,"valueName":"search_term_string"}}],"inLanguage":"de"}]}},"_links":{"self":[{"href":"https:\/\/www.blackjackinfo.com\/de\/wp-json\/wp\/v2\/pages\/765","targetHints":{"allow":["GET"]}}],"collection":[{"href":"https:\/\/www.blackjackinfo.com\/de\/wp-json\/wp\/v2\/pages"}],"about":[{"href":"https:\/\/www.blackjackinfo.com\/de\/wp-json\/wp\/v2\/types\/page"}],"author":[{"embeddable":true,"href":"https:\/\/www.blackjackinfo.com\/de\/wp-json\/wp\/v2\/users\/2"}],"replies":[{"embeddable":true,"href":"https:\/\/www.blackjackinfo.com\/de\/wp-json\/wp\/v2\/comments?post=765"}],"version-history":[{"count":6,"href":"https:\/\/www.blackjackinfo.com\/de\/wp-json\/wp\/v2\/pages\/765\/revisions"}],"predecessor-version":[{"id":5470,"href":"https:\/\/www.blackjackinfo.com\/de\/wp-json\/wp\/v2\/pages\/765\/revisions\/5470"}],"up":[{"embeddable":true,"href":"https:\/\/www.blackjackinfo.com\/de\/wp-json\/wp\/v2\/pages\/634"}],"wp:attachment":[{"href":"https:\/\/www.blackjackinfo.com\/de\/wp-json\/wp\/v2\/media?parent=765"}],"wp:term":[{"taxonomy":"post_tag","embeddable":true,"href":"https:\/\/www.blackjackinfo.com\/de\/wp-json\/wp\/v2\/tags?post=765"}],"curies":[{"name":"wp","href":"https:\/\/api.w.org\/{rel}","templated":true}]}}