{"id":776,"date":"2014-10-20T15:29:49","date_gmt":"2014-10-20T20:29:49","guid":{"rendered":"http:\/\/test.blackjackinfo.com\/?page_id=776"},"modified":"2020-02-18T18:01:18","modified_gmt":"2020-02-19T00:01:18","slug":"lektion-23-das-doppeldeckspiel-schlagen-teil-3","status":"publish","type":"page","link":"https:\/\/www.blackjackinfo.com\/de\/blackjack-school\/lesson-23-beating-the-double-deck-game-part-3\/","title":{"rendered":"Lektion 23 - Das Double-Deck-Spiel besiegen - Teil 3"},"content":{"rendered":"<h3>Double Deck Basic Strategie Variationen<\/h3>\n<p><b>Um das Blackjack-Spiel mit zwei Kartendecks zu gewinnen, m\u00fcssen Sie zun\u00e4chst ein Spiel finden, das eine gute Durchdringung und einen Mindesteinsatz bietet, der es Ihnen erm\u00f6glicht, Ihre Eins\u00e4tze von 1 bis 8 zu verteilen,<\/b> und dennoch innerhalb vern\u00fcnftiger Geldmanagementprinzipien bleiben, die auf Ihrer Gesamtbankroll basieren.  Ein weiterer \"Pfeil in Ihrem K\u00f6cher\" ist sozusagen, das Spiel Ihrer Hand entsprechend dem Count zu variieren.<\/p>\n<p><b>Wenn Sie wissen, wie man Karten z\u00e4hlt, k\u00f6nnen Sie die Z\u00e4hlung verwenden, um Ihnen zu sagen, wie viel Sie auf jede Hand setzen sollten. Sie k\u00f6nnen die Z\u00e4hlung aber auch verwenden, um Ihnen zu helfen, jede Hand genauer zu spielen.<\/b>  Wenn Sie meinen Kurs bis zu diesem Punkt studiert haben, wissen Sie, dass einer der Schl\u00fcsselfaktoren f\u00fcr ein gewinnbringendes Blackjack-Spiel darin besteht, den Tisch zu verlassen, wenn der True Count auf -1 oder darunter f\u00e4llt. Diese Taktik ist jedoch bei den meisten Spielen mit zwei Kartendecks nicht sehr praktisch, da vor dem Mischen weniger Runden ausgeteilt werden als bei einem Spiel mit sechs Kartendecks.<\/p>\n<p><b>Infolgedessen muss man sich durch viel mehr \"negative\" Decks durcharbeiten, aber das Gute daran ist, dass ein Shuffle nie zu weit weg ist.<\/b>  Gleichzeitig wissen wir aber alle, dass der Vorteil des Casinos steigt, wenn die Anzahl der Karten sinkt, also wollen wir die Auswirkungen dieser Tatsache so weit wie m\u00f6glich neutralisieren.  Da Sie bei einem Double-Deck-Spiel wahrscheinlich viel mehr negative Counts erleben werden, m\u00fcssen wir die Spielz\u00fcge f\u00fcr H\u00e4nde wie die 12 gegen die 5 des Dealers und so weiter lernen.  Wir wollen auch das Verdoppeln und Teilen von Paaren bei niedrigen Counts vermeiden und werden stattdessen schlagen.  Aber wir wollen bei solchen wichtigen Spielz\u00fcgen nicht raten, also m\u00fcssen wir Basic Strategy-Varianten f\u00fcr \"niedrigere\" Zahlen lernen, wie -2, -3 und so weiter.  <b>Ein realistischer Bereich f\u00fcr die meisten Double-Deck-Spiele ist ein True Count von -6 bis +6 und das deckt 85% aller H\u00e4nde ab, die Sie jemals spielen werden, unter der Annahme einer Penetration von 50-60%. <\/b><br \/>\n<div class=\"row\" style=\"margin-bottom:20px\">\n    <div class=\"col-sm-12\">\n                <h2>Top US Online Casinos <span\n                class=\"flag-icon flag-icon-us\"><\/span><\/h2>\n\n        \n                \n        <div class=\"ranking-table text-center\">\n            <div class=\"row flex ad-row\">\n                <div class=\"col-sm-3\">\n                    <div class=\"row flex\">\n\n                        <div class=\"col-sm-3\">\n                            <div class=\"ranking-number text-center\">\n\n                                1                                \n                            <\/div>\n                        <\/div>\n                        <div class=\"col-sm-9\">\n                            <img decoding=\"async\" src=\"https:\/\/www.blackjackinfo.com\/files\/bovada.png\" data-no-auto-translation=\"\">\n                        <\/div>\n                    <\/div>\n                <\/div>\n                <div class=\"col-sm-4\">\n                    <div class=\"bonus-text text-center\"><span class=\"red\">100% bis zu $1.000<\/span><\/div>\n\t\t\t\t\t\n\n                <\/div>\n                <div class=\"col-sm-2\">\n                    <a class=\"btn btn-wire\" href=\"\/de\/casino\/bovada\/\">\u00dcberpr\u00fcfung<\/a>\n\n                <\/div>\n                <div class=\"col-sm-3\">\n                    <a rel=\"nofollow\" target=\"_blank\" class=\"btn btn-blue\" href=\"\/goto\/goto\/\">Spielen\n                        Jetzt<\/a>\n\t\t\t\t\t\t\n\n                <\/div>\n            <\/div>\n        <\/div>\n\n\n\n        \n                \n        <div class=\"ranking-table text-center\">\n            <div class=\"row flex ad-row\">\n                <div class=\"col-sm-3\">\n                    <div class=\"row flex\">\n\n                        <div class=\"col-sm-3\">\n                            <div class=\"ranking-number text-center\">\n\n                                2                                \n                            <\/div>\n                        <\/div>\n                        <div class=\"col-sm-9\">\n                            <img decoding=\"async\" src=\"https:\/\/www.blackjackinfo.com\/files\/ignition-casino-logo.png\" data-no-auto-translation=\"\">\n                        <\/div>\n                    <\/div>\n                <\/div>\n                <div class=\"col-sm-4\">\n                    <div class=\"bonus-text text-center\"><span class=\"red\">100% bis zu $1.000<\/span><\/div>\n\t\t\t\t\t\n\n                <\/div>\n                <div class=\"col-sm-2\">\n                    <a class=\"btn btn-wire\" href=\"\/de\/casino\/ignition-casino\/\">\u00dcberpr\u00fcfung<\/a>\n\n                <\/div>\n                <div class=\"col-sm-3\">\n                    <a rel=\"nofollow\" target=\"_blank\" class=\"btn btn-blue\" href=\"\/goto\/goto\/\">Spielen\n                        Jetzt<\/a>\n\t\t\t\t\t\t\n\n                <\/div>\n            <\/div>\n        <\/div>\n\n\n\n        \n                \n        <div class=\"ranking-table text-center\">\n            <div class=\"row flex ad-row\">\n                <div class=\"col-sm-3\">\n                    <div class=\"row flex\">\n\n                        <div class=\"col-sm-3\">\n                            <div class=\"ranking-number text-center\">\n\n                                3                                \n                            <\/div>\n                        <\/div>\n                        <div class=\"col-sm-9\">\n                            <img decoding=\"async\" src=\"https:\/\/www.blackjackinfo.com\/files\/VipSlots-500x250_dark.svg\" data-no-auto-translation=\"\">\n                        <\/div>\n                    <\/div>\n                <\/div>\n                <div class=\"col-sm-4\">\n                    <div class=\"bonus-text text-center\"><span class=\"red\">100 GRATIS SPINS bei Secret Life of Cats<\/span><\/div>\n\t\t\t\t\t\n\n                <\/div>\n                <div class=\"col-sm-2\">\n                    <a class=\"btn btn-wire\" href=\"\/de\/casino\/vipslots-casino\/\">\u00dcberpr\u00fcfung<\/a>\n\n                <\/div>\n                <div class=\"col-sm-3\">\n                    <a rel=\"nofollow\" target=\"_blank\" class=\"btn btn-blue\" href=\"\/goto\/goto\/\">Spielen\n                        Jetzt<\/a>\n\t\t\t\t\t\t\n\n                <\/div>\n            <\/div>\n        <\/div>\n\n\n\n        \n                \n        <div class=\"ranking-table text-center\">\n            <div class=\"row flex ad-row\">\n                <div class=\"col-sm-3\">\n                    <div class=\"row flex\">\n\n                        <div class=\"col-sm-3\">\n                            <div class=\"ranking-number text-center\">\n\n                                4                                \n                            <\/div>\n                        <\/div>\n                        <div class=\"col-sm-9\">\n                            <img decoding=\"async\" src=\"https:\/\/www.blackjackinfo.com\/files\/vegas_casino_online.png\" data-no-auto-translation=\"\">\n                        <\/div>\n                    <\/div>\n                <\/div>\n                <div class=\"col-sm-4\">\n                    <div class=\"bonus-text text-center\"><span class=\"red\">300% bis zu $3.000<\/span><\/div>\n\t\t\t\t\t\n\n                <\/div>\n                <div class=\"col-sm-2\">\n                    <a class=\"btn btn-wire\" href=\"\/de\/casino\/vegas-casino-online-2\/\">\u00dcberpr\u00fcfung<\/a>\n\n                <\/div>\n                <div class=\"col-sm-3\">\n                    <a rel=\"nofollow\" target=\"_blank\" class=\"btn btn-blue\" href=\"\/goto\/goto\/\">Spielen\n                        Jetzt<\/a>\n\t\t\t\t\t\t\n\n                <\/div>\n            <\/div>\n        <\/div>\n\n\n\n        \n                \n        <div class=\"ranking-table text-center\">\n            <div class=\"row flex ad-row\">\n                <div class=\"col-sm-3\">\n                    <div class=\"row flex\">\n\n                        <div class=\"col-sm-3\">\n                            <div class=\"ranking-number text-center\">\n\n                                5                                \n                            <\/div>\n                        <\/div>\n                        <div class=\"col-sm-9\">\n                            <img decoding=\"async\" src=\"https:\/\/www.blackjackinfo.com\/files\/cafe-casino-logo.svg\" data-no-auto-translation=\"\">\n                        <\/div>\n                    <\/div>\n                <\/div>\n                <div class=\"col-sm-4\">\n                    <div class=\"bonus-text text-center\"><span class=\"red\">250% bis zu $1.500<\/span><\/div>\n\t\t\t\t\t\n\n                <\/div>\n                <div class=\"col-sm-2\">\n                    <a class=\"btn btn-wire\" href=\"\/de\/casino\/cafe-casino\/\">\u00dcberpr\u00fcfung<\/a>\n\n                <\/div>\n                <div class=\"col-sm-3\">\n                    <a rel=\"nofollow\" target=\"_blank\" class=\"btn btn-blue\" href=\"\/goto\/goto\/\">Spielen\n                        Jetzt<\/a>\n\t\t\t\t\t\t\n\n                <\/div>\n            <\/div>\n        <\/div>\n\n\n\n            <\/div>\n<\/div><\/p>\n<p>Einige Spieler ziehen es vor, nur die Indizes f\u00fcr die h\u00e4ufigsten H\u00e4nde zu lernen, mit der Vorstellung, dass sie eine Hand wie A, 4 gegen eine 5 weniger als 100 Mal in 100.000 gespielten H\u00e4nden bekommen werden, aber sie werden eine 16 gegen 10 viel h\u00e4ufiger haben.  In seinem Buch, \"<a href=\"http:\/\/www.amazon.com\/dp\/0910575207\/?tag=theblackjacbasic\">Blackjack-Angriff<\/a>\" widmet Don Schlesinger ein Kapitel den, wie er es nennt, \"The Illustrious 18\", die seiner Meinung nach die wichtigsten Varianten der Grundstrategie darstellen.  Ich bin kein Freund davon, die Originalwerke anderer Autoren zu reproduzieren, daher verweise ich Sie auf das Buch, um eine vollst\u00e4ndige Auflistung zu erhalten, wenn Sie nicht alle hier aufgef\u00fchrten Varianten auswendig lernen m\u00f6chten.  Eine andere Idee, die es wert ist, in Erw\u00e4gung zu ziehen, ist, die Indizes unter -2 nicht zu lernen, mit der Begr\u00fcndung, dass Sie in einem solchen Count wahrscheinlich das Minimum setzen werden, so dass jegliche Spielfehler Sie auf lange Sicht sehr wenig kosten werden. Oder Sie sollten nur die Indizes lernen, bei denen Sie zus\u00e4tzliche Eins\u00e4tze auf dem Tisch platzieren, wie z.B. bei Paschs und Splits, nach dem Motto: Wenn ich mehr $$$ auf den Tisch lege, dann werde ich die Hand auch richtig spielen.<\/p>\n<p>Aber ich bin der Meinung, wenn man etwas \u00fcber dieses Spiel lernen kann, dann sollte man es auch lernen.  (Okay, ich wei\u00df, ich bin ein Fanatiker f\u00fcr dieses Zeug, aber was kann ich tun?)  <b>Wenn Sie die meiste Zeit mit Doppelstockspielen verbringen werden, lohnt es sich wahrscheinlich, alle hier vorgestellten Indizes auswendig zu lernen. <\/b> Aber wenn dies nicht Ihr Hauptspiel ist, reicht ein Bereich von -2 bis +6 mit einigen vern\u00fcnftigen \u00c4nderungen wahrscheinlich aus.  Vergessen Sie nicht, dass die meisten dieser Indizes denen f\u00fcr ein Spiel mit sechs Kartendecks \u00e4hneln, so dass Sie nicht bei Null anfangen m\u00fcssen.  <b>Lernen Sie die Zahlen, von denen Sie glauben, dass sie wichtig sind f\u00fcr den Ort und die Art, wie Sie spielen.<\/b><\/p>\n<p>Anstatt Ihnen die einzelnen Varianten eines Blattes zu erkl\u00e4ren, wie ich es im Abschnitt \u00fcber Multi-Deck getan habe, habe ich hier eine grundlegende Strategie-Matrix erstellt, die eine \"Index\"-Zahl f\u00fcr jedes geeignete Spiel zeigt.  Machen Sie sich keine Sorgen, wenn Sie Probleme haben, sie zu verstehen, denn ich erkl\u00e4re alles am Ende.<\/p>\n<p><b>Matrix der grundlegenden Strategievariationen<\/b><br \/>\nDouble Deck, H17, Da2, no das, no surrender<br \/>\n<b><a href=\"\/files\/Blackjack-School\/DD-BS-Variations.htm\">Siehe die Matrix. (Benutzen Sie die Zur\u00fcck-Taste, um hierher zur\u00fcckzukehren.)<\/a><\/b><\/p>\n<h3>Verwendung der Matrix<\/h3>\n<p>(Anmerkung des Spielleiters: Die Grundstrategie f\u00fcr dieses Spiel ist bei BlackjackInfo.com erh\u00e4ltlich: <a href=\"\/blackjack-basic-strategy-engine\/?numdecks=2&amp;soft17=h17&amp;dbl=all&amp;das=no&amp;surr=ns&amp;peek=yes\">2D, H17, DA2, NDAS Grundlegende Strategie<\/a>)<\/p>\n<p><b>Es ist viel einfacher, diese Matrix zu benutzen, wenn Sie die Grundstrategie f\u00fcr dieses Spiel auswendig gelernt haben, und wenn Sie das noch nicht getan haben, sollten Sie es wirklich lernen, bevor Sie sich in diesen fortgeschrittenen Spielmodus begeben.<\/b>  F\u00fcr jede Kombination aus Spielerhand und offener Karte des Dealers sehen Sie entweder eine bestimmte Aktion, wie Hit, Stand, Double usw., oder eine Zahl.  Die Zahl ist ein \"Aktionspunkt\", der auf dem True Count basiert und die Variation bestimmt.  Die Frage nach der richtigen Variante f\u00fcr eine bestimmte Situation kann ein wenig verwirrend sein, aber wenn Sie das betreffende Blatt studieren, k\u00f6nnen Sie es normalerweise herausfinden.  Ein gutes Beispiel daf\u00fcr ist A,7 gegen die 2 des Dealers. In der Matrix sehen Sie die Zahl 2 an dieser Stelle, also schlagen Sie zu, bleiben Sie stehen oder tun Sie etwas anderes?  Nun, \"etwas anderes\" ist die Antwort, also sollten Sie verdoppeln, genauso wie Sie es bei A,7 gegen 3, 4, 5 und 6 tun.  Hier spielt die Logik eine Rolle. Wenn ein Spiel unlogisch klingt, ist es wahrscheinlich das falsche.  W\u00fcrden Sie wirklich A,7 gegen eine 2 spielen?  Nat\u00fcrlich k\u00f6nnten Sie stehen, aber das ist bereits die Grundstrategie, also bleibt nur noch das Verdoppeln.  Das bedeutet also, dass Sie A,7 gegen eine offene Karte des Dealers von 2 verdoppeln sollten, wenn der True Count 2 oder mehr betr\u00e4gt.  Wenn der True Count weniger als 2 betr\u00e4gt, sollten Sie nach der Grundstrategie spielen, d. h. stehen bleiben.  Gegen eine 3 sagt die Basic Strategy, dass man A,7 verdoppeln soll.  Aber der Index daf\u00fcr ist -2, das hei\u00dft, Sie sollen A,7 gegen 3 nur verdoppeln, wenn der True Count -2 oder h\u00f6her ist.  Wenn das nicht der Fall ist, sollten Sie stehen bleiben.  Kommen wir zu einer weiteren Variante, die f\u00fcr Verwirrung sorgen kann: 8, 8 vs. 10.  Die Notation in diesem Feld lautet \"Stand@6\". Wenn der True Count also 6 oder mehr betr\u00e4gt, teilen Sie die 8 nicht auf, sondern bleiben stehen.<\/p>\n<p>Die allgemeine Regel f\u00fcr das Verst\u00e4ndnis der Grundstrategie-Varianten-Matrix lautet wie folgt: <b>Wenn die Zahl in einem Slot 0 oder ein Minus ist, dann ist dieser Spielzug eine Basisstrategie, die Sie machen sollten, solange die Anzahl h\u00f6her ist als die angezeigte Zahl.<\/b>  Bei A,4 gegen 4 zum Beispiel verdoppeln Sie, solange der Count 0 oder h\u00f6her ist.  Wenn der Z\u00e4hlwert minus ist, schlagen Sie einfach zu.  Im Fall von 9 gegen 4 verdoppeln Sie, solange der Count -3 oder h\u00f6her ist (denken Sie daran, dass -1 \"h\u00f6her\" ist als -2).<\/p>\n<p>Ich m\u00f6chte nicht, dass Sie gehen, ohne dass ich Ihnen die wichtigste Variante von allen erz\u00e4hlt habe, n\u00e4mlich die Versicherungswette.  <b>Sie wissen hoffentlich, dass man sich nie versichern sollte (auch nicht, wenn man ein \"Natural\" hat und die offene Karte des Dealers ein Ass ist, auch wenn das alle anderen sagen).<\/b>Aber in einem Spiel mit zwei Kartendecks wird die Versicherungswette bei einem True Count von 2 (eigentlich 2,4, wenn Sie diesen Genauigkeitsgrad erreichen k\u00f6nnen) oder h\u00f6her profitabel.<\/p>\n<h3>Erlernen der grundlegenden Strategievariationen<\/h3>\n<p><b>Sobald Sie die Grundstrategie-Varianten ausgew\u00e4hlt haben, die Sie lernen m\u00f6chten, sollten Sie einen Satz Lernkarten f\u00fcr diese Varianten erstellen.<\/b>  Wie man das genau macht, wird in Lektion 14 der \"The GameMaster's Blackjack School\" erkl\u00e4rt, und ich kann ihren Wert nicht genug betonen.  Stellen Sie einen Satz zusammen und tragen Sie ihn bei sich, oder studieren Sie ihn zumindest aufmerksam vor jeder Spielsitzung, wenn Double-Deck Blackjack nicht Ihr \"Hauptspiel\" ist.<\/p>","protected":false},"excerpt":{"rendered":"<p>Double Deck Basic Strategy Variations Beating the double-deck Blackjack game requires that you first find a game that offers decent penetration and a minimum bet that will allow you to spread your bets from 1 to 8, yet still stay within reasonable money management principles based upon your total bankroll. Another &#8220;arrow in your quiver&#8221;, [&hellip;]<\/p>\n","protected":false},"author":2,"featured_media":0,"parent":634,"menu_order":0,"comment_status":"open","ping_status":"open","template":"page-blackjack-school.php","meta":{"_acf_changed":false,"footnotes":""},"tags":[],"class_list":["post-776","page","type-page","status-publish","hentry"],"acf":[],"yoast_head":"<!-- This site is optimized with the Yoast SEO plugin v26.6 - https:\/\/yoast.com\/wordpress\/plugins\/seo\/ -->\n<title>Blackjack School \u1408 Lesson 23 - Beating the Double-Deck Game - Part 3<\/title>\n<meta name=\"description\" content=\"Lesson 23 in the GameMaster&#039;s Free Blackjack School - Strategy variations for the double-deck game.\" \/>\n<meta name=\"robots\" content=\"index, follow, max-snippet:-1, max-image-preview:large, max-video-preview:-1\" \/>\n<link rel=\"canonical\" href=\"https:\/\/www.blackjackinfo.com\/de\/blackjack-schule\/lektion-23-das-doppeldeckspiel-schlagen-teil-3\/\" \/>\n<meta property=\"og:locale\" content=\"de_DE\" \/>\n<meta property=\"og:type\" content=\"article\" \/>\n<meta property=\"og:title\" content=\"Blackjack School \u1408 Lesson 23 - Beating the Double-Deck Game - Part 3\" \/>\n<meta property=\"og:description\" content=\"Lesson 23 in the GameMaster&#039;s Free Blackjack School - Strategy variations for the double-deck game.\" \/>\n<meta property=\"og:url\" content=\"https:\/\/www.blackjackinfo.com\/de\/blackjack-schule\/lektion-23-das-doppeldeckspiel-schlagen-teil-3\/\" \/>\n<meta property=\"og:site_name\" content=\"BlackjackInfo.com\" \/>\n<meta property=\"article:modified_time\" content=\"2020-02-19T00:01:18+00:00\" \/>\n<meta name=\"twitter:label1\" content=\"Gesch\u00e4tzte Lesezeit\" \/>\n\t<meta name=\"twitter:data1\" content=\"6\u00a0Minuten\" \/>\n<script type=\"application\/ld+json\" class=\"yoast-schema-graph\">{\"@context\":\"https:\/\/schema.org\",\"@graph\":[{\"@type\":\"WebPage\",\"@id\":\"https:\/\/www.blackjackinfo.com\/blackjack-school\/lesson-23-beating-the-double-deck-game-part-3\/\",\"url\":\"https:\/\/www.blackjackinfo.com\/blackjack-school\/lesson-23-beating-the-double-deck-game-part-3\/\",\"name\":\"Blackjack School \u1408 Lesson 23 - Beating the Double-Deck Game - Part 3\",\"isPartOf\":{\"@id\":\"https:\/\/www.blackjackinfo.com\/#website\"},\"datePublished\":\"2014-10-20T20:29:49+00:00\",\"dateModified\":\"2020-02-19T00:01:18+00:00\",\"description\":\"Lesson 23 in the GameMaster's Free Blackjack School - Strategy variations for the double-deck game.\",\"breadcrumb\":{\"@id\":\"https:\/\/www.blackjackinfo.com\/blackjack-school\/lesson-23-beating-the-double-deck-game-part-3\/#breadcrumb\"},\"inLanguage\":\"de\",\"potentialAction\":[{\"@type\":\"ReadAction\",\"target\":[\"https:\/\/www.blackjackinfo.com\/blackjack-school\/lesson-23-beating-the-double-deck-game-part-3\/\"]}]},{\"@type\":\"BreadcrumbList\",\"@id\":\"https:\/\/www.blackjackinfo.com\/blackjack-school\/lesson-23-beating-the-double-deck-game-part-3\/#breadcrumb\",\"itemListElement\":[{\"@type\":\"ListItem\",\"position\":1,\"name\":\"Home\",\"item\":\"https:\/\/www.blackjackinfo.com\/\"},{\"@type\":\"ListItem\",\"position\":2,\"name\":\"Blackjack School &#8211; A Free 24-Lesson Class on Card Counting\",\"item\":\"https:\/\/www.blackjackinfo.com\/blackjack-school\/\"},{\"@type\":\"ListItem\",\"position\":3,\"name\":\"Lesson 23 &#8211; Beating the Double-Deck Game &#8211; Part 3\"}]},{\"@type\":\"WebSite\",\"@id\":\"https:\/\/www.blackjackinfo.com\/#website\",\"url\":\"https:\/\/www.blackjackinfo.com\/\",\"name\":\"BlackjackInfo.com\",\"description\":\"Because Winning is More Fun!\",\"potentialAction\":[{\"@type\":\"SearchAction\",\"target\":{\"@type\":\"EntryPoint\",\"urlTemplate\":\"https:\/\/www.blackjackinfo.com\/?s={search_term_string}\"},\"query-input\":{\"@type\":\"PropertyValueSpecification\",\"valueRequired\":true,\"valueName\":\"search_term_string\"}}],\"inLanguage\":\"de\"}]}<\/script>\n<!-- \/ Yoast SEO plugin. -->","yoast_head_json":{"title":"Blackjack-Schule \u1408 Lektion 23 - Das Double-Deck-Spiel besiegen - Teil 3","description":"Lektion 23 der GameMaster's Free Blackjack School - Strategievarianten f\u00fcr das Double-Deck-Spiel.","robots":{"index":"index","follow":"follow","max-snippet":"max-snippet:-1","max-image-preview":"max-image-preview:large","max-video-preview":"max-video-preview:-1"},"canonical":"https:\/\/www.blackjackinfo.com\/de\/blackjack-schule\/lektion-23-das-doppeldeckspiel-schlagen-teil-3\/","og_locale":"de_DE","og_type":"article","og_title":"Blackjack School \u1408 Lesson 23 - Beating the Double-Deck Game - Part 3","og_description":"Lesson 23 in the GameMaster's Free Blackjack School - Strategy variations for the double-deck game.","og_url":"https:\/\/www.blackjackinfo.com\/de\/blackjack-schule\/lektion-23-das-doppeldeckspiel-schlagen-teil-3\/","og_site_name":"BlackjackInfo.com","article_modified_time":"2020-02-19T00:01:18+00:00","twitter_misc":{"Gesch\u00e4tzte Lesezeit":"6\u00a0Minuten"},"schema":{"@context":"https:\/\/schema.org","@graph":[{"@type":"WebPage","@id":"https:\/\/www.blackjackinfo.com\/blackjack-school\/lesson-23-beating-the-double-deck-game-part-3\/","url":"https:\/\/www.blackjackinfo.com\/blackjack-school\/lesson-23-beating-the-double-deck-game-part-3\/","name":"Blackjack-Schule \u1408 Lektion 23 - Das Double-Deck-Spiel besiegen - Teil 3","isPartOf":{"@id":"https:\/\/www.blackjackinfo.com\/#website"},"datePublished":"2014-10-20T20:29:49+00:00","dateModified":"2020-02-19T00:01:18+00:00","description":"Lektion 23 der GameMaster's Free Blackjack School - Strategievarianten f\u00fcr das Double-Deck-Spiel.","breadcrumb":{"@id":"https:\/\/www.blackjackinfo.com\/blackjack-school\/lesson-23-beating-the-double-deck-game-part-3\/#breadcrumb"},"inLanguage":"de","potentialAction":[{"@type":"ReadAction","target":["https:\/\/www.blackjackinfo.com\/blackjack-school\/lesson-23-beating-the-double-deck-game-part-3\/"]}]},{"@type":"BreadcrumbList","@id":"https:\/\/www.blackjackinfo.com\/blackjack-school\/lesson-23-beating-the-double-deck-game-part-3\/#breadcrumb","itemListElement":[{"@type":"ListItem","position":1,"name":"Home","item":"https:\/\/www.blackjackinfo.com\/"},{"@type":"ListItem","position":2,"name":"Blackjack School &#8211; A Free 24-Lesson Class on Card Counting","item":"https:\/\/www.blackjackinfo.com\/blackjack-school\/"},{"@type":"ListItem","position":3,"name":"Lesson 23 &#8211; Beating the Double-Deck Game &#8211; Part 3"}]},{"@type":"WebSite","@id":"https:\/\/www.blackjackinfo.com\/#website","url":"https:\/\/www.blackjackinfo.com\/","name":"BlackjackInfo.de","description":"Denn Gewinnen macht mehr Spa\u00df!","potentialAction":[{"@type":"SearchAction","target":{"@type":"EntryPoint","urlTemplate":"https:\/\/www.blackjackinfo.com\/?s={search_term_string}"},"query-input":{"@type":"PropertyValueSpecification","valueRequired":true,"valueName":"search_term_string"}}],"inLanguage":"de"}]}},"_links":{"self":[{"href":"https:\/\/www.blackjackinfo.com\/de\/wp-json\/wp\/v2\/pages\/776","targetHints":{"allow":["GET"]}}],"collection":[{"href":"https:\/\/www.blackjackinfo.com\/de\/wp-json\/wp\/v2\/pages"}],"about":[{"href":"https:\/\/www.blackjackinfo.com\/de\/wp-json\/wp\/v2\/types\/page"}],"author":[{"embeddable":true,"href":"https:\/\/www.blackjackinfo.com\/de\/wp-json\/wp\/v2\/users\/2"}],"replies":[{"embeddable":true,"href":"https:\/\/www.blackjackinfo.com\/de\/wp-json\/wp\/v2\/comments?post=776"}],"version-history":[{"count":9,"href":"https:\/\/www.blackjackinfo.com\/de\/wp-json\/wp\/v2\/pages\/776\/revisions"}],"predecessor-version":[{"id":5472,"href":"https:\/\/www.blackjackinfo.com\/de\/wp-json\/wp\/v2\/pages\/776\/revisions\/5472"}],"up":[{"embeddable":true,"href":"https:\/\/www.blackjackinfo.com\/de\/wp-json\/wp\/v2\/pages\/634"}],"wp:attachment":[{"href":"https:\/\/www.blackjackinfo.com\/de\/wp-json\/wp\/v2\/media?parent=776"}],"wp:term":[{"taxonomy":"post_tag","embeddable":true,"href":"https:\/\/www.blackjackinfo.com\/de\/wp-json\/wp\/v2\/tags?post=776"}],"curies":[{"name":"wp","href":"https:\/\/api.w.org\/{rel}","templated":true}]}}