{"id":778,"date":"2019-11-03T15:32:18","date_gmt":"2019-11-03T21:32:18","guid":{"rendered":"http:\/\/test.blackjackinfo.com\/?page_id=778"},"modified":"2020-02-18T18:01:39","modified_gmt":"2020-02-19T00:01:39","slug":"lektion-24-die-ruckgabeoption-verstehen","status":"publish","type":"page","link":"https:\/\/www.blackjackinfo.com\/de\/blackjack-school\/lesson-24-understanding-the-surrender-option\/","title":{"rendered":"Lektion 24 - Die R\u00fcckgabeoption verstehen"},"content":{"rendered":"<p class=\"intro\">\nIch kann mich noch gut an die guten alten Zeiten in Atlantic City erinnern, als dort das Kasinospiel eingef\u00fchrt wurde. Das einzige Casino, das damals ge\u00f6ffnet war (Resorts International), musste ein Blackjack-Spiel anbieten, f\u00fcr das die Regeln von der Casino Control Commission festgelegt wurden <b>und das beinhaltete eine seltsame Regel namens \"Kapitulation\". Zumindest dachten wir, sie sei seltsam, bis wir herausfanden, welch gro\u00dfen Vorteil sie dem Spieler verschaffte, der sie richtig anwandte!<\/b><\/p>\n<p>Die meisten Spieler bezeichneten die Kapitulation als eine bl\u00f6de Wette. Einmal an einem Tisch brachte ein anderer Spieler alles auf den Punkt, als er erkl\u00e4rte: <b>\"Aufgeben ist verr\u00fcckt! Warum sollte man die H\u00e4lfte seines Einsatzes aufgeben, wenn man das Blatt genauso gut gewinnen kann?\"<\/b> Bis zu einem gewissen Grad hatte er Recht. Was ich damit meine, ist, dass es wahr ist, dass ein Spieler jede einzelne Hand gewinnen oder verlieren kann, aber er hat den Gedanken nicht weit genug getrieben. Wenn man Tausende von H\u00e4nden spielt, ist der Verzicht auf 50% des Einsatzes bei einigen von ihnen tats\u00e4chlich die billigere Alternative zum Ausspielen.<\/p>\n<p>F\u00fcr diejenigen unter Ihnen, die nicht mit Surrender vertraut sind, ist dies eine Spieleroption, die einige Casinos anbieten. <b>Wenn es erlaubt ist, k\u00f6nnen Sie die H\u00e4lfte Ihres Einsatzes aufgeben, anstatt das Blatt zu Ende zu spielen. <\/b>Mathematisch Interessierte k\u00f6nnen sehen, dass bei H\u00e4nden, bei denen Sie voraussichtlich mehr als 50% Ihres Einsatzes verlieren werden, die Kapitulation ein guter Deal ist. (Wenn Sie Pushes ignorieren, bedeutet ein erwarteter Verlust von mehr als 50%, dass Sie mit einer Wahrscheinlichkeit von mehr als 75% die Hand verlieren werden). Es gibt zwei Arten von Surrender: Early und Late. Diese Begriffe beziehen sich darauf, ob der Geber pr\u00fcft, ob er einen Blackjack hat (wenn ein Ass oder eine 10 aufgedeckt wird), bevor Sie die Entscheidung zur Aufgabe treffen k\u00f6nnen oder nicht. In A.C. war die Art der \u00dcbergabe \"fr\u00fch\", was bedeutete, dass Sie die H\u00e4lfte Ihres Einsatzes aufgeben konnten, bevor der Dealer wusste, ob er ein \"Natural\" hatte. Das kam ganz einfach dadurch zustande, dass die staatlichen Vorschriften das \"Peeken\" nicht zulie\u00dfen, so dass der Geber nicht wusste, wie sein Blatt aussah, bevor alle Spieler ihre Spielentscheidungen getroffen hatten.<br \/>\n<div class=\"row\" style=\"margin-bottom:20px\">\n    <div class=\"col-sm-12\">\n                <h2>Top US Online Casinos <span\n                class=\"flag-icon flag-icon-us\"><\/span><\/h2>\n\n        \n                \n        <div class=\"ranking-table text-center\">\n            <div class=\"row flex ad-row\">\n                <div class=\"col-sm-3\">\n                    <div class=\"row flex\">\n\n                        <div class=\"col-sm-3\">\n                            <div class=\"ranking-number text-center\">\n\n                                1                                \n                            <\/div>\n                        <\/div>\n                        <div class=\"col-sm-9\">\n                            <img decoding=\"async\" src=\"https:\/\/www.blackjackinfo.com\/files\/bovada.png\" data-no-auto-translation=\"\">\n                        <\/div>\n                    <\/div>\n                <\/div>\n                <div class=\"col-sm-4\">\n                    <div class=\"bonus-text text-center\"><span class=\"red\">100% bis zu $1.000<\/span><\/div>\n\t\t\t\t\t\n\n                <\/div>\n                <div class=\"col-sm-2\">\n                    <a class=\"btn btn-wire\" href=\"\/de\/casino\/bovada\/\">\u00dcberpr\u00fcfung<\/a>\n\n                <\/div>\n                <div class=\"col-sm-3\">\n                    <a rel=\"nofollow\" target=\"_blank\" class=\"btn btn-blue\" href=\"\/goto\/goto\/\">Spielen\n                        Jetzt<\/a>\n\t\t\t\t\t\t\n\n                <\/div>\n            <\/div>\n        <\/div>\n\n\n\n        \n                \n        <div class=\"ranking-table text-center\">\n            <div class=\"row flex ad-row\">\n                <div class=\"col-sm-3\">\n                    <div class=\"row flex\">\n\n                        <div class=\"col-sm-3\">\n                            <div class=\"ranking-number text-center\">\n\n                                2                                \n                            <\/div>\n                        <\/div>\n                        <div class=\"col-sm-9\">\n                            <img decoding=\"async\" src=\"https:\/\/www.blackjackinfo.com\/files\/ignition-casino-logo.png\" data-no-auto-translation=\"\">\n                        <\/div>\n                    <\/div>\n                <\/div>\n                <div class=\"col-sm-4\">\n                    <div class=\"bonus-text text-center\"><span class=\"red\">100% bis zu $1.000<\/span><\/div>\n\t\t\t\t\t\n\n                <\/div>\n                <div class=\"col-sm-2\">\n                    <a class=\"btn btn-wire\" href=\"\/de\/casino\/ignition-casino\/\">\u00dcberpr\u00fcfung<\/a>\n\n                <\/div>\n                <div class=\"col-sm-3\">\n                    <a rel=\"nofollow\" target=\"_blank\" class=\"btn btn-blue\" href=\"\/goto\/goto\/\">Spielen\n                        Jetzt<\/a>\n\t\t\t\t\t\t\n\n                <\/div>\n            <\/div>\n        <\/div>\n\n\n\n        \n                \n        <div class=\"ranking-table text-center\">\n            <div class=\"row flex ad-row\">\n                <div class=\"col-sm-3\">\n                    <div class=\"row flex\">\n\n                        <div class=\"col-sm-3\">\n                            <div class=\"ranking-number text-center\">\n\n                                3                                \n                            <\/div>\n                        <\/div>\n                        <div class=\"col-sm-9\">\n                            <img decoding=\"async\" src=\"https:\/\/www.blackjackinfo.com\/files\/VipSlots-500x250_dark.svg\" data-no-auto-translation=\"\">\n                        <\/div>\n                    <\/div>\n                <\/div>\n                <div class=\"col-sm-4\">\n                    <div class=\"bonus-text text-center\"><span class=\"red\">100 GRATIS SPINS bei Secret Life of Cats<\/span><\/div>\n\t\t\t\t\t\n\n                <\/div>\n                <div class=\"col-sm-2\">\n                    <a class=\"btn btn-wire\" href=\"\/de\/casino\/vipslots-casino\/\">\u00dcberpr\u00fcfung<\/a>\n\n                <\/div>\n                <div class=\"col-sm-3\">\n                    <a rel=\"nofollow\" target=\"_blank\" class=\"btn btn-blue\" href=\"\/goto\/goto\/\">Spielen\n                        Jetzt<\/a>\n\t\t\t\t\t\t\n\n                <\/div>\n            <\/div>\n        <\/div>\n\n\n\n        \n                \n        <div class=\"ranking-table text-center\">\n            <div class=\"row flex ad-row\">\n                <div class=\"col-sm-3\">\n                    <div class=\"row flex\">\n\n                        <div class=\"col-sm-3\">\n                            <div class=\"ranking-number text-center\">\n\n                                4                                \n                            <\/div>\n                        <\/div>\n                        <div class=\"col-sm-9\">\n                            <img decoding=\"async\" src=\"https:\/\/www.blackjackinfo.com\/files\/vegas_casino_online.png\" data-no-auto-translation=\"\">\n                        <\/div>\n                    <\/div>\n                <\/div>\n                <div class=\"col-sm-4\">\n                    <div class=\"bonus-text text-center\"><span class=\"red\">300% bis zu $3.000<\/span><\/div>\n\t\t\t\t\t\n\n                <\/div>\n                <div class=\"col-sm-2\">\n                    <a class=\"btn btn-wire\" href=\"\/de\/casino\/vegas-casino-online-2\/\">\u00dcberpr\u00fcfung<\/a>\n\n                <\/div>\n                <div class=\"col-sm-3\">\n                    <a rel=\"nofollow\" target=\"_blank\" class=\"btn btn-blue\" href=\"\/goto\/goto\/\">Spielen\n                        Jetzt<\/a>\n\t\t\t\t\t\t\n\n                <\/div>\n            <\/div>\n        <\/div>\n\n\n\n        \n                \n        <div class=\"ranking-table text-center\">\n            <div class=\"row flex ad-row\">\n                <div class=\"col-sm-3\">\n                    <div class=\"row flex\">\n\n                        <div class=\"col-sm-3\">\n                            <div class=\"ranking-number text-center\">\n\n                                5                                \n                            <\/div>\n                        <\/div>\n                        <div class=\"col-sm-9\">\n                            <img decoding=\"async\" src=\"https:\/\/www.blackjackinfo.com\/files\/cafe-casino-logo.svg\" data-no-auto-translation=\"\">\n                        <\/div>\n                    <\/div>\n                <\/div>\n                <div class=\"col-sm-4\">\n                    <div class=\"bonus-text text-center\"><span class=\"red\">250% bis zu $1.500<\/span><\/div>\n\t\t\t\t\t\n\n                <\/div>\n                <div class=\"col-sm-2\">\n                    <a class=\"btn btn-wire\" href=\"\/de\/casino\/cafe-casino\/\">\u00dcberpr\u00fcfung<\/a>\n\n                <\/div>\n                <div class=\"col-sm-3\">\n                    <a rel=\"nofollow\" target=\"_blank\" class=\"btn btn-blue\" href=\"\/goto\/goto\/\">Spielen\n                        Jetzt<\/a>\n\t\t\t\t\t\t\n\n                <\/div>\n            <\/div>\n        <\/div>\n\n\n\n            <\/div>\n<\/div><br \/>\n<b>Heutzutage ist die h\u00e4ufigste Form der Kapitulation die \"sp\u00e4te\" Version, bei der der Dealer nach einem Natural sucht und wenn er es nicht hat, k\u00f6nnen Sie kapitulieren.<\/b> Das ist viel weniger wert, denn wenn der Dealer ein Natural hat, nimmt er Ihren Einsatz, bevor Sie aufgeben k\u00f6nnen. Aber trotz dieser Einschr\u00e4nkung kann das Aufgeben immer noch einen gewissen Wert f\u00fcr Sie haben, wenn Sie es richtig einsetzen.<\/p>\n<p><b>Ich m\u00f6chte Ihnen ein Beispiel geben;<\/b> Nehmen wir ein Spiel mit 6 Kartendecks an, bei dem die Verdopplung nach dem Split erlaubt ist und der Dealer auf A-6 stehen muss. Wenn ich ein Blatt von 9, 7 habe und der Dealer eine 10 zeigt, ist meine \"Erwartung\", 53,7% des gesamten Geldes zu verlieren, das ich in dieser Situation gesetzt habe. Wenn ich aufgebe, verliere ich 50% des gesamten Geldes, das ich in dieser Situation gesetzt habe. Eine bescheidene Verbesserung, aber dennoch besser.  Dies macht die Berechnung der grundlegenden Strategie f\u00fcr die Kapitulation sehr einfach.  Wenn Sie erwarten, mehr als 50% zu verlieren, sollten Sie stattdessen aufgeben.<\/p>\n<p>Der angemessene Einsatz von \"Surrender\" h\u00e4ngt davon ab, ob der Dealer bei einer weichen 17 trifft oder steht.  Ich biete hier beide Strategien an:<\/p>\n<div class=\"col-sm-6 col-center\">\n<table class=\"data-table text-center\">\n<tbody>\n<tr>\n<td colspan=\"2\">Bei Spielen mit 6 Kartendecks, bei denen der Dealer auf allen 17ern steht:<\/td>\n<\/tr>\n<tr>\n<td><b>Die Hand des Spielers ist 9,7 oder 10,6:<\/b><\/td>\n<td>Aufgeben gegen eine Dealer 9, 10, Ass.<br \/>\n(Geben Sie ein 8er-Paar nicht auf, sondern teilen Sie es.)<\/td>\n<\/tr>\n<tr>\n<td><b>Die Hand des Spielers von hart 15:<\/b><\/td>\n<td>Aufgeben gegen einen Dealer 10.<\/td>\n<\/tr>\n<\/tbody>\n<\/table>\n<\/div>\n<div class=\"col-sm-6 col-center\">\n<table class=\"data-table text-center\">\n<tbody>\n<tr>\n<td colspan=\"2\">F\u00fcr Spiele mit 6 Kartendecks, bei denen der Dealer die Soft 17 trifft:<\/td>\n<\/tr>\n<tr>\n<td><b>Die Hand des Spielers von hart 15:<\/b><\/td>\n<td>Aufgeben gegen eine 10, ein Ass des Dealers<\/td>\n<\/tr>\n<tr>\n<td><b>Die Hand des Spielers ist 9,7 oder 10,6:<\/b><\/td>\n<td>Aufgeben gegen eine Dealer 9, 10, Ass.<\/td>\n<\/tr>\n<tr>\n<td><b>Die Hand des Spielers ist 8, 8:<\/b><\/td>\n<td>Aufgeben gegen ein Dealer-Ass.<\/td>\n<\/tr>\n<tr>\n<td><b>Die Hand des Spielers der harten 17:<\/b><\/td>\n<td>Aufgeben gegen ein Dealer-Ass.<\/td>\n<\/tr>\n<\/tbody>\n<\/table>\n<\/div>\n<p>Eine sp\u00e4te Abgabe erh\u00f6ht den Vorteil des Spielers um bescheidene 0,1%, aber ich mag es, wenn ich einen gro\u00dfen Einsatz mache und wie erwartet eine 10 als erste Karte erhalte und dann die letzte 6 im Deck als n\u00e4chste Karte bekomme. Wer hat das nicht schon einmal gemacht?<\/p>\n<p><b>Wenn Sie die Karten z\u00e4hlen, ist die R\u00fcckgabeoption ein noch besseres Gesch\u00e4ft, wenn die Anzahl der Karten steigt.<\/b> Wenn Sie meine Lektionen bis zu diesem Punkt gelesen und studiert haben, wissen Sie, dass in einer \"hohen\" Z\u00e4hlsituation der Anteil an 10ern und Gesichtern (und Assen) in den verbleibenden Kartenstapeln im Vergleich zu \"kleinen\" Karten viel gr\u00f6\u00dfer ist, so dass die Chancen, eine solche Karte zu erhalten, erheblich gestiegen sind. An dieser Stelle steigt der Wert des Aufgebens.<\/p>\n<p>Die meisten der heutzutage verf\u00fcgbaren R\u00fcckgabem\u00f6glichkeiten sind \"sp\u00e4te\" R\u00fcckgaben, was bedeutet, dass der Dealer die Hole Card \u00fcberpr\u00fcft, wenn er ein Ass oder eine 10 zeigt. Wenn er ein \"Natural\" hat, ist Ihr gesamter Einsatz verloren und Sie k\u00f6nnen nicht mehr aufgeben. <b>Zu wissen, dass der Dealer keinen Blackjack hat, macht das Aufgeben f\u00fcr manche Leute zu einem dummen Spiel, aber lassen Sie uns die Situation etwas n\u00e4her betrachten. <\/b>Was f\u00fcr ein Blatt kann der Dealer bekommen, wenn er eine Bildkarte zeigt? Zun\u00e4chst einmal wird der Dealer nur in 23% der F\u00e4lle pleite gehen, wenn er eine 10 oder eine Bildkarte als offene Karte zeigt. Zweitens wird er in 41% der F\u00e4lle mit einer Summe von 20 oder 21 enden! Und Sie glauben, dass Sie sie mit Ihrer 16 schlagen k\u00f6nnen? Wenn der Dealer ein Ass zeigt und KEINEN Blackjack hat, wird er in 46% der F\u00e4lle mit 19 oder mehr enden und nur in 17% der F\u00e4lle pleite gehen. Aus diesem Grund ist die Kapitulation g\u00fcltig, auch wenn der Dealer keinen Blackjack hat.<\/p>\n<p>Wenn die Anzahl der Karten steigt, haben sowohl Sie als auch der Dealer eine gr\u00f6\u00dfere Chance, 10er und Asse zu bekommen. Es ist also wahrscheinlicher, dass Sie eine 10er-Karte erhalten, wenn Sie einen Treffer landen. Wenn Sie also 15 Karten auf der Hand haben und der Dealer eine 9 zeigt, ist die Wahrscheinlichkeit gr\u00f6\u00dfer, dass er eine 10 im Hole hat, und es ist wahrscheinlicher, dass Sie mit einer 10 einen Treffer landen. Zeit, auszusteigen! Wenn der True Count 2 oder mehr betr\u00e4gt, geben Sie Ihre 15er gegen eine 9 des Dealers auf. Gegen ein Ass geben Sie die 15 bei einem True Count von 2 oder mehr auf, wenn der Dealer auf A-6 steht. Wenn der Dealer A-6 treffen muss, ist das Aufgeben der 15 ein grundlegender strategischer Zug. Ein weiterer guter Zug, den man sich merken sollte, ist die Abgabe von 14 gegen eine 10 bei einem True von 3 oder mehr.<\/p>\n<p><b>Der Einsatz von Kapitulation ist meiner Erfahrung nach unter dem Gesichtspunkt der \"Tarnung\" interessant.<\/b> Wie Sie hoffentlich wissen, ziehen wir Kartenz\u00e4hler es vor, unsere F\u00e4higkeiten zu verbergen, da das Kasinopersonal aus irgendeinem kranken Grund keine Z\u00e4hler mag. Aufgeben ist eigentlich eine ziemlich ausgekl\u00fcgelte Spieltechnik, so dass man sagen kann, dass der \"durchschnittliche\" Spieler sie nicht anwendet. Dennoch m\u00f6chte ich wie ein Gl\u00fccksspieler aussehen, um meine F\u00e4higkeit, das Spiel zu gewinnen, zu verbergen. Aber ich nutze Surrender, wenn es angeboten wird, und es ist wirklich hilfreich, wenn der Count hoch ist, ich einen gro\u00dfen Einsatz habe und eine 15 gegen eine 9 (oder eine 13 gegen eine 10 - das gilt f\u00fcr 8) abgebe, weil es mich wie ein 'Angsthase' aussehen l\u00e4sst. Die meisten Casinomitarbeiter denken sowieso, dass das Aufgeben ein \"Trottel\"-Spiel ist, und wenn sie sehen, dass man die H\u00e4lfte eines $200-Einsatzes aufgibt, denken sie, dass man nie $$$ beim Spiel machen wird. Das ist genau das, was ich will, dass sie denken.<\/p>","protected":false},"excerpt":{"rendered":"<p>I can well remember the good ol&#8217; days in Atlantic City when casino gaming first began there. The one casino that was open at the time (Resorts International) had to offer a Blackjack game where the rules were established by the Casino Control Commission and that included a weird rule called &#8216;surrender&#8217;. At least we [&hellip;]<\/p>\n","protected":false},"author":2,"featured_media":0,"parent":634,"menu_order":0,"comment_status":"open","ping_status":"open","template":"page-blackjack-school.php","meta":{"_acf_changed":false,"footnotes":""},"tags":[],"class_list":["post-778","page","type-page","status-publish","hentry"],"acf":[],"yoast_head":"<!-- This site is optimized with the Yoast SEO plugin v26.6 - https:\/\/yoast.com\/wordpress\/plugins\/seo\/ -->\n<title>Blackjack School \u1408 Lesson 24 - Understanding the Surrender Option<\/title>\n<meta name=\"description\" content=\"Lesson 24 in the GameMaster&#039;s Free Blackjack School - Understand how to use the surrender rule.\" \/>\n<meta name=\"robots\" content=\"index, follow, max-snippet:-1, max-image-preview:large, max-video-preview:-1\" \/>\n<link rel=\"canonical\" href=\"https:\/\/www.blackjackinfo.com\/de\/blackjack-schule\/lektion-24-die-ruckgabeoption-verstehen\/\" \/>\n<meta property=\"og:locale\" content=\"de_DE\" \/>\n<meta property=\"og:type\" content=\"article\" \/>\n<meta property=\"og:title\" content=\"Blackjack School \u1408 Lesson 24 - Understanding the Surrender Option\" \/>\n<meta property=\"og:description\" content=\"Lesson 24 in the GameMaster&#039;s Free Blackjack School - Understand how to use the surrender rule.\" \/>\n<meta property=\"og:url\" content=\"https:\/\/www.blackjackinfo.com\/de\/blackjack-schule\/lektion-24-die-ruckgabeoption-verstehen\/\" \/>\n<meta property=\"og:site_name\" content=\"BlackjackInfo.com\" \/>\n<meta property=\"article:modified_time\" content=\"2020-02-19T00:01:39+00:00\" \/>\n<meta name=\"twitter:label1\" content=\"Gesch\u00e4tzte Lesezeit\" \/>\n\t<meta name=\"twitter:data1\" content=\"6\u00a0Minuten\" \/>\n<script type=\"application\/ld+json\" class=\"yoast-schema-graph\">{\"@context\":\"https:\/\/schema.org\",\"@graph\":[{\"@type\":\"WebPage\",\"@id\":\"https:\/\/www.blackjackinfo.com\/blackjack-school\/lesson-24-understanding-the-surrender-option\/\",\"url\":\"https:\/\/www.blackjackinfo.com\/blackjack-school\/lesson-24-understanding-the-surrender-option\/\",\"name\":\"Blackjack School \u1408 Lesson 24 - Understanding the Surrender Option\",\"isPartOf\":{\"@id\":\"https:\/\/www.blackjackinfo.com\/#website\"},\"datePublished\":\"2019-11-03T21:32:18+00:00\",\"dateModified\":\"2020-02-19T00:01:39+00:00\",\"description\":\"Lesson 24 in the GameMaster's Free Blackjack School - Understand how to use the surrender rule.\",\"breadcrumb\":{\"@id\":\"https:\/\/www.blackjackinfo.com\/blackjack-school\/lesson-24-understanding-the-surrender-option\/#breadcrumb\"},\"inLanguage\":\"de\",\"potentialAction\":[{\"@type\":\"ReadAction\",\"target\":[\"https:\/\/www.blackjackinfo.com\/blackjack-school\/lesson-24-understanding-the-surrender-option\/\"]}]},{\"@type\":\"BreadcrumbList\",\"@id\":\"https:\/\/www.blackjackinfo.com\/blackjack-school\/lesson-24-understanding-the-surrender-option\/#breadcrumb\",\"itemListElement\":[{\"@type\":\"ListItem\",\"position\":1,\"name\":\"Home\",\"item\":\"https:\/\/www.blackjackinfo.com\/\"},{\"@type\":\"ListItem\",\"position\":2,\"name\":\"Blackjack School &#8211; A Free 24-Lesson Class on Card Counting\",\"item\":\"https:\/\/www.blackjackinfo.com\/blackjack-school\/\"},{\"@type\":\"ListItem\",\"position\":3,\"name\":\"Lesson 24 &#8211; Understanding the Surrender Option\"}]},{\"@type\":\"WebSite\",\"@id\":\"https:\/\/www.blackjackinfo.com\/#website\",\"url\":\"https:\/\/www.blackjackinfo.com\/\",\"name\":\"BlackjackInfo.com\",\"description\":\"Because Winning is More Fun!\",\"potentialAction\":[{\"@type\":\"SearchAction\",\"target\":{\"@type\":\"EntryPoint\",\"urlTemplate\":\"https:\/\/www.blackjackinfo.com\/?s={search_term_string}\"},\"query-input\":{\"@type\":\"PropertyValueSpecification\",\"valueRequired\":true,\"valueName\":\"search_term_string\"}}],\"inLanguage\":\"de\"}]}<\/script>\n<!-- \/ Yoast SEO plugin. -->","yoast_head_json":{"title":"Blackjack-Schule \u1408 Lektion 24 - Verstehen der R\u00fcckgabeoption","description":"Lektion 24 in der GameMaster's Free Blackjack School - Verstehen Sie, wie man die Kapitulationsregel anwendet.","robots":{"index":"index","follow":"follow","max-snippet":"max-snippet:-1","max-image-preview":"max-image-preview:large","max-video-preview":"max-video-preview:-1"},"canonical":"https:\/\/www.blackjackinfo.com\/de\/blackjack-schule\/lektion-24-die-ruckgabeoption-verstehen\/","og_locale":"de_DE","og_type":"article","og_title":"Blackjack School \u1408 Lesson 24 - Understanding the Surrender Option","og_description":"Lesson 24 in the GameMaster's Free Blackjack School - Understand how to use the surrender rule.","og_url":"https:\/\/www.blackjackinfo.com\/de\/blackjack-schule\/lektion-24-die-ruckgabeoption-verstehen\/","og_site_name":"BlackjackInfo.com","article_modified_time":"2020-02-19T00:01:39+00:00","twitter_misc":{"Gesch\u00e4tzte Lesezeit":"6\u00a0Minuten"},"schema":{"@context":"https:\/\/schema.org","@graph":[{"@type":"WebPage","@id":"https:\/\/www.blackjackinfo.com\/blackjack-school\/lesson-24-understanding-the-surrender-option\/","url":"https:\/\/www.blackjackinfo.com\/blackjack-school\/lesson-24-understanding-the-surrender-option\/","name":"Blackjack-Schule \u1408 Lektion 24 - Verstehen der R\u00fcckgabeoption","isPartOf":{"@id":"https:\/\/www.blackjackinfo.com\/#website"},"datePublished":"2019-11-03T21:32:18+00:00","dateModified":"2020-02-19T00:01:39+00:00","description":"Lektion 24 in der GameMaster's Free Blackjack School - Verstehen Sie, wie man die Kapitulationsregel anwendet.","breadcrumb":{"@id":"https:\/\/www.blackjackinfo.com\/blackjack-school\/lesson-24-understanding-the-surrender-option\/#breadcrumb"},"inLanguage":"de","potentialAction":[{"@type":"ReadAction","target":["https:\/\/www.blackjackinfo.com\/blackjack-school\/lesson-24-understanding-the-surrender-option\/"]}]},{"@type":"BreadcrumbList","@id":"https:\/\/www.blackjackinfo.com\/blackjack-school\/lesson-24-understanding-the-surrender-option\/#breadcrumb","itemListElement":[{"@type":"ListItem","position":1,"name":"Home","item":"https:\/\/www.blackjackinfo.com\/"},{"@type":"ListItem","position":2,"name":"Blackjack School &#8211; A Free 24-Lesson Class on Card Counting","item":"https:\/\/www.blackjackinfo.com\/blackjack-school\/"},{"@type":"ListItem","position":3,"name":"Lesson 24 &#8211; Understanding the Surrender Option"}]},{"@type":"WebSite","@id":"https:\/\/www.blackjackinfo.com\/#website","url":"https:\/\/www.blackjackinfo.com\/","name":"BlackjackInfo.de","description":"Denn Gewinnen macht mehr Spa\u00df!","potentialAction":[{"@type":"SearchAction","target":{"@type":"EntryPoint","urlTemplate":"https:\/\/www.blackjackinfo.com\/?s={search_term_string}"},"query-input":{"@type":"PropertyValueSpecification","valueRequired":true,"valueName":"search_term_string"}}],"inLanguage":"de"}]}},"_links":{"self":[{"href":"https:\/\/www.blackjackinfo.com\/de\/wp-json\/wp\/v2\/pages\/778","targetHints":{"allow":["GET"]}}],"collection":[{"href":"https:\/\/www.blackjackinfo.com\/de\/wp-json\/wp\/v2\/pages"}],"about":[{"href":"https:\/\/www.blackjackinfo.com\/de\/wp-json\/wp\/v2\/types\/page"}],"author":[{"embeddable":true,"href":"https:\/\/www.blackjackinfo.com\/de\/wp-json\/wp\/v2\/users\/2"}],"replies":[{"embeddable":true,"href":"https:\/\/www.blackjackinfo.com\/de\/wp-json\/wp\/v2\/comments?post=778"}],"version-history":[{"count":12,"href":"https:\/\/www.blackjackinfo.com\/de\/wp-json\/wp\/v2\/pages\/778\/revisions"}],"predecessor-version":[{"id":5473,"href":"https:\/\/www.blackjackinfo.com\/de\/wp-json\/wp\/v2\/pages\/778\/revisions\/5473"}],"up":[{"embeddable":true,"href":"https:\/\/www.blackjackinfo.com\/de\/wp-json\/wp\/v2\/pages\/634"}],"wp:attachment":[{"href":"https:\/\/www.blackjackinfo.com\/de\/wp-json\/wp\/v2\/media?parent=778"}],"wp:term":[{"taxonomy":"post_tag","embeddable":true,"href":"https:\/\/www.blackjackinfo.com\/de\/wp-json\/wp\/v2\/tags?post=778"}],"curies":[{"name":"wp","href":"https:\/\/api.w.org\/{rel}","templated":true}]}}