{"id":780,"date":"2014-10-20T15:53:43","date_gmt":"2014-10-20T20:53:43","guid":{"rendered":"http:\/\/test.blackjackinfo.com\/?page_id=780"},"modified":"2018-01-23T05:36:42","modified_gmt":"2018-01-23T11:36:42","slug":"blackjack-schule-downloads","status":"publish","type":"page","link":"https:\/\/www.blackjackinfo.com\/de\/blackjack-school\/blackjack-school-downloads\/","title":{"rendered":"Blackjack Schule Downloads"},"content":{"rendered":"<p><b>Willkommen auf der Download-Seite f\u00fcr \"The GameMaster's Blackjack School\".<br \/>\nDiese Ressourcen k\u00f6nnen heruntergeladen und in Verbindung mit den schriftlichen Lektionen verwendet werden.<\/b><\/p>\n<h3><a href=\"\/blackjack-school\/lesson-01-basic-strategy\/\">Lektion 1<\/a>. Grundlegende Strategie<\/h3>\n<ul>\n<li><a href=\"\/files\/Blackjack-School\/BasicStrategyMatrix.html\">Grundlegende Strategie-Matrix<\/a> - Entwickelt f\u00fcr ein recht g\u00e4ngiges Spiel (wie in Lektion 1 beschrieben): Sechs Decks, Verdopplung bei den ersten beiden Karten, Verdopplung nach dem Teilen von Paaren ist erlaubt und der Dealer bleibt bei A-6 stehen und eine \u00dcbergabe ist nicht erlaubt.<\/li>\n<li><a href=\"\/files\/Blackjack-School\/BasicStrategyMatrix.pdf\">Grundlegende Strategie-Matrix<\/a><img loading=\"lazy\" decoding=\"async\" src=\"\/img\/PDFLogo.gif\" width=\"32\" height=\"32\" alt=\"\" data-no-auto-translation=\"\"> im PDF-Format.<\/li>\n<li>Sie k\u00f6nnen eine spezifische Grundstrategie-Matrix f\u00fcr jedes Blackjack-Spiel im <a href=\"\/blackjack-basic-strategy-engine\/\">Blackjack Basic Strategy Engine<\/a>.<\/li>\n<li><a href=\"\/files\/Blackjack-School\/BasicStrategyDecisionChart.html\">Entscheidungsdiagramm f\u00fcr die Grundstrategie<\/a> - Dies ist die Grundstrategie, zusammengefasst in leicht zu merkenden Regeln f\u00fcr die Hand eines jeden Spielers, unter Verwendung dieser Regeln (wie in Lektion 1 beschrieben): 6 Decks, S17, DA2, DAS, kein Aufgeben.<\/li>\n<li><a href=\"\/files\/Blackjack-School\/BasicStrategyDecisionChart.pdf\">Entscheidungsdiagramm f\u00fcr die Grundstrategie<\/a><img loading=\"lazy\" decoding=\"async\" src=\"\/img\/PDFLogo.gif\" width=\"32\" height=\"32\" alt=\"\" data-no-auto-translation=\"\"> im PDF-Format.<\/li>\n<\/ul>\n<h3><a href=\"\/blackjack-school\/lesson-02-learning-basic-strategy\/\">Lektion 2<\/a>: Grundlegende Strategie lernen<\/h3>\n<ul>\n<li><a href=\"\/files\/Blackjack-School\/BasicStrategyReconstructionChart.html\">Diagramm zur Rekonstruktion der Grundstrategie<\/a> - \u00dcber diesen Link wird die Seite auf Ihren Computer geladen, und Sie k\u00f6nnen so viele Seiten ausdrucken, wie Sie m\u00f6chten. Sie werden feststellen, dass es sich nur um einen \"Rohling\" der Grundstrategie-Entscheidungstabelle handelt, die wir in Lektion 1 verwendet haben, um die Regeln f\u00fcr jede der Starth\u00e4nde des Spielers zu erstellen. Hier geht es darum, die Regeln f\u00fcr jedes Blatt einzutragen und dann auf ihre Richtigkeit zu \u00fcberpr\u00fcfen. Messen Sie Ihre Zeit und sehen Sie, ob Sie mit 100% Genauigkeit unter 60 Sekunden bleiben k\u00f6nnen.<\/li>\n<li><a href=\"\/files\/Blackjack-School\/BasicStrategyReconstructionChart.pdf\">Diagramm zur Rekonstruktion der Grundstrategie<\/a><img loading=\"lazy\" decoding=\"async\" src=\"\/img\/PDFLogo.gif\" width=\"32\" height=\"32\" alt=\"\" data-no-auto-translation=\"\"> im PDF-Format.<\/li>\n<li><a href=\"\/files\/Blackjack-School\/BasicStrategyDecisionExercise.html\">Grundlegende Strategie-Entscheidungs\u00fcbung<\/a>. - Hier habe ich viele Starth\u00e4nde der Spieler zusammen mit einer offenen Karte des Dealers zusammengestellt. Benutzen Sie Ihre \"Grundstrategie-Matrix\" aus Lektion 1, um eine \"Korrekturkopie\" zu erstellen, und markieren Sie sie oben als solche. Gehen Sie dann einfach die Spalten einer anderen Kopie durch und tragen Sie das richtige Spiel ein. Verwenden Sie Ihre Korrekturkopie, um die Richtigkeit zu \u00fcberpr\u00fcfen. Schnelligkeit ist hier von entscheidender Bedeutung, also arbeiten Sie darauf hin, dies in weniger als 60 Sekunden mit 100% Genauigkeit zu erledigen. \u00dcber diesen Link k\u00f6nnen Sie die Seite auf Ihren Computer laden und dann so viele ausdrucken, wie Sie m\u00f6chten.<\/li>\n<li><a href=\"\/files\/Blackjack-School\/BasicStrategyDecisionExercise.pdf\">Grundlegende Strategie-Entscheidungs\u00fcbung<\/a><img loading=\"lazy\" decoding=\"async\" src=\"\/img\/PDFLogo.gif\" width=\"32\" height=\"32\" alt=\"\" data-no-auto-translation=\"\"> im PDF-Format.<\/li>\n<li><a href=\"\/files\/Blackjack-School\/BasicStrategyDecisionTest.html\">Basisstrategie Entscheidungstest<\/a>. Hier ist ein abschlie\u00dfender Test f\u00fcr Sie, um Ihre grundlegenden Strategiekenntnisse zu \u00fcberpr\u00fcfen. Eine Bearbeitungszeit von 2 Minuten ist sehr angemessen. \u00dcber diesen Link k\u00f6nnen Sie den Test auf Ihren Computer laden und dann so viele ausdrucken, wie Sie m\u00f6chten.<\/li>\n<li><a href=\"\/files\/Blackjack-School\/BasicStrategyDecisionTest.pdf\">Basisstrategie Entscheidungstest<\/a><img loading=\"lazy\" decoding=\"async\" src=\"\/img\/PDFLogo.gif\" width=\"32\" height=\"32\" alt=\"\" data-no-auto-translation=\"\"> im PDF-Format.<\/li>\n<\/ul>\n<h3><a href=\"\/blackjack-school\/lesson-03-counting-cards-the-basics\/\">Lektion 3<\/a>: Kartenz\u00e4hlen: Die Grundlagen<\/h3>\n<ul>\n<li><a href=\"\/files\/Blackjack-School\/Hi-LoCount-PointValues.html\">Hi\/Lo-Z\u00e4hlsystem-Punktwerte<\/a> - Das Hi\/Lo-Z\u00e4hlsystem ordnet jeder Kartenart in einem Kartenspiel einen \"Punktwert\" zu.  Der erste Schritt beim Kartenz\u00e4hlen besteht darin, sich diese Werte einzupr\u00e4gen. \u00dcber diesen Link k\u00f6nnen Sie die Seite auf Ihren Computer laden und anschlie\u00dfend ausdrucken.<\/li>\n<\/ul>\n<h3><a href=\"\/blackjack-school\/lesson-08-money-management-part-2\/\">Lektion 8<\/a>. Geldmanagement - Teil 2<\/h3>\n<ul>\n<li><a href=\"\/files\/Blackjack-School\/OptimumBetChart.html\">Die Optimum Bet Chart<\/a> - Anhand dieser Informationen k\u00f6nnen Sie den optimalen Einsatz f\u00fcr jede Bankroll ermitteln; multiplizieren Sie einfach die Zahl in der letzten Spalte mit dem Betrag der Bankroll.  Bei einem Guthaben von $3000 ist der optimale Einsatz f\u00fcr einen True Count von 2 also 0,0038 x $3000 = $11,40. \u00dcber diesen Link k\u00f6nnen Sie die Seite auf Ihren Computer laden und eine Kopie ausdrucken.<\/li>\n<li><a href=\"\/files\/Blackjack-School\/OptimumBetChart.pdf\">Die Optimum Bet Chart<\/a><img loading=\"lazy\" decoding=\"async\" src=\"\/img\/PDFLogo.gif\" width=\"32\" height=\"32\" alt=\"\" data-no-auto-translation=\"\"> im PDF-Format.<\/li>\n<\/ul>","protected":false},"excerpt":{"rendered":"<p>Welcome to the Download Page for &#8220;The GameMaster&#8217;s Blackjack School&#8221;. These resources can be downloaded for use in conjunction with the written lessons. Lesson 1. Basic Strategy Basic Strategy Matrix &#8211; Developed for a fairly common game (as described in lesson 1): Six decks, double on any first two cards, double after splitting pairs is [&hellip;]<\/p>\n","protected":false},"author":2,"featured_media":0,"parent":634,"menu_order":0,"comment_status":"open","ping_status":"open","template":"page-blackjack-school.php","meta":{"_acf_changed":false,"footnotes":""},"tags":[],"class_list":["post-780","page","type-page","status-publish","hentry"],"acf":[],"yoast_head":"<!-- This site is optimized with the Yoast SEO plugin v26.6 - https:\/\/yoast.com\/wordpress\/plugins\/seo\/ -->\n<title>Blackjack School Downloads<\/title>\n<meta name=\"description\" content=\"Downloadable resources from the GameMaster&#039;s Free Blackjack School.\" \/>\n<meta name=\"robots\" content=\"index, follow, max-snippet:-1, max-image-preview:large, max-video-preview:-1\" \/>\n<link rel=\"canonical\" href=\"https:\/\/www.blackjackinfo.com\/de\/blackjack-schule\/blackjack-schule-downloads\/\" \/>\n<meta property=\"og:locale\" content=\"de_DE\" \/>\n<meta property=\"og:type\" content=\"article\" \/>\n<meta property=\"og:title\" content=\"Blackjack School Downloads\" \/>\n<meta property=\"og:description\" content=\"Downloadable resources from the GameMaster&#039;s Free Blackjack School.\" \/>\n<meta property=\"og:url\" content=\"https:\/\/www.blackjackinfo.com\/de\/blackjack-schule\/blackjack-schule-downloads\/\" \/>\n<meta property=\"og:site_name\" content=\"BlackjackInfo.com\" \/>\n<meta property=\"article:modified_time\" content=\"2018-01-23T11:36:42+00:00\" \/>\n<meta name=\"twitter:label1\" content=\"Gesch\u00e4tzte Lesezeit\" \/>\n\t<meta name=\"twitter:data1\" content=\"3\u00a0Minuten\" \/>\n<script type=\"application\/ld+json\" class=\"yoast-schema-graph\">{\"@context\":\"https:\/\/schema.org\",\"@graph\":[{\"@type\":\"WebPage\",\"@id\":\"https:\/\/www.blackjackinfo.com\/blackjack-school\/blackjack-school-downloads\/\",\"url\":\"https:\/\/www.blackjackinfo.com\/blackjack-school\/blackjack-school-downloads\/\",\"name\":\"Blackjack School Downloads\",\"isPartOf\":{\"@id\":\"https:\/\/www.blackjackinfo.com\/#website\"},\"datePublished\":\"2014-10-20T20:53:43+00:00\",\"dateModified\":\"2018-01-23T11:36:42+00:00\",\"description\":\"Downloadable resources from the GameMaster's Free Blackjack School.\",\"breadcrumb\":{\"@id\":\"https:\/\/www.blackjackinfo.com\/blackjack-school\/blackjack-school-downloads\/#breadcrumb\"},\"inLanguage\":\"de\",\"potentialAction\":[{\"@type\":\"ReadAction\",\"target\":[\"https:\/\/www.blackjackinfo.com\/blackjack-school\/blackjack-school-downloads\/\"]}]},{\"@type\":\"BreadcrumbList\",\"@id\":\"https:\/\/www.blackjackinfo.com\/blackjack-school\/blackjack-school-downloads\/#breadcrumb\",\"itemListElement\":[{\"@type\":\"ListItem\",\"position\":1,\"name\":\"Home\",\"item\":\"https:\/\/www.blackjackinfo.com\/\"},{\"@type\":\"ListItem\",\"position\":2,\"name\":\"Blackjack School &#8211; A Free 24-Lesson Class on Card Counting\",\"item\":\"https:\/\/www.blackjackinfo.com\/blackjack-school\/\"},{\"@type\":\"ListItem\",\"position\":3,\"name\":\"Blackjack School Downloads\"}]},{\"@type\":\"WebSite\",\"@id\":\"https:\/\/www.blackjackinfo.com\/#website\",\"url\":\"https:\/\/www.blackjackinfo.com\/\",\"name\":\"BlackjackInfo.com\",\"description\":\"Because Winning is More Fun!\",\"potentialAction\":[{\"@type\":\"SearchAction\",\"target\":{\"@type\":\"EntryPoint\",\"urlTemplate\":\"https:\/\/www.blackjackinfo.com\/?s={search_term_string}\"},\"query-input\":{\"@type\":\"PropertyValueSpecification\",\"valueRequired\":true,\"valueName\":\"search_term_string\"}}],\"inLanguage\":\"de\"}]}<\/script>\n<!-- \/ Yoast SEO plugin. -->","yoast_head_json":{"title":"Blackjack Schule Downloads","description":"Herunterladbare Ressourcen von der GameMaster's Free Blackjack School.","robots":{"index":"index","follow":"follow","max-snippet":"max-snippet:-1","max-image-preview":"max-image-preview:large","max-video-preview":"max-video-preview:-1"},"canonical":"https:\/\/www.blackjackinfo.com\/de\/blackjack-schule\/blackjack-schule-downloads\/","og_locale":"de_DE","og_type":"article","og_title":"Blackjack School Downloads","og_description":"Downloadable resources from the GameMaster's Free Blackjack School.","og_url":"https:\/\/www.blackjackinfo.com\/de\/blackjack-schule\/blackjack-schule-downloads\/","og_site_name":"BlackjackInfo.com","article_modified_time":"2018-01-23T11:36:42+00:00","twitter_misc":{"Gesch\u00e4tzte Lesezeit":"3\u00a0Minuten"},"schema":{"@context":"https:\/\/schema.org","@graph":[{"@type":"WebPage","@id":"https:\/\/www.blackjackinfo.com\/blackjack-school\/blackjack-school-downloads\/","url":"https:\/\/www.blackjackinfo.com\/blackjack-school\/blackjack-school-downloads\/","name":"Blackjack Schule Downloads","isPartOf":{"@id":"https:\/\/www.blackjackinfo.com\/#website"},"datePublished":"2014-10-20T20:53:43+00:00","dateModified":"2018-01-23T11:36:42+00:00","description":"Herunterladbare Ressourcen von der GameMaster's Free Blackjack School.","breadcrumb":{"@id":"https:\/\/www.blackjackinfo.com\/blackjack-school\/blackjack-school-downloads\/#breadcrumb"},"inLanguage":"de","potentialAction":[{"@type":"ReadAction","target":["https:\/\/www.blackjackinfo.com\/blackjack-school\/blackjack-school-downloads\/"]}]},{"@type":"BreadcrumbList","@id":"https:\/\/www.blackjackinfo.com\/blackjack-school\/blackjack-school-downloads\/#breadcrumb","itemListElement":[{"@type":"ListItem","position":1,"name":"Home","item":"https:\/\/www.blackjackinfo.com\/"},{"@type":"ListItem","position":2,"name":"Blackjack School &#8211; A Free 24-Lesson Class on Card Counting","item":"https:\/\/www.blackjackinfo.com\/blackjack-school\/"},{"@type":"ListItem","position":3,"name":"Blackjack School Downloads"}]},{"@type":"WebSite","@id":"https:\/\/www.blackjackinfo.com\/#website","url":"https:\/\/www.blackjackinfo.com\/","name":"BlackjackInfo.de","description":"Denn Gewinnen macht mehr Spa\u00df!","potentialAction":[{"@type":"SearchAction","target":{"@type":"EntryPoint","urlTemplate":"https:\/\/www.blackjackinfo.com\/?s={search_term_string}"},"query-input":{"@type":"PropertyValueSpecification","valueRequired":true,"valueName":"search_term_string"}}],"inLanguage":"de"}]}},"_links":{"self":[{"href":"https:\/\/www.blackjackinfo.com\/de\/wp-json\/wp\/v2\/pages\/780","targetHints":{"allow":["GET"]}}],"collection":[{"href":"https:\/\/www.blackjackinfo.com\/de\/wp-json\/wp\/v2\/pages"}],"about":[{"href":"https:\/\/www.blackjackinfo.com\/de\/wp-json\/wp\/v2\/types\/page"}],"author":[{"embeddable":true,"href":"https:\/\/www.blackjackinfo.com\/de\/wp-json\/wp\/v2\/users\/2"}],"replies":[{"embeddable":true,"href":"https:\/\/www.blackjackinfo.com\/de\/wp-json\/wp\/v2\/comments?post=780"}],"version-history":[{"count":14,"href":"https:\/\/www.blackjackinfo.com\/de\/wp-json\/wp\/v2\/pages\/780\/revisions"}],"predecessor-version":[{"id":800,"href":"https:\/\/www.blackjackinfo.com\/de\/wp-json\/wp\/v2\/pages\/780\/revisions\/800"}],"up":[{"embeddable":true,"href":"https:\/\/www.blackjackinfo.com\/de\/wp-json\/wp\/v2\/pages\/634"}],"wp:attachment":[{"href":"https:\/\/www.blackjackinfo.com\/de\/wp-json\/wp\/v2\/media?parent=780"}],"wp:term":[{"taxonomy":"post_tag","embeddable":true,"href":"https:\/\/www.blackjackinfo.com\/de\/wp-json\/wp\/v2\/tags?post=780"}],"curies":[{"name":"wp","href":"https:\/\/api.w.org\/{rel}","templated":true}]}}