{"id":815,"date":"2014-10-21T10:15:08","date_gmt":"2014-10-21T15:15:08","guid":{"rendered":"http:\/\/test.blackjackinfo.com\/?page_id=815"},"modified":"2018-06-22T02:43:50","modified_gmt":"2018-06-22T07:43:50","slug":"hier-beginnen","status":"publish","type":"page","link":"https:\/\/www.blackjackinfo.com\/de\/start-here\/","title":{"rendered":"Fangen Sie hier an - machen Sie sich schlau \u00fcber Blackjack!"},"content":{"rendered":"<p class=\"intro\">Blackjack ist ein Spiel, bei dem Wissen belohnt wird. Wenn Ihnen das Spiel Spa\u00df macht, sollten Sie sich dann nicht die bestm\u00f6gliche Gewinnchance einr\u00e4umen, die Sie haben?<\/p>\n<p>W\u00e4hrend der typische Blackjack-Spieler langfristig etwa 1,5% seiner Eins\u00e4tze verliert, kann ein kluger Spieler viel mehr erreichen. Verbessern ist einfach...<\/p>\n<h2 style=\"text-align: center;\">Eine grundlegende Strategie ist ein guter Anfang<\/h2>\n<p>Viele Casinos bieten eine Version des Spiels an, bei der der erwartete Verlust eines Spielers mit Basisstrategie nur etwa 0,3% betr\u00e4gt. Allein durch die Wahl des richtigen Spiels und die Verwendung einer korrekten Grundstrategie haben sich Ihre Ergebnisse gegen\u00fcber einem typischen Spieler bereits verf\u00fcnffacht!<\/p>\n<p>Ein Spieler, der auf diesem Niveau spielt, kann das Spiel bereits \"besiegen\", wenn man den Wert der Comps und Freebies ber\u00fccksichtigt, die er bekommen kann. (Siehe <a href=\"\/how-a-basic-strategy-player-can-beat-blackjack\/\">Wie ein Grundstrategie-Spieler Blackjack schlagen kann<\/a>.)<\/p>\n<h2 style=\"text-align: center;\">Mit dem Kartenz\u00e4hlen k\u00f6nnen Sie den Spie\u00df umdrehen<\/h2>\n<p>Wenn Sie das Spiel langfristig um echtes Geld gewinnen wollen, ist auch das m\u00f6glich. Tats\u00e4chlich ist Blackjack wahrscheinlich das einfachste Spiel im Casino, bei dem ein erfahrener Spieler einen mathematischen Vorteil gegen\u00fcber dem Spiel erlangen kann. Wenn Sie lernen, Karten zu z\u00e4hlen, k\u00f6nnen Sie erwarten, mehr Geld zu gewinnen als zu verlieren. Sie m\u00fcssen kein Genie sein, um Karten zu z\u00e4hlen... Sie m\u00fcssen nur bereit sein, zu lernen, zu \u00fcben und mit Disziplin zu spielen.<\/p>\n<h2 style=\"text-align: center;\">So oder so, Wissen ist wertvoll<\/h2>\n<p>Sicher, Kartenz\u00e4hlen ist nicht jedermanns Sache, und es ist absolut nichts dagegen einzuwenden, Blackjack aus Unterhaltungsgr\u00fcnden zu spielen. Aber auch f\u00fcr Freizeitspieler lohnt es sich, einige Zeit mit dem Erlernen der richtigen Grundstrategie zu verbringen.<\/p>\n<p>Egal, ob Sie sich als grundlegender Strategiespieler verbessern wollen oder ob Sie lernen wollen, Karten zu z\u00e4hlen, BlackjackInfo bietet Ihnen die Werkzeuge, die Sie brauchen, um Ihr Spiel zu verbessern. Denken Sie einfach an unseren Slogan: <b>\"BlackjackInfo: Weil Gewinnen mehr Spa\u00df macht!\"<\/b><\/p>\n<h2 style=\"text-align: center;\">Unsere beliebteste Ressource f\u00fcr grundlegende Strategien<\/h2>\n<p>Die richtige Spielweise f\u00fcr jedes einzelne Blatt zu kennen, ist der Grundstein f\u00fcr den Erfolg beim Blackjack. BlackjackInfo bietet schon l\u00e4nger als jeder andere Anbieter im Internet kostenlose, genaue und individuelle Strategietabellen an. Wir sind die Heimat der urspr\u00fcnglichen<\/p>\n<p style=\"text-align: center;\"><a class=\"btn btn-primary round\" href=\"\/blackjack-basic-strategy-engine\/\">Blackjack Basic Strategy Engine<\/a><\/p>\n<p>Geben Sie einfach die Regeln Ihres \u00f6rtlichen Casinos ein, und Sie erhalten eine perfekt angepasste Strategie f\u00fcr genau dieses Spiel.<\/p>\n<h2 style=\"text-align: center;\">Unsere beliebteste Ressource zum Kartenz\u00e4hlen<\/h2>\n<p>Wenn Sie lernen m\u00f6chten, Karten zu z\u00e4hlen, ist unser kostenloser Kurs mit 24 Lektionen ein guter Anfang.<\/p>\n<p style=\"text-align: center;\"><a class=\"btn btn-primary round\" href=\"\/blackjack-school\/\">Die Blackjack-Schule des GameMasters<\/a><\/p>\n<h2 style=\"text-align: center;\">Ein riesiges Archiv von Blackjack-Diskussionen<\/h2>\n<p>Unser vielleicht wertvollstes Kapital ist eine absolute Fundgrube an Blackjack-Know-how.<\/p>\n<p style=\"text-align: center;\"><a class=\"btn btn-primary round\" href=\"\/knowledge-base\/\">Blackjack Wissensbasis<\/a><\/p>\n<p>Die Sammlung enth\u00e4lt \u00fcber 200.000 Beitr\u00e4ge aus jahrelangen Fragen und Gespr\u00e4chen \u00fcber das Spiel. Schauen Sie rein!<\/p>\n<h2 style=\"text-align: center;\">Die vier besten Blackjack-B\u00fccher<\/h2>\n<p>Wenn Sie mehr \u00fcber Blackjack erfahren m\u00f6chten, finden Sie im folgenden Artikel empfohlene Lekt\u00fcre.<\/p>\n<p style=\"text-align: center;\"><a class=\"btn btn-primary round\" href=\"https:\/\/www.blackjackinfo.com\/top-four-blackjack-books\/\">Die vier besten Blackjack-B\u00fccher<\/a><\/p>\n<p>Also, worauf warten Sie noch?! Machen Sie sich beim Blackjack schlau!<\/p>","protected":false},"excerpt":{"rendered":"<p>Blackjack is a game that rewards knowledge. If you enjoy the game, shouldn&#8217;t you give yourself the best chance of winning that you can? While the typical blackjack player loses about 1.5% of their bets over the long run, a smart player can do a lot better than that. Improving is easy&#8230; Basic Strategy is [&hellip;]<\/p>\n","protected":false},"author":2,"featured_media":0,"parent":0,"menu_order":0,"comment_status":"open","ping_status":"closed","template":"","meta":{"_acf_changed":false,"footnotes":""},"tags":[],"class_list":["post-815","page","type-page","status-publish","hentry"],"acf":[],"yoast_head":"<!-- This site is optimized with the Yoast SEO plugin v26.6 - https:\/\/yoast.com\/wordpress\/plugins\/seo\/ -->\n<title>Start Here - Get Blackjack Smart!<\/title>\n<meta name=\"description\" content=\"Blackjack is a game that rewards knowledge. If you enjoy the game, shouldn&#039;t you give yourself the best chance of winning that you can? Start here.\" \/>\n<meta name=\"robots\" content=\"index, follow, max-snippet:-1, max-image-preview:large, max-video-preview:-1\" \/>\n<link rel=\"canonical\" href=\"https:\/\/www.blackjackinfo.com\/de\/hier-beginnen\/\" \/>\n<meta property=\"og:locale\" content=\"de_DE\" \/>\n<meta property=\"og:type\" content=\"article\" \/>\n<meta property=\"og:title\" content=\"Start Here - Get Blackjack Smart!\" \/>\n<meta property=\"og:description\" content=\"Blackjack is a game that rewards knowledge. If you enjoy the game, shouldn&#039;t you give yourself the best chance of winning that you can? Start here.\" \/>\n<meta property=\"og:url\" content=\"https:\/\/www.blackjackinfo.com\/de\/hier-beginnen\/\" \/>\n<meta property=\"og:site_name\" content=\"BlackjackInfo.com\" \/>\n<meta property=\"article:modified_time\" content=\"2018-06-22T07:43:50+00:00\" \/>\n<meta name=\"twitter:label1\" content=\"Gesch\u00e4tzte Lesezeit\" \/>\n\t<meta name=\"twitter:data1\" content=\"2\u00a0Minuten\" \/>\n<script type=\"application\/ld+json\" class=\"yoast-schema-graph\">{\"@context\":\"https:\/\/schema.org\",\"@graph\":[{\"@type\":\"WebPage\",\"@id\":\"https:\/\/www.blackjackinfo.com\/start-here\/\",\"url\":\"https:\/\/www.blackjackinfo.com\/start-here\/\",\"name\":\"Start Here - Get Blackjack Smart!\",\"isPartOf\":{\"@id\":\"https:\/\/www.blackjackinfo.com\/#website\"},\"datePublished\":\"2014-10-21T15:15:08+00:00\",\"dateModified\":\"2018-06-22T07:43:50+00:00\",\"description\":\"Blackjack is a game that rewards knowledge. If you enjoy the game, shouldn't you give yourself the best chance of winning that you can? Start here.\",\"breadcrumb\":{\"@id\":\"https:\/\/www.blackjackinfo.com\/start-here\/#breadcrumb\"},\"inLanguage\":\"de\",\"potentialAction\":[{\"@type\":\"ReadAction\",\"target\":[\"https:\/\/www.blackjackinfo.com\/start-here\/\"]}]},{\"@type\":\"BreadcrumbList\",\"@id\":\"https:\/\/www.blackjackinfo.com\/start-here\/#breadcrumb\",\"itemListElement\":[{\"@type\":\"ListItem\",\"position\":1,\"name\":\"Home\",\"item\":\"https:\/\/www.blackjackinfo.com\/\"},{\"@type\":\"ListItem\",\"position\":2,\"name\":\"Start Here &#8211; Get Blackjack Smart!\"}]},{\"@type\":\"WebSite\",\"@id\":\"https:\/\/www.blackjackinfo.com\/#website\",\"url\":\"https:\/\/www.blackjackinfo.com\/\",\"name\":\"BlackjackInfo.com\",\"description\":\"Because Winning is More Fun!\",\"potentialAction\":[{\"@type\":\"SearchAction\",\"target\":{\"@type\":\"EntryPoint\",\"urlTemplate\":\"https:\/\/www.blackjackinfo.com\/?s={search_term_string}\"},\"query-input\":{\"@type\":\"PropertyValueSpecification\",\"valueRequired\":true,\"valueName\":\"search_term_string\"}}],\"inLanguage\":\"de\"}]}<\/script>\n<!-- \/ Yoast SEO plugin. -->","yoast_head_json":{"title":"Fangen Sie hier an - machen Sie sich schlau \u00fcber Blackjack!","description":"Blackjack ist ein Spiel, bei dem Wissen belohnt wird. Wenn Ihnen das Spiel Spa\u00df macht, sollten Sie sich dann nicht die bestm\u00f6glichen Gewinnchancen einr\u00e4umen, die Sie haben? Beginnen Sie hier.","robots":{"index":"index","follow":"follow","max-snippet":"max-snippet:-1","max-image-preview":"max-image-preview:large","max-video-preview":"max-video-preview:-1"},"canonical":"https:\/\/www.blackjackinfo.com\/de\/hier-beginnen\/","og_locale":"de_DE","og_type":"article","og_title":"Start Here - Get Blackjack Smart!","og_description":"Blackjack is a game that rewards knowledge. If you enjoy the game, shouldn't you give yourself the best chance of winning that you can? Start here.","og_url":"https:\/\/www.blackjackinfo.com\/de\/hier-beginnen\/","og_site_name":"BlackjackInfo.com","article_modified_time":"2018-06-22T07:43:50+00:00","twitter_misc":{"Gesch\u00e4tzte Lesezeit":"2\u00a0Minuten"},"schema":{"@context":"https:\/\/schema.org","@graph":[{"@type":"WebPage","@id":"https:\/\/www.blackjackinfo.com\/start-here\/","url":"https:\/\/www.blackjackinfo.com\/start-here\/","name":"Fangen Sie hier an - machen Sie sich schlau \u00fcber Blackjack!","isPartOf":{"@id":"https:\/\/www.blackjackinfo.com\/#website"},"datePublished":"2014-10-21T15:15:08+00:00","dateModified":"2018-06-22T07:43:50+00:00","description":"Blackjack ist ein Spiel, bei dem Wissen belohnt wird. Wenn Ihnen das Spiel Spa\u00df macht, sollten Sie sich dann nicht die bestm\u00f6glichen Gewinnchancen einr\u00e4umen, die Sie haben? Beginnen Sie hier.","breadcrumb":{"@id":"https:\/\/www.blackjackinfo.com\/start-here\/#breadcrumb"},"inLanguage":"de","potentialAction":[{"@type":"ReadAction","target":["https:\/\/www.blackjackinfo.com\/start-here\/"]}]},{"@type":"BreadcrumbList","@id":"https:\/\/www.blackjackinfo.com\/start-here\/#breadcrumb","itemListElement":[{"@type":"ListItem","position":1,"name":"Home","item":"https:\/\/www.blackjackinfo.com\/"},{"@type":"ListItem","position":2,"name":"Start Here &#8211; Get Blackjack Smart!"}]},{"@type":"WebSite","@id":"https:\/\/www.blackjackinfo.com\/#website","url":"https:\/\/www.blackjackinfo.com\/","name":"BlackjackInfo.de","description":"Denn Gewinnen macht mehr Spa\u00df!","potentialAction":[{"@type":"SearchAction","target":{"@type":"EntryPoint","urlTemplate":"https:\/\/www.blackjackinfo.com\/?s={search_term_string}"},"query-input":{"@type":"PropertyValueSpecification","valueRequired":true,"valueName":"search_term_string"}}],"inLanguage":"de"}]}},"_links":{"self":[{"href":"https:\/\/www.blackjackinfo.com\/de\/wp-json\/wp\/v2\/pages\/815","targetHints":{"allow":["GET"]}}],"collection":[{"href":"https:\/\/www.blackjackinfo.com\/de\/wp-json\/wp\/v2\/pages"}],"about":[{"href":"https:\/\/www.blackjackinfo.com\/de\/wp-json\/wp\/v2\/types\/page"}],"author":[{"embeddable":true,"href":"https:\/\/www.blackjackinfo.com\/de\/wp-json\/wp\/v2\/users\/2"}],"replies":[{"embeddable":true,"href":"https:\/\/www.blackjackinfo.com\/de\/wp-json\/wp\/v2\/comments?post=815"}],"version-history":[{"count":28,"href":"https:\/\/www.blackjackinfo.com\/de\/wp-json\/wp\/v2\/pages\/815\/revisions"}],"predecessor-version":[{"id":3717,"href":"https:\/\/www.blackjackinfo.com\/de\/wp-json\/wp\/v2\/pages\/815\/revisions\/3717"}],"wp:attachment":[{"href":"https:\/\/www.blackjackinfo.com\/de\/wp-json\/wp\/v2\/media?parent=815"}],"wp:term":[{"taxonomy":"post_tag","embeddable":true,"href":"https:\/\/www.blackjackinfo.com\/de\/wp-json\/wp\/v2\/tags?post=815"}],"curies":[{"name":"wp","href":"https:\/\/api.w.org\/{rel}","templated":true}]}}