{"id":837,"date":"2014-10-21T16:53:50","date_gmt":"2014-10-21T21:53:50","guid":{"rendered":"http:\/\/test.blackjackinfo.com\/?page_id=837"},"modified":"2018-06-22T02:30:44","modified_gmt":"2018-06-22T07:30:44","slug":"karte","status":"publish","type":"page","link":"https:\/\/www.blackjackinfo.com\/de\/card\/","title":{"rendered":"Blackjack-Strategiekarten, Grundlagen und Fortgeschrittene"},"content":{"rendered":"<p class=\"intro\">Wir bieten zwei verschiedene Sets von Blackjack-Strategiekarten h\u00f6chster Qualit\u00e4t an. Unsere Blackjack Basic Strategy Cards bieten perfekt optimierte Basisstrategien f\u00fcr alle g\u00e4ngigen Regelvarianten, w\u00e4hrend unsere Blackjack Advanced Strategy Cards auch optimale Hi-Lo-Kartenz\u00e4hlungs-Indexzahlen enthalten.<\/p>\n<p><img loading=\"lazy\" decoding=\"async\" class=\"aligncenter size-full wp-image-847\" src=\"\/files\/strategy-cards-600x480.jpg\" alt=\"strategy-cards-600x480\" width=\"600\" height=\"480\" srcset=\"https:\/\/www.blackjackinfo.com\/files\/strategy-cards-600x480.jpg 600w, https:\/\/www.blackjackinfo.com\/files\/strategy-cards-600x480-300x240.jpg 300w\" sizes=\"auto, (max-width: 600px) 100vw, 600px\" data-no-auto-translation=\"\" \/><\/p>\n<div style=\"border: 1px solid black; margin: 15px 0; padding: 8px;\">\n<h3>Blackjack Basic Strategy Karten:<\/h3>\n<p><img loading=\"lazy\" decoding=\"async\" src=\"\/files\/SetOfSixCover-186x300.jpg\" alt=\"Set of Six Blackjack Strategy Cards\" width=\"186\" height=\"300\" class=\"alignright size-medium wp-image-856\" srcset=\"https:\/\/www.blackjackinfo.com\/files\/SetOfSixCover-186x300.jpg 186w, https:\/\/www.blackjackinfo.com\/files\/SetOfSixCover.jpg 240w\" sizes=\"auto, (max-width: 186px) 100vw, 186px\" data-no-auto-translation=\"\" \/><\/p>\n<h4 class=\"text-center\"><a href=\"\/card\/basic-strategy-card-instructions\/\">Anweisungen anzeigen<\/a><\/h4>\n<p>\tDiese <a href=\"http:\/\/www.amazon.com\/dp\/098211916X\/?tag=theblackjacbasic\">Satz mit sechs Karten in Brieftaschengr\u00f6\u00dfe<\/a> zeigt die optimale Grundstrategie f\u00fcr jedes dieser Spiele:<\/p>\n<ul>\n<li><a href=\"http:\/\/www.amazon.com\/dp\/0982119100\/?tag=theblackjacbasic\">1 Deck, Dealer bleibt bei allen 17ern stehen<\/a><\/li>\n<li><a href=\"http:\/\/www.amazon.com\/dp\/0982119119\/?tag=theblackjacbasic\">1 Deck, Dealer trifft Soft 17<\/a><\/li>\n<li><a href=\"http:\/\/www.amazon.com\/dp\/0982119127\/?tag=theblackjacbasic\">2 Decks, Dealer bleibt bei allen 17ern stehen<\/a><\/li>\n<li><a href=\"http:\/\/www.amazon.com\/dp\/0982119135\/?tag=theblackjacbasic\">2 Decks, Dealer trifft Soft 17<\/a><\/li>\n<li><a href=\"http:\/\/www.amazon.com\/dp\/0982119143\/?tag=theblackjacbasic\">4\/6\/8 Decks, Geber bleibt bei allen 17ern stehen<\/a><\/li>\n<li><a href=\"http:\/\/www.amazon.com\/dp\/0982119151\/?tag=theblackjacbasic\">4\/6\/8 Decks, Dealer trifft Soft 17<\/a><\/li>\n<\/ul>\n<p>\tJede Karte enth\u00e4lt die perfekte Grundstrategie von BlackjackInfo.com und ist aus stabilem, haltbarem Kunststoff gefertigt.  Die Karten sind kreditkartengro\u00df und passen leicht in Ihre Brieftasche.<\/p>\n<h4 class=\"text-center\"><a href=\"http:\/\/www.amazon.com\/dp\/098211916X\/?tag=theblackjacbasic\">Jetzt kaufen<\/a><\/h4>\n<\/div>\n<div style=\"border: 1px solid black; margin: 15px 0; padding: 8px;\">\n<h3>Blackjack Strategiekarten f\u00fcr Fortgeschrittene:<\/h3>\n<p><img loading=\"lazy\" decoding=\"async\" src=\"\/files\/blackjack-advanced-strategy-cards-cover-221x336-197x300.jpg\" alt=\"Blackjack Advanced Strategy Cards\" width=\"197\" height=\"300\" class=\"alignright size-medium wp-image-871\" srcset=\"https:\/\/www.blackjackinfo.com\/files\/blackjack-advanced-strategy-cards-cover-221x336-197x300.jpg 197w, https:\/\/www.blackjackinfo.com\/files\/blackjack-advanced-strategy-cards-cover-221x336.jpg 221w\" sizes=\"auto, (max-width: 197px) 100vw, 197px\" data-no-auto-translation=\"\" \/><\/p>\n<h4 class=\"text-center\"><a href=\"\/card\/advanced-strategy-card-instructions\/\">Anweisungen anzeigen<\/a><\/h4>\n<p>\tDiese <a href=\"http:\/\/www.amazon.com\/dp\/0982119178\/?tag=theblackjacbasic\">Satz mit zw\u00f6lf Karten im Taschenformat<\/a> enth\u00e4lt die gleichen perfekten Grundstrategien wie das Basisset, f\u00fcgt aber noch das Hi-Lo-Kartenz\u00e4hlsystem mit Indexzahlen von -5 bis +5 hinzu.<\/p>\n<p>\tF\u00fcr jedes Spiel enth\u00e4lt das Set zwei verschiedene Plastikkarten.  Auf einer Karte sind die Hi-Lo-Indexzahlen als kleine Zahlen in der Ecke des Entscheidungsfeldes aufgedruckt.  Eine zweite \"verdeckte\" Version jeder Karte verschl\u00fcsselt die Indexzahlen mit einer Reihe von kleinen schwarzen Punkten.<\/p>\n<p>\tJede Karte hat Taschenformat und besteht aus stabilem, haltbarem Kunststoff.<\/p>\n<h4 class=\"text-center\"><a href=\"http:\/\/www.amazon.com\/dp\/0982119178\/?tag=theblackjacbasic\">Jetzt kaufen<\/a><\/h4>\n<\/div>","protected":false},"excerpt":{"rendered":"<p>We offer two different sets of the highest quality blackjack strategy cards. Our Blackjack Basic Strategy Cards provide perfectly optimized basic strategies for all the common rule variations, while our Blackjack Advanced Strategy Cards add optimal Hi-Lo card counting index numbers as well. Blackjack Basic Strategy Cards: View Instructions This set of six wallet-size cards [&hellip;]<\/p>\n","protected":false},"author":2,"featured_media":0,"parent":0,"menu_order":0,"comment_status":"open","ping_status":"closed","template":"","meta":{"_acf_changed":false,"footnotes":""},"tags":[],"class_list":["post-837","page","type-page","status-publish","hentry"],"acf":[],"yoast_head":"<!-- This site is optimized with the Yoast SEO plugin v26.6 - https:\/\/yoast.com\/wordpress\/plugins\/seo\/ -->\n<title>Blackjack Strategy Cards, Basic and Advanced<\/title>\n<meta name=\"description\" content=\"We offer the highest quality blackjack strategy cards, in a wallet-size set for basic strategy, and also an advanced card set for card counting.\" \/>\n<meta name=\"robots\" content=\"index, follow, max-snippet:-1, max-image-preview:large, max-video-preview:-1\" \/>\n<link rel=\"canonical\" href=\"https:\/\/www.blackjackinfo.com\/de\/karte\/\" \/>\n<meta property=\"og:locale\" content=\"de_DE\" \/>\n<meta property=\"og:type\" content=\"article\" \/>\n<meta property=\"og:title\" content=\"Blackjack Strategy Cards, Basic and Advanced\" \/>\n<meta property=\"og:description\" content=\"We offer the highest quality blackjack strategy cards, in a wallet-size set for basic strategy, and also an advanced card set for card counting.\" \/>\n<meta property=\"og:url\" content=\"https:\/\/www.blackjackinfo.com\/de\/karte\/\" \/>\n<meta property=\"og:site_name\" content=\"BlackjackInfo.com\" \/>\n<meta property=\"article:modified_time\" content=\"2018-06-22T07:30:44+00:00\" \/>\n<meta name=\"twitter:label1\" content=\"Gesch\u00e4tzte Lesezeit\" \/>\n\t<meta name=\"twitter:data1\" content=\"1\u00a0Minute\" \/>\n<script type=\"application\/ld+json\" class=\"yoast-schema-graph\">{\"@context\":\"https:\/\/schema.org\",\"@graph\":[{\"@type\":\"WebPage\",\"@id\":\"https:\/\/www.blackjackinfo.com\/card\/\",\"url\":\"https:\/\/www.blackjackinfo.com\/card\/\",\"name\":\"Blackjack Strategy Cards, Basic and Advanced\",\"isPartOf\":{\"@id\":\"https:\/\/www.blackjackinfo.com\/#website\"},\"datePublished\":\"2014-10-21T21:53:50+00:00\",\"dateModified\":\"2018-06-22T07:30:44+00:00\",\"description\":\"We offer the highest quality blackjack strategy cards, in a wallet-size set for basic strategy, and also an advanced card set for card counting.\",\"breadcrumb\":{\"@id\":\"https:\/\/www.blackjackinfo.com\/card\/#breadcrumb\"},\"inLanguage\":\"de\",\"potentialAction\":[{\"@type\":\"ReadAction\",\"target\":[\"https:\/\/www.blackjackinfo.com\/card\/\"]}]},{\"@type\":\"BreadcrumbList\",\"@id\":\"https:\/\/www.blackjackinfo.com\/card\/#breadcrumb\",\"itemListElement\":[{\"@type\":\"ListItem\",\"position\":1,\"name\":\"Home\",\"item\":\"https:\/\/www.blackjackinfo.com\/\"},{\"@type\":\"ListItem\",\"position\":2,\"name\":\"Blackjack Strategy Cards, Basic and Advanced\"}]},{\"@type\":\"WebSite\",\"@id\":\"https:\/\/www.blackjackinfo.com\/#website\",\"url\":\"https:\/\/www.blackjackinfo.com\/\",\"name\":\"BlackjackInfo.com\",\"description\":\"Because Winning is More Fun!\",\"potentialAction\":[{\"@type\":\"SearchAction\",\"target\":{\"@type\":\"EntryPoint\",\"urlTemplate\":\"https:\/\/www.blackjackinfo.com\/?s={search_term_string}\"},\"query-input\":{\"@type\":\"PropertyValueSpecification\",\"valueRequired\":true,\"valueName\":\"search_term_string\"}}],\"inLanguage\":\"de\"}]}<\/script>\n<!-- \/ Yoast SEO plugin. -->","yoast_head_json":{"title":"Blackjack-Strategiekarten, Grundlagen und Fortgeschrittene","description":"Wir bieten die hochwertigsten Blackjack-Strategiekarten an, in einem Set im Brieftaschenformat f\u00fcr die grundlegende Strategie und auch ein fortgeschrittenes Kartenset zum Kartenz\u00e4hlen.","robots":{"index":"index","follow":"follow","max-snippet":"max-snippet:-1","max-image-preview":"max-image-preview:large","max-video-preview":"max-video-preview:-1"},"canonical":"https:\/\/www.blackjackinfo.com\/de\/karte\/","og_locale":"de_DE","og_type":"article","og_title":"Blackjack Strategy Cards, Basic and Advanced","og_description":"We offer the highest quality blackjack strategy cards, in a wallet-size set for basic strategy, and also an advanced card set for card counting.","og_url":"https:\/\/www.blackjackinfo.com\/de\/karte\/","og_site_name":"BlackjackInfo.com","article_modified_time":"2018-06-22T07:30:44+00:00","twitter_misc":{"Gesch\u00e4tzte Lesezeit":"1\u00a0Minute"},"schema":{"@context":"https:\/\/schema.org","@graph":[{"@type":"WebPage","@id":"https:\/\/www.blackjackinfo.com\/card\/","url":"https:\/\/www.blackjackinfo.com\/card\/","name":"Blackjack-Strategiekarten, Grundlagen und Fortgeschrittene","isPartOf":{"@id":"https:\/\/www.blackjackinfo.com\/#website"},"datePublished":"2014-10-21T21:53:50+00:00","dateModified":"2018-06-22T07:30:44+00:00","description":"Wir bieten die hochwertigsten Blackjack-Strategiekarten an, in einem Set im Brieftaschenformat f\u00fcr die grundlegende Strategie und auch ein fortgeschrittenes Kartenset zum Kartenz\u00e4hlen.","breadcrumb":{"@id":"https:\/\/www.blackjackinfo.com\/card\/#breadcrumb"},"inLanguage":"de","potentialAction":[{"@type":"ReadAction","target":["https:\/\/www.blackjackinfo.com\/card\/"]}]},{"@type":"BreadcrumbList","@id":"https:\/\/www.blackjackinfo.com\/card\/#breadcrumb","itemListElement":[{"@type":"ListItem","position":1,"name":"Home","item":"https:\/\/www.blackjackinfo.com\/"},{"@type":"ListItem","position":2,"name":"Blackjack Strategy Cards, Basic and Advanced"}]},{"@type":"WebSite","@id":"https:\/\/www.blackjackinfo.com\/#website","url":"https:\/\/www.blackjackinfo.com\/","name":"BlackjackInfo.de","description":"Denn Gewinnen macht mehr Spa\u00df!","potentialAction":[{"@type":"SearchAction","target":{"@type":"EntryPoint","urlTemplate":"https:\/\/www.blackjackinfo.com\/?s={search_term_string}"},"query-input":{"@type":"PropertyValueSpecification","valueRequired":true,"valueName":"search_term_string"}}],"inLanguage":"de"}]}},"_links":{"self":[{"href":"https:\/\/www.blackjackinfo.com\/de\/wp-json\/wp\/v2\/pages\/837","targetHints":{"allow":["GET"]}}],"collection":[{"href":"https:\/\/www.blackjackinfo.com\/de\/wp-json\/wp\/v2\/pages"}],"about":[{"href":"https:\/\/www.blackjackinfo.com\/de\/wp-json\/wp\/v2\/types\/page"}],"author":[{"embeddable":true,"href":"https:\/\/www.blackjackinfo.com\/de\/wp-json\/wp\/v2\/users\/2"}],"replies":[{"embeddable":true,"href":"https:\/\/www.blackjackinfo.com\/de\/wp-json\/wp\/v2\/comments?post=837"}],"version-history":[{"count":30,"href":"https:\/\/www.blackjackinfo.com\/de\/wp-json\/wp\/v2\/pages\/837\/revisions"}],"predecessor-version":[{"id":1765,"href":"https:\/\/www.blackjackinfo.com\/de\/wp-json\/wp\/v2\/pages\/837\/revisions\/1765"}],"wp:attachment":[{"href":"https:\/\/www.blackjackinfo.com\/de\/wp-json\/wp\/v2\/media?parent=837"}],"wp:term":[{"taxonomy":"post_tag","embeddable":true,"href":"https:\/\/www.blackjackinfo.com\/de\/wp-json\/wp\/v2\/tags?post=837"}],"curies":[{"name":"wp","href":"https:\/\/api.w.org\/{rel}","templated":true}]}}