{"id":875,"date":"2014-10-22T12:30:01","date_gmt":"2014-10-22T17:30:01","guid":{"rendered":"http:\/\/test.blackjackinfo.com\/?page_id=875"},"modified":"2018-06-22T02:31:04","modified_gmt":"2018-06-22T07:31:04","slug":"anweisungen-fur-grundlegende-strategiekarten","status":"publish","type":"page","link":"https:\/\/www.blackjackinfo.com\/de\/card\/basic-strategy-card-instructions\/","title":{"rendered":"Blackjack Grundstrategie Karte Anweisungen"},"content":{"rendered":"<p><img loading=\"lazy\" decoding=\"async\" src=\"\/files\/SixCards-300x198.jpg\" alt=\"Set of Six Cards\" width=\"300\" height=\"198\" class=\"alignright size-full wp-image-878\" data-no-auto-translation=\"\" \/><\/p>\n<p class=\"intro\">Blackjack-Strategiekarten im Brieftaschenformat, die speziell f\u00fcr jedes Regelwerk zugeschnitten sind. Erh\u00e4ltlich einzeln oder in einem Set mit allen sechs Karten.<\/p>\n<p>Die <a href=\"http:\/\/www.amazon.com\/dp\/098211916X\/?tag=theblackjacbasic\">komplettes 6-Karten-Set<\/a> umfasst:<\/p>\n<ul>\n<li><a href=\"http:\/\/www.amazon.com\/dp\/0982119100\/?tag=theblackjacbasic\">1 Deck, Dealer bleibt bei allen 17ern stehen<\/a><\/li>\n<li><a href=\"http:\/\/www.amazon.com\/dp\/0982119119\/?tag=theblackjacbasic\">1 Deck, Dealer trifft Soft 17<\/a><\/li>\n<li><a href=\"http:\/\/www.amazon.com\/dp\/0982119127\/?tag=theblackjacbasic\">2 Decks, Dealer bleibt bei allen 17ern stehen<\/a><\/li>\n<li><a href=\"http:\/\/www.amazon.com\/dp\/0982119135\/?tag=theblackjacbasic\">2 Decks, Dealer trifft Soft 17<\/a><\/li>\n<li><a href=\"http:\/\/www.amazon.com\/dp\/0982119143\/?tag=theblackjacbasic\">4\/6\/8 Decks, Geber bleibt bei allen 17ern stehen<\/a><\/li>\n<li><a href=\"http:\/\/www.amazon.com\/dp\/0982119151\/?tag=theblackjacbasic\">4\/6\/8 Decks, Dealer trifft Soft 17<\/a><\/li>\n<\/ul>\n<ul>\n<li>Jede Karte bietet eine perfekte Grundstrategie von BlackjackInfo.com<\/li>\n<li>Kleine Karten im Kreditkartenformat f\u00fcr den einfachen Einsatz am Casinotisch.<\/li>\n<li>Solider Kunststoff f\u00fcr lange Haltbarkeit, klein genug, um in die Brieftasche zu passen.<\/li>\n<\/ul>\n<p>Ebenfalls hier erh\u00e4ltlich sind die <a href=\"\/card\/advanced-strategy-card-instructions\/\">Erweiterte Strategiekarten<\/a>die auch die Z\u00e4hlung von Karteikartennummern umfassen.<\/p>\n<hr>\n<h2>Anweisungen:<\/h2>\n<div style=\"border: 1px solid black; margin: 15px 0; padding: 10px;\" class=\"clearfix\">\n<h3>Schritt 1: W\u00e4hlen Sie die richtige Strategiekarte.<\/h3>\n<p><img loading=\"lazy\" decoding=\"async\" src=\"\/files\/2dh17.gif\" alt=\"2dh17\" width=\"300\" height=\"458\" class=\"alignright size-full wp-image-849\" data-no-auto-translation=\"\" \/><\/p>\n<p>        <b>Anzahl der Decks:<\/b><br \/>\n        Stellen Sie fest, wie viele Decks bei dem Spiel, das Sie spielen, verwendet werden.  Wenn Sie sich nicht sicher sind, fragen Sie einfach den Dealer.<\/p>\n<p>        Unsere Strategiekarten gibt es in den Versionen 1 Deck, 2 Deck und 4\/6\/8 Deck.  Verwenden Sie die 4\/6\/8-Deck-Tabelle f\u00fcr jede Anzahl von Decks \u00fcber zwei. Einige Spiele mit kontinuierlichem Mischen verwenden zum Beispiel 5 Kartendecks.<\/p>\n<p>        <b>Dealer trifft oder bleibt bei Soft 17 stehen?<\/b><br \/>\n        Einige Casinos bieten Spiele an, bei denen der Geber bei allen 17ern stehen bleiben muss, w\u00e4hrend bei anderen der Geber eine weitere Karte nehmen muss, wenn er eine \"weiche 17\" hat. Der Filz auf dem Tisch sollte entweder die Aufschrift \"Dealer Stands on All 17s\" oder \"Dealer Hits Soft 17\" enthalten.  Verwenden Sie diese Informationen, um die richtige Strategiekarte zu w\u00e4hlen.<\/p>\n<blockquote><p><b>Was ist eine weiche 17?<\/b>  Ein \"weiches\" Blatt ist ein Blatt, das ein Ass enth\u00e4lt und nicht \u00fcberkauft werden kann, wenn Sie eine weitere Karte nehmen.  Ein Blatt mit (Ass, 6) ist eine weiche 17.<br \/>\n          Ein Blatt von (3,Ass,3) ist ebenfalls eine weiche 17.  Die Hand (3,Zehn,Ass,3) ist jedoch keine weiche 17, obwohl sie ein Ass enth\u00e4lt.\n          <\/p><\/blockquote>\n<p>        F\u00fcr unser Beispiel nehmen wir an, dass Sie ein Spiel mit 2 Karten spielen und die Aufschrift auf dem Tisch angibt, dass der Dealer eine weiche 17 trifft.\n<\/p><\/div>\n<div style=\"border: 1px solid black; margin: 15px 0; padding: 10px;\" class=\"clearfix\">\n<h3>Schritt 2: Suchen Sie die Zeile f\u00fcr Ihre Hand auf der Karte.<\/h3>\n<p><a class=\"alignright\" href=\"\/files\/hard12.gif\"><img loading=\"lazy\" decoding=\"async\" src=\"\/files\/hard12.gif\" alt=\"hard12\" width=\"300\" height=\"458\" class=\"alignnone size-full wp-image-889\" data-no-auto-translation=\"\" \/><\/a><br \/>\n        Wenn Sie einmal die richtige Strategiekarte ausgew\u00e4hlt haben, k\u00f6nnen Sie sie immer dann zu Rate ziehen, wenn Sie auf ein Blatt sto\u00dfen, bei dem Sie sich \u00fcber die beste Strategie nicht sicher sind.  Jede Karte ist in drei gro\u00dfe Abschnitte unterteilt.  Auf der Vorderseite der Karte finden Sie Abschnitte f\u00fcr harte und weiche Gesamtbl\u00e4tter, die keine Paare sind.  Auf der R\u00fcckseite der Karte finden Sie vollst\u00e4ndige Ratschl\u00e4ge f\u00fcr das Spielen von H\u00e4nden, die Paare sind.<\/p>\n<p>        Wenn Ihr Zwei-Karten-Blatt ein Paar aus zwei Karten desselben Werts ist, lesen Sie den Abschnitt \"Paare\" auf der R\u00fcckseite der Karte.  Wenn Ihr Zwei-Karten-Blatt ein Ass enth\u00e4lt, sehen Sie auf der Vorderseite der Karte im Abschnitt \"Weiche Summen\" nach.  Wenn Ihr Zwei-Karten-Blatt kein Ass enth\u00e4lt, finden Sie Ihre Handsumme unter \"Hard Totals\".  Suchen Sie in jedem Fall die Zeile, die Ihrem Blatt entspricht.<\/p>\n<p>        Nehmen wir zum Beispiel an, Sie erhalten das Blatt (9,3) und der Geber zeigt eine Drei auf.  Da Ihr Blatt kein Paar ist und kein Ass enth\u00e4lt, finden Sie Ihre Gesamtsumme (9+3 = 12) im Abschnitt \"Hard Totals\", wie hier angegeben.\n<\/p><\/div>\n<div style=\"border: 1px solid black; margin: 15px 0; padding: 10px;\" class=\"clearfix\">\n<h3>Schritt 3: Finden Sie die Upcard-Spalte des Dealers.<\/h3>\n<p><img loading=\"lazy\" decoding=\"async\" src=\"\/files\/dealer3.gif\" alt=\"Dealer Upcard of 3\" width=\"300\" height=\"458\" class=\"alignright size-full wp-image-893\" data-no-auto-translation=\"\" \/><br \/>\n        Suchen Sie nun die offene Karte des Dealers, um herauszufinden, welche Spalte Sie verwenden sollten.  In unserem Beispiel hat der Geber eine Drei aufgedeckt.  Aufgedeckte Karten des Gebers mit Ass werden als \"A\" auf den Karten angezeigt.  Aufgedeckte Zehner-, Buben-, Damen- und K\u00f6nigskarten des Gebers werden alle als Zehner behandelt, was auf unseren Karten mit einem \"T\" angezeigt wird.<\/p>\n<p>        Unser Beispiel ist, dass der Dealer eine Drei als Upcard hat.\n<\/p><\/div>\n<div style=\"border: 1px solid black; margin: 15px 0; padding: 10px;\" class=\"clearfix\">\n<h3>Schritt 4: Ermitteln Sie die Strategie an der Kreuzung.<\/h3>\n<p><img loading=\"lazy\" decoding=\"async\" src=\"\/files\/93v3.gif\" alt=\"(9,3) vs 3\" width=\"300\" height=\"458\" class=\"alignright size-full wp-image-896\" data-no-auto-translation=\"\" \/><br \/>\n        Nachdem Sie nun die entsprechende Zeile (Ihr Blatt) und Spalte (die offene Karte des Gebers) gefunden haben, erscheint an der Kreuzung die entsprechende Strategie.<\/p>\n<p>        F\u00fcr unser Beispielblatt (9,3) gegen eine Dealer 3, das ist hier:<\/p>\n<p>        Es gibt viele verschiedene m\u00f6gliche Werte, die auf dem Strategiediagramm angezeigt werden, daher werden wir uns jede m\u00f6gliche Schreibweise ansehen:<br \/>\n<img loading=\"lazy\" decoding=\"async\" src=\"\/files\/strategykey.gif\" alt=\"Strategy Key\" width=\"307\" height=\"210\" class=\"size-full wp-image-897\" data-no-auto-translation=\"\" \/><\/p>\n<ul>\n<li><b>Hit<\/b>: Schlagen Sie Ihre Hand (fragen Sie nach einer weiteren Karte).<\/li>\n<li><b>Stand<\/b>: Stehen Sie und behalten Sie Ihre aktuelle Hand.<\/li>\n<li><b>Doppelter<\/b>: Double Down (Sie verdoppeln Ihren urspr\u00fcnglichen Einsatz und erhalten eine weitere Karte).<br \/>\n           Beachten Sie die beiden Varianten D und DS, die angeben, was zu tun ist, wenn eine Verdoppelung nicht zul\u00e4ssig ist.<\/li>\n<li><b>Aufgeben<\/b>: Geben Sie auf und falten Sie Ihr Blatt, um die H\u00e4lfte Ihres Einsatzes zur\u00fcckzubekommen.<\/li>\n<li><b>Teilen<\/b>: Teilen Sie Ihre beiden Anfangskarten desselben Ranges, um zwei getrennte H\u00e4nde zu bilden.<br \/>\n           Beachten Sie, dass einige Splits nur dann sinnvoll sind, wenn Double After Splitting (DAS) erlaubt ist.<br \/>\n           (Neuere Drucke der Karten haben getrennte Tabellen f\u00fcr DAS und No DAS, was dies noch einfacher macht).<\/li>\n<\/ul>\n<\/div>\n<h3><a href=\"http:\/\/www.amazon.com\/dp\/098211916X\/?tag=theblackjacbasic\">Kaufen Sie jetzt ein Set der Basic Strategy Cards.<\/a><\/h3>\n<hr>\n<p>Sind Sie bereit, Ihr Spiel auf die n\u00e4chste Stufe zu heben?  Schauen Sie sich unser <a href=\"\/card\/advanced-strategy-card-instructions\/\">Fortgeschrittene Blackjack-Strategiekarten<\/a>die eine optimale Hi-Lo-Karte mit Z\u00e4hlungsindexzahlen direkt auf der Karte enthalten.<\/p>","protected":false},"excerpt":{"rendered":"<p>Wallet-size blackjack strategy cards tailored specifically for each set of rules. Available individually, or in a set of all six. The full 6-card set includes: 1 Deck, Dealer Stands on all 17s 1 Deck, Dealer Hits Soft 17 2 Decks, Dealer Stands on all 17s 2 Decks, Dealer Hits Soft 17 4\/6\/8 Decks, Dealer Stands [&hellip;]<\/p>\n","protected":false},"author":2,"featured_media":0,"parent":837,"menu_order":0,"comment_status":"open","ping_status":"closed","template":"","meta":{"_acf_changed":false,"footnotes":""},"tags":[],"class_list":["post-875","page","type-page","status-publish","hentry"],"acf":[],"yoast_head":"<!-- This site is optimized with the Yoast SEO plugin v26.6 - https:\/\/yoast.com\/wordpress\/plugins\/seo\/ -->\n<title>Blackjack Basic Strategy Card Instructions<\/title>\n<meta name=\"description\" content=\"Our credit-card-sized blackjack strategy cards are durable solid plastic, and offer optimized strategies for six different sets of casino rules.\" \/>\n<meta name=\"robots\" content=\"index, follow, max-snippet:-1, max-image-preview:large, max-video-preview:-1\" \/>\n<link rel=\"canonical\" href=\"https:\/\/www.blackjackinfo.com\/de\/karte\/anweisungen-fur-grundlegende-strategiekarten\/\" \/>\n<meta property=\"og:locale\" content=\"de_DE\" \/>\n<meta property=\"og:type\" content=\"article\" \/>\n<meta property=\"og:title\" content=\"Blackjack Basic Strategy Card Instructions\" \/>\n<meta property=\"og:description\" content=\"Our credit-card-sized blackjack strategy cards are durable solid plastic, and offer optimized strategies for six different sets of casino rules.\" \/>\n<meta property=\"og:url\" content=\"https:\/\/www.blackjackinfo.com\/de\/karte\/anweisungen-fur-grundlegende-strategiekarten\/\" \/>\n<meta property=\"og:site_name\" content=\"BlackjackInfo.com\" \/>\n<meta property=\"article:modified_time\" content=\"2018-06-22T07:31:04+00:00\" \/>\n<meta name=\"twitter:label1\" content=\"Gesch\u00e4tzte Lesezeit\" \/>\n\t<meta name=\"twitter:data1\" content=\"4\u00a0Minuten\" \/>\n<script type=\"application\/ld+json\" class=\"yoast-schema-graph\">{\"@context\":\"https:\/\/schema.org\",\"@graph\":[{\"@type\":\"WebPage\",\"@id\":\"https:\/\/www.blackjackinfo.com\/card\/basic-strategy-card-instructions\/\",\"url\":\"https:\/\/www.blackjackinfo.com\/card\/basic-strategy-card-instructions\/\",\"name\":\"Blackjack Basic Strategy Card Instructions\",\"isPartOf\":{\"@id\":\"https:\/\/www.blackjackinfo.com\/#website\"},\"datePublished\":\"2014-10-22T17:30:01+00:00\",\"dateModified\":\"2018-06-22T07:31:04+00:00\",\"description\":\"Our credit-card-sized blackjack strategy cards are durable solid plastic, and offer optimized strategies for six different sets of casino rules.\",\"breadcrumb\":{\"@id\":\"https:\/\/www.blackjackinfo.com\/card\/basic-strategy-card-instructions\/#breadcrumb\"},\"inLanguage\":\"de\",\"potentialAction\":[{\"@type\":\"ReadAction\",\"target\":[\"https:\/\/www.blackjackinfo.com\/card\/basic-strategy-card-instructions\/\"]}]},{\"@type\":\"BreadcrumbList\",\"@id\":\"https:\/\/www.blackjackinfo.com\/card\/basic-strategy-card-instructions\/#breadcrumb\",\"itemListElement\":[{\"@type\":\"ListItem\",\"position\":1,\"name\":\"Home\",\"item\":\"https:\/\/www.blackjackinfo.com\/\"},{\"@type\":\"ListItem\",\"position\":2,\"name\":\"Blackjack Strategy Cards, Basic and Advanced\",\"item\":\"https:\/\/www.blackjackinfo.com\/card\/\"},{\"@type\":\"ListItem\",\"position\":3,\"name\":\"Blackjack Basic Strategy Card Instructions\"}]},{\"@type\":\"WebSite\",\"@id\":\"https:\/\/www.blackjackinfo.com\/#website\",\"url\":\"https:\/\/www.blackjackinfo.com\/\",\"name\":\"BlackjackInfo.com\",\"description\":\"Because Winning is More Fun!\",\"potentialAction\":[{\"@type\":\"SearchAction\",\"target\":{\"@type\":\"EntryPoint\",\"urlTemplate\":\"https:\/\/www.blackjackinfo.com\/?s={search_term_string}\"},\"query-input\":{\"@type\":\"PropertyValueSpecification\",\"valueRequired\":true,\"valueName\":\"search_term_string\"}}],\"inLanguage\":\"de\"}]}<\/script>\n<!-- \/ Yoast SEO plugin. -->","yoast_head_json":{"title":"Blackjack Grundstrategie Karte Anweisungen","description":"Unsere kreditkartengro\u00dfen Blackjack-Strategiekarten bestehen aus strapazierf\u00e4higem, festem Kunststoff und bieten optimierte Strategien f\u00fcr sechs verschiedene Casino-Regelwerke.","robots":{"index":"index","follow":"follow","max-snippet":"max-snippet:-1","max-image-preview":"max-image-preview:large","max-video-preview":"max-video-preview:-1"},"canonical":"https:\/\/www.blackjackinfo.com\/de\/karte\/anweisungen-fur-grundlegende-strategiekarten\/","og_locale":"de_DE","og_type":"article","og_title":"Blackjack Basic Strategy Card Instructions","og_description":"Our credit-card-sized blackjack strategy cards are durable solid plastic, and offer optimized strategies for six different sets of casino rules.","og_url":"https:\/\/www.blackjackinfo.com\/de\/karte\/anweisungen-fur-grundlegende-strategiekarten\/","og_site_name":"BlackjackInfo.com","article_modified_time":"2018-06-22T07:31:04+00:00","twitter_misc":{"Gesch\u00e4tzte Lesezeit":"4\u00a0Minuten"},"schema":{"@context":"https:\/\/schema.org","@graph":[{"@type":"WebPage","@id":"https:\/\/www.blackjackinfo.com\/card\/basic-strategy-card-instructions\/","url":"https:\/\/www.blackjackinfo.com\/card\/basic-strategy-card-instructions\/","name":"Blackjack Grundstrategie Karte Anweisungen","isPartOf":{"@id":"https:\/\/www.blackjackinfo.com\/#website"},"datePublished":"2014-10-22T17:30:01+00:00","dateModified":"2018-06-22T07:31:04+00:00","description":"Unsere kreditkartengro\u00dfen Blackjack-Strategiekarten bestehen aus strapazierf\u00e4higem, festem Kunststoff und bieten optimierte Strategien f\u00fcr sechs verschiedene Casino-Regelwerke.","breadcrumb":{"@id":"https:\/\/www.blackjackinfo.com\/card\/basic-strategy-card-instructions\/#breadcrumb"},"inLanguage":"de","potentialAction":[{"@type":"ReadAction","target":["https:\/\/www.blackjackinfo.com\/card\/basic-strategy-card-instructions\/"]}]},{"@type":"BreadcrumbList","@id":"https:\/\/www.blackjackinfo.com\/card\/basic-strategy-card-instructions\/#breadcrumb","itemListElement":[{"@type":"ListItem","position":1,"name":"Home","item":"https:\/\/www.blackjackinfo.com\/"},{"@type":"ListItem","position":2,"name":"Blackjack Strategy Cards, Basic and Advanced","item":"https:\/\/www.blackjackinfo.com\/card\/"},{"@type":"ListItem","position":3,"name":"Blackjack Basic Strategy Card Instructions"}]},{"@type":"WebSite","@id":"https:\/\/www.blackjackinfo.com\/#website","url":"https:\/\/www.blackjackinfo.com\/","name":"BlackjackInfo.de","description":"Denn Gewinnen macht mehr Spa\u00df!","potentialAction":[{"@type":"SearchAction","target":{"@type":"EntryPoint","urlTemplate":"https:\/\/www.blackjackinfo.com\/?s={search_term_string}"},"query-input":{"@type":"PropertyValueSpecification","valueRequired":true,"valueName":"search_term_string"}}],"inLanguage":"de"}]}},"_links":{"self":[{"href":"https:\/\/www.blackjackinfo.com\/de\/wp-json\/wp\/v2\/pages\/875","targetHints":{"allow":["GET"]}}],"collection":[{"href":"https:\/\/www.blackjackinfo.com\/de\/wp-json\/wp\/v2\/pages"}],"about":[{"href":"https:\/\/www.blackjackinfo.com\/de\/wp-json\/wp\/v2\/types\/page"}],"author":[{"embeddable":true,"href":"https:\/\/www.blackjackinfo.com\/de\/wp-json\/wp\/v2\/users\/2"}],"replies":[{"embeddable":true,"href":"https:\/\/www.blackjackinfo.com\/de\/wp-json\/wp\/v2\/comments?post=875"}],"version-history":[{"count":26,"href":"https:\/\/www.blackjackinfo.com\/de\/wp-json\/wp\/v2\/pages\/875\/revisions"}],"predecessor-version":[{"id":1763,"href":"https:\/\/www.blackjackinfo.com\/de\/wp-json\/wp\/v2\/pages\/875\/revisions\/1763"}],"up":[{"embeddable":true,"href":"https:\/\/www.blackjackinfo.com\/de\/wp-json\/wp\/v2\/pages\/837"}],"wp:attachment":[{"href":"https:\/\/www.blackjackinfo.com\/de\/wp-json\/wp\/v2\/media?parent=875"}],"wp:term":[{"taxonomy":"post_tag","embeddable":true,"href":"https:\/\/www.blackjackinfo.com\/de\/wp-json\/wp\/v2\/tags?post=875"}],"curies":[{"name":"wp","href":"https:\/\/api.w.org\/{rel}","templated":true}]}}