{"id":8853,"date":"2025-06-26T04:36:59","date_gmt":"2025-06-26T09:36:59","guid":{"rendered":"https:\/\/www.blackjackinfo.com\/?page_id=8853"},"modified":"2025-06-26T04:37:00","modified_gmt":"2025-06-26T09:37:00","slug":"blackjack-strategy-trainer-app-datenschutzbestimmungen","status":"publish","type":"page","link":"https:\/\/www.blackjackinfo.com\/de\/blackjack-strategy-trainer-app-privacy-policy\/","title":{"rendered":"Blackjack Strategy Trainer App Datenschutzbestimmungen"},"content":{"rendered":"<p>Diese Datenschutzrichtlinie beschreibt, wie Blackjack Strategy Trainer (\"wir\", \"unser\" oder \"uns\") mit Informationen umgeht, wenn Sie unsere mobile<br>Anwendung.<\/p>\n\n\n\n<h2 class=\"wp-block-heading\">Informationen, die wir nicht sammeln<\/h2>\n\n\n\n<p>Blackjack Strategy Trainer sammelt, \u00fcbermittelt oder speichert keine pers\u00f6nlichen Daten von Benutzern. Wir verlangen keine Kontoerstellung,<br>Anmeldedaten oder andere pers\u00f6nliche Daten zur Nutzung der App.<\/p>\n\n\n\n<h2 class=\"wp-block-heading\">Lokale Datenspeicherung<\/h2>\n\n\n\n<p>Die App speichert die folgenden Informationen nur lokal auf Ihrem Ger\u00e4t:<br>- Spielstatistiken (gespielte Bl\u00e4tter, Trefferquote)<br>- Pr\u00e4ferenzen f\u00fcr Tabellenregeln<br>- App-Einstellungen und Pr\u00e4ferenzen<\/p>\n\n\n\n<p>Diese Daten verlassen niemals Ihr Ger\u00e4t und werden weder an unsere Server noch an Dritte \u00fcbermittelt.<\/p>\n\n\n\n<h2 class=\"wp-block-heading\">Keine Verfolgung oder Analyse<\/h2>\n\n\n\n<p>Wir verwenden keine Tracking-Technologien, Analysedienste oder Werbenetzwerke, die Nutzerdaten sammeln w\u00fcrden.<\/p>\n\n\n\n<h2 class=\"wp-block-heading\">Externe Links<\/h2>\n\n\n\n<p>Die App kann Links zu externen Websites (wie BlackjackInfo.com) enthalten. Diese Datenschutzrichtlinie gilt nicht f\u00fcr diese externen Websites.<br>Bitte lesen Sie die jeweiligen Datenschutzrichtlinien.<\/p>\n\n\n\n<h2 class=\"wp-block-heading\">Datenschutz f\u00fcr Kinder<\/h2>\n\n\n\n<p>Diese App ist nicht f\u00fcr Kinder unter 13 Jahren gedacht, und wir sammeln nicht wissentlich Daten von Kindern unter 13 Jahren.<\/p>\n\n\n\n<h2 class=\"wp-block-heading\">\u00c4nderungen an dieser Politik<\/h2>\n\n\n\n<p>Wir k\u00f6nnen diese Datenschutzrichtlinie von Zeit zu Zeit aktualisieren. Alle \u00c4nderungen werden in der App und auf unserer Website ver\u00f6ffentlicht.<\/p>\n\n\n\n<h2 class=\"wp-block-heading\">Kontakt<\/h2>\n\n\n\n<p>Wenn Sie Fragen zu dieser Datenschutzrichtlinie haben, wenden Sie sich bitte an uns <a href=\"https:\/\/www.blackjackinfo.com\/contact-us\/\">hier<\/a>.<\/p>","protected":false},"excerpt":{"rendered":"<p>This Privacy Policy describes how Blackjack Strategy Trainer (&#8220;we,&#8221; &#8220;our,&#8221; or &#8220;us&#8221;) handles information when you use our mobileapplication. Information We Do Not Collect Blackjack Strategy Trainer does not collect, transmit, or store any personal information from users. We do not require account creation,login credentials, or any personal data to use the app. Local Data [&hellip;]<\/p>\n","protected":false},"author":4,"featured_media":0,"parent":0,"menu_order":0,"comment_status":"closed","ping_status":"closed","template":"","meta":{"_acf_changed":false,"footnotes":""},"tags":[],"class_list":["post-8853","page","type-page","status-publish","hentry"],"acf":[],"yoast_head":"<!-- This site is optimized with the Yoast SEO plugin v26.6 - https:\/\/yoast.com\/wordpress\/plugins\/seo\/ -->\n<title>Blackjack Strategy Trainer App Privacy Policy<\/title>\n<meta name=\"description\" content=\"This Privacy Policy describes how Blackjack Strategy Trainer (&quot;we,&quot; &quot;our,&quot; or &quot;us&quot;) handles information when you use our mobileapplication. Information We\" \/>\n<meta name=\"robots\" content=\"index, follow, max-snippet:-1, max-image-preview:large, max-video-preview:-1\" \/>\n<link rel=\"canonical\" href=\"https:\/\/www.blackjackinfo.com\/de\/blackjack-strategy-trainer-app-datenschutzbestimmungen\/\" \/>\n<meta property=\"og:locale\" content=\"de_DE\" \/>\n<meta property=\"og:type\" content=\"article\" \/>\n<meta property=\"og:title\" content=\"Blackjack Strategy Trainer App Privacy Policy\" \/>\n<meta property=\"og:description\" content=\"This Privacy Policy describes how Blackjack Strategy Trainer (&quot;we,&quot; &quot;our,&quot; or &quot;us&quot;) handles information when you use our mobileapplication. Information We\" \/>\n<meta property=\"og:url\" content=\"https:\/\/www.blackjackinfo.com\/de\/blackjack-strategy-trainer-app-datenschutzbestimmungen\/\" \/>\n<meta property=\"og:site_name\" content=\"BlackjackInfo.com\" \/>\n<meta property=\"article:modified_time\" content=\"2025-06-26T09:37:00+00:00\" \/>\n<meta name=\"twitter:label1\" content=\"Gesch\u00e4tzte Lesezeit\" \/>\n\t<meta name=\"twitter:data1\" content=\"1\u00a0Minute\" \/>\n<script type=\"application\/ld+json\" class=\"yoast-schema-graph\">{\"@context\":\"https:\/\/schema.org\",\"@graph\":[{\"@type\":\"WebPage\",\"@id\":\"https:\/\/www.blackjackinfo.com\/blackjack-strategy-trainer-app-privacy-policy\/\",\"url\":\"https:\/\/www.blackjackinfo.com\/blackjack-strategy-trainer-app-privacy-policy\/\",\"name\":\"Blackjack Strategy Trainer App Privacy Policy\",\"isPartOf\":{\"@id\":\"https:\/\/www.blackjackinfo.com\/#website\"},\"datePublished\":\"2025-06-26T09:36:59+00:00\",\"dateModified\":\"2025-06-26T09:37:00+00:00\",\"description\":\"This Privacy Policy describes how Blackjack Strategy Trainer (\\\"we,\\\" \\\"our,\\\" or \\\"us\\\") handles information when you use our mobileapplication. Information We\",\"breadcrumb\":{\"@id\":\"https:\/\/www.blackjackinfo.com\/blackjack-strategy-trainer-app-privacy-policy\/#breadcrumb\"},\"inLanguage\":\"de\",\"potentialAction\":[{\"@type\":\"ReadAction\",\"target\":[\"https:\/\/www.blackjackinfo.com\/blackjack-strategy-trainer-app-privacy-policy\/\"]}]},{\"@type\":\"BreadcrumbList\",\"@id\":\"https:\/\/www.blackjackinfo.com\/blackjack-strategy-trainer-app-privacy-policy\/#breadcrumb\",\"itemListElement\":[{\"@type\":\"ListItem\",\"position\":1,\"name\":\"Home\",\"item\":\"https:\/\/www.blackjackinfo.com\/\"},{\"@type\":\"ListItem\",\"position\":2,\"name\":\"Blackjack Strategy Trainer App Privacy Policy\"}]},{\"@type\":\"WebSite\",\"@id\":\"https:\/\/www.blackjackinfo.com\/#website\",\"url\":\"https:\/\/www.blackjackinfo.com\/\",\"name\":\"BlackjackInfo.com\",\"description\":\"Because Winning is More Fun!\",\"potentialAction\":[{\"@type\":\"SearchAction\",\"target\":{\"@type\":\"EntryPoint\",\"urlTemplate\":\"https:\/\/www.blackjackinfo.com\/?s={search_term_string}\"},\"query-input\":{\"@type\":\"PropertyValueSpecification\",\"valueRequired\":true,\"valueName\":\"search_term_string\"}}],\"inLanguage\":\"de\"}]}<\/script>\n<!-- \/ Yoast SEO plugin. -->","yoast_head_json":{"title":"Blackjack Strategy Trainer App Datenschutzbestimmungen","description":"Diese Datenschutzrichtlinie beschreibt, wie Blackjack Strategy Trainer (\"wir\", \"unser\" oder \"uns\") mit Informationen umgeht, wenn Sie unsere Mobilanwendung nutzen. Informationen Wir","robots":{"index":"index","follow":"follow","max-snippet":"max-snippet:-1","max-image-preview":"max-image-preview:large","max-video-preview":"max-video-preview:-1"},"canonical":"https:\/\/www.blackjackinfo.com\/de\/blackjack-strategy-trainer-app-datenschutzbestimmungen\/","og_locale":"de_DE","og_type":"article","og_title":"Blackjack Strategy Trainer App Privacy Policy","og_description":"This Privacy Policy describes how Blackjack Strategy Trainer (\"we,\" \"our,\" or \"us\") handles information when you use our mobileapplication. Information We","og_url":"https:\/\/www.blackjackinfo.com\/de\/blackjack-strategy-trainer-app-datenschutzbestimmungen\/","og_site_name":"BlackjackInfo.com","article_modified_time":"2025-06-26T09:37:00+00:00","twitter_misc":{"Gesch\u00e4tzte Lesezeit":"1\u00a0Minute"},"schema":{"@context":"https:\/\/schema.org","@graph":[{"@type":"WebPage","@id":"https:\/\/www.blackjackinfo.com\/blackjack-strategy-trainer-app-privacy-policy\/","url":"https:\/\/www.blackjackinfo.com\/blackjack-strategy-trainer-app-privacy-policy\/","name":"Blackjack Strategy Trainer App Datenschutzbestimmungen","isPartOf":{"@id":"https:\/\/www.blackjackinfo.com\/#website"},"datePublished":"2025-06-26T09:36:59+00:00","dateModified":"2025-06-26T09:37:00+00:00","description":"Diese Datenschutzrichtlinie beschreibt, wie Blackjack Strategy Trainer (\"wir\", \"unser\" oder \"uns\") mit Informationen umgeht, wenn Sie unsere Mobilanwendung nutzen. Informationen Wir","breadcrumb":{"@id":"https:\/\/www.blackjackinfo.com\/blackjack-strategy-trainer-app-privacy-policy\/#breadcrumb"},"inLanguage":"de","potentialAction":[{"@type":"ReadAction","target":["https:\/\/www.blackjackinfo.com\/blackjack-strategy-trainer-app-privacy-policy\/"]}]},{"@type":"BreadcrumbList","@id":"https:\/\/www.blackjackinfo.com\/blackjack-strategy-trainer-app-privacy-policy\/#breadcrumb","itemListElement":[{"@type":"ListItem","position":1,"name":"Home","item":"https:\/\/www.blackjackinfo.com\/"},{"@type":"ListItem","position":2,"name":"Blackjack Strategy Trainer App Privacy Policy"}]},{"@type":"WebSite","@id":"https:\/\/www.blackjackinfo.com\/#website","url":"https:\/\/www.blackjackinfo.com\/","name":"BlackjackInfo.de","description":"Denn Gewinnen macht mehr Spa\u00df!","potentialAction":[{"@type":"SearchAction","target":{"@type":"EntryPoint","urlTemplate":"https:\/\/www.blackjackinfo.com\/?s={search_term_string}"},"query-input":{"@type":"PropertyValueSpecification","valueRequired":true,"valueName":"search_term_string"}}],"inLanguage":"de"}]}},"_links":{"self":[{"href":"https:\/\/www.blackjackinfo.com\/de\/wp-json\/wp\/v2\/pages\/8853","targetHints":{"allow":["GET"]}}],"collection":[{"href":"https:\/\/www.blackjackinfo.com\/de\/wp-json\/wp\/v2\/pages"}],"about":[{"href":"https:\/\/www.blackjackinfo.com\/de\/wp-json\/wp\/v2\/types\/page"}],"author":[{"embeddable":true,"href":"https:\/\/www.blackjackinfo.com\/de\/wp-json\/wp\/v2\/users\/4"}],"replies":[{"embeddable":true,"href":"https:\/\/www.blackjackinfo.com\/de\/wp-json\/wp\/v2\/comments?post=8853"}],"version-history":[{"count":1,"href":"https:\/\/www.blackjackinfo.com\/de\/wp-json\/wp\/v2\/pages\/8853\/revisions"}],"predecessor-version":[{"id":8854,"href":"https:\/\/www.blackjackinfo.com\/de\/wp-json\/wp\/v2\/pages\/8853\/revisions\/8854"}],"wp:attachment":[{"href":"https:\/\/www.blackjackinfo.com\/de\/wp-json\/wp\/v2\/media?parent=8853"}],"wp:term":[{"taxonomy":"post_tag","embeddable":true,"href":"https:\/\/www.blackjackinfo.com\/de\/wp-json\/wp\/v2\/tags?post=8853"}],"curies":[{"name":"wp","href":"https:\/\/api.w.org\/{rel}","templated":true}]}}