{"id":908,"date":"2014-10-22T14:31:10","date_gmt":"2014-10-22T19:31:10","guid":{"rendered":"http:\/\/test.blackjackinfo.com\/?page_id=908"},"modified":"2018-06-22T02:30:53","modified_gmt":"2018-06-22T07:30:53","slug":"anweisungen-fur-fortgeschrittene-strategiekarten","status":"publish","type":"page","link":"https:\/\/www.blackjackinfo.com\/de\/card\/advanced-strategy-card-instructions\/","title":{"rendered":"Anweisungen f\u00fcr fortgeschrittene Strategiekarten"},"content":{"rendered":"<p><a href=\"\/files\/blackjack-advanced-strategy-cards-cover-221x336.jpg\"><img loading=\"lazy\" decoding=\"async\" src=\"\/files\/blackjack-advanced-strategy-cards-cover-221x336.jpg\" alt=\"Blackjack Advanced Strategy Cards\" width=\"221\" height=\"336\" class=\"alignright size-full wp-image-871\" srcset=\"https:\/\/www.blackjackinfo.com\/files\/blackjack-advanced-strategy-cards-cover-221x336.jpg 221w, https:\/\/www.blackjackinfo.com\/files\/blackjack-advanced-strategy-cards-cover-221x336-197x300.jpg 197w\" sizes=\"auto, (max-width: 221px) 100vw, 221px\" data-no-auto-translation=\"\" \/><\/a><\/p>\n<p class=\"intro\">Die innovativen Blackjack-Strategiekarten f\u00fcr Fortgeschrittene von BlackjackInfo bieten zum ersten Mal eine Kombination aus den bestm\u00f6glichen Grundstrategien und <b>optimale Z\u00e4hlung der Karteikartennummern<\/b> direkt auf der Karte.<\/p>\n<p>Die <a href=\"http:\/\/www.amazon.com\/dp\/0982119178\/?tag=theblackjacbasic\">12-Karten-Set<\/a> enth\u00e4lt jeweils zwei Karten f\u00fcr diese Regelvarianten:<\/p>\n<ul>\n<li>1 Deck, Dealer bleibt bei allen 17ern stehen<\/li>\n<li>1 Deck, Dealer trifft Soft 17<\/li>\n<li>2 Decks, Dealer bleibt bei allen 17ern stehen<\/li>\n<li>2 Decks, Dealer trifft Soft 17<\/li>\n<li>4\/6\/8 Decks, Geber bleibt bei allen 17ern stehen<\/li>\n<li>4\/6\/8 Decks, Dealer trifft Soft 17<\/li>\n<\/ul>\n<p>Eine Karte f\u00fcr jede Variante zeigt die Z\u00e4hlindizes der Karten als kleine gedruckte Zahl.  Eine zweite \"geheime\" Version jeder Karte verschl\u00fcsselt die Z\u00e4hlindizes mit einer Reihe von schwarzen Punkten in einem Zifferblattmuster.<\/p>\n<p>Merkmale:<\/p>\n<ul>\n<li>Perfekte Grundstrategie f\u00fcr jedes Spiel<\/li>\n<li>Optimierte Hi-Lo-Karte, die Indexzahlen von -5 bis +5 z\u00e4hlt<\/li>\n<li>Karten im Taschenformat f\u00fcr den einfachen Einsatz am Casinotisch.<\/li>\n<li>Solides Plastik f\u00fcr lange Haltbarkeit, keine billigen laminierten Karten.<\/li>\n<\/ul>\n<h4><a href=\"http:\/\/www.amazon.com\/dp\/0982119178\/?tag=theblackjacbasic\">Kaufen Sie Ihr Set an fortgeschrittenen Blackjack-Strategiekarten, indem Sie hier klicken.<\/a><\/h4>\n<hr>\n<h2 class=\"text-center\">Anweisungen<\/h2>\n<p>Diese Karten enthalten alle grundlegenden Strategieinformationen wie unsere Basic Strategy Card-Produkte.  Eine Erl\u00e4uterung, wie der grundlegende Strategieteil der Karten zu lesen ist, finden Sie in der <a href=\"\/card\/basic-strategy-card-instructions\/\">Anleitung f\u00fcr unsere Basisstrategiekarten<\/a>.<\/p>\n<p>Die vorliegende Anleitung behandelt nur die fortgeschrittenen Funktionen des Kartensatzes, die Hi-Lo-Karte, die Indexzahlen z\u00e4hlt.<\/p>\n<p>F\u00fcr die Benutzer, die bereits wissen, was die Hi-Lo-Indexzahlen bedeuten, beginnen wir mit einer Illustration, wie die Indizes auf den Karten dargestellt werden.  Keine Sorge, ich werde gleich erkl\u00e4ren, wie man die Zahlen verwendet.<\/p>\n<h2 class=\"text-center\">Die numerische Version<\/h4>\n<p>In der numerischen Indexversion jeder Karte ist der Hi-Lo-Kartenz\u00e4hlindex f\u00fcr jede Entscheidung in der unteren rechten Ecke jedes Quadrats aufgedruckt.  Dieser Abschnitt der Karte zeigt zum Beispiel Spielerh\u00e4nde mit einer harten 9 gegen\u00fcber einer Dealer 2 bis 6.<\/p>\n<p><img loading=\"lazy\" decoding=\"async\" style=\"display: block;margin: 0 auto;\" src=\"\/files\/HiLoExample-Numeric.png\" alt=\"Hi Lo Index Example - Numeric\" width=\"531\" height=\"78\" class=\"aligncenter size-full wp-image-913\" srcset=\"https:\/\/www.blackjackinfo.com\/files\/HiLoExample-Numeric.png 531w, https:\/\/www.blackjackinfo.com\/files\/HiLoExample-Numeric-300x44.png 300w\" sizes=\"auto, (max-width: 531px) 100vw, 531px\" data-no-auto-translation=\"\" \/><\/p>\n<p>Bei 9 gegen Dealer 2 ist die Grundstrategie Hit und die Hi-Lo-Indexzahl ist +1. (Das bedeutet, dass Sie verdoppeln sollten, wenn die aktuelle True Count +1 oder h\u00f6her ist, und ansonsten Hit.  Ich werde Ihnen weiter unten genauer erkl\u00e4ren, wie Sie die Zahlen verwenden k\u00f6nnen).<\/p>\n<p>Bei 9 gegen H\u00e4ndler 3, 4 und 5 ist die Grundstrategie zu verdoppeln, und die Indexzahlen sind -1, -3 bzw. -4.<\/p>\n<p>Bei 9 gegen 6 besteht die Grundstrategie darin, zu verdoppeln, und es wird keine Indexzahl angezeigt, da der Index kleiner als -5 w\u00e4re, der niedrigste auf den Karten angezeigte Index.<\/p>\n<h2 class=\"text-center\">Die getarnte Version<\/h2>\n<p>Wenn Sie Bedenken haben, die Karten mit aufgedruckten Indexnummern im Kasino zu verwenden, k\u00f6nnen Sie stattdessen die \"Stealth\"-Version jeder Karte verwenden, bei der die Kartenz\u00e4hlindexnummern mit einer Reihe schwarzer Punkte in einem Zifferblattmuster kodiert sind.<\/p>\n<p>Jeder Index von -5 bis +5 wird durch eine andere Position im Entscheidungsquadrat dargestellt.  Ein schwarzer Punkt oben in der Mitte des Quadrats steht f\u00fcr einen Index von Null.  Wenn Sie sich von Null aus im Uhrzeigersinn bewegen, steigen die Indizes von +1 bis +5.  Wenn Sie sich von Null aus gegen den Uhrzeigersinn bewegen, verringern sich die Indizes von -1 bis -5. Hier ist eine Karte der Indexwerte:<\/p>\n<p><img loading=\"lazy\" decoding=\"async\" style=\"display: block;margin: 0 auto;\" src=\"\/files\/hi-lo-index-encoding.png\" alt=\"Hi-Lo Index Number Encoding\" width=\"384\" height=\"301\" class=\"aligncenter size-full wp-image-915\" srcset=\"https:\/\/www.blackjackinfo.com\/files\/hi-lo-index-encoding.png 384w, https:\/\/www.blackjackinfo.com\/files\/hi-lo-index-encoding-300x235.png 300w\" sizes=\"auto, (max-width: 384px) 100vw, 384px\" data-no-auto-translation=\"\" \/><\/p>\n<p>Hier ist das gleiche Beispiel einer harten 9 gegen eine Dealer 2-6:<\/p>\n<p><img loading=\"lazy\" decoding=\"async\" style=\"display: block;margin: 0 auto;\" src=\"\/files\/HiLoExample-Dots.png\" alt=\"Hi Lo Index Example - Dots\" width=\"531\" height=\"78\" class=\"aligncenter size-full wp-image-916\" srcset=\"https:\/\/www.blackjackinfo.com\/files\/HiLoExample-Dots.png 531w, https:\/\/www.blackjackinfo.com\/files\/HiLoExample-Dots-300x44.png 300w\" sizes=\"auto, (max-width: 531px) 100vw, 531px\" data-no-auto-translation=\"\" \/><\/p>\n<p>Die Indexwerte sind dieselben wie zuvor: +1, -1, -3, -4 und keine.<\/p>\n<p>Diese visuelle Darstellung verbirgt nicht nur die Art der Karten, sondern kann auch als n\u00fctzliche Ged\u00e4chtnisst\u00fctze dienen.<\/p>\n<p>Wenn Sie bereits wissen, wie man Indexnummern mit der Hi-Lo-Z\u00e4hlung verwendet, sind Sie bestens vorbereitet.  F\u00fcr diejenigen unter Ihnen, die Hilfe brauchen, um zu verstehen, was das alles bedeutet, lesen Sie bitte weiter.<\/p>\n<hr>\n<h2 class=\"text-center\">Einf\u00fchrung in das Kartenz\u00e4hlen mit dem Hi-Lo-System<\/h2>\n<p>Beim Kartenz\u00e4hlen wird die Tatsache ausgenutzt, dass kleine Karten f\u00fcr den Spieler schlecht sind, w\u00e4hrend Karten mit zehn Werten und Asse f\u00fcr den Spieler vorteilhaft sind.  Mit der beliebten Hi-Lo-Z\u00e4hlung kann ein Spieler feststellen, ob der verbleibende Kartensatz mehr oder weniger hohe Karten als \u00fcblich enth\u00e4lt.  W\u00e4hrend die Karten im Spiel ausgeteilt werden, f\u00fchrt der Spieler eine laufende Plus\/Minus-Z\u00e4hlung mit den folgenden Kartenwerten durch:<\/p>\n<p>\tDie Kartenwerte 2, 3, 4, 5 und 6 werden gez\u00e4hlt als <b>+1<\/b>.<br \/>\n\tDie Kartenwerte T, J, Q, K und Ass werden als <b>-1<\/b>.<br \/>\n\tDie Kartenwerte 7, 8 und 9 werden ignoriert.<\/p>\n<p>Sie beginnen die Z\u00e4hlung nach jedem Mischen mit einer laufenden Z\u00e4hlung von Null und addieren oder subtrahieren, wenn Karten ausgeteilt oder aufgedeckt werden.<\/p>\n<p>Immer wenn Ihre laufende Z\u00e4hlung positiv ist, hat der verbleibende Stapel mehr hohe Karten als niedrige Karten. (Das ist gut!) Jedes Mal, wenn deine laufende Z\u00e4hlung negativ ist, hat der verbleibende Stapel einen \u00dcberschuss an kleinen Karten.  (Das ist schlecht.)<\/p>\n<p>Bevor Sie die Z\u00e4hlung nutzen k\u00f6nnen, um eine Wett- oder Spielentscheidung zu treffen, gibt es einen weiteren wichtigen Schritt. Sie m\u00fcssen Ihre laufende Z\u00e4hlung in die aktuelle \"wahre\" Z\u00e4hlung umwandeln, indem Sie sie durch die Anzahl der im Schuh verbliebenen ungesehenen Decks teilen.<\/p>\n<p>Eine laufende Z\u00e4hlung von +6 ist viel aussagekr\u00e4ftiger, wenn nur noch ein Deck im Sechs-Deck-Schuh verbleibt, als wenn wir nur ein oder zwei H\u00e4nde in einem frisch gemischten Sechs-Deck-Schuh haben.  Aus diesem Grund ist die Umrechnung des wahren Z\u00e4hlwerts so wichtig. Wenn nur noch ein Deck \u00fcbrig ist, ergibt der Running Count von +6 geteilt durch 1 verbleibendes Deck einen True Count von +6. Wenn fast alle sechs Decks im Schuh verbleiben, wird derselbe Running Count von +6 zu einem True Count von knapp \u00fcber +1.<\/p>\n<p>Indem ein Spieler in Plus-Situationen mehr und in Minus-Situationen so wenig wie m\u00f6glich setzt, kann er die Gewinnchancen des Spiels zu seinen Gunsten ver\u00e4ndern und sich langfristig einen Vorteil gegen\u00fcber dem Casino verschaffen.<\/p>\n<p>Dies ist nat\u00fcrlich eine sehr verk\u00fcrzte Erkl\u00e4rung, wie man Karten z\u00e4hlt.  Ich empfehle Ihnen dringend, die viel ausf\u00fchrlicheren Details in unserem kostenlosen <a href=\"\/blackjack-school\/\">Blackjack-Schule<\/a>.\t<\/p>\n<hr>\n<h2 class=\"text-center\">Was sind Hi-Lo-Index-Zahlen?<\/h2>\n<p>Der gr\u00f6\u00dfte Vorteil des Kartenz\u00e4hlens besteht darin, dass Sie mehr setzen, wenn das Deck g\u00fcnstig ist. Da Sie jedoch etwas \u00fcber die Zusammensetzung des verbleibenden Decks wissen, k\u00f6nnen Sie diese Informationen auch nutzen, um Ihre Spielstrategie gegebenenfalls zu \u00e4ndern.  Nehmen wir zum Beispiel an, Sie haben ein Blatt von (Zehn, 2) und der Dealer zeigt eine 2.  <b>Die Grundstrategie besagt, dass man 12v2 treffen sollte.<\/b><\/p>\n<p>Wenn es gen\u00fcgend hohe Karten in den verbleibenden Decks gibt, ist es besser, mit 12v2 zu bleiben.  Aber wie viele \"zus\u00e4tzliche\" hohe Karten sind \"genug\"?  Das ist der Punkt, an dem die Indexzahlen ins Spiel kommen.  <b>Wenn der Hi-Lo True Count +3 oder h\u00f6her ist, sollten Sie mit 12v2 stehen bleiben, anstatt zu schlagen.<\/b>  Wenn der Hi-Lo True Count +2 oder niedriger ist, sollten Sie 12v2 schlagen, genau wie es die normale Basisstrategie vorschreibt.<\/p>\n<p>Die \"+3\" ist in diesem Fall eine \"Indexzahl\", die den Punkt angibt, an dem sich die beste Spielstrategie f\u00fcr eine bestimmte Entscheidung \u00e4ndert.<\/p>\n<p>Ich werde meinen Rat wiederholen... Dies ist ein sehr kurzer \u00dcberblick.  Wenn diese Konzepte f\u00fcr Sie neu sind, lesen Sie bitte die ausf\u00fchrlichen Details in unserem <a href=\"\/blackjack-school\/\">Blackjack-Schule<\/a>.<\/p>\n<hr>\n<h2 class=\"text-center\">Was sind die verschiedenen Arten von Indexzahlen?<\/h2>\n<p>Die Karten enthalten mehrere verschiedene Arten von Indexnummern:<\/p>\n<table class=\"data-table\">\n<tr>\n<th>Hand Typ<\/th>\n<th>Index Typ<\/th>\n<th>Was der Index bedeutet<\/th>\n<\/tr>\n<tr>\n<td>Hart 8-11<\/td>\n<td><b>Doppelter<\/b> oder <b>Hit<\/b><\/td>\n<td>Doppelt, wenn die aktuelle wahre Anzahl &gt;= dem Index ist.  Andernfalls: Treffer.<\/td>\n<\/tr>\n<tr>\n<td>Hart 12-16<\/td>\n<td><b>Stand<\/b> oder <b>Hit<\/b><\/td>\n<td>Steht, wenn die aktuelle wahre Anzahl &gt;= dem Index ist.  Andernfalls: Treffer.<\/td>\n<\/tr>\n<tr>\n<td>Weich A2-A6<\/td>\n<td><b>Doppelter<\/b> oder <b>Hit<\/b><\/td>\n<td>Doppelt, wenn die aktuelle wahre Anzahl &gt;= dem Index ist.  Andernfalls: Treffer.<\/td>\n<\/tr>\n<tr>\n<td>Weich A7-A9<\/td>\n<td><b>Doppelter<\/b> oder <b>Stand<\/b><\/td>\n<td>Verdoppeln, wenn die aktuelle wahre Anzahl &gt;= dem Index ist.  Andernfalls: Stand.<\/td>\n<\/tr>\n<tr>\n<td>Paare 22-AA<\/td>\n<td><b>Teilen<\/b> oder <b>Kein Split<\/b><\/td>\n<td>Aufteilen, wenn die aktuelle wahre Anzahl &gt;= dem Index ist.  Andernfalls wird nicht geteilt.<\/td>\n<\/tr>\n<\/table>\n<p>Dar\u00fcber hinaus gibt es einen wichtigen Index, der nicht auf der Karte aufgef\u00fchrt ist:<br \/>\n\tWenn der wahre Wert +3 oder h\u00f6her ist, sollten Sie eine Versicherung kaufen, wenn der Dealer ein Ass hat.<br \/>\n\t(In Single-Deck-Spielen k\u00f6nnen Sie sich mit +2 oder h\u00f6her versichern).<\/p>\n<hr>\n<h2 class=\"text-center\">Abschlie\u00dfende \u00dcberlegungen<\/h2>\n<p>Dies ist so ziemlich die k\u00fcrzest m\u00f6gliche Erkl\u00e4rung von Kartenz\u00e4hlen und Indexzahlen. Habe ich schon erw\u00e4hnt, dass Sie eine viel umfassendere Erkl\u00e4rung auf unserer Website finden? <a href=\"\/blackjack-school\/\">kostenlose Blackjack-Schule<\/a>?<\/p>\n<p>Aber ja, das habe ich \ud83d\ude42 .<\/p>\n<p>Ich m\u00f6chte einen Punkt besonders deutlich machen.  Wenn Sie Zweifel haben, wie eine Indexzahl anzuwenden ist, oder wenn Sie nicht sicher sind, ob die tats\u00e4chliche Anzahl f\u00fcr ein bestimmtes Spiel ausreicht, verwenden Sie einfach die normale Grundstrategie.  Es ist weitaus gef\u00e4hrlicher, diese Ideen ungenau anzuwenden, als sie \u00fcberhaupt nicht zu nutzen.<\/p>\n<p>Man muss kein Rainman sein, um Karten zu z\u00e4hlen, aber es erfordert \u00dcbung und Disziplin.  Bis Sie sich mit dem Prozess vertraut gemacht haben, sollten Sie sich an die Grundstrategie halten.  Auch wenn Sie gelernt haben, Karten zu z\u00e4hlen, ist es hilfreich, eine Zeit lang nur mit der Grundstrategie zu spielen und dabei Ihre Eins\u00e4tze zu variieren.  Sobald Ihnen das Kartenz\u00e4hlen in Fleisch und Blut \u00fcbergegangen ist, k\u00f6nnen Sie Ihr Spiel um die Indexzahlen und Strategievariationen erweitern.<\/p>\n<p>Und zu guter Letzt sollte ich Sie daran erinnern, dass Blackjack mit einem Vorteil zu spielen nicht bedeutet, dass man nicht verlieren kann.  Wohl kaum!  Wenn Sie das Hi-Lo-Z\u00e4hlsystem richtig anwenden, werden Sie etwas mehr Gewinnsessions als Verlustsessions haben, aber Ihr Vorteil ist gering.  Setzen Sie kein Geld, dessen Verlust Sie sich nicht leisten k\u00f6nnen.  Und bitte, wenn Sie ein Problem mit dem Gl\u00fccksspiel haben, <a href=\"\/gambling-problem\/\" title=\"Gl\u00fccksspielproblem?\">Hilfe bekommen<\/a> von einer der vielen Organisationen, die sich mit dem Problem der Spielsucht befassen.<\/p>\n<hr>\n<p>Sie haben noch keinen Satz unserer Karten f\u00fcr Fortgeschrittene?  Sie k\u00f6nnen <a href=\"http:\/\/www.amazon.com\/dp\/0982119178\/?tag=theblackjacbasic\">hier ein Set kaufen<\/a>.<\/p>\n<p>Und wenn Sie noch nicht bereit sind f\u00fcr die fortgeschrittenen Strategiekarten und das Kartenz\u00e4hlen, schauen Sie sich bitte unsere <a href=\"\/card\/basic-strategy-card-instructions\/\">Grundlegende Strategiekarten<\/a> stattdessen.<\/p>","protected":false},"excerpt":{"rendered":"<p>The innovative Advanced Blackjack Strategy Cards from BlackjackInfo provide a first-ever pairing of the best possible basic strategies, with optimal card counting index numbers right on the card. The 12-card set includes two cards each for these rule variations: 1 Deck, Dealer Stands on all 17s 1 Deck, Dealer Hits Soft 17 2 Decks, Dealer [&hellip;]<\/p>\n","protected":false},"author":2,"featured_media":0,"parent":837,"menu_order":0,"comment_status":"open","ping_status":"closed","template":"","meta":{"_acf_changed":false,"footnotes":""},"tags":[],"class_list":["post-908","page","type-page","status-publish","hentry"],"acf":[],"yoast_head":"<!-- This site is optimized with the Yoast SEO plugin v26.6 - https:\/\/yoast.com\/wordpress\/plugins\/seo\/ -->\n<title>Advanced Strategy Card Instructions<\/title>\n<meta name=\"description\" content=\"Our Advanced Blackjack Strategy Cards offer optimal basic strategy, and also index numbers for the most popular card counting system, Hi-Lo.\" \/>\n<meta name=\"robots\" content=\"index, follow, max-snippet:-1, max-image-preview:large, max-video-preview:-1\" \/>\n<link rel=\"canonical\" href=\"https:\/\/www.blackjackinfo.com\/de\/karte\/anweisungen-fur-fortgeschrittene-strategiekarten\/\" \/>\n<meta property=\"og:locale\" content=\"de_DE\" \/>\n<meta property=\"og:type\" content=\"article\" \/>\n<meta property=\"og:title\" content=\"Advanced Strategy Card Instructions\" \/>\n<meta property=\"og:description\" content=\"Our Advanced Blackjack Strategy Cards offer optimal basic strategy, and also index numbers for the most popular card counting system, Hi-Lo.\" \/>\n<meta property=\"og:url\" content=\"https:\/\/www.blackjackinfo.com\/de\/karte\/anweisungen-fur-fortgeschrittene-strategiekarten\/\" \/>\n<meta property=\"og:site_name\" content=\"BlackjackInfo.com\" \/>\n<meta property=\"article:modified_time\" content=\"2018-06-22T07:30:53+00:00\" \/>\n<meta name=\"twitter:label1\" content=\"Gesch\u00e4tzte Lesezeit\" \/>\n\t<meta name=\"twitter:data1\" content=\"8\u00a0Minuten\" \/>\n<script type=\"application\/ld+json\" class=\"yoast-schema-graph\">{\"@context\":\"https:\/\/schema.org\",\"@graph\":[{\"@type\":\"WebPage\",\"@id\":\"https:\/\/www.blackjackinfo.com\/card\/advanced-strategy-card-instructions\/\",\"url\":\"https:\/\/www.blackjackinfo.com\/card\/advanced-strategy-card-instructions\/\",\"name\":\"Advanced Strategy Card Instructions\",\"isPartOf\":{\"@id\":\"https:\/\/www.blackjackinfo.com\/#website\"},\"datePublished\":\"2014-10-22T19:31:10+00:00\",\"dateModified\":\"2018-06-22T07:30:53+00:00\",\"description\":\"Our Advanced Blackjack Strategy Cards offer optimal basic strategy, and also index numbers for the most popular card counting system, Hi-Lo.\",\"breadcrumb\":{\"@id\":\"https:\/\/www.blackjackinfo.com\/card\/advanced-strategy-card-instructions\/#breadcrumb\"},\"inLanguage\":\"de\",\"potentialAction\":[{\"@type\":\"ReadAction\",\"target\":[\"https:\/\/www.blackjackinfo.com\/card\/advanced-strategy-card-instructions\/\"]}]},{\"@type\":\"BreadcrumbList\",\"@id\":\"https:\/\/www.blackjackinfo.com\/card\/advanced-strategy-card-instructions\/#breadcrumb\",\"itemListElement\":[{\"@type\":\"ListItem\",\"position\":1,\"name\":\"Home\",\"item\":\"https:\/\/www.blackjackinfo.com\/\"},{\"@type\":\"ListItem\",\"position\":2,\"name\":\"Blackjack Strategy Cards, Basic and Advanced\",\"item\":\"https:\/\/www.blackjackinfo.com\/card\/\"},{\"@type\":\"ListItem\",\"position\":3,\"name\":\"Advanced Strategy Card Instructions\"}]},{\"@type\":\"WebSite\",\"@id\":\"https:\/\/www.blackjackinfo.com\/#website\",\"url\":\"https:\/\/www.blackjackinfo.com\/\",\"name\":\"BlackjackInfo.com\",\"description\":\"Because Winning is More Fun!\",\"potentialAction\":[{\"@type\":\"SearchAction\",\"target\":{\"@type\":\"EntryPoint\",\"urlTemplate\":\"https:\/\/www.blackjackinfo.com\/?s={search_term_string}\"},\"query-input\":{\"@type\":\"PropertyValueSpecification\",\"valueRequired\":true,\"valueName\":\"search_term_string\"}}],\"inLanguage\":\"de\"}]}<\/script>\n<!-- \/ Yoast SEO plugin. -->","yoast_head_json":{"title":"Anweisungen f\u00fcr fortgeschrittene Strategiekarten","description":"Unsere Blackjack-Strategiekarten f\u00fcr Fortgeschrittene bieten eine optimale Grundstrategie und auch Indexzahlen f\u00fcr das beliebteste Kartenz\u00e4hlsystem, Hi-Lo.","robots":{"index":"index","follow":"follow","max-snippet":"max-snippet:-1","max-image-preview":"max-image-preview:large","max-video-preview":"max-video-preview:-1"},"canonical":"https:\/\/www.blackjackinfo.com\/de\/karte\/anweisungen-fur-fortgeschrittene-strategiekarten\/","og_locale":"de_DE","og_type":"article","og_title":"Advanced Strategy Card Instructions","og_description":"Our Advanced Blackjack Strategy Cards offer optimal basic strategy, and also index numbers for the most popular card counting system, Hi-Lo.","og_url":"https:\/\/www.blackjackinfo.com\/de\/karte\/anweisungen-fur-fortgeschrittene-strategiekarten\/","og_site_name":"BlackjackInfo.com","article_modified_time":"2018-06-22T07:30:53+00:00","twitter_misc":{"Gesch\u00e4tzte Lesezeit":"8\u00a0Minuten"},"schema":{"@context":"https:\/\/schema.org","@graph":[{"@type":"WebPage","@id":"https:\/\/www.blackjackinfo.com\/card\/advanced-strategy-card-instructions\/","url":"https:\/\/www.blackjackinfo.com\/card\/advanced-strategy-card-instructions\/","name":"Anweisungen f\u00fcr fortgeschrittene Strategiekarten","isPartOf":{"@id":"https:\/\/www.blackjackinfo.com\/#website"},"datePublished":"2014-10-22T19:31:10+00:00","dateModified":"2018-06-22T07:30:53+00:00","description":"Unsere Blackjack-Strategiekarten f\u00fcr Fortgeschrittene bieten eine optimale Grundstrategie und auch Indexzahlen f\u00fcr das beliebteste Kartenz\u00e4hlsystem, Hi-Lo.","breadcrumb":{"@id":"https:\/\/www.blackjackinfo.com\/card\/advanced-strategy-card-instructions\/#breadcrumb"},"inLanguage":"de","potentialAction":[{"@type":"ReadAction","target":["https:\/\/www.blackjackinfo.com\/card\/advanced-strategy-card-instructions\/"]}]},{"@type":"BreadcrumbList","@id":"https:\/\/www.blackjackinfo.com\/card\/advanced-strategy-card-instructions\/#breadcrumb","itemListElement":[{"@type":"ListItem","position":1,"name":"Home","item":"https:\/\/www.blackjackinfo.com\/"},{"@type":"ListItem","position":2,"name":"Blackjack Strategy Cards, Basic and Advanced","item":"https:\/\/www.blackjackinfo.com\/card\/"},{"@type":"ListItem","position":3,"name":"Advanced Strategy Card Instructions"}]},{"@type":"WebSite","@id":"https:\/\/www.blackjackinfo.com\/#website","url":"https:\/\/www.blackjackinfo.com\/","name":"BlackjackInfo.de","description":"Denn Gewinnen macht mehr Spa\u00df!","potentialAction":[{"@type":"SearchAction","target":{"@type":"EntryPoint","urlTemplate":"https:\/\/www.blackjackinfo.com\/?s={search_term_string}"},"query-input":{"@type":"PropertyValueSpecification","valueRequired":true,"valueName":"search_term_string"}}],"inLanguage":"de"}]}},"_links":{"self":[{"href":"https:\/\/www.blackjackinfo.com\/de\/wp-json\/wp\/v2\/pages\/908","targetHints":{"allow":["GET"]}}],"collection":[{"href":"https:\/\/www.blackjackinfo.com\/de\/wp-json\/wp\/v2\/pages"}],"about":[{"href":"https:\/\/www.blackjackinfo.com\/de\/wp-json\/wp\/v2\/types\/page"}],"author":[{"embeddable":true,"href":"https:\/\/www.blackjackinfo.com\/de\/wp-json\/wp\/v2\/users\/2"}],"replies":[{"embeddable":true,"href":"https:\/\/www.blackjackinfo.com\/de\/wp-json\/wp\/v2\/comments?post=908"}],"version-history":[{"count":18,"href":"https:\/\/www.blackjackinfo.com\/de\/wp-json\/wp\/v2\/pages\/908\/revisions"}],"predecessor-version":[{"id":3687,"href":"https:\/\/www.blackjackinfo.com\/de\/wp-json\/wp\/v2\/pages\/908\/revisions\/3687"}],"up":[{"embeddable":true,"href":"https:\/\/www.blackjackinfo.com\/de\/wp-json\/wp\/v2\/pages\/837"}],"wp:attachment":[{"href":"https:\/\/www.blackjackinfo.com\/de\/wp-json\/wp\/v2\/media?parent=908"}],"wp:term":[{"taxonomy":"post_tag","embeddable":true,"href":"https:\/\/www.blackjackinfo.com\/de\/wp-json\/wp\/v2\/tags?post=908"}],"curies":[{"name":"wp","href":"https:\/\/api.w.org\/{rel}","templated":true}]}}