{"id":928,"date":"2014-11-15T12:24:41","date_gmt":"2014-11-15T17:24:41","guid":{"rendered":"http:\/\/test.blackjackinfo.com\/?page_id=928"},"modified":"2023-01-04T22:43:52","modified_gmt":"2023-01-05T04:43:52","slug":"blackjack-strategie-trainer","status":"publish","type":"page","link":"https:\/\/www.blackjackinfo.com\/de\/blackjack-strategy-trainer\/","title":{"rendered":"Online Blackjack Strategie Trainer"},"content":{"rendered":"<div class=\"text-center\">\n<hr \/>\n<h2 class=\"text-center\">Suchen Sie etwas Leistungsst\u00e4rkeres?<\/h2>\n<p>Wenn Sie Blackjack wirklich ernsthaft besiegen wollen, brauchen Sie eine seri\u00f6se Trainingssoftware. Wenn es um Software zum \u00dcben und Trainieren des Kartenz\u00e4hlens geht, w\u00e4hlen Sie die Software, die von Profis empfohlen wird... <a href=\"\/goto\/casino-verite\/\" rel=\"nofollow\">Spielbank Verit\u00e9<\/a> ist das absolute Nonplusultra unter den Blackjack-\u00dcbungsprogrammen. Es l\u00e4uft unter Microsoft Windows (alles von Windows XP bis zur neuesten Version zum Zeitpunkt der Erstellung dieses Artikels, Windows 10).<\/p>\n<p class=\"text-center\">(Klicken Sie auf die Bilder, um sie in voller Gr\u00f6\u00dfe zu sehen.)<\/p>\n<figure id=\"attachment_1550\" class=\"wp-caption aligncenter\"><a href=\"\/files\/PlayGame1.jpg\"><img loading=\"lazy\" decoding=\"async\" class=\"center size-medium wp-image-1550\" src=\"\/files\/PlayGame1-300x212.jpg\" sizes=\"auto, (max-width: 300px) 100vw, 300px\" srcset=\"\/files\/PlayGame1-300x212.jpg 300w, \/files\/PlayGame1-1024x724.jpg 1024w, \/files\/PlayGame1.jpg 1098w\" alt=\"Casino Verite Screenshot\" width=\"300\" height=\"212\" data-no-auto-translation=\"\" \/><\/a><figcaption class=\"wp-caption-text\">Bildschirmfoto Casino Verit\u00e9<\/figcaption><\/figure>\n<p>Der Preis betr\u00e4gt $90, aber es ist jeden Cent wert. Sie k\u00f6nnen praktisch jedes Kartenz\u00e4hlsystem einrichten, mit Ihren eigenen Tags, Indexnummern und Strategien. Sie k\u00f6nnen mit den spezifischen Regeln, dem System und den Bedingungen \u00fcben, die Sie im Casino vorfinden werden.<\/p>\n<p>Diese Software hat sich \u00fcber viele Jahre hinweg entwickelt und dabei das Feedback einiger der besten Spieler der Welt ber\u00fccksichtigt. Wenn Sie sich eine n\u00fctzliche Option oder Regelvariation vorstellen k\u00f6nnen, ist sie wahrscheinlich schon drin.<\/p>\n<p><a href=\"\/goto\/casino-verite\/\" rel=\"nofollow\">Spielbank Verit\u00e9<\/a> enth\u00e4lt so ziemlich jede Option und jedes Trainingstool, das Sie sich vorstellen k\u00f6nnen. Um eine Vorstellung davon zu bekommen, wie gr\u00fcndlich und vollst\u00e4ndig das Programm ist, sehen Sie hier die Bildschirme mit den Einstellungsoptionen der Expertenstufe \"Maven\":<\/p>\n<p><a href=\"\/files\/Settings1.jpg\"><img loading=\"lazy\" decoding=\"async\" class=\"img-medium size-medium wp-image-1552\" src=\"\/files\/Settings1-300x225.jpg\" sizes=\"auto, (max-width: 300px) 100vw, 300px\" srcset=\"\/files\/Settings1-300x225.jpg 300w, \/files\/Settings1.jpg 648w\" alt=\"Casino Verite Settings1\" width=\"300\" height=\"225\" data-no-auto-translation=\"\" \/><\/a><a href=\"\/files\/Settings2.jpg\"><img loading=\"lazy\" decoding=\"async\" class=\"img-medium size-medium wp-image-1553\" src=\"\/files\/Settings2-300x225.jpg\" sizes=\"auto, (max-width: 300px) 100vw, 300px\" srcset=\"\/files\/Settings2-300x225.jpg 300w, \/files\/Settings2.jpg 648w\" alt=\"Casino Verite Settings 2\" width=\"300\" height=\"225\" data-no-auto-translation=\"\" \/><\/a><a href=\"\/files\/Settings3.jpg\"><img loading=\"lazy\" decoding=\"async\" class=\"img-medium size-medium wp-image-1554\" src=\"\/files\/Settings3-300x225.jpg\" sizes=\"auto, (max-width: 300px) 100vw, 300px\" srcset=\"\/files\/Settings3-300x225.jpg 300w, \/files\/Settings3.jpg 648w\" alt=\"Casino Verite Settings3\" width=\"300\" height=\"225\" data-no-auto-translation=\"\" \/><\/a><a href=\"\/files\/Settings4.jpg\"><img loading=\"lazy\" decoding=\"async\" class=\"img-medium size-medium wp-image-1555\" src=\"\/files\/Settings4-300x225.jpg\" sizes=\"auto, (max-width: 300px) 100vw, 300px\" srcset=\"\/files\/Settings4-300x225.jpg 300w, \/files\/Settings4.jpg 648w\" alt=\"Casino Verite Settings4\" width=\"300\" height=\"225\" data-no-auto-translation=\"\" \/><\/a><a href=\"\/files\/Settings5.jpg\"><img loading=\"lazy\" decoding=\"async\" class=\"img-medium size-medium wp-image-1556\" src=\"\/files\/Settings5-300x225.jpg\" sizes=\"auto, (max-width: 300px) 100vw, 300px\" srcset=\"\/files\/Settings5-300x225.jpg 300w, \/files\/Settings5.jpg 648w\" alt=\"Casino Verite Settings5\" width=\"300\" height=\"225\" data-no-auto-translation=\"\" \/><\/a><a href=\"\/files\/Settings6.jpg\"><img loading=\"lazy\" decoding=\"async\" class=\"img-medium size-medium wp-image-1557\" src=\"\/files\/Settings6-300x225.jpg\" sizes=\"auto, (max-width: 300px) 100vw, 300px\" srcset=\"\/files\/Settings6-300x225.jpg 300w, \/files\/Settings6.jpg 648w\" alt=\"Casino Verite Settings6\" width=\"300\" height=\"225\" data-no-auto-translation=\"\" \/><\/a><a href=\"\/files\/Settings7.jpg\"><img loading=\"lazy\" decoding=\"async\" class=\"img-medium size-medium wp-image-1558\" src=\"\/files\/Settings7-300x225.jpg\" sizes=\"auto, (max-width: 300px) 100vw, 300px\" srcset=\"\/files\/Settings7-300x225.jpg 300w, \/files\/Settings7.jpg 648w\" alt=\"Casino Verite Settings7\" width=\"300\" height=\"225\" data-no-auto-translation=\"\" \/><\/a><a href=\"\/files\/Settings8.jpg\"><img loading=\"lazy\" decoding=\"async\" class=\"img-medium size-medium wp-image-1559\" src=\"\/files\/Settings8-300x225.jpg\" sizes=\"auto, (max-width: 300px) 100vw, 300px\" srcset=\"\/files\/Settings8-300x225.jpg 300w, \/files\/Settings8.jpg 648w\" alt=\"Casino Verite Settings8\" width=\"300\" height=\"225\" data-no-auto-translation=\"\" \/><\/a><a href=\"\/files\/Settings9.jpg\"><img loading=\"lazy\" decoding=\"async\" class=\"img-medium size-medium wp-image-1560\" src=\"\/files\/Settings9-300x225.jpg\" sizes=\"auto, (max-width: 300px) 100vw, 300px\" srcset=\"\/files\/Settings9-300x225.jpg 300w, \/files\/Settings9.jpg 648w\" alt=\"Casino Verite Settings9\" width=\"300\" height=\"225\" data-no-auto-translation=\"\" \/><\/a><a href=\"\/files\/Settings10.jpg\"><img loading=\"lazy\" decoding=\"async\" class=\"img-medium size-medium wp-image-1561\" src=\"\/files\/Settings10-300x225.jpg\" sizes=\"auto, (max-width: 300px) 100vw, 300px\" srcset=\"\/files\/Settings10-300x225.jpg 300w, \/files\/Settings10.jpg 648w\" alt=\"Casino Verite Settings10\" width=\"300\" height=\"225\" data-no-auto-translation=\"\" \/><\/a><\/p>\n<p><a href=\"\/goto\/casino-verite\/\" rel=\"nofollow\">Spielbank Verit\u00e9<\/a> enth\u00e4lt auch eine umfangreiche Auswahl an \u00dcbungen und Tests:<\/p>\n<p><a href=\"\/files\/TestingMenu.jpg\"><img loading=\"lazy\" decoding=\"async\" class=\"aligncenter size-medium wp-image-1562\" src=\"\/files\/TestingMenu-295x300.jpg\" sizes=\"auto, (max-width: 295px) 100vw, 295px\" srcset=\"\/files\/TestingMenu-295x300.jpg 295w, \/files\/TestingMenu.jpg 518w\" alt=\"Casino Verite Drills Menu\" width=\"295\" height=\"300\" data-no-auto-translation=\"\" \/><\/a><\/p>\n<p>Es ist ganz einfach die umfangreichste und vollst\u00e4ndigste Blackjack-Trainingssoftware auf dem Markt. <a href=\"\/goto\/casino-verite\/\" rel=\"nofollow\">Spielbank Verit\u00e9<\/a> ist eine Trainingssoftware auf professionellem Niveau f\u00fcr Ergebnisse auf professionellem Niveau.<\/p>\n<p><a href=\"\/files\/PlayGame2.jpg\"><img loading=\"lazy\" decoding=\"async\" class=\"aligncenter size-medium wp-image-1551\" src=\"\/files\/PlayGame2-300x213.jpg\" sizes=\"auto, (max-width: 300px) 100vw, 300px\" srcset=\"\/files\/PlayGame2-300x213.jpg 300w, \/files\/PlayGame2-1024x726.jpg 1024w, \/files\/PlayGame2.jpg 1083w\" alt=\"Casino Verite Screenshot 2\" width=\"300\" height=\"213\" data-no-auto-translation=\"\" \/><\/a><\/p>\n<p>Holen Sie sich jetzt Ihr Exemplar: <a href=\"\/goto\/casino-verite\/\" rel=\"nofollow\">Casino Verit\u00e9 Blackjack-\u00dcbungssoftware<\/a><\/p>\n<hr \/>\n<\/div>","protected":false},"excerpt":{"rendered":"<p>Looking for something more powerful? If you really want to get serious about beating blackjack, you need serious training software. When it comes to card counting practice and training software, choose the software recommended by professionals\u2026 Casino Verit\u00e9 is the absolute ultimate in blackjack practice tools. It runs on Microsoft Windows (everything from Windows XP [&hellip;]<\/p>\n","protected":false},"author":2,"featured_media":0,"parent":0,"menu_order":0,"comment_status":"open","ping_status":"open","template":"page-strategy-trainer.php","meta":{"_acf_changed":false,"footnotes":""},"tags":[],"class_list":["post-928","page","type-page","status-publish","hentry"],"acf":[],"yoast_head":"<!-- This site is optimized with the Yoast SEO plugin v26.6 - https:\/\/yoast.com\/wordpress\/plugins\/seo\/ -->\n<title>Online Blackjack 2019 \u25b7 [Trainer Teaches You Optimal Strategy]<\/title>\n<meta name=\"description\" content=\"\u26a1The free Blackjack Strategy Trainer is an online blackjack game that teaches basic strategy while you play. Select the rules and get advice while you play.\" \/>\n<meta name=\"robots\" content=\"index, follow, max-snippet:-1, max-image-preview:large, max-video-preview:-1\" \/>\n<link rel=\"canonical\" href=\"https:\/\/www.blackjackinfo.com\/de\/blackjack-strategie-trainer\/\" \/>\n<meta property=\"og:locale\" content=\"de_DE\" \/>\n<meta property=\"og:type\" content=\"article\" \/>\n<meta property=\"og:title\" content=\"Online Blackjack 2019 \u25b7 [Trainer Teaches You Optimal Strategy]\" \/>\n<meta property=\"og:description\" content=\"\u26a1The free Blackjack Strategy Trainer is an online blackjack game that teaches basic strategy while you play. Select the rules and get advice while you play.\" \/>\n<meta property=\"og:url\" content=\"https:\/\/www.blackjackinfo.com\/de\/blackjack-strategie-trainer\/\" \/>\n<meta property=\"og:site_name\" content=\"BlackjackInfo.com\" \/>\n<meta property=\"article:modified_time\" content=\"2023-01-05T04:43:52+00:00\" \/>\n<meta name=\"twitter:label1\" content=\"Gesch\u00e4tzte Lesezeit\" \/>\n\t<meta name=\"twitter:data1\" content=\"1\u00a0Minute\" \/>\n<script type=\"application\/ld+json\" class=\"yoast-schema-graph\">{\"@context\":\"https:\/\/schema.org\",\"@graph\":[{\"@type\":\"WebPage\",\"@id\":\"https:\/\/www.blackjackinfo.com\/blackjack-strategy-trainer\/\",\"url\":\"https:\/\/www.blackjackinfo.com\/blackjack-strategy-trainer\/\",\"name\":\"Online Blackjack 2019 \u25b7 [Trainer Teaches You Optimal Strategy]\",\"isPartOf\":{\"@id\":\"https:\/\/www.blackjackinfo.com\/#website\"},\"datePublished\":\"2014-11-15T17:24:41+00:00\",\"dateModified\":\"2023-01-05T04:43:52+00:00\",\"description\":\"\u26a1The free Blackjack Strategy Trainer is an online blackjack game that teaches basic strategy while you play. Select the rules and get advice while you play.\",\"breadcrumb\":{\"@id\":\"https:\/\/www.blackjackinfo.com\/blackjack-strategy-trainer\/#breadcrumb\"},\"inLanguage\":\"de\",\"potentialAction\":[{\"@type\":\"ReadAction\",\"target\":[\"https:\/\/www.blackjackinfo.com\/blackjack-strategy-trainer\/\"]}]},{\"@type\":\"BreadcrumbList\",\"@id\":\"https:\/\/www.blackjackinfo.com\/blackjack-strategy-trainer\/#breadcrumb\",\"itemListElement\":[{\"@type\":\"ListItem\",\"position\":1,\"name\":\"Home\",\"item\":\"https:\/\/www.blackjackinfo.com\/\"},{\"@type\":\"ListItem\",\"position\":2,\"name\":\"Online Blackjack Strategy Trainer\"}]},{\"@type\":\"WebSite\",\"@id\":\"https:\/\/www.blackjackinfo.com\/#website\",\"url\":\"https:\/\/www.blackjackinfo.com\/\",\"name\":\"BlackjackInfo.com\",\"description\":\"Because Winning is More Fun!\",\"potentialAction\":[{\"@type\":\"SearchAction\",\"target\":{\"@type\":\"EntryPoint\",\"urlTemplate\":\"https:\/\/www.blackjackinfo.com\/?s={search_term_string}\"},\"query-input\":{\"@type\":\"PropertyValueSpecification\",\"valueRequired\":true,\"valueName\":\"search_term_string\"}}],\"inLanguage\":\"de\"}]}<\/script>\n<!-- \/ Yoast SEO plugin. -->","yoast_head_json":{"title":"Online Blackjack 2019 \u25b7 [Trainer Teaches You Optimal Strategy]","description":"Der kostenlose Blackjack-Strategie-Trainer ist ein Online-Blackjack-Spiel, das Ihnen w\u00e4hrend des Spiels grundlegende Strategien beibringt. W\u00e4hlen Sie die Regeln aus und lassen Sie sich beraten, w\u00e4hrend Sie spielen.","robots":{"index":"index","follow":"follow","max-snippet":"max-snippet:-1","max-image-preview":"max-image-preview:large","max-video-preview":"max-video-preview:-1"},"canonical":"https:\/\/www.blackjackinfo.com\/de\/blackjack-strategie-trainer\/","og_locale":"de_DE","og_type":"article","og_title":"Online Blackjack 2019 \u25b7 [Trainer Teaches You Optimal Strategy]","og_description":"\u26a1The free Blackjack Strategy Trainer is an online blackjack game that teaches basic strategy while you play. Select the rules and get advice while you play.","og_url":"https:\/\/www.blackjackinfo.com\/de\/blackjack-strategie-trainer\/","og_site_name":"BlackjackInfo.com","article_modified_time":"2023-01-05T04:43:52+00:00","twitter_misc":{"Gesch\u00e4tzte Lesezeit":"1\u00a0Minute"},"schema":{"@context":"https:\/\/schema.org","@graph":[{"@type":"WebPage","@id":"https:\/\/www.blackjackinfo.com\/blackjack-strategy-trainer\/","url":"https:\/\/www.blackjackinfo.com\/blackjack-strategy-trainer\/","name":"Online Blackjack 2019 \u25b7 [Trainer Teaches You Optimal Strategy]","isPartOf":{"@id":"https:\/\/www.blackjackinfo.com\/#website"},"datePublished":"2014-11-15T17:24:41+00:00","dateModified":"2023-01-05T04:43:52+00:00","description":"Der kostenlose Blackjack-Strategie-Trainer ist ein Online-Blackjack-Spiel, das Ihnen w\u00e4hrend des Spiels grundlegende Strategien beibringt. W\u00e4hlen Sie die Regeln aus und lassen Sie sich beraten, w\u00e4hrend Sie spielen.","breadcrumb":{"@id":"https:\/\/www.blackjackinfo.com\/blackjack-strategy-trainer\/#breadcrumb"},"inLanguage":"de","potentialAction":[{"@type":"ReadAction","target":["https:\/\/www.blackjackinfo.com\/blackjack-strategy-trainer\/"]}]},{"@type":"BreadcrumbList","@id":"https:\/\/www.blackjackinfo.com\/blackjack-strategy-trainer\/#breadcrumb","itemListElement":[{"@type":"ListItem","position":1,"name":"Home","item":"https:\/\/www.blackjackinfo.com\/"},{"@type":"ListItem","position":2,"name":"Online Blackjack Strategy Trainer"}]},{"@type":"WebSite","@id":"https:\/\/www.blackjackinfo.com\/#website","url":"https:\/\/www.blackjackinfo.com\/","name":"BlackjackInfo.de","description":"Denn Gewinnen macht mehr Spa\u00df!","potentialAction":[{"@type":"SearchAction","target":{"@type":"EntryPoint","urlTemplate":"https:\/\/www.blackjackinfo.com\/?s={search_term_string}"},"query-input":{"@type":"PropertyValueSpecification","valueRequired":true,"valueName":"search_term_string"}}],"inLanguage":"de"}]}},"_links":{"self":[{"href":"https:\/\/www.blackjackinfo.com\/de\/wp-json\/wp\/v2\/pages\/928","targetHints":{"allow":["GET"]}}],"collection":[{"href":"https:\/\/www.blackjackinfo.com\/de\/wp-json\/wp\/v2\/pages"}],"about":[{"href":"https:\/\/www.blackjackinfo.com\/de\/wp-json\/wp\/v2\/types\/page"}],"author":[{"embeddable":true,"href":"https:\/\/www.blackjackinfo.com\/de\/wp-json\/wp\/v2\/users\/2"}],"replies":[{"embeddable":true,"href":"https:\/\/www.blackjackinfo.com\/de\/wp-json\/wp\/v2\/comments?post=928"}],"version-history":[{"count":118,"href":"https:\/\/www.blackjackinfo.com\/de\/wp-json\/wp\/v2\/pages\/928\/revisions"}],"predecessor-version":[{"id":5745,"href":"https:\/\/www.blackjackinfo.com\/de\/wp-json\/wp\/v2\/pages\/928\/revisions\/5745"}],"wp:attachment":[{"href":"https:\/\/www.blackjackinfo.com\/de\/wp-json\/wp\/v2\/media?parent=928"}],"wp:term":[{"taxonomy":"post_tag","embeddable":true,"href":"https:\/\/www.blackjackinfo.com\/de\/wp-json\/wp\/v2\/tags?post=928"}],"curies":[{"name":"wp","href":"https:\/\/api.w.org\/{rel}","templated":true}]}}