{"id":937,"date":"2014-11-15T14:18:05","date_gmt":"2014-11-15T20:18:05","guid":{"rendered":"http:\/\/test.blackjackinfo.com\/?page_id=937"},"modified":"2020-02-18T18:26:00","modified_gmt":"2020-02-19T00:26:00","slug":"kartenzahlen","status":"publish","type":"page","link":"https:\/\/www.blackjackinfo.com\/de\/card-counting\/","title":{"rendered":"Kartenz\u00e4hlen"},"content":{"rendered":"<p><img loading=\"lazy\" decoding=\"async\" class=\"alignright size-medium wp-image-940\" src=\"\/files\/Blackjack-300x205.jpg\" alt=\"Blackjack\" width=\"300\" height=\"205\" srcset=\"https:\/\/www.blackjackinfo.com\/files\/Blackjack-300x205.jpg 300w, https:\/\/www.blackjackinfo.com\/files\/Blackjack.jpg 1000w\" sizes=\"auto, (max-width: 300px) 100vw, 300px\" data-no-auto-translation=\"\" \/><\/p>\n<p class=\"intro\">Blackjack hat einen wichtigen Unterschied zu den meisten anderen Spielen im Casino.<\/p>\n<p style=\"text-align: center;\">Sie ist <strong>schlagbar<\/strong>.<\/p>\n<p>Da den Spielern zwischen den Mischungen mehrere Bl\u00e4tter ausgeteilt werden, kann ein kluger Spieler Informationen \u00fcber die bereits ausgeteilten Karten nutzen, um etwas \u00fcber die kommenden Karten vorherzusagen.<\/p>\n<p>Im Gegensatz zu Spielen wie Roulette oder Craps, bei denen die vorangegangenen Drehungen oder W\u00fcrfe keine Auswirkungen auf k\u00fcnftige Entscheidungen haben, wird bei Blackjack mit jedem Blatt der verbleibende Kartenstapel aufgebraucht, der verwendet wurde. Aus dieser einfachen Tatsache ergibt sich die Idee des Kartenz\u00e4hlens, einer legalen Vorteils-Spielmethode, die dem Spieler einen echten mathematischen Vorteil gegen\u00fcber dem Casino verschaffen kann.<\/p>\n<p>Wenn die verbleibenden Karten einen h\u00f6heren Anteil an Zehnern und Assen aufweisen als die kleineren Karten, erh\u00f6ht sich der Vorteil des Spielers. Das Kartenz\u00e4hlen ist also einfach eine Methode, um festzustellen, wann der verbleibende Kartensatz f\u00fcr den Spieler vorteilhaft ist. Wenn das Deck \"reich\" an Zehnern und Assen ist, setzt der Kartenz\u00e4hler entsprechend h\u00f6here Eins\u00e4tze. Wenn das Deck stattdessen mehr kleine Karten wie Zweier bis Sechser enth\u00e4lt, wird der Kartenz\u00e4hler so wenig wie m\u00f6glich setzen oder den Tisch verlassen.<\/p>\n<p>Mit Hilfe der unten aufgef\u00fchrten Artikel und Diskussionen werden Sie feststellen, dass Kartenz\u00e4hlen nicht nur etwas f\u00fcr Mathegenies ist, trotz irref\u00fchrender Darstellungen in den Medien, wie z. B. in den Filmen <i>Regenmann<\/i> oder <i>\u201c21\u201d<\/i>. Stattdessen k\u00f6nnen die meisten Spieler, die bereit sind, etwas Zeit und M\u00fche zu investieren, lernen, das Spiel Blackjack zu schlagen.<br \/>\n<div class=\"row\" style=\"margin-bottom:20px\">\n    <div class=\"col-sm-12\">\n                <h2>Top US Online Casinos <span\n                class=\"flag-icon flag-icon-us\"><\/span><\/h2>\n\n        \n                \n        <div class=\"ranking-table text-center\">\n            <div class=\"row flex ad-row\">\n                <div class=\"col-sm-3\">\n                    <div class=\"row flex\">\n\n                        <div class=\"col-sm-3\">\n                            <div class=\"ranking-number text-center\">\n\n                                1                                \n                            <\/div>\n                        <\/div>\n                        <div class=\"col-sm-9\">\n                            <img decoding=\"async\" src=\"https:\/\/www.blackjackinfo.com\/files\/bovada.png\" data-no-auto-translation=\"\">\n                        <\/div>\n                    <\/div>\n                <\/div>\n                <div class=\"col-sm-4\">\n                    <div class=\"bonus-text text-center\"><span class=\"red\">100% bis zu $1.000<\/span><\/div>\n\t\t\t\t\t\n\n                <\/div>\n                <div class=\"col-sm-2\">\n                    <a class=\"btn btn-wire\" href=\"\/de\/casino\/bovada\/\">\u00dcberpr\u00fcfung<\/a>\n\n                <\/div>\n                <div class=\"col-sm-3\">\n                    <a rel=\"nofollow\" target=\"_blank\" class=\"btn btn-blue\" href=\"\/goto\/goto\/\">Spielen\n                        Jetzt<\/a>\n\t\t\t\t\t\t\n\n                <\/div>\n            <\/div>\n        <\/div>\n\n\n\n        \n                \n        <div class=\"ranking-table text-center\">\n            <div class=\"row flex ad-row\">\n                <div class=\"col-sm-3\">\n                    <div class=\"row flex\">\n\n                        <div class=\"col-sm-3\">\n                            <div class=\"ranking-number text-center\">\n\n                                2                                \n                            <\/div>\n                        <\/div>\n                        <div class=\"col-sm-9\">\n                            <img decoding=\"async\" src=\"https:\/\/www.blackjackinfo.com\/files\/ignition-casino-logo.png\" data-no-auto-translation=\"\">\n                        <\/div>\n                    <\/div>\n                <\/div>\n                <div class=\"col-sm-4\">\n                    <div class=\"bonus-text text-center\"><span class=\"red\">100% bis zu $1.000<\/span><\/div>\n\t\t\t\t\t\n\n                <\/div>\n                <div class=\"col-sm-2\">\n                    <a class=\"btn btn-wire\" href=\"\/de\/casino\/ignition-casino\/\">\u00dcberpr\u00fcfung<\/a>\n\n                <\/div>\n                <div class=\"col-sm-3\">\n                    <a rel=\"nofollow\" target=\"_blank\" class=\"btn btn-blue\" href=\"\/goto\/goto\/\">Spielen\n                        Jetzt<\/a>\n\t\t\t\t\t\t\n\n                <\/div>\n            <\/div>\n        <\/div>\n\n\n\n        \n                \n        <div class=\"ranking-table text-center\">\n            <div class=\"row flex ad-row\">\n                <div class=\"col-sm-3\">\n                    <div class=\"row flex\">\n\n                        <div class=\"col-sm-3\">\n                            <div class=\"ranking-number text-center\">\n\n                                3                                \n                            <\/div>\n                        <\/div>\n                        <div class=\"col-sm-9\">\n                            <img decoding=\"async\" src=\"https:\/\/www.blackjackinfo.com\/files\/VipSlots-500x250_dark.svg\" data-no-auto-translation=\"\">\n                        <\/div>\n                    <\/div>\n                <\/div>\n                <div class=\"col-sm-4\">\n                    <div class=\"bonus-text text-center\"><span class=\"red\">100 GRATIS SPINS bei Secret Life of Cats<\/span><\/div>\n\t\t\t\t\t\n\n                <\/div>\n                <div class=\"col-sm-2\">\n                    <a class=\"btn btn-wire\" href=\"\/de\/casino\/vipslots-casino\/\">\u00dcberpr\u00fcfung<\/a>\n\n                <\/div>\n                <div class=\"col-sm-3\">\n                    <a rel=\"nofollow\" target=\"_blank\" class=\"btn btn-blue\" href=\"\/goto\/goto\/\">Spielen\n                        Jetzt<\/a>\n\t\t\t\t\t\t\n\n                <\/div>\n            <\/div>\n        <\/div>\n\n\n\n        \n                \n        <div class=\"ranking-table text-center\">\n            <div class=\"row flex ad-row\">\n                <div class=\"col-sm-3\">\n                    <div class=\"row flex\">\n\n                        <div class=\"col-sm-3\">\n                            <div class=\"ranking-number text-center\">\n\n                                4                                \n                            <\/div>\n                        <\/div>\n                        <div class=\"col-sm-9\">\n                            <img decoding=\"async\" src=\"https:\/\/www.blackjackinfo.com\/files\/vegas_casino_online.png\" data-no-auto-translation=\"\">\n                        <\/div>\n                    <\/div>\n                <\/div>\n                <div class=\"col-sm-4\">\n                    <div class=\"bonus-text text-center\"><span class=\"red\">300% bis zu $3.000<\/span><\/div>\n\t\t\t\t\t\n\n                <\/div>\n                <div class=\"col-sm-2\">\n                    <a class=\"btn btn-wire\" href=\"\/de\/casino\/vegas-casino-online-2\/\">\u00dcberpr\u00fcfung<\/a>\n\n                <\/div>\n                <div class=\"col-sm-3\">\n                    <a rel=\"nofollow\" target=\"_blank\" class=\"btn btn-blue\" href=\"\/goto\/goto\/\">Spielen\n                        Jetzt<\/a>\n\t\t\t\t\t\t\n\n                <\/div>\n            <\/div>\n        <\/div>\n\n\n\n        \n                \n        <div class=\"ranking-table text-center\">\n            <div class=\"row flex ad-row\">\n                <div class=\"col-sm-3\">\n                    <div class=\"row flex\">\n\n                        <div class=\"col-sm-3\">\n                            <div class=\"ranking-number text-center\">\n\n                                5                                \n                            <\/div>\n                        <\/div>\n                        <div class=\"col-sm-9\">\n                            <img decoding=\"async\" src=\"https:\/\/www.blackjackinfo.com\/files\/cafe-casino-logo.svg\" data-no-auto-translation=\"\">\n                        <\/div>\n                    <\/div>\n                <\/div>\n                <div class=\"col-sm-4\">\n                    <div class=\"bonus-text text-center\"><span class=\"red\">250% bis zu $1.500<\/span><\/div>\n\t\t\t\t\t\n\n                <\/div>\n                <div class=\"col-sm-2\">\n                    <a class=\"btn btn-wire\" href=\"\/de\/casino\/cafe-casino\/\">\u00dcberpr\u00fcfung<\/a>\n\n                <\/div>\n                <div class=\"col-sm-3\">\n                    <a rel=\"nofollow\" target=\"_blank\" class=\"btn btn-blue\" href=\"\/goto\/goto\/\">Spielen\n                        Jetzt<\/a>\n\t\t\t\t\t\t\n\n                <\/div>\n            <\/div>\n        <\/div>\n\n\n\n            <\/div>\n<\/div><\/p>\n<h2 style=\"text-align: center;\">Artikel \u00fcber Kartenz\u00e4hlen<\/h2>\n<ul>\n<li>\n<p>\n<a href=\"\/knowledge-base\/blackjack-card-counting\/an-introduction-to-card-counting\/\">Eine Einf\u00fchrung in das Kartenz\u00e4hlen<\/a>: Eine kurze und n\u00fctzliche Einf\u00fchrung von ICountNTrack, einem unserer Forumsmoderatoren.\n<\/p>\n<\/li>\n<li>\n<p>\n<a href=\"\/knowledge-base\/blackjack-card-counting\/frequently-asked-questions\/\">H\u00e4ufig gestellte Fragen<\/a>: Eine Auswahl an h\u00e4ufigen Fragen von Spielern, die neu im Blackjack und Z\u00e4hlen sind.\n<\/p>\n<\/li>\n<li>\n<a href=\"\/worlds-greatest-job\/\">Der tollste Job der Welt<\/a>: Das Leben eines Vollzeit-Blackjack-Profis, von Kevin Blackwood.<\/p>\n<blockquote><p>Kevin hat als Kartenz\u00e4hler \u00fcber eine Million Dollar in Casinos gewonnen und ist Autor mehrerer B\u00fccher, darunter <a href=\"http:\/\/www.amazon.com\/dp\/0060731125\/?tag=theblackjacbasic\">Blackjack spielen wie die Profis<\/a> und <a href=\"http:\/\/www.amazon.com\/dp\/047175286X\/?tag=theblackjacbasic\">Casino-Gl\u00fccksspiel f\u00fcr Dummies<\/a>.<\/p><\/blockquote>\n<\/li>\n<li>\n<a href=\"\/blackjack-school\/\">Die Blackjack-Schule des GameMasters<\/a>: Ein kostenloser Kurs mit 24 Lektionen in Blackjack und Kartenz\u00e4hlen.<\/p>\n<blockquote><p>Bill Channels, auch bekannt als \"The GameMaster\", entwickelte diese Reihe von Blackjack-Lektionen urspr\u00fcnglich f\u00fcr den Einsatz w\u00e4hrend seiner pers\u00f6nlichen Nachhilfe in diesem Spiel. Mit seiner Erlaubnis sind seine Kursmaterialien jetzt kostenlos in unserer Online-Version verf\u00fcgbar.<\/p><\/blockquote>\n<\/li>\n<\/ul>\n<h2 style=\"text-align: center;\">Ressourcen zum Kartenz\u00e4hlen<\/h2>\n<ul>\n<li>\n<p>\n<a href=\"\/knowledge-base\/blackjack-card-counting\/free-counting-resources-on-web\/\">Kostenlose Ressourcen zum Thema Z\u00e4hlen im Internet<\/a>: Eine n\u00fctzliche Liste mit vielen Websites und Ressourcen f\u00fcr Kartenz\u00e4hler.\n<\/p>\n<\/li>\n<li>\n<p>\n<a href=\"\/card-counting-efficiency-calculator\/\">Kartenz\u00e4hlsystem-Effizienz-Rechner<\/a>: Bestimmen Sie die Spieleffizienz (PE), die Wettkorrelation (BC) und die Versicherungskorrelation (IC) f\u00fcr jedes Kartenz\u00e4hlsystem.\n<\/p>\n<\/li>\n<\/ul>","protected":false},"excerpt":{"rendered":"<p>Blackjack has one important difference when compared to most other games in the casino. It is beatable. Since multiple hands of the game are dealt to players between shuffles, a smart player can use information about the cards that have already been dealt to predict something about the cards to come. Unlike games like roulette [&hellip;]<\/p>\n","protected":false},"author":2,"featured_media":0,"parent":0,"menu_order":0,"comment_status":"open","ping_status":"closed","template":"","meta":{"_acf_changed":false,"footnotes":""},"tags":[],"class_list":["post-937","page","type-page","status-publish","hentry"],"acf":[],"yoast_head":"<!-- This site is optimized with the Yoast SEO plugin v26.6 - https:\/\/yoast.com\/wordpress\/plugins\/seo\/ -->\n<title>Card Counting<\/title>\n<meta name=\"description\" content=\"Blackjack is a beatable game. Learn how to count cards and turn the tables on the casino, with a solid mathematical edge over the house.\" \/>\n<meta name=\"robots\" content=\"index, follow, max-snippet:-1, max-image-preview:large, max-video-preview:-1\" \/>\n<link rel=\"canonical\" href=\"https:\/\/www.blackjackinfo.com\/de\/kartenzahlen\/\" \/>\n<meta property=\"og:locale\" content=\"de_DE\" \/>\n<meta property=\"og:type\" content=\"article\" \/>\n<meta property=\"og:title\" content=\"Card Counting\" \/>\n<meta property=\"og:description\" content=\"Blackjack is a beatable game. Learn how to count cards and turn the tables on the casino, with a solid mathematical edge over the house.\" \/>\n<meta property=\"og:url\" content=\"https:\/\/www.blackjackinfo.com\/de\/kartenzahlen\/\" \/>\n<meta property=\"og:site_name\" content=\"BlackjackInfo.com\" \/>\n<meta property=\"article:modified_time\" content=\"2020-02-19T00:26:00+00:00\" \/>\n<meta name=\"twitter:label1\" content=\"Gesch\u00e4tzte Lesezeit\" \/>\n\t<meta name=\"twitter:data1\" content=\"2\u00a0Minuten\" \/>\n<script type=\"application\/ld+json\" class=\"yoast-schema-graph\">{\"@context\":\"https:\/\/schema.org\",\"@graph\":[{\"@type\":\"WebPage\",\"@id\":\"https:\/\/www.blackjackinfo.com\/card-counting\/\",\"url\":\"https:\/\/www.blackjackinfo.com\/card-counting\/\",\"name\":\"Card Counting\",\"isPartOf\":{\"@id\":\"https:\/\/www.blackjackinfo.com\/#website\"},\"datePublished\":\"2014-11-15T20:18:05+00:00\",\"dateModified\":\"2020-02-19T00:26:00+00:00\",\"description\":\"Blackjack is a beatable game. Learn how to count cards and turn the tables on the casino, with a solid mathematical edge over the house.\",\"breadcrumb\":{\"@id\":\"https:\/\/www.blackjackinfo.com\/card-counting\/#breadcrumb\"},\"inLanguage\":\"de\",\"potentialAction\":[{\"@type\":\"ReadAction\",\"target\":[\"https:\/\/www.blackjackinfo.com\/card-counting\/\"]}]},{\"@type\":\"BreadcrumbList\",\"@id\":\"https:\/\/www.blackjackinfo.com\/card-counting\/#breadcrumb\",\"itemListElement\":[{\"@type\":\"ListItem\",\"position\":1,\"name\":\"Home\",\"item\":\"https:\/\/www.blackjackinfo.com\/\"},{\"@type\":\"ListItem\",\"position\":2,\"name\":\"Card Counting\"}]},{\"@type\":\"WebSite\",\"@id\":\"https:\/\/www.blackjackinfo.com\/#website\",\"url\":\"https:\/\/www.blackjackinfo.com\/\",\"name\":\"BlackjackInfo.com\",\"description\":\"Because Winning is More Fun!\",\"potentialAction\":[{\"@type\":\"SearchAction\",\"target\":{\"@type\":\"EntryPoint\",\"urlTemplate\":\"https:\/\/www.blackjackinfo.com\/?s={search_term_string}\"},\"query-input\":{\"@type\":\"PropertyValueSpecification\",\"valueRequired\":true,\"valueName\":\"search_term_string\"}}],\"inLanguage\":\"de\"}]}<\/script>\n<!-- \/ Yoast SEO plugin. -->","yoast_head_json":{"title":"Kartenz\u00e4hlen","description":"Blackjack ist ein Spiel, das man schlagen kann. Lernen Sie, wie man Karten z\u00e4hlt und den Spie\u00df umdreht - mit einem soliden mathematischen Vorteil gegen\u00fcber dem Haus.","robots":{"index":"index","follow":"follow","max-snippet":"max-snippet:-1","max-image-preview":"max-image-preview:large","max-video-preview":"max-video-preview:-1"},"canonical":"https:\/\/www.blackjackinfo.com\/de\/kartenzahlen\/","og_locale":"de_DE","og_type":"article","og_title":"Card Counting","og_description":"Blackjack is a beatable game. Learn how to count cards and turn the tables on the casino, with a solid mathematical edge over the house.","og_url":"https:\/\/www.blackjackinfo.com\/de\/kartenzahlen\/","og_site_name":"BlackjackInfo.com","article_modified_time":"2020-02-19T00:26:00+00:00","twitter_misc":{"Gesch\u00e4tzte Lesezeit":"2\u00a0Minuten"},"schema":{"@context":"https:\/\/schema.org","@graph":[{"@type":"WebPage","@id":"https:\/\/www.blackjackinfo.com\/card-counting\/","url":"https:\/\/www.blackjackinfo.com\/card-counting\/","name":"Kartenz\u00e4hlen","isPartOf":{"@id":"https:\/\/www.blackjackinfo.com\/#website"},"datePublished":"2014-11-15T20:18:05+00:00","dateModified":"2020-02-19T00:26:00+00:00","description":"Blackjack ist ein Spiel, das man schlagen kann. Lernen Sie, wie man Karten z\u00e4hlt und den Spie\u00df umdreht - mit einem soliden mathematischen Vorteil gegen\u00fcber dem Haus.","breadcrumb":{"@id":"https:\/\/www.blackjackinfo.com\/card-counting\/#breadcrumb"},"inLanguage":"de","potentialAction":[{"@type":"ReadAction","target":["https:\/\/www.blackjackinfo.com\/card-counting\/"]}]},{"@type":"BreadcrumbList","@id":"https:\/\/www.blackjackinfo.com\/card-counting\/#breadcrumb","itemListElement":[{"@type":"ListItem","position":1,"name":"Home","item":"https:\/\/www.blackjackinfo.com\/"},{"@type":"ListItem","position":2,"name":"Card Counting"}]},{"@type":"WebSite","@id":"https:\/\/www.blackjackinfo.com\/#website","url":"https:\/\/www.blackjackinfo.com\/","name":"BlackjackInfo.de","description":"Denn Gewinnen macht mehr Spa\u00df!","potentialAction":[{"@type":"SearchAction","target":{"@type":"EntryPoint","urlTemplate":"https:\/\/www.blackjackinfo.com\/?s={search_term_string}"},"query-input":{"@type":"PropertyValueSpecification","valueRequired":true,"valueName":"search_term_string"}}],"inLanguage":"de"}]}},"_links":{"self":[{"href":"https:\/\/www.blackjackinfo.com\/de\/wp-json\/wp\/v2\/pages\/937","targetHints":{"allow":["GET"]}}],"collection":[{"href":"https:\/\/www.blackjackinfo.com\/de\/wp-json\/wp\/v2\/pages"}],"about":[{"href":"https:\/\/www.blackjackinfo.com\/de\/wp-json\/wp\/v2\/types\/page"}],"author":[{"embeddable":true,"href":"https:\/\/www.blackjackinfo.com\/de\/wp-json\/wp\/v2\/users\/2"}],"replies":[{"embeddable":true,"href":"https:\/\/www.blackjackinfo.com\/de\/wp-json\/wp\/v2\/comments?post=937"}],"version-history":[{"count":24,"href":"https:\/\/www.blackjackinfo.com\/de\/wp-json\/wp\/v2\/pages\/937\/revisions"}],"predecessor-version":[{"id":5475,"href":"https:\/\/www.blackjackinfo.com\/de\/wp-json\/wp\/v2\/pages\/937\/revisions\/5475"}],"wp:attachment":[{"href":"https:\/\/www.blackjackinfo.com\/de\/wp-json\/wp\/v2\/media?parent=937"}],"wp:term":[{"taxonomy":"post_tag","embeddable":true,"href":"https:\/\/www.blackjackinfo.com\/de\/wp-json\/wp\/v2\/tags?post=937"}],"curies":[{"name":"wp","href":"https:\/\/api.w.org\/{rel}","templated":true}]}}