{"id":1043,"date":"2014-11-27T18:07:42","date_gmt":"2014-11-28T00:07:42","guid":{"rendered":"http:\/\/test.blackjackinfo.com\/?page_id=1043"},"modified":"2021-01-08T23:37:26","modified_gmt":"2021-01-09T05:37:26","slug":"analizador-combinatorio-de-blackjack-gratuito","status":"publish","type":"page","link":"https:\/\/www.blackjackinfo.com\/es\/free-blackjack-combinatorial-analyzer\/","title":{"rendered":"Analizador combinatorio de Blackjack gratuito"},"content":{"rendered":"<p><strong>Actualizaci\u00f3n<\/strong>El c\u00f3digo de este software es de c\u00f3digo abierto y puede encontrarse en <a href=\"https:\/\/github.com\/Neurobaby\/MGPs-BJ-CA\">aqu\u00ed<\/a><\/p>\n<p>MGP, miembro de la comunidad BlackjackInfo, ha tenido la amabilidad de publicar su software analizador combinatorio de blackjack para Windows como freeware.<\/p>\n<p>Descargue el archivo zip aqu\u00ed: <a href=\"\/files\/MGP_BJCA_Setup.zip\">MGP_BJCA_Setup.zip<\/a> (7,6 MB).<\/p>\n<p>En <a href=\"\/files\/MGP_BJCA_LICENSE.txt\">licencia de software<\/a> concede el uso gratuito para uso privado y no comercial.<\/p>\n<p>Descomprima el archivo descargado y ejecute el archivo Setup.exe incluido. El software requiere Microsoft Windows XP o posterior.<\/p>\n<p>Tambi\u00e9n requiere la versi\u00f3n 1.1 de .Net Framework. Es casi seguro que se trata de una versi\u00f3n de .Net anterior a la que ya tiene, por lo que tambi\u00e9n tendr\u00e1 que instalar ese paquete.<\/p>\n<p>Puedes encontrar la versi\u00f3n 1.1 en Microsoft.com: <a href=\"http:\/\/www.microsoft.com\/download\/en\/details.aspx?id=26\">Paquete redistribuible .Net Framework v1.1<\/a> (23 MB).<\/p>\n<p>\u00a1Gracias MGP por un programa excepcional!<\/p>\n<p>Capturas de pantalla (haga clic para ampliar):<br \/>\n<a href=\"\/files\/BJCA_MainScreen.gif\"><img loading=\"lazy\" decoding=\"async\" class=\"aligncenter size-medium wp-image-1045\" src=\"\/files\/BJCA_MainScreen-300x250.gif\" alt=\"BJCA Main Screen\" width=\"300\" height=\"250\" data-no-auto-translation=\"\" \/><\/a><\/p>\n<p><a href=\"\/files\/BJCA_Results.gif\"><img loading=\"lazy\" decoding=\"async\" class=\"aligncenter size-medium wp-image-1047\" src=\"\/files\/BJCA_Results-300x248.gif\" alt=\"BJCA Results\" width=\"300\" height=\"248\" data-no-auto-translation=\"\" \/><\/a><\/p>\n<p><a href=\"\/files\/BJCA_Strategy.gif\"><img loading=\"lazy\" decoding=\"async\" class=\"aligncenter size-medium wp-image-1048\" src=\"\/files\/BJCA_Strategy-300x248.gif\" alt=\"BJCA Strategy\" width=\"300\" height=\"248\" data-no-auto-translation=\"\" \/><\/a><\/p>\n<h2 style=\"text-align: center;\">\u00bfQu\u00e9 es el an\u00e1lisis combinatorio?<\/h2>\n<p>El an\u00e1lisis combinatorio es un m\u00e9todo algor\u00edtmico para determinar el n\u00famero de formas diferentes de ordenar las cosas. Aplicado al juego del blackjack, se trata de un proceso de cuatro pasos:<\/p>\n<ul>\n<li>Examine todas las manos posibles que se le puedan repartir.<\/li>\n<li>Eval\u00fae el resultado de cada posible elecci\u00f3n de estrategia en cada punto de decisi\u00f3n.<\/li>\n<li>Pondere esos resultados seg\u00fan la probabilidad de ocurrencia adecuada.<\/li>\n<li>Por \u00faltimo, suma todos esos resultados para obtener el rendimiento esperado del juego.<\/li>\n<\/ul>\n<p>Se trata de un proceso completamente determinista. No hay simulaci\u00f3n ni selecci\u00f3n aleatoria de Monte Carlo. En su lugar, se trata de un examen de fuerza bruta de cada posible orden de las cartas de la baraja.<\/p>","protected":false},"excerpt":{"rendered":"<p>Update:The code for this software is now open-sourced and can be found here BlackjackInfo community member MGP has kindly released his blackjack combinatorial analyzer software for Windows as freeware. Download the zip file here: MGP_BJCA_Setup.zip (7.6 MB). The software license grants free usage for private, non-commercial use. Unzip the downloaded file and run the included [&hellip;]<\/p>\n","protected":false},"author":2,"featured_media":0,"parent":0,"menu_order":0,"comment_status":"open","ping_status":"closed","template":"","meta":{"_acf_changed":false,"footnotes":""},"tags":[],"class_list":["post-1043","page","type-page","status-publish","hentry"],"acf":[],"yoast_head":"<!-- This site is optimized with the Yoast SEO plugin v26.6 - https:\/\/yoast.com\/wordpress\/plugins\/seo\/ -->\n<title>Free Blackjack Combinatorial Analyzer<\/title>\n<meta name=\"description\" content=\"This amazingly useful software for analyzing any blackjack game is offered as freeware for Microsoft Windows, thanks to our generous community member MGP.\" \/>\n<meta name=\"robots\" content=\"index, follow, max-snippet:-1, max-image-preview:large, max-video-preview:-1\" \/>\n<link rel=\"canonical\" href=\"https:\/\/www.blackjackinfo.com\/es\/analizador-combinatorio-de-blackjack-gratuito\/\" \/>\n<meta property=\"og:locale\" content=\"es_ES\" \/>\n<meta property=\"og:type\" content=\"article\" \/>\n<meta property=\"og:title\" content=\"Free Blackjack Combinatorial Analyzer\" \/>\n<meta property=\"og:description\" content=\"This amazingly useful software for analyzing any blackjack game is offered as freeware for Microsoft Windows, thanks to our generous community member MGP.\" \/>\n<meta property=\"og:url\" content=\"https:\/\/www.blackjackinfo.com\/es\/analizador-combinatorio-de-blackjack-gratuito\/\" \/>\n<meta property=\"og:site_name\" content=\"BlackjackInfo.com\" \/>\n<meta property=\"article:modified_time\" content=\"2021-01-09T05:37:26+00:00\" \/>\n<meta name=\"twitter:label1\" content=\"Tiempo de lectura\" \/>\n\t<meta name=\"twitter:data1\" content=\"1 minuto\" \/>\n<script type=\"application\/ld+json\" class=\"yoast-schema-graph\">{\"@context\":\"https:\/\/schema.org\",\"@graph\":[{\"@type\":\"WebPage\",\"@id\":\"https:\/\/www.blackjackinfo.com\/free-blackjack-combinatorial-analyzer\/\",\"url\":\"https:\/\/www.blackjackinfo.com\/free-blackjack-combinatorial-analyzer\/\",\"name\":\"Free Blackjack Combinatorial Analyzer\",\"isPartOf\":{\"@id\":\"https:\/\/www.blackjackinfo.com\/#website\"},\"datePublished\":\"2014-11-28T00:07:42+00:00\",\"dateModified\":\"2021-01-09T05:37:26+00:00\",\"description\":\"This amazingly useful software for analyzing any blackjack game is offered as freeware for Microsoft Windows, thanks to our generous community member MGP.\",\"breadcrumb\":{\"@id\":\"https:\/\/www.blackjackinfo.com\/free-blackjack-combinatorial-analyzer\/#breadcrumb\"},\"inLanguage\":\"es\",\"potentialAction\":[{\"@type\":\"ReadAction\",\"target\":[\"https:\/\/www.blackjackinfo.com\/free-blackjack-combinatorial-analyzer\/\"]}]},{\"@type\":\"BreadcrumbList\",\"@id\":\"https:\/\/www.blackjackinfo.com\/free-blackjack-combinatorial-analyzer\/#breadcrumb\",\"itemListElement\":[{\"@type\":\"ListItem\",\"position\":1,\"name\":\"Home\",\"item\":\"https:\/\/www.blackjackinfo.com\/\"},{\"@type\":\"ListItem\",\"position\":2,\"name\":\"Free Blackjack Combinatorial Analyzer\"}]},{\"@type\":\"WebSite\",\"@id\":\"https:\/\/www.blackjackinfo.com\/#website\",\"url\":\"https:\/\/www.blackjackinfo.com\/\",\"name\":\"BlackjackInfo.com\",\"description\":\"Because Winning is More Fun!\",\"potentialAction\":[{\"@type\":\"SearchAction\",\"target\":{\"@type\":\"EntryPoint\",\"urlTemplate\":\"https:\/\/www.blackjackinfo.com\/?s={search_term_string}\"},\"query-input\":{\"@type\":\"PropertyValueSpecification\",\"valueRequired\":true,\"valueName\":\"search_term_string\"}}],\"inLanguage\":\"es\"}]}<\/script>\n<!-- \/ Yoast SEO plugin. -->","yoast_head_json":{"title":"Analizador combinatorio de Blackjack gratuito","description":"Este software incre\u00edblemente \u00fatil para analizar cualquier partida de blackjack se ofrece como freeware para Microsoft Windows, gracias a nuestro generoso miembro de la comunidad MGP.","robots":{"index":"index","follow":"follow","max-snippet":"max-snippet:-1","max-image-preview":"max-image-preview:large","max-video-preview":"max-video-preview:-1"},"canonical":"https:\/\/www.blackjackinfo.com\/es\/analizador-combinatorio-de-blackjack-gratuito\/","og_locale":"es_ES","og_type":"article","og_title":"Free Blackjack Combinatorial Analyzer","og_description":"This amazingly useful software for analyzing any blackjack game is offered as freeware for Microsoft Windows, thanks to our generous community member MGP.","og_url":"https:\/\/www.blackjackinfo.com\/es\/analizador-combinatorio-de-blackjack-gratuito\/","og_site_name":"BlackjackInfo.com","article_modified_time":"2021-01-09T05:37:26+00:00","twitter_misc":{"Tiempo de lectura":"1 minuto"},"schema":{"@context":"https:\/\/schema.org","@graph":[{"@type":"WebPage","@id":"https:\/\/www.blackjackinfo.com\/free-blackjack-combinatorial-analyzer\/","url":"https:\/\/www.blackjackinfo.com\/free-blackjack-combinatorial-analyzer\/","name":"Analizador combinatorio de Blackjack gratuito","isPartOf":{"@id":"https:\/\/www.blackjackinfo.com\/#website"},"datePublished":"2014-11-28T00:07:42+00:00","dateModified":"2021-01-09T05:37:26+00:00","description":"Este software incre\u00edblemente \u00fatil para analizar cualquier partida de blackjack se ofrece como freeware para Microsoft Windows, gracias a nuestro generoso miembro de la comunidad MGP.","breadcrumb":{"@id":"https:\/\/www.blackjackinfo.com\/free-blackjack-combinatorial-analyzer\/#breadcrumb"},"inLanguage":"es","potentialAction":[{"@type":"ReadAction","target":["https:\/\/www.blackjackinfo.com\/free-blackjack-combinatorial-analyzer\/"]}]},{"@type":"BreadcrumbList","@id":"https:\/\/www.blackjackinfo.com\/free-blackjack-combinatorial-analyzer\/#breadcrumb","itemListElement":[{"@type":"ListItem","position":1,"name":"Home","item":"https:\/\/www.blackjackinfo.com\/"},{"@type":"ListItem","position":2,"name":"Free Blackjack Combinatorial Analyzer"}]},{"@type":"WebSite","@id":"https:\/\/www.blackjackinfo.com\/#website","url":"https:\/\/www.blackjackinfo.com\/","name":"BlackjackInfo.com","description":"\u00a1Porque ganar es m\u00e1s divertido!","potentialAction":[{"@type":"SearchAction","target":{"@type":"EntryPoint","urlTemplate":"https:\/\/www.blackjackinfo.com\/?s={search_term_string}"},"query-input":{"@type":"PropertyValueSpecification","valueRequired":true,"valueName":"search_term_string"}}],"inLanguage":"es"}]}},"_links":{"self":[{"href":"https:\/\/www.blackjackinfo.com\/es\/wp-json\/wp\/v2\/pages\/1043","targetHints":{"allow":["GET"]}}],"collection":[{"href":"https:\/\/www.blackjackinfo.com\/es\/wp-json\/wp\/v2\/pages"}],"about":[{"href":"https:\/\/www.blackjackinfo.com\/es\/wp-json\/wp\/v2\/types\/page"}],"author":[{"embeddable":true,"href":"https:\/\/www.blackjackinfo.com\/es\/wp-json\/wp\/v2\/users\/2"}],"replies":[{"embeddable":true,"href":"https:\/\/www.blackjackinfo.com\/es\/wp-json\/wp\/v2\/comments?post=1043"}],"version-history":[{"count":8,"href":"https:\/\/www.blackjackinfo.com\/es\/wp-json\/wp\/v2\/pages\/1043\/revisions"}],"predecessor-version":[{"id":5860,"href":"https:\/\/www.blackjackinfo.com\/es\/wp-json\/wp\/v2\/pages\/1043\/revisions\/5860"}],"wp:attachment":[{"href":"https:\/\/www.blackjackinfo.com\/es\/wp-json\/wp\/v2\/media?parent=1043"}],"wp:term":[{"taxonomy":"post_tag","embeddable":true,"href":"https:\/\/www.blackjackinfo.com\/es\/wp-json\/wp\/v2\/tags?post=1043"}],"curies":[{"name":"wp","href":"https:\/\/api.w.org\/{rel}","templated":true}]}}