{"id":1052,"date":"2014-11-27T19:44:07","date_gmt":"2014-11-28T01:44:07","guid":{"rendered":"http:\/\/test.blackjackinfo.com\/?page_id=1052"},"modified":"2025-11-04T08:40:23","modified_gmt":"2025-11-04T14:40:23","slug":"torneos-de-blackjack","status":"publish","type":"page","link":"https:\/\/www.blackjackinfo.com\/es\/blackjack-tournaments\/","title":{"rendered":"Estrategia para torneos de blackjack"},"content":{"rendered":"<p class=\"intro\">Torneos de Blackjack <a href=\"https:\/\/www.blackjackinfo.com\/online-blackjack\/tournaments\/\">jugado en l\u00ednea<\/a> o en casinos f\u00edsicos, ofrecen uno de los mejores valores en el mundo del juego. Dado que los jugadores de torneos compiten entre s\u00ed y no contra el casino, un jugador inteligente puede obtener una gran ventaja si aprende a jugar mejor que el jugador medio.<\/p>\n<h2 style=\"text-align: center;\">Art\u00edculos sobre Torneos de Blackjack<\/h2>\n<table class=\"data-table\">\n<tbody>\n<tr>\n<th style=\"text-align: center;\" colspan=\"2\">Art\u00edculos introductorios a los torneos de blackjack<\/th>\n<\/tr>\n<tr>\n<td><a href=\"\/blackjack-tournaments\/introduction-to-tournaments\/\">Introducci\u00f3n<\/a><\/td>\n<td>Introducci\u00f3n b\u00e1sica a los torneos de blackjack<\/td>\n<\/tr>\n<tr>\n<td><a href=\"\/blackjack-tournaments\/tournament-strategy-basics\/\">Estrategia b\u00e1sica<\/a><\/td>\n<td>Conceptos b\u00e1sicos de estrategia de torneos<\/td>\n<\/tr>\n<tr>\n<th style=\"text-align: center;\" colspan=\"2\">Estrategias para torneos de blackjack<\/th>\n<\/tr>\n<tr>\n<td><a href=\"\/blackjack-tournaments\/tournament-position\/\">Posici\u00f3n<\/a><\/td>\n<td>Explica la importancia de la posici\u00f3n del asiento en la estrategia de los torneos<\/td>\n<\/tr>\n<tr>\n<td><a href=\"\/blackjack-tournaments\/catch-up-bets\/\">Apuestas de recuperaci\u00f3n<\/a><\/td>\n<td>C\u00f3mo y cu\u00e1ndo hacer una apuesta \"Catch-Up\" para tomar la delantera en fichas<\/td>\n<\/tr>\n<tr>\n<td><a href=\"\/blackjack-tournaments\/free-hits\/\">\u00c9xitos gratuitos<\/a><\/td>\n<td>Conseguir algo a cambio de nada - \"Golpes Gratis\" en los torneos de blackjack<\/td>\n<\/tr>\n<tr>\n<td><a href=\"\/blackjack-tournaments\/doubling-for-less\/\">Doblar por menos<\/a><\/td>\n<td>Una poderosa estrategia para los torneos<\/td>\n<\/tr>\n<tr>\n<td><a href=\"\/blackjack-tournaments\/the-rule-of-2-4-and-5\/\">La regla de 2, 4 y 5<\/a><\/td>\n<td>Un atajo para encontrar una apuesta \u00f3ptima en un apuro<\/td>\n<\/tr>\n<tr>\n<td><a href=\"https:\/\/www.blackjackinfo.com\/blackjack-tournaments\/beyond-wong-tournament-tips-uncle-stanford-never-told-you\/\">M\u00e1s all\u00e1 de Wong<\/a><\/td>\n<td>Consejos para torneos que el t\u00edo Stanford nunca te cont\u00f3, por Anthony Curtis<\/td>\n<\/tr>\n<tr>\n<th style=\"text-align: center;\" colspan=\"2\">Herramientas para la toma de decisiones estrat\u00e9gicas<\/th>\n<\/tr>\n<tr>\n<td><a href=\"\/dealer-outcome-probabilities\/\">Gr\u00e1ficos de resultados de los concesionarios<\/a><\/td>\n<td>Tabla de probabilidades exactas de resultado del crupier<\/td>\n<\/tr>\n<tr>\n<td><a href=\"\/double-down-probabilities\/\">Probabilidades de Double Down<\/a><\/td>\n<td>Tabla de probabilidades exactas para doblar cualquier mano de 2 cartas<\/td>\n<\/tr>\n<\/tbody>\n<\/table>\n<h2 style=\"text-align: center;\">M\u00e1s consejos de Ken Smith sobre torneos<\/h2>\n<p><a href=\"http:\/\/www.bjinsider.com\/BuyHowToWin\"><img loading=\"lazy\" decoding=\"async\" class=\"alignright size-medium wp-image-1064\" src=\"\/files\/Ebook-cover-201x300.jpg\" alt=\"How to Win More Blackjack Tournaments E-book\" width=\"201\" height=\"300\" srcset=\"https:\/\/www.blackjackinfo.com\/files\/Ebook-cover-201x300.jpg 201w, https:\/\/www.blackjackinfo.com\/files\/Ebook-cover.jpg 250w\" sizes=\"auto, (max-width: 201px) 100vw, 201px\" data-no-auto-translation=\"\" \/><\/a><\/p>\n<p class=\"intro\"><b>\u00bfQuieres m\u00e1s consejos del experto en torneos Ken Smith?<\/b><\/p>\n<p>Ken ha escrito un libro electr\u00f3nico que contiene abundante informaci\u00f3n sobre los torneos, as\u00ed como potentes consejos y estrategias para competir.<\/p>\n<p>Disponible para descarga inmediata al precio de $14,95, <a href=\"http:\/\/www.bjinsider.com\/BuyHowToWin\">C\u00f3mo ganar m\u00e1s torneos de blackjack - Volumen I<\/a> es una producci\u00f3n profesional de 98 p\u00e1ginas de informaci\u00f3n que potenciar\u00e1 tu juego.<\/p>\n<p>Este libro electr\u00f3nico contiene todo lo que necesita para llevar su juego de torneos al siguiente nivel. Con material para cada nivel de habilidad, y muchos conceptos que nunca antes han aparecido en la impresi\u00f3n, esta es una lectura obligada si usted es serio acerca de los torneos de blackjack.<\/p>\n<p>El libro de 98 p\u00e1ginas en PDF est\u00e1 disponible para su descarga inmediata tras la compra.<\/p>\n<p>Tambi\u00e9n est\u00e1 disponible un segundo libro: <a href=\"http:\/\/deepnettech.com\/estore\/index.php?main_page=product_info&amp;products_id=84\">C\u00f3mo ganar a\u00fan m\u00e1s torneos de blackjack - Volumen II<\/a>, tambi\u00e9n a $14,95. O bien, puede obtener un precio especial <a href=\"http:\/\/deepnettech.com\/estore\/index.php?main_page=product_info&amp;products_id=85\">paquete de ambos libros electr\u00f3nicos<\/a> por $24,95.<\/p>\n<h2 style=\"text-align: center;\">Mucho m\u00e1s disponible en <a href=\"https:\/\/www.blackjacktournaments.com\/\">BlackjackTournaments.com<\/a><\/h2>\n<p class=\"intro\">Nuestro sitio hermano <a href=\"https:\/\/www.blackjacktournaments.com\/\">BlackjackTournaments.com<\/a> es el lugar definitivo para debatir sobre torneos de juegos de mesa y estrategia de torneos. Muchos de los mejores jugadores del mundo participan en su activo tabl\u00f3n de mensajes. Tambi\u00e9n hay una lista gratuita de los pr\u00f3ximos torneos de blackjack de todo el pa\u00eds, con literalmente miles de eventos listados. Es una mina de oro de informaci\u00f3n sobre torneos.<\/p>\n<h2 style=\"text-align: center;\">Acerca de Ken Smith<\/h2>\n<p class=\"intro\">Ken Smith lleva compitiendo y escribiendo sobre torneos de blackjack desde 1994. Como muchos \u00e1vidos jugadores de torneos, tuvo mucho \u00e9xito al principio, ganando una considerable cantidad de dinero en eventos en su primer a\u00f1o compitiendo. Ken vive en el sur de Mississippi, cerca de la costa del Golfo, donde la industria de los casinos a\u00fan era nueva a mediados de los 90. En aquella \u00e9poca, los casinos de Mississippi compet\u00edan por el negocio y hab\u00eda torneos semanales de blackjack literalmente todas las noches de la semana en los distintos casinos. En los eventos semanales, los jugadores pod\u00edan pagar $50 de entrada y competir por $10.000 en premios. Los torneos m\u00e1s grandes se celebraban varias veces al a\u00f1o.<\/p>\n<p>Como los torneos eran nuevos en la zona, muchos de los jugadores no estaban familiarizados con las estrategias adecuadas y se encontraban en gran desventaja frente a los jugadores m\u00e1s avispados. Semana tras semana, los mismos nombres aparec\u00edan en la mesa final, y Ken estaba entre ellos. Jugaba a menudo, aprend\u00eda mucho y consegu\u00eda unos buenos ingresos suplementarios.<\/p>\n<p>Las apariciones de Ken en torneos televisados de blackjack incluyen las cuatro temporadas de las World Series of Blackjack en GSN, el Ultimate Blackjack Tour en CBS y el Las Vegas Hilton Million Dollar Blackjack Tournament en Travel Channel.<\/p>\n<p>M\u00e1s informaci\u00f3n sobre Ken <a href=\"\/ken-smith\/\">aqu\u00ed<\/a>.<\/p>","protected":false},"excerpt":{"rendered":"<p>Blackjack Tournaments, whether played online or at land-based casinos, offer one of the best values in the gambling world. Since tournament players are competing against each other instead of against the casino, a smart player can get a big edge by learning to play better than the average gambler. Articles about Blackjack Tournament Play Blackjack [&hellip;]<\/p>\n","protected":false},"author":2,"featured_media":0,"parent":0,"menu_order":0,"comment_status":"open","ping_status":"closed","template":"","meta":{"_acf_changed":false,"footnotes":""},"tags":[],"class_list":["post-1052","page","type-page","status-publish","hentry"],"acf":[],"yoast_head":"<!-- This site is optimized with the Yoast SEO plugin v26.6 - https:\/\/yoast.com\/wordpress\/plugins\/seo\/ -->\n<title>Blackjack Tournament Strategy<\/title>\n<meta name=\"description\" content=\"These articles on blackjack tournament strategy from leading expert Ken Smith will give you a big edge at the table.\" \/>\n<meta name=\"robots\" content=\"index, follow, max-snippet:-1, max-image-preview:large, max-video-preview:-1\" \/>\n<link rel=\"canonical\" href=\"https:\/\/www.blackjackinfo.com\/es\/torneos-de-blackjack\/\" \/>\n<meta property=\"og:locale\" content=\"es_ES\" \/>\n<meta property=\"og:type\" content=\"article\" \/>\n<meta property=\"og:title\" content=\"Blackjack Tournament Strategy\" \/>\n<meta property=\"og:description\" content=\"These articles on blackjack tournament strategy from leading expert Ken Smith will give you a big edge at the table.\" \/>\n<meta property=\"og:url\" content=\"https:\/\/www.blackjackinfo.com\/es\/torneos-de-blackjack\/\" \/>\n<meta property=\"og:site_name\" content=\"BlackjackInfo.com\" \/>\n<meta property=\"article:modified_time\" content=\"2025-11-04T14:40:23+00:00\" \/>\n<meta name=\"twitter:label1\" content=\"Tiempo de lectura\" \/>\n\t<meta name=\"twitter:data1\" content=\"3 minutos\" \/>\n<script type=\"application\/ld+json\" class=\"yoast-schema-graph\">{\"@context\":\"https:\/\/schema.org\",\"@graph\":[{\"@type\":\"WebPage\",\"@id\":\"https:\/\/www.blackjackinfo.com\/blackjack-tournaments\/\",\"url\":\"https:\/\/www.blackjackinfo.com\/blackjack-tournaments\/\",\"name\":\"Blackjack Tournament Strategy\",\"isPartOf\":{\"@id\":\"https:\/\/www.blackjackinfo.com\/#website\"},\"datePublished\":\"2014-11-28T01:44:07+00:00\",\"dateModified\":\"2025-11-04T14:40:23+00:00\",\"description\":\"These articles on blackjack tournament strategy from leading expert Ken Smith will give you a big edge at the table.\",\"breadcrumb\":{\"@id\":\"https:\/\/www.blackjackinfo.com\/blackjack-tournaments\/#breadcrumb\"},\"inLanguage\":\"es\",\"potentialAction\":[{\"@type\":\"ReadAction\",\"target\":[\"https:\/\/www.blackjackinfo.com\/blackjack-tournaments\/\"]}]},{\"@type\":\"BreadcrumbList\",\"@id\":\"https:\/\/www.blackjackinfo.com\/blackjack-tournaments\/#breadcrumb\",\"itemListElement\":[{\"@type\":\"ListItem\",\"position\":1,\"name\":\"Home\",\"item\":\"https:\/\/www.blackjackinfo.com\/\"},{\"@type\":\"ListItem\",\"position\":2,\"name\":\"Blackjack Tournament Strategy\"}]},{\"@type\":\"WebSite\",\"@id\":\"https:\/\/www.blackjackinfo.com\/#website\",\"url\":\"https:\/\/www.blackjackinfo.com\/\",\"name\":\"BlackjackInfo.com\",\"description\":\"Because Winning is More Fun!\",\"potentialAction\":[{\"@type\":\"SearchAction\",\"target\":{\"@type\":\"EntryPoint\",\"urlTemplate\":\"https:\/\/www.blackjackinfo.com\/?s={search_term_string}\"},\"query-input\":{\"@type\":\"PropertyValueSpecification\",\"valueRequired\":true,\"valueName\":\"search_term_string\"}}],\"inLanguage\":\"es\"}]}<\/script>\n<!-- \/ Yoast SEO plugin. -->","yoast_head_json":{"title":"Estrategia para torneos de blackjack","description":"Estos art\u00edculos sobre estrategia en torneos de blackjack del destacado experto Ken Smith te dar\u00e1n una gran ventaja en la mesa.","robots":{"index":"index","follow":"follow","max-snippet":"max-snippet:-1","max-image-preview":"max-image-preview:large","max-video-preview":"max-video-preview:-1"},"canonical":"https:\/\/www.blackjackinfo.com\/es\/torneos-de-blackjack\/","og_locale":"es_ES","og_type":"article","og_title":"Blackjack Tournament Strategy","og_description":"These articles on blackjack tournament strategy from leading expert Ken Smith will give you a big edge at the table.","og_url":"https:\/\/www.blackjackinfo.com\/es\/torneos-de-blackjack\/","og_site_name":"BlackjackInfo.com","article_modified_time":"2025-11-04T14:40:23+00:00","twitter_misc":{"Tiempo de lectura":"3 minutos"},"schema":{"@context":"https:\/\/schema.org","@graph":[{"@type":"WebPage","@id":"https:\/\/www.blackjackinfo.com\/blackjack-tournaments\/","url":"https:\/\/www.blackjackinfo.com\/blackjack-tournaments\/","name":"Estrategia para torneos de blackjack","isPartOf":{"@id":"https:\/\/www.blackjackinfo.com\/#website"},"datePublished":"2014-11-28T01:44:07+00:00","dateModified":"2025-11-04T14:40:23+00:00","description":"Estos art\u00edculos sobre estrategia en torneos de blackjack del destacado experto Ken Smith te dar\u00e1n una gran ventaja en la mesa.","breadcrumb":{"@id":"https:\/\/www.blackjackinfo.com\/blackjack-tournaments\/#breadcrumb"},"inLanguage":"es","potentialAction":[{"@type":"ReadAction","target":["https:\/\/www.blackjackinfo.com\/blackjack-tournaments\/"]}]},{"@type":"BreadcrumbList","@id":"https:\/\/www.blackjackinfo.com\/blackjack-tournaments\/#breadcrumb","itemListElement":[{"@type":"ListItem","position":1,"name":"Home","item":"https:\/\/www.blackjackinfo.com\/"},{"@type":"ListItem","position":2,"name":"Blackjack Tournament Strategy"}]},{"@type":"WebSite","@id":"https:\/\/www.blackjackinfo.com\/#website","url":"https:\/\/www.blackjackinfo.com\/","name":"BlackjackInfo.com","description":"\u00a1Porque ganar es m\u00e1s divertido!","potentialAction":[{"@type":"SearchAction","target":{"@type":"EntryPoint","urlTemplate":"https:\/\/www.blackjackinfo.com\/?s={search_term_string}"},"query-input":{"@type":"PropertyValueSpecification","valueRequired":true,"valueName":"search_term_string"}}],"inLanguage":"es"}]}},"_links":{"self":[{"href":"https:\/\/www.blackjackinfo.com\/es\/wp-json\/wp\/v2\/pages\/1052","targetHints":{"allow":["GET"]}}],"collection":[{"href":"https:\/\/www.blackjackinfo.com\/es\/wp-json\/wp\/v2\/pages"}],"about":[{"href":"https:\/\/www.blackjackinfo.com\/es\/wp-json\/wp\/v2\/types\/page"}],"author":[{"embeddable":true,"href":"https:\/\/www.blackjackinfo.com\/es\/wp-json\/wp\/v2\/users\/2"}],"replies":[{"embeddable":true,"href":"https:\/\/www.blackjackinfo.com\/es\/wp-json\/wp\/v2\/comments?post=1052"}],"version-history":[{"count":32,"href":"https:\/\/www.blackjackinfo.com\/es\/wp-json\/wp\/v2\/pages\/1052\/revisions"}],"predecessor-version":[{"id":9255,"href":"https:\/\/www.blackjackinfo.com\/es\/wp-json\/wp\/v2\/pages\/1052\/revisions\/9255"}],"wp:attachment":[{"href":"https:\/\/www.blackjackinfo.com\/es\/wp-json\/wp\/v2\/media?parent=1052"}],"wp:term":[{"taxonomy":"post_tag","embeddable":true,"href":"https:\/\/www.blackjackinfo.com\/es\/wp-json\/wp\/v2\/tags?post=1052"}],"curies":[{"name":"wp","href":"https:\/\/api.w.org\/{rel}","templated":true}]}}