{"id":1097,"date":"2014-12-09T14:03:52","date_gmt":"2014-12-09T20:03:52","guid":{"rendered":"http:\/\/test.blackjackinfo.com\/?page_id=1097"},"modified":"2018-11-12T21:24:57","modified_gmt":"2018-11-13T03:24:57","slug":"entrevistas","status":"publish","type":"page","link":"https:\/\/www.blackjackinfo.com\/es\/interviews\/","title":{"rendered":"Entrevistas"},"content":{"rendered":"<p class=\"intro\">Conozca la historia de algunos de los nombres m\u00e1s notables del blackjack, desde contadores de cartas hasta creadores de potentes sistemas para ganar al juego.<\/p>\n<p>Nuestras entrevistas:<\/p>\n<h2><a href=\"https:\/\/www.blackjackinfo.com\/interviews\/interview-with-geoff-hall\/\">Geoff Hall<\/a><\/h2>\n<p><img loading=\"lazy\" decoding=\"async\" src=\"\/files\/geoff_hall_thumbnail-150x150.jpg\" alt=\"\" width=\"150\" height=\"150\" class=\"pull-right img-responsive thumbnail\" data-no-auto-translation=\"\" \/>Si alguna vez ha jugado en l\u00ednea en un <a href=\"https:\/\/www.blackjackinfo.com\/software\/playtech\/\">Casino Playtech<\/a> o en el Strip de Las Vegas, puede que hayas visto un juego llamado Blackjack Switch.  Geoff Hall es el cerebro detr\u00e1s de esta creaci\u00f3n e invent\u00f3 el juego en el a\u00f1o 2000, que pronto se hizo lo suficientemente popular como para aparecer en muchos casinos.  Desde entonces ha creado Free Bet Blackjack, Zombie Blackjack y Zappit.<\/p>\n<p><a href=\"https:\/\/www.blackjackinfo.com\/interviews\/interview-with-geoff-hall\/\">La siguiente es una entrevista realizada por Mike \"Wizard of Odds\" Shackleford en la que se detallan las experiencias de Geoff con el conteo de cartas, la invenci\u00f3n de variaciones del blackjack y mucho m\u00e1s.<\/a><\/p>\n<hr>\n<h2><a href=\"\/interviews\/stanford-wong\/\">Stanford Wong<\/a><\/h2>\n<p><img loading=\"lazy\" decoding=\"async\" src=\"\/files\/stanford_wong-150x150.png\" alt=\"\" width=\"150\" height=\"150\" class=\"pull-right img-responsive thumbnail\" data-no-auto-translation=\"\" \/>Cuando se cre\u00f3 el Sal\u00f3n de la Fama del Blackjack, Stanford Wong fue uno de los miembros iniciales, y por una buena raz\u00f3n. Sus libros probablemente han introducido a m\u00e1s jugadores en el mundo del blackjack con ventaja que ning\u00fan otro autor de juegos de azar. Su libro m\u00e1s vendido <a href=\"http:\/\/www.amazon.com\/dp\/0935926216\/?tag=theblackjacbasic\">Blackjack profesional<\/a> es una gu\u00eda completa para el conteo de cartas. Incluye dos sistemas de recuento distintos: el sistema m\u00e1s popular, Hi-Lo, y un sistema avanzado llamado recuento de mitades de Wong.<\/p>\n<p><a href=\"\/interviews\/stanford-wong\/\">Lea la entrevista con Stanford Wong.<\/a><\/p>\n<hr>\n<h2><a href=\"\/interviews\/mit-mike-aponte\/\">Mike Aponte<\/a><\/h2>\n<p><img loading=\"lazy\" decoding=\"async\" src=\"\/files\/mike_aponte-150x150.png\" alt=\"\" width=\"150\" height=\"150\" class=\"pull-right img-responsive thumbnail\" data-no-auto-translation=\"\" \/>\"MIT Mike\" Aponte fue uno de los miembros del MIT Blackjack Team, un grupo de estudiantes del MIT que arras\u00f3 en Las Vegas a finales de la d\u00e9cada de 1990, extrayendo millones de d\u00f3lares en beneficios de los casinos mediante estrategias de juego en equipo muy exitosas.<\/p>\n<p>Mike fue campe\u00f3n de las Series Mundiales de Blackjack en 2004, el primer a\u00f1o en que la cadena por cable GSN produjo la serie. \u00c9l y su socio Dave Irvine han producido materiales de estudio para el blackjack de ventaja, disponibles en su sitio web <a href=\"http:\/\/www.blackjackinstitute.com\/\">BlackjackInstitute.com<\/a>.<\/p>\n<p><a href=\"\/interviews\/mit-mike-aponte\/\">Lea la entrevista con el MIT Mike Aponte.<\/a><\/p>\n<hr>\n<h2><a href=\"\/interviews\/lv-bear\/\">Oso LV<\/a><\/h2>\n<p><img loading=\"lazy\" decoding=\"async\" src=\"\/files\/lv_bear-150x150.png\" alt=\"\" width=\"150\" height=\"150\" class=\"pull-right img-responsive thumbnail\" data-no-auto-translation=\"\" \/>\"LV Bear\" es el seud\u00f3nimo de un experimentado jugador de ventaja que ejerce su oficio por todo el pa\u00eds. Adem\u00e1s, a trav\u00e9s de su blog, critica regularmente a los casinos y a sus directivos. <a href=\"http:\/\/www.thebeargrowls.com\/\">El oso gru\u00f1e<\/a>.  Tambi\u00e9n es moderador y miembro activo del <a href=\"https:\/\/www.blackjackinfo.com\/community\/\">foro<\/a><\/p>\n<p>Bear habla de c\u00f3mo se introdujo en el juego con ventaja, del estado actual del panorama AP y de otros temas de su vida en las mesas.<\/p>\n<p><a href=\"\/interviews\/lv-bear\/\">Lea la entrevista con LV Bear.<\/a><\/p>\n<hr>\n<h2><a href=\"\/files\/ZGInterview.pdf\">Zengrifter<\/a><\/h2>\n<p><img loading=\"lazy\" decoding=\"async\" src=\"\/files\/zengrifter-150x150.png\" alt=\"\" width=\"150\" height=\"150\" class=\"pull-right img-responsive thumbnail\" data-no-auto-translation=\"\" \/>Pol\u00e9mico e irreverente practicante entre los jugadores de blackjack, Zengrifter es tambi\u00e9n un prol\u00edfico colaborador de nuestro <a href=\"\/community\/\">foro de blackjack<\/a>. Esta entrevista de ZG fue escrita por \"Barfarkel\", el autor de <a href=\"http:\/\/deepnettech.com\/estore\/index.php?main_page=product_info&#038;products_id=62\">\"You've Got Heat\"<\/a>un libro que detalla los viajes de juego del autor a Las Vegas como contador de apuestas bajas.<\/p>\n<p><a href=\"\/interviews\/zengrifter\/\">Lea la entrevista con Zengrifter.<\/a> <\/p>\n<hr>\n<h2><a href=\"\/interviews\/hollywood-dave-stann\/\">Hollywood Dave Stann<\/a><\/h2>\n<p><img loading=\"lazy\" decoding=\"async\" src=\"\/files\/hollywood_dave_stann-150x150.png\" alt=\"\" width=\"150\" height=\"150\" class=\"pull-right img-responsive thumbnail\" data-no-auto-translation=\"\" \/>Dave Stann, m\u00e1s conocido como \"Hollywood\" Dave, deber\u00eda resultar familiar a cualquiera que haya visto torneos de blackjack en televisi\u00f3n.  Su personaje \"hecho para la televisi\u00f3n\" como el \"Chico Malo del Blackjack\" le ha hecho memorable y vendible, lo que le viene muy bien.  No est\u00e1 de m\u00e1s que su actitud vaya acompa\u00f1ada de juego.  Echa un vistazo a nuestra entrevista con Holly D para conocer mejor el mundo de Dave.<\/p>\n<p><a href=\"\/interviews\/hollywood-dave-stann\/\">Lea la entrevista con Hollywood Dave Stann.<\/a><\/p>\n<hr>\n<h2><a href=\"\/interviews\/sam-vaughn\/\">Sam Vaughn<\/a><\/h2>\n<p><img loading=\"lazy\" decoding=\"async\" src=\"\/files\/sam_vaughn-150x150.png\" alt=\"\" width=\"150\" height=\"150\" class=\"pull-right img-responsive thumbnail\" data-no-auto-translation=\"\" \/>Sam gan\u00f3 un mill\u00f3n de d\u00f3lares al quedar primero en el III Torneo del Mill\u00f3n de D\u00f3lares de Blackjack del Hilton de Las Vegas en mayo de 2005.  A\u00fan m\u00e1s impresionante es el hecho de que \u00a1lleg\u00f3 a la mesa final del mismo evento un a\u00f1o antes!  Considerado por muchos como uno de los mejores jugadores del oficio, Sam siempre fue un simp\u00e1tico embajador del juego.<\/p>\n<p><a href=\"\/interviews\/sam-vaughn\/\">Lea la entrevista con Sam Vaughn.<\/a><\/p>","protected":false},"excerpt":{"rendered":"<p>Get the story behind some of the most notable names in blackjack, from card counters to guys who created powerful systems for beating the game. Our Interviews: Geoff Hall If you&#8217;ve ever played online at a Playtech casino or on the Las Vegas Strip, you might have noticed a game called Blackjack Switch. Geoff Hall [&hellip;]<\/p>\n","protected":false},"author":2,"featured_media":0,"parent":0,"menu_order":0,"comment_status":"open","ping_status":"closed","template":"","meta":{"_acf_changed":false,"footnotes":""},"tags":[],"class_list":["post-1097","page","type-page","status-publish","hentry"],"acf":[],"yoast_head":"<!-- This site is optimized with the Yoast SEO plugin v26.6 - https:\/\/yoast.com\/wordpress\/plugins\/seo\/ -->\n<title>Interviews with Notable Blackjack Card Counters<\/title>\n<meta name=\"description\" content=\"Get the story behind some of the most notable names in blackjack, from card counters to guys who created powerful systems for beating the game.\" \/>\n<meta name=\"robots\" content=\"index, follow, max-snippet:-1, max-image-preview:large, max-video-preview:-1\" \/>\n<link rel=\"canonical\" href=\"https:\/\/www.blackjackinfo.com\/es\/entrevistas\/\" \/>\n<meta property=\"og:locale\" content=\"es_ES\" \/>\n<meta property=\"og:type\" content=\"article\" \/>\n<meta property=\"og:title\" content=\"Interviews with Notable Blackjack Card Counters\" \/>\n<meta property=\"og:description\" content=\"Get the story behind some of the most notable names in blackjack, from card counters to guys who created powerful systems for beating the game.\" \/>\n<meta property=\"og:url\" content=\"https:\/\/www.blackjackinfo.com\/es\/entrevistas\/\" \/>\n<meta property=\"og:site_name\" content=\"BlackjackInfo.com\" \/>\n<meta property=\"article:modified_time\" content=\"2018-11-13T03:24:57+00:00\" \/>\n<meta name=\"twitter:label1\" content=\"Tiempo de lectura\" \/>\n\t<meta name=\"twitter:data1\" content=\"3 minutos\" \/>\n<script type=\"application\/ld+json\" class=\"yoast-schema-graph\">{\"@context\":\"https:\/\/schema.org\",\"@graph\":[{\"@type\":\"WebPage\",\"@id\":\"https:\/\/www.blackjackinfo.com\/interviews\/\",\"url\":\"https:\/\/www.blackjackinfo.com\/interviews\/\",\"name\":\"Interviews with Notable Blackjack Card Counters\",\"isPartOf\":{\"@id\":\"https:\/\/www.blackjackinfo.com\/#website\"},\"datePublished\":\"2014-12-09T20:03:52+00:00\",\"dateModified\":\"2018-11-13T03:24:57+00:00\",\"description\":\"Get the story behind some of the most notable names in blackjack, from card counters to guys who created powerful systems for beating the game.\",\"breadcrumb\":{\"@id\":\"https:\/\/www.blackjackinfo.com\/interviews\/#breadcrumb\"},\"inLanguage\":\"es\",\"potentialAction\":[{\"@type\":\"ReadAction\",\"target\":[\"https:\/\/www.blackjackinfo.com\/interviews\/\"]}]},{\"@type\":\"BreadcrumbList\",\"@id\":\"https:\/\/www.blackjackinfo.com\/interviews\/#breadcrumb\",\"itemListElement\":[{\"@type\":\"ListItem\",\"position\":1,\"name\":\"Home\",\"item\":\"https:\/\/www.blackjackinfo.com\/\"},{\"@type\":\"ListItem\",\"position\":2,\"name\":\"Interviews\"}]},{\"@type\":\"WebSite\",\"@id\":\"https:\/\/www.blackjackinfo.com\/#website\",\"url\":\"https:\/\/www.blackjackinfo.com\/\",\"name\":\"BlackjackInfo.com\",\"description\":\"Because Winning is More Fun!\",\"potentialAction\":[{\"@type\":\"SearchAction\",\"target\":{\"@type\":\"EntryPoint\",\"urlTemplate\":\"https:\/\/www.blackjackinfo.com\/?s={search_term_string}\"},\"query-input\":{\"@type\":\"PropertyValueSpecification\",\"valueRequired\":true,\"valueName\":\"search_term_string\"}}],\"inLanguage\":\"es\"}]}<\/script>\n<!-- \/ Yoast SEO plugin. -->","yoast_head_json":{"title":"Entrevistas con Contadores de Cartas de Blackjack Notables","description":"Conozca la historia de algunos de los nombres m\u00e1s notables del blackjack, desde contadores de cartas hasta creadores de potentes sistemas para ganar al juego.","robots":{"index":"index","follow":"follow","max-snippet":"max-snippet:-1","max-image-preview":"max-image-preview:large","max-video-preview":"max-video-preview:-1"},"canonical":"https:\/\/www.blackjackinfo.com\/es\/entrevistas\/","og_locale":"es_ES","og_type":"article","og_title":"Interviews with Notable Blackjack Card Counters","og_description":"Get the story behind some of the most notable names in blackjack, from card counters to guys who created powerful systems for beating the game.","og_url":"https:\/\/www.blackjackinfo.com\/es\/entrevistas\/","og_site_name":"BlackjackInfo.com","article_modified_time":"2018-11-13T03:24:57+00:00","twitter_misc":{"Tiempo de lectura":"3 minutos"},"schema":{"@context":"https:\/\/schema.org","@graph":[{"@type":"WebPage","@id":"https:\/\/www.blackjackinfo.com\/interviews\/","url":"https:\/\/www.blackjackinfo.com\/interviews\/","name":"Entrevistas con Contadores de Cartas de Blackjack Notables","isPartOf":{"@id":"https:\/\/www.blackjackinfo.com\/#website"},"datePublished":"2014-12-09T20:03:52+00:00","dateModified":"2018-11-13T03:24:57+00:00","description":"Conozca la historia de algunos de los nombres m\u00e1s notables del blackjack, desde contadores de cartas hasta creadores de potentes sistemas para ganar al juego.","breadcrumb":{"@id":"https:\/\/www.blackjackinfo.com\/interviews\/#breadcrumb"},"inLanguage":"es","potentialAction":[{"@type":"ReadAction","target":["https:\/\/www.blackjackinfo.com\/interviews\/"]}]},{"@type":"BreadcrumbList","@id":"https:\/\/www.blackjackinfo.com\/interviews\/#breadcrumb","itemListElement":[{"@type":"ListItem","position":1,"name":"Home","item":"https:\/\/www.blackjackinfo.com\/"},{"@type":"ListItem","position":2,"name":"Interviews"}]},{"@type":"WebSite","@id":"https:\/\/www.blackjackinfo.com\/#website","url":"https:\/\/www.blackjackinfo.com\/","name":"BlackjackInfo.com","description":"\u00a1Porque ganar es m\u00e1s divertido!","potentialAction":[{"@type":"SearchAction","target":{"@type":"EntryPoint","urlTemplate":"https:\/\/www.blackjackinfo.com\/?s={search_term_string}"},"query-input":{"@type":"PropertyValueSpecification","valueRequired":true,"valueName":"search_term_string"}}],"inLanguage":"es"}]}},"_links":{"self":[{"href":"https:\/\/www.blackjackinfo.com\/es\/wp-json\/wp\/v2\/pages\/1097","targetHints":{"allow":["GET"]}}],"collection":[{"href":"https:\/\/www.blackjackinfo.com\/es\/wp-json\/wp\/v2\/pages"}],"about":[{"href":"https:\/\/www.blackjackinfo.com\/es\/wp-json\/wp\/v2\/types\/page"}],"author":[{"embeddable":true,"href":"https:\/\/www.blackjackinfo.com\/es\/wp-json\/wp\/v2\/users\/2"}],"replies":[{"embeddable":true,"href":"https:\/\/www.blackjackinfo.com\/es\/wp-json\/wp\/v2\/comments?post=1097"}],"version-history":[{"count":32,"href":"https:\/\/www.blackjackinfo.com\/es\/wp-json\/wp\/v2\/pages\/1097\/revisions"}],"predecessor-version":[{"id":5078,"href":"https:\/\/www.blackjackinfo.com\/es\/wp-json\/wp\/v2\/pages\/1097\/revisions\/5078"}],"wp:attachment":[{"href":"https:\/\/www.blackjackinfo.com\/es\/wp-json\/wp\/v2\/media?parent=1097"}],"wp:term":[{"taxonomy":"post_tag","embeddable":true,"href":"https:\/\/www.blackjackinfo.com\/es\/wp-json\/wp\/v2\/tags?post=1097"}],"curies":[{"name":"wp","href":"https:\/\/api.w.org\/{rel}","templated":true}]}}