{"id":1161,"date":"2014-12-09T22:51:47","date_gmt":"2014-12-10T03:51:47","guid":{"rendered":"http:\/\/test.blackjackinfo.com\/?page_id=1161"},"modified":"2018-09-24T04:55:39","modified_gmt":"2018-09-24T09:55:39","slug":"sam-vaughn","status":"publish","type":"page","link":"https:\/\/www.blackjackinfo.com\/es\/interviews\/sam-vaughn\/","title":{"rendered":"Entrevista con Sam Vaughn"},"content":{"rendered":"<div class=\"bji-byline\">por Rick Swogger, para BlackjackTournaments.com<\/div>\n<p><img loading=\"lazy\" decoding=\"async\" src=\"\/files\/sam_vaughn.png\" alt=\"\" width=\"300\" height=\"300\" class=\"pull-right img-responsive img-shadow-box\" data-no-auto-translation=\"\" \/>Esta entrevista apareci\u00f3 originalmente en nuestro sitio hermano <a href=\"https:\/\/www.blackjacktournaments.com\/\">BlackjackTournaments.com<\/a>.  \u00bfQui\u00e9n mejor para la primera entrevista que el hombre que bati\u00f3 todos los pron\u00f3sticos durante dos a\u00f1os consecutivos en el Torneo del Mill\u00f3n de D\u00f3lares de Blackjack del Hilton de Las Vegas?  Tanto en el segundo como en el tercer a\u00f1o de este evento (2004 y 2005), Sam Vaughn lleg\u00f3 a la mesa final de 7 jugadores que compet\u00edan por el primer premio de $1 Million.  La segunda vez, lo gan\u00f3, para alegr\u00eda de la comunidad del torneo, que sab\u00eda que no podr\u00eda haberle ocurrido a un jugador m\u00e1s merecedor.<\/p>\n<hr>\n<p class=\"intro\">Sam Vaughn se jubil\u00f3 de Correos en 1992, tras 25 a\u00f1os de servicio.  Se traslad\u00f3 a Las Vegas, Nevada, en 1995 para alejarse de la explosi\u00f3n demogr\u00e1fica de Phoenix.  Por suerte, se mud\u00f3 lo suficientemente lejos de Las Vegas, a un pueblo de 4.000 habitantes, como para que los l\u00edmites de la ciudad no le hayan alcanzado todav\u00eda.  Durante muchos a\u00f1os, mientras viv\u00eda en Phoenix, Sam conduc\u00eda su furgoneta Ford del 82 hasta Las Vegas para los torneos.  Sam compr\u00f3 la furgoneta del 82 en 1986, y le puso 300.000 millas durante 17 a\u00f1os conduciendo de ida y vuelta a Las Vegas.  Durante esos viajes, Sam sal\u00eda para Las Vegas, y paraba para pasar la noche en Laughlin.  Sam aparcaba la furgoneta junto al r\u00edo donde pasaba la noche.  Los \"buenos muchachos\" trataban de conseguirle un cuarto a Sam, o por lo menos le dejaban usar su ducha.  Cuando hac\u00eda demasiado calor en verano, Sam aparcaba la furgoneta en las monta\u00f1as.  Fue durante estos primeros d\u00edas, junto con sus amigos John, Mike, Joe y Gene Crancer, cuando Sam aprendi\u00f3 las habilidades para convertirse en un jugador de torneos de clase mundial.  Habl\u00e9 con Sam a principios de 2006...<\/p>\n<hr>\n<p><strong>RS: \u00bfCu\u00e1ndo descubri\u00f3 los torneos de blackjack?<\/strong><\/p>\n<p><strong>SV:<\/strong> Jugu\u00e9 torneos de dados en la d\u00e9cada de 1980 y cuando los casinos dejaron de organizarlos, me convencieron para jugar en un torneo de blackjack en The Four Queens en 1989.   Gan\u00e9 mi primer torneo y $50.000...<em>as\u00ed que fue un buen comienzo.<\/em><\/p>\n<p><strong>RS: \u00bfC\u00f3mo aprendi\u00f3 la estrategia de los torneos de blackjack?<\/strong><\/p>\n<p><strong>SV<\/strong>: Conoc\u00eda la gesti\u00f3n del dinero de todos los torneos de dados que hab\u00eda jugado, y eso era una gran ventaja.  En aquella \u00e9poca, nadie sab\u00eda lo que era \"apostar poco\". Para la mayor\u00eda de la gente, \"bajo\" significaba apostar cinco d\u00f3lares.  Los que sab\u00edamos administrar nuestro dinero ten\u00edamos entonces una gran ventaja. Amigos como John Ressman y otros respond\u00edan a todas mis preguntas sobre la mejor manera de jugar en determinadas situaciones.  John y muchos otros eran expertos en torneos antes de <a href=\"http:\/\/www.amazon.com\/dp\/0935926224\/?tag=theblackjacbasic\">Libro de estrategia para torneos de Stanford Wong<\/a> sali\u00f3.<\/p>\n<p><strong>RS: \u00bfEn cu\u00e1ntos torneos ha participado hasta la fecha? <\/strong><\/p>\n<p><strong>SV:<\/strong> He jugado sin parar desde 1989, m\u00e1s de 100 torneos, y hab\u00eda ganado dinero todos los a\u00f1os, algo m\u00e1s de 1,25 millones de d\u00f3lares en total, hasta que el calendario cambi\u00f3 al a\u00f1o 2000.  Entonces pas\u00e9 tres a\u00f1os y medio sin ganar nada. Eso son d\u00f3lares de verdad, no lo que estos tipos se gastan hoy en d\u00eda.<\/p>\n<p><strong>RS: H\u00e1blenos del mes de julio de 2004.<\/strong><\/p>\n<p><strong>SV:<\/strong> Fue un mes bastante bueno.  Gan\u00e9 el torneo \"Winner-Take-All\" del Reno-Atlantis la misma semana que gan\u00e9 el clasificatorio mensual para el torneo de Blackjack Hilton Million Dollar III.  El torneo del Atlantis estaba valorado en $45.000 y el del Hilton de Las Vegas en $20.000.  En el torneo de Reno, estaba \"all in\" con siete manos por jugar, pero en la \u00faltima mano (en la que yo era el l\u00edder en fichas y el \u00faltimo en apostar), ten\u00eda \"la alta y la baja\" sobre la persona que ocupaba el segundo puesto. Estaba en una posici\u00f3n excelente.<\/p>\n<p><strong>RS: Usted es la \u00fanica persona que ha llegado a la mesa final de los torneos Hilton Million Dollar II y III.  En qu\u00e9 evento estuvo m\u00e1s cerca de caer eliminado?<\/strong><\/p>\n<p><strong>SV:<\/strong> Era la segunda ronda del MDIII, y estaba tan atr\u00e1s en la \u00faltima mano que este tipo me ten\u00eda cubierto por arriba y por abajo.  Iba a tener que darle una paliza (ganarle al crupier y que el crupier le ganara a \u00e9l).  Entonces cometi\u00f3 un error y se rindi\u00f3, dej\u00e1ndome la puerta abierta para doblar.  Cuando el crupier cay\u00f3, pude pasar a la siguiente ronda.<\/p>\n<div class=\"panel\">En un lapso de dos a\u00f1os, en los Torneos Hilton del Mill\u00f3n de D\u00f3lares, Sam Vaughn jug\u00f3 un total de 18 rondas, avanzando en todas menos en dos.  P\u00e1rate a pensar en esta haza\u00f1a por un momento.\n<\/div>\n<p><strong>RS: Bien, hablemos de la mesa final del Hilton MDIII.  Se habl\u00f3 alguna vez de un \"chop\" (una distribuci\u00f3n m\u00e1s equitativa del dinero)?<\/strong><\/p>\n<p><strong>SV:<\/strong> No, hice un par de tratos paralelos antes de la mesa final, pero nadie de la mesa final mostr\u00f3 inter\u00e9s en un reparto.  Con el sorteo de comodines para la mesa final, no hab\u00eda mucho tiempo para llegar a un acuerdo.  Hice un trato en el Hilton MDII, pero s\u00f3lo con una persona. El resto de los jugadores no sab\u00edan de qu\u00e9 les estaba hablando cuando dije \"split\".  <\/p>\n<p><strong>RS: Las \u00faltimas cinco manos para $1,000,000.  Mano # 24, est\u00e1s cuarto en fichas, apostando primero, m\u00e1s de la mitad de una apuesta m\u00e1xima detr\u00e1s, \u00bfpor qu\u00e9 apostaste el m\u00ednimo?<\/strong><\/p>\n<p><strong>SV:<\/strong> Mi pensamiento en esa situaci\u00f3n era intentar evitar que los l\u00edderes apostaran fuerte y se pusieran m\u00e1s de una apuesta m\u00e1xima por delante de m\u00ed.  Si apuesto poco, puede que todos me sigan de cerca y me permitan hacer un movimiento en la siguiente mano cuando llegue a apostar el \u00faltimo.  Me repartieron 16 y perd\u00ed, pero mi idea funcion\u00f3.<\/p>\n<p><strong>RS: Mano # 25, sales con una apuesta m\u00e1xima.<\/strong><\/p>\n<p><strong>SV:<\/strong> Hago un movimiento con una apuesta m\u00e1xima y consigo otro 16, y ahora estoy listo para hacer las maletas e irme a casa.  En ese momento pens\u00e9 en doblar los 16 duros. Todav\u00eda ten\u00eda suficiente dinero para perder esta mano y seguir teniendo una oportunidad de ganar el mill\u00f3n.  Es por eso que decid\u00ed simplemente golpear, y cog\u00ed un as de 17, y empuj\u00f3 el distribuidor.<\/p>\n<p><strong>RS: Mano # 26, todos los que estaban delante de usted apostaron fuerte, excepto el l\u00edder de la banca, (BR1).  Si \u00e9l tambi\u00e9n hubiera apostado fuerte, \u00bfhabr\u00edas hecho una apuesta m\u00e1xima?<\/strong><\/p>\n<p><strong>SV:<\/strong> S\u00ed, en ese momento sent\u00ed que necesitaba quedarme con todos para mantenerlo cerca.  Termin\u00e9 consiguiendo un 12 contra un 10 del crupier.<\/p>\n<p><strong>RS: Ahora empieza la diversi\u00f3n.  Terminaste doblando tu 12 contra un 10 de la banca, \u00bfte lo pensaste mejor?<\/strong><\/p>\n<p><strong>SV:<\/strong> No, no en ese momento. Varios tipos a los que respeto me dijeron: \"S\u00ed, pero \u00bfy si quisieras volver a darle?\".  Daban por hecho que volver\u00eda a apostar, sin pasarme, y que ganar\u00eda a la banca.  Yo simplemente la dobl\u00e9 y consegu\u00ed un dos.  Si hubiera acertado dos veces, me habr\u00eda pasado. Entonces, la banca se habr\u00eda pasado detr\u00e1s de m\u00ed y habr\u00eda eliminado cualquier posibilidad de ganar.<\/p>\n<p><strong>RS: La mano # 27, la pen\u00faltima, acaba siendo la m\u00e1s interesante de todo el torneo.  Eres el l\u00edder en fichas (BR1) y tus perseguidores m\u00e1s cercanos han hecho todos apuestas m\u00e1ximas junto contigo.  Te reparten 4-5 y a BR3 le dan un blackjack, lo que le pone en cabeza.  Aunque vas a apostar despu\u00e9s de este jugador, decides doblar tu 9 contra un 10 del crupier.  \u00bfPor qu\u00e9?<br \/>\n<\/strong><\/p>\n<p><strong>SV:<\/strong> Estaba pensando que si pierdo esta mano, se acab\u00f3.  Me estaba jugando un mill\u00f3n de d\u00f3lares en esta mano.  No quer\u00eda ganar la mano y seguir siendo BR2, as\u00ed que decid\u00ed doblar.  Cog\u00ed el 10 y el crupier me dio el 18.  No podr\u00eda haber salido mejor.<\/p>\n<p><strong>RS: Mano # 28, s\u00f3lo hay una persona a una apuesta m\u00e1xima tuya en este momento.  Debes sentirte muy bien con tu posici\u00f3n.  Cu\u00e9ntanoslo.<\/strong><\/p>\n<p><strong>SV:<\/strong> Estoy en buena posici\u00f3n tanto en fichas como en orden de juego.  Igual\u00e9 sus apuestas m\u00e1ximas y esper\u00e9.  BR2 dobl\u00f3 y estaba tieso, BR3 dobl\u00f3 en un 17, y yo ten\u00eda 18.  Si el crupier hace cualquier mano, ganar\u00e9 $1.000.000. Supuse que la banca no hab\u00eda dado la vuelta a un diez desde hac\u00eda bastante tiempo, y que se hab\u00eda pasado.  (La banca ten\u00eda un siete.) El diez se dio la vuelta y se acab\u00f3 el torneo.<\/p>\n<p><strong>RS: \u00bfC\u00f3mo te pag\u00f3 el Hilton el $1.000.000?<\/strong><\/p>\n<p><strong>SV:<\/strong> Quer\u00edan darme un estante de mil fichas $1,000. \u00bfMe ves caminando as\u00ed por el casino?  En vez de eso cog\u00ed un cheque.<\/p>\n<p><strong>RS: S\u00f3lo por curiosidad, \u00bfcu\u00e1nto le diste de propina al concesionario?<\/strong><\/p>\n<p><strong>SV:<\/strong> Quer\u00eda que el cheque fuera por $1,000,000.  Quedaba mejor as\u00ed, un cheque de 1.000.000 de PTT, as\u00ed que mi amigo ten\u00eda 1.000.000 PTT y yo 1.000.000 PTT, as\u00ed que les di eso.  Hubiera sido m\u00e1s, pero parec\u00eda que el personal del Hilton s\u00f3lo quer\u00eda que nos fu\u00e9ramos de all\u00ed.<\/p>\n<p><strong>RS: \u00bfQu\u00e9 hizo con el dinero?<\/strong><\/p>\n<p><strong>SV:<\/strong> Todav\u00eda no he terminado de contarlo.  No, en realidad me repart\u00ed $10.000 con una persona del a\u00f1o pasado, $10.000 con un amigo en la tercera ronda, $20.000 con otra persona en semifinales, y mi buen amigo, Fred (Heilmann) se llev\u00f3 $500.000.  M\u00e1s tarde, la Srta. Vicky y yo nos fuimos de viaje a Australia, Nueva Zelanda y Fiyi.<\/p>\n<p><strong>RS: Describe tu situaci\u00f3n con Fred.<\/strong><\/p>\n<p><strong>SV:<\/strong> El primer a\u00f1o del Torneo de Blackjack Hilton Million Dollar, \u00e9ramos cuatro los que \u00edbamos juntos.  Como no ten\u00edamos fondos para jugar todos los meses, nos turn\u00e1bamos.  El segundo a\u00f1o del Hilton, s\u00f3lo \u00e9ramos tres: Fred, su hijastro y yo.  Los otros dos quer\u00edan jugar todos los meses, as\u00ed que se retiraron del grupo.  Este \u00faltimo a\u00f1o, solo est\u00e1bamos Fred y yo de acuerdo.<\/p>\n<p><strong>RS: Por \u00faltimo, \u00bfqu\u00e9 tipo de consejos o sugerencias puede dar a nuestros miembros que puedan ser nuevos en el blackjack de torneo?<\/strong><\/p>\n<p><strong>SV:<\/strong> Juega todos los minitorneos y tantos torneos como puedas.  Si te eliminan, qu\u00e9date a observar la mesa y eval\u00faa su juego.  Habla con otros jugadores a los que respetes sobre cualquier cosa que no entiendas.  <\/p>\n<div class=\"panel\">\nPara los que no est\u00e9n familiarizados con el III Torneo Hilton MDBJ, el bankroll inicial era de $5.000 con una apuesta m\u00ednima de $100 y una apuesta m\u00e1xima de $2.500.  Sam termin\u00f3 con $18.250.  Esto es 7,3 veces la apuesta m\u00e1xima despu\u00e9s de 28 manos. Las \u00faltimas cinco manos del torneo para Sam: p\u00e9rdida, push, victoria, victoria, victoria.  Lo importante es el hecho de que perdi\u00f3 una apuesta m\u00ednima, gan\u00f3 una apuesta m\u00e1xima y gan\u00f3 dos apuestas m\u00e1ximas dobles.\n<\/div>\n<div class=\"panel\">\nLamento comunicar la noticia del fallecimiento de Sam Vaughn en 2011.  Se fue una de las personalidades m\u00e1s singulares y entra\u00f1ables del mundo de los torneos.  Nunca habr\u00e1 otro como \u00e9l.  RIP Sam.\n<\/div>\n<p><a href=\"\/interviews\/\">\u2190 Volver a Entrevistas sobre el Blackjack<\/a><\/p>","protected":false},"excerpt":{"rendered":"<p>by Rick Swogger, for BlackjackTournaments.com This interview originally appeared at our sister site BlackjackTournaments.com. Who better for the first interview there than the man who beat long odds two years running in the Las Vegas Hilton Million Dollar Blackjack Tournament? In both the second and third year of that event (2004 and 2005), Sam Vaughn [&hellip;]<\/p>\n","protected":false},"author":2,"featured_media":0,"parent":1097,"menu_order":0,"comment_status":"open","ping_status":"open","template":"","meta":{"_acf_changed":false,"footnotes":""},"tags":[],"class_list":["post-1161","page","type-page","status-publish","hentry"],"acf":[],"yoast_head":"<!-- This site is optimized with the Yoast SEO plugin v26.6 - https:\/\/yoast.com\/wordpress\/plugins\/seo\/ -->\n<title>Interview with Sam Vaughn<\/title>\n<meta name=\"description\" content=\"Sam Vaughn was a popular and successful tournament player, even before he won $1 million in the Las Vegas Hilton Million Dollar Blackjack Tournament.\" \/>\n<meta name=\"robots\" content=\"index, follow, max-snippet:-1, max-image-preview:large, max-video-preview:-1\" \/>\n<link rel=\"canonical\" href=\"https:\/\/www.blackjackinfo.com\/es\/entrevistas\/sam-vaughn\/\" \/>\n<meta property=\"og:locale\" content=\"es_ES\" \/>\n<meta property=\"og:type\" content=\"article\" \/>\n<meta property=\"og:title\" content=\"Interview with Sam Vaughn\" \/>\n<meta property=\"og:description\" content=\"Sam Vaughn was a popular and successful tournament player, even before he won $1 million in the Las Vegas Hilton Million Dollar Blackjack Tournament.\" \/>\n<meta property=\"og:url\" content=\"https:\/\/www.blackjackinfo.com\/es\/entrevistas\/sam-vaughn\/\" \/>\n<meta property=\"og:site_name\" content=\"BlackjackInfo.com\" \/>\n<meta property=\"article:modified_time\" content=\"2018-09-24T09:55:39+00:00\" \/>\n<meta name=\"twitter:label1\" content=\"Tiempo de lectura\" \/>\n\t<meta name=\"twitter:data1\" content=\"9 minutos\" \/>\n<script type=\"application\/ld+json\" class=\"yoast-schema-graph\">{\"@context\":\"https:\/\/schema.org\",\"@graph\":[{\"@type\":\"WebPage\",\"@id\":\"https:\/\/www.blackjackinfo.com\/interviews\/sam-vaughn\/\",\"url\":\"https:\/\/www.blackjackinfo.com\/interviews\/sam-vaughn\/\",\"name\":\"Interview with Sam Vaughn\",\"isPartOf\":{\"@id\":\"https:\/\/www.blackjackinfo.com\/#website\"},\"datePublished\":\"2014-12-10T03:51:47+00:00\",\"dateModified\":\"2018-09-24T09:55:39+00:00\",\"description\":\"Sam Vaughn was a popular and successful tournament player, even before he won $1 million in the Las Vegas Hilton Million Dollar Blackjack Tournament.\",\"breadcrumb\":{\"@id\":\"https:\/\/www.blackjackinfo.com\/interviews\/sam-vaughn\/#breadcrumb\"},\"inLanguage\":\"es\",\"potentialAction\":[{\"@type\":\"ReadAction\",\"target\":[\"https:\/\/www.blackjackinfo.com\/interviews\/sam-vaughn\/\"]}]},{\"@type\":\"BreadcrumbList\",\"@id\":\"https:\/\/www.blackjackinfo.com\/interviews\/sam-vaughn\/#breadcrumb\",\"itemListElement\":[{\"@type\":\"ListItem\",\"position\":1,\"name\":\"Home\",\"item\":\"https:\/\/www.blackjackinfo.com\/\"},{\"@type\":\"ListItem\",\"position\":2,\"name\":\"Interviews\",\"item\":\"https:\/\/www.blackjackinfo.com\/interviews\/\"},{\"@type\":\"ListItem\",\"position\":3,\"name\":\"Interview with Sam Vaughn\"}]},{\"@type\":\"WebSite\",\"@id\":\"https:\/\/www.blackjackinfo.com\/#website\",\"url\":\"https:\/\/www.blackjackinfo.com\/\",\"name\":\"BlackjackInfo.com\",\"description\":\"Because Winning is More Fun!\",\"potentialAction\":[{\"@type\":\"SearchAction\",\"target\":{\"@type\":\"EntryPoint\",\"urlTemplate\":\"https:\/\/www.blackjackinfo.com\/?s={search_term_string}\"},\"query-input\":{\"@type\":\"PropertyValueSpecification\",\"valueRequired\":true,\"valueName\":\"search_term_string\"}}],\"inLanguage\":\"es\"}]}<\/script>\n<!-- \/ Yoast SEO plugin. -->","yoast_head_json":{"title":"Entrevista con Sam Vaughn","description":"Sam Vaughn era un popular y exitoso jugador de torneos, incluso antes de ganar $1 mill\u00f3n en el Torneo del Mill\u00f3n de D\u00f3lares de Blackjack del Hilton de Las Vegas.","robots":{"index":"index","follow":"follow","max-snippet":"max-snippet:-1","max-image-preview":"max-image-preview:large","max-video-preview":"max-video-preview:-1"},"canonical":"https:\/\/www.blackjackinfo.com\/es\/entrevistas\/sam-vaughn\/","og_locale":"es_ES","og_type":"article","og_title":"Interview with Sam Vaughn","og_description":"Sam Vaughn was a popular and successful tournament player, even before he won $1 million in the Las Vegas Hilton Million Dollar Blackjack Tournament.","og_url":"https:\/\/www.blackjackinfo.com\/es\/entrevistas\/sam-vaughn\/","og_site_name":"BlackjackInfo.com","article_modified_time":"2018-09-24T09:55:39+00:00","twitter_misc":{"Tiempo de lectura":"9 minutos"},"schema":{"@context":"https:\/\/schema.org","@graph":[{"@type":"WebPage","@id":"https:\/\/www.blackjackinfo.com\/interviews\/sam-vaughn\/","url":"https:\/\/www.blackjackinfo.com\/interviews\/sam-vaughn\/","name":"Entrevista con Sam Vaughn","isPartOf":{"@id":"https:\/\/www.blackjackinfo.com\/#website"},"datePublished":"2014-12-10T03:51:47+00:00","dateModified":"2018-09-24T09:55:39+00:00","description":"Sam Vaughn era un popular y exitoso jugador de torneos, incluso antes de ganar $1 mill\u00f3n en el Torneo del Mill\u00f3n de D\u00f3lares de Blackjack del Hilton de Las Vegas.","breadcrumb":{"@id":"https:\/\/www.blackjackinfo.com\/interviews\/sam-vaughn\/#breadcrumb"},"inLanguage":"es","potentialAction":[{"@type":"ReadAction","target":["https:\/\/www.blackjackinfo.com\/interviews\/sam-vaughn\/"]}]},{"@type":"BreadcrumbList","@id":"https:\/\/www.blackjackinfo.com\/interviews\/sam-vaughn\/#breadcrumb","itemListElement":[{"@type":"ListItem","position":1,"name":"Home","item":"https:\/\/www.blackjackinfo.com\/"},{"@type":"ListItem","position":2,"name":"Interviews","item":"https:\/\/www.blackjackinfo.com\/interviews\/"},{"@type":"ListItem","position":3,"name":"Interview with Sam Vaughn"}]},{"@type":"WebSite","@id":"https:\/\/www.blackjackinfo.com\/#website","url":"https:\/\/www.blackjackinfo.com\/","name":"BlackjackInfo.com","description":"\u00a1Porque ganar es m\u00e1s divertido!","potentialAction":[{"@type":"SearchAction","target":{"@type":"EntryPoint","urlTemplate":"https:\/\/www.blackjackinfo.com\/?s={search_term_string}"},"query-input":{"@type":"PropertyValueSpecification","valueRequired":true,"valueName":"search_term_string"}}],"inLanguage":"es"}]}},"_links":{"self":[{"href":"https:\/\/www.blackjackinfo.com\/es\/wp-json\/wp\/v2\/pages\/1161","targetHints":{"allow":["GET"]}}],"collection":[{"href":"https:\/\/www.blackjackinfo.com\/es\/wp-json\/wp\/v2\/pages"}],"about":[{"href":"https:\/\/www.blackjackinfo.com\/es\/wp-json\/wp\/v2\/types\/page"}],"author":[{"embeddable":true,"href":"https:\/\/www.blackjackinfo.com\/es\/wp-json\/wp\/v2\/users\/2"}],"replies":[{"embeddable":true,"href":"https:\/\/www.blackjackinfo.com\/es\/wp-json\/wp\/v2\/comments?post=1161"}],"version-history":[{"count":8,"href":"https:\/\/www.blackjackinfo.com\/es\/wp-json\/wp\/v2\/pages\/1161\/revisions"}],"predecessor-version":[{"id":4872,"href":"https:\/\/www.blackjackinfo.com\/es\/wp-json\/wp\/v2\/pages\/1161\/revisions\/4872"}],"up":[{"embeddable":true,"href":"https:\/\/www.blackjackinfo.com\/es\/wp-json\/wp\/v2\/pages\/1097"}],"wp:attachment":[{"href":"https:\/\/www.blackjackinfo.com\/es\/wp-json\/wp\/v2\/media?parent=1161"}],"wp:term":[{"taxonomy":"post_tag","embeddable":true,"href":"https:\/\/www.blackjackinfo.com\/es\/wp-json\/wp\/v2\/tags?post=1161"}],"curies":[{"name":"wp","href":"https:\/\/api.w.org\/{rel}","templated":true}]}}