{"id":1219,"date":"2014-12-10T21:49:52","date_gmt":"2014-12-11T02:49:52","guid":{"rendered":"http:\/\/test.blackjackinfo.com\/?page_id=1219"},"modified":"2018-06-22T01:10:48","modified_gmt":"2018-06-22T06:10:48","slug":"fundamentos-del-casino","status":"publish","type":"page","link":"https:\/\/www.blackjackinfo.com\/es\/blackjack-rules\/casino-basics\/","title":{"rendered":"Reglas del Blackjack: Parte 1 - Conceptos b\u00e1sicos de casino"},"content":{"rendered":"<div class=\"bji-byline\">por <a href=\"\/ken-smith\/\">Kenneth R Smith<\/a><\/div>\n<h2 class=\"text-center\">Elegir una mesa<\/h2>\n<p>Si eres nuevo en el juego, hay algunos elementos en los que debes fijarte cuando busques...<\/p>\n<p>Lo m\u00e1s importante es el cartel que indica los l\u00edmites de apuesta. Si est\u00e1 leyendo esto, probablemente no querr\u00e1 sentarse en una mesa que exija una apuesta m\u00ednima de $100.  Tanto la apuesta m\u00ednima como la m\u00e1xima permitidas deben figurar en un cartel en el tablero de la mesa. Busque una mesa que se adapte a sus apuestas.<\/p>\n<p>Aseg\u00farese de que la mesa que ha elegido es realmente para blackjack, y no otro de los muchos tipos de juegos de mesa que ofrecen los casinos. Busque en la mesa la frase \"<i>El Blackjack se paga 3 a 2<\/i>\".  Evite cualquier juego que diga \"<i>El blackjack se paga de 6 a 5<\/i>\". (V\u00e9ase <a href=\"\/no-6-to-5-blackjack\/\">\u00bfBlackjack 6 a 5? \u00a1Di que no!<\/a>.)<\/p>\n<p>A continuaci\u00f3n, observe c\u00f3mo se reparte el juego.  Hay dos estilos diferentes de repartir:<\/p>\n<ul>\n<li><strong>Juegos de zapatos<\/strong>: El crupier distribuye las cartas de un zapato y las cartas de los jugadores se reparten boca arriba.  Estos juegos suelen utilizar 6 u 8 barajas de cartas.<\/li>\n<li><strong>Juegos port\u00e1tiles<\/strong>: El crupier tiene las cartas en la mano y suele repartir las cartas boca abajo a los jugadores.  Estos juegos suelen utilizar 1 o 2 barajas de cartas.<\/li>\n<\/ul>\n<p>Los principiantes deber\u00edan empezar jugando a los juegos de zapato.  La ventaja de este estilo es que todas las cartas de los jugadores se reparten boca arriba, por lo que el crupier y los dem\u00e1s jugadores pueden ayudarle f\u00e1cilmente con preguntas y decisiones sobre el juego. Una vez que domine el juego, puede cambiar a un juego con menos barajas, ya que as\u00ed disminuye la ventaja del casino.<\/p>\n<hr>\n<h2 class=\"text-center\">Comprar patatas fritas<\/h2>\n<p>Para jugar, tendr\u00e1 que cambiar algo de dinero por fichas del crupier.<\/p>\n<p>Espere a una pausa en la acci\u00f3n y coloque su dinero delante de usted en el fieltro de la mesa.<\/p>\n<p>Aqu\u00ed se aplican algunos puntos de etiqueta:<\/p>\n<ul>\n<li>No intentes entregarle tu dinero al croupier.  Por razones de seguridad, no puede coger nada de tus manos.  D\u00e9jalo sobre la mesa.<\/li>\n<li>No lo pongas en el c\u00edrculo de apuestas, ya que algunos casinos permiten apuestas en efectivo y el crupier puede pensar que quieres apostarlo todo.<\/li>\n<li>Compra al menos el dinero suficiente para jugar varias manos.  Un jugador t\u00edpico de $5 podr\u00eda comprar por $40 m\u00e1s o menos.<\/li>\n<\/ul>\n<p>El crupier cambiar\u00e1 la cantidad total de dinero en efectivo por el equivalente en fichas, y dejar\u00e1 el dinero en efectivo en una caja sobre la mesa.<\/p>\n<p>Echa un vistazo r\u00e1pido a los chips para asegurarte de que conoces el valor de cada color.  Los colores m\u00e1s comunes son el rojo para $5, el verde para $25 y el negro para $100.<\/p>\n<p>Si tienes alguna duda, pregunta al crupier.  Parte de su trabajo consiste en ayudar a los jugadores a aprender el juego.<\/p>\n<hr>\n<h2 class=\"text-center\">Hacer una apuesta<\/h2>\n<p>Cuando est\u00e9 listo para realizar una apuesta, espere a que se complete la mano actual y, a continuaci\u00f3n, introduzca su apuesta en el c\u00edrculo de apuestas.<\/p>\n<p>Las fichas deben estar en una sola pila.  Si apuesta varias denominaciones de fichas, coloque las fichas de mayor valor en la parte inferior de la pila y las de menor valor en la parte superior.<\/p>\n<p>Una vez repartidas las cartas, no est\u00e1 permitido tocar la apuesta en el c\u00edrculo.  Si necesita saber cu\u00e1nto ha apostado para doblar o dividir (se explica m\u00e1s adelante), el crupier contar\u00e1 las fichas por usted.<\/p>\n<p>Una vez terminada la mano, el crupier se mover\u00e1 por la mesa a cada posici\u00f3n por turnos, pagando las manos ganadoras y recogiendo las fichas de las manos perdedoras. Cuando el crupier le haya pagado, podr\u00e1 retirar sus fichas del c\u00edrculo y realizar su siguiente apuesta.<\/p>\n<p>Si quiere dejar correr sus ganancias, tendr\u00e1 que formar una pila de fichas de las dos o m\u00e1s pilas que haya en la mesa despu\u00e9s de que el crupier le pague. Recuerde que las fichas de mayor valor deben colocarse en la parte inferior de la pila.<\/p>\n<hr>\n<h2 class=\"text-center\">Cobrar tus fichas<\/h2>\n<p>Cuando est\u00e9 listo para abandonar la mesa, no canjee sus fichas del mismo modo que las compr\u00f3.  El crupier no puede darle dinero en efectivo por las fichas en la mesa.  Para ello, debe llevar las fichas al cajero del casino.<\/p>\n<p>Si tiene muchas fichas de baja denominaci\u00f3n delante de usted en la mesa, deber\u00eda cambiarlas por las fichas equivalentes de mayor valor.  Entre manos, d\u00edgale al crupier que quiere \"colorear\", y \u00e9l le har\u00e1 colocar sus fichas en el centro de la mesa.  Las contar\u00e1 y le dar\u00e1 un mont\u00f3n m\u00e1s peque\u00f1o de fichas del mismo valor.  De este modo, le resultar\u00e1 m\u00e1s f\u00e1cil llevarlas y el crupier mantendr\u00e1 su reserva de fichas m\u00e1s peque\u00f1as.<\/p>\n<p>Ahora puedes llevarte esas fichas a otra mesa para seguir jugando, o dirigirte al cajero del casino donde podr\u00e1s cambiarlas por dinero en efectivo.<\/p>\n<hr>\n<p class=\"left\">\u2190 Volver a <a href=\"\/blackjack-rules\/\" rel=\"prev\">Reglas del Blackjack<\/a><\/p>\n<p class=\"right\">Parte 2 - <a href=\"\/blackjack-rules\/blackjack-basics\" rel=\"next\">Fundamentos del Blackjack<\/a> \u2192<\/p>","protected":false},"excerpt":{"rendered":"<p>by Kenneth R Smith Choosing a table If you are new to the game, there are a few items you should notice when looking for a game&#8230; The most important item is the sign declaring betting limits. If you are reading this, you probably don&#8217;t want to sit down at a table that requires a [&hellip;]<\/p>\n","protected":false},"author":2,"featured_media":0,"parent":1174,"menu_order":1,"comment_status":"open","ping_status":"open","template":"","meta":{"_acf_changed":false,"footnotes":""},"tags":[],"class_list":["post-1219","page","type-page","status-publish","hentry"],"acf":[],"yoast_head":"<!-- This site is optimized with the Yoast SEO plugin v26.6 - https:\/\/yoast.com\/wordpress\/plugins\/seo\/ -->\n<title>Blackjack Rules: Part 1 - Casino Basics<\/title>\n<meta name=\"description\" content=\"Casino table games can be intimidating to a beginner. We will show you what to expect, and how to handle the basics, from buying in to cashing out.\" \/>\n<meta name=\"robots\" content=\"index, follow, max-snippet:-1, max-image-preview:large, max-video-preview:-1\" \/>\n<link rel=\"canonical\" href=\"https:\/\/www.blackjackinfo.com\/es\/reglas-del-blackjack\/\" \/>\n<meta property=\"og:locale\" content=\"es_ES\" \/>\n<meta property=\"og:type\" content=\"article\" \/>\n<meta property=\"og:title\" content=\"Blackjack Rules: Part 1 - Casino Basics\" \/>\n<meta property=\"og:description\" content=\"Casino table games can be intimidating to a beginner. We will show you what to expect, and how to handle the basics, from buying in to cashing out.\" \/>\n<meta property=\"og:url\" content=\"https:\/\/www.blackjackinfo.com\/es\/reglas-del-blackjack\/\" \/>\n<meta property=\"og:site_name\" content=\"BlackjackInfo.com\" \/>\n<meta property=\"article:modified_time\" content=\"2018-06-22T06:10:48+00:00\" \/>\n<meta name=\"twitter:label1\" content=\"Tiempo de lectura\" \/>\n\t<meta name=\"twitter:data1\" content=\"4 minutos\" \/>\n<script type=\"application\/ld+json\" class=\"yoast-schema-graph\">{\"@context\":\"https:\/\/schema.org\",\"@graph\":[{\"@type\":\"WebPage\",\"@id\":\"https:\/\/www.blackjackinfo.com\/blackjack-rules\/casino-basics\/\",\"url\":\"https:\/\/www.blackjackinfo.com\/blackjack-rules\/\",\"name\":\"Blackjack Rules: Part 1 - Casino Basics\",\"isPartOf\":{\"@id\":\"https:\/\/www.blackjackinfo.com\/#website\"},\"datePublished\":\"2014-12-11T02:49:52+00:00\",\"dateModified\":\"2018-06-22T06:10:48+00:00\",\"description\":\"Casino table games can be intimidating to a beginner. We will show you what to expect, and how to handle the basics, from buying in to cashing out.\",\"breadcrumb\":{\"@id\":\"https:\/\/www.blackjackinfo.com\/blackjack-rules\/#breadcrumb\"},\"inLanguage\":\"es\",\"potentialAction\":[{\"@type\":\"ReadAction\",\"target\":[\"https:\/\/www.blackjackinfo.com\/blackjack-rules\/\"]}]},{\"@type\":\"BreadcrumbList\",\"@id\":\"https:\/\/www.blackjackinfo.com\/blackjack-rules\/#breadcrumb\",\"itemListElement\":[{\"@type\":\"ListItem\",\"position\":1,\"name\":\"Home\",\"item\":\"https:\/\/www.blackjackinfo.com\/\"},{\"@type\":\"ListItem\",\"position\":2,\"name\":\"Casino Blackjack: Rules of the Game\",\"item\":\"https:\/\/www.blackjackinfo.com\/blackjack-rules\/\"},{\"@type\":\"ListItem\",\"position\":3,\"name\":\"Blackjack Rules: Part 1 &#8211; Casino Basics\"}]},{\"@type\":\"WebSite\",\"@id\":\"https:\/\/www.blackjackinfo.com\/#website\",\"url\":\"https:\/\/www.blackjackinfo.com\/\",\"name\":\"BlackjackInfo.com\",\"description\":\"Because Winning is More Fun!\",\"potentialAction\":[{\"@type\":\"SearchAction\",\"target\":{\"@type\":\"EntryPoint\",\"urlTemplate\":\"https:\/\/www.blackjackinfo.com\/?s={search_term_string}\"},\"query-input\":{\"@type\":\"PropertyValueSpecification\",\"valueRequired\":true,\"valueName\":\"search_term_string\"}}],\"inLanguage\":\"es\"}]}<\/script>\n<!-- \/ Yoast SEO plugin. -->","yoast_head_json":{"title":"Reglas del Blackjack: Parte 1 - Conceptos b\u00e1sicos de casino","description":"Los juegos de mesa de casino pueden intimidar a los principiantes. Le mostraremos qu\u00e9 esperar y c\u00f3mo manejar los aspectos b\u00e1sicos, desde la compra hasta el cobro.","robots":{"index":"index","follow":"follow","max-snippet":"max-snippet:-1","max-image-preview":"max-image-preview:large","max-video-preview":"max-video-preview:-1"},"canonical":"https:\/\/www.blackjackinfo.com\/es\/reglas-del-blackjack\/","og_locale":"es_ES","og_type":"article","og_title":"Blackjack Rules: Part 1 - Casino Basics","og_description":"Casino table games can be intimidating to a beginner. We will show you what to expect, and how to handle the basics, from buying in to cashing out.","og_url":"https:\/\/www.blackjackinfo.com\/es\/reglas-del-blackjack\/","og_site_name":"BlackjackInfo.com","article_modified_time":"2018-06-22T06:10:48+00:00","twitter_misc":{"Tiempo de lectura":"4 minutos"},"schema":{"@context":"https:\/\/schema.org","@graph":[{"@type":"WebPage","@id":"https:\/\/www.blackjackinfo.com\/blackjack-rules\/casino-basics\/","url":"https:\/\/www.blackjackinfo.com\/blackjack-rules\/","name":"Reglas del Blackjack: Parte 1 - Conceptos b\u00e1sicos de casino","isPartOf":{"@id":"https:\/\/www.blackjackinfo.com\/#website"},"datePublished":"2014-12-11T02:49:52+00:00","dateModified":"2018-06-22T06:10:48+00:00","description":"Los juegos de mesa de casino pueden intimidar a los principiantes. Le mostraremos qu\u00e9 esperar y c\u00f3mo manejar los aspectos b\u00e1sicos, desde la compra hasta el cobro.","breadcrumb":{"@id":"https:\/\/www.blackjackinfo.com\/blackjack-rules\/#breadcrumb"},"inLanguage":"es","potentialAction":[{"@type":"ReadAction","target":["https:\/\/www.blackjackinfo.com\/blackjack-rules\/"]}]},{"@type":"BreadcrumbList","@id":"https:\/\/www.blackjackinfo.com\/blackjack-rules\/#breadcrumb","itemListElement":[{"@type":"ListItem","position":1,"name":"Home","item":"https:\/\/www.blackjackinfo.com\/"},{"@type":"ListItem","position":2,"name":"Casino Blackjack: Rules of the Game","item":"https:\/\/www.blackjackinfo.com\/blackjack-rules\/"},{"@type":"ListItem","position":3,"name":"Blackjack Rules: Part 1 &#8211; Casino Basics"}]},{"@type":"WebSite","@id":"https:\/\/www.blackjackinfo.com\/#website","url":"https:\/\/www.blackjackinfo.com\/","name":"BlackjackInfo.com","description":"\u00a1Porque ganar es m\u00e1s divertido!","potentialAction":[{"@type":"SearchAction","target":{"@type":"EntryPoint","urlTemplate":"https:\/\/www.blackjackinfo.com\/?s={search_term_string}"},"query-input":{"@type":"PropertyValueSpecification","valueRequired":true,"valueName":"search_term_string"}}],"inLanguage":"es"}]}},"_links":{"self":[{"href":"https:\/\/www.blackjackinfo.com\/es\/wp-json\/wp\/v2\/pages\/1219","targetHints":{"allow":["GET"]}}],"collection":[{"href":"https:\/\/www.blackjackinfo.com\/es\/wp-json\/wp\/v2\/pages"}],"about":[{"href":"https:\/\/www.blackjackinfo.com\/es\/wp-json\/wp\/v2\/types\/page"}],"author":[{"embeddable":true,"href":"https:\/\/www.blackjackinfo.com\/es\/wp-json\/wp\/v2\/users\/2"}],"replies":[{"embeddable":true,"href":"https:\/\/www.blackjackinfo.com\/es\/wp-json\/wp\/v2\/comments?post=1219"}],"version-history":[{"count":23,"href":"https:\/\/www.blackjackinfo.com\/es\/wp-json\/wp\/v2\/pages\/1219\/revisions"}],"predecessor-version":[{"id":1654,"href":"https:\/\/www.blackjackinfo.com\/es\/wp-json\/wp\/v2\/pages\/1219\/revisions\/1654"}],"up":[{"embeddable":true,"href":"https:\/\/www.blackjackinfo.com\/es\/wp-json\/wp\/v2\/pages\/1174"}],"wp:attachment":[{"href":"https:\/\/www.blackjackinfo.com\/es\/wp-json\/wp\/v2\/media?parent=1219"}],"wp:term":[{"taxonomy":"post_tag","embeddable":true,"href":"https:\/\/www.blackjackinfo.com\/es\/wp-json\/wp\/v2\/tags?post=1219"}],"curies":[{"name":"wp","href":"https:\/\/api.w.org\/{rel}","templated":true}]}}