{"id":1226,"date":"2014-12-10T21:57:43","date_gmt":"2014-12-11T02:57:43","guid":{"rendered":"http:\/\/test.blackjackinfo.com\/?page_id=1226"},"modified":"2018-06-22T01:13:46","modified_gmt":"2018-06-22T06:13:46","slug":"fundamentos-del-blackjack","status":"publish","type":"page","link":"https:\/\/www.blackjackinfo.com\/es\/blackjack-rules\/blackjack-basics\/","title":{"rendered":"Reglas del Blackjack: Parte 2 - Fundamentos del Blackjack"},"content":{"rendered":"<div class=\"bji-byline\">por <a href=\"\/ken-smith\/\">Kenneth R Smith<\/a><\/div>\n<h2 class=\"text-center\">Premisa del Juego<\/h2>\n<p>El Blackjack es bastante sencillo.  La premisa b\u00e1sica del juego es que quieres tener un valor de mano que est\u00e9 m\u00e1s cerca de 21 que el del crupier, sin pasarte de 21. Los otros jugadores de la mesa no son una preocupaci\u00f3n. Los otros jugadores de la mesa no son una preocupaci\u00f3n. Tu mano s\u00f3lo compite contra la del crupier.<\/p>\n<p>Las reglas de juego para el crupier est\u00e1n estrictamente dictadas, sin dejar ninguna decisi\u00f3n en manos del crupier. Por lo tanto, no hay ning\u00fan problema con que el crupier o cualquiera de los otros jugadores de la mesa vea las cartas de tu mano. De hecho, si est\u00e1s jugando en un juego de zapato, las cartas de los jugadores se reparten boca arriba.<\/p>\n<p>En cualquier caso, cuando est\u00e9s aprendiendo a jugar, no dudes en mostrar tus cartas al crupier o a otros jugadores y hacer preguntas.<\/p>\n<hr>\n<h2 class=\"text-center\">Valores de las cartas<\/h2>\n<p>En el blackjack, las cartas tienen el siguiente valor:<\/p>\n<ul>\n<li>Un As puede contar como 1 u 11, como se explica a continuaci\u00f3n.<\/li>\n<li>Las cartas del 2 al 9 se valoran por su valor nominal.<\/li>\n<li>El 10, la jota, la reina y el rey tienen un valor de 10.<\/li>\n<\/ul>\n<p>Los palos de las cartas no tienen ning\u00fan significado en el juego. El valor de una mano es simplemente la suma de los puntos de cada carta de la mano.  Algunos ejemplos:<\/p>\n<p><img loading=\"lazy\" decoding=\"async\" class=\"card\" src=\"\/img\/cards\/5c.gif\" width=\"79\" height=\"96\" alt=\"Five of Clubs\" data-no-auto-translation=\"\"><img loading=\"lazy\" decoding=\"async\" class=\"card\" src=\"\/img\/cards\/7h.gif\" width=\"79\" height=\"96\" alt=\"Seven of Hearts\" data-no-auto-translation=\"\"><img loading=\"lazy\" decoding=\"async\" class=\"card\" src=\"\/img\/cards\/9d.gif\" width=\"79\" height=\"96\" alt=\"Nine of Diamonds\" data-no-auto-translation=\"\"><br \/>\n5 + 7 + 9 = 21, por lo que esta mano tiene un valor de 21.<\/p>\n<p><img loading=\"lazy\" decoding=\"async\" class=\"card\" src=\"\/img\/cards\/jd.gif\" width=\"79\" height=\"96\" alt=\"Jack of Diamonds\" data-no-auto-translation=\"\"><img loading=\"lazy\" decoding=\"async\" class=\"card\" src=\"\/img\/cards\/ts.gif\" width=\"79\" height=\"96\" alt=\"Ten of Spades\" data-no-auto-translation=\"\"><br \/>\n10 + 10 = 20, por lo que esta mano tiene un valor de 20.<\/p>\n<p><img loading=\"lazy\" decoding=\"async\" class=\"card\" src=\"\/img\/cards\/9s.gif\" width=\"79\" height=\"96\" alt=\"Nine of Spades\" data-no-auto-translation=\"\"><img loading=\"lazy\" decoding=\"async\" class=\"card\" src=\"\/img\/cards\/3s.gif\" width=\"79\" height=\"96\" alt=\"Three of Spades\" data-no-auto-translation=\"\"><img loading=\"lazy\" decoding=\"async\" class=\"card\" src=\"\/img\/cards\/qh.gif\" width=\"79\" height=\"96\" alt=\"Queen of Hearts\" data-no-auto-translation=\"\"><br \/>\n9 + 3 + 10 = 22, as\u00ed que esta mano es un \"bust\".  Cualquier mano que supere 21 se \"rompe\", es decir, se \"pasa\", y es una perdedora autom\u00e1tica.<\/p>\n<p>Muy f\u00e1cil, \u00bfeh?<\/p>\n<p>El As a\u00f1ade un nuevo giro...<\/p>\n<p>Un As se puede contar como 1 o como 11. No es necesario especificar qu\u00e9 valor tiene el As. Se supone que tiene el valor que forma la mejor mano, y eso puede cambiar a medida que se a\u00f1aden m\u00e1s cartas a la mano.<\/p>\n<p><img loading=\"lazy\" decoding=\"async\" class=\"card\" src=\"\/img\/cards\/ac.gif\" width=\"79\" height=\"96\" alt=\"Ace of Clubs\" data-no-auto-translation=\"\"><img loading=\"lazy\" decoding=\"async\" class=\"card\" src=\"\/img\/cards\/6d.gif\" width=\"79\" height=\"96\" alt=\"Six of Diamonds\" data-no-auto-translation=\"\"><br \/>\nEsta mano tiene un valor de 7 \u00f3 17, tambi\u00e9n conocido como un 17 \"suave\".<\/p>\n<p>Una mano blanda es cualquier mano en la que un As puede contarse como 1 u 11 sin pasarse de 21.  El nombre refleja el hecho de que la mano no puede romperse si sacas otra carta.  Es \"blanda\".<\/p>\n<p>Vamos a robar otra carta:<br \/>\n<img loading=\"lazy\" decoding=\"async\" class=\"card\" src=\"\/img\/cards\/ac.gif\" width=\"79\" height=\"96\" alt=\"Ace of Clubs\" data-no-auto-translation=\"\"><img loading=\"lazy\" decoding=\"async\" class=\"card\" src=\"\/img\/cards\/6d.gif\" width=\"79\" height=\"96\" alt=\"Six of Diamonds\" data-no-auto-translation=\"\"><img loading=\"lazy\" decoding=\"async\" class=\"card\" src=\"\/img\/cards\/ks.gif\" width=\"79\" height=\"96\" alt=\"King of Spades\" data-no-auto-translation=\"\"><\/p>\n<p>Ahora nuestra mano es 17, ya que 1 + 6 + 10 = 17.  Ya no tenemos la opci\u00f3n de contar el As como 11, porque eso pasar\u00eda de 21.  (Esta mano es ahora un 17 duro, a pesar de tener un As en ella).<\/p>\n<p>Retrocedamos, y robemos una carta diferente en su lugar:<br \/>\n<img loading=\"lazy\" decoding=\"async\" class=\"card\" src=\"\/img\/cards\/ac.gif\" width=\"79\" height=\"96\" alt=\"Ace of Clubs\" data-no-auto-translation=\"\"><img loading=\"lazy\" decoding=\"async\" class=\"card\" src=\"\/img\/cards\/6d.gif\" width=\"79\" height=\"96\" alt=\"Six of Diamonds\" data-no-auto-translation=\"\"><img loading=\"lazy\" decoding=\"async\" class=\"card\" src=\"\/img\/cards\/3d.gif\" width=\"79\" height=\"96\" alt=\"Three of Diamonds\" data-no-auto-translation=\"\"><\/p>\n<p>Ahora nuestra mano es \"10 o 20\", un 20 suave.  Veinte es una gran mano, as\u00ed que nos detendr\u00edamos all\u00ed.<\/p>\n<hr>\n<h2 class=\"text-center\">El reparto de las cartas<\/h2>\n<p>Una vez realizadas todas las apuestas, el crupier repartir\u00e1 las cartas a los jugadores. Har\u00e1 dos pases alrededor de la mesa empezando por su izquierda (su derecha), de modo que los jugadores y el crupier tengan dos cartas cada uno.  El crupier dar\u00e1 la vuelta a una de sus cartas, mostrando su valor como \"carta descubierta del crupier\".<\/p>\n<p>(En algunas partes del mundo, el crupier puede recibir s\u00f3lo una carta.  Esto se explica en <a href=\"\/blackjack-rules\/rule-variations\/\">Variaciones de las reglas<\/a>m\u00e1s adelante en esta serie).<\/p>\n<p>En los juegos repartidos desde un zapato, las cartas de los jugadores estar\u00e1n boca arriba, y los jugadores no podr\u00e1n tocar las cartas. Si est\u00e1s empezando, este es el mejor tipo de juego, porque no tienes que preocuparte de manipular las cartas.<\/p>\n<div class=\"panel\">\nLos juegos de mano son ligeramente diferentes.  En estos juegos, las cartas de los jugadores se reparten boca abajo y los jugadores las cogen. Al manejar las cartas en un juego de mano, hay que tener en cuenta algunas cosas importantes.<\/p>\n<ul>\n<li>S\u00f3lo debe tocar las cartas con una mano. Si eres un jugador de p\u00f3quer, \u00a1esto puede suponer cierto esfuerzo para romper viejos h\u00e1bitos!<\/li>\n<li>Debes mantener las cartas sobre la mesa.  No las acerques a tu cuerpo.<\/li>\n<li>Las cartas que el crupier reparte posteriormente en su mano se dejan sobre la mesa, no se a\u00f1aden a las cartas que usted tiene.<\/li>\n<\/ul>\n<\/div>\n<p>Una vez repartidas las manos iniciales, el juego se desarrolla alrededor de la mesa empezando por el primer asiento a la izquierda del crupier, tambi\u00e9n llamado \"primera base\". Cada jugador, por turnos, indica al crupier c\u00f3mo desea jugar la mano. (Todas esas opciones se explican en la siguiente parte de esta serie).<\/p>\n<p>Una vez que todos los jugadores hayan terminado sus manos, el crupier completar\u00e1 la suya y, a continuaci\u00f3n, pagar\u00e1 las apuestas ganadoras y cobrar\u00e1 las perdedoras.<\/p>\n<hr>\n<h2 class=\"text-center\">C\u00f3mo juega la banca su mano<\/h2>\n<p>En primer lugar, el crupier dar\u00e1 la vuelta a la \"carta descubierta\" para revelar su mano inicial de dos cartas.  A continuaci\u00f3n, el crupier deber\u00e1 jugar su mano de una forma muy concreta, sin posibilidad de elecci\u00f3n.<\/p>\n<p>Debe robar cartas hasta que tenga un total de 17 o m\u00e1s.  El crupier no puede elegir c\u00f3mo jugar la mano.  Debe seguir cogiendo cartas hasta que su total sea al menos 17.<\/p>\n<p>(Tratar\u00e9 una ligera variaci\u00f3n de esta regla en el <a href=\"\/blackjack-rules\/rule-variations\/\">Variaciones de las reglas<\/a> de esta serie).<\/p>\n<p>Veamos una posible mano del crupier:<\/p>\n<p><img loading=\"lazy\" decoding=\"async\" class=\"card\" src=\"\/img\/cards\/ac.gif\" width=\"79\" height=\"96\" alt=\"Ace of Clubs\" data-no-auto-translation=\"\"><img loading=\"lazy\" decoding=\"async\" class=\"card\" src=\"\/img\/cards\/5h.gif\" width=\"79\" height=\"96\" alt=\"Five of Hearts\" data-no-auto-translation=\"\"><img loading=\"lazy\" decoding=\"async\" class=\"card\" src=\"\/img\/cards\/7d.gif\" width=\"79\" height=\"96\" alt=\"Seven of Diamonds\" data-no-auto-translation=\"\"><img loading=\"lazy\" decoding=\"async\" class=\"card\" src=\"\/img\/cards\/6c.gif\" width=\"79\" height=\"96\" alt=\"Six of Clubs\" data-no-auto-translation=\"\"><\/p>\n<p>Despu\u00e9s de dar la vuelta a la carta descubierta, la mano del crupier era (As, 5).  Eso hace un valor de mano de 16, por lo que debe robar otra carta.<\/p>\n<p>Sac\u00f3 un 7, lo que hace que el valor de la mano sea 13 (el As ya no puede contarse como 11).  Con un total de 13, debe volver a pedir carta.<\/p>\n<p>Sac\u00f3 un 6, lo que hace que el total de la mano sea 19.  Como eso es \"17 o m\u00e1s\", el crupier se detiene con un total final de 19.<\/p>\n<hr>\n<h2 class=\"text-center\">Victorias, derrotas y empates<\/h2>\n<p>Una vez terminada la mano, \u00bfc\u00f3mo decide el crupier qu\u00e9 apuestas pagar y qu\u00e9 apuestas cobrar?<\/p>\n<p>Si coge una carta que hace que el total de su mano sea superior a 21, su mano se pasa.  Es un perdedor autom\u00e1tico.  El crupier cobrar\u00e1 inmediatamente su apuesta y descartar\u00e1 su mano.<\/p>\n<p>Suponiendo que no se haya pasado, el crupier jugar\u00e1 su mano al final.  Si se pasa por encima de 21, todos los jugadores restantes ganan sus apuestas.<\/p>\n<p>Si ni t\u00fa ni el crupier os hab\u00e9is pasado, ahora el crupier comparar\u00e1 su total final con el tuyo.<\/p>\n<p>Si su total es superior al tuyo, pierdes la apuesta, y \u00e9l recoger\u00e1 tu apuesta y pondr\u00e1 las fichas en su bandeja.<\/p>\n<p>Si tu total es superior al suyo, ganas la apuesta, y \u00e9l te pagar\u00e1 la cantidad total que hayas apostado.  Despu\u00e9s de que \u00e9l te pague, tendr\u00e1s tu apuesta inicial m\u00e1s la cantidad que hayas ganado en el c\u00edrculo.<\/p>\n<p>Entonces, \u00bfqu\u00e9 pasa si usted y el crupier empatan, con el mismo total exacto?  Nada.  Un empate se denomina \"empate\", y usted no gana ni pierde su apuesta.  Sus fichas permanecen en el c\u00edrculo de apuestas, donde puede dejarlas para la siguiente mano si lo desea, o puede a\u00f1adir o quitar fichas a su gusto antes de la siguiente mano.<\/p>\n<hr>\n<h2 class=\"text-center\">\u00bfQu\u00e9 es un Blackjack o Natural?<\/h2>\n<p>Un blackjack, o natural, es un total de 21 en tus dos primeras cartas. Por lo tanto, un blackjack es un as y cualquier carta de valor diez, con el requisito adicional de que sean sus dos primeras cartas. Si, por ejemplo, divides una pareja de ases y luego sacas una carta de valor diez en uno de los ases, no se trata de un blackjack, sino de un total de 21.<\/p>\n<p>La distinci\u00f3n es importante, porque un blackjack ganador paga al jugador 3 a 2. Una apuesta de $10 gana $15 si el jugador saca un blackjack. Un blackjack del jugador gana a cualquier total del crupier que no sea blackjack, incluido un 21 de tres o m\u00e1s cartas del crupier. Si tanto el jugador como el crupier tienen blackjack, la mano es un empate.<\/p>\n<p>Por lo general, el crupier pagar\u00e1 su apuesta ganadora de blackjack inmediatamente cuando sea su turno de jugar. En los juegos boca abajo, esto significa que debes mostrar el blackjack al crupier en ese momento. Algunos casinos pueden posponer el pago del blackjack hasta que termine la mano si el crupier tiene un 10 y no ha comprobado si tiene blackjack. Otros casinos comprueban tanto si el crupier tiene un 10 como un as y, por lo tanto, pagan el blackjack inmediatamente.<\/p>\n<p>En cualquier caso, cuando te repartan un blackjack, pon las cartas boca arriba y sonr\u00ede. S\u00f3lo ocurre una vez cada 21 manos, pero es lo m\u00e1s divertido del juego. <\/p>\n<hr>\n<p class=\"left\">\u2190 Parte 1 - <a href=\"\/blackjack-rules\/casino-basics\/\" rel=\"prev\">Casino B\u00e1sico<\/a><\/p>\n<p class=\"right\">Parte 3 - <a href=\"\/blackjack-rules\/player-choices\/\" rel=\"next\">Opciones del jugador<\/a> \u2192<\/p>","protected":false},"excerpt":{"rendered":"<p>by Kenneth R Smith Premise of the Game Blackjack is pretty simple. The basic premise of the game is that you want to have a hand value that is closer to 21 than that of the dealer, without going over 21. Other players at the table are of no concern. Your hand competes only against [&hellip;]<\/p>\n","protected":false},"author":2,"featured_media":0,"parent":1174,"menu_order":2,"comment_status":"open","ping_status":"open","template":"","meta":{"_acf_changed":false,"footnotes":""},"tags":[],"class_list":["post-1226","page","type-page","status-publish","hentry"],"acf":[],"yoast_head":"<!-- This site is optimized with the Yoast SEO plugin v26.6 - https:\/\/yoast.com\/wordpress\/plugins\/seo\/ -->\n<title>Blackjack Rules: Part 2 - Blackjack Basics<\/title>\n<meta name=\"description\" content=\"We continue our explanation of casino blackjack with thorough coverage of the basics, from the value of the cards to how the dealer plays his hand.\" \/>\n<meta name=\"robots\" content=\"index, follow, max-snippet:-1, max-image-preview:large, max-video-preview:-1\" \/>\n<link rel=\"canonical\" href=\"https:\/\/www.blackjackinfo.com\/es\/reglas-del-blackjack\/\" \/>\n<meta property=\"og:locale\" content=\"es_ES\" \/>\n<meta property=\"og:type\" content=\"article\" \/>\n<meta property=\"og:title\" content=\"Blackjack Rules: Part 2 - Blackjack Basics\" \/>\n<meta property=\"og:description\" content=\"We continue our explanation of casino blackjack with thorough coverage of the basics, from the value of the cards to how the dealer plays his hand.\" \/>\n<meta property=\"og:url\" content=\"https:\/\/www.blackjackinfo.com\/es\/reglas-del-blackjack\/\" \/>\n<meta property=\"og:site_name\" content=\"BlackjackInfo.com\" \/>\n<meta property=\"article:modified_time\" content=\"2018-06-22T06:13:46+00:00\" \/>\n<meta name=\"twitter:label1\" content=\"Tiempo de lectura\" \/>\n\t<meta name=\"twitter:data1\" content=\"7 minutos\" \/>\n<script type=\"application\/ld+json\" class=\"yoast-schema-graph\">{\"@context\":\"https:\/\/schema.org\",\"@graph\":[{\"@type\":\"WebPage\",\"@id\":\"https:\/\/www.blackjackinfo.com\/blackjack-rules\/blackjack-basics\/\",\"url\":\"https:\/\/www.blackjackinfo.com\/blackjack-rules\/\",\"name\":\"Blackjack Rules: Part 2 - Blackjack Basics\",\"isPartOf\":{\"@id\":\"https:\/\/www.blackjackinfo.com\/#website\"},\"datePublished\":\"2014-12-11T02:57:43+00:00\",\"dateModified\":\"2018-06-22T06:13:46+00:00\",\"description\":\"We continue our explanation of casino blackjack with thorough coverage of the basics, from the value of the cards to how the dealer plays his hand.\",\"breadcrumb\":{\"@id\":\"https:\/\/www.blackjackinfo.com\/blackjack-rules\/#breadcrumb\"},\"inLanguage\":\"es\",\"potentialAction\":[{\"@type\":\"ReadAction\",\"target\":[\"https:\/\/www.blackjackinfo.com\/blackjack-rules\/\"]}]},{\"@type\":\"BreadcrumbList\",\"@id\":\"https:\/\/www.blackjackinfo.com\/blackjack-rules\/#breadcrumb\",\"itemListElement\":[{\"@type\":\"ListItem\",\"position\":1,\"name\":\"Home\",\"item\":\"https:\/\/www.blackjackinfo.com\/\"},{\"@type\":\"ListItem\",\"position\":2,\"name\":\"Casino Blackjack: Rules of the Game\",\"item\":\"https:\/\/www.blackjackinfo.com\/blackjack-rules\/\"},{\"@type\":\"ListItem\",\"position\":3,\"name\":\"Blackjack Rules: Part 2 &#8211; Blackjack Basics\"}]},{\"@type\":\"WebSite\",\"@id\":\"https:\/\/www.blackjackinfo.com\/#website\",\"url\":\"https:\/\/www.blackjackinfo.com\/\",\"name\":\"BlackjackInfo.com\",\"description\":\"Because Winning is More Fun!\",\"potentialAction\":[{\"@type\":\"SearchAction\",\"target\":{\"@type\":\"EntryPoint\",\"urlTemplate\":\"https:\/\/www.blackjackinfo.com\/?s={search_term_string}\"},\"query-input\":{\"@type\":\"PropertyValueSpecification\",\"valueRequired\":true,\"valueName\":\"search_term_string\"}}],\"inLanguage\":\"es\"}]}<\/script>\n<!-- \/ Yoast SEO plugin. -->","yoast_head_json":{"title":"Reglas del Blackjack: Parte 2 - Fundamentos del Blackjack","description":"Continuamos nuestra explicaci\u00f3n del blackjack de casino con una cobertura exhaustiva de los aspectos b\u00e1sicos, desde el valor de las cartas hasta c\u00f3mo juega su mano el crupier.","robots":{"index":"index","follow":"follow","max-snippet":"max-snippet:-1","max-image-preview":"max-image-preview:large","max-video-preview":"max-video-preview:-1"},"canonical":"https:\/\/www.blackjackinfo.com\/es\/reglas-del-blackjack\/","og_locale":"es_ES","og_type":"article","og_title":"Blackjack Rules: Part 2 - Blackjack Basics","og_description":"We continue our explanation of casino blackjack with thorough coverage of the basics, from the value of the cards to how the dealer plays his hand.","og_url":"https:\/\/www.blackjackinfo.com\/es\/reglas-del-blackjack\/","og_site_name":"BlackjackInfo.com","article_modified_time":"2018-06-22T06:13:46+00:00","twitter_misc":{"Tiempo de lectura":"7 minutos"},"schema":{"@context":"https:\/\/schema.org","@graph":[{"@type":"WebPage","@id":"https:\/\/www.blackjackinfo.com\/blackjack-rules\/blackjack-basics\/","url":"https:\/\/www.blackjackinfo.com\/blackjack-rules\/","name":"Reglas del Blackjack: Parte 2 - Fundamentos del Blackjack","isPartOf":{"@id":"https:\/\/www.blackjackinfo.com\/#website"},"datePublished":"2014-12-11T02:57:43+00:00","dateModified":"2018-06-22T06:13:46+00:00","description":"Continuamos nuestra explicaci\u00f3n del blackjack de casino con una cobertura exhaustiva de los aspectos b\u00e1sicos, desde el valor de las cartas hasta c\u00f3mo juega su mano el crupier.","breadcrumb":{"@id":"https:\/\/www.blackjackinfo.com\/blackjack-rules\/#breadcrumb"},"inLanguage":"es","potentialAction":[{"@type":"ReadAction","target":["https:\/\/www.blackjackinfo.com\/blackjack-rules\/"]}]},{"@type":"BreadcrumbList","@id":"https:\/\/www.blackjackinfo.com\/blackjack-rules\/#breadcrumb","itemListElement":[{"@type":"ListItem","position":1,"name":"Home","item":"https:\/\/www.blackjackinfo.com\/"},{"@type":"ListItem","position":2,"name":"Casino Blackjack: Rules of the Game","item":"https:\/\/www.blackjackinfo.com\/blackjack-rules\/"},{"@type":"ListItem","position":3,"name":"Blackjack Rules: Part 2 &#8211; Blackjack Basics"}]},{"@type":"WebSite","@id":"https:\/\/www.blackjackinfo.com\/#website","url":"https:\/\/www.blackjackinfo.com\/","name":"BlackjackInfo.com","description":"\u00a1Porque ganar es m\u00e1s divertido!","potentialAction":[{"@type":"SearchAction","target":{"@type":"EntryPoint","urlTemplate":"https:\/\/www.blackjackinfo.com\/?s={search_term_string}"},"query-input":{"@type":"PropertyValueSpecification","valueRequired":true,"valueName":"search_term_string"}}],"inLanguage":"es"}]}},"_links":{"self":[{"href":"https:\/\/www.blackjackinfo.com\/es\/wp-json\/wp\/v2\/pages\/1226","targetHints":{"allow":["GET"]}}],"collection":[{"href":"https:\/\/www.blackjackinfo.com\/es\/wp-json\/wp\/v2\/pages"}],"about":[{"href":"https:\/\/www.blackjackinfo.com\/es\/wp-json\/wp\/v2\/types\/page"}],"author":[{"embeddable":true,"href":"https:\/\/www.blackjackinfo.com\/es\/wp-json\/wp\/v2\/users\/2"}],"replies":[{"embeddable":true,"href":"https:\/\/www.blackjackinfo.com\/es\/wp-json\/wp\/v2\/comments?post=1226"}],"version-history":[{"count":43,"href":"https:\/\/www.blackjackinfo.com\/es\/wp-json\/wp\/v2\/pages\/1226\/revisions"}],"predecessor-version":[{"id":1655,"href":"https:\/\/www.blackjackinfo.com\/es\/wp-json\/wp\/v2\/pages\/1226\/revisions\/1655"}],"up":[{"embeddable":true,"href":"https:\/\/www.blackjackinfo.com\/es\/wp-json\/wp\/v2\/pages\/1174"}],"wp:attachment":[{"href":"https:\/\/www.blackjackinfo.com\/es\/wp-json\/wp\/v2\/media?parent=1226"}],"wp:term":[{"taxonomy":"post_tag","embeddable":true,"href":"https:\/\/www.blackjackinfo.com\/es\/wp-json\/wp\/v2\/tags?post=1226"}],"curies":[{"name":"wp","href":"https:\/\/api.w.org\/{rel}","templated":true}]}}