{"id":1290,"date":"2014-12-12T15:20:15","date_gmt":"2014-12-12T20:20:15","guid":{"rendered":"http:\/\/test.blackjackinfo.com\/?page_id=1290"},"modified":"2018-06-22T01:14:55","modified_gmt":"2018-06-22T06:14:55","slug":"elecciones-del-jugador","status":"publish","type":"page","link":"https:\/\/www.blackjackinfo.com\/es\/blackjack-rules\/player-choices\/","title":{"rendered":"Reglas del Blackjack: Parte 3 - Opciones del jugador"},"content":{"rendered":"<div class=\"bji-byline\">por <a href=\"\/ken-smith\/\">Kenneth R Smith<\/a><\/div>\n<h2 class=\"text-center\">Golpear y estar de pie<\/h2>\n<p>La decisi\u00f3n m\u00e1s com\u00fan que un jugador debe tomar durante el juego es si quiere pedir otra carta a la mano (\"pedir\"), o detenerse en el total actual (\"plantarse\").<\/p>\n<p>Se le pedir\u00e1 que haga se\u00f1ales con la mano en lugar de limitarse a anunciar \"pica\" o \"plantarse\" al crupier.  Esto es para eliminar cualquier confusi\u00f3n o ambig\u00fcedad en lo que usted elige, y tambi\u00e9n en beneficio de las siempre presentes c\u00e1maras de vigilancia.  Si te pasas de 21, o te \"pasas\", el crupier cobrar\u00e1 tu apuesta y retirar\u00e1 tus cartas de la mesa inmediatamente.<\/p>\n<p>La forma de se\u00f1alar tu intenci\u00f3n al croupier depende del estilo de juego que est\u00e9s jugando:<\/p>\n<h3 class=\"text-center\">Se\u00f1ales de mano en el juego del zapato<\/h3>\n<p>En el juego del zapato boca arriba, usted indica que quiere otra carta golpeando la mesa detr\u00e1s de sus cartas con un dedo.<\/p>\n<p>Cuando decidas plantarte, simplemente agita la mano con un movimiento horizontal sobre tus cartas.<\/p>\n<p>Recuerda que en este estilo de juego no puedes tocar las cartas.<\/p>\n<h3 class=\"text-center\">Se\u00f1ales de mano en el juego manual<\/h3>\n<p>En el juego boca abajo, las cosas son un poco diferentes. Tendr\u00e1s las dos primeras cartas con una mano.<\/p>\n<p>Para hacer saber al crupier que desea pedir otra carta para su mano, rasque ligeramente la mesa con la parte inferior de sus cartas. Observe a otro jugador al principio para ver c\u00f3mo funciona esto. El crupier repartir\u00e1 sus cartas adicionales sobre la mesa delante de su apuesta. Deje esas cartas sobre la mesa, pero a\u00f1\u00e1dalas mentalmente al valor total de su mano. Si te pasas de 21, simplemente tira las dos cartas de tu mano boca arriba sobre la mesa. El crupier recoger\u00e1 su apuesta y descartar\u00e1 su mano.<\/p>\n<p>Cuando decida plantarse, meta las dos cartas que tiene boca abajo debajo de las fichas de su c\u00edrculo de apuestas. Esto puede ser un poco complicado las primeras veces. No levante la apuesta para colocar las cartas debajo. Recuerde que, una vez repartidas las cartas, no puede tocar las fichas del c\u00edrculo. Simplemente deslice la esquina de las cartas debajo de las fichas.<\/p>\n<p>Describir estos movimientos hace que parezcan complicados.  No lo son.  Presta atenci\u00f3n a lo que hacen los dem\u00e1s jugadores y encajar\u00e1s perfectamente. <\/p>\n<hr>\n<h2 class=\"text-center\">Doblar la apuesta<\/h2>\n<p>Gran parte de la emoci\u00f3n y los beneficios del blackjack provienen de las manos en las que se puede \"doblar\".  Esta opci\u00f3n s\u00f3lo est\u00e1 disponible con una mano de dos cartas, antes de que se haya robado otra carta. Doblar te permite doblar tu apuesta y recibir una (y s\u00f3lo una) carta adicional en tu mano.<\/p>\n<p>Un buen ejemplo de oportunidad de doblar es cuando tiene un total de 11, como un (6,5) contra una carta de 5 del crupier. En este caso, tiene muchas posibilidades de ganar la mano si saca una carta m\u00e1s, por lo que deber\u00eda aumentar su apuesta en esta situaci\u00f3n ventajosa doblando.<\/p>\n<p>Si est\u00e1s jugando en un juego de mano, simplemente tira tus dos cartas originales boca arriba sobre la mesa delante de tu apuesta.<\/p>\n<p>En cualquiera de los dos tipos de juego, a\u00f1ada una apuesta adicional al c\u00edrculo de apuestas. Coloque la apuesta adicional junto a la apuesta original, no encima de ella.<\/p>\n<p>El crupier repartir\u00e1 una carta adicional en la mano. En un juego de zapato, probablemente repartir\u00e1 la carta de lado para indicar que se trata de una doble apuesta.  En un juego de mano, la carta se esconder\u00e1 boca abajo debajo de su apuesta y se revelar\u00e1 cuando termine la mano.  Dependiendo de lo que el crupier haga en su mano, \u00a1puede ser una espera emocionante ver esa carta revelada al final!<\/p>\n<p>Se le permite doblar por cualquier cantidad hasta la cantidad de su apuesta original, por lo que podr\u00eda doblar por menos si quisiera. Sin embargo, es una mala jugada.  Recuerde que est\u00e1 renunciando a algo por poder aumentar su apuesta: la posibilidad de pedir m\u00e1s de una carta adicional. Si la jugada correcta es doblar, siempre debe doblar por la cantidad total si es posible.<\/p>\n<p>\u00bfY cu\u00e1ndo hay que doblar la apuesta?  Para saberlo, utilice nuestro <a href=\"\/blackjack-basic-strategy-engine\/\">Motor de Estrategia B\u00e1sica del Blackjack<\/a>.<\/p>\n<hr>\n<h3 class=\"text-center\">Dividir parejas<\/h3>\n<p>Cuando le reparten un par de cartas del mismo valor, puede dividir el par en dos manos separadas y jugarlas independientemente. Digamos que te reparten una pareja de ochos para un total de diecis\u00e9is. Diecis\u00e9is es la peor mano posible para un jugador, ya que es poco probable que gane tal y como est\u00e1, pero es muy probable que se pase si empata. Aqu\u00ed tiene una gran oportunidad de mejorar una mala situaci\u00f3n.<\/p>\n<p>Si est\u00e1 jugando a un juego de mano, tire las cartas boca arriba delante de su apuesta, igual que en una apuesta doble. A continuaci\u00f3n, en cualquiera de los dos tipos de juego, coloque una apuesta igual junto a la apuesta original en el c\u00edrculo. Tenga en cuenta que debe apostar la misma cantidad en un split, a diferencia de un double-down donde se le permite doblar por menos.<\/p>\n<p>El crupier separar\u00e1 las dos cartas y las tratar\u00e1 como dos manos independientes.  Repartir\u00e1 una segunda carta sobre el primer ocho y usted jugar\u00e1 esa mano de dos cartas hasta completarla.  (Muchos casinos le permitir\u00e1n doblar esa mano de dos cartas si lo desea.  Hablar\u00e9 de la opci\u00f3n \"Doblar despu\u00e9s de dividir\" en <a href=\"\/blackjack-rules\/rule-variations\/\">Variaciones de las reglas<\/a>.)<\/p>\n<p>No importa lo que ocurra en tu primera mano, cuando termines con ella el crupier repartir\u00e1 una segunda carta para tu siguiente mano y el proceso vuelve a empezar.<\/p>\n<h3 class=\"text-center\">Volver a dividir<\/h3>\n<p>Si obtiene pares adicionales en las dos primeras cartas de una mano, la mayor\u00eda de los casinos le permitir\u00e1n volver a dividir, formando otra mano m\u00e1s. Normalmente, un jugador puede dividir hasta 3 veces, formando 4 manos distintas, con 4 apuestas distintas. Si se permite doblar despu\u00e9s de dividir, \u00a1podr\u00eda tener hasta 8 veces su apuesta inicial en la mesa!<\/p>\n<h3 class=\"text-center\">Dividir decenas<\/h3>\n<p>Tenga en cuenta que se le permite dividir cualquier carta de valor 10, por lo que podr\u00eda dividir una mano (Jota, Reina). Sin embargo, esta suele ser una mala jugada.  Qu\u00e9dese con el 20.  Ganar\u00e1 m\u00e1s dinero con el 20 que intentando formar dos buenas manos con \u00e9l.<\/p>\n<p>\u00bfNo est\u00e1 convencido?  Escrib\u00ed un post precisamente sobre eso: <a href=\"\/why-splitting-tens-is-a-bad-move\/\">Por qu\u00e9 dividir las decenas es una mala jugada<\/a>.<\/p>\n<h3 class=\"text-center\">Dividir Ases<\/h3>\n<p>Otra rareza se produce al dividir Ases. Dividir ases es una jugada muy fuerte, por lo que el casino le limita a pedir s\u00f3lo una carta adicional por cada as. Adem\u00e1s, si saca una carta de valor diez en uno de sus Ases divididos, la mano no se considera un Blackjack, sino que se trata como un 21 normal y, por lo tanto, no recibe el pago de 3:2.<\/p>\n<p>Algunos casinos permiten volver a repartir Ases si sacas otro, pero muchos no.<\/p>\n<p>Con todas estas limitaciones, puede que te preguntes si tiene sentido dividir Ases.<br \/>\nLa respuesta es un rotundo <strong>S\u00cd<\/strong>.  <strong>Dividir siempre Ases<\/strong>.<\/p>\n<p>Para obtener consejos precisos sobre qu\u00e9 otras parejas debes dividir, consulta el <a href=\"\/blackjack-basic-strategy-engine\/\">Motor de Estrategia B\u00e1sica del Blackjack<\/a>.<\/p>\n<hr>\n<p class=\"left\">\u2190 Parte 2 - <a href=\"\/blackjack-rules\/blackjack-basics\/\" rel=\"prev\">Fundamentos del Blackjack<\/a><\/p>\n<p class=\"right\">Parte 4 - <a href=\"\/blackjack-rules\/insurance-and-surrender\/\" rel=\"next\">Seguro y rescate<\/a> \u2192<\/p>","protected":false},"excerpt":{"rendered":"<p>by Kenneth R Smith Hitting and Standing The most common decision a player must make during the game is whether to draw another card to the hand (&#8220;hit&#8221;), or stop at the current total (&#8220;stand&#8221;). You will be required to make hand signals rather than just announcing &#8220;hit&#8221; or &#8220;stand&#8221; to the dealer. This is [&hellip;]<\/p>\n","protected":false},"author":2,"featured_media":0,"parent":1174,"menu_order":3,"comment_status":"open","ping_status":"open","template":"","meta":{"_acf_changed":false,"footnotes":""},"tags":[],"class_list":["post-1290","page","type-page","status-publish","hentry"],"acf":[],"yoast_head":"<!-- This site is optimized with the Yoast SEO plugin v26.6 - https:\/\/yoast.com\/wordpress\/plugins\/seo\/ -->\n<title>Blackjack Rules: Part 3 - Player Choices<\/title>\n<meta name=\"description\" content=\"The player&#039;s choices are the most important part of blackjack. We cover all the details of hitting, standing, doubling down, and splitting.\" \/>\n<meta name=\"robots\" content=\"index, follow, max-snippet:-1, max-image-preview:large, max-video-preview:-1\" \/>\n<link rel=\"canonical\" href=\"https:\/\/www.blackjackinfo.com\/es\/reglas-del-blackjack\/\" \/>\n<meta property=\"og:locale\" content=\"es_ES\" \/>\n<meta property=\"og:type\" content=\"article\" \/>\n<meta property=\"og:title\" content=\"Blackjack Rules: Part 3 - Player Choices\" \/>\n<meta property=\"og:description\" content=\"The player&#039;s choices are the most important part of blackjack. We cover all the details of hitting, standing, doubling down, and splitting.\" \/>\n<meta property=\"og:url\" content=\"https:\/\/www.blackjackinfo.com\/es\/reglas-del-blackjack\/\" \/>\n<meta property=\"og:site_name\" content=\"BlackjackInfo.com\" \/>\n<meta property=\"article:modified_time\" content=\"2018-06-22T06:14:55+00:00\" \/>\n<meta name=\"twitter:label1\" content=\"Tiempo de lectura\" \/>\n\t<meta name=\"twitter:data1\" content=\"6 minutos\" \/>\n<script type=\"application\/ld+json\" class=\"yoast-schema-graph\">{\"@context\":\"https:\/\/schema.org\",\"@graph\":[{\"@type\":\"WebPage\",\"@id\":\"https:\/\/www.blackjackinfo.com\/blackjack-rules\/player-choices\/\",\"url\":\"https:\/\/www.blackjackinfo.com\/blackjack-rules\/\",\"name\":\"Blackjack Rules: Part 3 - Player Choices\",\"isPartOf\":{\"@id\":\"https:\/\/www.blackjackinfo.com\/#website\"},\"datePublished\":\"2014-12-12T20:20:15+00:00\",\"dateModified\":\"2018-06-22T06:14:55+00:00\",\"description\":\"The player's choices are the most important part of blackjack. We cover all the details of hitting, standing, doubling down, and splitting.\",\"breadcrumb\":{\"@id\":\"https:\/\/www.blackjackinfo.com\/blackjack-rules\/#breadcrumb\"},\"inLanguage\":\"es\",\"potentialAction\":[{\"@type\":\"ReadAction\",\"target\":[\"https:\/\/www.blackjackinfo.com\/blackjack-rules\/\"]}]},{\"@type\":\"BreadcrumbList\",\"@id\":\"https:\/\/www.blackjackinfo.com\/blackjack-rules\/#breadcrumb\",\"itemListElement\":[{\"@type\":\"ListItem\",\"position\":1,\"name\":\"Home\",\"item\":\"https:\/\/www.blackjackinfo.com\/\"},{\"@type\":\"ListItem\",\"position\":2,\"name\":\"Casino Blackjack: Rules of the Game\",\"item\":\"https:\/\/www.blackjackinfo.com\/blackjack-rules\/\"},{\"@type\":\"ListItem\",\"position\":3,\"name\":\"Blackjack Rules: Part 3 &#8211; Player Choices\"}]},{\"@type\":\"WebSite\",\"@id\":\"https:\/\/www.blackjackinfo.com\/#website\",\"url\":\"https:\/\/www.blackjackinfo.com\/\",\"name\":\"BlackjackInfo.com\",\"description\":\"Because Winning is More Fun!\",\"potentialAction\":[{\"@type\":\"SearchAction\",\"target\":{\"@type\":\"EntryPoint\",\"urlTemplate\":\"https:\/\/www.blackjackinfo.com\/?s={search_term_string}\"},\"query-input\":{\"@type\":\"PropertyValueSpecification\",\"valueRequired\":true,\"valueName\":\"search_term_string\"}}],\"inLanguage\":\"es\"}]}<\/script>\n<!-- \/ Yoast SEO plugin. -->","yoast_head_json":{"title":"Reglas del Blackjack: Parte 3 - Opciones del jugador","description":"Las decisiones del jugador son la parte m\u00e1s importante del blackjack. Cubrimos todos los detalles de pedir, plantarse, doblar y dividir.","robots":{"index":"index","follow":"follow","max-snippet":"max-snippet:-1","max-image-preview":"max-image-preview:large","max-video-preview":"max-video-preview:-1"},"canonical":"https:\/\/www.blackjackinfo.com\/es\/reglas-del-blackjack\/","og_locale":"es_ES","og_type":"article","og_title":"Blackjack Rules: Part 3 - Player Choices","og_description":"The player's choices are the most important part of blackjack. We cover all the details of hitting, standing, doubling down, and splitting.","og_url":"https:\/\/www.blackjackinfo.com\/es\/reglas-del-blackjack\/","og_site_name":"BlackjackInfo.com","article_modified_time":"2018-06-22T06:14:55+00:00","twitter_misc":{"Tiempo de lectura":"6 minutos"},"schema":{"@context":"https:\/\/schema.org","@graph":[{"@type":"WebPage","@id":"https:\/\/www.blackjackinfo.com\/blackjack-rules\/player-choices\/","url":"https:\/\/www.blackjackinfo.com\/blackjack-rules\/","name":"Reglas del Blackjack: Parte 3 - Opciones del jugador","isPartOf":{"@id":"https:\/\/www.blackjackinfo.com\/#website"},"datePublished":"2014-12-12T20:20:15+00:00","dateModified":"2018-06-22T06:14:55+00:00","description":"Las decisiones del jugador son la parte m\u00e1s importante del blackjack. Cubrimos todos los detalles de pedir, plantarse, doblar y dividir.","breadcrumb":{"@id":"https:\/\/www.blackjackinfo.com\/blackjack-rules\/#breadcrumb"},"inLanguage":"es","potentialAction":[{"@type":"ReadAction","target":["https:\/\/www.blackjackinfo.com\/blackjack-rules\/"]}]},{"@type":"BreadcrumbList","@id":"https:\/\/www.blackjackinfo.com\/blackjack-rules\/#breadcrumb","itemListElement":[{"@type":"ListItem","position":1,"name":"Home","item":"https:\/\/www.blackjackinfo.com\/"},{"@type":"ListItem","position":2,"name":"Casino Blackjack: Rules of the Game","item":"https:\/\/www.blackjackinfo.com\/blackjack-rules\/"},{"@type":"ListItem","position":3,"name":"Blackjack Rules: Part 3 &#8211; Player Choices"}]},{"@type":"WebSite","@id":"https:\/\/www.blackjackinfo.com\/#website","url":"https:\/\/www.blackjackinfo.com\/","name":"BlackjackInfo.com","description":"\u00a1Porque ganar es m\u00e1s divertido!","potentialAction":[{"@type":"SearchAction","target":{"@type":"EntryPoint","urlTemplate":"https:\/\/www.blackjackinfo.com\/?s={search_term_string}"},"query-input":{"@type":"PropertyValueSpecification","valueRequired":true,"valueName":"search_term_string"}}],"inLanguage":"es"}]}},"_links":{"self":[{"href":"https:\/\/www.blackjackinfo.com\/es\/wp-json\/wp\/v2\/pages\/1290","targetHints":{"allow":["GET"]}}],"collection":[{"href":"https:\/\/www.blackjackinfo.com\/es\/wp-json\/wp\/v2\/pages"}],"about":[{"href":"https:\/\/www.blackjackinfo.com\/es\/wp-json\/wp\/v2\/types\/page"}],"author":[{"embeddable":true,"href":"https:\/\/www.blackjackinfo.com\/es\/wp-json\/wp\/v2\/users\/2"}],"replies":[{"embeddable":true,"href":"https:\/\/www.blackjackinfo.com\/es\/wp-json\/wp\/v2\/comments?post=1290"}],"version-history":[{"count":31,"href":"https:\/\/www.blackjackinfo.com\/es\/wp-json\/wp\/v2\/pages\/1290\/revisions"}],"predecessor-version":[{"id":1656,"href":"https:\/\/www.blackjackinfo.com\/es\/wp-json\/wp\/v2\/pages\/1290\/revisions\/1656"}],"up":[{"embeddable":true,"href":"https:\/\/www.blackjackinfo.com\/es\/wp-json\/wp\/v2\/pages\/1174"}],"wp:attachment":[{"href":"https:\/\/www.blackjackinfo.com\/es\/wp-json\/wp\/v2\/media?parent=1290"}],"wp:term":[{"taxonomy":"post_tag","embeddable":true,"href":"https:\/\/www.blackjackinfo.com\/es\/wp-json\/wp\/v2\/tags?post=1290"}],"curies":[{"name":"wp","href":"https:\/\/api.w.org\/{rel}","templated":true}]}}