{"id":1292,"date":"2014-12-12T15:20:51","date_gmt":"2014-12-12T20:20:51","guid":{"rendered":"http:\/\/test.blackjackinfo.com\/?page_id=1292"},"modified":"2018-06-22T01:16:41","modified_gmt":"2018-06-22T06:16:41","slug":"variaciones-de-las-reglas","status":"publish","type":"page","link":"https:\/\/www.blackjackinfo.com\/es\/blackjack-rules\/rule-variations\/","title":{"rendered":"Reglas del Blackjack: Parte 5 - Variaciones de las reglas"},"content":{"rendered":"<div class=\"bji-byline\">por <a href=\"\/ken-smith\/\">Kenneth R Smith<\/a><\/div>\n<p>Hay algunas reglas en el blackjack que pueden variar ligeramente de un casino a otro.<\/p>\n<h2 class=\"text-center\">La banca acierta un 17 suave<\/h2>\n<p>Por lo general, el crupier en el blackjack debe pedir carta si tiene un total de 16 o menos, y plantarse si tiene 17 o m\u00e1s.<\/p>\n<p>Pero en algunos juegos hay una excepci\u00f3n cuando el crupier tiene una mano de 17 \"suave\".<\/p>\n<p>Si miras a la mesa, ver\u00e1s una de las dos frases en el fieltro:<\/p>\n<ul>\n<li><strong>El crupier se planta con todos los 17<\/strong>: Esta es la versi\u00f3n simple.  El crupier se plantar\u00e1 con cualquier total de 17 o m\u00e1s, tanto si ese total es \"blando\" como si no.  (Esta regla se abrevia S17. \u00a1La S es de Stand, no de Soft!).<\/li>\n<li><strong>La banca acierta un 17 suave<\/strong>: En los casinos con esta regla, el crupier se plantar\u00e1 con cualquier 17 duro, pero robar\u00e1 otra carta si tiene un 17 blando, como (As, 2, 4).  (Esta regla se abrevia H17).<\/li>\n<\/ul>\n<p>Diecisiete es una mano d\u00e9bil, por lo que si se permite al crupier intentar mejorar las manos de 17 suaves, el juego se vuelve m\u00e1s dif\u00edcil.  Cuando se permite al crupier pedir 17 blandos, la ventaja de la casa aumenta aproximadamente 0,2%.<\/p>\n<p>Hace a\u00f1os, las \u00fanicas partidas de \"Hit Soft 17\" en EE.UU. se celebraban en Reno, Nevada, y sus alrededores.  Casi todas las dem\u00e1s zonas utilizaban la mejor regla de plantarse en todos los 17.  Con el paso de los a\u00f1os, cada vez m\u00e1s casinos han cambiado a \"Hit Soft 17\", y ahora hay muchas m\u00e1s partidas H17 que S17.<\/p>\n<p>Todav\u00eda puede encontrar algunos juegos en los que el crupier se planta con todos los 17, incluso en casinos en los que algunas mesas utilizan la regla H17.  Eche un vistazo.<\/p>\n<hr>\n<h2 class=\"text-center\">Doble despu\u00e9s de dividir<\/h2>\n<p>Despu\u00e9s de dividir una pareja, muchos casinos le permitir\u00e1n doblar en una mano de dos cartas que surja como resultado de la divisi\u00f3n.  Por ejemplo, si divides una pareja de ochos y sacas un 3 en la primera mano, es muy valioso poder doblar la mano resultante de 11 cartas.<\/p>\n<p>Esta regla es bastante com\u00fan, y ayuda al jugador en aproximadamente 0,12%.<\/p>\n<hr>\n<h2 class=\"text-center\">Volver a repartir ases<\/h2>\n<p>Como se mencion\u00f3 en la discusi\u00f3n de la secci\u00f3n anterior sobre la divisi\u00f3n de parejas, hay varias restricciones comunes en la divisi\u00f3n de Ases.  S\u00f3lo recibir\u00e1 una carta de cada As despu\u00e9s de dividir.<\/p>\n<p>Algunos casinos le permitir\u00e1n volver a dividir si saca otro As, y otros no.  Esto es cierto incluso si el casino permite volver a dividir todas las dem\u00e1s parejas.<\/p>\n<p>Cuando el casino permite volver a repartir Ases, ayuda al jugador en aproximadamente 0,08%.<\/p>\n<p>Esta norma rara vez se indica en la mesa.  Si tiene curiosidad, tendr\u00e1 que preguntar al crupier.<\/p>\n<hr>\n<h2 class=\"text-center\">Peek o No-Peek, Hole Card o No Hole Card<\/h2>\n<p>Muchos casinos en Europa, y algunos en otras partes del mundo, manejan la segunda carta del crupier de forma diferente.  En estos juegos \"European No Hole Card\", el crupier s\u00f3lo se reparte una carta al principio de la ronda.  Una vez que todos los jugadores han terminado sus manos, reparte su segunda carta y completa la mano.<\/p>\n<p>Esto contrasta con el estilo de juego habitual en Estados Unidos.  All\u00ed, si el crupier tiene un diez o un as, comprueba inmediatamente la otra carta para ver si tiene un blackjack.  Si lo tiene, se acab\u00f3 la mano.  Este proceso de \"mirar\" por debajo de la carta descubierta para comprobar si hay blackjack significa que los jugadores s\u00f3lo pueden perder una apuesta por mano si el crupier tiene un blackjack.<\/p>\n<p>En una partida sin cartas, un jugador puede dividir o doblar y arriesgar varias apuestas ante un blackjack del crupier, porque \u00e9ste no puede pasar de antemano.  Esto cambia la estrategia \u00f3ptima y significa que los jugadores normalmente no deber\u00edan dividir o doblar contra un diez o un as del crupier.  (Una excepci\u00f3n es dividir Ases contra un diez del crupier).<\/p>\n<p>Tenga en cuenta que hay algunos juegos sin carta descubierta en los que las reglas dicen espec\u00edficamente que s\u00f3lo se cobrar\u00e1 una apuesta de un jugador si el crupier tiene un blackjack.  En esos juegos, aunque no haya carta descubierta, puedes jugar como si la hubiera.  (Eso significa que deber\u00edas jugarlo como una partida de Peek, \u00a1aunque en realidad no haya peek!).  Es todo un poco confuso.<\/p>\n<p>Cuando se utiliza la regla de no mirar cartas, y todas las apuestas corren el riesgo de un blackjack del crupier, le cuesta al jugador 0,11%, y los jugadores deben revisar su estrategia adecuadamente.  (Utilice la opci\u00f3n \"No-Peek\" en nuestro <a href=\"\/blackjack-basic-strategy-engine\/\">Motor de estrategia<\/a>.)<\/p>\n<hr>\n<h2 class=\"text-center\">El futuro<\/h2>\n<p>Si ha llegado hasta aqu\u00ed, enhorabuena.  Deber\u00edas tener una buena idea de qu\u00e9 esperar cuando te sientes en una mesa de blackjack en el casino.<\/p>\n<p>De lo que no hemos hablado es de c\u00f3mo tomar las mejores decisiones mientras se juega.  Ese es un tema aparte.  Para tener la mejor oportunidad de ganar, debe aprender y practicar la \"estrategia b\u00e1sica\", que es la mejor forma matem\u00e1tica de jugar cada mano contra cada posible carta ascendente del crupier.<\/p>\n<p>Para obtener un gr\u00e1fico gratuito que muestra la jugada correcta en cada caso, visita nuestro <a href=\"\/blackjack-basic-strategy-engine\/\">Motor de Estrategia B\u00e1sica del Blackjack<\/a>.<\/p>\n<p>Vas por buen camino.<\/p>\n<hr>\n<p class=\"left\">\u2190 Parte 4 - <a href=\"\/blackjack-rules\/insurance-and-surrender\/\" rel=\"prev\">Seguro y rescate<\/a><\/p>\n<p class=\"right\">Volver al principio - <a href=\"\/blackjack-rules\/\">Reglas del Blackjack<\/a> \u2192<\/p>","protected":false},"excerpt":{"rendered":"<p>by Kenneth R Smith There are a few rules in blackjack that can vary slightly from casino to casino. Dealer Hits Soft 17 Generally, the dealer in blackjack must hit if he has a total of 16 or less, and stand if he has 17 or more. But at some games there is an exception [&hellip;]<\/p>\n","protected":false},"author":2,"featured_media":0,"parent":1174,"menu_order":5,"comment_status":"open","ping_status":"open","template":"","meta":{"_acf_changed":false,"footnotes":""},"tags":[],"class_list":["post-1292","page","type-page","status-publish","hentry"],"acf":[],"yoast_head":"<!-- This site is optimized with the Yoast SEO plugin v26.6 - https:\/\/yoast.com\/wordpress\/plugins\/seo\/ -->\n<title>Blackjack Rules: Part 5 - Rule Variations<\/title>\n<meta name=\"description\" content=\"The rules of casino blackjack can vary from one casino to another. We discuss the rules that can change, and how you can pick the best games.\" \/>\n<meta name=\"robots\" content=\"index, follow, max-snippet:-1, max-image-preview:large, max-video-preview:-1\" \/>\n<link rel=\"canonical\" href=\"https:\/\/www.blackjackinfo.com\/es\/reglas-del-blackjack\/\" \/>\n<meta property=\"og:locale\" content=\"es_ES\" \/>\n<meta property=\"og:type\" content=\"article\" \/>\n<meta property=\"og:title\" content=\"Blackjack Rules: Part 5 - Rule Variations\" \/>\n<meta property=\"og:description\" content=\"The rules of casino blackjack can vary from one casino to another. We discuss the rules that can change, and how you can pick the best games.\" \/>\n<meta property=\"og:url\" content=\"https:\/\/www.blackjackinfo.com\/es\/reglas-del-blackjack\/\" \/>\n<meta property=\"og:site_name\" content=\"BlackjackInfo.com\" \/>\n<meta property=\"article:modified_time\" content=\"2018-06-22T06:16:41+00:00\" \/>\n<meta name=\"twitter:label1\" content=\"Tiempo de lectura\" \/>\n\t<meta name=\"twitter:data1\" content=\"4 minutos\" \/>\n<script type=\"application\/ld+json\" class=\"yoast-schema-graph\">{\"@context\":\"https:\/\/schema.org\",\"@graph\":[{\"@type\":\"WebPage\",\"@id\":\"https:\/\/www.blackjackinfo.com\/blackjack-rules\/rule-variations\/\",\"url\":\"https:\/\/www.blackjackinfo.com\/blackjack-rules\/\",\"name\":\"Blackjack Rules: Part 5 - Rule Variations\",\"isPartOf\":{\"@id\":\"https:\/\/www.blackjackinfo.com\/#website\"},\"datePublished\":\"2014-12-12T20:20:51+00:00\",\"dateModified\":\"2018-06-22T06:16:41+00:00\",\"description\":\"The rules of casino blackjack can vary from one casino to another. We discuss the rules that can change, and how you can pick the best games.\",\"breadcrumb\":{\"@id\":\"https:\/\/www.blackjackinfo.com\/blackjack-rules\/#breadcrumb\"},\"inLanguage\":\"es\",\"potentialAction\":[{\"@type\":\"ReadAction\",\"target\":[\"https:\/\/www.blackjackinfo.com\/blackjack-rules\/\"]}]},{\"@type\":\"BreadcrumbList\",\"@id\":\"https:\/\/www.blackjackinfo.com\/blackjack-rules\/#breadcrumb\",\"itemListElement\":[{\"@type\":\"ListItem\",\"position\":1,\"name\":\"Home\",\"item\":\"https:\/\/www.blackjackinfo.com\/\"},{\"@type\":\"ListItem\",\"position\":2,\"name\":\"Casino Blackjack: Rules of the Game\",\"item\":\"https:\/\/www.blackjackinfo.com\/blackjack-rules\/\"},{\"@type\":\"ListItem\",\"position\":3,\"name\":\"Blackjack Rules: Part 5 &#8211; Rule Variations\"}]},{\"@type\":\"WebSite\",\"@id\":\"https:\/\/www.blackjackinfo.com\/#website\",\"url\":\"https:\/\/www.blackjackinfo.com\/\",\"name\":\"BlackjackInfo.com\",\"description\":\"Because Winning is More Fun!\",\"potentialAction\":[{\"@type\":\"SearchAction\",\"target\":{\"@type\":\"EntryPoint\",\"urlTemplate\":\"https:\/\/www.blackjackinfo.com\/?s={search_term_string}\"},\"query-input\":{\"@type\":\"PropertyValueSpecification\",\"valueRequired\":true,\"valueName\":\"search_term_string\"}}],\"inLanguage\":\"es\"}]}<\/script>\n<!-- \/ Yoast SEO plugin. -->","yoast_head_json":{"title":"Reglas del Blackjack: Parte 5 - Variaciones de las reglas","description":"Las reglas del blackjack de casino pueden variar de un casino a otro. Hablamos de las reglas que pueden cambiar y de c\u00f3mo puedes elegir los mejores juegos.","robots":{"index":"index","follow":"follow","max-snippet":"max-snippet:-1","max-image-preview":"max-image-preview:large","max-video-preview":"max-video-preview:-1"},"canonical":"https:\/\/www.blackjackinfo.com\/es\/reglas-del-blackjack\/","og_locale":"es_ES","og_type":"article","og_title":"Blackjack Rules: Part 5 - Rule Variations","og_description":"The rules of casino blackjack can vary from one casino to another. We discuss the rules that can change, and how you can pick the best games.","og_url":"https:\/\/www.blackjackinfo.com\/es\/reglas-del-blackjack\/","og_site_name":"BlackjackInfo.com","article_modified_time":"2018-06-22T06:16:41+00:00","twitter_misc":{"Tiempo de lectura":"4 minutos"},"schema":{"@context":"https:\/\/schema.org","@graph":[{"@type":"WebPage","@id":"https:\/\/www.blackjackinfo.com\/blackjack-rules\/rule-variations\/","url":"https:\/\/www.blackjackinfo.com\/blackjack-rules\/","name":"Reglas del Blackjack: Parte 5 - Variaciones de las reglas","isPartOf":{"@id":"https:\/\/www.blackjackinfo.com\/#website"},"datePublished":"2014-12-12T20:20:51+00:00","dateModified":"2018-06-22T06:16:41+00:00","description":"Las reglas del blackjack de casino pueden variar de un casino a otro. Hablamos de las reglas que pueden cambiar y de c\u00f3mo puedes elegir los mejores juegos.","breadcrumb":{"@id":"https:\/\/www.blackjackinfo.com\/blackjack-rules\/#breadcrumb"},"inLanguage":"es","potentialAction":[{"@type":"ReadAction","target":["https:\/\/www.blackjackinfo.com\/blackjack-rules\/"]}]},{"@type":"BreadcrumbList","@id":"https:\/\/www.blackjackinfo.com\/blackjack-rules\/#breadcrumb","itemListElement":[{"@type":"ListItem","position":1,"name":"Home","item":"https:\/\/www.blackjackinfo.com\/"},{"@type":"ListItem","position":2,"name":"Casino Blackjack: Rules of the Game","item":"https:\/\/www.blackjackinfo.com\/blackjack-rules\/"},{"@type":"ListItem","position":3,"name":"Blackjack Rules: Part 5 &#8211; Rule Variations"}]},{"@type":"WebSite","@id":"https:\/\/www.blackjackinfo.com\/#website","url":"https:\/\/www.blackjackinfo.com\/","name":"BlackjackInfo.com","description":"\u00a1Porque ganar es m\u00e1s divertido!","potentialAction":[{"@type":"SearchAction","target":{"@type":"EntryPoint","urlTemplate":"https:\/\/www.blackjackinfo.com\/?s={search_term_string}"},"query-input":{"@type":"PropertyValueSpecification","valueRequired":true,"valueName":"search_term_string"}}],"inLanguage":"es"}]}},"_links":{"self":[{"href":"https:\/\/www.blackjackinfo.com\/es\/wp-json\/wp\/v2\/pages\/1292","targetHints":{"allow":["GET"]}}],"collection":[{"href":"https:\/\/www.blackjackinfo.com\/es\/wp-json\/wp\/v2\/pages"}],"about":[{"href":"https:\/\/www.blackjackinfo.com\/es\/wp-json\/wp\/v2\/types\/page"}],"author":[{"embeddable":true,"href":"https:\/\/www.blackjackinfo.com\/es\/wp-json\/wp\/v2\/users\/2"}],"replies":[{"embeddable":true,"href":"https:\/\/www.blackjackinfo.com\/es\/wp-json\/wp\/v2\/comments?post=1292"}],"version-history":[{"count":17,"href":"https:\/\/www.blackjackinfo.com\/es\/wp-json\/wp\/v2\/pages\/1292\/revisions"}],"predecessor-version":[{"id":1658,"href":"https:\/\/www.blackjackinfo.com\/es\/wp-json\/wp\/v2\/pages\/1292\/revisions\/1658"}],"up":[{"embeddable":true,"href":"https:\/\/www.blackjackinfo.com\/es\/wp-json\/wp\/v2\/pages\/1174"}],"wp:attachment":[{"href":"https:\/\/www.blackjackinfo.com\/es\/wp-json\/wp\/v2\/media?parent=1292"}],"wp:term":[{"taxonomy":"post_tag","embeddable":true,"href":"https:\/\/www.blackjackinfo.com\/es\/wp-json\/wp\/v2\/tags?post=1292"}],"curies":[{"name":"wp","href":"https:\/\/api.w.org\/{rel}","templated":true}]}}