{"id":1348,"date":"2014-12-12T18:27:00","date_gmt":"2014-12-12T23:27:00","guid":{"rendered":"http:\/\/test.blackjackinfo.com\/?page_id=1348"},"modified":"2018-06-22T01:15:34","modified_gmt":"2018-06-22T06:15:34","slug":"seguro-y-rescate","status":"publish","type":"page","link":"https:\/\/www.blackjackinfo.com\/es\/blackjack-rules\/insurance-and-surrender\/","title":{"rendered":"Reglas del Blackjack: Parte 4 - Seguro y Rendici\u00f3n"},"content":{"rendered":"<div class=\"bji-byline\">por <a href=\"\/ken-smith\/\">Kenneth R Smith<\/a><\/div>\n<h2 class=\"text-center\">Seguros<\/h2>\n<p>El seguro en el blackjack es a menudo malinterpretado por los jugadores, y es un gran generador de dinero para los casinos.  Nombrar a esta apuesta lateral \"seguro\" fue una brillante estratagema de marketing, y algunos jugadores por lo dem\u00e1s s\u00f3lidos har\u00e1n con frecuencia esta mala apuesta para \"asegurarse\" cuando tienen una buena mano.  Pero en realidad, el seguro no siempre es una mala apuesta.  Para los jugadores que saben reconocer cuando la baraja restante es rica en cartas de valor diez, puede ser una apuesta lateral rentable.<\/p>\n<p>Entonces, \u00bfqu\u00e9 es exactamente el \"seguro\" en el blackjack?<\/p>\n<p>El seguro es una apuesta de proposici\u00f3n que s\u00f3lo est\u00e1 disponible cuando la carta descubierta del crupier es un As.<\/p>\n<p>Cuando el crupier saca un As, ofrece un \"Seguro\" a los jugadores.  Las apuestas de seguro se pueden realizar apostando hasta la mitad del importe de su apuesta original en la banda de apuesta de seguro situada delante de su apuesta.<\/p>\n<p>El crupier comprobar\u00e1 si tiene una carta de valor 10 debajo de su As, y si tiene Blackjack, su apuesta ganadora del Seguro se pagar\u00e1 con una probabilidad de 2:1. Usted perder\u00e1 su apuesta original (a menos que tambi\u00e9n tenga un Blackjack). A\u00fan as\u00ed, perder\u00e1 su apuesta original (a menos que tambi\u00e9n tenga un Blackjack), por lo que el efecto neto es que queda igualado (suponiendo que apueste la mitad completa de la apuesta al seguro). Por eso la apuesta se describe como \"seguro\", ya que parece proteger su apuesta original contra un Blackjack del crupier. Por supuesto, si el crupier no tiene blackjack, perder\u00e1 la apuesta del seguro y tendr\u00e1 que jugar la apuesta original.<\/p>\n<p>El seguro es simplemente una apuesta lateral que ofrece probabilidades de 2:1 de que el crupier tenga una carta de valor 10 debajo de su as.  No es sorprendente que el casino tenga una ventaja sustancial en esta apuesta.  En un juego de una sola baraja, hay 16 cartas de valor diez. Suponiendo que no vea ninguna otra carta, incluida la suya, los dieces componen 16 de las 51 cartas restantes despu\u00e9s de retirar el as del crupier. Para que la apuesta de seguro sea una apuesta de equilibrio, la carta descubierta tendr\u00eda que ser un diez 1 de cada 3 veces, pero 16\/51 es s\u00f3lo 1 de cada 3,1875.<\/p>\n<p>Esto crea una ventaja de la casa de 5,88% en la apuesta de seguro en una sola baraja.  Es incluso peor en seis barajas, con una ventaja de la casa de 7,40%.<\/p>\n<p>Los contadores de cartas a\u00fan pueden superar la apuesta de seguro, haciendo la apuesta s\u00f3lo cuando saben que m\u00e1s de un tercio de las cartas restantes son dieces.<\/p>\n<p>A menos que seas un contador de cartas y sepas que la baraja est\u00e1 lo suficientemente sesgada, simplemente ignora la apuesta de seguro.  No importa si tienes una mano buena o mala.<\/p>\n<hr>\n<h2 class=\"text-center\">Ganar \"incluso dinero\" en el Blackjack<\/h2>\n<p>Si tienes un Blackjack cuando el crupier saca un As, es probable que te ofrezca \"dinero parejo\" en lugar de la apuesta de seguro.  Si acepta, el crupier le pagar\u00e1 el importe de su apuesta original y descartar\u00e1 su mano de blackjack, antes incluso de comprobar debajo de su As si \u00e9l tambi\u00e9n tiene un blackjack.<\/p>\n<p>A muchos jugadores les parece un buen negocio, ya que garantiza un beneficio incluso si el crupier tiene un blackjack.  Pero ese beneficio garantizado tiene un precio.  A la larga, ganar\u00e1s m\u00e1s dinero si esperas el pago completo del $15 cuando el crupier no tenga blackjack, aunque a veces acabes con las manos vac\u00edas.<\/p>\n<p>\"Even money\" no es m\u00e1s que una apuesta de seguro en tu blackjack, ni m\u00e1s ni menos.  D\u00e9jeme mostrarle c\u00f3mo funciona:<\/p>\n<p>Digamos que apuestas $10, y tienes un Blackjack. Normalmente cobrar\u00edas $15 por ello, a menos que el crupier tambi\u00e9n tenga un Blackjack, en cuyo caso empatar\u00edas.  Supongamos que el crupier tiene un as y usted decide asegurarse por la cantidad m\u00e1xima permitida de $5.<\/p>\n<p>Ahora bien, pueden ocurrir dos cosas:<br \/>\n1) El crupier tiene un Blackjack. Empatas con la apuesta $10, pero cobras 2:1 en la apuesta de seguro $5 para un beneficio total de $10.<br \/>\n2) El crupier no tiene Blackjack. Pierdes la apuesta de seguro de $5, pero cobras $15 por tu Blackjack. Su ganancia total es de nuevo $10.<\/p>\n<p>En cualquier caso, una vez que realice la apuesta de seguro, tiene garantizada una ganancia de $10, que es un pago de dinero parejo para su apuesta original.  Por lo tanto, los casinos te permiten eliminar la apuesta de seguro por completo y simplemente declarar que quieres \"dinero parejo\" por tu blackjack cuando el crupier tiene un As.<\/p>\n<p>El problema es que sigues haciendo una mala apuesta sobre seguro, que te cuesta dinero.  Si ignora la oferta de dinero par, a veces cobrar\u00e1 $15, y a veces cobrar\u00e1 $0.  Pero, por t\u00e9rmino medio, cobrar\u00e1 algo m\u00e1s que los $10 que le ofrecen por el dinero par.<\/p>\n<p>Un jugador que no cuente cartas simplemente nunca deber\u00eda aceptar la apuesta de seguro, ni siquiera la variedad de \"dinero parejo\".<\/p>\n<hr>\n<h2 class=\"text-center\">R\u00edndete<\/h2>\n<p>Algunos juegos ofrecen al jugador la posibilidad de retirarse y perder la mitad de su apuesta.  Esta opci\u00f3n de rendirse debe realizarse como la primera acci\u00f3n que el jugador realiza en la mano.  En otras palabras, \u00a1no se puede pedir una carta y luego decidir retirarse!<\/p>\n<p>Incluso cuando existe la posibilidad de rendirse, los jugadores rara vez la utilizan.  A menudo, las reglas publicadas en la mesa no lo mencionan, aunque el casino lo permita.  Y a muchos jugadores no les gusta la idea de rendirse en una mano.  Pero para un jugador inteligente, es una opci\u00f3n \u00fatil y reduce la ventaja de la casa en aproximadamente 0,08%.<\/p>\n<p>Cuando la opci\u00f3n de rendirse est\u00e9 disponible, aseg\u00farese de conocer la estrategia correcta para utilizarla.  La mayor\u00eda de los jugadores que utilizan esta opci\u00f3n se rinden en demasiadas manos.  Si su juego ofrece la opci\u00f3n de rendirse, le recomiendo que lea mi <a href=\"\/blackjack-surrender-explained\/\">explicaci\u00f3n completa de la rendici\u00f3n en el blackjack<\/a>.<\/p>\n<p>En la variedad m\u00e1s com\u00fan (conocida como rendici\u00f3n \"tard\u00eda\"), un jugador no puede rendirse hasta despu\u00e9s de que el crupier haya comprobado si tiene blackjack.  Si el crupier tiene blackjack, perder\u00e1 toda su apuesta sin posibilidad de rendirse por la mitad del coste.<\/p>\n<hr>\n<p class=\"left\">\u2190 Parte 3 - <a href=\"\/blackjack-rules\/player-choices\/\" rel=\"prev\">Opciones del jugador<\/a><\/p>\n<p class=\"right\">Parte 5 - <a href=\"\/blackjack-rules\/rule-variations\/\" rel=\"next\">Variaciones de las reglas<\/a> \u2192<\/p>","protected":false},"excerpt":{"rendered":"<p>by Kenneth R Smith Insurance Insurance in blackjack is often misunderstood by players, and is a big money-maker for casinos. Naming this side-bet &#8220;insurance&#8221; was a brilliant marketing ploy, and some otherwise solid players will frequently make this bad bet to &#8220;insure&#8221; when they have a good hand. But actually, insurance is not always a [&hellip;]<\/p>\n","protected":false},"author":2,"featured_media":0,"parent":1174,"menu_order":4,"comment_status":"open","ping_status":"open","template":"","meta":{"_acf_changed":false,"footnotes":""},"tags":[],"class_list":["post-1348","page","type-page","status-publish","hentry"],"acf":[],"yoast_head":"<!-- This site is optimized with the Yoast SEO plugin v26.6 - https:\/\/yoast.com\/wordpress\/plugins\/seo\/ -->\n<title>Blackjack Rules: Part 4 - Insurance and Surrender<\/title>\n<meta name=\"description\" content=\"We continue our explanation of the rules of casino blackjack, covering insurance, taking even money for blackjack, and also the option of surrender.\" \/>\n<meta name=\"robots\" content=\"index, follow, max-snippet:-1, max-image-preview:large, max-video-preview:-1\" \/>\n<link rel=\"canonical\" href=\"https:\/\/www.blackjackinfo.com\/es\/reglas-del-blackjack\/\" \/>\n<meta property=\"og:locale\" content=\"es_ES\" \/>\n<meta property=\"og:type\" content=\"article\" \/>\n<meta property=\"og:title\" content=\"Blackjack Rules: Part 4 - Insurance and Surrender\" \/>\n<meta property=\"og:description\" content=\"We continue our explanation of the rules of casino blackjack, covering insurance, taking even money for blackjack, and also the option of surrender.\" \/>\n<meta property=\"og:url\" content=\"https:\/\/www.blackjackinfo.com\/es\/reglas-del-blackjack\/\" \/>\n<meta property=\"og:site_name\" content=\"BlackjackInfo.com\" \/>\n<meta property=\"article:modified_time\" content=\"2018-06-22T06:15:34+00:00\" \/>\n<meta name=\"twitter:label1\" content=\"Tiempo de lectura\" \/>\n\t<meta name=\"twitter:data1\" content=\"5 minutos\" \/>\n<script type=\"application\/ld+json\" class=\"yoast-schema-graph\">{\"@context\":\"https:\/\/schema.org\",\"@graph\":[{\"@type\":\"WebPage\",\"@id\":\"https:\/\/www.blackjackinfo.com\/blackjack-rules\/insurance-and-surrender\/\",\"url\":\"https:\/\/www.blackjackinfo.com\/blackjack-rules\/\",\"name\":\"Blackjack Rules: Part 4 - Insurance and Surrender\",\"isPartOf\":{\"@id\":\"https:\/\/www.blackjackinfo.com\/#website\"},\"datePublished\":\"2014-12-12T23:27:00+00:00\",\"dateModified\":\"2018-06-22T06:15:34+00:00\",\"description\":\"We continue our explanation of the rules of casino blackjack, covering insurance, taking even money for blackjack, and also the option of surrender.\",\"breadcrumb\":{\"@id\":\"https:\/\/www.blackjackinfo.com\/blackjack-rules\/#breadcrumb\"},\"inLanguage\":\"es\",\"potentialAction\":[{\"@type\":\"ReadAction\",\"target\":[\"https:\/\/www.blackjackinfo.com\/blackjack-rules\/\"]}]},{\"@type\":\"BreadcrumbList\",\"@id\":\"https:\/\/www.blackjackinfo.com\/blackjack-rules\/#breadcrumb\",\"itemListElement\":[{\"@type\":\"ListItem\",\"position\":1,\"name\":\"Home\",\"item\":\"https:\/\/www.blackjackinfo.com\/\"},{\"@type\":\"ListItem\",\"position\":2,\"name\":\"Casino Blackjack: Rules of the Game\",\"item\":\"https:\/\/www.blackjackinfo.com\/blackjack-rules\/\"},{\"@type\":\"ListItem\",\"position\":3,\"name\":\"Blackjack Rules: Part 4 &#8211; Insurance and Surrender\"}]},{\"@type\":\"WebSite\",\"@id\":\"https:\/\/www.blackjackinfo.com\/#website\",\"url\":\"https:\/\/www.blackjackinfo.com\/\",\"name\":\"BlackjackInfo.com\",\"description\":\"Because Winning is More Fun!\",\"potentialAction\":[{\"@type\":\"SearchAction\",\"target\":{\"@type\":\"EntryPoint\",\"urlTemplate\":\"https:\/\/www.blackjackinfo.com\/?s={search_term_string}\"},\"query-input\":{\"@type\":\"PropertyValueSpecification\",\"valueRequired\":true,\"valueName\":\"search_term_string\"}}],\"inLanguage\":\"es\"}]}<\/script>\n<!-- \/ Yoast SEO plugin. -->","yoast_head_json":{"title":"Reglas del Blackjack: Parte 4 - Seguro y Rendici\u00f3n","description":"Continuamos nuestra explicaci\u00f3n de las reglas del blackjack de casino, cubriendo el seguro, tomar dinero par para el blackjack, y tambi\u00e9n la opci\u00f3n de rendirse.","robots":{"index":"index","follow":"follow","max-snippet":"max-snippet:-1","max-image-preview":"max-image-preview:large","max-video-preview":"max-video-preview:-1"},"canonical":"https:\/\/www.blackjackinfo.com\/es\/reglas-del-blackjack\/","og_locale":"es_ES","og_type":"article","og_title":"Blackjack Rules: Part 4 - Insurance and Surrender","og_description":"We continue our explanation of the rules of casino blackjack, covering insurance, taking even money for blackjack, and also the option of surrender.","og_url":"https:\/\/www.blackjackinfo.com\/es\/reglas-del-blackjack\/","og_site_name":"BlackjackInfo.com","article_modified_time":"2018-06-22T06:15:34+00:00","twitter_misc":{"Tiempo de lectura":"5 minutos"},"schema":{"@context":"https:\/\/schema.org","@graph":[{"@type":"WebPage","@id":"https:\/\/www.blackjackinfo.com\/blackjack-rules\/insurance-and-surrender\/","url":"https:\/\/www.blackjackinfo.com\/blackjack-rules\/","name":"Reglas del Blackjack: Parte 4 - Seguro y Rendici\u00f3n","isPartOf":{"@id":"https:\/\/www.blackjackinfo.com\/#website"},"datePublished":"2014-12-12T23:27:00+00:00","dateModified":"2018-06-22T06:15:34+00:00","description":"Continuamos nuestra explicaci\u00f3n de las reglas del blackjack de casino, cubriendo el seguro, tomar dinero par para el blackjack, y tambi\u00e9n la opci\u00f3n de rendirse.","breadcrumb":{"@id":"https:\/\/www.blackjackinfo.com\/blackjack-rules\/#breadcrumb"},"inLanguage":"es","potentialAction":[{"@type":"ReadAction","target":["https:\/\/www.blackjackinfo.com\/blackjack-rules\/"]}]},{"@type":"BreadcrumbList","@id":"https:\/\/www.blackjackinfo.com\/blackjack-rules\/#breadcrumb","itemListElement":[{"@type":"ListItem","position":1,"name":"Home","item":"https:\/\/www.blackjackinfo.com\/"},{"@type":"ListItem","position":2,"name":"Casino Blackjack: Rules of the Game","item":"https:\/\/www.blackjackinfo.com\/blackjack-rules\/"},{"@type":"ListItem","position":3,"name":"Blackjack Rules: Part 4 &#8211; Insurance and Surrender"}]},{"@type":"WebSite","@id":"https:\/\/www.blackjackinfo.com\/#website","url":"https:\/\/www.blackjackinfo.com\/","name":"BlackjackInfo.com","description":"\u00a1Porque ganar es m\u00e1s divertido!","potentialAction":[{"@type":"SearchAction","target":{"@type":"EntryPoint","urlTemplate":"https:\/\/www.blackjackinfo.com\/?s={search_term_string}"},"query-input":{"@type":"PropertyValueSpecification","valueRequired":true,"valueName":"search_term_string"}}],"inLanguage":"es"}]}},"_links":{"self":[{"href":"https:\/\/www.blackjackinfo.com\/es\/wp-json\/wp\/v2\/pages\/1348","targetHints":{"allow":["GET"]}}],"collection":[{"href":"https:\/\/www.blackjackinfo.com\/es\/wp-json\/wp\/v2\/pages"}],"about":[{"href":"https:\/\/www.blackjackinfo.com\/es\/wp-json\/wp\/v2\/types\/page"}],"author":[{"embeddable":true,"href":"https:\/\/www.blackjackinfo.com\/es\/wp-json\/wp\/v2\/users\/2"}],"replies":[{"embeddable":true,"href":"https:\/\/www.blackjackinfo.com\/es\/wp-json\/wp\/v2\/comments?post=1348"}],"version-history":[{"count":15,"href":"https:\/\/www.blackjackinfo.com\/es\/wp-json\/wp\/v2\/pages\/1348\/revisions"}],"predecessor-version":[{"id":1657,"href":"https:\/\/www.blackjackinfo.com\/es\/wp-json\/wp\/v2\/pages\/1348\/revisions\/1657"}],"up":[{"embeddable":true,"href":"https:\/\/www.blackjackinfo.com\/es\/wp-json\/wp\/v2\/pages\/1174"}],"wp:attachment":[{"href":"https:\/\/www.blackjackinfo.com\/es\/wp-json\/wp\/v2\/media?parent=1348"}],"wp:term":[{"taxonomy":"post_tag","embeddable":true,"href":"https:\/\/www.blackjackinfo.com\/es\/wp-json\/wp\/v2\/tags?post=1348"}],"curies":[{"name":"wp","href":"https:\/\/api.w.org\/{rel}","templated":true}]}}