{"id":1367,"date":"2014-12-13T11:18:06","date_gmt":"2014-12-13T17:18:06","guid":{"rendered":"http:\/\/test.blackjackinfo.com\/?page_id=1367"},"modified":"2018-09-06T00:54:44","modified_gmt":"2018-09-06T05:54:44","slug":"introduccion-a-los-torneos","status":"publish","type":"page","link":"https:\/\/www.blackjackinfo.com\/es\/blackjack-tournaments\/introduction-to-tournaments\/","title":{"rendered":"Introducci\u00f3n a los torneos de Blackjack"},"content":{"rendered":"<div class=\"bji-byline\">por <a href=\"\/ken-smith\/\">Kenneth R Smith<\/a>.<\/div>\n<h2>\u00bfQu\u00e9 es un torneo de blackjack?<\/h2>\n<p class=\"intro\">A diferencia del blackjack de casino normal, en un torneo de blackjack compites contra tus compa\u00f1eros. Aunque cada uno de los jugadores gana o pierde contra el crupier, tu verdadero objetivo es acabar con m\u00e1s fichas que los dem\u00e1s jugadores de la mesa.<\/p>\n<p>Un torneo de blackjack t\u00edpico consiste en varias rondas cortas de juego, con mesas de unos 6 jugadores que compiten entre s\u00ed en cada ronda. El formato suele ser eliminatorio, en el que s\u00f3lo 1 o 2 jugadores de cada mesa pasan a la siguiente ronda.<\/p>\n<p>Cada ronda consta de un n\u00famero determinado de manos y los jugadores comienzan la ronda con la misma cantidad de fichas. Al final de la ronda, el jugador o jugadores con el mayor bankroll avanzan a la siguiente ronda. Una ronda t\u00edpica dura entre 15 y 30 manos. Algunos torneos utilizan fichas de dinero real, mientras que otros se juegan con fichas de torneo no negociables sin valor en efectivo.<\/p>\n<p>En lugar de que el crupier empiece siempre a repartir en el primer asiento, se coloca un bot\u00f3n en la mesa delante de un jugador que indica que ese jugador es la \"primera base\" para esa mano. El bot\u00f3n se desplaza consecutivamente por la mesa con cada mano que pasa. Este es un punto importante porque el orden de las apuestas y del juego gira con el bot\u00f3n, y los jugadores que deben apostar y actuar antes en una mano determinada est\u00e1n en desventaja.<\/p>\n<p>La mayor\u00eda de los torneos constan de 3 a 5 rondas eliminatorias. Un formato t\u00edpico podr\u00eda tener 2 jugadores de cada mesa de 6 avanzando desde la primera ronda, 1 jugador de cada mesa de 6 avanzando desde la segunda ronda, y luego la mesa final. Este formato con 6 jugadores en la mesa final permitir\u00eda 108 entradas en 18 mesas de primera ronda. A menudo, en los torneos m\u00e1s peque\u00f1os, la primera ronda se divide en varias rondas clasificatorias, de modo que si no se avanza, se puede volver a participar para conseguir otro puesto en la primera ronda.<\/p>\n<h2 class=\"text-center\">\u00bfPor qu\u00e9 deber\u00edas jugar a un torneo de blackjack?<\/h2>\n<p>La bolsa de premios de un torneo suele ser 100% de los derechos de inscripci\u00f3n pagados por los jugadores. Esto significa que el casino no tiene ninguna ventaja sobre los jugadores del torneo. De hecho, el jugador m\u00e1s h\u00e1bil puede tener una gran ventaja sobre los dem\u00e1s jugadores si \u00e9stos tienen menos experiencia en la estrategia de torneos. Muchos casinos garantizan el premio en met\u00e1lico aunque el torneo no se llene de participantes. En estos casos, el casino est\u00e1 literalmente pagando a los jugadores para que participen en el torneo. Desde el punto de vista del casino, es una buena jugada de marketing, ya que est\u00e1n atrayendo a nuevos jugadores a las mesas entre las rondas del torneo.<\/p>\n<p>Dado que los torneos m\u00e1s importantes suelen incluir precios especiales en las habitaciones y comida gratis, puede ahorrar algo de dinero en sus vacaciones a Las Vegas si las reserva en torno a un torneo. Si va a ir a un casino de todos modos, programar su viaje para que coincida con un torneo puede ahorrarle algo de dinero y darle la oportunidad de jugar por un gran premio con un riesgo m\u00ednimo.<\/p>\n<h2 class=\"text-center\">\u00bfCu\u00e1les son los premios t\u00edpicos?<\/h2>\n<p>Como es de esperar, los premios var\u00edan mucho. Los torneos m\u00e1s peque\u00f1os pueden tener una cuota de inscripci\u00f3n de $10, y pagar $500 o $1000 por el primer puesto. La mayor\u00eda de los torneos pagan al menos 6 plazas. Los torneos m\u00e1s grandes pueden tener una cuota de inscripci\u00f3n de $300-$500, con un pago proporcionalmente mayor. Los eventos m\u00e1s importantes tienen cuotas de inscripci\u00f3n de $1000 o m\u00e1s y, en ocasiones, cuentan con bolsas de premios de m\u00e1s de un mill\u00f3n de d\u00f3lares.<\/p>\n<h2 class=\"text-center\">\u00bfD\u00f3nde puede obtener m\u00e1s informaci\u00f3n?<\/h2>\n<p>Visite nuestro sitio hermano <a href=\"https:\/\/www.blackjacktournaments.com\/\">BlackjackTournaments.com<\/a> donde el calendario gratuito de pr\u00f3ximos torneos de blackjack incluye literalmente miles de eventos en todo el pa\u00eds.<\/p>\n<hr \/>\n<p>Para m\u00e1s art\u00edculos sobre torneos de blackjack y estrategia de torneos, puedes:<br \/>\nVolver a la <a href=\"\/blackjack-tournaments\/\">Secci\u00f3n Torneos de Blackjack<\/a>o<br \/>\nPasar al siguiente art\u00edculo <a href=\"\/blackjack-tournaments\/tournament-strategy-basics\/\">Conceptos b\u00e1sicos de estrategia en torneos<\/a>.<\/p>","protected":false},"excerpt":{"rendered":"<p>by Kenneth R Smith. What is a blackjack tournament? Unlike normal casino blackjack play, in a blackjack tournament you are competing against your fellow players. While each of the players still wins or loses against the dealer, your real goal is to finish with more chips than the other players at the table. A typical [&hellip;]<\/p>\n","protected":false},"author":2,"featured_media":0,"parent":1052,"menu_order":1,"comment_status":"open","ping_status":"closed","template":"page-with-sidebar.php","meta":{"_acf_changed":false,"footnotes":""},"tags":[],"class_list":["post-1367","page","type-page","status-publish","hentry"],"acf":[],"yoast_head":"<!-- This site is optimized with the Yoast SEO plugin v26.6 - https:\/\/yoast.com\/wordpress\/plugins\/seo\/ -->\n<title>Introduction to Blackjack Tournaments<\/title>\n<meta name=\"description\" content=\"An explanation of how blackjack tournaments work, including the typical format and rules.\" \/>\n<meta name=\"robots\" content=\"index, follow, max-snippet:-1, max-image-preview:large, max-video-preview:-1\" \/>\n<link rel=\"canonical\" href=\"https:\/\/www.blackjackinfo.com\/es\/torneos-de-blackjack\/introduccion-a-los-torneos\/\" \/>\n<meta property=\"og:locale\" content=\"es_ES\" \/>\n<meta property=\"og:type\" content=\"article\" \/>\n<meta property=\"og:title\" content=\"Introduction to Blackjack Tournaments\" \/>\n<meta property=\"og:description\" content=\"An explanation of how blackjack tournaments work, including the typical format and rules.\" \/>\n<meta property=\"og:url\" content=\"https:\/\/www.blackjackinfo.com\/es\/torneos-de-blackjack\/introduccion-a-los-torneos\/\" \/>\n<meta property=\"og:site_name\" content=\"BlackjackInfo.com\" \/>\n<meta property=\"article:modified_time\" content=\"2018-09-06T05:54:44+00:00\" \/>\n<meta name=\"twitter:label1\" content=\"Tiempo de lectura\" \/>\n\t<meta name=\"twitter:data1\" content=\"3 minutos\" \/>\n<script type=\"application\/ld+json\" class=\"yoast-schema-graph\">{\"@context\":\"https:\/\/schema.org\",\"@graph\":[{\"@type\":\"WebPage\",\"@id\":\"https:\/\/www.blackjackinfo.com\/blackjack-tournaments\/introduction-to-tournaments\/\",\"url\":\"https:\/\/www.blackjackinfo.com\/blackjack-tournaments\/introduction-to-tournaments\/\",\"name\":\"Introduction to Blackjack Tournaments\",\"isPartOf\":{\"@id\":\"https:\/\/www.blackjackinfo.com\/#website\"},\"datePublished\":\"2014-12-13T17:18:06+00:00\",\"dateModified\":\"2018-09-06T05:54:44+00:00\",\"description\":\"An explanation of how blackjack tournaments work, including the typical format and rules.\",\"breadcrumb\":{\"@id\":\"https:\/\/www.blackjackinfo.com\/blackjack-tournaments\/introduction-to-tournaments\/#breadcrumb\"},\"inLanguage\":\"es\",\"potentialAction\":[{\"@type\":\"ReadAction\",\"target\":[\"https:\/\/www.blackjackinfo.com\/blackjack-tournaments\/introduction-to-tournaments\/\"]}]},{\"@type\":\"BreadcrumbList\",\"@id\":\"https:\/\/www.blackjackinfo.com\/blackjack-tournaments\/introduction-to-tournaments\/#breadcrumb\",\"itemListElement\":[{\"@type\":\"ListItem\",\"position\":1,\"name\":\"Home\",\"item\":\"https:\/\/www.blackjackinfo.com\/\"},{\"@type\":\"ListItem\",\"position\":2,\"name\":\"Blackjack Tournament Strategy\",\"item\":\"https:\/\/www.blackjackinfo.com\/blackjack-tournaments\/\"},{\"@type\":\"ListItem\",\"position\":3,\"name\":\"Introduction to Blackjack Tournaments\"}]},{\"@type\":\"WebSite\",\"@id\":\"https:\/\/www.blackjackinfo.com\/#website\",\"url\":\"https:\/\/www.blackjackinfo.com\/\",\"name\":\"BlackjackInfo.com\",\"description\":\"Because Winning is More Fun!\",\"potentialAction\":[{\"@type\":\"SearchAction\",\"target\":{\"@type\":\"EntryPoint\",\"urlTemplate\":\"https:\/\/www.blackjackinfo.com\/?s={search_term_string}\"},\"query-input\":{\"@type\":\"PropertyValueSpecification\",\"valueRequired\":true,\"valueName\":\"search_term_string\"}}],\"inLanguage\":\"es\"}]}<\/script>\n<!-- \/ Yoast SEO plugin. -->","yoast_head_json":{"title":"Introducci\u00f3n a los torneos de Blackjack","description":"Una explicaci\u00f3n de c\u00f3mo funcionan los torneos de blackjack, incluyendo el formato t\u00edpico y las reglas.","robots":{"index":"index","follow":"follow","max-snippet":"max-snippet:-1","max-image-preview":"max-image-preview:large","max-video-preview":"max-video-preview:-1"},"canonical":"https:\/\/www.blackjackinfo.com\/es\/torneos-de-blackjack\/introduccion-a-los-torneos\/","og_locale":"es_ES","og_type":"article","og_title":"Introduction to Blackjack Tournaments","og_description":"An explanation of how blackjack tournaments work, including the typical format and rules.","og_url":"https:\/\/www.blackjackinfo.com\/es\/torneos-de-blackjack\/introduccion-a-los-torneos\/","og_site_name":"BlackjackInfo.com","article_modified_time":"2018-09-06T05:54:44+00:00","twitter_misc":{"Tiempo de lectura":"3 minutos"},"schema":{"@context":"https:\/\/schema.org","@graph":[{"@type":"WebPage","@id":"https:\/\/www.blackjackinfo.com\/blackjack-tournaments\/introduction-to-tournaments\/","url":"https:\/\/www.blackjackinfo.com\/blackjack-tournaments\/introduction-to-tournaments\/","name":"Introducci\u00f3n a los torneos de Blackjack","isPartOf":{"@id":"https:\/\/www.blackjackinfo.com\/#website"},"datePublished":"2014-12-13T17:18:06+00:00","dateModified":"2018-09-06T05:54:44+00:00","description":"Una explicaci\u00f3n de c\u00f3mo funcionan los torneos de blackjack, incluyendo el formato t\u00edpico y las reglas.","breadcrumb":{"@id":"https:\/\/www.blackjackinfo.com\/blackjack-tournaments\/introduction-to-tournaments\/#breadcrumb"},"inLanguage":"es","potentialAction":[{"@type":"ReadAction","target":["https:\/\/www.blackjackinfo.com\/blackjack-tournaments\/introduction-to-tournaments\/"]}]},{"@type":"BreadcrumbList","@id":"https:\/\/www.blackjackinfo.com\/blackjack-tournaments\/introduction-to-tournaments\/#breadcrumb","itemListElement":[{"@type":"ListItem","position":1,"name":"Home","item":"https:\/\/www.blackjackinfo.com\/"},{"@type":"ListItem","position":2,"name":"Blackjack Tournament Strategy","item":"https:\/\/www.blackjackinfo.com\/blackjack-tournaments\/"},{"@type":"ListItem","position":3,"name":"Introduction to Blackjack Tournaments"}]},{"@type":"WebSite","@id":"https:\/\/www.blackjackinfo.com\/#website","url":"https:\/\/www.blackjackinfo.com\/","name":"BlackjackInfo.com","description":"\u00a1Porque ganar es m\u00e1s divertido!","potentialAction":[{"@type":"SearchAction","target":{"@type":"EntryPoint","urlTemplate":"https:\/\/www.blackjackinfo.com\/?s={search_term_string}"},"query-input":{"@type":"PropertyValueSpecification","valueRequired":true,"valueName":"search_term_string"}}],"inLanguage":"es"}]}},"_links":{"self":[{"href":"https:\/\/www.blackjackinfo.com\/es\/wp-json\/wp\/v2\/pages\/1367","targetHints":{"allow":["GET"]}}],"collection":[{"href":"https:\/\/www.blackjackinfo.com\/es\/wp-json\/wp\/v2\/pages"}],"about":[{"href":"https:\/\/www.blackjackinfo.com\/es\/wp-json\/wp\/v2\/types\/page"}],"author":[{"embeddable":true,"href":"https:\/\/www.blackjackinfo.com\/es\/wp-json\/wp\/v2\/users\/2"}],"replies":[{"embeddable":true,"href":"https:\/\/www.blackjackinfo.com\/es\/wp-json\/wp\/v2\/comments?post=1367"}],"version-history":[{"count":10,"href":"https:\/\/www.blackjackinfo.com\/es\/wp-json\/wp\/v2\/pages\/1367\/revisions"}],"predecessor-version":[{"id":5233,"href":"https:\/\/www.blackjackinfo.com\/es\/wp-json\/wp\/v2\/pages\/1367\/revisions\/5233"}],"up":[{"embeddable":true,"href":"https:\/\/www.blackjackinfo.com\/es\/wp-json\/wp\/v2\/pages\/1052"}],"wp:attachment":[{"href":"https:\/\/www.blackjackinfo.com\/es\/wp-json\/wp\/v2\/media?parent=1367"}],"wp:term":[{"taxonomy":"post_tag","embeddable":true,"href":"https:\/\/www.blackjackinfo.com\/es\/wp-json\/wp\/v2\/tags?post=1367"}],"curies":[{"name":"wp","href":"https:\/\/api.w.org\/{rel}","templated":true}]}}