{"id":1374,"date":"2014-12-13T11:30:22","date_gmt":"2014-12-13T17:30:22","guid":{"rendered":"http:\/\/test.blackjackinfo.com\/?page_id=1374"},"modified":"2018-09-06T01:23:39","modified_gmt":"2018-09-06T06:23:39","slug":"fundamentos-de-la-estrategia-de-torneos","status":"publish","type":"page","link":"https:\/\/www.blackjackinfo.com\/es\/blackjack-tournaments\/tournament-strategy-basics\/","title":{"rendered":"Estrategia b\u00e1sica para torneos de blackjack"},"content":{"rendered":"<div class=\"bji-byline\">por <a href=\"\/ken-smith\/\">Kenneth R Smith<\/a>.<\/div>\n<p class=\"intro\">En el blackjack de torneo, tener s\u00f3lo un poco de conocimiento sobre la estrategia de torneo puede mejorar dr\u00e1sticamente tus posibilidades de \u00e9xito. En este art\u00edculo, veremos los principios generales que forman las ideas m\u00e1s importantes en la estrategia de torneos. Estos conceptos te dar\u00e1n una gran ventaja sobre la mayor\u00eda de los oponentes, y son lo suficientemente sencillos como para que no tengas que estudiar para hacer uso de ellos.<\/p>\n<h2 class=\"text-center\">Riesgo y recompensa<\/h2>\n<p>Como en la mayor\u00eda de los tipos de apuestas informadas, una estrategia eficaz en los torneos se basa en la Gesti\u00f3n del Riesgo. Para ganar una mesa, normalmente tendr\u00e1 que arriesgar gran parte de su bankroll en alg\u00fan momento. La clave del \u00e9xito a largo plazo es asegurarse de obtener el m\u00e1ximo valor por cada gran apuesta que haga. Si hay un proceso de pensamiento que es importante en cada una de las decisiones que tome en la mesa del torneo, es \u00e9ste. Sopese el riesgo y la recompensa de sus elecciones. Si piensa constantemente en esos t\u00e9rminos, podr\u00e1 evaluar el valor de las distintas estrategias en funci\u00f3n de su situaci\u00f3n actual en la mesa.<\/p>\n<h2 class=\"text-center\">Resultados similares<\/h2>\n<p>Una de las caracter\u00edsticas definitorias de los torneos de blackjack es que todos los jugadores compiten contra el mismo crupier. Esto significa que los jugadores suelen tener resultados similares en cualquier mano. Si el crupier saca un blackjack, es probable que toda la mesa tenga el mismo resultado, una p\u00e9rdida. Aunque ciertamente es posible (\u00a1y a menudo necesario!) ganar terreno teniendo mejores cartas que uno de tus oponentes, es mucho m\u00e1s f\u00e1cil ganar terreno apostando y jugando tu mano de forma diferente a la de ese oponente.<\/p>\n<h2 class=\"text-center\">Estrategia b\u00e1sica<\/h2>\n<p>Conocer la estrategia b\u00e1sica correcta es importante para tener \u00e9xito en los torneos, pero le sorprender\u00e1 saber que en realidad no es un factor tan importante en la mayor\u00eda de las manos. Si est\u00e1 limitando el riesgo apostando poco en la mayor\u00eda de las manos, los errores en esas manos no supondr\u00e1n gran cosa. Sin embargo, jugar sus grandes apuestas de forma incorrecta puede ser un error costoso, por lo que una estrategia b\u00e1sica s\u00f3lida completa nuestra trifecta de conceptos de torneo. Eso es \"Riesgo y recompensa, resultados similares y estrategia b\u00e1sica\".<\/p>\n<p>Veamos ahora c\u00f3mo aplicar estas ideas en la mesa. Estos ejemplos suponen que est\u00e1s jugando una ronda t\u00edpica de eliminaci\u00f3n, compitiendo \u00fanicamente contra los otros jugadores de tu mesa.<\/p>\n<p>Una vez que te quedas sin fichas durante una ronda de torneo, est\u00e1s acabado. No puedes comprar m\u00e1s fichas para tener una segunda oportunidad.<\/p>\n<h2 class=\"text-center\">Conserve su capital desde el principio, pero arri\u00e9sguelo cuando sea necesario<\/h2>\n<p>La gesti\u00f3n del riesgo comienza con el tama\u00f1o de la apuesta. Las apuestas peque\u00f1as reducen, o incluso eliminan, el riesgo de arruinarse en la mesa del torneo. Una vez que te quedas sin fichas durante una ronda de torneo, est\u00e1s acabado. No puedes comprar m\u00e1s fichas para tener una segunda oportunidad. Eso significa que debes elegir sabiamente tus batallas. Hace a\u00f1os, cuando la mayor\u00eda de los competidores eran nuevos en los torneos, una estrategia conservadora de apuesta m\u00ednima casi siempre te garantizaba una gran oportunidad de llegar a las \u00faltimas manos de una mesa con el liderato o al menos con el segundo o tercer recuento de fichas. Muchos jugadores de la \u00e9poca cre\u00edan que la \u00fanica forma de tener \u00e9xito en los torneos era hacer muchas apuestas grandes y acumular una monta\u00f1a de fichas. Aunque a veces lo consegu\u00edan, se quedaban fuera con mucha m\u00e1s frecuencia. En cambio, los jugadores que conservaban su capital inicial hasta las diez manos finales, m\u00e1s o menos, eran los grandes favoritos en estos eventos. Aunque era dif\u00edcil atrapar a esos grandes apostadores al final, tampoco era raro ganar una mesa por defecto cuando el crupier estaba en racha y eliminaba a todo el mundo antes de que la ronda hubiera terminado. Gran parte de mi \u00e9xito inicial en los torneos se debi\u00f3 a este enfoque simplista. Apostar poco hasta el final y luego apostar lo suficiente para alcanzar a los l\u00edderes, si los hay.<\/p>\n<p>Los tiempos han cambiado mucho, ya que los jugadores de torneos se han vuelto mucho m\u00e1s sofisticados. Una vez que muchos jugadores empezaron a imitar este enfoque t\u00edmido, su eficacia disminuy\u00f3 dr\u00e1sticamente. En el juego actual, suelo basar mi decisi\u00f3n de estrategia en lo t\u00edmidos o atrevidos que parecen ser mis oponentes. Si toda la mesa est\u00e1 haciendo apuestas peque\u00f1as, a menudo es prudente hacer una apuesta grande temprana. Sin embargo, si en la mesa hay unos pocos apostadores alocados, estoy perfectamente dispuesto a seguir utilizando el mismo enfoque simplista que utilic\u00e9 con gran \u00e9xito hace a\u00f1os.<\/p>\n<p>Apostar lo justo para hacer el trabajo maximiza el valor de las fichas que est\u00e1s arriesgando.<\/p>\n<p>Mucho m\u00e1s com\u00fan en estos d\u00edas es un enfoque h\u00edbrido, donde la gesti\u00f3n del riesgo realmente empieza a brillar. Haciendo principalmente apuestas peque\u00f1as y eligiendo oportunidades para apuestas grandes, puede combatir eficazmente ambos estilos de jugadores. Como en la mayor\u00eda de las mesas hay una mezcla de jugadores agresivos y de apuestas m\u00ednimas, esto te da la posibilidad de elegir cuidadosamente las manos en las que una apuesta grande ser\u00e1 m\u00e1s efectiva. A mitad de ronda, suelo esperar a que el bot\u00f3n haya pasado por mi sitio, para poder ver las apuestas de todos mis competidores antes de elegir el tama\u00f1o de mi apuesta. Esto me da la posibilidad de apostar con precisi\u00f3n suficiente para tomar la delantera, sin arriesgar fichas de m\u00e1s. La idea es sencilla: Apostar lo justo para conseguir el objetivo maximiza el valor de las fichas que arriesgas. Siempre que decida hacer un movimiento sustancial, recuerde el segundo concepto clave, que los resultados de todos los jugadores suelen ser similares. Si apuesta lo suficiente para alcanzar su objetivo aunque su oponente tambi\u00e9n gane su apuesta, probablemente el tama\u00f1o de su apuesta sea el adecuado. Hay excepciones, sobre todo cuando va muy por detr\u00e1s de los l\u00edderes en fichas. Sin embargo, por lo general, apostar lo suficiente para tomar la delantera si el crupier paga a toda la mesa es su mejor plan.<\/p>\n<p>Una vez en cabeza, debe recordar que los resultados similares son la norma. Hacer apuestas m\u00ednimas como l\u00edder s\u00f3lo da a todos tus oponentes oportunidades gratis de pasarte. En su lugar, vea si puede marginar sus apuestas apostando una cantidad similar. Aunque a menudo ser\u00e1 v\u00edctima de malas cartas y ver\u00e1 c\u00f3mo le pasan como resultado, arriesgar una apuesta de tama\u00f1o medio para igualar a los jugadores que le siguen es la estrategia m\u00e1s fuerte.<\/p>\n<p>Elegir sus batallas significa no hacer apuestas grandes a menos que tenga una raz\u00f3n. Los jugadores que habitualmente apuestan cantidades medianas en la mayor\u00eda de las manos est\u00e1n limitando seriamente sus posibilidades de \u00e9xito. Esas apuestas individualmente no pueden conseguir mucho, pero el efecto acumulativo sobre el riesgo de ruina es considerable. Tiendo a ser un jugador de extremos. Normalmente me ver\u00e1s haciendo apuestas muy peque\u00f1as o apuestas muy grandes. Si hago una apuesta mediana, es por una de estas dos razones: O voy ganando y reduciendo las apuestas de mi oponente, o una apuesta mediana es lo bastante grande como para lograr mi objetivo inmediato y, por tanto, es realmente una especie de apuesta grande.<\/p>\n<p>Considere una situaci\u00f3n en la que va perdiendo por casi una apuesta m\u00e1xima completa. Si el l\u00edder ha hecho una apuesta peque\u00f1a, deber\u00eda considerar el riesgo y la recompensa de hacer una apuesta m\u00e1xima en esta mano para tomar la delantera. Es probable que arriesgue la mayor parte de sus fondos, pero la recompensa puede ser considerable. Dependiendo de cu\u00e1ntas manos queden en la ronda, \u00e9sta puede ser la \u00faltima oportunidad de recuperar el liderato con una sola apuesta. Si decide que es el momento adecuado para ese riesgo, determine cu\u00e1nto necesita apostar realmente para lograr el objetivo de ser el l\u00edder en fichas. Puede que no necesite hacer una apuesta m\u00e1xima completa. Si es posible, apueste lo suficiente para tomar la delantera si el l\u00edder tambi\u00e9n gana su apuesta peque\u00f1a, o quiz\u00e1s incluso una apuesta doble. La idea principal aqu\u00ed es no hacer una apuesta mediana y esperar llegar gradualmente. Si necesita tomar la delantera, h\u00e1galo todo en una mano si es posible. Puede parecer parad\u00f3jico que minimizar el riesgo signifique arriesgar todo su bankroll en una sola mano. Pero, un gran riesgo con \u00e9xito puede eliminar la necesidad de muchos riesgos de tama\u00f1o medio.<\/p>\n<p>El consejo de no arriesgar fichas extra tiene una excepci\u00f3n com\u00fan. Siempre que est\u00e9 arriesgando tanto en una apuesta que sus fichas restantes ser\u00edan ineficaces si pierde la apuesta, deber\u00eda ir all-in. Es decir, si est\u00e1s al final de la ronda y necesitas apostar $350 de tu bankroll de $400 para tomar la delantera, probablemente deber\u00edas apostar los $400 en su lugar. De lo contrario, los $50 que te podr\u00edan sobrar probablemente sean dinero muerto. Apostar all-in tiene sus desventajas, ya que no puedes dividir, pero si necesitas ganar una cantidad que es m\u00e1s de la mitad de tu bankroll, es mejor que intentes hacerlo con una sola apuesta ganadora en lugar de esperar una buena mano doble o dividida.<\/p>\n<p>Estas ideas contribuir\u00e1n en gran medida a garantizar el \u00e9xito en los torneos a largo plazo. La mayor\u00eda de los torneos se ganan con lo b\u00e1sico y un poco de suerte.<\/p>\n<p>Espero verte en la final, -Ken-<\/p>\n<hr \/>\n<p>Para m\u00e1s art\u00edculos sobre torneos de blackjack y estrategia de torneos, puedes:<br \/>\nVolver a la <a href=\"\/blackjack-tournaments\/\">Secci\u00f3n Torneos de Blackjack<\/a>o<br \/>\nPasar al siguiente art\u00edculo <a href=\"\/blackjack-tournaments\/tournament-position\/\">La posici\u00f3n, parte fundamental de la estrategia en los torneos de blackjack<\/a>.<\/p>","protected":false},"excerpt":{"rendered":"<p>by Kenneth R Smith. In tournament blackjack, having just a little knowledge about tournament strategy can dramatically improve your chances of success. In this article, we&#8217;ll look at the general principles that form the most important ideas in tournament strategy. These concepts will give you a big edge over most opponents, and they&#8217;re simple enough [&hellip;]<\/p>\n","protected":false},"author":2,"featured_media":0,"parent":1052,"menu_order":2,"comment_status":"open","ping_status":"closed","template":"page-with-sidebar.php","meta":{"_acf_changed":false,"footnotes":""},"tags":[],"class_list":["post-1374","page","type-page","status-publish","hentry"],"acf":[],"yoast_head":"<!-- This site is optimized with the Yoast SEO plugin v26.6 - https:\/\/yoast.com\/wordpress\/plugins\/seo\/ -->\n<title>Blackjack Tournament Strategy Basics<\/title>\n<meta name=\"description\" content=\"Understanding just a few concepts can make a big difference in your success in blackjack tournaments. Ken Smith explains a few powerful key ideas.\" \/>\n<meta name=\"robots\" content=\"index, follow, max-snippet:-1, max-image-preview:large, max-video-preview:-1\" \/>\n<link rel=\"canonical\" href=\"https:\/\/www.blackjackinfo.com\/es\/torneos-de-blackjack\/fundamentos-de-la-estrategia-de-torneos\/\" \/>\n<meta property=\"og:locale\" content=\"es_ES\" \/>\n<meta property=\"og:type\" content=\"article\" \/>\n<meta property=\"og:title\" content=\"Blackjack Tournament Strategy Basics\" \/>\n<meta property=\"og:description\" content=\"Understanding just a few concepts can make a big difference in your success in blackjack tournaments. Ken Smith explains a few powerful key ideas.\" \/>\n<meta property=\"og:url\" content=\"https:\/\/www.blackjackinfo.com\/es\/torneos-de-blackjack\/fundamentos-de-la-estrategia-de-torneos\/\" \/>\n<meta property=\"og:site_name\" content=\"BlackjackInfo.com\" \/>\n<meta property=\"article:modified_time\" content=\"2018-09-06T06:23:39+00:00\" \/>\n<meta name=\"twitter:label1\" content=\"Tiempo de lectura\" \/>\n\t<meta name=\"twitter:data1\" content=\"8 minutos\" \/>\n<script type=\"application\/ld+json\" class=\"yoast-schema-graph\">{\"@context\":\"https:\/\/schema.org\",\"@graph\":[{\"@type\":\"WebPage\",\"@id\":\"https:\/\/www.blackjackinfo.com\/blackjack-tournaments\/tournament-strategy-basics\/\",\"url\":\"https:\/\/www.blackjackinfo.com\/blackjack-tournaments\/tournament-strategy-basics\/\",\"name\":\"Blackjack Tournament Strategy Basics\",\"isPartOf\":{\"@id\":\"https:\/\/www.blackjackinfo.com\/#website\"},\"datePublished\":\"2014-12-13T17:30:22+00:00\",\"dateModified\":\"2018-09-06T06:23:39+00:00\",\"description\":\"Understanding just a few concepts can make a big difference in your success in blackjack tournaments. Ken Smith explains a few powerful key ideas.\",\"breadcrumb\":{\"@id\":\"https:\/\/www.blackjackinfo.com\/blackjack-tournaments\/tournament-strategy-basics\/#breadcrumb\"},\"inLanguage\":\"es\",\"potentialAction\":[{\"@type\":\"ReadAction\",\"target\":[\"https:\/\/www.blackjackinfo.com\/blackjack-tournaments\/tournament-strategy-basics\/\"]}]},{\"@type\":\"BreadcrumbList\",\"@id\":\"https:\/\/www.blackjackinfo.com\/blackjack-tournaments\/tournament-strategy-basics\/#breadcrumb\",\"itemListElement\":[{\"@type\":\"ListItem\",\"position\":1,\"name\":\"Home\",\"item\":\"https:\/\/www.blackjackinfo.com\/\"},{\"@type\":\"ListItem\",\"position\":2,\"name\":\"Blackjack Tournament Strategy\",\"item\":\"https:\/\/www.blackjackinfo.com\/blackjack-tournaments\/\"},{\"@type\":\"ListItem\",\"position\":3,\"name\":\"Blackjack Tournament Strategy Basics\"}]},{\"@type\":\"WebSite\",\"@id\":\"https:\/\/www.blackjackinfo.com\/#website\",\"url\":\"https:\/\/www.blackjackinfo.com\/\",\"name\":\"BlackjackInfo.com\",\"description\":\"Because Winning is More Fun!\",\"potentialAction\":[{\"@type\":\"SearchAction\",\"target\":{\"@type\":\"EntryPoint\",\"urlTemplate\":\"https:\/\/www.blackjackinfo.com\/?s={search_term_string}\"},\"query-input\":{\"@type\":\"PropertyValueSpecification\",\"valueRequired\":true,\"valueName\":\"search_term_string\"}}],\"inLanguage\":\"es\"}]}<\/script>\n<!-- \/ Yoast SEO plugin. -->","yoast_head_json":{"title":"Estrategia b\u00e1sica para torneos de blackjack","description":"Comprender s\u00f3lo unos pocos conceptos puede marcar una gran diferencia en su \u00e9xito en los torneos de blackjack. Ken Smith explica algunas poderosas ideas clave.","robots":{"index":"index","follow":"follow","max-snippet":"max-snippet:-1","max-image-preview":"max-image-preview:large","max-video-preview":"max-video-preview:-1"},"canonical":"https:\/\/www.blackjackinfo.com\/es\/torneos-de-blackjack\/fundamentos-de-la-estrategia-de-torneos\/","og_locale":"es_ES","og_type":"article","og_title":"Blackjack Tournament Strategy Basics","og_description":"Understanding just a few concepts can make a big difference in your success in blackjack tournaments. Ken Smith explains a few powerful key ideas.","og_url":"https:\/\/www.blackjackinfo.com\/es\/torneos-de-blackjack\/fundamentos-de-la-estrategia-de-torneos\/","og_site_name":"BlackjackInfo.com","article_modified_time":"2018-09-06T06:23:39+00:00","twitter_misc":{"Tiempo de lectura":"8 minutos"},"schema":{"@context":"https:\/\/schema.org","@graph":[{"@type":"WebPage","@id":"https:\/\/www.blackjackinfo.com\/blackjack-tournaments\/tournament-strategy-basics\/","url":"https:\/\/www.blackjackinfo.com\/blackjack-tournaments\/tournament-strategy-basics\/","name":"Estrategia b\u00e1sica para torneos de blackjack","isPartOf":{"@id":"https:\/\/www.blackjackinfo.com\/#website"},"datePublished":"2014-12-13T17:30:22+00:00","dateModified":"2018-09-06T06:23:39+00:00","description":"Comprender s\u00f3lo unos pocos conceptos puede marcar una gran diferencia en su \u00e9xito en los torneos de blackjack. Ken Smith explica algunas poderosas ideas clave.","breadcrumb":{"@id":"https:\/\/www.blackjackinfo.com\/blackjack-tournaments\/tournament-strategy-basics\/#breadcrumb"},"inLanguage":"es","potentialAction":[{"@type":"ReadAction","target":["https:\/\/www.blackjackinfo.com\/blackjack-tournaments\/tournament-strategy-basics\/"]}]},{"@type":"BreadcrumbList","@id":"https:\/\/www.blackjackinfo.com\/blackjack-tournaments\/tournament-strategy-basics\/#breadcrumb","itemListElement":[{"@type":"ListItem","position":1,"name":"Home","item":"https:\/\/www.blackjackinfo.com\/"},{"@type":"ListItem","position":2,"name":"Blackjack Tournament Strategy","item":"https:\/\/www.blackjackinfo.com\/blackjack-tournaments\/"},{"@type":"ListItem","position":3,"name":"Blackjack Tournament Strategy Basics"}]},{"@type":"WebSite","@id":"https:\/\/www.blackjackinfo.com\/#website","url":"https:\/\/www.blackjackinfo.com\/","name":"BlackjackInfo.com","description":"\u00a1Porque ganar es m\u00e1s divertido!","potentialAction":[{"@type":"SearchAction","target":{"@type":"EntryPoint","urlTemplate":"https:\/\/www.blackjackinfo.com\/?s={search_term_string}"},"query-input":{"@type":"PropertyValueSpecification","valueRequired":true,"valueName":"search_term_string"}}],"inLanguage":"es"}]}},"_links":{"self":[{"href":"https:\/\/www.blackjackinfo.com\/es\/wp-json\/wp\/v2\/pages\/1374","targetHints":{"allow":["GET"]}}],"collection":[{"href":"https:\/\/www.blackjackinfo.com\/es\/wp-json\/wp\/v2\/pages"}],"about":[{"href":"https:\/\/www.blackjackinfo.com\/es\/wp-json\/wp\/v2\/types\/page"}],"author":[{"embeddable":true,"href":"https:\/\/www.blackjackinfo.com\/es\/wp-json\/wp\/v2\/users\/2"}],"replies":[{"embeddable":true,"href":"https:\/\/www.blackjackinfo.com\/es\/wp-json\/wp\/v2\/comments?post=1374"}],"version-history":[{"count":3,"href":"https:\/\/www.blackjackinfo.com\/es\/wp-json\/wp\/v2\/pages\/1374\/revisions"}],"predecessor-version":[{"id":4585,"href":"https:\/\/www.blackjackinfo.com\/es\/wp-json\/wp\/v2\/pages\/1374\/revisions\/4585"}],"up":[{"embeddable":true,"href":"https:\/\/www.blackjackinfo.com\/es\/wp-json\/wp\/v2\/pages\/1052"}],"wp:attachment":[{"href":"https:\/\/www.blackjackinfo.com\/es\/wp-json\/wp\/v2\/media?parent=1374"}],"wp:term":[{"taxonomy":"post_tag","embeddable":true,"href":"https:\/\/www.blackjackinfo.com\/es\/wp-json\/wp\/v2\/tags?post=1374"}],"curies":[{"name":"wp","href":"https:\/\/api.w.org\/{rel}","templated":true}]}}