{"id":1378,"date":"2014-12-13T11:40:39","date_gmt":"2014-12-13T17:40:39","guid":{"rendered":"http:\/\/test.blackjackinfo.com\/?page_id=1378"},"modified":"2018-09-06T01:25:19","modified_gmt":"2018-09-06T06:25:19","slug":"apuestas-de-recuperacion","status":"publish","type":"page","link":"https:\/\/www.blackjackinfo.com\/es\/blackjack-tournaments\/catch-up-bets\/","title":{"rendered":"C\u00f3mo y cu\u00e1ndo hacer una apuesta de recuperaci\u00f3n"},"content":{"rendered":"<div class=\"bji-byline\">por <a href=\"\/ken-smith\/\">Kenneth R Smith<\/a>.<\/div>\n<p class=\"intro\">Es raro ganar una ronda de un torneo de blackjack sin tener que hacer una apuesta de recuperaci\u00f3n en alg\u00fan punto del camino. Decidir cu\u00e1ndo y c\u00f3mo alcanzar a los l\u00edderes en fichas de su mesa es, por tanto, la decisi\u00f3n m\u00e1s com\u00fan que debe tomar un jugador, pero tambi\u00e9n es una decisi\u00f3n en la que muchos jugadores cometen errores fundamentales. En este art\u00edculo veremos c\u00f3mo hacer la jugada correcta.<\/p>\n<p>En primer lugar, \u00bfc\u00f3mo decidir cu\u00e1ndo hacer su jugada? Si los l\u00edderes en fichas de su mesa todav\u00eda est\u00e1n dentro de una apuesta m\u00e1xima de su bankroll, normalmente puede permitirse esperar un poco y ver si siguen haciendo grandes apuestas. Si apuestan mucho, puede apostar poco y esperar que gane el crupier. Por supuesto, sus oponentes a menudo ampliar\u00e1n su ventaja en estas situaciones. A\u00fan as\u00ed, la mejor forma de atrapar a otro jugador es apostar en sentido contrario a ellos. Mientras eso tenga una posibilidad razonable de funcionar, deber\u00edas posponer cualquier jugada m\u00e1s arriesgada.<\/p>\n<p>Normalmente, de una forma u otra, esas peque\u00f1as apuestas de espera no servir\u00e1n. Si los l\u00edderes empiezan a apostar poco y usted todav\u00eda est\u00e1 a una apuesta m\u00e1xima de ellos, su mejor oportunidad es ganar una apuesta grande para tomar la delantera. Es mucho mejor intentar recuperar el liderato en una mano que esperar ganar varias de las siguientes manos con apuestas medianas. Si se encuentra varias apuestas m\u00e1ximas por detr\u00e1s del l\u00edder, necesitar\u00e1 tener suerte para alcanzarlo, ganando varias apuestas grandes. En esos casos, suele haber poca estrategia. Apueste fuerte y espere lo mejor.<\/p>\n<p>Si, por el contrario, puede lograr su objetivo con una apuesta, debe programar su apuesta para que tenga un efecto \u00f3ptimo. Suponiendo que le queden unas cuantas manos antes de la mano final, normalmente lo mejor es que espere a que el bot\u00f3n de la primera base le pase antes de hacer su apuesta de recuperaci\u00f3n. Poder ver todas las apuestas de sus oponentes antes de hacer su apuesta grande le permite apostar lo suficiente para tomar la delantera, y no m\u00e1s. Si se ve obligado a hacer su apuesta de recuperaci\u00f3n desde otra posici\u00f3n, tendr\u00e1 que adivinar lo que probablemente apuesten sus adversarios. Peor a\u00fan, sus oponentes pueden f\u00e1cilmente marginar su apuesta una vez que vean que est\u00e1 tomando la delantera.<\/p>\n<p>A veces no puede permitirse el lujo de esperar a que pase el bot\u00f3n. En esos casos, debe intentar adivinar lo que sus oponentes apostar\u00e1n detr\u00e1s de usted. Si ha estado prestando atenci\u00f3n a sus apuestas todo el tiempo, puede que haya captado el tama\u00f1o de su apuesta \"favorita\". Es una informaci\u00f3n valiosa.<\/p>\n<p>Ahora bien, \u00bfcu\u00e1nto apostar? Veamos un ejemplo.<\/p>\n<table class=\"data-table\">\n<tbody>\n<tr>\n<td>Asiento 1:<\/td>\n<td>Fondos $850<\/td>\n<td>Apuesta $10<\/td>\n<\/tr>\n<tr>\n<td>Asiento 2:<\/td>\n<td>Fondos $550<\/td>\n<td>Apuesta $100<\/td>\n<\/tr>\n<tr>\n<td>Asiento 3:<\/td>\n<td>Fondos $320<\/td>\n<td>Apuesta $60<\/td>\n<\/tr>\n<tr>\n<td>Asiento 4 (T\u00fa):<\/td>\n<td>Fondos $520<\/td>\n<td>\u00bfApuestas?<\/td>\n<\/tr>\n<\/tbody>\n<\/table>\n<p>Supongamos que quedan 5 manos y que los l\u00edmites de apuesta son de $5 a $500.<\/p>\n<p>El l\u00edder tiene $850, que es una ventaja considerable de $330 sobre tu $520. Dado que el l\u00edder ha hecho una apuesta peque\u00f1a, \u00e9ste es un buen momento para arriesgar una apuesta grande. \u00bfCu\u00e1nto deber\u00edas apostar? He visto jugadores que apostaban $335 aqu\u00ed, apostando su d\u00e9ficit m\u00e1s una ficha. Eso est\u00e1 bien si el l\u00edder empuja o pierde esta mano mientras t\u00fa ganas, pero no es el resultado m\u00e1s com\u00fan. Si ganas, es probable que el l\u00edder tambi\u00e9n gane, ya que ambos est\u00e1is jugando contra las mismas cartas del crupier.<\/p>\n<p>Una apuesta mejor es $345, de modo que si ambos ganan, sigues ganando por $5. Pero a\u00fan puede hacerlo mejor. Como el l\u00edder ha apostado tan poco, puedes cubrir f\u00e1cilmente otros posibles problemas. Si el l\u00edder consigue un blackjack, o un double down, la apuesta de $345 se queda corta. \u00bfPor qu\u00e9 no a\u00f1adir algunas fichas m\u00e1s para cubrir esas posibilidades?<\/p>\n<p>En general, si puede cubrir la apuesta doble de un oponente con unas pocas fichas m\u00e1s, h\u00e1galo. Aqu\u00ed me gusta una apuesta de $355, y tambi\u00e9n podr\u00eda considerar $365 o $375. Estas cantidades cubren m\u00faltiples splits o dobles despu\u00e9s del split. Sin embargo, es poco probable que un oponente gane m\u00e1s del doble de su apuesta inicial, por lo que $355 es probablemente mi elecci\u00f3n a menos que me sobren fichas.<\/p>\n<p>Ahora, cambiemos una parte clave de nuestro ejemplo. Supongamos que se trata de la pen\u00faltima mano de la ronda. \u00bfCu\u00e1l es la mejor apuesta? No es lo mismo, porque el valor de tus fichas no apostadas es muy diferente ahora. Si pierdes una apuesta de $355, s\u00f3lo te queda $165. $165 es in\u00fatil en la mano final, a menos que tus oponentes cometan realmente un gran error. Si perder una apuesta te deja en una situaci\u00f3n desesperada, deber\u00edas hacer una apuesta m\u00e1xima. Su mejor apuesta en la pen\u00faltima mano es una apuesta m\u00e1xima de $500. Si tienes que ganar la mano para tener una oportunidad, lo mejor es que te paguen lo m\u00e1ximo posible por ello. Las fichas extra que ganes pueden ser decisivas en la \u00faltima mano.<\/p>\n<p>Nos vemos en las mesas,<br \/>\n-Ken-<\/p>\n<hr \/>\n<p>Para m\u00e1s art\u00edculos sobre torneos de blackjack y estrategia de torneos, puedes:<br \/>\nVolver a la <a href=\"\/blackjack-tournaments\/\">Secci\u00f3n Torneos de Blackjack<\/a>o<br \/>\nPasar al siguiente art\u00edculo <a href=\"\/blackjack-tournament\/free-hits\/\">Golpes Gratis en el Blackjack de Torneo<\/a>.<\/p>","protected":false},"excerpt":{"rendered":"<p>by Kenneth R Smith. It is rare to win a blackjack tournament round without having to make a catch-up bet somewhere along the way. Deciding when and how to catch the chip leaders at your table is therefore the most common decision a player must make, but it&#8217;s also a decision where many players make [&hellip;]<\/p>\n","protected":false},"author":2,"featured_media":0,"parent":1052,"menu_order":4,"comment_status":"open","ping_status":"closed","template":"page-with-sidebar.php","meta":{"_acf_changed":false,"footnotes":""},"tags":[],"class_list":["post-1378","page","type-page","status-publish","hentry"],"acf":[],"yoast_head":"<!-- This site is optimized with the Yoast SEO plugin v26.6 - https:\/\/yoast.com\/wordpress\/plugins\/seo\/ -->\n<title>How and When to Make a Catch-Up Bet<\/title>\n<meta name=\"description\" content=\"When you need to catch the leaders in a blackjack tournament round, Ken Smith shows how to time your bet for maximum effectiveness.\" \/>\n<meta name=\"robots\" content=\"index, follow, max-snippet:-1, max-image-preview:large, max-video-preview:-1\" \/>\n<link rel=\"canonical\" href=\"https:\/\/www.blackjackinfo.com\/es\/torneos-de-blackjack\/apuestas-de-recuperacion\/\" \/>\n<meta property=\"og:locale\" content=\"es_ES\" \/>\n<meta property=\"og:type\" content=\"article\" \/>\n<meta property=\"og:title\" content=\"How and When to Make a Catch-Up Bet\" \/>\n<meta property=\"og:description\" content=\"When you need to catch the leaders in a blackjack tournament round, Ken Smith shows how to time your bet for maximum effectiveness.\" \/>\n<meta property=\"og:url\" content=\"https:\/\/www.blackjackinfo.com\/es\/torneos-de-blackjack\/apuestas-de-recuperacion\/\" \/>\n<meta property=\"og:site_name\" content=\"BlackjackInfo.com\" \/>\n<meta property=\"article:modified_time\" content=\"2018-09-06T06:25:19+00:00\" \/>\n<meta name=\"twitter:label1\" content=\"Tiempo de lectura\" \/>\n\t<meta name=\"twitter:data1\" content=\"4 minutos\" \/>\n<script type=\"application\/ld+json\" class=\"yoast-schema-graph\">{\"@context\":\"https:\/\/schema.org\",\"@graph\":[{\"@type\":\"WebPage\",\"@id\":\"https:\/\/www.blackjackinfo.com\/blackjack-tournaments\/catch-up-bets\/\",\"url\":\"https:\/\/www.blackjackinfo.com\/blackjack-tournaments\/catch-up-bets\/\",\"name\":\"How and When to Make a Catch-Up Bet\",\"isPartOf\":{\"@id\":\"https:\/\/www.blackjackinfo.com\/#website\"},\"datePublished\":\"2014-12-13T17:40:39+00:00\",\"dateModified\":\"2018-09-06T06:25:19+00:00\",\"description\":\"When you need to catch the leaders in a blackjack tournament round, Ken Smith shows how to time your bet for maximum effectiveness.\",\"breadcrumb\":{\"@id\":\"https:\/\/www.blackjackinfo.com\/blackjack-tournaments\/catch-up-bets\/#breadcrumb\"},\"inLanguage\":\"es\",\"potentialAction\":[{\"@type\":\"ReadAction\",\"target\":[\"https:\/\/www.blackjackinfo.com\/blackjack-tournaments\/catch-up-bets\/\"]}]},{\"@type\":\"BreadcrumbList\",\"@id\":\"https:\/\/www.blackjackinfo.com\/blackjack-tournaments\/catch-up-bets\/#breadcrumb\",\"itemListElement\":[{\"@type\":\"ListItem\",\"position\":1,\"name\":\"Home\",\"item\":\"https:\/\/www.blackjackinfo.com\/\"},{\"@type\":\"ListItem\",\"position\":2,\"name\":\"Blackjack Tournament Strategy\",\"item\":\"https:\/\/www.blackjackinfo.com\/blackjack-tournaments\/\"},{\"@type\":\"ListItem\",\"position\":3,\"name\":\"How and When to Make a Catch-Up Bet\"}]},{\"@type\":\"WebSite\",\"@id\":\"https:\/\/www.blackjackinfo.com\/#website\",\"url\":\"https:\/\/www.blackjackinfo.com\/\",\"name\":\"BlackjackInfo.com\",\"description\":\"Because Winning is More Fun!\",\"potentialAction\":[{\"@type\":\"SearchAction\",\"target\":{\"@type\":\"EntryPoint\",\"urlTemplate\":\"https:\/\/www.blackjackinfo.com\/?s={search_term_string}\"},\"query-input\":{\"@type\":\"PropertyValueSpecification\",\"valueRequired\":true,\"valueName\":\"search_term_string\"}}],\"inLanguage\":\"es\"}]}<\/script>\n<!-- \/ Yoast SEO plugin. -->","yoast_head_json":{"title":"C\u00f3mo y cu\u00e1ndo hacer una apuesta de recuperaci\u00f3n","description":"Cuando necesites atrapar a los l\u00edderes en una ronda de torneo de blackjack, Ken Smith te muestra c\u00f3mo medir el tiempo de tu apuesta para conseguir la m\u00e1xima efectividad.","robots":{"index":"index","follow":"follow","max-snippet":"max-snippet:-1","max-image-preview":"max-image-preview:large","max-video-preview":"max-video-preview:-1"},"canonical":"https:\/\/www.blackjackinfo.com\/es\/torneos-de-blackjack\/apuestas-de-recuperacion\/","og_locale":"es_ES","og_type":"article","og_title":"How and When to Make a Catch-Up Bet","og_description":"When you need to catch the leaders in a blackjack tournament round, Ken Smith shows how to time your bet for maximum effectiveness.","og_url":"https:\/\/www.blackjackinfo.com\/es\/torneos-de-blackjack\/apuestas-de-recuperacion\/","og_site_name":"BlackjackInfo.com","article_modified_time":"2018-09-06T06:25:19+00:00","twitter_misc":{"Tiempo de lectura":"4 minutos"},"schema":{"@context":"https:\/\/schema.org","@graph":[{"@type":"WebPage","@id":"https:\/\/www.blackjackinfo.com\/blackjack-tournaments\/catch-up-bets\/","url":"https:\/\/www.blackjackinfo.com\/blackjack-tournaments\/catch-up-bets\/","name":"C\u00f3mo y cu\u00e1ndo hacer una apuesta de recuperaci\u00f3n","isPartOf":{"@id":"https:\/\/www.blackjackinfo.com\/#website"},"datePublished":"2014-12-13T17:40:39+00:00","dateModified":"2018-09-06T06:25:19+00:00","description":"Cuando necesites atrapar a los l\u00edderes en una ronda de torneo de blackjack, Ken Smith te muestra c\u00f3mo medir el tiempo de tu apuesta para conseguir la m\u00e1xima efectividad.","breadcrumb":{"@id":"https:\/\/www.blackjackinfo.com\/blackjack-tournaments\/catch-up-bets\/#breadcrumb"},"inLanguage":"es","potentialAction":[{"@type":"ReadAction","target":["https:\/\/www.blackjackinfo.com\/blackjack-tournaments\/catch-up-bets\/"]}]},{"@type":"BreadcrumbList","@id":"https:\/\/www.blackjackinfo.com\/blackjack-tournaments\/catch-up-bets\/#breadcrumb","itemListElement":[{"@type":"ListItem","position":1,"name":"Home","item":"https:\/\/www.blackjackinfo.com\/"},{"@type":"ListItem","position":2,"name":"Blackjack Tournament Strategy","item":"https:\/\/www.blackjackinfo.com\/blackjack-tournaments\/"},{"@type":"ListItem","position":3,"name":"How and When to Make a Catch-Up Bet"}]},{"@type":"WebSite","@id":"https:\/\/www.blackjackinfo.com\/#website","url":"https:\/\/www.blackjackinfo.com\/","name":"BlackjackInfo.com","description":"\u00a1Porque ganar es m\u00e1s divertido!","potentialAction":[{"@type":"SearchAction","target":{"@type":"EntryPoint","urlTemplate":"https:\/\/www.blackjackinfo.com\/?s={search_term_string}"},"query-input":{"@type":"PropertyValueSpecification","valueRequired":true,"valueName":"search_term_string"}}],"inLanguage":"es"}]}},"_links":{"self":[{"href":"https:\/\/www.blackjackinfo.com\/es\/wp-json\/wp\/v2\/pages\/1378","targetHints":{"allow":["GET"]}}],"collection":[{"href":"https:\/\/www.blackjackinfo.com\/es\/wp-json\/wp\/v2\/pages"}],"about":[{"href":"https:\/\/www.blackjackinfo.com\/es\/wp-json\/wp\/v2\/types\/page"}],"author":[{"embeddable":true,"href":"https:\/\/www.blackjackinfo.com\/es\/wp-json\/wp\/v2\/users\/2"}],"replies":[{"embeddable":true,"href":"https:\/\/www.blackjackinfo.com\/es\/wp-json\/wp\/v2\/comments?post=1378"}],"version-history":[{"count":7,"href":"https:\/\/www.blackjackinfo.com\/es\/wp-json\/wp\/v2\/pages\/1378\/revisions"}],"predecessor-version":[{"id":4587,"href":"https:\/\/www.blackjackinfo.com\/es\/wp-json\/wp\/v2\/pages\/1378\/revisions\/4587"}],"up":[{"embeddable":true,"href":"https:\/\/www.blackjackinfo.com\/es\/wp-json\/wp\/v2\/pages\/1052"}],"wp:attachment":[{"href":"https:\/\/www.blackjackinfo.com\/es\/wp-json\/wp\/v2\/media?parent=1378"}],"wp:term":[{"taxonomy":"post_tag","embeddable":true,"href":"https:\/\/www.blackjackinfo.com\/es\/wp-json\/wp\/v2\/tags?post=1378"}],"curies":[{"name":"wp","href":"https:\/\/api.w.org\/{rel}","templated":true}]}}